{"id":26209,"date":"2023-05-16T10:54:44","date_gmt":"2023-05-16T09:54:44","guid":{"rendered":"https:\/\/capotex.com\/blech-mit-selbstschneidender-schraube\/"},"modified":"2024-07-18T16:21:55","modified_gmt":"2024-07-18T15:21:55","slug":"seitenschutz-fur-forderbander","status":"publish","type":"page","link":"https:\/\/www.capotex.com\/de\/seitliche-schutzvorrichtungen-fur-foerderband\/seitenschutz-fur-forderbander\/","title":{"rendered":"Blech mit selbstschneidender Schraube"},"content":{"rendered":"\t\t<div data-elementor-type=\"wp-page\" data-elementor-id=\"26209\" class=\"elementor elementor-26209 elementor-1745\" data-elementor-post-type=\"page\">\n\t\t\t\t<div class=\"elementor-element elementor-element-b1b8695 e-flex e-con-boxed e-con e-parent\" data-id=\"b1b8695\" data-element_type=\"container\" data-e-type=\"container\">\n\t\t\t\t\t<div class=\"e-con-inner\">\n\t\t\t\t<div class=\"elementor-element elementor-element-43eae4b elementor-widget elementor-widget-heading\" data-id=\"43eae4b\" data-element_type=\"widget\" data-e-type=\"widget\" data-widget_type=\"heading.default\">\n\t\t\t\t<div class=\"elementor-widget-container\">\n\t\t\t\t\t<h1 class=\"elementor-heading-title elementor-size-default\">Seitenschutz f\u00fcr F\u00f6rderb\u00e4nder<\/h1>\t\t\t\t<\/div>\n\t\t\t\t<\/div>\n\t\t\t\t<div class=\"elementor-element elementor-element-af37d4c elementor-widget elementor-widget-heading\" data-id=\"af37d4c\" data-element_type=\"widget\" data-e-type=\"widget\" data-widget_type=\"heading.default\">\n\t\t\t\t<div class=\"elementor-widget-container\">\n\t\t\t\t\t<h2 class=\"elementor-heading-title elementor-size-default\">Schutzblech f\u00fcr das F\u00f6rderband mit selbstschneidender Schraube (P1)<\/h2>\t\t\t\t<\/div>\n\t\t\t\t<\/div>\n\t\t\t\t\t<\/div>\n\t\t\t\t<\/div>\n\t\t<div class=\"elementor-element elementor-element-0dd3b98 e-flex e-con-boxed e-con e-parent\" data-id=\"0dd3b98\" data-element_type=\"container\" data-e-type=\"container\">\n\t\t\t\t\t<div class=\"e-con-inner\">\n\t\t\t\t<div class=\"elementor-element elementor-element-9bc6936 elementor-widget elementor-widget-image\" data-id=\"9bc6936\" data-element_type=\"widget\" data-e-type=\"widget\" data-widget_type=\"image.default\">\n\t\t\t\t<div class=\"elementor-widget-container\">\n\t\t\t\t\t\t\t\t\t\t\t\t\t\t\t\t<a href=\"https:\/\/www.capotex.com\/wp-content\/uploads\/2024\/07\/Seitenschutz-fur-Forderbander.jpg\" data-elementor-open-lightbox=\"yes\" data-elementor-lightbox-title=\"Seitenschutz f\u00fcr F\u00f6rderb\u00e4nder\" data-elementor-lightbox-description=\"Seitenschutz f\u00fcr F\u00f6rderb\u00e4nder\" data-e-action-hash=\"#elementor-action%3Aaction%3Dlightbox%26settings%3DeyJpZCI6MzUxNTcsInVybCI6Imh0dHBzOlwvXC93d3cuY2Fwb3RleC5jb21cL3dwLWNvbnRlbnRcL3VwbG9hZHNcLzIwMjRcLzA3XC9TZWl0ZW5zY2h1dHotZnVyLUZvcmRlcmJhbmRlci5qcGcifQ%3D%3D\">\n\t\t\t\t\t\t\t<img fetchpriority=\"high\" decoding=\"async\" width=\"550\" height=\"400\" src=\"https:\/\/www.capotex.com\/wp-content\/uploads\/2024\/07\/Seitenschutz-fur-Forderbander.jpg\" class=\"attachment-large size-large wp-image-35157\" alt=\"Seitenschutz f\u00fcr F\u00f6rderb\u00e4nder\" srcset=\"https:\/\/www.capotex.com\/wp-content\/uploads\/2024\/07\/Seitenschutz-fur-Forderbander.jpg 550w, https:\/\/www.capotex.com\/wp-content\/uploads\/2024\/07\/Seitenschutz-fur-Forderbander-300x218.jpg 300w\" sizes=\"(max-width: 550px) 100vw, 550px\" \/>\t\t\t\t\t\t\t\t<\/a>\n\t\t\t\t\t\t\t\t\t\t\t\t\t\t\t<\/div>\n\t\t\t\t<\/div>\n\t\t\t\t\t<\/div>\n\t\t\t\t<\/div>\n\t\t<div class=\"elementor-element elementor-element-ec278c0 e-flex e-con-boxed e-con e-parent\" data-id=\"ec278c0\" data-element_type=\"container\" data-e-type=\"container\">\n\t\t\t\t\t<div class=\"e-con-inner\">\n\t\t<div class=\"elementor-element elementor-element-09b659c e-con-full e-flex e-con e-child\" data-id=\"09b659c\" data-element_type=\"container\" data-e-type=\"container\">\n\t\t\t\t<div class=\"elementor-element elementor-element-addcf09 elementor-widget elementor-widget-text-editor\" data-id=\"addcf09\" data-element_type=\"widget\" data-e-type=\"widget\" data-widget_type=\"text-editor.default\">\n\t\t\t\t<div class=\"elementor-widget-container\">\n\t\t\t\t\t\t\t\t\t<p><strong>Merkmale:<\/strong><\/p>\n<ul>\n<li>Sie gew\u00e4hrleisten die Koh\u00e4renz und Einhaltung der <strong>Vorschriften<\/strong>.<\/li>\n<li>Dank der Innovation ihrer ma\u00dfgeschneiderten L\u00f6sungen gew\u00e4hrleisten sie eine korrekte Installation.<\/li>\n<li>Sie ist eine der <strong>wirtschaftlichsten<\/strong> Optionen f\u00fcr den oberen Seitenschutz.<\/li>\n<li>Obwohl es sich um eine feststehende Schutzeinrichtung handelt, kann sie f\u00fcr Wartungsarbeiten <strong>demontiert<\/strong> werden.<\/li>\n<li>Dieser Schutz wird an einen Pfosten geschraubt, der mit dem Rahmen verschraubt ist.<\/li>\n<\/ul>\n\t\t\t\t\t\t\t\t<\/div>\n\t\t\t\t<\/div>\n\t\t\t\t<\/div>\n\t\t<div class=\"elementor-element elementor-element-3685eb2 e-con-full e-flex e-con e-child\" data-id=\"3685eb2\" data-element_type=\"container\" data-e-type=\"container\">\n\t\t\t\t<div class=\"elementor-element elementor-element-5687e99 elementor-widget elementor-widget-text-editor\" data-id=\"5687e99\" data-element_type=\"widget\" data-e-type=\"widget\" data-widget_type=\"text-editor.default\">\n\t\t\t\t<div class=\"elementor-widget-container\">\n\t\t\t\t\t\t\t\t\t<p><strong>Materialien:<\/strong><\/p>\n<ul>\n<li>ZM 300-310<\/li>\n<li>Verzinkter Stahl<\/li>\n<li>Vorlackierter Stahl<\/li>\n<li>HPS 200 Hochleistungsstahl<\/li>\n<li>Rostfreier Stahl 304<\/li>\n<li>Rostfreier Stahl 316<\/li>\n<li>Faserverst\u00e4rktes Polyester<\/li>\n<li>Aluminium<\/li>\n<\/ul>\n\t\t\t\t\t\t\t\t<\/div>\n\t\t\t\t<\/div>\n\t\t\t\t<\/div>\n\t\t<div class=\"elementor-element elementor-element-07510ac e-con-full e-flex e-con e-child\" data-id=\"07510ac\" data-element_type=\"container\" data-e-type=\"container\">\n\t\t\t\t<div class=\"elementor-element elementor-element-227c82e elementor-widget elementor-widget-text-editor\" data-id=\"227c82e\" data-element_type=\"widget\" data-e-type=\"widget\" data-widget_type=\"text-editor.default\">\n\t\t\t\t<div class=\"elementor-widget-container\">\n\t\t\t\t\t\t\t\t\t<p><strong>Technische Daten:<\/strong><\/p>\n<ul>\n<li><strong>L\u00e4nge<\/strong> in maximalen Abschnitten bis zu 3 Metern.<\/li>\n<li><strong>H\u00f6he<\/strong> bis zu 0,8 Meter.<\/li>\n<li><strong>Systemgewicht<\/strong> 6,5 kg \/ Meter.<\/li>\n<\/ul>\n\t\t\t\t\t\t\t\t<\/div>\n\t\t\t\t<\/div>\n\t\t\t\t<\/div>\n\t\t\t\t\t<\/div>\n\t\t\t\t<\/div>\n\t\t<div class=\"elementor-element elementor-element-a726499 e-flex e-con-boxed e-con e-parent\" data-id=\"a726499\" data-element_type=\"container\" data-e-type=\"container\">\n\t\t\t\t\t<div class=\"e-con-inner\">\n\t\t\t\t<div class=\"elementor-element elementor-element-4ca479a elementor-widget elementor-widget-image\" data-id=\"4ca479a\" data-element_type=\"widget\" data-e-type=\"widget\" data-widget_type=\"image.default\">\n\t\t\t\t<div class=\"elementor-widget-container\">\n\t\t\t\t\t\t\t\t\t\t\t\t\t\t\t\t<a href=\"https:\/\/www.capotex.com\/wp-content\/uploads\/2024\/03\/P-1_METAL-SHEET-German.pdf\" target=\"_blank\">\n\t\t\t\t\t\t\t<img decoding=\"async\" width=\"793\" height=\"560\" src=\"https:\/\/www.capotex.com\/wp-content\/uploads\/2024\/03\/P-1_Metal_Sheet_German.jpg\" class=\"attachment-full size-full wp-image-32458\" alt=\"Seitenschutz f\u00fcr Transportb\u00e4nder\" srcset=\"https:\/\/www.capotex.com\/wp-content\/uploads\/2024\/03\/P-1_Metal_Sheet_German.jpg 793w, https:\/\/www.capotex.com\/wp-content\/uploads\/2024\/03\/P-1_Metal_Sheet_German-300x212.jpg 300w, https:\/\/www.capotex.com\/wp-content\/uploads\/2024\/03\/P-1_Metal_Sheet_German-768x542.jpg 768w\" sizes=\"(max-width: 793px) 100vw, 793px\" \/>\t\t\t\t\t\t\t\t<\/a>\n\t\t\t\t\t\t\t\t\t\t\t\t\t\t\t<\/div>\n\t\t\t\t<\/div>\n\t\t\t\t<div class=\"elementor-element elementor-element-c254ce5 elementor-widget elementor-widget-text-editor\" data-id=\"c254ce5\" data-element_type=\"widget\" data-e-type=\"widget\" data-widget_type=\"text-editor.default\">\n\t\t\t\t<div class=\"elementor-widget-container\">\n\t\t\t\t\t\t\t\t\t<p style=\"text-align: center;\"><a href=\"https:\/\/www.capotex.com\/wp-content\/uploads\/2024\/03\/P-1_METAL-SHEET-German.pdf\" target=\"_blank\" rel=\"noopener\"><em>Download P-1 Blechplan in pdf<\/em><\/a><\/p>\t\t\t\t\t\t\t\t<\/div>\n\t\t\t\t<\/div>\n\t\t\t\t\t<\/div>\n\t\t\t\t<\/div>\n\t\t\t\t<\/div>\n\t\t","protected":false},"excerpt":{"rendered":"<p>Seitenschutz f\u00fcr F\u00f6rderb\u00e4nder Schutzblech f\u00fcr das F\u00f6rderband mit selbstschneidender Schraube (P1) Merkmale: Sie gew\u00e4hrleisten die Koh\u00e4renz und Einhaltung der Vorschriften. Dank der Innovation ihrer ma\u00dfgeschneiderten L\u00f6sungen gew\u00e4hrleisten sie eine korrekte Installation. Sie ist eine der wirtschaftlichsten Optionen f\u00fcr den oberen Seitenschutz. Obwohl es sich um eine feststehende Schutzeinrichtung handelt, kann sie f\u00fcr Wartungsarbeiten demontiert werden. [&hellip;]<\/p>\n","protected":false},"author":1,"featured_media":1593,"parent":26252,"menu_order":40,"comment_status":"closed","ping_status":"closed","template":"","meta":{"_joinchat":[],"footnotes":""},"tags":[60],"class_list":["post-26209","page","type-page","status-publish","has-post-thumbnail","hentry","tag-chargebelt-de"],"_links":{"self":[{"href":"https:\/\/www.capotex.com\/de\/wp-json\/wp\/v2\/pages\/26209","targetHints":{"allow":["GET"]}}],"collection":[{"href":"https:\/\/www.capotex.com\/de\/wp-json\/wp\/v2\/pages"}],"about":[{"href":"https:\/\/www.capotex.com\/de\/wp-json\/wp\/v2\/types\/page"}],"author":[{"embeddable":true,"href":"https:\/\/www.capotex.com\/de\/wp-json\/wp\/v2\/users\/1"}],"replies":[{"embeddable":true,"href":"https:\/\/www.capotex.com\/de\/wp-json\/wp\/v2\/comments?post=26209"}],"version-history":[{"count":8,"href":"https:\/\/www.capotex.com\/de\/wp-json\/wp\/v2\/pages\/26209\/revisions"}],"predecessor-version":[{"id":35163,"href":"https:\/\/www.capotex.com\/de\/wp-json\/wp\/v2\/pages\/26209\/revisions\/35163"}],"up":[{"embeddable":true,"href":"https:\/\/www.capotex.com\/de\/wp-json\/wp\/v2\/pages\/26252"}],"wp:featuredmedia":[{"embeddable":true,"href":"https:\/\/www.capotex.com\/de\/wp-json\/wp\/v2\/media\/1593"}],"wp:attachment":[{"href":"https:\/\/www.capotex.com\/de\/wp-json\/wp\/v2\/media?parent=26209"}],"wp:term":[{"taxonomy":"post_tag","embeddable":true,"href":"https:\/\/www.capotex.com\/de\/wp-json\/wp\/v2\/tags?post=26209"}],"curies":[{"name":"wp","href":"https:\/\/api.w.org\/{rel}","templated":true}]}}