{"id":26213,"date":"2023-04-27T08:50:07","date_gmt":"2023-04-27T07:50:07","guid":{"rendered":"https:\/\/capotex.com\/abdeckungen-fuer-gurtfoerderer\/"},"modified":"2025-01-15T09:42:52","modified_gmt":"2025-01-15T08:42:52","slug":"abdeckhauben-fuer-gurtfoerderer","status":"publish","type":"page","link":"https:\/\/www.capotex.com\/de\/","title":{"rendered":"Abdeckhauben f\u00fcr F\u00f6rderb\u00e4nder"},"content":{"rendered":"\t\t<div data-elementor-type=\"wp-page\" data-elementor-id=\"26213\" class=\"elementor elementor-26213 elementor-13\" data-elementor-post-type=\"page\">\n\t\t\t\t<div class=\"elementor-element elementor-element-a0d2300 e-flex e-con-boxed e-con e-parent\" data-id=\"a0d2300\" data-element_type=\"container\" data-e-type=\"container\">\n\t\t\t\t\t<div class=\"e-con-inner\">\n\t\t<div class=\"elementor-element elementor-element-4b97e4c e-flex e-con-boxed e-con e-child\" data-id=\"4b97e4c\" data-element_type=\"container\" data-e-type=\"container\">\n\t\t\t\t\t<div class=\"e-con-inner\">\n\t\t\t\t<div class=\"elementor-element elementor-element-e564c41 elementor-widget__width-inherit elementor-widget elementor-widget-image\" data-id=\"e564c41\" data-element_type=\"widget\" data-e-type=\"widget\" data-widget_type=\"image.default\">\n\t\t\t\t<div class=\"elementor-widget-container\">\n\t\t\t\t\t\t\t\t\t\t\t\t\t\t\t<img fetchpriority=\"high\" decoding=\"async\" width=\"1900\" height=\"1086\" src=\"https:\/\/www.capotex.com\/wp-content\/uploads\/2023\/04\/Conveyor-Belt-Covers-Zero-Emissions-Capotex.jpg\" class=\"attachment-full size-full wp-image-27\" alt=\"Conve\" srcset=\"https:\/\/www.capotex.com\/wp-content\/uploads\/2023\/04\/Conveyor-Belt-Covers-Zero-Emissions-Capotex.jpg 1900w, https:\/\/www.capotex.com\/wp-content\/uploads\/2023\/04\/Conveyor-Belt-Covers-Zero-Emissions-Capotex-300x171.jpg 300w, https:\/\/www.capotex.com\/wp-content\/uploads\/2023\/04\/Conveyor-Belt-Covers-Zero-Emissions-Capotex-1024x585.jpg 1024w, https:\/\/www.capotex.com\/wp-content\/uploads\/2023\/04\/Conveyor-Belt-Covers-Zero-Emissions-Capotex-768x439.jpg 768w, https:\/\/www.capotex.com\/wp-content\/uploads\/2023\/04\/Conveyor-Belt-Covers-Zero-Emissions-Capotex-1536x878.jpg 1536w\" sizes=\"(max-width: 1900px) 100vw, 1900px\" \/>\t\t\t\t\t\t\t\t\t\t\t\t\t\t\t<\/div>\n\t\t\t\t<\/div>\n\t\t\t\t\t<\/div>\n\t\t\t\t<\/div>\n\t\t\t\t\t<\/div>\n\t\t\t\t<\/div>\n\t\t<div class=\"elementor-element elementor-element-b62f179 e-flex e-con-boxed e-con e-parent\" data-id=\"b62f179\" data-element_type=\"container\" data-e-type=\"container\">\n\t\t\t\t\t<div class=\"e-con-inner\">\n\t\t\t\t<div class=\"elementor-element elementor-element-8db7171 elementor-headline--style-rotate elementor-hidden-mobile elementor-widget elementor-widget-animated-headline\" data-id=\"8db7171\" data-element_type=\"widget\" data-e-type=\"widget\" data-settings=\"{&quot;rotating_text&quot;:&quot;entworfene\\nhergestellte&quot;,&quot;headline_style&quot;:&quot;rotate&quot;,&quot;animation_type&quot;:&quot;drop-in&quot;,&quot;rotate_iteration_delay&quot;:1500,&quot;loop&quot;:&quot;yes&quot;}\" data-widget_type=\"animated-headline.default\">\n\t\t\t\t<div class=\"elementor-widget-container\">\n\t\t\t\t\t\t\t<h3 class=\"elementor-headline elementor-headline-animation-type-drop-in\">\n\t\t\t\t\t<span class=\"elementor-headline-plain-text elementor-headline-text-wrapper\">Abdeckhauben<\/span>\n\t\t\t\t<span class=\"elementor-headline-dynamic-wrapper elementor-headline-text-wrapper\">\n\t\t\t\t\t<span class=\"elementor-headline-dynamic-text elementor-headline-text-active\">\n\t\t\t\tentworfene\t\t\t<\/span>\n\t\t\t\t\t<span class=\"elementor-headline-dynamic-text\">\n\t\t\t\thergestellte\t\t\t<\/span>\n\t\t\t\t\t\t<\/span>\n\t\t\t\t\t<span class=\"elementor-headline-plain-text elementor-headline-text-wrapper\"> f\u00fcr jedes Projekt<\/span>\n\t\t\t\t\t<\/h3>\n\t\t\t\t\t\t<\/div>\n\t\t\t\t<\/div>\n\t\t\t\t<div class=\"elementor-element elementor-element-fbc6e08 elementor-hidden-desktop elementor-hidden-tablet elementor-widget elementor-widget-heading\" data-id=\"fbc6e08\" data-element_type=\"widget\" data-e-type=\"widget\" data-widget_type=\"heading.default\">\n\t\t\t\t<div class=\"elementor-widget-container\">\n\t\t\t\t\t<h2 class=\"elementor-heading-title elementor-size-default\">F\u00fcr jedes Projekt entworfene und hergestellte Abdeckhauben<\/h2>\t\t\t\t<\/div>\n\t\t\t\t<\/div>\n\t\t\t\t\t<\/div>\n\t\t\t\t<\/div>\n\t\t<div class=\"elementor-element elementor-element-e1e1b49 e-flex e-con-boxed e-con e-parent\" data-id=\"e1e1b49\" data-element_type=\"container\" data-e-type=\"container\">\n\t\t\t\t\t<div class=\"e-con-inner\">\n\t\t<div class=\"elementor-element elementor-element-164d1c2 e-con-full e-flex e-con e-child\" data-id=\"164d1c2\" data-element_type=\"container\" data-e-type=\"container\">\n\t\t\t\t<div class=\"elementor-element elementor-element-6769c72 elementor-widget elementor-widget-heading\" data-id=\"6769c72\" data-element_type=\"widget\" data-e-type=\"widget\" data-widget_type=\"heading.default\">\n\t\t\t\t<div class=\"elementor-widget-container\">\n\t\t\t\t\t<h2 class=\"elementor-heading-title elementor-size-default\">Warum Capotex?<\/h2>\t\t\t\t<\/div>\n\t\t\t\t<\/div>\n\t\t\t\t<\/div>\n\t\t\t\t\t<\/div>\n\t\t\t\t<\/div>\n\t\t<div class=\"elementor-element elementor-element-1616540 e-flex e-con-boxed e-con e-parent\" data-id=\"1616540\" data-element_type=\"container\" data-e-type=\"container\">\n\t\t\t\t\t<div class=\"e-con-inner\">\n\t\t<div class=\"elementor-element elementor-element-c1c1980 e-con-full e-flex e-con e-child\" data-id=\"c1c1980\" data-element_type=\"container\" data-e-type=\"container\" data-settings=\"{&quot;background_background&quot;:&quot;classic&quot;}\">\n\t\t\t\t<div class=\"elementor-element elementor-element-a30f94e elementor-widget elementor-widget-image\" data-id=\"a30f94e\" data-element_type=\"widget\" data-e-type=\"widget\" data-widget_type=\"image.default\">\n\t\t\t\t<div class=\"elementor-widget-container\">\n\t\t\t\t\t\t\t\t\t\t\t\t\t\t\t\t<a href=\"https:\/\/www.capotex.com\/de\/produkte\/\">\n\t\t\t\t\t\t\t<img decoding=\"async\" width=\"1024\" height=\"450\" src=\"https:\/\/www.capotex.com\/wp-content\/uploads\/2024\/04\/Abdeckhauben-fur-Forderbander-1.webp\" class=\"attachment-full size-full wp-image-32844\" alt=\"Abdeckhauben f\u00fcr F\u00f6rderb\u00e4nder\" srcset=\"https:\/\/www.capotex.com\/wp-content\/uploads\/2024\/04\/Abdeckhauben-fur-Forderbander-1.webp 1024w, https:\/\/www.capotex.com\/wp-content\/uploads\/2024\/04\/Abdeckhauben-fur-Forderbander-1-300x132.webp 300w, https:\/\/www.capotex.com\/wp-content\/uploads\/2024\/04\/Abdeckhauben-fur-Forderbander-1-768x338.webp 768w\" sizes=\"(max-width: 1024px) 100vw, 1024px\" \/>\t\t\t\t\t\t\t\t<\/a>\n\t\t\t\t\t\t\t\t\t\t\t\t\t\t\t<\/div>\n\t\t\t\t<\/div>\n\t\t\t\t<div class=\"elementor-element elementor-element-208f408 elementor-widget elementor-widget-text-editor\" data-id=\"208f408\" data-element_type=\"widget\" data-e-type=\"widget\" data-widget_type=\"text-editor.default\">\n\t\t\t\t<div class=\"elementor-widget-container\">\n\t\t\t\t\t\t\t\t\t<p>Was sollen wir tun?<\/p>\t\t\t\t\t\t\t\t<\/div>\n\t\t\t\t<\/div>\n\t\t\t\t<div class=\"elementor-element elementor-element-ffc6daf elementor-widget elementor-widget-text-editor\" data-id=\"ffc6daf\" data-element_type=\"widget\" data-e-type=\"widget\" data-widget_type=\"text-editor.default\">\n\t\t\t\t<div class=\"elementor-widget-container\">\n\t\t\t\t\t\t\t\t\t<p>Wir entwerfen und fertigen seit 1993 Abdeckhauben f\u00fcr F\u00f6rderb\u00e4nder. Wir bieten die gr\u00f6\u00dfte Auswahl an Materialien, Zubeh\u00f6r und L\u00f6sungen auf dem Markt.<\/p>\n\t\t\t\t\t\t\t\t<\/div>\n\t\t\t\t<\/div>\n\t\t\t\t<div class=\"elementor-element elementor-element-5814a50 elementor-align-center elementor-widget elementor-widget-button\" data-id=\"5814a50\" data-element_type=\"widget\" data-e-type=\"widget\" data-widget_type=\"button.default\">\n\t\t\t\t<div class=\"elementor-widget-container\">\n\t\t\t\t\t\t\t\t\t<div class=\"elementor-button-wrapper\">\n\t\t\t\t\t<a class=\"elementor-button elementor-button-link elementor-size-sm\" href=\"https:\/\/www.capotex.com\/de\/produkte\/\">\n\t\t\t\t\t\t<span class=\"elementor-button-content-wrapper\">\n\t\t\t\t\t\t\t\t\t<span class=\"elementor-button-text\">Mehr lesen<\/span>\n\t\t\t\t\t<\/span>\n\t\t\t\t\t<\/a>\n\t\t\t\t<\/div>\n\t\t\t\t\t\t\t\t<\/div>\n\t\t\t\t<\/div>\n\t\t\t\t<\/div>\n\t\t<div class=\"elementor-element elementor-element-0d3d255 e-con-full e-flex e-con e-child\" data-id=\"0d3d255\" data-element_type=\"container\" data-e-type=\"container\" data-settings=\"{&quot;background_background&quot;:&quot;classic&quot;}\">\n\t\t\t\t<div class=\"elementor-element elementor-element-237ae4e elementor-widget elementor-widget-image\" data-id=\"237ae4e\" data-element_type=\"widget\" data-e-type=\"widget\" data-widget_type=\"image.default\">\n\t\t\t\t<div class=\"elementor-widget-container\">\n\t\t\t\t\t\t\t\t\t\t\t\t\t\t\t\t<a href=\"https:\/\/www.capotex.com\/de\/warum-sollten-foerderbaender-abgedeckt-werden\/\">\n\t\t\t\t\t\t\t<img decoding=\"async\" width=\"800\" height=\"533\" src=\"https:\/\/www.capotex.com\/wp-content\/uploads\/2024\/04\/Abdeckhauben-fur-Forderbander-Unternehmen.webp\" class=\"attachment-full size-full wp-image-32848\" alt=\"\" srcset=\"https:\/\/www.capotex.com\/wp-content\/uploads\/2024\/04\/Abdeckhauben-fur-Forderbander-Unternehmen.webp 800w, https:\/\/www.capotex.com\/wp-content\/uploads\/2024\/04\/Abdeckhauben-fur-Forderbander-Unternehmen-300x200.webp 300w, https:\/\/www.capotex.com\/wp-content\/uploads\/2024\/04\/Abdeckhauben-fur-Forderbander-Unternehmen-768x512.webp 768w\" sizes=\"(max-width: 800px) 100vw, 800px\" \/>\t\t\t\t\t\t\t\t<\/a>\n\t\t\t\t\t\t\t\t\t\t\t\t\t\t\t<\/div>\n\t\t\t\t<\/div>\n\t\t\t\t<div class=\"elementor-element elementor-element-de5569e elementor-widget elementor-widget-text-editor\" data-id=\"de5569e\" data-element_type=\"widget\" data-e-type=\"widget\" data-widget_type=\"text-editor.default\">\n\t\t\t\t<div class=\"elementor-widget-container\">\n\t\t\t\t\t\t\t\t\t<p>Warum Abdeckhauben?<\/p>\t\t\t\t\t\t\t\t<\/div>\n\t\t\t\t<\/div>\n\t\t\t\t<div class=\"elementor-element elementor-element-81afc4f elementor-widget elementor-widget-text-editor\" data-id=\"81afc4f\" data-element_type=\"widget\" data-e-type=\"widget\" data-widget_type=\"text-editor.default\">\n\t\t\t\t<div class=\"elementor-widget-container\">\n\t\t\t\t\t\t\t\t\tDas Abdeckhauben von F\u00f6rderb\u00e4ndern verringert die Umweltbelastung, reduziert Arbeitsunf\u00e4lle und sch\u00fctzt Ausr\u00fcstung und Material.<br><\/br>\t\t\t\t\t\t\t\t<\/div>\n\t\t\t\t<\/div>\n\t\t\t\t<div class=\"elementor-element elementor-element-e05e837 elementor-align-center elementor-widget elementor-widget-button\" data-id=\"e05e837\" data-element_type=\"widget\" data-e-type=\"widget\" data-widget_type=\"button.default\">\n\t\t\t\t<div class=\"elementor-widget-container\">\n\t\t\t\t\t\t\t\t\t<div class=\"elementor-button-wrapper\">\n\t\t\t\t\t<a class=\"elementor-button elementor-button-link elementor-size-sm\" href=\"https:\/\/www.capotex.com\/de\/warum-sollten-foerderbaender-abgedeckt-werden\/\">\n\t\t\t\t\t\t<span class=\"elementor-button-content-wrapper\">\n\t\t\t\t\t\t\t\t\t<span class=\"elementor-button-text\">Mehr lesen<\/span>\n\t\t\t\t\t<\/span>\n\t\t\t\t\t<\/a>\n\t\t\t\t<\/div>\n\t\t\t\t\t\t\t\t<\/div>\n\t\t\t\t<\/div>\n\t\t\t\t<\/div>\n\t\t<div class=\"elementor-element elementor-element-5eae407 e-con-full e-flex e-con e-child\" data-id=\"5eae407\" data-element_type=\"container\" data-e-type=\"container\" data-settings=\"{&quot;background_background&quot;:&quot;classic&quot;}\">\n\t\t\t\t<div class=\"elementor-element elementor-element-0de5396 elementor-widget elementor-widget-image\" data-id=\"0de5396\" data-element_type=\"widget\" data-e-type=\"widget\" data-widget_type=\"image.default\">\n\t\t\t\t<div class=\"elementor-widget-container\">\n\t\t\t\t\t\t\t\t\t\t\t\t\t\t\t\t<a href=\"https:\/\/www.capotex.com\/de\/fuer-einen-sauberen-planeten\/\">\n\t\t\t\t\t\t\t<img loading=\"lazy\" decoding=\"async\" width=\"750\" height=\"518\" src=\"https:\/\/www.capotex.com\/wp-content\/uploads\/2024\/04\/Landschaftsfotografie.jpg\" class=\"attachment-full size-full wp-image-32852\" alt=\"\" srcset=\"https:\/\/www.capotex.com\/wp-content\/uploads\/2024\/04\/Landschaftsfotografie.jpg 750w, https:\/\/www.capotex.com\/wp-content\/uploads\/2024\/04\/Landschaftsfotografie-300x207.jpg 300w\" sizes=\"(max-width: 750px) 100vw, 750px\" \/>\t\t\t\t\t\t\t\t<\/a>\n\t\t\t\t\t\t\t\t\t\t\t\t\t\t\t<\/div>\n\t\t\t\t<\/div>\n\t\t\t\t<div class=\"elementor-element elementor-element-4abc0a3 elementor-widget elementor-widget-text-editor\" data-id=\"4abc0a3\" data-element_type=\"widget\" data-e-type=\"widget\" data-widget_type=\"text-editor.default\">\n\t\t\t\t<div class=\"elementor-widget-container\">\n\t\t\t\t\t\t\t\t\t<p>F\u00fcr einen sauberen Planeten<\/p>\t\t\t\t\t\t\t\t<\/div>\n\t\t\t\t<\/div>\n\t\t\t\t<div class=\"elementor-element elementor-element-2f0e94d elementor-widget elementor-widget-text-editor\" data-id=\"2f0e94d\" data-element_type=\"widget\" data-e-type=\"widget\" data-widget_type=\"text-editor.default\">\n\t\t\t\t<div class=\"elementor-widget-container\">\n\t\t\t\t\t\t\t\t\tAbdeckhauben von F\u00f6rderb\u00e4ndern verhindern die Staubentwicklung. Nachhaltige Abdeckhauben f\u00fcr einen sauberen Planeten.<br><\/br>\t\t\t\t\t\t\t\t<\/div>\n\t\t\t\t<\/div>\n\t\t\t\t<div class=\"elementor-element elementor-element-51a1ec6 elementor-align-center elementor-widget elementor-widget-button\" data-id=\"51a1ec6\" data-element_type=\"widget\" data-e-type=\"widget\" data-widget_type=\"button.default\">\n\t\t\t\t<div class=\"elementor-widget-container\">\n\t\t\t\t\t\t\t\t\t<div class=\"elementor-button-wrapper\">\n\t\t\t\t\t<a class=\"elementor-button elementor-button-link elementor-size-sm\" href=\"https:\/\/www.capotex.com\/de\/fuer-einen-sauberen-planeten\/\">\n\t\t\t\t\t\t<span class=\"elementor-button-content-wrapper\">\n\t\t\t\t\t\t\t\t\t<span class=\"elementor-button-text\">Mehr lesen<\/span>\n\t\t\t\t\t<\/span>\n\t\t\t\t\t<\/a>\n\t\t\t\t<\/div>\n\t\t\t\t\t\t\t\t<\/div>\n\t\t\t\t<\/div>\n\t\t\t\t<\/div>\n\t\t\t\t\t<\/div>\n\t\t\t\t<\/div>\n\t\t<div class=\"elementor-element elementor-element-f95b870 e-flex e-con-boxed e-con e-parent\" data-id=\"f95b870\" data-element_type=\"container\" data-e-type=\"container\">\n\t\t\t\t\t<div class=\"e-con-inner\">\n\t\t\t\t<div class=\"elementor-element elementor-element-1884bca elementor-widget elementor-widget-heading\" data-id=\"1884bca\" data-element_type=\"widget\" data-e-type=\"widget\" data-widget_type=\"heading.default\">\n\t\t\t\t<div class=\"elementor-widget-container\">\n\t\t\t\t\t<h2 class=\"elementor-heading-title elementor-size-default\">Letzte Meilensteine<\/h2>\t\t\t\t<\/div>\n\t\t\t\t<\/div>\n\t\t\t\t\t<\/div>\n\t\t\t\t<\/div>\n\t\t<div class=\"elementor-element elementor-element-c18fb78 e-flex e-con-boxed e-con e-parent\" data-id=\"c18fb78\" data-element_type=\"container\" data-e-type=\"container\">\n\t\t\t\t\t<div class=\"e-con-inner\">\n\t\t<div class=\"elementor-element elementor-element-ad63ae6 e-con-full e-flex e-con e-child\" data-id=\"ad63ae6\" data-element_type=\"container\" data-e-type=\"container\">\n\t\t\t\t<div class=\"elementor-element elementor-element-fe83212 elementor-cta--skin-classic elementor-animated-content elementor-bg-transform elementor-bg-transform-zoom-in elementor-widget elementor-widget-call-to-action\" data-id=\"fe83212\" data-element_type=\"widget\" data-e-type=\"widget\" data-widget_type=\"call-to-action.default\">\n\t\t\t\t<div class=\"elementor-widget-container\">\n\t\t\t\t\t\t\t<div class=\"elementor-cta\">\n\t\t\t\t\t<div class=\"elementor-cta__bg-wrapper\">\n\t\t\t\t<div class=\"elementor-cta__bg elementor-bg\" style=\"background-image: url(https:\/\/www.capotex.com\/wp-content\/uploads\/2023\/07\/Brazil.svg);\" role=\"img\" aria-label=\"Brazil\"><\/div>\n\t\t\t\t<div class=\"elementor-cta__bg-overlay\"><\/div>\n\t\t\t<\/div>\n\t\t\t\t\t\t\t<div class=\"elementor-cta__content\">\n\t\t\t\t\n\t\t\t\t\n\t\t\t\t\t\t\t\t\t<div class=\"elementor-cta__description elementor-cta__content-item elementor-content-item\">\n\t\t\t\t\t\t<p>Wir haben unser gr\u00f6\u00dftes Projekt in Brasilien abgeschlossen, bei dem \u00fcber 6,5 Kilometer mit unserem Modell <a href=\"https:\/\/www.capotex.com\/de\/produkte\/standard-modelle\/madrid\/\">Madrid<\/a> <a href=\"https:\/\/www.capotex.com\/de\/produkte\/formen-der-kruemmung\/\">Classic<\/a> in <a href=\"https:\/\/www.capotex.com\/de\/produkte\/materialien\/\">ZM300<\/a> zur\u00fcckgelegt wurden.<\/p>\n<p><\/p>\n\t\t\t\t\t<\/div>\n\t\t\t\t\n\t\t\t\t\t\t\t<\/div>\n\t\t\t\t\t\t<\/div>\n\t\t\t\t\t\t<\/div>\n\t\t\t\t<\/div>\n\t\t\t\t<\/div>\n\t\t<div class=\"elementor-element elementor-element-8be1c7b e-con-full e-flex e-con e-child\" data-id=\"8be1c7b\" data-element_type=\"container\" data-e-type=\"container\">\n\t\t\t\t<div class=\"elementor-element elementor-element-7cf515a elementor-cta--skin-classic elementor-animated-content elementor-bg-transform elementor-bg-transform-zoom-in elementor-widget elementor-widget-call-to-action\" data-id=\"7cf515a\" data-element_type=\"widget\" data-e-type=\"widget\" data-widget_type=\"call-to-action.default\">\n\t\t\t\t<div class=\"elementor-widget-container\">\n\t\t\t\t\t\t\t<div class=\"elementor-cta\">\n\t\t\t\t\t<div class=\"elementor-cta__bg-wrapper\">\n\t\t\t\t<div class=\"elementor-cta__bg elementor-bg\" style=\"background-image: url(https:\/\/www.capotex.com\/wp-content\/uploads\/2023\/07\/USA.svg);\" role=\"img\" aria-label=\"USA\"><\/div>\n\t\t\t\t<div class=\"elementor-cta__bg-overlay\"><\/div>\n\t\t\t<\/div>\n\t\t\t\t\t\t\t<div class=\"elementor-cta__content\">\n\t\t\t\t\n\t\t\t\t\n\t\t\t\t\t\t\t\t\t<div class=\"elementor-cta__description elementor-cta__content-item elementor-content-item\">\n\t\t\t\t\t\t<p>Im Jahr 2024 haben wir unser gr\u00f6\u00dftes Projekt in der Geschichte von Capotex abgeschlossen. Es fand in den USA statt und wir lieferten mehr als 100 Kilometer unseres Modells <a href=\"https:\/\/www.capotex.com\/de\/produkte\/standard-modelle\/capoarc\/\">Capoarc<\/a> aus <a href=\"https:\/\/www.capotex.com\/de\/produkte\/materialien\/\">verzinktem Stahl<\/a> liefern.<\/p>\n\t\t\t\t\t<\/div>\n\t\t\t\t\n\t\t\t\t\t\t\t<\/div>\n\t\t\t\t\t\t<\/div>\n\t\t\t\t\t\t<\/div>\n\t\t\t\t<\/div>\n\t\t\t\t<\/div>\n\t\t<div class=\"elementor-element elementor-element-d01a90d e-con-full e-flex e-con e-child\" data-id=\"d01a90d\" data-element_type=\"container\" data-e-type=\"container\">\n\t\t\t\t<div class=\"elementor-element elementor-element-e3f2745 elementor-cta--skin-classic elementor-animated-content elementor-bg-transform elementor-bg-transform-zoom-in elementor-widget elementor-widget-call-to-action\" data-id=\"e3f2745\" data-element_type=\"widget\" data-e-type=\"widget\" data-widget_type=\"call-to-action.default\">\n\t\t\t\t<div class=\"elementor-widget-container\">\n\t\t\t\t\t\t\t<div class=\"elementor-cta\">\n\t\t\t\t\t<div class=\"elementor-cta__bg-wrapper\">\n\t\t\t\t<div class=\"elementor-cta__bg elementor-bg\" style=\"background-image: url(https:\/\/www.capotex.com\/wp-content\/uploads\/2023\/07\/solar-panels.png);\" role=\"img\" aria-label=\"solar-panels\"><\/div>\n\t\t\t\t<div class=\"elementor-cta__bg-overlay\"><\/div>\n\t\t\t<\/div>\n\t\t\t\t\t\t\t<div class=\"elementor-cta__content\">\n\t\t\t\t\n\t\t\t\t\n\t\t\t\t\t\t\t\t\t<div class=\"elementor-cta__description elementor-cta__content-item elementor-content-item\">\n\t\t\t\t\t\t<p>Im Rahmen unseres Engagements f\u00fcr die Umwelt haben wir in unserem Werk in Valladolid Solarenergie installiert, wodurch die Kohlenstoffemissionen erheblich reduziert werden.<\/p>\n\t\t\t\t\t<\/div>\n\t\t\t\t\n\t\t\t\t\t\t\t<\/div>\n\t\t\t\t\t\t<\/div>\n\t\t\t\t\t\t<\/div>\n\t\t\t\t<\/div>\n\t\t\t\t<\/div>\n\t\t\t\t\t<\/div>\n\t\t\t\t<\/div>\n\t\t<div class=\"elementor-element elementor-element-d2d7012 e-flex e-con-boxed e-con e-parent\" data-id=\"d2d7012\" data-element_type=\"container\" data-e-type=\"container\">\n\t\t\t\t\t<div class=\"e-con-inner\">\n\t\t<div class=\"elementor-element elementor-element-9c690c8 e-con-full e-flex e-con e-child\" data-id=\"9c690c8\" data-element_type=\"container\" data-e-type=\"container\">\n\t\t\t\t<div class=\"elementor-element elementor-element-352c006 elementor-widget elementor-widget-image\" data-id=\"352c006\" data-element_type=\"widget\" data-e-type=\"widget\" data-widget_type=\"image.default\">\n\t\t\t\t<div class=\"elementor-widget-container\">\n\t\t\t\t\t\t\t\t\t\t\t\t\t\t\t<img loading=\"lazy\" decoding=\"async\" width=\"960\" height=\"542\" src=\"https:\/\/www.capotex.com\/wp-content\/uploads\/2024\/04\/Abdeckhauben-fur-Forderbander-2.webp\" class=\"attachment-full size-full wp-image-32649\" alt=\"Abdeckhauben f\u00fcr F\u00f6rderb\u00e4nder\" srcset=\"https:\/\/www.capotex.com\/wp-content\/uploads\/2024\/04\/Abdeckhauben-fur-Forderbander-2.webp 960w, https:\/\/www.capotex.com\/wp-content\/uploads\/2024\/04\/Abdeckhauben-fur-Forderbander-2-300x169.webp 300w, https:\/\/www.capotex.com\/wp-content\/uploads\/2024\/04\/Abdeckhauben-fur-Forderbander-2-768x434.webp 768w\" sizes=\"(max-width: 960px) 100vw, 960px\" \/>\t\t\t\t\t\t\t\t\t\t\t\t\t\t\t<\/div>\n\t\t\t\t<\/div>\n\t\t\t\t<\/div>\n\t\t<div class=\"elementor-element elementor-element-72129de e-con-full e-flex e-con e-child\" data-id=\"72129de\" data-element_type=\"container\" data-e-type=\"container\">\n\t\t\t\t<div class=\"elementor-element elementor-element-aa65b0c elementor-widget elementor-widget-heading\" data-id=\"aa65b0c\" data-element_type=\"widget\" data-e-type=\"widget\" data-widget_type=\"heading.default\">\n\t\t\t\t<div class=\"elementor-widget-container\">\n\t\t\t\t\t<h2 class=\"elementor-heading-title elementor-size-default\">Abdeckhauben f\u00fcr F\u00f6rderb\u00e4nder.\nF\u00fchrer der Welt.<\/h2>\t\t\t\t<\/div>\n\t\t\t\t<\/div>\n\t\t\t\t<div class=\"elementor-element elementor-element-8b2c754 elementor-widget elementor-widget-text-editor\" data-id=\"8b2c754\" data-element_type=\"widget\" data-e-type=\"widget\" data-widget_type=\"text-editor.default\">\n\t\t\t\t<div class=\"elementor-widget-container\">\n\t\t\t\t\t\t\t\t\t<p>Unsere Erfahrung, unser fortschrittliches technisches Know-how und unsere Fertigungskapazit\u00e4ten waren die Schl\u00fcsselfaktoren bei der Realisierung der anspruchsvollsten Projekte.<\/p>\n\t\t\t\t\t\t\t\t<\/div>\n\t\t\t\t<\/div>\n\t\t\t\t<\/div>\n\t\t\t\t\t<\/div>\n\t\t\t\t<\/div>\n\t\t\t\t<\/div>\n\t\t","protected":false},"excerpt":{"rendered":"<p>Abdeckhauben entworfene hergestellte f\u00fcr jedes Projekt F\u00fcr jedes Projekt entworfene und hergestellte Abdeckhauben Warum Capotex? Was sollen wir tun? Wir entwerfen und fertigen seit 1993 Abdeckhauben f\u00fcr F\u00f6rderb\u00e4nder. Wir bieten die gr\u00f6\u00dfte Auswahl an Materialien, Zubeh\u00f6r und L\u00f6sungen auf dem Markt. Mehr lesen Warum Abdeckhauben? Das Abdeckhauben von F\u00f6rderb\u00e4ndern verringert die Umweltbelastung, reduziert Arbeitsunf\u00e4lle und [&hellip;]<\/p>\n","protected":false},"author":1,"featured_media":0,"parent":0,"menu_order":0,"comment_status":"closed","ping_status":"closed","template":"elementor_header_footer","meta":{"_joinchat":[],"footnotes":""},"tags":[],"class_list":["post-26213","page","type-page","status-publish","hentry"],"_links":{"self":[{"href":"https:\/\/www.capotex.com\/de\/wp-json\/wp\/v2\/pages\/26213","targetHints":{"allow":["GET"]}}],"collection":[{"href":"https:\/\/www.capotex.com\/de\/wp-json\/wp\/v2\/pages"}],"about":[{"href":"https:\/\/www.capotex.com\/de\/wp-json\/wp\/v2\/types\/page"}],"author":[{"embeddable":true,"href":"https:\/\/www.capotex.com\/de\/wp-json\/wp\/v2\/users\/1"}],"replies":[{"embeddable":true,"href":"https:\/\/www.capotex.com\/de\/wp-json\/wp\/v2\/comments?post=26213"}],"version-history":[{"count":43,"href":"https:\/\/www.capotex.com\/de\/wp-json\/wp\/v2\/pages\/26213\/revisions"}],"predecessor-version":[{"id":36836,"href":"https:\/\/www.capotex.com\/de\/wp-json\/wp\/v2\/pages\/26213\/revisions\/36836"}],"wp:attachment":[{"href":"https:\/\/www.capotex.com\/de\/wp-json\/wp\/v2\/media?parent=26213"}],"wp:term":[{"taxonomy":"post_tag","embeddable":true,"href":"https:\/\/www.capotex.com\/de\/wp-json\/wp\/v2\/tags?post=26213"}],"curies":[{"name":"wp","href":"https:\/\/api.w.org\/{rel}","templated":true}]}}