{"id":26226,"date":"2023-05-09T08:46:39","date_gmt":"2023-05-09T07:46:39","guid":{"rendered":"https:\/\/capotex.com\/ueber-uns\/"},"modified":"2024-03-25T10:10:21","modified_gmt":"2024-03-25T09:10:21","slug":"ueber-uns","status":"publish","type":"page","link":"https:\/\/www.capotex.com\/de\/ueber-uns\/","title":{"rendered":"\u00dcber uns"},"content":{"rendered":"\t\t<div data-elementor-type=\"wp-page\" data-elementor-id=\"26226\" class=\"elementor elementor-26226 elementor-710\" data-elementor-post-type=\"page\">\n\t\t\t\t<div class=\"elementor-element elementor-element-cf08b12 e-flex e-con-boxed e-con e-parent\" data-id=\"cf08b12\" data-element_type=\"container\" data-e-type=\"container\">\n\t\t\t\t\t<div class=\"e-con-inner\">\n\t\t\t\t<div class=\"elementor-element elementor-element-df99641 elementor-widget elementor-widget-heading\" data-id=\"df99641\" data-element_type=\"widget\" data-e-type=\"widget\" data-widget_type=\"heading.default\">\n\t\t\t\t<div class=\"elementor-widget-container\">\n\t\t\t\t\t<h2 class=\"elementor-heading-title elementor-size-default\">\u00dcber uns<\/h2>\t\t\t\t<\/div>\n\t\t\t\t<\/div>\n\t\t\t\t\t<\/div>\n\t\t\t\t<\/div>\n\t\t<div class=\"elementor-element elementor-element-fc2b1da e-flex e-con-boxed e-con e-parent\" data-id=\"fc2b1da\" data-element_type=\"container\" data-e-type=\"container\">\n\t\t\t\t\t<div class=\"e-con-inner\">\n\t\t\t\t<div class=\"elementor-element elementor-element-5b231cc elementor-widget elementor-widget-video\" data-id=\"5b231cc\" data-element_type=\"widget\" data-e-type=\"widget\" data-settings=\"{&quot;youtube_url&quot;:&quot;https:\\\/\\\/youtu.be\\\/4zgl70OJuJg&quot;,&quot;mute&quot;:&quot;yes&quot;,&quot;video_type&quot;:&quot;youtube&quot;,&quot;controls&quot;:&quot;yes&quot;}\" data-widget_type=\"video.default\">\n\t\t\t\t<div class=\"elementor-widget-container\">\n\t\t\t\t\t\t\t<div class=\"elementor-wrapper elementor-open-inline\">\n\t\t\t<div class=\"elementor-video\"><\/div>\t\t<\/div>\n\t\t\t\t\t\t<\/div>\n\t\t\t\t<\/div>\n\t\t\t\t\t<\/div>\n\t\t\t\t<\/div>\n\t\t<div class=\"elementor-element elementor-element-21b2a92 e-flex e-con-boxed e-con e-parent\" data-id=\"21b2a92\" data-element_type=\"container\" data-e-type=\"container\">\n\t\t\t\t\t<div class=\"e-con-inner\">\n\t\t<div class=\"elementor-element elementor-element-4327a21 e-con-full e-flex e-con e-child\" data-id=\"4327a21\" data-element_type=\"container\" data-e-type=\"container\">\n\t\t\t\t<div class=\"elementor-element elementor-element-e26b2c9 elementor-widget elementor-widget-image\" data-id=\"e26b2c9\" data-element_type=\"widget\" data-e-type=\"widget\" data-widget_type=\"image.default\">\n\t\t\t\t<div class=\"elementor-widget-container\">\n\t\t\t\t\t\t\t\t\t\t\t\t\t\t\t<img fetchpriority=\"high\" decoding=\"async\" width=\"480\" height=\"271\" src=\"https:\/\/www.capotex.com\/wp-content\/uploads\/2023\/05\/Capotex-factory-at-Olmedo-Valladolid-Spain.webp\" class=\"attachment-full size-full wp-image-2471\" alt=\"Capotex factory at Olmedo, Valladolid, Spain\" srcset=\"https:\/\/www.capotex.com\/wp-content\/uploads\/2023\/05\/Capotex-factory-at-Olmedo-Valladolid-Spain.webp 480w, https:\/\/www.capotex.com\/wp-content\/uploads\/2023\/05\/Capotex-factory-at-Olmedo-Valladolid-Spain-300x169.webp 300w\" sizes=\"(max-width: 480px) 100vw, 480px\" \/>\t\t\t\t\t\t\t\t\t\t\t\t\t\t\t<\/div>\n\t\t\t\t<\/div>\n\t\t\t\t<\/div>\n\t\t<div class=\"elementor-element elementor-element-45938c4 e-con-full e-flex e-con e-child\" data-id=\"45938c4\" data-element_type=\"container\" data-e-type=\"container\">\n\t\t\t\t<div class=\"elementor-element elementor-element-8e41dd7 elementor-widget elementor-widget-heading\" data-id=\"8e41dd7\" data-element_type=\"widget\" data-e-type=\"widget\" data-widget_type=\"heading.default\">\n\t\t\t\t<div class=\"elementor-widget-container\">\n\t\t\t\t\t<h2 class=\"elementor-heading-title elementor-size-default\">Geschichte<\/h2>\t\t\t\t<\/div>\n\t\t\t\t<\/div>\n\t\t\t\t<div class=\"elementor-element elementor-element-d0e075b elementor-widget elementor-widget-text-editor\" data-id=\"d0e075b\" data-element_type=\"widget\" data-e-type=\"widget\" data-widget_type=\"text-editor.default\">\n\t\t\t\t<div class=\"elementor-widget-container\">\n\t\t\t\t\t\t\t\t\t<p>Capotex ist seit 1993 das f\u00fchrende Unternehmen f\u00fcr Abdeckhauben f\u00fcr F\u00f6rderb\u00e4nder. Wir entwerfen, fertigen und vertreiben Abdeckhauben f\u00fcr F\u00f6rderb\u00e4nder in der ganzen Welt.<\/p>\n<p>Wir sind Spezialisten f\u00fcr Abdeckhauben f\u00fcr F\u00f6rderb\u00e4nder. Wir arbeiten mit f\u00fchrenden Bergbau- und Maschinenbauunternehmen in aller Welt zusammen und entwickeln ma\u00dfgeschneiderte L\u00f6sungen f\u00fcr jeden Bedarf. Unsere Abdeckhauben verringern die Umweltbelastung weltweit.<\/p>\n\t\t\t\t\t\t\t\t<\/div>\n\t\t\t\t<\/div>\n\t\t\t\t<\/div>\n\t\t\t\t\t<\/div>\n\t\t\t\t<\/div>\n\t\t<div class=\"elementor-element elementor-element-2d03d4d e-flex e-con-boxed e-con e-parent\" data-id=\"2d03d4d\" data-element_type=\"container\" data-e-type=\"container\">\n\t\t\t\t\t<div class=\"e-con-inner\">\n\t\t<div class=\"elementor-element elementor-element-e4bbfe4 e-con-full e-flex e-con e-child\" data-id=\"e4bbfe4\" data-element_type=\"container\" data-e-type=\"container\">\n\t\t\t\t<div class=\"elementor-element elementor-element-35e389f elementor-widget elementor-widget-image\" data-id=\"35e389f\" data-element_type=\"widget\" data-e-type=\"widget\" data-widget_type=\"image.default\">\n\t\t\t\t<div class=\"elementor-widget-container\">\n\t\t\t\t\t\t\t\t\t\t\t\t\t\t\t<img decoding=\"async\" width=\"750\" height=\"500\" src=\"https:\/\/www.capotex.com\/wp-content\/uploads\/2024\/03\/Beau-Rivage-tubbo-outdoor-bubble-dome-winter-terrace-hospitality-business-restaurant-hotel-bar-bw.jpg\" class=\"attachment-full size-full wp-image-32243\" alt=\"\" srcset=\"https:\/\/www.capotex.com\/wp-content\/uploads\/2024\/03\/Beau-Rivage-tubbo-outdoor-bubble-dome-winter-terrace-hospitality-business-restaurant-hotel-bar-bw.jpg 750w, https:\/\/www.capotex.com\/wp-content\/uploads\/2024\/03\/Beau-Rivage-tubbo-outdoor-bubble-dome-winter-terrace-hospitality-business-restaurant-hotel-bar-bw-300x200.jpg 300w\" sizes=\"(max-width: 750px) 100vw, 750px\" \/>\t\t\t\t\t\t\t\t\t\t\t\t\t\t\t<\/div>\n\t\t\t\t<\/div>\n\t\t\t\t<\/div>\n\t\t<div class=\"elementor-element elementor-element-2c5bdbf e-con-full e-flex e-con e-child\" data-id=\"2c5bdbf\" data-element_type=\"container\" data-e-type=\"container\">\n\t\t\t\t<div class=\"elementor-element elementor-element-c80d13a elementor-widget elementor-widget-heading\" data-id=\"c80d13a\" data-element_type=\"widget\" data-e-type=\"widget\" data-widget_type=\"heading.default\">\n\t\t\t\t<div class=\"elementor-widget-container\">\n\t\t\t\t\t<h2 class=\"elementor-heading-title elementor-size-default\">Innovation<\/h2>\t\t\t\t<\/div>\n\t\t\t\t<\/div>\n\t\t\t\t<div class=\"elementor-element elementor-element-30e381a elementor-widget elementor-widget-text-editor\" data-id=\"30e381a\" data-element_type=\"widget\" data-e-type=\"widget\" data-widget_type=\"text-editor.default\">\n\t\t\t\t<div class=\"elementor-widget-container\">\n\t\t\t\t\t\t\t\t\t<p>Wir entwickeln, konstruieren und fertigen verschiedene Arten von Abdeckhauben f\u00fcr die unterschiedlichsten Bedingungen und M\u00e4rkte. Innovation ist einer unserer wichtigsten Werte f\u00fcr unsere Kunden.<\/p>\n<p>Die Entwicklung von Werkstoffen, Konstruktionen und Zusatzelementen, von denen einige unverzichtbar sind, wie z.B. leistungsf\u00e4higere Verbindungselemente, spanlose Profile, Fenster und Luken f\u00fcr den Zugang zu den B\u00e4ndern und Rollen, haben es uns erm\u00f6glicht, die bevorzugte Wahl von Ingenieurb\u00fcros zu werden und zu bleiben, die Abdeckhauben f\u00fcr industrielle F\u00f6rderb\u00e4nder entwickeln.<\/p>\n\t\t\t\t\t\t\t\t<\/div>\n\t\t\t\t<\/div>\n\t\t\t\t<\/div>\n\t\t\t\t\t<\/div>\n\t\t\t\t<\/div>\n\t\t\t\t<\/div>\n\t\t","protected":false},"excerpt":{"rendered":"<p>\u00dcber uns Geschichte Capotex ist seit 1993 das f\u00fchrende Unternehmen f\u00fcr Abdeckhauben f\u00fcr F\u00f6rderb\u00e4nder. Wir entwerfen, fertigen und vertreiben Abdeckhauben f\u00fcr F\u00f6rderb\u00e4nder in der ganzen Welt. Wir sind Spezialisten f\u00fcr Abdeckhauben f\u00fcr F\u00f6rderb\u00e4nder. Wir arbeiten mit f\u00fchrenden Bergbau- und Maschinenbauunternehmen in aller Welt zusammen und entwickeln ma\u00dfgeschneiderte L\u00f6sungen f\u00fcr jeden Bedarf. Unsere Abdeckhauben verringern die [&hellip;]<\/p>\n","protected":false},"author":1,"featured_media":0,"parent":0,"menu_order":0,"comment_status":"closed","ping_status":"closed","template":"","meta":{"_joinchat":[],"footnotes":""},"tags":[],"class_list":["post-26226","page","type-page","status-publish","hentry"],"_links":{"self":[{"href":"https:\/\/www.capotex.com\/de\/wp-json\/wp\/v2\/pages\/26226","targetHints":{"allow":["GET"]}}],"collection":[{"href":"https:\/\/www.capotex.com\/de\/wp-json\/wp\/v2\/pages"}],"about":[{"href":"https:\/\/www.capotex.com\/de\/wp-json\/wp\/v2\/types\/page"}],"author":[{"embeddable":true,"href":"https:\/\/www.capotex.com\/de\/wp-json\/wp\/v2\/users\/1"}],"replies":[{"embeddable":true,"href":"https:\/\/www.capotex.com\/de\/wp-json\/wp\/v2\/comments?post=26226"}],"version-history":[{"count":10,"href":"https:\/\/www.capotex.com\/de\/wp-json\/wp\/v2\/pages\/26226\/revisions"}],"predecessor-version":[{"id":32253,"href":"https:\/\/www.capotex.com\/de\/wp-json\/wp\/v2\/pages\/26226\/revisions\/32253"}],"wp:attachment":[{"href":"https:\/\/www.capotex.com\/de\/wp-json\/wp\/v2\/media?parent=26226"}],"wp:term":[{"taxonomy":"post_tag","embeddable":true,"href":"https:\/\/www.capotex.com\/de\/wp-json\/wp\/v2\/tags?post=26226"}],"curies":[{"name":"wp","href":"https:\/\/api.w.org\/{rel}","templated":true}]}}