{"id":26242,"date":"2023-05-16T11:28:02","date_gmt":"2023-05-16T10:28:02","guid":{"rendered":"https:\/\/capotex.com\/masche-mit-spezialschluessel\/"},"modified":"2024-07-16T16:55:54","modified_gmt":"2024-07-16T15:55:54","slug":"seitliche-schutzvorrichtungen-fur-forderband","status":"publish","type":"page","link":"https:\/\/www.capotex.com\/de\/seitliche-schutzvorrichtungen-fur-foerderband\/seitliche-schutzvorrichtungen-fur-forderband\/","title":{"rendered":"Masche mit Spezialschl\u00fcssel"},"content":{"rendered":"\t\t<div data-elementor-type=\"wp-page\" data-elementor-id=\"26242\" class=\"elementor elementor-26242 elementor-1773\" data-elementor-post-type=\"page\">\n\t\t\t\t<div class=\"elementor-element elementor-element-da441f7 e-flex e-con-boxed e-con e-parent\" data-id=\"da441f7\" data-element_type=\"container\" data-e-type=\"container\">\n\t\t\t\t\t<div class=\"e-con-inner\">\n\t\t\t\t<div class=\"elementor-element elementor-element-db76033 elementor-widget elementor-widget-heading\" data-id=\"db76033\" data-element_type=\"widget\" data-e-type=\"widget\" data-widget_type=\"heading.default\">\n\t\t\t\t<div class=\"elementor-widget-container\">\n\t\t\t\t\t<h1 class=\"elementor-heading-title elementor-size-default\">Seitliche Schutzvorrichtungen f\u00fcr F\u00f6rderbander<\/h1>\t\t\t\t<\/div>\n\t\t\t\t<\/div>\n\t\t\t\t<div class=\"elementor-element elementor-element-00ed15b elementor-widget elementor-widget-heading\" data-id=\"00ed15b\" data-element_type=\"widget\" data-e-type=\"widget\" data-widget_type=\"heading.default\">\n\t\t\t\t<div class=\"elementor-widget-container\">\n\t\t\t\t\t<h2 class=\"elementor-heading-title elementor-size-default\">Seitenschutz des F\u00f6rderbandes aus Metall mit Spezialschl\u00fcssel (P4)<\/h2>\t\t\t\t<\/div>\n\t\t\t\t<\/div>\n\t\t\t\t<div class=\"elementor-element elementor-element-696476f elementor-widget elementor-widget-image\" data-id=\"696476f\" data-element_type=\"widget\" data-e-type=\"widget\" data-widget_type=\"image.default\">\n\t\t\t\t<div class=\"elementor-widget-container\">\n\t\t\t\t\t\t\t\t\t\t\t\t\t\t\t\t<a href=\"https:\/\/www.capotex.com\/wp-content\/uploads\/2024\/07\/Seitliche-Schutzvorrichtungen-fur-Forderbander-1.jpg\" data-elementor-open-lightbox=\"yes\" data-elementor-lightbox-title=\"Seitliche Schutzvorrichtungen f\u00fcr F\u00f6rderbander\" data-elementor-lightbox-description=\"Seitliche Schutzvorrichtungen f\u00fcr F\u00f6rderbander\" data-e-action-hash=\"#elementor-action%3Aaction%3Dlightbox%26settings%3DeyJpZCI6MzUxMzYsInVybCI6Imh0dHBzOlwvXC93d3cuY2Fwb3RleC5jb21cL3dwLWNvbnRlbnRcL3VwbG9hZHNcLzIwMjRcLzA3XC9TZWl0bGljaGUtU2NodXR6dm9ycmljaHR1bmdlbi1mdXItRm9yZGVyYmFuZGVyLTEuanBnIn0%3D\">\n\t\t\t\t\t\t\t<img fetchpriority=\"high\" decoding=\"async\" width=\"550\" height=\"400\" src=\"https:\/\/www.capotex.com\/wp-content\/uploads\/2024\/07\/Seitliche-Schutzvorrichtungen-fur-Forderbander-1.jpg\" class=\"attachment-full size-full wp-image-35136\" alt=\"Seitliche Schutzvorrichtungen f\u00fcr F\u00f6rderbander\" srcset=\"https:\/\/www.capotex.com\/wp-content\/uploads\/2024\/07\/Seitliche-Schutzvorrichtungen-fur-Forderbander-1.jpg 550w, https:\/\/www.capotex.com\/wp-content\/uploads\/2024\/07\/Seitliche-Schutzvorrichtungen-fur-Forderbander-1-300x218.jpg 300w\" sizes=\"(max-width: 550px) 100vw, 550px\" \/>\t\t\t\t\t\t\t\t<\/a>\n\t\t\t\t\t\t\t\t\t\t\t\t\t\t\t<\/div>\n\t\t\t\t<\/div>\n\t\t\t\t\t<\/div>\n\t\t\t\t<\/div>\n\t\t<div class=\"elementor-element elementor-element-960cde1 e-flex e-con-boxed e-con e-parent\" data-id=\"960cde1\" data-element_type=\"container\" data-e-type=\"container\">\n\t\t\t\t\t<div class=\"e-con-inner\">\n\t\t<div class=\"elementor-element elementor-element-c2aeaf2 e-con-full e-flex e-con e-child\" data-id=\"c2aeaf2\" data-element_type=\"container\" data-e-type=\"container\">\n\t\t\t\t<div class=\"elementor-element elementor-element-7e38445 elementor-widget elementor-widget-text-editor\" data-id=\"7e38445\" data-element_type=\"widget\" data-e-type=\"widget\" data-widget_type=\"text-editor.default\">\n\t\t\t\t<div class=\"elementor-widget-container\">\n\t\t\t\t\t\t\t\t\t<p><strong>Merkmale:<\/strong><\/p>\n<ul>\n<li>Sie sorgen f\u00fcr Konsistenz und Einhaltung der Vorschriften.<\/li>\n<li>Die innovative und ma\u00dfgeschneiderte L\u00f6sung gew\u00e4hrleistet eine korrekte Installation.<\/li>\n<li>Schl\u00fcssel zum Ver- und Entriegeln des Systems, um die Installation zu erleichtern.<\/li>\n<li>F\u00fcr eine schnelle und einfache Demontage konzipiert.<\/li>\n<\/ul>\n\t\t\t\t\t\t\t\t<\/div>\n\t\t\t\t<\/div>\n\t\t\t\t<\/div>\n\t\t<div class=\"elementor-element elementor-element-b5ab741 e-con-full e-flex e-con e-child\" data-id=\"b5ab741\" data-element_type=\"container\" data-e-type=\"container\">\n\t\t\t\t<div class=\"elementor-element elementor-element-33e04df elementor-widget elementor-widget-text-editor\" data-id=\"33e04df\" data-element_type=\"widget\" data-e-type=\"widget\" data-widget_type=\"text-editor.default\">\n\t\t\t\t<div class=\"elementor-widget-container\">\n\t\t\t\t\t\t\t\t\t<p><strong>Materialien:<\/strong><\/p>\n<ul>\n<li>Feuerverzinkt.<\/li>\n<li>Rostfreier Stahl 304.<\/li>\n<li>Rostfreier Stahl 316.<\/li>\n<\/ul>\n\t\t\t\t\t\t\t\t<\/div>\n\t\t\t\t<\/div>\n\t\t\t\t<\/div>\n\t\t<div class=\"elementor-element elementor-element-f54198e e-con-full e-flex e-con e-child\" data-id=\"f54198e\" data-element_type=\"container\" data-e-type=\"container\">\n\t\t\t\t<div class=\"elementor-element elementor-element-253b21c elementor-widget elementor-widget-text-editor\" data-id=\"253b21c\" data-element_type=\"widget\" data-e-type=\"widget\" data-widget_type=\"text-editor.default\">\n\t\t\t\t<div class=\"elementor-widget-container\">\n\t\t\t\t\t\t\t\t\t<p><strong>Technische Daten:<\/strong><\/p>\n<ul>\n<li><strong>L\u00e4nge<\/strong> in maximalen Abschnitten bis zu 3 Metern.<\/li>\n<li><strong>H\u00f6he<\/strong> bis zu 0,8 Meter.<\/li>\n<li><strong>Systemgewicht<\/strong> 7,2 kg \/ Meter.<\/li>\n<\/ul>\n\t\t\t\t\t\t\t\t<\/div>\n\t\t\t\t<\/div>\n\t\t\t\t<\/div>\n\t\t\t\t\t<\/div>\n\t\t\t\t<\/div>\n\t\t<div class=\"elementor-element elementor-element-6b954ba e-flex e-con-boxed e-con e-parent\" data-id=\"6b954ba\" data-element_type=\"container\" data-e-type=\"container\">\n\t\t\t\t\t<div class=\"e-con-inner\">\n\t\t\t\t<div class=\"elementor-element elementor-element-fe73f40 elementor-widget elementor-widget-image\" data-id=\"fe73f40\" data-element_type=\"widget\" data-e-type=\"widget\" data-widget_type=\"image.default\">\n\t\t\t\t<div class=\"elementor-widget-container\">\n\t\t\t\t\t\t\t\t\t\t\t\t\t\t\t\t<a href=\"https:\/\/www.capotex.com\/wp-content\/uploads\/2024\/03\/P-4-MESH-German.pdf\" target=\"_blank\">\n\t\t\t\t\t\t\t<img decoding=\"async\" width=\"793\" height=\"560\" src=\"https:\/\/www.capotex.com\/wp-content\/uploads\/2024\/03\/P4-Mesh-German.jpg\" class=\"attachment-full size-full wp-image-32551\" alt=\"Seitliche Schutzvorrichtungen f\u00fcr F\u00f6rderbander\" srcset=\"https:\/\/www.capotex.com\/wp-content\/uploads\/2024\/03\/P4-Mesh-German.jpg 793w, https:\/\/www.capotex.com\/wp-content\/uploads\/2024\/03\/P4-Mesh-German-300x212.jpg 300w, https:\/\/www.capotex.com\/wp-content\/uploads\/2024\/03\/P4-Mesh-German-768x542.jpg 768w\" sizes=\"(max-width: 793px) 100vw, 793px\" \/>\t\t\t\t\t\t\t\t<\/a>\n\t\t\t\t\t\t\t\t\t\t\t\t\t\t\t<\/div>\n\t\t\t\t<\/div>\n\t\t\t\t<div class=\"elementor-element elementor-element-4464e9a elementor-widget elementor-widget-text-editor\" data-id=\"4464e9a\" data-element_type=\"widget\" data-e-type=\"widget\" data-widget_type=\"text-editor.default\">\n\t\t\t\t<div class=\"elementor-widget-container\">\n\t\t\t\t\t\t\t\t\t<p style=\"text-align: center;\"><a href=\"https:\/\/www.capotex.com\/wp-content\/uploads\/2024\/03\/P-4-MESH-German.pdf\" target=\"_blank\" rel=\"noopener\"><em>P-4-Netzplan im pdf-Format herunterladen<\/em><\/a><\/p>\t\t\t\t\t\t\t\t<\/div>\n\t\t\t\t<\/div>\n\t\t\t\t\t<\/div>\n\t\t\t\t<\/div>\n\t\t\t\t<\/div>\n\t\t","protected":false},"excerpt":{"rendered":"<p>Seitliche Schutzvorrichtungen f\u00fcr F\u00f6rderbander Seitenschutz des F\u00f6rderbandes aus Metall mit Spezialschl\u00fcssel (P4) Merkmale: Sie sorgen f\u00fcr Konsistenz und Einhaltung der Vorschriften. Die innovative und ma\u00dfgeschneiderte L\u00f6sung gew\u00e4hrleistet eine korrekte Installation. Schl\u00fcssel zum Ver- und Entriegeln des Systems, um die Installation zu erleichtern. F\u00fcr eine schnelle und einfache Demontage konzipiert. Materialien: Feuerverzinkt. Rostfreier Stahl 304. Rostfreier [&hellip;]<\/p>\n","protected":false},"author":1,"featured_media":1712,"parent":26252,"menu_order":30,"comment_status":"closed","ping_status":"closed","template":"","meta":{"_joinchat":[],"footnotes":""},"tags":[60],"class_list":["post-26242","page","type-page","status-publish","has-post-thumbnail","hentry","tag-chargebelt-de"],"_links":{"self":[{"href":"https:\/\/www.capotex.com\/de\/wp-json\/wp\/v2\/pages\/26242","targetHints":{"allow":["GET"]}}],"collection":[{"href":"https:\/\/www.capotex.com\/de\/wp-json\/wp\/v2\/pages"}],"about":[{"href":"https:\/\/www.capotex.com\/de\/wp-json\/wp\/v2\/types\/page"}],"author":[{"embeddable":true,"href":"https:\/\/www.capotex.com\/de\/wp-json\/wp\/v2\/users\/1"}],"replies":[{"embeddable":true,"href":"https:\/\/www.capotex.com\/de\/wp-json\/wp\/v2\/comments?post=26242"}],"version-history":[{"count":7,"href":"https:\/\/www.capotex.com\/de\/wp-json\/wp\/v2\/pages\/26242\/revisions"}],"predecessor-version":[{"id":35142,"href":"https:\/\/www.capotex.com\/de\/wp-json\/wp\/v2\/pages\/26242\/revisions\/35142"}],"up":[{"embeddable":true,"href":"https:\/\/www.capotex.com\/de\/wp-json\/wp\/v2\/pages\/26252"}],"wp:featuredmedia":[{"embeddable":true,"href":"https:\/\/www.capotex.com\/de\/wp-json\/wp\/v2\/media\/1712"}],"wp:attachment":[{"href":"https:\/\/www.capotex.com\/de\/wp-json\/wp\/v2\/media?parent=26242"}],"wp:term":[{"taxonomy":"post_tag","embeddable":true,"href":"https:\/\/www.capotex.com\/de\/wp-json\/wp\/v2\/tags?post=26242"}],"curies":[{"name":"wp","href":"https:\/\/api.w.org\/{rel}","templated":true}]}}