{"id":26252,"date":"2023-05-16T10:26:59","date_gmt":"2023-05-16T09:26:59","guid":{"rendered":"https:\/\/capotex.com\/seitliche-schutzvorrichtungen-fuer-das-foerderband\/"},"modified":"2024-07-04T16:31:50","modified_gmt":"2024-07-04T15:31:50","slug":"seitliche-schutzvorrichtungen-fur-foerderband","status":"publish","type":"page","link":"https:\/\/www.capotex.com\/de\/seitliche-schutzvorrichtungen-fur-foerderband\/","title":{"rendered":"Seitliche"},"content":{"rendered":"\t\t<div data-elementor-type=\"wp-page\" data-elementor-id=\"26252\" class=\"elementor elementor-26252 elementor-1739\" data-elementor-post-type=\"page\">\n\t\t\t\t<div class=\"elementor-element elementor-element-812ce64 e-flex e-con-boxed e-con e-parent\" data-id=\"812ce64\" data-element_type=\"container\" data-e-type=\"container\">\n\t\t\t\t\t<div class=\"e-con-inner\">\n\t\t\t\t<div class=\"elementor-element elementor-element-a9e4a2b elementor-widget elementor-widget-heading\" data-id=\"a9e4a2b\" data-element_type=\"widget\" data-e-type=\"widget\" data-widget_type=\"heading.default\">\n\t\t\t\t<div class=\"elementor-widget-container\">\n\t\t\t\t\t<h2 class=\"elementor-heading-title elementor-size-default\">Seitliche Schutzvorrichtungen f\u00fcr F\u00f6rderband<\/h2>\t\t\t\t<\/div>\n\t\t\t\t<\/div>\n\t\t\t\t<div class=\"elementor-element elementor-element-afcdc70 elementor-widget elementor-widget-text-editor\" data-id=\"afcdc70\" data-element_type=\"widget\" data-e-type=\"widget\" data-widget_type=\"text-editor.default\">\n\t\t\t\t<div class=\"elementor-widget-container\">\n\t\t\t\t\t\t\t\t\t<p>Capotex wei\u00df, wie wichtig Sicherheit und Effizienz an Ihrem Arbeitsplatz sind. Deshalb bieten wir ein umfassendes Sortiment an Seitenschutzvorrichtungen f\u00fcr F\u00f6rderb\u00e4nder an, die Ihre Mitarbeiter und Ihr F\u00f6rderband sch\u00fctzen. Unsere Seitenschutzvorrichtungen sind f\u00fcr den Einsatz in rauen Industrieumgebungen ausgelegt und verhindern Verletzungen und sch\u00fctzen das Personal vor versehentlichem Kontakt mit beweglichen Teilen.<\/p><p>\u00a0<\/p>\t\t\t\t\t\t\t\t<\/div>\n\t\t\t\t<\/div>\n\t\t\t\t\t<\/div>\n\t\t\t\t<\/div>\n\t\t<div class=\"elementor-element elementor-element-44f6d18 e-flex e-con-boxed e-con e-parent\" data-id=\"44f6d18\" data-element_type=\"container\" data-e-type=\"container\">\n\t\t\t\t\t<div class=\"e-con-inner\">\n\t\t<div class=\"elementor-element elementor-element-d6840d6 e-con-full e-flex e-con e-child\" data-id=\"d6840d6\" data-element_type=\"container\" data-e-type=\"container\" data-settings=\"{&quot;background_background&quot;:&quot;classic&quot;}\">\n\t\t\t\t<div class=\"elementor-element elementor-element-3c89566 elementor-widget elementor-widget-heading\" data-id=\"3c89566\" data-element_type=\"widget\" data-e-type=\"widget\" data-widget_type=\"heading.default\">\n\t\t\t\t<div class=\"elementor-widget-container\">\n\t\t\t\t\t<h3 class=\"elementor-heading-title elementor-size-default\">L\u00f6sungen f\u00fcr den Ladungsg\u00fcrtel:<\/h3>\t\t\t\t<\/div>\n\t\t\t\t<\/div>\n\t\t\t\t<\/div>\n\t\t<div class=\"elementor-element elementor-element-7a9d169 e-con-full e-flex e-con e-child\" data-id=\"7a9d169\" data-element_type=\"container\" data-e-type=\"container\" data-settings=\"{&quot;background_background&quot;:&quot;classic&quot;}\">\n\t\t\t\t<div class=\"elementor-element elementor-element-2182a7e elementor-widget elementor-widget-heading\" data-id=\"2182a7e\" data-element_type=\"widget\" data-e-type=\"widget\" data-widget_type=\"heading.default\">\n\t\t\t\t<div class=\"elementor-widget-container\">\n\t\t\t\t\t<h3 class=\"elementor-heading-title elementor-size-default\">L\u00f6sungen f\u00fcr das R\u00fcckf\u00fchrband:<\/h3>\t\t\t\t<\/div>\n\t\t\t\t<\/div>\n\t\t\t\t<\/div>\n\t\t\t\t\t<\/div>\n\t\t\t\t<\/div>\n\t\t\t\t<\/div>\n\t\t","protected":false},"excerpt":{"rendered":"<p>Seitliche Schutzvorrichtungen f\u00fcr F\u00f6rderband Capotex wei\u00df, wie wichtig Sicherheit und Effizienz an Ihrem Arbeitsplatz sind. Deshalb bieten wir ein umfassendes Sortiment an Seitenschutzvorrichtungen f\u00fcr F\u00f6rderb\u00e4nder an, die Ihre Mitarbeiter und Ihr F\u00f6rderband sch\u00fctzen. Unsere Seitenschutzvorrichtungen sind f\u00fcr den Einsatz in rauen Industrieumgebungen ausgelegt und verhindern Verletzungen und sch\u00fctzen das Personal vor versehentlichem Kontakt mit beweglichen [&hellip;]<\/p>\n","protected":false},"author":1,"featured_media":1398,"parent":0,"menu_order":50,"comment_status":"closed","ping_status":"closed","template":"","meta":{"_joinchat":[],"footnotes":""},"tags":[66],"class_list":["post-26252","page","type-page","status-publish","has-post-thumbnail","hentry","tag-capotexprodukte"],"_links":{"self":[{"href":"https:\/\/www.capotex.com\/de\/wp-json\/wp\/v2\/pages\/26252","targetHints":{"allow":["GET"]}}],"collection":[{"href":"https:\/\/www.capotex.com\/de\/wp-json\/wp\/v2\/pages"}],"about":[{"href":"https:\/\/www.capotex.com\/de\/wp-json\/wp\/v2\/types\/page"}],"author":[{"embeddable":true,"href":"https:\/\/www.capotex.com\/de\/wp-json\/wp\/v2\/users\/1"}],"replies":[{"embeddable":true,"href":"https:\/\/www.capotex.com\/de\/wp-json\/wp\/v2\/comments?post=26252"}],"version-history":[{"count":17,"href":"https:\/\/www.capotex.com\/de\/wp-json\/wp\/v2\/pages\/26252\/revisions"}],"predecessor-version":[{"id":34872,"href":"https:\/\/www.capotex.com\/de\/wp-json\/wp\/v2\/pages\/26252\/revisions\/34872"}],"wp:featuredmedia":[{"embeddable":true,"href":"https:\/\/www.capotex.com\/de\/wp-json\/wp\/v2\/media\/1398"}],"wp:attachment":[{"href":"https:\/\/www.capotex.com\/de\/wp-json\/wp\/v2\/media?parent=26252"}],"wp:term":[{"taxonomy":"post_tag","embeddable":true,"href":"https:\/\/www.capotex.com\/de\/wp-json\/wp\/v2\/tags?post=26252"}],"curies":[{"name":"wp","href":"https:\/\/api.w.org\/{rel}","templated":true}]}}