{"id":26255,"date":"2023-05-16T11:18:38","date_gmt":"2023-05-16T10:18:38","guid":{"rendered":"https:\/\/capotex.com\/seitliche-schutzvorrichtungen-fuer-das-foerderband\/blatt-mit-spezialschluessel\/"},"modified":"2024-07-18T16:25:14","modified_gmt":"2024-07-18T15:25:14","slug":"seitenschutz-fur-forderband","status":"publish","type":"page","link":"https:\/\/www.capotex.com\/de\/seitliche-schutzvorrichtungen-fur-foerderband\/seitenschutz-fur-forderband\/","title":{"rendered":"Blech mit Spezialschl\u00fcssel"},"content":{"rendered":"\t\t<div data-elementor-type=\"wp-page\" data-elementor-id=\"26255\" class=\"elementor elementor-26255 elementor-1751\" data-elementor-post-type=\"page\">\n\t\t\t\t<div class=\"elementor-element elementor-element-e5807fc e-flex e-con-boxed e-con e-parent\" data-id=\"e5807fc\" data-element_type=\"container\" data-e-type=\"container\">\n\t\t\t\t\t<div class=\"e-con-inner\">\n\t\t\t\t<div class=\"elementor-element elementor-element-d1744a8 elementor-widget elementor-widget-heading\" data-id=\"d1744a8\" data-element_type=\"widget\" data-e-type=\"widget\" data-widget_type=\"heading.default\">\n\t\t\t\t<div class=\"elementor-widget-container\">\n\t\t\t\t\t<h1 class=\"elementor-heading-title elementor-size-default\">Seitenschutz f\u00fcr F\u00f6rderb\u00e4nd<\/h1>\t\t\t\t<\/div>\n\t\t\t\t<\/div>\n\t\t\t\t<div class=\"elementor-element elementor-element-5f29a75 elementor-widget elementor-widget-heading\" data-id=\"5f29a75\" data-element_type=\"widget\" data-e-type=\"widget\" data-widget_type=\"heading.default\">\n\t\t\t\t<div class=\"elementor-widget-container\">\n\t\t\t\t\t<h2 class=\"elementor-heading-title elementor-size-default\">Schutzblech f\u00fcr das F\u00f6rderband mit Spezialschl\u00fcssel (P4)<\/h2>\t\t\t\t<\/div>\n\t\t\t\t<\/div>\n\t\t\t\t<div class=\"elementor-element elementor-element-02eac77 elementor-widget elementor-widget-image\" data-id=\"02eac77\" data-element_type=\"widget\" data-e-type=\"widget\" data-widget_type=\"image.default\">\n\t\t\t\t<div class=\"elementor-widget-container\">\n\t\t\t\t\t\t\t\t\t\t\t\t\t\t\t\t<a href=\"https:\/\/www.capotex.com\/wp-content\/uploads\/2024\/07\/Seitenschutz-fur-Forderband.jpg\" data-elementor-open-lightbox=\"yes\" data-elementor-lightbox-title=\"Seitenschutz f\u00fcr F\u00f6rderb\u00e4nd\" data-elementor-lightbox-description=\"Seitenschutz f\u00fcr F\u00f6rderb\u00e4nd\" data-e-action-hash=\"#elementor-action%3Aaction%3Dlightbox%26settings%3DeyJpZCI6MzUxNjQsInVybCI6Imh0dHBzOlwvXC93d3cuY2Fwb3RleC5jb21cL3dwLWNvbnRlbnRcL3VwbG9hZHNcLzIwMjRcLzA3XC9TZWl0ZW5zY2h1dHotZnVyLUZvcmRlcmJhbmQuanBnIn0%3D\">\n\t\t\t\t\t\t\t<img fetchpriority=\"high\" decoding=\"async\" width=\"550\" height=\"400\" src=\"https:\/\/www.capotex.com\/wp-content\/uploads\/2024\/07\/Seitenschutz-fur-Forderband.jpg\" class=\"attachment-full size-full wp-image-35164\" alt=\"Seitenschutz f\u00fcr F\u00f6rderb\u00e4nd\" srcset=\"https:\/\/www.capotex.com\/wp-content\/uploads\/2024\/07\/Seitenschutz-fur-Forderband.jpg 550w, https:\/\/www.capotex.com\/wp-content\/uploads\/2024\/07\/Seitenschutz-fur-Forderband-300x218.jpg 300w\" sizes=\"(max-width: 550px) 100vw, 550px\" \/>\t\t\t\t\t\t\t\t<\/a>\n\t\t\t\t\t\t\t\t\t\t\t\t\t\t\t<\/div>\n\t\t\t\t<\/div>\n\t\t\t\t\t<\/div>\n\t\t\t\t<\/div>\n\t\t<div class=\"elementor-element elementor-element-98359af e-flex e-con-boxed e-con e-parent\" data-id=\"98359af\" data-element_type=\"container\" data-e-type=\"container\">\n\t\t\t\t\t<div class=\"e-con-inner\">\n\t\t<div class=\"elementor-element elementor-element-32ab6cb e-con-full e-flex e-con e-child\" data-id=\"32ab6cb\" data-element_type=\"container\" data-e-type=\"container\">\n\t\t\t\t<div class=\"elementor-element elementor-element-6ac56b8 elementor-widget elementor-widget-text-editor\" data-id=\"6ac56b8\" data-element_type=\"widget\" data-e-type=\"widget\" data-widget_type=\"text-editor.default\">\n\t\t\t\t<div class=\"elementor-widget-container\">\n\t\t\t\t\t\t\t\t\t<p><strong>Merkmale:<\/strong><\/p>\n<ul>\n<li>Sie sorgen f\u00fcr Konsistenz und Einhaltung der Vorschriften.<\/li>\n<li>Sie sorgen f\u00fcr eine korrekte Installation durch Innovation in ihren ma\u00dfgeschneiderten L\u00f6sungen.<\/li>\n<li>Schl\u00fcssel zum Ver- und Entriegeln des Systems, um die Installation zu erleichtern.<\/li>\n<li>F\u00fcr eine schnelle und einfache Demontage konzipiert.<\/li>\n<\/ul>\n\t\t\t\t\t\t\t\t<\/div>\n\t\t\t\t<\/div>\n\t\t\t\t<\/div>\n\t\t<div class=\"elementor-element elementor-element-d7ea931 e-con-full e-flex e-con e-child\" data-id=\"d7ea931\" data-element_type=\"container\" data-e-type=\"container\">\n\t\t\t\t<div class=\"elementor-element elementor-element-61a04bb elementor-widget elementor-widget-text-editor\" data-id=\"61a04bb\" data-element_type=\"widget\" data-e-type=\"widget\" data-widget_type=\"text-editor.default\">\n\t\t\t\t<div class=\"elementor-widget-container\">\n\t\t\t\t\t\t\t\t\t<p><strong>Materialien:<\/strong><\/p>\n<ul>\n<li>ZM 300-310<\/li>\n<li>Verzinkter Stahl<\/li>\n<li>Vorlackierter Stahl<\/li>\n<li>HPS 200 Hochleistungsstahl<\/li>\n<li>Rostfreier Stahl 304<\/li>\n<li>Rostfreier Stahl 316<\/li>\n<li>Faserverst\u00e4rktes Polyester<\/li>\n<li>Aluminium<\/li>\n<\/ul>\n\t\t\t\t\t\t\t\t<\/div>\n\t\t\t\t<\/div>\n\t\t\t\t<\/div>\n\t\t<div class=\"elementor-element elementor-element-63faf9a e-con-full e-flex e-con e-child\" data-id=\"63faf9a\" data-element_type=\"container\" data-e-type=\"container\">\n\t\t\t\t<div class=\"elementor-element elementor-element-2a6b725 elementor-widget elementor-widget-text-editor\" data-id=\"2a6b725\" data-element_type=\"widget\" data-e-type=\"widget\" data-widget_type=\"text-editor.default\">\n\t\t\t\t<div class=\"elementor-widget-container\">\n\t\t\t\t\t\t\t\t\t<p><strong>Technische Daten:<\/strong><\/p>\n<ul>\n<li><strong>L\u00e4nge<\/strong> in maximalen Abschnitten bis zu 3 Metern.<\/li>\n<li><strong>H\u00f6he<\/strong> bis zu 0,8 Meter.<\/li>\n<li><strong>Systemgewicht<\/strong> 10 kg \/ Meter.<\/li>\n<\/ul>\n\t\t\t\t\t\t\t\t<\/div>\n\t\t\t\t<\/div>\n\t\t\t\t<\/div>\n\t\t\t\t\t<\/div>\n\t\t\t\t<\/div>\n\t\t<div class=\"elementor-element elementor-element-845f1f0 e-flex e-con-boxed e-con e-parent\" data-id=\"845f1f0\" data-element_type=\"container\" data-e-type=\"container\">\n\t\t\t\t\t<div class=\"e-con-inner\">\n\t\t\t\t<div class=\"elementor-element elementor-element-f1a3c93 elementor-widget elementor-widget-image\" data-id=\"f1a3c93\" data-element_type=\"widget\" data-e-type=\"widget\" data-widget_type=\"image.default\">\n\t\t\t\t<div class=\"elementor-widget-container\">\n\t\t\t\t\t\t\t\t\t\t\t\t\t\t\t\t<a href=\"https:\/\/www.capotex.com\/wp-content\/uploads\/2024\/03\/P-4-METAL-SHEET-German.pdf\" target=\"_blank\">\n\t\t\t\t\t\t\t<img decoding=\"async\" width=\"793\" height=\"560\" src=\"https:\/\/www.capotex.com\/wp-content\/uploads\/2024\/03\/P4-Sheet-German.jpg\" class=\"attachment-full size-full wp-image-32535\" alt=\"Seitenschutz f\u00fcr F\u00f6rderb\u00e4nd\" srcset=\"https:\/\/www.capotex.com\/wp-content\/uploads\/2024\/03\/P4-Sheet-German.jpg 793w, https:\/\/www.capotex.com\/wp-content\/uploads\/2024\/03\/P4-Sheet-German-300x212.jpg 300w, https:\/\/www.capotex.com\/wp-content\/uploads\/2024\/03\/P4-Sheet-German-768x542.jpg 768w\" sizes=\"(max-width: 793px) 100vw, 793px\" \/>\t\t\t\t\t\t\t\t<\/a>\n\t\t\t\t\t\t\t\t\t\t\t\t\t\t\t<\/div>\n\t\t\t\t<\/div>\n\t\t\t\t<div class=\"elementor-element elementor-element-ef61233 elementor-widget elementor-widget-text-editor\" data-id=\"ef61233\" data-element_type=\"widget\" data-e-type=\"widget\" data-widget_type=\"text-editor.default\">\n\t\t\t\t<div class=\"elementor-widget-container\">\n\t\t\t\t\t\t\t\t\t<p style=\"text-align: center;\"><em><a href=\"https:\/\/www.capotex.com\/wp-content\/uploads\/2024\/03\/P-4-METAL-SHEET-German.pdf\" target=\"_blank\" rel=\"noopener\">Download P-4 Blechplan in pdf<\/a><\/em><\/p>\t\t\t\t\t\t\t\t<\/div>\n\t\t\t\t<\/div>\n\t\t\t\t\t<\/div>\n\t\t\t\t<\/div>\n\t\t\t\t<\/div>\n\t\t","protected":false},"excerpt":{"rendered":"<p>Seitenschutz f\u00fcr F\u00f6rderb\u00e4nd Schutzblech f\u00fcr das F\u00f6rderband mit Spezialschl\u00fcssel (P4) Merkmale: Sie sorgen f\u00fcr Konsistenz und Einhaltung der Vorschriften. Sie sorgen f\u00fcr eine korrekte Installation durch Innovation in ihren ma\u00dfgeschneiderten L\u00f6sungen. Schl\u00fcssel zum Ver- und Entriegeln des Systems, um die Installation zu erleichtern. F\u00fcr eine schnelle und einfache Demontage konzipiert. Materialien: ZM 300-310 Verzinkter Stahl [&hellip;]<\/p>\n","protected":false},"author":1,"featured_media":1661,"parent":26252,"menu_order":50,"comment_status":"closed","ping_status":"closed","template":"","meta":{"_joinchat":[],"footnotes":""},"tags":[60],"class_list":["post-26255","page","type-page","status-publish","has-post-thumbnail","hentry","tag-chargebelt-de"],"_links":{"self":[{"href":"https:\/\/www.capotex.com\/de\/wp-json\/wp\/v2\/pages\/26255","targetHints":{"allow":["GET"]}}],"collection":[{"href":"https:\/\/www.capotex.com\/de\/wp-json\/wp\/v2\/pages"}],"about":[{"href":"https:\/\/www.capotex.com\/de\/wp-json\/wp\/v2\/types\/page"}],"author":[{"embeddable":true,"href":"https:\/\/www.capotex.com\/de\/wp-json\/wp\/v2\/users\/1"}],"replies":[{"embeddable":true,"href":"https:\/\/www.capotex.com\/de\/wp-json\/wp\/v2\/comments?post=26255"}],"version-history":[{"count":9,"href":"https:\/\/www.capotex.com\/de\/wp-json\/wp\/v2\/pages\/26255\/revisions"}],"predecessor-version":[{"id":35170,"href":"https:\/\/www.capotex.com\/de\/wp-json\/wp\/v2\/pages\/26255\/revisions\/35170"}],"up":[{"embeddable":true,"href":"https:\/\/www.capotex.com\/de\/wp-json\/wp\/v2\/pages\/26252"}],"wp:featuredmedia":[{"embeddable":true,"href":"https:\/\/www.capotex.com\/de\/wp-json\/wp\/v2\/media\/1661"}],"wp:attachment":[{"href":"https:\/\/www.capotex.com\/de\/wp-json\/wp\/v2\/media?parent=26255"}],"wp:term":[{"taxonomy":"post_tag","embeddable":true,"href":"https:\/\/www.capotex.com\/de\/wp-json\/wp\/v2\/tags?post=26255"}],"curies":[{"name":"wp","href":"https:\/\/api.w.org\/{rel}","templated":true}]}}