{"id":26269,"date":"2023-05-16T11:26:07","date_gmt":"2023-05-16T10:26:07","guid":{"rendered":"https:\/\/capotex.com\/seitliche-schutzvorrichtungen-fuer-das-foerderband\/masche-mit-sechskantschraube\/"},"modified":"2024-07-16T16:50:12","modified_gmt":"2024-07-16T15:50:12","slug":"forderband-seitenschutzgitter","status":"publish","type":"page","link":"https:\/\/www.capotex.com\/de\/seitliche-schutzvorrichtungen-fur-foerderband\/forderband-seitenschutzgitter\/","title":{"rendered":"Masche mit Sechskantschraube"},"content":{"rendered":"\t\t<div data-elementor-type=\"wp-page\" data-elementor-id=\"26269\" class=\"elementor elementor-26269 elementor-1768\" data-elementor-post-type=\"page\">\n\t\t\t\t<div class=\"elementor-element elementor-element-77d28e8 e-flex e-con-boxed e-con e-parent\" data-id=\"77d28e8\" data-element_type=\"container\" data-e-type=\"container\">\n\t\t\t\t\t<div class=\"e-con-inner\">\n\t\t\t\t<div class=\"elementor-element elementor-element-81dbd43 elementor-widget elementor-widget-heading\" data-id=\"81dbd43\" data-element_type=\"widget\" data-e-type=\"widget\" data-widget_type=\"heading.default\">\n\t\t\t\t<div class=\"elementor-widget-container\">\n\t\t\t\t\t<h1 class=\"elementor-heading-title elementor-size-default\">F\u00f6rderband Seitenschutzgitter<\/h1>\t\t\t\t<\/div>\n\t\t\t\t<\/div>\n\t\t\t\t<div class=\"elementor-element elementor-element-7129673 elementor-widget elementor-widget-heading\" data-id=\"7129673\" data-element_type=\"widget\" data-e-type=\"widget\" data-widget_type=\"heading.default\">\n\t\t\t\t<div class=\"elementor-widget-container\">\n\t\t\t\t\t<h2 class=\"elementor-heading-title elementor-size-default\">Seitenschutz des F\u00f6rderbandes mit Metallgitter und Sechskantschraube (P3)<\/h2>\t\t\t\t<\/div>\n\t\t\t\t<\/div>\n\t\t\t\t<div class=\"elementor-element elementor-element-3462be3 elementor-widget elementor-widget-image\" data-id=\"3462be3\" data-element_type=\"widget\" data-e-type=\"widget\" data-widget_type=\"image.default\">\n\t\t\t\t<div class=\"elementor-widget-container\">\n\t\t\t\t\t\t\t\t\t\t\t\t\t\t\t\t<a href=\"https:\/\/www.capotex.com\/wp-content\/uploads\/2024\/07\/Forderband-Seitenschutzgitter.jpg\" data-elementor-open-lightbox=\"yes\" data-elementor-lightbox-title=\"F\u00f6rderband Seitenschutzgitter\" data-elementor-lightbox-description=\"F\u00f6rderband Seitenschutzgitter\" data-e-action-hash=\"#elementor-action%3Aaction%3Dlightbox%26settings%3DeyJpZCI6MzUxMjksInVybCI6Imh0dHBzOlwvXC93d3cuY2Fwb3RleC5jb21cL3dwLWNvbnRlbnRcL3VwbG9hZHNcLzIwMjRcLzA3XC9Gb3JkZXJiYW5kLVNlaXRlbnNjaHV0emdpdHRlci5qcGcifQ%3D%3D\">\n\t\t\t\t\t\t\t<img fetchpriority=\"high\" decoding=\"async\" width=\"550\" height=\"400\" src=\"https:\/\/www.capotex.com\/wp-content\/uploads\/2024\/07\/Forderband-Seitenschutzgitter.jpg\" class=\"attachment-full size-full wp-image-35129\" alt=\"F\u00f6rderband Seitenschutzgitter\" srcset=\"https:\/\/www.capotex.com\/wp-content\/uploads\/2024\/07\/Forderband-Seitenschutzgitter.jpg 550w, https:\/\/www.capotex.com\/wp-content\/uploads\/2024\/07\/Forderband-Seitenschutzgitter-300x218.jpg 300w\" sizes=\"(max-width: 550px) 100vw, 550px\" \/>\t\t\t\t\t\t\t\t<\/a>\n\t\t\t\t\t\t\t\t\t\t\t\t\t\t\t<\/div>\n\t\t\t\t<\/div>\n\t\t\t\t\t<\/div>\n\t\t\t\t<\/div>\n\t\t<div class=\"elementor-element elementor-element-f834c3a e-flex e-con-boxed e-con e-parent\" data-id=\"f834c3a\" data-element_type=\"container\" data-e-type=\"container\">\n\t\t\t\t\t<div class=\"e-con-inner\">\n\t\t<div class=\"elementor-element elementor-element-be0d9d3 e-con-full e-flex e-con e-child\" data-id=\"be0d9d3\" data-element_type=\"container\" data-e-type=\"container\">\n\t\t\t\t<div class=\"elementor-element elementor-element-2d4814d elementor-widget elementor-widget-text-editor\" data-id=\"2d4814d\" data-element_type=\"widget\" data-e-type=\"widget\" data-widget_type=\"text-editor.default\">\n\t\t\t\t<div class=\"elementor-widget-container\">\n\t\t\t\t\t\t\t\t\t<p><strong>Merkmale:<\/strong><\/p>\n<ul>\n<li>Sie sorgen f\u00fcr Konsistenz und Einhaltung der Vorschriften.<\/li>\n<li>Dank der Innovation ihrer ma\u00dfgeschneiderten L\u00f6sungen gew\u00e4hrleisten sie eine korrekte Installation.<\/li>\n<li>Ihre Einfachheit und Leichtigkeit erm\u00f6glichen es, den Zaun vor der Montage abzust\u00fctzen, was die Montagezeit verk\u00fcrzt.<\/li>\n<li>F\u00fcr eine schnelle und einfache Demontage konzipiert.<\/li>\n<\/ul>\n\t\t\t\t\t\t\t\t<\/div>\n\t\t\t\t<\/div>\n\t\t\t\t<\/div>\n\t\t<div class=\"elementor-element elementor-element-1989611 e-con-full e-flex e-con e-child\" data-id=\"1989611\" data-element_type=\"container\" data-e-type=\"container\">\n\t\t\t\t<div class=\"elementor-element elementor-element-537062c elementor-widget elementor-widget-text-editor\" data-id=\"537062c\" data-element_type=\"widget\" data-e-type=\"widget\" data-widget_type=\"text-editor.default\">\n\t\t\t\t<div class=\"elementor-widget-container\">\n\t\t\t\t\t\t\t\t\t<p><strong>Materialien:<\/strong><\/p>\n<ul>\n<li>Feuerverzinkt.<\/li>\n<li>Rostfreier Stahl 304.<\/li>\n<li>Rostfreier Stahl 316.<\/li>\n<\/ul>\n\t\t\t\t\t\t\t\t<\/div>\n\t\t\t\t<\/div>\n\t\t\t\t<\/div>\n\t\t<div class=\"elementor-element elementor-element-74f0ea7 e-con-full e-flex e-con e-child\" data-id=\"74f0ea7\" data-element_type=\"container\" data-e-type=\"container\">\n\t\t\t\t<div class=\"elementor-element elementor-element-25759c0 elementor-widget elementor-widget-text-editor\" data-id=\"25759c0\" data-element_type=\"widget\" data-e-type=\"widget\" data-widget_type=\"text-editor.default\">\n\t\t\t\t<div class=\"elementor-widget-container\">\n\t\t\t\t\t\t\t\t\t<p><strong>Technische Daten:<\/strong><\/p><ul><li><strong>L\u00e4nge<\/strong>\u00a0der Einheit von 1,5 bis 2,4 m.<\/li><li><strong>H\u00f6he<\/strong>\u00a0gem\u00e4\u00df\u00a0<a href=\"https:\/\/www.capotex.com\/wp-content\/uploads\/2024\/03\/P3-and-P4-Mesh-dimensions.pdf\" target=\"_blank\" rel=\"noopener\">Zeichnung<\/a>.<\/li><li><strong>Gewicht des Systems<\/strong>\u00a04,7 kg\/Meter.<\/li><li><strong>Standardmaschengr\u00f6\u00dfe<\/strong> 80\u00d720 Draht 3 mm (andere Gr\u00f6\u00dfen auf Anfrage).<\/li><\/ul>\t\t\t\t\t\t\t\t<\/div>\n\t\t\t\t<\/div>\n\t\t\t\t<\/div>\n\t\t\t\t\t<\/div>\n\t\t\t\t<\/div>\n\t\t<div class=\"elementor-element elementor-element-43fbe52 e-flex e-con-boxed e-con e-parent\" data-id=\"43fbe52\" data-element_type=\"container\" data-e-type=\"container\">\n\t\t\t\t\t<div class=\"e-con-inner\">\n\t\t\t\t<div class=\"elementor-element elementor-element-c15fe6e elementor-widget elementor-widget-image\" data-id=\"c15fe6e\" data-element_type=\"widget\" data-e-type=\"widget\" data-widget_type=\"image.default\">\n\t\t\t\t<div class=\"elementor-widget-container\">\n\t\t\t\t\t\t\t\t\t\t\t\t\t\t\t\t<a href=\"https:\/\/www.capotex.com\/wp-content\/uploads\/2024\/03\/P-3_MESH-Deutsch.pdf\" target=\"_blank\">\n\t\t\t\t\t\t\t<img decoding=\"async\" width=\"793\" height=\"560\" src=\"https:\/\/www.capotex.com\/wp-content\/uploads\/2024\/03\/P-3_Mesh_German.jpg\" class=\"attachment-full size-full wp-image-32368\" alt=\"F\u00f6rderband Seitenschutzgitter\" srcset=\"https:\/\/www.capotex.com\/wp-content\/uploads\/2024\/03\/P-3_Mesh_German.jpg 793w, https:\/\/www.capotex.com\/wp-content\/uploads\/2024\/03\/P-3_Mesh_German-300x212.jpg 300w, https:\/\/www.capotex.com\/wp-content\/uploads\/2024\/03\/P-3_Mesh_German-768x542.jpg 768w\" sizes=\"(max-width: 793px) 100vw, 793px\" \/>\t\t\t\t\t\t\t\t<\/a>\n\t\t\t\t\t\t\t\t\t\t\t\t\t\t\t<\/div>\n\t\t\t\t<\/div>\n\t\t\t\t<div class=\"elementor-element elementor-element-3851f37 elementor-widget elementor-widget-text-editor\" data-id=\"3851f37\" data-element_type=\"widget\" data-e-type=\"widget\" data-widget_type=\"text-editor.default\">\n\t\t\t\t<div class=\"elementor-widget-container\">\n\t\t\t\t\t\t\t\t\t<p style=\"text-align: center;\"><a href=\"https:\/\/www.capotex.com\/wp-content\/uploads\/2024\/03\/P-3_MESH-Deutsch.pdf\" target=\"_blank\" rel=\"noopener\"><em>P-3-Netzplan im pdf-Format herunterladen<\/em><\/a><\/p>\t\t\t\t\t\t\t\t<\/div>\n\t\t\t\t<\/div>\n\t\t\t\t\t<\/div>\n\t\t\t\t<\/div>\n\t\t\t\t<\/div>\n\t\t","protected":false},"excerpt":{"rendered":"<p>F\u00f6rderband Seitenschutzgitter Seitenschutz des F\u00f6rderbandes mit Metallgitter und Sechskantschraube (P3) Merkmale: Sie sorgen f\u00fcr Konsistenz und Einhaltung der Vorschriften. Dank der Innovation ihrer ma\u00dfgeschneiderten L\u00f6sungen gew\u00e4hrleisten sie eine korrekte Installation. Ihre Einfachheit und Leichtigkeit erm\u00f6glichen es, den Zaun vor der Montage abzust\u00fctzen, was die Montagezeit verk\u00fcrzt. F\u00fcr eine schnelle und einfache Demontage konzipiert. Materialien: Feuerverzinkt. [&hellip;]<\/p>\n","protected":false},"author":1,"featured_media":1699,"parent":26252,"menu_order":20,"comment_status":"closed","ping_status":"closed","template":"","meta":{"_joinchat":[],"footnotes":""},"tags":[60],"class_list":["post-26269","page","type-page","status-publish","has-post-thumbnail","hentry","tag-chargebelt-de"],"_links":{"self":[{"href":"https:\/\/www.capotex.com\/de\/wp-json\/wp\/v2\/pages\/26269","targetHints":{"allow":["GET"]}}],"collection":[{"href":"https:\/\/www.capotex.com\/de\/wp-json\/wp\/v2\/pages"}],"about":[{"href":"https:\/\/www.capotex.com\/de\/wp-json\/wp\/v2\/types\/page"}],"author":[{"embeddable":true,"href":"https:\/\/www.capotex.com\/de\/wp-json\/wp\/v2\/users\/1"}],"replies":[{"embeddable":true,"href":"https:\/\/www.capotex.com\/de\/wp-json\/wp\/v2\/comments?post=26269"}],"version-history":[{"count":13,"href":"https:\/\/www.capotex.com\/de\/wp-json\/wp\/v2\/pages\/26269\/revisions"}],"predecessor-version":[{"id":35135,"href":"https:\/\/www.capotex.com\/de\/wp-json\/wp\/v2\/pages\/26269\/revisions\/35135"}],"up":[{"embeddable":true,"href":"https:\/\/www.capotex.com\/de\/wp-json\/wp\/v2\/pages\/26252"}],"wp:featuredmedia":[{"embeddable":true,"href":"https:\/\/www.capotex.com\/de\/wp-json\/wp\/v2\/media\/1699"}],"wp:attachment":[{"href":"https:\/\/www.capotex.com\/de\/wp-json\/wp\/v2\/media?parent=26269"}],"wp:term":[{"taxonomy":"post_tag","embeddable":true,"href":"https:\/\/www.capotex.com\/de\/wp-json\/wp\/v2\/tags?post=26269"}],"curies":[{"name":"wp","href":"https:\/\/api.w.org\/{rel}","templated":true}]}}