{"id":26272,"date":"2023-04-30T09:24:15","date_gmt":"2023-04-30T08:24:15","guid":{"rendered":"https:\/\/capotex.com\/produkte\/"},"modified":"2024-04-25T07:54:54","modified_gmt":"2024-04-25T06:54:54","slug":"abdeckhauben-fur-forderbander","status":"publish","type":"page","link":"https:\/\/www.capotex.com\/de\/abdeckhauben-fur-forderbander\/","title":{"rendered":"Produkte Abdeckhauben f\u00fcr F\u00f6rderb\u00e4nder"},"content":{"rendered":"\t\t<div data-elementor-type=\"wp-page\" data-elementor-id=\"26272\" class=\"elementor elementor-26272 elementor-92\" data-elementor-post-type=\"page\">\n\t\t\t\t<div class=\"elementor-element elementor-element-319cbce e-flex e-con-boxed e-con e-parent\" data-id=\"319cbce\" data-element_type=\"container\" data-e-type=\"container\">\n\t\t\t\t\t<div class=\"e-con-inner\">\n\t\t<div class=\"elementor-element elementor-element-f36e273 e-con-full e-flex e-con e-child\" data-id=\"f36e273\" data-element_type=\"container\" data-e-type=\"container\">\n\t\t\t\t<div class=\"elementor-element elementor-element-5e0852e elementor-widget elementor-widget-text-editor\" data-id=\"5e0852e\" data-element_type=\"widget\" data-e-type=\"widget\" data-widget_type=\"text-editor.default\">\n\t\t\t\t<div class=\"elementor-widget-container\">\n\t\t\t\t\t\t\t\t\t<p>Capotex stellt die gesamte Produktlinie der F\u00f6rderbandabdeckungen her und bietet alle notwendigen L\u00f6sungen, die Kunden ben\u00f6tigen. Wir haben verschiedene Modelle von F\u00f6rderbandabdeckungen, seitlichen Schutzvorrichtungen, Befestigungen, Materialien und Zubeh\u00f6r f\u00fcr alle Arten von F\u00f6rderb\u00e4ndern entwickelt.<\/p><p>In jedem Abschnitt finden Sie alle Spezifikationen und Datenbl\u00e4tter unserer F\u00f6rderbandabdeckungen.<\/p>\t\t\t\t\t\t\t\t<\/div>\n\t\t\t\t<\/div>\n\t\t\t\t<\/div>\n\t\t\t\t\t<\/div>\n\t\t\t\t<\/div>\n\t\t<div class=\"elementor-element elementor-element-65fc9b4 e-flex e-con-boxed e-con e-parent\" data-id=\"65fc9b4\" data-element_type=\"container\" data-e-type=\"container\">\n\t\t\t\t\t<div class=\"e-con-inner\">\n\t\t\t\t\t<\/div>\n\t\t\t\t<\/div>\n\t\t\t\t<\/div>\n\t\t","protected":false},"excerpt":{"rendered":"<p>Capotex stellt die gesamte Produktlinie der F\u00f6rderbandabdeckungen her und bietet alle notwendigen L\u00f6sungen, die Kunden ben\u00f6tigen. Wir haben verschiedene Modelle von F\u00f6rderbandabdeckungen, seitlichen Schutzvorrichtungen, Befestigungen, Materialien und Zubeh\u00f6r f\u00fcr alle Arten von F\u00f6rderb\u00e4ndern entwickelt. In jedem Abschnitt finden Sie alle Spezifikationen und Datenbl\u00e4tter unserer F\u00f6rderbandabdeckungen.<\/p>\n","protected":false},"author":1,"featured_media":0,"parent":0,"menu_order":0,"comment_status":"closed","ping_status":"closed","template":"elementor_header_footer","meta":{"_joinchat":[],"footnotes":""},"tags":[],"class_list":["post-26272","page","type-page","status-publish","hentry"],"_links":{"self":[{"href":"https:\/\/www.capotex.com\/de\/wp-json\/wp\/v2\/pages\/26272","targetHints":{"allow":["GET"]}}],"collection":[{"href":"https:\/\/www.capotex.com\/de\/wp-json\/wp\/v2\/pages"}],"about":[{"href":"https:\/\/www.capotex.com\/de\/wp-json\/wp\/v2\/types\/page"}],"author":[{"embeddable":true,"href":"https:\/\/www.capotex.com\/de\/wp-json\/wp\/v2\/users\/1"}],"replies":[{"embeddable":true,"href":"https:\/\/www.capotex.com\/de\/wp-json\/wp\/v2\/comments?post=26272"}],"version-history":[{"count":20,"href":"https:\/\/www.capotex.com\/de\/wp-json\/wp\/v2\/pages\/26272\/revisions"}],"predecessor-version":[{"id":32999,"href":"https:\/\/www.capotex.com\/de\/wp-json\/wp\/v2\/pages\/26272\/revisions\/32999"}],"wp:attachment":[{"href":"https:\/\/www.capotex.com\/de\/wp-json\/wp\/v2\/media?parent=26272"}],"wp:term":[{"taxonomy":"post_tag","embeddable":true,"href":"https:\/\/www.capotex.com\/de\/wp-json\/wp\/v2\/tags?post=26272"}],"curies":[{"name":"wp","href":"https:\/\/api.w.org\/{rel}","templated":true}]}}