{"id":26285,"date":"2023-05-16T15:56:05","date_gmt":"2023-05-16T14:56:05","guid":{"rendered":"https:\/\/capotex.com\/produkte\/standard-modelle\/"},"modified":"2024-05-07T08:51:22","modified_gmt":"2024-05-07T07:51:22","slug":"forderband-haube","status":"publish","type":"page","link":"https:\/\/www.capotex.com\/de\/abdeckhauben-fur-forderbander\/forderband-haube\/","title":{"rendered":"Standard-Modelle"},"content":{"rendered":"\t\t<div data-elementor-type=\"wp-page\" data-elementor-id=\"26285\" class=\"elementor elementor-26285 elementor-1915\" data-elementor-post-type=\"page\">\n\t\t\t\t<div class=\"elementor-element elementor-element-8e93288 e-flex e-con-boxed e-con e-parent\" data-id=\"8e93288\" data-element_type=\"container\" data-e-type=\"container\">\n\t\t\t\t\t<div class=\"e-con-inner\">\n\t\t<div class=\"elementor-element elementor-element-c601bac e-con-full e-flex e-con e-child\" data-id=\"c601bac\" data-element_type=\"container\" data-e-type=\"container\">\n\t\t\t\t<div class=\"elementor-element elementor-element-22a03cd elementor-widget elementor-widget-heading\" data-id=\"22a03cd\" data-element_type=\"widget\" data-e-type=\"widget\" data-widget_type=\"heading.default\">\n\t\t\t\t<div class=\"elementor-widget-container\">\n\t\t\t\t\t<h1 class=\"elementor-heading-title elementor-size-default\">F\u00f6rderband Haube - Standard Modelles<\/h1>\t\t\t\t<\/div>\n\t\t\t\t<\/div>\n\t\t\t\t<div class=\"elementor-element elementor-element-0f34a1d elementor-widget elementor-widget-text-editor\" data-id=\"0f34a1d\" data-element_type=\"widget\" data-e-type=\"widget\" data-widget_type=\"text-editor.default\">\n\t\t\t\t<div class=\"elementor-widget-container\">\n\t\t\t\t\t\t\t\t\t<p>Seit 1993 haben wir <b>mehr als 3500 Installationen und 1400 km weltweit hergestellt und vertrieben. <\/b>Hier finden Sie unsere Standardmodelle von F\u00f6rderband Haube. In jedem Abschnitt finden Sie alle Spezifikationen und Datenbl\u00e4tter unserer <a href=\"https:\/\/www.capotex.com\/de\/abdeckhauben-fur-forderbander\/\">abdeckhauben f\u00fcr forderbander.<\/a><\/p>\t\t\t\t\t\t\t\t<\/div>\n\t\t\t\t<\/div>\n\t\t\t\t<\/div>\n\t\t\t\t\t<\/div>\n\t\t\t\t<\/div>\n\t\t<div class=\"elementor-element elementor-element-7a6ac3e e-flex e-con-boxed e-con e-parent\" data-id=\"7a6ac3e\" data-element_type=\"container\" data-e-type=\"container\">\n\t\t\t\t\t<div class=\"e-con-inner\">\n\t\t\t\t\t<\/div>\n\t\t\t\t<\/div>\n\t\t\t\t<\/div>\n\t\t","protected":false},"excerpt":{"rendered":"<p>F\u00f6rderband Haube &#8211; Standard Modelles Seit 1993 haben wir mehr als 3500 Installationen und 1400 km weltweit hergestellt und vertrieben. Hier finden Sie unsere Standardmodelle von F\u00f6rderband Haube. In jedem Abschnitt finden Sie alle Spezifikationen und Datenbl\u00e4tter unserer abdeckhauben f\u00fcr forderbander.<\/p>\n","protected":false},"author":1,"featured_media":275,"parent":26272,"menu_order":10,"comment_status":"closed","ping_status":"closed","template":"","meta":{"_joinchat":[],"footnotes":""},"tags":[66],"class_list":["post-26285","page","type-page","status-publish","has-post-thumbnail","hentry","tag-capotexprodukte"],"_links":{"self":[{"href":"https:\/\/www.capotex.com\/de\/wp-json\/wp\/v2\/pages\/26285","targetHints":{"allow":["GET"]}}],"collection":[{"href":"https:\/\/www.capotex.com\/de\/wp-json\/wp\/v2\/pages"}],"about":[{"href":"https:\/\/www.capotex.com\/de\/wp-json\/wp\/v2\/types\/page"}],"author":[{"embeddable":true,"href":"https:\/\/www.capotex.com\/de\/wp-json\/wp\/v2\/users\/1"}],"replies":[{"embeddable":true,"href":"https:\/\/www.capotex.com\/de\/wp-json\/wp\/v2\/comments?post=26285"}],"version-history":[{"count":17,"href":"https:\/\/www.capotex.com\/de\/wp-json\/wp\/v2\/pages\/26285\/revisions"}],"predecessor-version":[{"id":33199,"href":"https:\/\/www.capotex.com\/de\/wp-json\/wp\/v2\/pages\/26285\/revisions\/33199"}],"up":[{"embeddable":true,"href":"https:\/\/www.capotex.com\/de\/wp-json\/wp\/v2\/pages\/26272"}],"wp:featuredmedia":[{"embeddable":true,"href":"https:\/\/www.capotex.com\/de\/wp-json\/wp\/v2\/media\/275"}],"wp:attachment":[{"href":"https:\/\/www.capotex.com\/de\/wp-json\/wp\/v2\/media?parent=26285"}],"wp:term":[{"taxonomy":"post_tag","embeddable":true,"href":"https:\/\/www.capotex.com\/de\/wp-json\/wp\/v2\/tags?post=26285"}],"curies":[{"name":"wp","href":"https:\/\/api.w.org\/{rel}","templated":true}]}}