{"id":26291,"date":"2023-05-16T14:28:12","date_gmt":"2023-05-16T13:28:12","guid":{"rendered":"https:\/\/capotex.com\/seitliche-schutzvorrichtungen-fuer-das-foerderband\/blatt-mit-scharnierhaken\/"},"modified":"2024-07-18T16:37:25","modified_gmt":"2024-07-18T15:37:25","slug":"seitenschutz-fur-fordergurte","status":"publish","type":"page","link":"https:\/\/www.capotex.com\/de\/seitliche-schutzvorrichtungen-fur-foerderband\/seitenschutz-fur-fordergurte\/","title":{"rendered":"Blech mit Scharnierhaken"},"content":{"rendered":"\t\t<div data-elementor-type=\"wp-page\" data-elementor-id=\"26291\" class=\"elementor elementor-26291 elementor-1844\" data-elementor-post-type=\"page\">\n\t\t\t\t<div class=\"elementor-element elementor-element-da441f7 e-flex e-con-boxed e-con e-parent\" data-id=\"da441f7\" data-element_type=\"container\" data-e-type=\"container\">\n\t\t\t\t\t<div class=\"e-con-inner\">\n\t\t\t\t<div class=\"elementor-element elementor-element-799dbd8 elementor-widget elementor-widget-heading\" data-id=\"799dbd8\" data-element_type=\"widget\" data-e-type=\"widget\" data-widget_type=\"heading.default\">\n\t\t\t\t<div class=\"elementor-widget-container\">\n\t\t\t\t\t<h1 class=\"elementor-heading-title elementor-size-default\">Seitenschutz f\u00fcr F\u00f6rdergurte<\/h1>\t\t\t\t<\/div>\n\t\t\t\t<\/div>\n\t\t\t\t<div class=\"elementor-element elementor-element-00ed15b elementor-widget elementor-widget-heading\" data-id=\"00ed15b\" data-element_type=\"widget\" data-e-type=\"widget\" data-widget_type=\"heading.default\">\n\t\t\t\t<div class=\"elementor-widget-container\">\n\t\t\t\t\t<h2 class=\"elementor-heading-title elementor-size-default\">Seitenschutzblech mit Haken f\u00fcr das R\u00fcckf\u00fchrband (C9)<\/h2>\t\t\t\t<\/div>\n\t\t\t\t<\/div>\n\t\t\t\t<div class=\"elementor-element elementor-element-696476f elementor-widget elementor-widget-image\" data-id=\"696476f\" data-element_type=\"widget\" data-e-type=\"widget\" data-widget_type=\"image.default\">\n\t\t\t\t<div class=\"elementor-widget-container\">\n\t\t\t\t\t\t\t\t\t\t\t\t\t\t\t\t<a href=\"https:\/\/www.capotex.com\/wp-content\/uploads\/2024\/07\/Seitenschutz-fur-Fordergurte.jpg\" data-elementor-open-lightbox=\"yes\" data-elementor-lightbox-title=\"Seitenschutz f\u00fcr F\u00f6rdergurte\" data-elementor-lightbox-description=\"Seitenschutz f\u00fcr F\u00f6rdergurte\" data-e-action-hash=\"#elementor-action%3Aaction%3Dlightbox%26settings%3DeyJpZCI6MzUxODcsInVybCI6Imh0dHBzOlwvXC93d3cuY2Fwb3RleC5jb21cL3dwLWNvbnRlbnRcL3VwbG9hZHNcLzIwMjRcLzA3XC9TZWl0ZW5zY2h1dHotZnVyLUZvcmRlcmd1cnRlLmpwZyJ9\">\n\t\t\t\t\t\t\t<img fetchpriority=\"high\" decoding=\"async\" width=\"550\" height=\"400\" src=\"https:\/\/www.capotex.com\/wp-content\/uploads\/2024\/07\/Seitenschutz-fur-Fordergurte.jpg\" class=\"attachment-full size-full wp-image-35187\" alt=\"Seitenschutz f\u00fcr F\u00f6rdergurte\" srcset=\"https:\/\/www.capotex.com\/wp-content\/uploads\/2024\/07\/Seitenschutz-fur-Fordergurte.jpg 550w, https:\/\/www.capotex.com\/wp-content\/uploads\/2024\/07\/Seitenschutz-fur-Fordergurte-300x218.jpg 300w\" sizes=\"(max-width: 550px) 100vw, 550px\" \/>\t\t\t\t\t\t\t\t<\/a>\n\t\t\t\t\t\t\t\t\t\t\t\t\t\t\t<\/div>\n\t\t\t\t<\/div>\n\t\t\t\t\t<\/div>\n\t\t\t\t<\/div>\n\t\t<div class=\"elementor-element elementor-element-960cde1 e-flex e-con-boxed e-con e-parent\" data-id=\"960cde1\" data-element_type=\"container\" data-e-type=\"container\">\n\t\t\t\t\t<div class=\"e-con-inner\">\n\t\t<div class=\"elementor-element elementor-element-c2aeaf2 e-con-full e-flex e-con e-child\" data-id=\"c2aeaf2\" data-element_type=\"container\" data-e-type=\"container\">\n\t\t\t\t<div class=\"elementor-element elementor-element-7e38445 elementor-widget elementor-widget-text-editor\" data-id=\"7e38445\" data-element_type=\"widget\" data-e-type=\"widget\" data-widget_type=\"text-editor.default\">\n\t\t\t\t<div class=\"elementor-widget-container\">\n\t\t\t\t\t\t\t\t\t<p><strong>Merkmale:<\/strong><\/p>\n<ul>\n<li>Seitenschutz: Sch\u00fctzt vollst\u00e4ndig vor den Auswirkungen von Seitenwind.<\/li>\n<li>Schutz des Umlenkbandes: Verhindert eine Fehlausrichtung des R\u00fcckf\u00fchrbandes durch externen Winddruck.<\/li>\n<li>Schutz vor Abnutzung: Verhindert \u00fcberm\u00e4\u00dfigen Verschlei\u00df durch kleine, vom Wind getragene Partikel. Es verl\u00e4ngert die Lebensdauer der Rollen, des F\u00f6rderers, der Stahlkonstruktion und aller F\u00f6rderkomponenten.<\/li>\n<li>Sicherheitsschutz: Verhindert eine versehentliche Manipulation des R\u00fcckf\u00fchrbandes und das Eindringen von Tieren in die Transporter am Boden.<\/li>\n<\/ul>\n\t\t\t\t\t\t\t\t<\/div>\n\t\t\t\t<\/div>\n\t\t\t\t<\/div>\n\t\t<div class=\"elementor-element elementor-element-b5ab741 e-con-full e-flex e-con e-child\" data-id=\"b5ab741\" data-element_type=\"container\" data-e-type=\"container\">\n\t\t\t\t<div class=\"elementor-element elementor-element-3e55d73 elementor-widget elementor-widget-text-editor\" data-id=\"3e55d73\" data-element_type=\"widget\" data-e-type=\"widget\" data-widget_type=\"text-editor.default\">\n\t\t\t\t<div class=\"elementor-widget-container\">\n\t\t\t\t\t\t\t\t\t<p><strong>Materialien:<\/strong><\/p>\n<ul>\n<li>ZM 300-310<\/li>\n<li>Verzinkter Stahl<\/li>\n<li>Vorlackierter Stahl<\/li>\n<li>HPS 200 Hochleistungsstahl<\/li>\n<li>Rostfreier Stahl 304<\/li>\n<li>Rostfreier Stahl 316<\/li>\n<li>Faserverst\u00e4rktes Polyester<\/li>\n<li>Aluminium<\/li>\n<\/ul>\n\t\t\t\t\t\t\t\t<\/div>\n\t\t\t\t<\/div>\n\t\t\t\t<\/div>\n\t\t<div class=\"elementor-element elementor-element-f54198e e-con-full e-flex e-con e-child\" data-id=\"f54198e\" data-element_type=\"container\" data-e-type=\"container\">\n\t\t\t\t<div class=\"elementor-element elementor-element-253b21c elementor-widget elementor-widget-text-editor\" data-id=\"253b21c\" data-element_type=\"widget\" data-e-type=\"widget\" data-widget_type=\"text-editor.default\">\n\t\t\t\t<div class=\"elementor-widget-container\">\n\t\t\t\t\t\t\t\t\t<p><strong>Technische Daten:<\/strong><\/p>\n<ul>\n<li><strong>L\u00e4nge<\/strong> in maximalen Abschnitten bis zu 3 Metern.<\/li>\n<li><strong>H\u00f6he<\/strong> bis zu 1 Meter.<\/li>\n<li><strong>Systemgewicht<\/strong> 15 kg \/ Meter.<\/li>\n<\/ul>\n\t\t\t\t\t\t\t\t<\/div>\n\t\t\t\t<\/div>\n\t\t\t\t<\/div>\n\t\t\t\t\t<\/div>\n\t\t\t\t<\/div>\n\t\t\t\t<\/div>\n\t\t","protected":false},"excerpt":{"rendered":"<p>Seitenschutz f\u00fcr F\u00f6rdergurte Seitenschutzblech mit Haken f\u00fcr das R\u00fcckf\u00fchrband (C9) Merkmale: Seitenschutz: Sch\u00fctzt vollst\u00e4ndig vor den Auswirkungen von Seitenwind. Schutz des Umlenkbandes: Verhindert eine Fehlausrichtung des R\u00fcckf\u00fchrbandes durch externen Winddruck. Schutz vor Abnutzung: Verhindert \u00fcberm\u00e4\u00dfigen Verschlei\u00df durch kleine, vom Wind getragene Partikel. Es verl\u00e4ngert die Lebensdauer der Rollen, des F\u00f6rderers, der Stahlkonstruktion und aller F\u00f6rderkomponenten. [&hellip;]<\/p>\n","protected":false},"author":1,"featured_media":1848,"parent":26252,"menu_order":30,"comment_status":"closed","ping_status":"closed","template":"","meta":{"_joinchat":[],"footnotes":""},"tags":[63],"class_list":["post-26291","page","type-page","status-publish","has-post-thumbnail","hentry","tag-rucklaufriemen"],"_links":{"self":[{"href":"https:\/\/www.capotex.com\/de\/wp-json\/wp\/v2\/pages\/26291","targetHints":{"allow":["GET"]}}],"collection":[{"href":"https:\/\/www.capotex.com\/de\/wp-json\/wp\/v2\/pages"}],"about":[{"href":"https:\/\/www.capotex.com\/de\/wp-json\/wp\/v2\/types\/page"}],"author":[{"embeddable":true,"href":"https:\/\/www.capotex.com\/de\/wp-json\/wp\/v2\/users\/1"}],"replies":[{"embeddable":true,"href":"https:\/\/www.capotex.com\/de\/wp-json\/wp\/v2\/comments?post=26291"}],"version-history":[{"count":6,"href":"https:\/\/www.capotex.com\/de\/wp-json\/wp\/v2\/pages\/26291\/revisions"}],"predecessor-version":[{"id":35193,"href":"https:\/\/www.capotex.com\/de\/wp-json\/wp\/v2\/pages\/26291\/revisions\/35193"}],"up":[{"embeddable":true,"href":"https:\/\/www.capotex.com\/de\/wp-json\/wp\/v2\/pages\/26252"}],"wp:featuredmedia":[{"embeddable":true,"href":"https:\/\/www.capotex.com\/de\/wp-json\/wp\/v2\/media\/1848"}],"wp:attachment":[{"href":"https:\/\/www.capotex.com\/de\/wp-json\/wp\/v2\/media?parent=26291"}],"wp:term":[{"taxonomy":"post_tag","embeddable":true,"href":"https:\/\/www.capotex.com\/de\/wp-json\/wp\/v2\/tags?post=26291"}],"curies":[{"name":"wp","href":"https:\/\/api.w.org\/{rel}","templated":true}]}}