{"id":26304,"date":"2023-05-16T15:46:40","date_gmt":"2023-05-16T14:46:40","guid":{"rendered":"https:\/\/capotex.com\/produkte\/standard-modelle\/paris\/"},"modified":"2024-06-27T09:33:15","modified_gmt":"2024-06-27T08:33:15","slug":"paris","status":"publish","type":"page","link":"https:\/\/www.capotex.com\/de\/abdeckhauben-fur-forderbander\/forderband-haube\/paris\/","title":{"rendered":"Paris"},"content":{"rendered":"\t\t<div data-elementor-type=\"wp-page\" data-elementor-id=\"26304\" class=\"elementor elementor-26304 elementor-1907\" data-elementor-post-type=\"page\">\n\t\t\t\t<div class=\"elementor-element elementor-element-7daee0b e-flex e-con-boxed e-con e-parent\" data-id=\"7daee0b\" data-element_type=\"container\" data-e-type=\"container\">\n\t\t\t\t\t<div class=\"e-con-inner\">\n\t\t<div class=\"elementor-element elementor-element-f6c0b1c e-con-full e-flex e-con e-child\" data-id=\"f6c0b1c\" data-element_type=\"container\" data-e-type=\"container\">\n\t\t\t\t<div class=\"elementor-element elementor-element-a956464 elementor-widget elementor-widget-image\" data-id=\"a956464\" data-element_type=\"widget\" data-e-type=\"widget\" data-widget_type=\"image.default\">\n\t\t\t\t<div class=\"elementor-widget-container\">\n\t\t\t\t\t\t\t\t\t\t\t\t\t\t\t<img fetchpriority=\"high\" decoding=\"async\" width=\"976\" height=\"537\" src=\"https:\/\/www.capotex.com\/wp-content\/uploads\/2024\/05\/Forderbandern-Abdeckhauben-Paris.webp\" class=\"attachment-full size-full wp-image-33850\" alt=\"F\u00f6rderb\u00e4ndern Abdeckhauben Par\u00eds\" srcset=\"https:\/\/www.capotex.com\/wp-content\/uploads\/2024\/05\/Forderbandern-Abdeckhauben-Paris.webp 976w, https:\/\/www.capotex.com\/wp-content\/uploads\/2024\/05\/Forderbandern-Abdeckhauben-Paris-300x165.webp 300w, https:\/\/www.capotex.com\/wp-content\/uploads\/2024\/05\/Forderbandern-Abdeckhauben-Paris-768x423.webp 768w\" sizes=\"(max-width: 976px) 100vw, 976px\" \/>\t\t\t\t\t\t\t\t\t\t\t\t\t\t\t<\/div>\n\t\t\t\t<\/div>\n\t\t\t\t<\/div>\n\t\t\t\t\t<\/div>\n\t\t\t\t<\/div>\n\t\t<div class=\"elementor-element elementor-element-b672f8d e-flex e-con-boxed e-con e-parent\" data-id=\"b672f8d\" data-element_type=\"container\" data-e-type=\"container\">\n\t\t\t\t\t<div class=\"e-con-inner\">\n\t\t<div class=\"elementor-element elementor-element-8946432 e-con-full e-flex e-con e-child\" data-id=\"8946432\" data-element_type=\"container\" data-e-type=\"container\">\n\t\t\t\t<div class=\"elementor-element elementor-element-96fe5d5 elementor-widget elementor-widget-heading\" data-id=\"96fe5d5\" data-element_type=\"widget\" data-e-type=\"widget\" data-widget_type=\"heading.default\">\n\t\t\t\t<div class=\"elementor-widget-container\">\n\t\t\t\t\t<h2 class=\"elementor-heading-title elementor-size-default\">Paris (mit Scharnier an einer Seite)<\/h2>\t\t\t\t<\/div>\n\t\t\t\t<\/div>\n\t\t\t\t<div class=\"elementor-element elementor-element-c513abb elementor-widget elementor-widget-text-editor\" data-id=\"c513abb\" data-element_type=\"widget\" data-e-type=\"widget\" data-widget_type=\"text-editor.default\">\n\t\t\t\t<div class=\"elementor-widget-container\">\n\t\t\t\t\t\t\t\t\t<p><strong>Die Paris-Abdeckhauben<\/strong> wurde f\u00fcr Installationen konzipiert, bei denen der Zugang von beiden Seiten des Bandes nicht m\u00f6glich war. Zun\u00e4chst als Adaption des Modells MADRID konzipiert, entwickelte er sich im Laufe der Zeit zu einem Klassiker mit eigener Identit\u00e4t.<\/p>\t\t\t\t\t\t\t\t<\/div>\n\t\t\t\t<\/div>\n\t\t<div class=\"elementor-element elementor-element-c167612 e-flex e-con-boxed e-con e-child\" data-id=\"c167612\" data-element_type=\"container\" data-e-type=\"container\">\n\t\t\t\t\t<div class=\"e-con-inner\">\n\t\t\t\t<div class=\"elementor-element elementor-element-084d461 elementor-widget elementor-widget-image\" data-id=\"084d461\" data-element_type=\"widget\" data-e-type=\"widget\" data-widget_type=\"image.default\">\n\t\t\t\t<div class=\"elementor-widget-container\">\n\t\t\t\t\t\t\t\t\t\t\t\t<figure class=\"wp-caption\">\n\t\t\t\t\t\t\t\t\t\t\t<a href=\"https:\/\/www.capotex.com\/wp-content\/uploads\/2023\/07\/Paris-Classic-DE.pdf\" target=\"_blank\">\n\t\t\t\t\t\t\t<img decoding=\"async\" width=\"608\" height=\"430\" src=\"https:\/\/www.capotex.com\/wp-content\/uploads\/2023\/07\/Paris-Classic-Cover.jpg\" class=\"attachment-full size-full wp-image-26987\" alt=\"\" srcset=\"https:\/\/www.capotex.com\/wp-content\/uploads\/2023\/07\/Paris-Classic-Cover.jpg 608w, https:\/\/www.capotex.com\/wp-content\/uploads\/2023\/07\/Paris-Classic-Cover-300x212.jpg 300w\" sizes=\"(max-width: 608px) 100vw, 608px\" \/>\t\t\t\t\t\t\t\t<\/a>\n\t\t\t\t\t\t\t\t\t\t\t<figcaption class=\"widget-image-caption wp-caption-text\">Download des Kr\u00fcmmungsplans \"Classic\" als pdf-Datei<\/figcaption>\n\t\t\t\t\t\t\t\t\t\t<\/figure>\n\t\t\t\t\t\t\t\t\t<\/div>\n\t\t\t\t<\/div>\n\t\t\t\t<div class=\"elementor-element elementor-element-7423b17 elementor-widget elementor-widget-image\" data-id=\"7423b17\" data-element_type=\"widget\" data-e-type=\"widget\" data-widget_type=\"image.default\">\n\t\t\t\t<div class=\"elementor-widget-container\">\n\t\t\t\t\t\t\t\t\t\t\t\t<figure class=\"wp-caption\">\n\t\t\t\t\t\t\t\t\t\t\t<a href=\"https:\/\/www.capotex.com\/wp-content\/uploads\/2023\/07\/Paris-Plus-DE.pdf\" target=\"_blank\">\n\t\t\t\t\t\t\t<img decoding=\"async\" width=\"607\" height=\"429\" src=\"https:\/\/www.capotex.com\/wp-content\/uploads\/2023\/07\/Paris-Plus-Cover.jpg\" class=\"attachment-full size-full wp-image-26991\" alt=\"\" srcset=\"https:\/\/www.capotex.com\/wp-content\/uploads\/2023\/07\/Paris-Plus-Cover.jpg 607w, https:\/\/www.capotex.com\/wp-content\/uploads\/2023\/07\/Paris-Plus-Cover-300x212.jpg 300w\" sizes=\"(max-width: 607px) 100vw, 607px\" \/>\t\t\t\t\t\t\t\t<\/a>\n\t\t\t\t\t\t\t\t\t\t\t<figcaption class=\"widget-image-caption wp-caption-text\">Download des Kr\u00fcmmungsplans \"Plus\" im pdf-Format<\/figcaption>\n\t\t\t\t\t\t\t\t\t\t<\/figure>\n\t\t\t\t\t\t\t\t\t<\/div>\n\t\t\t\t<\/div>\n\t\t\t\t\t<\/div>\n\t\t\t\t<\/div>\n\t\t\t\t<\/div>\n\t\t\t\t\t<\/div>\n\t\t\t\t<\/div>\n\t\t<div class=\"elementor-element elementor-element-a8e662f elementor-hidden-mobile e-flex e-con-boxed e-con e-parent\" data-id=\"a8e662f\" data-element_type=\"container\" data-e-type=\"container\">\n\t\t\t\t\t<div class=\"e-con-inner\">\n\t\t<div class=\"elementor-element elementor-element-6afdb48 e-con-full e-flex e-con e-child\" data-id=\"6afdb48\" data-element_type=\"container\" data-e-type=\"container\">\n\t\t\t\t<div class=\"elementor-element elementor-element-ff8c9e7 elementor-tabs-view-horizontal elementor-widget elementor-widget-tabs\" data-id=\"ff8c9e7\" data-element_type=\"widget\" data-e-type=\"widget\" data-widget_type=\"tabs.default\">\n\t\t\t\t<div class=\"elementor-widget-container\">\n\t\t\t\t\t\t\t<div class=\"elementor-tabs\">\n\t\t\t<div class=\"elementor-tabs-wrapper\" role=\"tablist\" >\n\t\t\t\t\t\t\t\t\t<div id=\"elementor-tab-title-2671\" class=\"elementor-tab-title elementor-tab-desktop-title\" aria-selected=\"true\" data-tab=\"1\" role=\"tab\" tabindex=\"0\" aria-controls=\"elementor-tab-content-2671\" aria-expanded=\"false\">Merkmale<\/div>\n\t\t\t\t\t\t\t\t\t<div id=\"elementor-tab-title-2672\" class=\"elementor-tab-title elementor-tab-desktop-title\" aria-selected=\"false\" data-tab=\"2\" role=\"tab\" tabindex=\"-1\" aria-controls=\"elementor-tab-content-2672\" aria-expanded=\"false\">Einbauanleitung<\/div>\n\t\t\t\t\t\t\t\t\t<div id=\"elementor-tab-title-2673\" class=\"elementor-tab-title elementor-tab-desktop-title\" aria-selected=\"false\" data-tab=\"3\" role=\"tab\" tabindex=\"-1\" aria-controls=\"elementor-tab-content-2673\" aria-expanded=\"false\">Befestigungen<\/div>\n\t\t\t\t\t\t\t<\/div>\n\t\t\t<div class=\"elementor-tabs-content-wrapper\" role=\"tablist\" aria-orientation=\"vertical\">\n\t\t\t\t\t\t\t\t\t<div class=\"elementor-tab-title elementor-tab-mobile-title\" aria-selected=\"true\" data-tab=\"1\" role=\"tab\" tabindex=\"0\" aria-controls=\"elementor-tab-content-2671\" aria-expanded=\"false\">Merkmale<\/div>\n\t\t\t\t\t<div id=\"elementor-tab-content-2671\" class=\"elementor-tab-content elementor-clearfix\" data-tab=\"1\" role=\"tabpanel\" aria-labelledby=\"elementor-tab-title-2671\" tabindex=\"0\" hidden=\"false\"><p><strong>Vollst\u00e4ndig geschlossen<\/strong>: Die Verkleidung deckt 180\u00ba ab, bis zum Rahmen des F\u00f6rderbandes.<br \/>Beidseitig klappbar: Unser patentiertes C-1-Scharniersystem erm\u00f6glicht einen schnellen Zugang zum F\u00f6rderband, ohne dass die Abdeckhauben komplett demontiert werden muss. Es m\u00fcssen nur zwei Muttern gelockert werden.<\/p>\n<p><strong>Demontierbar<\/strong>: Die Paris-Abdeckhauben kann vollst\u00e4ndig demontiert werden.<\/p>\n<p><strong>Selbsttragend<\/strong>: Er ben\u00f6tigt keine Struktur.<\/p>\n<p><strong>Schnell und einfach zu installieren<\/strong>: er passt auf praktisch alle F\u00f6rderb\u00e4nder.<\/p>\n<\/div>\n\t\t\t\t\t\t\t\t\t<div class=\"elementor-tab-title elementor-tab-mobile-title\" aria-selected=\"false\" data-tab=\"2\" role=\"tab\" tabindex=\"-1\" aria-controls=\"elementor-tab-content-2672\" aria-expanded=\"false\">Einbauanleitung<\/div>\n\t\t\t\t\t<div id=\"elementor-tab-content-2672\" class=\"elementor-tab-content elementor-clearfix\" data-tab=\"2\" role=\"tabpanel\" aria-labelledby=\"elementor-tab-title-2672\" tabindex=\"0\" hidden=\"hidden\"><p>\t\t<div data-elementor-type=\"section\" data-elementor-id=\"26765\" class=\"elementor elementor-26765 elementor-202 elementor-202\" data-elementor-post-type=\"elementor_library\">\n\t\t\t\t\t<section class=\"elementor-section elementor-top-section elementor-element elementor-element-a30b6e7 elementor-section-boxed elementor-section-height-default elementor-section-height-default\" data-id=\"a30b6e7\" data-element_type=\"section\" data-e-type=\"section\">\n\t\t\t\t\t\t<div class=\"elementor-container elementor-column-gap-default\">\n\t\t\t\t\t<div class=\"elementor-column elementor-col-100 elementor-top-column elementor-element elementor-element-1b3ce04\" data-id=\"1b3ce04\" data-element_type=\"column\" data-e-type=\"column\">\n\t\t\t<div class=\"elementor-widget-wrap elementor-element-populated\">\n\t\t\t\t\t\t<div class=\"elementor-element elementor-element-d2df1f2 elementor-widget elementor-widget-text-editor\" data-id=\"d2df1f2\" data-element_type=\"widget\" data-e-type=\"widget\" data-widget_type=\"text-editor.default\">\n\t\t\t\t<div class=\"elementor-widget-container\">\n\t\t\t\t\t\t\t\t\t<p><strong>Montieren Sie niemals alle Stahlwinkel zuerst<\/strong>; kleine Ma\u00dfunterschiede zwischen den Abdeckungen k\u00f6nnen sich bei gro\u00dfen Mengen zu einem gro\u00dfen Unterschied summieren. Montieren Sie nur acht Stahlwinkel und dann zwei Abdeckungen darauf usw.<\/p>\n<p><strong>Bringen Sie die Abdeckungen abwechselnd an<\/strong>, eine oben und eine unten, und so weiter. Legen Sie sie nicht alle \u00fcbereinander, so wie die Ziegel auf einem Dach verlegt werden.<\/p>\n<p><strong>Erforderliche Werkzeuge<\/strong>: Elektrischer Schraubenzieher mit 8mm. Muffe (f\u00fcr Stahlwinkel) oder Schwei\u00dfger\u00e4t (f\u00fcr Stahlplatten), zwei 10mm. und eine 11mm. Schraubenschl\u00fcssel.<\/p>\n<p><strong>Halten Sie das F\u00f6rderband an, bevor Sie mit der Installation beginnen.<\/strong><\/p>\n<p><strong>Verwenden Sie die<\/strong> gesetzlich vorgeschriebene <strong>PSA<\/strong> (pers\u00f6nliche Schutzausr\u00fcstung). CAPOTEX empfiehlt die Verwendung von Handschuhen, Helm, Sicherheitsstiefeln, Geh\u00f6rschutz und Schwei\u00dfmaske (nur beim Schwei\u00dfen von Stahlplatten).<\/p>\n\t\t\t\t\t\t\t\t<\/div>\n\t\t\t\t<\/div>\n\t\t\t\t<div class=\"elementor-element elementor-element-ce56979 elementor-widget elementor-widget-video\" data-id=\"ce56979\" data-element_type=\"widget\" data-e-type=\"widget\" data-settings=\"{&quot;youtube_url&quot;:&quot;https:\\\/\\\/youtu.be\\\/PbbaSGmwPGM&quot;,&quot;mute&quot;:&quot;yes&quot;,&quot;lazy_load&quot;:&quot;yes&quot;,&quot;video_type&quot;:&quot;youtube&quot;,&quot;controls&quot;:&quot;yes&quot;}\" data-widget_type=\"video.default\">\n\t\t\t\t<div class=\"elementor-widget-container\">\n\t\t\t\t\t\t\t<div class=\"elementor-wrapper elementor-open-inline\">\n\t\t\t<div class=\"elementor-video\"><\/div>\t\t<\/div>\n\t\t\t\t\t\t<\/div>\n\t\t\t\t<\/div>\n\t\t\t\t\t<\/div>\n\t\t<\/div>\n\t\t\t\t\t<\/div>\n\t\t<\/section>\n\t\t\t\t<\/div>\n\t\t<\/p>\n<\/div>\n\t\t\t\t\t\t\t\t\t<div class=\"elementor-tab-title elementor-tab-mobile-title\" aria-selected=\"false\" data-tab=\"3\" role=\"tab\" tabindex=\"-1\" aria-controls=\"elementor-tab-content-2673\" aria-expanded=\"false\">Befestigungen<\/div>\n\t\t\t\t\t<div id=\"elementor-tab-content-2673\" class=\"elementor-tab-content elementor-clearfix\" data-tab=\"3\" role=\"tabpanel\" aria-labelledby=\"elementor-tab-title-2673\" tabindex=\"0\" hidden=\"hidden\"><table><tbody><tr style=\"background-color: #00678a; color: #f9fafa;\"><th>Modell<\/th><th>Format<\/th><th>Befestigung von<\/th><th>Foto<\/th><th>Breite des Stahlwinkels<\/th><\/tr><tr><td>Paris<\/td><td><a href=\"https:\/\/www.capotex.com\/de\/abdeckhauben-fur-forderbander\/formen-der-kruemmung\/\">Klassisch<\/a><\/td><td><a href=\"https:\/\/www.capotex.com\/de\/befestigungen-fur-forderbandern-abdeckhauben\/c1\/\">C-1 Schlossscharnier (2)<\/a><\/td><td rowspan=\"3\"><a href=\"https:\/\/www.capotex.com\/de\/produkte\/befestigungen\/schloss-scharnier-c1\/\"><img decoding=\"async\" src=\"https:\/\/www.capotex.com\/wp-content\/uploads\/2023\/05\/Capotex-fixings-C1-Lock-Hinge.webp\" width=\"300\" \/><\/a><\/td><td>40 mm.<\/td><\/tr><tr><td>\u00a0<\/td><td>\u00a0<\/td><td>\u00a0<\/td><td>70 mm.<\/td><\/tr><tr><td>\u00a0<\/td><td>\u00a0<\/td><td>\u00a0<\/td><td>Spezial (auf Anfrage)<\/td><\/tr><tr><td>\u00a0<\/td><td>\u00a0<\/td><td><a href=\"https:\/\/www.capotex.com\/de\/befestigungen-fur-forderbandern-abdeckhauben\/c2\/\">C-2 Standard-Scharnier (2)<\/a><\/td><td rowspan=\"3\"><a href=\"https:\/\/www.capotex.com\/de\/produkte\/befestigungen\/standard-scharnier-c2\/\"><img decoding=\"async\" src=\"https:\/\/www.capotex.com\/wp-content\/uploads\/2023\/05\/Capotex-fixings-C2-Standard-Hinge.webp\" width=\"300\" \/><\/a><\/td><td>40 mm.<\/td><\/tr><tr><td>\u00a0<\/td><td>\u00a0<\/td><td>\u00a0<\/td><td>70 mm.<\/td><\/tr><tr><td>\u00a0<\/td><td>\u00a0<\/td><td>\u00a0<\/td><td>Spezial (auf Anfrage)<\/td><\/tr><tr><td>\u00a0<\/td><td><a href=\"https:\/\/www.capotex.com\/de\/abdeckhauben-fur-forderbander\/forderbandhaube\/\">Plus<\/a><\/td><td><a href=\"https:\/\/www.capotex.com\/de\/befestigungen-fur-forderbandern-abdeckhauben\/c1\/\">C-1 Schlossscharnier (2)<\/a><\/td><td rowspan=\"3\"><a href=\"https:\/\/www.capotex.com\/de\/produkte\/befestigungen\/schloss-scharnier-c1\/\"><img decoding=\"async\" src=\"https:\/\/www.capotex.com\/wp-content\/uploads\/2023\/05\/Capotex-fixings-C1-Lock-Hinge.webp\" width=\"300\" \/><\/a><\/td><td>40 mm.<\/td><\/tr><tr><td>\u00a0<\/td><td>\u00a0<\/td><td>\u00a0<\/td><td>70 mm.<\/td><\/tr><tr><td>\u00a0<\/td><td>\u00a0<\/td><td>\u00a0<\/td><td>Spezial (auf Anfrage)<\/td><\/tr><tr><td>\u00a0<\/td><td>\u00a0<\/td><td><a href=\"https:\/\/www.capotex.com\/de\/befestigungen-fur-forderbandern-abdeckhauben\/c2\/\">C-2 Standard-Scharnier (2)<\/a><\/td><td rowspan=\"3\"><a href=\"https:\/\/www.capotex.com\/de\/produkte\/befestigungen\/standard-scharnier-c2\/\"><img decoding=\"async\" src=\"https:\/\/www.capotex.com\/wp-content\/uploads\/2023\/05\/Capotex-fixings-C2-Standard-Hinge.webp\" width=\"300\" \/><\/a><\/td><td>40 mm.<\/td><\/tr><tr><td>\u00a0<\/td><td>\u00a0<\/td><td>\u00a0<\/td><td>70 mm.<\/td><\/tr><tr><td>\u00a0<\/td><td>\u00a0<\/td><td>\u00a0<\/td><td>Spezial (auf Anfrage)<\/td><\/tr><\/tbody><\/table><\/div>\n\t\t\t\t\t\t\t<\/div>\n\t\t<\/div>\n\t\t\t\t\t\t<\/div>\n\t\t\t\t<\/div>\n\t\t\t\t<\/div>\n\t\t\t\t\t<\/div>\n\t\t\t\t<\/div>\n\t\t<div class=\"elementor-element elementor-element-e2a244e elementor-hidden-desktop elementor-hidden-tablet e-flex e-con-boxed e-con e-parent\" data-id=\"e2a244e\" data-element_type=\"container\" data-e-type=\"container\">\n\t\t\t\t\t<div class=\"e-con-inner\">\n\t\t<div class=\"elementor-element elementor-element-e5651ff e-con-full e-flex e-con e-child\" data-id=\"e5651ff\" data-element_type=\"container\" data-e-type=\"container\">\n\t\t\t\t<div class=\"elementor-element elementor-element-8c8ba51 elementor-tabs-view-horizontal elementor-widget elementor-widget-tabs\" data-id=\"8c8ba51\" data-element_type=\"widget\" data-e-type=\"widget\" data-widget_type=\"tabs.default\">\n\t\t\t\t<div class=\"elementor-widget-container\">\n\t\t\t\t\t\t\t<div class=\"elementor-tabs\">\n\t\t\t<div class=\"elementor-tabs-wrapper\" role=\"tablist\" >\n\t\t\t\t\t\t\t\t\t<div id=\"elementor-tab-title-1471\" class=\"elementor-tab-title elementor-tab-desktop-title\" aria-selected=\"true\" data-tab=\"1\" role=\"tab\" tabindex=\"0\" aria-controls=\"elementor-tab-content-1471\" aria-expanded=\"false\">Merkmale<\/div>\n\t\t\t\t\t\t\t\t\t<div id=\"elementor-tab-title-1472\" class=\"elementor-tab-title elementor-tab-desktop-title\" aria-selected=\"false\" data-tab=\"2\" role=\"tab\" tabindex=\"-1\" aria-controls=\"elementor-tab-content-1472\" aria-expanded=\"false\">Einbauanleitung<\/div>\n\t\t\t\t\t\t\t\t\t<div id=\"elementor-tab-title-1473\" class=\"elementor-tab-title elementor-tab-desktop-title\" aria-selected=\"false\" data-tab=\"3\" role=\"tab\" tabindex=\"-1\" aria-controls=\"elementor-tab-content-1473\" aria-expanded=\"false\">Befestigungen<\/div>\n\t\t\t\t\t\t\t<\/div>\n\t\t\t<div class=\"elementor-tabs-content-wrapper\" role=\"tablist\" aria-orientation=\"vertical\">\n\t\t\t\t\t\t\t\t\t<div class=\"elementor-tab-title elementor-tab-mobile-title\" aria-selected=\"true\" data-tab=\"1\" role=\"tab\" tabindex=\"0\" aria-controls=\"elementor-tab-content-1471\" aria-expanded=\"false\">Merkmale<\/div>\n\t\t\t\t\t<div id=\"elementor-tab-content-1471\" class=\"elementor-tab-content elementor-clearfix\" data-tab=\"1\" role=\"tabpanel\" aria-labelledby=\"elementor-tab-title-1471\" tabindex=\"0\" hidden=\"false\"><p><strong>Vollst\u00e4ndig geschlossen<\/strong>: Die Verkleidung deckt 180\u00ba ab, bis zum Rahmen des F\u00f6rderbandes.<br \/>Beidseitig klappbar: Unser patentiertes C-1-Scharniersystem erm\u00f6glicht einen schnellen Zugang zum F\u00f6rderband, ohne dass die Abdeckhauben komplett demontiert werden muss. Es m\u00fcssen nur zwei Muttern gelockert werden.<\/p>\n<p><strong>Demontierbar<\/strong>: Die Paris-Abdeckhauben kann vollst\u00e4ndig demontiert werden.<\/p>\n<p><strong>Selbsttragend<\/strong>: Er ben\u00f6tigt keine Struktur.<\/p>\n<p><strong>Schnell und einfach zu installieren<\/strong>: er passt auf praktisch alle F\u00f6rderb\u00e4nder.<\/p>\n<\/div>\n\t\t\t\t\t\t\t\t\t<div class=\"elementor-tab-title elementor-tab-mobile-title\" aria-selected=\"false\" data-tab=\"2\" role=\"tab\" tabindex=\"-1\" aria-controls=\"elementor-tab-content-1472\" aria-expanded=\"false\">Einbauanleitung<\/div>\n\t\t\t\t\t<div id=\"elementor-tab-content-1472\" class=\"elementor-tab-content elementor-clearfix\" data-tab=\"2\" role=\"tabpanel\" aria-labelledby=\"elementor-tab-title-1472\" tabindex=\"0\" hidden=\"hidden\"><p>\t\t<div data-elementor-type=\"section\" data-elementor-id=\"26765\" class=\"elementor elementor-26765 elementor-202 elementor-202\" data-elementor-post-type=\"elementor_library\">\n\t\t\t\t\t<section class=\"elementor-section elementor-top-section elementor-element elementor-element-a30b6e7 elementor-section-boxed elementor-section-height-default elementor-section-height-default\" data-id=\"a30b6e7\" data-element_type=\"section\" data-e-type=\"section\">\n\t\t\t\t\t\t<div class=\"elementor-container elementor-column-gap-default\">\n\t\t\t\t\t<div class=\"elementor-column elementor-col-100 elementor-top-column elementor-element elementor-element-1b3ce04\" data-id=\"1b3ce04\" data-element_type=\"column\" data-e-type=\"column\">\n\t\t\t<div class=\"elementor-widget-wrap elementor-element-populated\">\n\t\t\t\t\t\t<div class=\"elementor-element elementor-element-d2df1f2 elementor-widget elementor-widget-text-editor\" data-id=\"d2df1f2\" data-element_type=\"widget\" data-e-type=\"widget\" data-widget_type=\"text-editor.default\">\n\t\t\t\t<div class=\"elementor-widget-container\">\n\t\t\t\t\t\t\t\t\t<p><strong>Montieren Sie niemals alle Stahlwinkel zuerst<\/strong>; kleine Ma\u00dfunterschiede zwischen den Abdeckungen k\u00f6nnen sich bei gro\u00dfen Mengen zu einem gro\u00dfen Unterschied summieren. Montieren Sie nur acht Stahlwinkel und dann zwei Abdeckungen darauf usw.<\/p>\n<p><strong>Bringen Sie die Abdeckungen abwechselnd an<\/strong>, eine oben und eine unten, und so weiter. Legen Sie sie nicht alle \u00fcbereinander, so wie die Ziegel auf einem Dach verlegt werden.<\/p>\n<p><strong>Erforderliche Werkzeuge<\/strong>: Elektrischer Schraubenzieher mit 8mm. Muffe (f\u00fcr Stahlwinkel) oder Schwei\u00dfger\u00e4t (f\u00fcr Stahlplatten), zwei 10mm. und eine 11mm. Schraubenschl\u00fcssel.<\/p>\n<p><strong>Halten Sie das F\u00f6rderband an, bevor Sie mit der Installation beginnen.<\/strong><\/p>\n<p><strong>Verwenden Sie die<\/strong> gesetzlich vorgeschriebene <strong>PSA<\/strong> (pers\u00f6nliche Schutzausr\u00fcstung). CAPOTEX empfiehlt die Verwendung von Handschuhen, Helm, Sicherheitsstiefeln, Geh\u00f6rschutz und Schwei\u00dfmaske (nur beim Schwei\u00dfen von Stahlplatten).<\/p>\n\t\t\t\t\t\t\t\t<\/div>\n\t\t\t\t<\/div>\n\t\t\t\t<div class=\"elementor-element elementor-element-ce56979 elementor-widget elementor-widget-video\" data-id=\"ce56979\" data-element_type=\"widget\" data-e-type=\"widget\" data-settings=\"{&quot;youtube_url&quot;:&quot;https:\\\/\\\/youtu.be\\\/PbbaSGmwPGM&quot;,&quot;mute&quot;:&quot;yes&quot;,&quot;lazy_load&quot;:&quot;yes&quot;,&quot;video_type&quot;:&quot;youtube&quot;,&quot;controls&quot;:&quot;yes&quot;}\" data-widget_type=\"video.default\">\n\t\t\t\t<div class=\"elementor-widget-container\">\n\t\t\t\t\t\t\t<div class=\"elementor-wrapper elementor-open-inline\">\n\t\t\t<div class=\"elementor-video\"><\/div>\t\t<\/div>\n\t\t\t\t\t\t<\/div>\n\t\t\t\t<\/div>\n\t\t\t\t\t<\/div>\n\t\t<\/div>\n\t\t\t\t\t<\/div>\n\t\t<\/section>\n\t\t\t\t<\/div>\n\t\t<\/p>\n<\/div>\n\t\t\t\t\t\t\t\t\t<div class=\"elementor-tab-title elementor-tab-mobile-title\" aria-selected=\"false\" data-tab=\"3\" role=\"tab\" tabindex=\"-1\" aria-controls=\"elementor-tab-content-1473\" aria-expanded=\"false\">Befestigungen<\/div>\n\t\t\t\t\t<div id=\"elementor-tab-content-1473\" class=\"elementor-tab-content elementor-clearfix\" data-tab=\"3\" role=\"tabpanel\" aria-labelledby=\"elementor-tab-title-1473\" tabindex=\"0\" hidden=\"hidden\"><table><tbody><tr style=\"background-color: #00678a; color: #f9fafa;\"><th>Form der Kr\u00fcmmung<\/th><th>Befestigung von<\/th><th>Breite des Stahlwinkels<\/th><\/tr><tr><td><a href=\"https:\/\/www.capotex.com\/de\/abdeckhauben-fur-forderbander\/forderbandhaube\/\">Klassisch<\/a><\/td><td><a href=\"https:\/\/www.capotex.com\/de\/befestigungen-fur-forderbandern-abdeckhauben\/c1\/\">C-1 Schlossscharnier (2)<\/a><\/td><td>40 mm.<\/td><\/tr><tr><td>\u00a0<\/td><td>\u00a0<\/td><td>70 mm.<\/td><\/tr><tr><td>\u00a0<\/td><td>\u00a0<\/td><td>Spezial (auf Anfrage)<\/td><\/tr><tr><td>\u00a0<\/td><td><a href=\"https:\/\/www.capotex.com\/de\/befestigungen-fur-forderbandern-abdeckhauben\/c2\/\">C-2 Standard-Scharnier (2)<\/a><\/td><td>40 mm.<\/td><\/tr><tr><td>\u00a0<\/td><td>\u00a0<\/td><td>70 mm.<\/td><\/tr><tr><td>\u00a0<\/td><td>\u00a0<\/td><td>Spezial (auf Anfrage)<\/td><\/tr><tr><td><a href=\"https:\/\/www.capotex.com\/de\/abdeckhauben-fur-forderbander\/forderbandhaube\/\">Plus<\/a><\/td><td><a href=\"https:\/\/www.capotex.com\/de\/befestigungen-fur-forderbandern-abdeckhauben\/c1\/\">C-1 Schlossscharnier (2)<\/a><\/td><td>40 mm.<\/td><\/tr><tr><td>\u00a0<\/td><td>\u00a0<\/td><td>70 mm.<\/td><\/tr><tr><td>\u00a0<\/td><td>\u00a0<\/td><td>Spezial (auf Anfrage)<\/td><\/tr><tr><td>\u00a0<\/td><td><a href=\"https:\/\/www.capotex.com\/de\/befestigungen-fur-forderbandern-abdeckhauben\/c2\/\">C-2 Standard-Scharnier (2)<\/a><\/td><td>40 mm.<\/td><\/tr><tr><td>\u00a0<\/td><td>\u00a0<\/td><td>70 mm.<\/td><\/tr><tr><td>\u00a0<\/td><td>\u00a0<\/td><td>Spezial (auf Anfrage)<\/td><\/tr><\/tbody><\/table><\/div>\n\t\t\t\t\t\t\t<\/div>\n\t\t<\/div>\n\t\t\t\t\t\t<\/div>\n\t\t\t\t<\/div>\n\t\t\t\t<\/div>\n\t\t\t\t\t<\/div>\n\t\t\t\t<\/div>\n\t\t\t\t<\/div>\n\t\t","protected":false},"excerpt":{"rendered":"<p>Auf einer Seite aufklappbar<\/p>\n","protected":false},"author":1,"featured_media":220,"parent":26285,"menu_order":20,"comment_status":"closed","ping_status":"closed","template":"","meta":{"_joinchat":[],"footnotes":""},"tags":[71],"class_list":["post-26304","page","type-page","status-publish","has-post-thumbnail","hentry","tag-conveyormodels-de"],"_links":{"self":[{"href":"https:\/\/www.capotex.com\/de\/wp-json\/wp\/v2\/pages\/26304","targetHints":{"allow":["GET"]}}],"collection":[{"href":"https:\/\/www.capotex.com\/de\/wp-json\/wp\/v2\/pages"}],"about":[{"href":"https:\/\/www.capotex.com\/de\/wp-json\/wp\/v2\/types\/page"}],"author":[{"embeddable":true,"href":"https:\/\/www.capotex.com\/de\/wp-json\/wp\/v2\/users\/1"}],"replies":[{"embeddable":true,"href":"https:\/\/www.capotex.com\/de\/wp-json\/wp\/v2\/comments?post=26304"}],"version-history":[{"count":22,"href":"https:\/\/www.capotex.com\/de\/wp-json\/wp\/v2\/pages\/26304\/revisions"}],"predecessor-version":[{"id":34759,"href":"https:\/\/www.capotex.com\/de\/wp-json\/wp\/v2\/pages\/26304\/revisions\/34759"}],"up":[{"embeddable":true,"href":"https:\/\/www.capotex.com\/de\/wp-json\/wp\/v2\/pages\/26285"}],"wp:featuredmedia":[{"embeddable":true,"href":"https:\/\/www.capotex.com\/de\/wp-json\/wp\/v2\/media\/220"}],"wp:attachment":[{"href":"https:\/\/www.capotex.com\/de\/wp-json\/wp\/v2\/media?parent=26304"}],"wp:term":[{"taxonomy":"post_tag","embeddable":true,"href":"https:\/\/www.capotex.com\/de\/wp-json\/wp\/v2\/tags?post=26304"}],"curies":[{"name":"wp","href":"https:\/\/api.w.org\/{rel}","templated":true}]}}