{"id":26307,"date":"2023-05-17T08:30:31","date_gmt":"2023-05-17T07:30:31","guid":{"rendered":"https:\/\/capotex.com\/produkte\/standard-modelle\/dakar\/"},"modified":"2024-06-27T09:35:54","modified_gmt":"2024-06-27T08:35:54","slug":"dakar","status":"publish","type":"page","link":"https:\/\/www.capotex.com\/de\/abdeckhauben-fur-forderbander\/forderband-haube\/dakar\/","title":{"rendered":"Dakar"},"content":{"rendered":"\t\t<div data-elementor-type=\"wp-page\" data-elementor-id=\"26307\" class=\"elementor elementor-26307 elementor-1946\" data-elementor-post-type=\"page\">\n\t\t\t\t<div class=\"elementor-element elementor-element-0417353 e-flex e-con-boxed e-con e-parent\" data-id=\"0417353\" data-element_type=\"container\" data-e-type=\"container\">\n\t\t\t\t\t<div class=\"e-con-inner\">\n\t\t<div class=\"elementor-element elementor-element-2443e26 e-con-full e-flex e-con e-child\" data-id=\"2443e26\" data-element_type=\"container\" data-e-type=\"container\">\n\t\t\t\t<div class=\"elementor-element elementor-element-91dc9f6 elementor-widget elementor-widget-image\" data-id=\"91dc9f6\" data-element_type=\"widget\" data-e-type=\"widget\" data-widget_type=\"image.default\">\n\t\t\t\t<div class=\"elementor-widget-container\">\n\t\t\t\t\t\t\t\t\t\t\t\t\t\t\t<img fetchpriority=\"high\" decoding=\"async\" width=\"600\" height=\"329\" src=\"https:\/\/www.capotex.com\/wp-content\/uploads\/2024\/05\/Abdeckhaube-von-Forderbandern-Dakar.webp\" class=\"attachment-full size-full wp-image-33857\" alt=\"Abdeckhaube von F\u00f6rderb\u00e4ndern Dakar\" srcset=\"https:\/\/www.capotex.com\/wp-content\/uploads\/2024\/05\/Abdeckhaube-von-Forderbandern-Dakar.webp 600w, https:\/\/www.capotex.com\/wp-content\/uploads\/2024\/05\/Abdeckhaube-von-Forderbandern-Dakar-300x165.webp 300w\" sizes=\"(max-width: 600px) 100vw, 600px\" \/>\t\t\t\t\t\t\t\t\t\t\t\t\t\t\t<\/div>\n\t\t\t\t<\/div>\n\t\t\t\t<\/div>\n\t\t\t\t\t<\/div>\n\t\t\t\t<\/div>\n\t\t<div class=\"elementor-element elementor-element-ab5f808 e-flex e-con-boxed e-con e-parent\" data-id=\"ab5f808\" data-element_type=\"container\" data-e-type=\"container\">\n\t\t\t\t\t<div class=\"e-con-inner\">\n\t\t<div class=\"elementor-element elementor-element-eb287a9 e-con-full e-flex e-con e-child\" data-id=\"eb287a9\" data-element_type=\"container\" data-e-type=\"container\">\n\t\t\t\t<div class=\"elementor-element elementor-element-179c1aa elementor-widget elementor-widget-heading\" data-id=\"179c1aa\" data-element_type=\"widget\" data-e-type=\"widget\" data-widget_type=\"heading.default\">\n\t\t\t\t<div class=\"elementor-widget-container\">\n\t\t\t\t\t<h2 class=\"elementor-heading-title elementor-size-default\">Dakar (fest)<\/h2>\t\t\t\t<\/div>\n\t\t\t\t<\/div>\n\t\t\t\t<div class=\"elementor-element elementor-element-d153d85 elementor-widget elementor-widget-text-editor\" data-id=\"d153d85\" data-element_type=\"widget\" data-e-type=\"widget\" data-widget_type=\"text-editor.default\">\n\t\t\t\t<div class=\"elementor-widget-container\">\n\t\t\t\t\t\t\t\t\t<p>Die Dakar-Abdeckhaube ist unser <strong>wirtschaftlichstes und wettbewerbsf\u00e4higstes<\/strong> System. Er ist nicht klappbar wie die Modelle MADRID und PARIS, aber er ist dennoch zerlegbar und noch einfacher zu installieren. Die Einfachheit ist die St\u00e4rke dieser Art von Abdeckhaube.<\/p>\t\t\t\t\t\t\t\t<\/div>\n\t\t\t\t<\/div>\n\t\t<div class=\"elementor-element elementor-element-d8c9499 e-flex e-con-boxed e-con e-child\" data-id=\"d8c9499\" data-element_type=\"container\" data-e-type=\"container\">\n\t\t\t\t\t<div class=\"e-con-inner\">\n\t\t\t\t<div class=\"elementor-element elementor-element-2a11bdc elementor-widget elementor-widget-image\" data-id=\"2a11bdc\" data-element_type=\"widget\" data-e-type=\"widget\" data-widget_type=\"image.default\">\n\t\t\t\t<div class=\"elementor-widget-container\">\n\t\t\t\t\t\t\t\t\t\t\t\t<figure class=\"wp-caption\">\n\t\t\t\t\t\t\t\t\t\t\t<a href=\"https:\/\/www.capotex.com\/wp-content\/uploads\/2024\/04\/Dakar-Classic-Rev-C-German.pdf\" target=\"_blank\">\n\t\t\t\t\t\t\t<img decoding=\"async\" width=\"430\" height=\"305\" src=\"https:\/\/www.capotex.com\/wp-content\/uploads\/2023\/07\/Dakar-Classic-Cover.jpg\" class=\"attachment-full size-full wp-image-27050\" alt=\"Conveyor hood Dakar\" srcset=\"https:\/\/www.capotex.com\/wp-content\/uploads\/2023\/07\/Dakar-Classic-Cover.jpg 430w, https:\/\/www.capotex.com\/wp-content\/uploads\/2023\/07\/Dakar-Classic-Cover-300x213.jpg 300w\" sizes=\"(max-width: 430px) 100vw, 430px\" \/>\t\t\t\t\t\t\t\t<\/a>\n\t\t\t\t\t\t\t\t\t\t\t<figcaption class=\"widget-image-caption wp-caption-text\">Download des Kr\u00fcmmungsplans \"Classic\" als pdf-Datei<\/figcaption>\n\t\t\t\t\t\t\t\t\t\t<\/figure>\n\t\t\t\t\t\t\t\t\t<\/div>\n\t\t\t\t<\/div>\n\t\t\t\t<div class=\"elementor-element elementor-element-348af18 elementor-widget elementor-widget-image\" data-id=\"348af18\" data-element_type=\"widget\" data-e-type=\"widget\" data-widget_type=\"image.default\">\n\t\t\t\t<div class=\"elementor-widget-container\">\n\t\t\t\t\t\t\t\t\t\t\t\t<figure class=\"wp-caption\">\n\t\t\t\t\t\t\t\t\t\t\t<a href=\"https:\/\/www.capotex.com\/wp-content\/uploads\/2024\/05\/Dakar-Plus-Rev-C2-German.pdf\" target=\"_blank\">\n\t\t\t\t\t\t\t<img decoding=\"async\" width=\"430\" height=\"305\" src=\"https:\/\/www.capotex.com\/wp-content\/uploads\/2023\/07\/Dakar-Plus-cover.jpg\" class=\"attachment-full size-full wp-image-27046\" alt=\"\" srcset=\"https:\/\/www.capotex.com\/wp-content\/uploads\/2023\/07\/Dakar-Plus-cover.jpg 430w, https:\/\/www.capotex.com\/wp-content\/uploads\/2023\/07\/Dakar-Plus-cover-300x213.jpg 300w\" sizes=\"(max-width: 430px) 100vw, 430px\" \/>\t\t\t\t\t\t\t\t<\/a>\n\t\t\t\t\t\t\t\t\t\t\t<figcaption class=\"widget-image-caption wp-caption-text\">Download des Kr\u00fcmmungsplans \"Plus\" im pdf-Format<\/figcaption>\n\t\t\t\t\t\t\t\t\t\t<\/figure>\n\t\t\t\t\t\t\t\t\t<\/div>\n\t\t\t\t<\/div>\n\t\t\t\t\t<\/div>\n\t\t\t\t<\/div>\n\t\t\t\t<\/div>\n\t\t\t\t\t<\/div>\n\t\t\t\t<\/div>\n\t\t<div class=\"elementor-element elementor-element-a7d16fd elementor-hidden-mobile e-flex e-con-boxed e-con e-parent\" data-id=\"a7d16fd\" data-element_type=\"container\" data-e-type=\"container\">\n\t\t\t\t\t<div class=\"e-con-inner\">\n\t\t<div class=\"elementor-element elementor-element-0939152 e-con-full e-flex e-con e-child\" data-id=\"0939152\" data-element_type=\"container\" data-e-type=\"container\">\n\t\t\t\t<div class=\"elementor-element elementor-element-895c4c4 elementor-tabs-view-horizontal elementor-widget elementor-widget-tabs\" data-id=\"895c4c4\" data-element_type=\"widget\" data-e-type=\"widget\" data-widget_type=\"tabs.default\">\n\t\t\t\t<div class=\"elementor-widget-container\">\n\t\t\t\t\t\t\t<div class=\"elementor-tabs\">\n\t\t\t<div class=\"elementor-tabs-wrapper\" role=\"tablist\" >\n\t\t\t\t\t\t\t\t\t<div id=\"elementor-tab-title-1441\" class=\"elementor-tab-title elementor-tab-desktop-title\" aria-selected=\"true\" data-tab=\"1\" role=\"tab\" tabindex=\"0\" aria-controls=\"elementor-tab-content-1441\" aria-expanded=\"false\">Merkmale<\/div>\n\t\t\t\t\t\t\t\t\t<div id=\"elementor-tab-title-1442\" class=\"elementor-tab-title elementor-tab-desktop-title\" aria-selected=\"false\" data-tab=\"2\" role=\"tab\" tabindex=\"-1\" aria-controls=\"elementor-tab-content-1442\" aria-expanded=\"false\">Einbauanleitung<\/div>\n\t\t\t\t\t\t\t\t\t<div id=\"elementor-tab-title-1443\" class=\"elementor-tab-title elementor-tab-desktop-title\" aria-selected=\"false\" data-tab=\"3\" role=\"tab\" tabindex=\"-1\" aria-controls=\"elementor-tab-content-1443\" aria-expanded=\"false\">Befestigungen<\/div>\n\t\t\t\t\t\t\t<\/div>\n\t\t\t<div class=\"elementor-tabs-content-wrapper\" role=\"tablist\" aria-orientation=\"vertical\">\n\t\t\t\t\t\t\t\t\t<div class=\"elementor-tab-title elementor-tab-mobile-title\" aria-selected=\"true\" data-tab=\"1\" role=\"tab\" tabindex=\"0\" aria-controls=\"elementor-tab-content-1441\" aria-expanded=\"false\">Merkmale<\/div>\n\t\t\t\t\t<div id=\"elementor-tab-content-1441\" class=\"elementor-tab-content elementor-clearfix\" data-tab=\"1\" role=\"tabpanel\" aria-labelledby=\"elementor-tab-title-1441\" tabindex=\"0\" hidden=\"false\"><ul>\n<li><strong>Vollst\u00e4ndig geschlossen<\/strong>: Die Abdeckhaube deckt 180\u00ba ab, bis zum Rahmen des F\u00f6rderbandes.<\/li>\n<li><strong>Demontierbar<\/strong>: Die Dakar-Abdeckhaube kann durch L\u00f6sen von vier Schrauben vollst\u00e4ndig demontiert werden, so dass das F\u00f6rderband v\u00f6llig frei liegt. Ohne jegliche Strukturen oder Hindernisse.<\/li>\n<\/ul>\n<ul>\n<li><strong>Selbsttragend<\/strong>: F\u00fcr die Montage ist keine Struktur erforderlich.<\/li>\n<\/ul>\n<ul>\n<li><strong>Schnelle und einfache Installation<\/strong>: er passt sich praktisch allen F\u00f6rderb\u00e4ndern an.<\/li>\n<\/ul>\n<\/div>\n\t\t\t\t\t\t\t\t\t<div class=\"elementor-tab-title elementor-tab-mobile-title\" aria-selected=\"false\" data-tab=\"2\" role=\"tab\" tabindex=\"-1\" aria-controls=\"elementor-tab-content-1442\" aria-expanded=\"false\">Einbauanleitung<\/div>\n\t\t\t\t\t<div id=\"elementor-tab-content-1442\" class=\"elementor-tab-content elementor-clearfix\" data-tab=\"2\" role=\"tabpanel\" aria-labelledby=\"elementor-tab-title-1442\" tabindex=\"0\" hidden=\"hidden\"><p><strong>OPTIONEN:<\/strong><\/p>\n<ul>\n<li><strong>C-4 Polyester-Gurt:<\/strong> Montieren Sie ein 40 x 40-mm-T-Profil auf der Hakenseite und einen 40 x 40-Stahlwinkel auf der Scheibenseite. Beides \u00fcber die gesamte L\u00e4nge des F\u00f6rderbandes. <strong>Erforderliche Werkzeuge:<\/strong> 10-mm-Bohrer und zwei 20-mm-Schraubenschl\u00fcssel.<\/li>\n<\/ul>\n<ul>\n<li><strong>C-5 Selbstschneidende Schraube:<\/strong> Schrauben Sie die Abdeckhaube direkt an den F\u00f6rderbandrahmen. Es wird empfohlen, auf beiden Seiten des F\u00f6rderbandes 40 x 40-mm-Stahlwinkel zu montieren. <strong>Erforderliche Werkzeuge:<\/strong> Elektrische Bohrmaschine mit 8-mm-Bohrfutter.<\/li>\n<\/ul>\n<ul>\n<li><strong>C-6 Klemme:<\/strong>Montieren Sie auf beiden Seiten des F\u00f6rderbandes einen 40 x 40 mm gro\u00dfen Stahlwinkel. <strong>Erforderliche Werkzeuge:<\/strong> Zwei 13-mm-Schraubenschl\u00fcssel.<\/li>\n<\/ul>\n<p><strong>Option f\u00fcr die Vorinstallation.<\/strong>  Der Stahlwinkel und\/oder das T-Profil k\u00f6nnen in der Werkstatt montiert werden, wobei die Befestigungen anschlie\u00dfend vor Ort angebracht werden.<\/p>\n<p><strong>Halten Sie das F\u00f6rderband an, bevor Sie mit der Montage der Befestigungen beginnen.<\/strong><\/p>\n<p><strong>Bringen Sie die Befestigungen abwechselnd oben und unten an<\/strong>. Nicht alle sind in Form von Dachziegeln \u00fcbereinander angeordnet.<\/p>\n<p><strong>Use PPE<\/strong> (personal protection equipment) as required by law. CAPOTEX empfiehlt die Verwendung von Handschuhen, Schutzhelm, Sicherheitsstiefeln und Geh\u00f6rschutz.<\/p>\n<\/div>\n\t\t\t\t\t\t\t\t\t<div class=\"elementor-tab-title elementor-tab-mobile-title\" aria-selected=\"false\" data-tab=\"3\" role=\"tab\" tabindex=\"-1\" aria-controls=\"elementor-tab-content-1443\" aria-expanded=\"false\">Befestigungen<\/div>\n\t\t\t\t\t<div id=\"elementor-tab-content-1443\" class=\"elementor-tab-content elementor-clearfix\" data-tab=\"3\" role=\"tabpanel\" aria-labelledby=\"elementor-tab-title-1443\" tabindex=\"0\" hidden=\"hidden\"><table><tbody><tr style=\"background-color: #00678a; color: #f9fafa;\"><th>Modell<\/th><th>Form der Kr\u00fcmmung<\/th><th>Fixierung<\/th><th>Foto<\/th><\/tr><tr><td>Dakar<\/td><td><a href=\"https:\/\/www.capotex.com\/de\/abdeckhauben-fur-forderbander\/forderbandhaube\/\">Klassisch<\/a><\/td><td><a href=\"https:\/\/www.capotex.com\/de\/befestigungen-fur-forderbandern-abdeckhauben\/c5\/\">C-5 Selbstschneidende Schraube<\/a><\/td><td><a href=\"https:\/\/www.capotex.com\/de\/produkte\/befestigungen\/selbstbohrende-schraube-c5\/\"><img decoding=\"async\" src=\"https:\/\/www.capotex.com\/wp-content\/uploads\/2023\/05\/Capotex-fixings-C5-Self-Drilling-Screw.webp\" width=\"200\" \/><\/a><\/td><\/tr><tr><td>\u00a0<\/td><td>\u00a0<\/td><td><a href=\"https:\/\/www.capotex.com\/de\/befestigungen-fur-forderbandern-abdeckhauben\/c6\/\">C-6 Klemme<\/a><\/td><td><a href=\"https:\/\/www.capotex.com\/de\/produkte\/befestigungen\/klemme-c6\/\"><img decoding=\"async\" src=\"https:\/\/www.capotex.com\/wp-content\/uploads\/2023\/05\/Capotex-fixings-C6-Clamp.webp\" width=\"200\" \/><\/a><\/td><\/tr><tr><td>\u00a0<\/td><td>\u00a0<\/td><td><a href=\"https:\/\/www.capotex.com\/de\/befestigungen-fur-forderbandern-abdeckhauben\/c9\/\">C-9 Haken<\/a><\/td><td><a href=\"https:\/\/www.capotex.com\/de\/produkte\/befestigungen\/haken-c9\/\"><img decoding=\"async\" src=\"https:\/\/www.capotex.com\/wp-content\/uploads\/2023\/05\/Capotex-fixings-C9-Hook.webp\" width=\"200\" \/><\/a><\/td><\/tr><tr><td>\u00a0<\/td><td>\u00a0<\/td><td><a href=\"https:\/\/www.capotex.com\/de\/befestigungen-fur-forderbandern-abdeckhauben\/c7\/\">C-7 Ergonomischer Haken mit Gurt 1 oder 2 Haken mit oder ohne Platte<\/a><\/td><td><a href=\"https:\/\/www.capotex.com\/de\/produkte\/befestigungen\/ergonomischer-haken-mit-gurt-c7\/\"><img decoding=\"async\" src=\"https:\/\/www.capotex.com\/wp-content\/uploads\/2023\/05\/Capotex-fixings-C7-Ergonomic-Hook-w-Strap.webp\" width=\"100\" \/><\/a><\/td><\/tr><tr><td>\u00a0<\/td><td><a href=\"https:\/\/www.capotex.com\/de\/abdeckhauben-fur-forderbander\/forderbandhaube\/\">Plus<\/a><\/td><td><a href=\"https:\/\/www.capotex.com\/de\/befestigungen-fur-forderbandern-abdeckhauben\/c5\/\">C-5 Selbstschneidende Schraube<\/a><\/td><td><a href=\"https:\/\/www.capotex.com\/de\/produkte\/befestigungen\/selbstbohrende-schraube-c5\/\"><img decoding=\"async\" src=\"https:\/\/www.capotex.com\/wp-content\/uploads\/2023\/05\/Capotex-fixings-C5-Self-Drilling-Screw.webp\" width=\"200\" \/><\/a><\/td><\/tr><tr><td>\u00a0<\/td><td>\u00a0<\/td><td><a href=\"https:\/\/www.capotex.com\/de\/befestigungen-fur-forderbandern-abdeckhauben\/c6\/\">C-6 Klemme<\/a><\/td><td><a href=\"https:\/\/www.capotex.com\/de\/produkte\/befestigungen\/klemme-c6\/\"><img decoding=\"async\" src=\"https:\/\/www.capotex.com\/wp-content\/uploads\/2023\/05\/Capotex-fixings-C6-Clamp.webp\" width=\"200\" \/><\/a><\/td><\/tr><tr><td>\u00a0<\/td><td>\u00a0<\/td><td><a href=\"https:\/\/www.capotex.com\/de\/befestigungen-fur-forderbandern-abdeckhauben\/c9\/\">C-9 Haken<\/a><\/td><td><a href=\"https:\/\/www.capotex.com\/de\/produkte\/befestigungen\/haken-c9\/\"><img decoding=\"async\" src=\"https:\/\/www.capotex.com\/wp-content\/uploads\/2023\/05\/Capotex-fixings-C9-Hook.webp\" width=\"200\" \/><\/a><\/td><\/tr><tr><td>\u00a0<\/td><td>\u00a0<\/td><td><a href=\"https:\/\/www.capotex.com\/de\/befestigungen-fur-forderbandern-abdeckhauben\/c7\/\">C-7 Ergonomischer Haken mit Gurt 1 oder 2 Haken mit oder ohne Platte<\/a><\/td><td><a href=\"https:\/\/www.capotex.com\/de\/produkte\/befestigungen\/ergonomischer-haken-mit-gurt-c7\/\"><img decoding=\"async\" src=\"https:\/\/www.capotex.com\/wp-content\/uploads\/2023\/05\/Capotex-fixings-C7-Ergonomic-Hook-w-Strap.webp\" width=\"100\" \/><\/a><\/td><\/tr><\/tbody><\/table><\/div>\n\t\t\t\t\t\t\t<\/div>\n\t\t<\/div>\n\t\t\t\t\t\t<\/div>\n\t\t\t\t<\/div>\n\t\t\t\t<\/div>\n\t\t\t\t\t<\/div>\n\t\t\t\t<\/div>\n\t\t<div class=\"elementor-element elementor-element-e6c1e2c elementor-hidden-desktop elementor-hidden-tablet e-flex e-con-boxed e-con e-parent\" data-id=\"e6c1e2c\" data-element_type=\"container\" data-e-type=\"container\">\n\t\t\t\t\t<div class=\"e-con-inner\">\n\t\t<div class=\"elementor-element elementor-element-6f7fe20 e-con-full e-flex e-con e-child\" data-id=\"6f7fe20\" data-element_type=\"container\" data-e-type=\"container\">\n\t\t\t\t<div class=\"elementor-element elementor-element-c3a93a9 elementor-tabs-view-horizontal elementor-widget elementor-widget-tabs\" data-id=\"c3a93a9\" data-element_type=\"widget\" data-e-type=\"widget\" data-widget_type=\"tabs.default\">\n\t\t\t\t<div class=\"elementor-widget-container\">\n\t\t\t\t\t\t\t<div class=\"elementor-tabs\">\n\t\t\t<div class=\"elementor-tabs-wrapper\" role=\"tablist\" >\n\t\t\t\t\t\t\t\t\t<div id=\"elementor-tab-title-2051\" class=\"elementor-tab-title elementor-tab-desktop-title\" aria-selected=\"true\" data-tab=\"1\" role=\"tab\" tabindex=\"0\" aria-controls=\"elementor-tab-content-2051\" aria-expanded=\"false\">Merkmale<\/div>\n\t\t\t\t\t\t\t\t\t<div id=\"elementor-tab-title-2052\" class=\"elementor-tab-title elementor-tab-desktop-title\" aria-selected=\"false\" data-tab=\"2\" role=\"tab\" tabindex=\"-1\" aria-controls=\"elementor-tab-content-2052\" aria-expanded=\"false\">Einbauanleitung<\/div>\n\t\t\t\t\t\t\t\t\t<div id=\"elementor-tab-title-2053\" class=\"elementor-tab-title elementor-tab-desktop-title\" aria-selected=\"false\" data-tab=\"3\" role=\"tab\" tabindex=\"-1\" aria-controls=\"elementor-tab-content-2053\" aria-expanded=\"false\">Befestigungen<\/div>\n\t\t\t\t\t\t\t<\/div>\n\t\t\t<div class=\"elementor-tabs-content-wrapper\" role=\"tablist\" aria-orientation=\"vertical\">\n\t\t\t\t\t\t\t\t\t<div class=\"elementor-tab-title elementor-tab-mobile-title\" aria-selected=\"true\" data-tab=\"1\" role=\"tab\" tabindex=\"0\" aria-controls=\"elementor-tab-content-2051\" aria-expanded=\"false\">Merkmale<\/div>\n\t\t\t\t\t<div id=\"elementor-tab-content-2051\" class=\"elementor-tab-content elementor-clearfix\" data-tab=\"1\" role=\"tabpanel\" aria-labelledby=\"elementor-tab-title-2051\" tabindex=\"0\" hidden=\"false\"><ul>\n<li><strong>Vollst\u00e4ndig geschlossen<\/strong>: Die Abdeckhaube deckt 180\u00ba ab, bis zum Rahmen des F\u00f6rderbandes.<br \/>Demontierbar: Die Dakar-Abdeckhaube kann durch L\u00f6sen von vier Schrauben vollst\u00e4ndig demontiert werden, so dass das F\u00f6rderband v\u00f6llig frei liegt. Ohne jegliche Strukturen oder Hindernisse.<\/li>\n<\/ul>\n<ul>\n<li><strong>Selbsttragend<\/strong>: F\u00fcr die Montage ist keine Struktur erforderlich.<\/li>\n<\/ul>\n<ul>\n<li><strong>Schnelle und einfache Installation<\/strong>: er passt sich praktisch allen F\u00f6rderb\u00e4ndern an.<\/li>\n<\/ul>\n<\/div>\n\t\t\t\t\t\t\t\t\t<div class=\"elementor-tab-title elementor-tab-mobile-title\" aria-selected=\"false\" data-tab=\"2\" role=\"tab\" tabindex=\"-1\" aria-controls=\"elementor-tab-content-2052\" aria-expanded=\"false\">Einbauanleitung<\/div>\n\t\t\t\t\t<div id=\"elementor-tab-content-2052\" class=\"elementor-tab-content elementor-clearfix\" data-tab=\"2\" role=\"tabpanel\" aria-labelledby=\"elementor-tab-title-2052\" tabindex=\"0\" hidden=\"hidden\"><p><strong>OPTIONEN:<\/strong><\/p>\n<ul>\n<li><strong>C-4 Polyester-Gurt:<\/strong> Montieren Sie ein 40 x 40-mm-T-Profil auf der Hakenseite und einen 40 x 40-Stahlwinkel auf der Scheibenseite. Beides \u00fcber die gesamte L\u00e4nge des F\u00f6rderbandes. <strong>Erforderliche Werkzeuge:<\/strong> 10-mm-Bohrer und zwei 20-mm-Schraubenschl\u00fcssel.<\/li>\n<\/ul>\n<ul>\n<li><strong>C-5 Selbstschneidende Schraube:<\/strong> Schrauben Sie die Abdeckhaube direkt an den F\u00f6rderbandrahmen. Es wird empfohlen, auf beiden Seiten des F\u00f6rderbandes 40 x 40-mm-Stahlwinkel zu montieren. <strong>Erforderliche Werkzeuge:<\/strong> Elektrische Bohrmaschine mit 8-mm-Bohrfutter.<\/li>\n<\/ul>\n<ul>\n<li><strong>C-6 Klemme:<\/strong>Montieren Sie auf beiden Seiten des F\u00f6rderbandes einen 40 x 40 mm gro\u00dfen Stahlwinkel. <strong>Erforderliche Werkzeuge:<\/strong> Zwei 13-mm-Schraubenschl\u00fcssel.<\/li>\n<\/ul>\n<p><strong>Option f\u00fcr die Vorinstallation.<\/strong>  Der Stahlwinkel und\/oder das T-Profil k\u00f6nnen in der Werkstatt montiert werden, wobei die Befestigungen anschlie\u00dfend vor Ort angebracht werden.<\/p>\n<p><strong>Halten Sie das F\u00f6rderband an, bevor Sie mit der Montage der Befestigungen beginnen.<\/strong><\/p>\n<p><strong>Bringen Sie die Befestigungen abwechselnd oben und unten an<\/strong>. Nicht alle sind in Form von Dachziegeln \u00fcbereinander angeordnet.<\/p>\n<p><strong>Use PPE<\/strong> (personal protection equipment) as required by law. CAPOTEX empfiehlt die Verwendung von Handschuhen, Schutzhelm, Sicherheitsstiefeln und Geh\u00f6rschutz.<\/p>\n<\/div>\n\t\t\t\t\t\t\t\t\t<div class=\"elementor-tab-title elementor-tab-mobile-title\" aria-selected=\"false\" data-tab=\"3\" role=\"tab\" tabindex=\"-1\" aria-controls=\"elementor-tab-content-2053\" aria-expanded=\"false\">Befestigungen<\/div>\n\t\t\t\t\t<div id=\"elementor-tab-content-2053\" class=\"elementor-tab-content elementor-clearfix\" data-tab=\"3\" role=\"tabpanel\" aria-labelledby=\"elementor-tab-title-2053\" tabindex=\"0\" hidden=\"hidden\"><table><tbody><tr style=\"background-color: #00678a; color: #f9fafa;\"><th>Abdeckhaube<\/th><th>Fixierung<\/th><\/tr><tr><td><a href=\"https:\/\/www.capotex.com\/de\/abdeckhauben-fur-forderbander\/forderbandhaube\/\">Klassisch<\/a><\/td><td><a href=\"https:\/\/www.capotex.com\/de\/befestigungen-fur-forderbandern-abdeckhauben\/c5\/\">C-5 Selbstschneidende Schraube<\/a><\/td><\/tr><tr><td>\u00a0<\/td><td><a href=\"https:\/\/www.capotex.com\/de\/befestigungen-fur-forderbandern-abdeckhauben\/c6\/\">C-6 Klemme<\/a><\/td><\/tr><tr><td>\u00a0<\/td><td><a href=\"https:\/\/www.capotex.com\/de\/befestigungen-fur-forderbandern-abdeckhauben\/c9\/\">C-9 Haken<\/a><\/td><\/tr><tr><td>\u00a0<\/td><td><a href=\"https:\/\/www.capotex.com\/de\/befestigungen-fur-forderbandern-abdeckhauben\/c7\/\">C-7 Ergonomischer Haken mit Gurt 1 oder 2 Haken mit oder ohne Platte<\/a><\/td><\/tr><tr><td><a href=\"https:\/\/www.capotex.com\/de\/abdeckhauben-fur-forderbander\/forderbandhaube\/\">Plus<\/a><\/td><td><a href=\"https:\/\/www.capotex.com\/de\/befestigungen-fur-forderbandern-abdeckhauben\/c5\/\">C-5 Selbstschneidende Schraube<\/a><\/td><\/tr><tr><td>\u00a0<\/td><td><a href=\"https:\/\/www.capotex.com\/de\/befestigungen-fur-forderbandern-abdeckhauben\/c6\/\">C-6 Klemme<\/a><\/td><\/tr><tr><td>\u00a0<\/td><td><a href=\"https:\/\/www.capotex.com\/de\/befestigungen-fur-forderbandern-abdeckhauben\/c9\/\">C-9 Haken<\/a><\/td><\/tr><tr><td>\u00a0<\/td><td><a href=\"https:\/\/www.capotex.com\/de\/befestigungen-fur-forderbandern-abdeckhauben\/c7\/\">C-7 Ergonomischer Haken mit Gurt 1 oder 2 Haken mit oder ohne Platte<\/a><\/td><\/tr><\/tbody><\/table><\/div>\n\t\t\t\t\t\t\t<\/div>\n\t\t<\/div>\n\t\t\t\t\t\t<\/div>\n\t\t\t\t<\/div>\n\t\t\t\t<\/div>\n\t\t\t\t\t<\/div>\n\t\t\t\t<\/div>\n\t\t\t\t<\/div>\n\t\t","protected":false},"excerpt":{"rendered":"<p>Festgelegt<\/p>\n","protected":false},"author":1,"featured_media":321,"parent":26285,"menu_order":30,"comment_status":"closed","ping_status":"closed","template":"","meta":{"_joinchat":[],"footnotes":""},"tags":[71],"class_list":["post-26307","page","type-page","status-publish","has-post-thumbnail","hentry","tag-conveyormodels-de"],"_links":{"self":[{"href":"https:\/\/www.capotex.com\/de\/wp-json\/wp\/v2\/pages\/26307","targetHints":{"allow":["GET"]}}],"collection":[{"href":"https:\/\/www.capotex.com\/de\/wp-json\/wp\/v2\/pages"}],"about":[{"href":"https:\/\/www.capotex.com\/de\/wp-json\/wp\/v2\/types\/page"}],"author":[{"embeddable":true,"href":"https:\/\/www.capotex.com\/de\/wp-json\/wp\/v2\/users\/1"}],"replies":[{"embeddable":true,"href":"https:\/\/www.capotex.com\/de\/wp-json\/wp\/v2\/comments?post=26307"}],"version-history":[{"count":46,"href":"https:\/\/www.capotex.com\/de\/wp-json\/wp\/v2\/pages\/26307\/revisions"}],"predecessor-version":[{"id":34762,"href":"https:\/\/www.capotex.com\/de\/wp-json\/wp\/v2\/pages\/26307\/revisions\/34762"}],"up":[{"embeddable":true,"href":"https:\/\/www.capotex.com\/de\/wp-json\/wp\/v2\/pages\/26285"}],"wp:featuredmedia":[{"embeddable":true,"href":"https:\/\/www.capotex.com\/de\/wp-json\/wp\/v2\/media\/321"}],"wp:attachment":[{"href":"https:\/\/www.capotex.com\/de\/wp-json\/wp\/v2\/media?parent=26307"}],"wp:term":[{"taxonomy":"post_tag","embeddable":true,"href":"https:\/\/www.capotex.com\/de\/wp-json\/wp\/v2\/tags?post=26307"}],"curies":[{"name":"wp","href":"https:\/\/api.w.org\/{rel}","templated":true}]}}