{"id":26310,"date":"2023-05-16T15:41:35","date_gmt":"2023-05-16T14:41:35","guid":{"rendered":"https:\/\/capotex.com\/produkte\/standard-modelle\/madrid\/"},"modified":"2024-06-27T09:31:18","modified_gmt":"2024-06-27T08:31:18","slug":"madrid","status":"publish","type":"page","link":"https:\/\/www.capotex.com\/de\/abdeckhauben-fur-forderbander\/forderband-haube\/madrid\/","title":{"rendered":"Madrid"},"content":{"rendered":"\t\t<div data-elementor-type=\"wp-page\" data-elementor-id=\"26310\" class=\"elementor elementor-26310 elementor-1895\" data-elementor-post-type=\"page\">\n\t\t\t\t<div class=\"elementor-element elementor-element-eacf7b6 e-flex e-con-boxed e-con e-parent\" data-id=\"eacf7b6\" data-element_type=\"container\" data-e-type=\"container\">\n\t\t\t\t\t<div class=\"e-con-inner\">\n\t\t<div class=\"elementor-element elementor-element-bd11669 e-con-full e-flex e-con e-child\" data-id=\"bd11669\" data-element_type=\"container\" data-e-type=\"container\">\n\t\t\t\t<div class=\"elementor-element elementor-element-1928309 elementor-widget elementor-widget-image\" data-id=\"1928309\" data-element_type=\"widget\" data-e-type=\"widget\" data-widget_type=\"image.default\">\n\t\t\t\t<div class=\"elementor-widget-container\">\n\t\t\t\t\t\t\t\t\t\t\t\t\t\t\t<img fetchpriority=\"high\" decoding=\"async\" width=\"618\" height=\"336\" src=\"https:\/\/www.capotex.com\/wp-content\/uploads\/2024\/05\/Abdeckhaube-von-Forderbandern-Madrid.webp\" class=\"attachment-full size-full wp-image-33840\" alt=\"Abdeckhaube von F\u00f6rderb\u00e4ndern Madrid\" srcset=\"https:\/\/www.capotex.com\/wp-content\/uploads\/2024\/05\/Abdeckhaube-von-Forderbandern-Madrid.webp 618w, https:\/\/www.capotex.com\/wp-content\/uploads\/2024\/05\/Abdeckhaube-von-Forderbandern-Madrid-300x163.webp 300w\" sizes=\"(max-width: 618px) 100vw, 618px\" \/>\t\t\t\t\t\t\t\t\t\t\t\t\t\t\t<\/div>\n\t\t\t\t<\/div>\n\t\t\t\t<\/div>\n\t\t\t\t\t<\/div>\n\t\t\t\t<\/div>\n\t\t<div class=\"elementor-element elementor-element-d171bee e-flex e-con-boxed e-con e-parent\" data-id=\"d171bee\" data-element_type=\"container\" data-e-type=\"container\">\n\t\t\t\t\t<div class=\"e-con-inner\">\n\t\t<div class=\"elementor-element elementor-element-c34afa1 e-con-full e-flex e-con e-child\" data-id=\"c34afa1\" data-element_type=\"container\" data-e-type=\"container\">\n\t\t\t\t<div class=\"elementor-element elementor-element-21e90c6 elementor-widget elementor-widget-heading\" data-id=\"21e90c6\" data-element_type=\"widget\" data-e-type=\"widget\" data-widget_type=\"heading.default\">\n\t\t\t\t<div class=\"elementor-widget-container\">\n\t\t\t\t\t<h2 class=\"elementor-heading-title elementor-size-default\">Madrid (mit Scharnieren auf beiden Seiten)<\/h2>\t\t\t\t<\/div>\n\t\t\t\t<\/div>\n\t\t\t\t<div class=\"elementor-element elementor-element-50603d6 elementor-widget elementor-widget-text-editor\" data-id=\"50603d6\" data-element_type=\"widget\" data-e-type=\"widget\" data-widget_type=\"text-editor.default\">\n\t\t\t\t<div class=\"elementor-widget-container\">\n\t\t\t\t\t\t\t\t\t<p><strong>Der Abdeckhaube Madrid ist unser Bestseller.<\/strong> Dieses patentierte Modell hat die meisten B\u00e4nder der Welt abgedeckt. Seine Vielseitigkeit und St\u00e4rke haben es zu einem Industriestandard gemacht.<\/p>\t\t\t\t\t\t\t\t<\/div>\n\t\t\t\t<\/div>\n\t\t<div class=\"elementor-element elementor-element-58297e6 e-flex e-con-boxed e-con e-child\" data-id=\"58297e6\" data-element_type=\"container\" data-e-type=\"container\">\n\t\t\t\t\t<div class=\"e-con-inner\">\n\t\t\t\t<div class=\"elementor-element elementor-element-70a3222 elementor-widget elementor-widget-image\" data-id=\"70a3222\" data-element_type=\"widget\" data-e-type=\"widget\" data-widget_type=\"image.default\">\n\t\t\t\t<div class=\"elementor-widget-container\">\n\t\t\t\t\t\t\t\t\t\t\t\t<figure class=\"wp-caption\">\n\t\t\t\t\t\t\t\t\t\t\t<a href=\"https:\/\/www.capotex.com\/wp-content\/uploads\/2023\/07\/Madrid-Classic-DE.pdf\" target=\"_blank\">\n\t\t\t\t\t\t\t<img decoding=\"async\" width=\"609\" height=\"432\" src=\"https:\/\/www.capotex.com\/wp-content\/uploads\/2023\/07\/Madrid-Classic-Cover.jpg\" class=\"attachment-full size-full wp-image-26919\" alt=\"\" srcset=\"https:\/\/www.capotex.com\/wp-content\/uploads\/2023\/07\/Madrid-Classic-Cover.jpg 609w, https:\/\/www.capotex.com\/wp-content\/uploads\/2023\/07\/Madrid-Classic-Cover-300x213.jpg 300w\" sizes=\"(max-width: 609px) 100vw, 609px\" \/>\t\t\t\t\t\t\t\t<\/a>\n\t\t\t\t\t\t\t\t\t\t\t<figcaption class=\"widget-image-caption wp-caption-text\">Download des Kr\u00fcmmungsplans \"Classic\" als pdf-Datei<\/figcaption>\n\t\t\t\t\t\t\t\t\t\t<\/figure>\n\t\t\t\t\t\t\t\t\t<\/div>\n\t\t\t\t<\/div>\n\t\t\t\t<div class=\"elementor-element elementor-element-21d268f elementor-widget elementor-widget-image\" data-id=\"21d268f\" data-element_type=\"widget\" data-e-type=\"widget\" data-widget_type=\"image.default\">\n\t\t\t\t<div class=\"elementor-widget-container\">\n\t\t\t\t\t\t\t\t\t\t\t\t<figure class=\"wp-caption\">\n\t\t\t\t\t\t\t\t\t\t\t<a href=\"https:\/\/www.capotex.com\/wp-content\/uploads\/2023\/07\/Madrid-Plus-DE.pdf\" target=\"_blank\">\n\t\t\t\t\t\t\t<img decoding=\"async\" width=\"610\" height=\"432\" src=\"https:\/\/www.capotex.com\/wp-content\/uploads\/2023\/07\/Madrid-Plus-cover.jpg\" class=\"attachment-full size-full wp-image-26923\" alt=\"\" srcset=\"https:\/\/www.capotex.com\/wp-content\/uploads\/2023\/07\/Madrid-Plus-cover.jpg 610w, https:\/\/www.capotex.com\/wp-content\/uploads\/2023\/07\/Madrid-Plus-cover-300x212.jpg 300w\" sizes=\"(max-width: 610px) 100vw, 610px\" \/>\t\t\t\t\t\t\t\t<\/a>\n\t\t\t\t\t\t\t\t\t\t\t<figcaption class=\"widget-image-caption wp-caption-text\">Download des Kr\u00fcmmungsplans \"Plus\" im pdf-Format<\/figcaption>\n\t\t\t\t\t\t\t\t\t\t<\/figure>\n\t\t\t\t\t\t\t\t\t<\/div>\n\t\t\t\t<\/div>\n\t\t\t\t\t<\/div>\n\t\t\t\t<\/div>\n\t\t\t\t<\/div>\n\t\t\t\t\t<\/div>\n\t\t\t\t<\/div>\n\t\t<div class=\"elementor-element elementor-element-3f4f351 elementor-hidden-mobile e-flex e-con-boxed e-con e-parent\" data-id=\"3f4f351\" data-element_type=\"container\" data-e-type=\"container\">\n\t\t\t\t\t<div class=\"e-con-inner\">\n\t\t<div class=\"elementor-element elementor-element-22eb91f e-con-full e-flex e-con e-child\" data-id=\"22eb91f\" data-element_type=\"container\" data-e-type=\"container\">\n\t\t\t\t<div class=\"elementor-element elementor-element-79358cc elementor-hidden-mobile elementor-tabs-view-horizontal elementor-widget elementor-widget-tabs\" data-id=\"79358cc\" data-element_type=\"widget\" data-e-type=\"widget\" data-widget_type=\"tabs.default\">\n\t\t\t\t<div class=\"elementor-widget-container\">\n\t\t\t\t\t\t\t<div class=\"elementor-tabs\">\n\t\t\t<div class=\"elementor-tabs-wrapper\" role=\"tablist\" >\n\t\t\t\t\t\t\t\t\t<div id=\"elementor-tab-title-1271\" class=\"elementor-tab-title elementor-tab-desktop-title\" aria-selected=\"true\" data-tab=\"1\" role=\"tab\" tabindex=\"0\" aria-controls=\"elementor-tab-content-1271\" aria-expanded=\"false\">Merkmale<\/div>\n\t\t\t\t\t\t\t\t\t<div id=\"elementor-tab-title-1272\" class=\"elementor-tab-title elementor-tab-desktop-title\" aria-selected=\"false\" data-tab=\"2\" role=\"tab\" tabindex=\"-1\" aria-controls=\"elementor-tab-content-1272\" aria-expanded=\"false\">Einbauanleitung<\/div>\n\t\t\t\t\t\t\t\t\t<div id=\"elementor-tab-title-1273\" class=\"elementor-tab-title elementor-tab-desktop-title\" aria-selected=\"false\" data-tab=\"3\" role=\"tab\" tabindex=\"-1\" aria-controls=\"elementor-tab-content-1273\" aria-expanded=\"false\">Befestigungen<\/div>\n\t\t\t\t\t\t\t<\/div>\n\t\t\t<div class=\"elementor-tabs-content-wrapper\" role=\"tablist\" aria-orientation=\"vertical\">\n\t\t\t\t\t\t\t\t\t<div class=\"elementor-tab-title elementor-tab-mobile-title\" aria-selected=\"true\" data-tab=\"1\" role=\"tab\" tabindex=\"0\" aria-controls=\"elementor-tab-content-1271\" aria-expanded=\"false\">Merkmale<\/div>\n\t\t\t\t\t<div id=\"elementor-tab-content-1271\" class=\"elementor-tab-content elementor-clearfix\" data-tab=\"1\" role=\"tabpanel\" aria-labelledby=\"elementor-tab-title-1271\" tabindex=\"0\" hidden=\"false\"><p><strong>Demontierbar<\/strong>: Die Madrid-Abdeckhaube ist auf beiden Seiten mit Scharnieren versehen und kann durch einfaches L\u00f6sen von vier Muttern vollst\u00e4ndig demontiert werden, so dass das F\u00f6rderband v\u00f6llig frei und ohne Konstruktionen ist.<\/p>\n<p><strong>Selbsttragend<\/strong>: Er ben\u00f6tigt keine Struktur.<\/p>\n<p><strong>Schnell und einfach zu installieren<\/strong>: er passt sich praktisch allen F\u00f6rderb\u00e4ndern an.<\/p>\n<\/div>\n\t\t\t\t\t\t\t\t\t<div class=\"elementor-tab-title elementor-tab-mobile-title\" aria-selected=\"false\" data-tab=\"2\" role=\"tab\" tabindex=\"-1\" aria-controls=\"elementor-tab-content-1272\" aria-expanded=\"false\">Einbauanleitung<\/div>\n\t\t\t\t\t<div id=\"elementor-tab-content-1272\" class=\"elementor-tab-content elementor-clearfix\" data-tab=\"2\" role=\"tabpanel\" aria-labelledby=\"elementor-tab-title-1272\" tabindex=\"0\" hidden=\"hidden\"><p>\t\t<div data-elementor-type=\"section\" data-elementor-id=\"26739\" class=\"elementor elementor-26739 elementor-157 elementor-157\" data-elementor-post-type=\"elementor_library\">\n\t\t\t\t\t<section class=\"elementor-section elementor-top-section elementor-element elementor-element-a30b6e7 elementor-section-boxed elementor-section-height-default elementor-section-height-default\" data-id=\"a30b6e7\" data-element_type=\"section\" data-e-type=\"section\">\n\t\t\t\t\t\t<div class=\"elementor-container elementor-column-gap-default\">\n\t\t\t\t\t<div class=\"elementor-column elementor-col-100 elementor-top-column elementor-element elementor-element-1b3ce04\" data-id=\"1b3ce04\" data-element_type=\"column\" data-e-type=\"column\">\n\t\t\t<div class=\"elementor-widget-wrap elementor-element-populated\">\n\t\t\t\t\t\t<div class=\"elementor-element elementor-element-d2df1f2 elementor-widget elementor-widget-text-editor\" data-id=\"d2df1f2\" data-element_type=\"widget\" data-e-type=\"widget\" data-widget_type=\"text-editor.default\">\n\t\t\t\t<div class=\"elementor-widget-container\">\n\t\t\t\t\t\t\t\t\t<p><strong>Montieren Sie niemals alle Stahlwinkel zuerst<\/strong>; kleine Ma\u00dfunterschiede zwischen den Abdeckungen k\u00f6nnen sich bei gro\u00dfen Mengen zu einem gro\u00dfen Unterschied summieren. Montieren Sie nur acht Stahlwinkel und dann zwei Abdeckungen darauf usw.<\/p>\n<p><strong>Bringen Sie die Abdeckhauben abwechselnd an<\/strong>, eine oben und eine unten, und so weiter. Legen Sie nicht alle Abdeckhauben \u00fcber die vorherige.<\/p>\n<p><strong>Erforderliche Werkzeuge<\/strong>: Elektrischer Schraubenzieher mit 8mm. Muffe (f\u00fcr Stahlwinkel) oder Schwei\u00dfger\u00e4t (f\u00fcr Stahlplatten), zwei 10mm. und eine 11mm. Schraubenschl\u00fcssel.<\/p>\n<p><strong>Halten Sie das F\u00f6rderband an, bevor Sie mit der Installation beginnen.<\/strong><\/p>\n<p><strong>Verwenden Sie die gesetzlich vorgeschriebene PSA (pers\u00f6nliche Schutzausr\u00fcstung).<\/strong> CAPOTEX empfiehlt die Verwendung von Handschuhen, Helm, Sicherheitsstiefeln, Geh\u00f6rschutz und Schwei\u00dfmaske (nur beim Schwei\u00dfen von Stahlplatten).<\/p>\n\t\t\t\t\t\t\t\t<\/div>\n\t\t\t\t<\/div>\n\t\t\t\t<div class=\"elementor-element elementor-element-ce56979 elementor-widget elementor-widget-video\" data-id=\"ce56979\" data-element_type=\"widget\" data-e-type=\"widget\" data-settings=\"{&quot;youtube_url&quot;:&quot;https:\\\/\\\/youtu.be\\\/vRmHBdikViw&quot;,&quot;mute&quot;:&quot;yes&quot;,&quot;lazy_load&quot;:&quot;yes&quot;,&quot;video_type&quot;:&quot;youtube&quot;,&quot;controls&quot;:&quot;yes&quot;}\" data-widget_type=\"video.default\">\n\t\t\t\t<div class=\"elementor-widget-container\">\n\t\t\t\t\t\t\t<div class=\"elementor-wrapper elementor-open-inline\">\n\t\t\t<div class=\"elementor-video\"><\/div>\t\t<\/div>\n\t\t\t\t\t\t<\/div>\n\t\t\t\t<\/div>\n\t\t\t\t\t<\/div>\n\t\t<\/div>\n\t\t\t\t\t<\/div>\n\t\t<\/section>\n\t\t\t\t<\/div>\n\t\t<\/p>\n<\/div>\n\t\t\t\t\t\t\t\t\t<div class=\"elementor-tab-title elementor-tab-mobile-title\" aria-selected=\"false\" data-tab=\"3\" role=\"tab\" tabindex=\"-1\" aria-controls=\"elementor-tab-content-1273\" aria-expanded=\"false\">Befestigungen<\/div>\n\t\t\t\t\t<div id=\"elementor-tab-content-1273\" class=\"elementor-tab-content elementor-clearfix\" data-tab=\"3\" role=\"tabpanel\" aria-labelledby=\"elementor-tab-title-1273\" tabindex=\"0\" hidden=\"hidden\"><table id=\"FixingsTable\"><tbody><tr style=\"background-color: #00678a; color: #f9fafa;\"><th>Modell<\/th><th>Form der Kr\u00fcmmung<\/th><th>Befestigung von<\/th><th>Foto<\/th><th>Breite des Stahlwinkels<\/th><\/tr><tr><td>Madrid<\/td><td><a href=\"https:\/\/www.capotex.com\/de\/abdeckhauben-fur-forderbander\/forderbandhaube\/\">Klassisch<\/a><\/td><td><a href=\"https:\/\/www.capotex.com\/de\/befestigungen-fur-forderbandern-abdeckhauben\/c1\/\">C-1 Schlossscharnier (4)<\/a><\/td><td rowspan=\"3\"><a href=\"https:\/\/www.capotex.com\/de\/produkte\/befestigungen\/schloss-scharnier-c1\/\"><img decoding=\"async\" src=\"https:\/\/www.capotex.com\/wp-content\/uploads\/2023\/05\/Capotex-fixings-C1-Lock-Hinge.webp\" width=\"300\" \/><\/a><\/td><td>40 mm.<\/td><\/tr><tr><td>\u00a0<\/td><td>\u00a0<\/td><td>\u00a0<\/td><td>70 mm.<\/td><\/tr><tr><td>\u00a0<\/td><td>\u00a0<\/td><td>\u00a0<\/td><td>Spezial (auf Anfrage)<\/td><\/tr><tr><td>\u00a0<\/td><td><a href=\"https:\/\/www.capotex.com\/de\/abdeckhauben-fur-forderbander\/forderbandhaube\/\">Plus<\/a><\/td><td><a href=\"https:\/\/www.capotex.com\/de\/befestigungen-fur-forderbandern-abdeckhauben\/c1\/\">C-1 Schlossscharnier (4)<\/a><\/td><td rowspan=\"3\"><a href=\"https:\/\/www.capotex.com\/de\/produkte\/befestigungen\/schloss-scharnier-c1\/\"><img decoding=\"async\" src=\"https:\/\/www.capotex.com\/wp-content\/uploads\/2023\/05\/Capotex-fixings-C1-Lock-Hinge.webp\" width=\"300\" \/><\/a><\/td><td>40 mm.<\/td><\/tr><tr><td>\u00a0<\/td><td>\u00a0<\/td><td>\u00a0<\/td><td>70 mm.<\/td><\/tr><tr><td>\u00a0<\/td><td>\u00a0<\/td><td>\u00a0<\/td><td>Spezial (auf Anfrage)<\/td><\/tr><\/tbody><\/table><\/div>\n\t\t\t\t\t\t\t<\/div>\n\t\t<\/div>\n\t\t\t\t\t\t<\/div>\n\t\t\t\t<\/div>\n\t\t\t\t<\/div>\n\t\t\t\t\t<\/div>\n\t\t\t\t<\/div>\n\t\t<div class=\"elementor-element elementor-element-dd585d0 elementor-hidden-desktop elementor-hidden-tablet e-flex e-con-boxed e-con e-parent\" data-id=\"dd585d0\" data-element_type=\"container\" data-e-type=\"container\">\n\t\t\t\t\t<div class=\"e-con-inner\">\n\t\t<div class=\"elementor-element elementor-element-b9b8f23 e-con-full e-flex e-con e-child\" data-id=\"b9b8f23\" data-element_type=\"container\" data-e-type=\"container\">\n\t\t\t\t<div class=\"elementor-element elementor-element-ff5e853 elementor-tabs-view-horizontal elementor-widget elementor-widget-tabs\" data-id=\"ff5e853\" data-element_type=\"widget\" data-e-type=\"widget\" data-widget_type=\"tabs.default\">\n\t\t\t\t<div class=\"elementor-widget-container\">\n\t\t\t\t\t\t\t<div class=\"elementor-tabs\">\n\t\t\t<div class=\"elementor-tabs-wrapper\" role=\"tablist\" >\n\t\t\t\t\t\t\t\t\t<div id=\"elementor-tab-title-2671\" class=\"elementor-tab-title elementor-tab-desktop-title\" aria-selected=\"true\" data-tab=\"1\" role=\"tab\" tabindex=\"0\" aria-controls=\"elementor-tab-content-2671\" aria-expanded=\"false\">Merkmale<\/div>\n\t\t\t\t\t\t\t\t\t<div id=\"elementor-tab-title-2672\" class=\"elementor-tab-title elementor-tab-desktop-title\" aria-selected=\"false\" data-tab=\"2\" role=\"tab\" tabindex=\"-1\" aria-controls=\"elementor-tab-content-2672\" aria-expanded=\"false\">Einbauanleitung<\/div>\n\t\t\t\t\t\t\t\t\t<div id=\"elementor-tab-title-2673\" class=\"elementor-tab-title elementor-tab-desktop-title\" aria-selected=\"false\" data-tab=\"3\" role=\"tab\" tabindex=\"-1\" aria-controls=\"elementor-tab-content-2673\" aria-expanded=\"false\">Befestigungen<\/div>\n\t\t\t\t\t\t\t<\/div>\n\t\t\t<div class=\"elementor-tabs-content-wrapper\" role=\"tablist\" aria-orientation=\"vertical\">\n\t\t\t\t\t\t\t\t\t<div class=\"elementor-tab-title elementor-tab-mobile-title\" aria-selected=\"true\" data-tab=\"1\" role=\"tab\" tabindex=\"0\" aria-controls=\"elementor-tab-content-2671\" aria-expanded=\"false\">Merkmale<\/div>\n\t\t\t\t\t<div id=\"elementor-tab-content-2671\" class=\"elementor-tab-content elementor-clearfix\" data-tab=\"1\" role=\"tabpanel\" aria-labelledby=\"elementor-tab-title-2671\" tabindex=\"0\" hidden=\"false\"><p><strong>Demontierbar<\/strong>: Die Madrid-Abdeckhaube ist auf beiden Seiten mit Scharnieren versehen und kann durch einfaches L\u00f6sen von vier Muttern vollst\u00e4ndig demontiert werden, so dass das F\u00f6rderband v\u00f6llig frei und ohne Konstruktionen ist.<\/p>\n<p><strong>Selbsttragend<\/strong>: Er ben\u00f6tigt keine Struktur.<\/p>\n<p><strong>Schnell und einfach zu installieren<\/strong>: er passt sich praktisch allen F\u00f6rderb\u00e4ndern an.<\/p>\n<\/div>\n\t\t\t\t\t\t\t\t\t<div class=\"elementor-tab-title elementor-tab-mobile-title\" aria-selected=\"false\" data-tab=\"2\" role=\"tab\" tabindex=\"-1\" aria-controls=\"elementor-tab-content-2672\" aria-expanded=\"false\">Einbauanleitung<\/div>\n\t\t\t\t\t<div id=\"elementor-tab-content-2672\" class=\"elementor-tab-content elementor-clearfix\" data-tab=\"2\" role=\"tabpanel\" aria-labelledby=\"elementor-tab-title-2672\" tabindex=\"0\" hidden=\"hidden\"><p>\t\t<div data-elementor-type=\"section\" data-elementor-id=\"26739\" class=\"elementor elementor-26739 elementor-157 elementor-157\" data-elementor-post-type=\"elementor_library\">\n\t\t\t\t\t<section class=\"elementor-section elementor-top-section elementor-element elementor-element-a30b6e7 elementor-section-boxed elementor-section-height-default elementor-section-height-default\" data-id=\"a30b6e7\" data-element_type=\"section\" data-e-type=\"section\">\n\t\t\t\t\t\t<div class=\"elementor-container elementor-column-gap-default\">\n\t\t\t\t\t<div class=\"elementor-column elementor-col-100 elementor-top-column elementor-element elementor-element-1b3ce04\" data-id=\"1b3ce04\" data-element_type=\"column\" data-e-type=\"column\">\n\t\t\t<div class=\"elementor-widget-wrap elementor-element-populated\">\n\t\t\t\t\t\t<div class=\"elementor-element elementor-element-d2df1f2 elementor-widget elementor-widget-text-editor\" data-id=\"d2df1f2\" data-element_type=\"widget\" data-e-type=\"widget\" data-widget_type=\"text-editor.default\">\n\t\t\t\t<div class=\"elementor-widget-container\">\n\t\t\t\t\t\t\t\t\t<p><strong>Montieren Sie niemals alle Stahlwinkel zuerst<\/strong>; kleine Ma\u00dfunterschiede zwischen den Abdeckungen k\u00f6nnen sich bei gro\u00dfen Mengen zu einem gro\u00dfen Unterschied summieren. Montieren Sie nur acht Stahlwinkel und dann zwei Abdeckungen darauf usw.<\/p>\n<p><strong>Bringen Sie die Abdeckhauben abwechselnd an<\/strong>, eine oben und eine unten, und so weiter. Legen Sie nicht alle Abdeckhauben \u00fcber die vorherige.<\/p>\n<p><strong>Erforderliche Werkzeuge<\/strong>: Elektrischer Schraubenzieher mit 8mm. Muffe (f\u00fcr Stahlwinkel) oder Schwei\u00dfger\u00e4t (f\u00fcr Stahlplatten), zwei 10mm. und eine 11mm. Schraubenschl\u00fcssel.<\/p>\n<p><strong>Halten Sie das F\u00f6rderband an, bevor Sie mit der Installation beginnen.<\/strong><\/p>\n<p><strong>Verwenden Sie die gesetzlich vorgeschriebene PSA (pers\u00f6nliche Schutzausr\u00fcstung).<\/strong> CAPOTEX empfiehlt die Verwendung von Handschuhen, Helm, Sicherheitsstiefeln, Geh\u00f6rschutz und Schwei\u00dfmaske (nur beim Schwei\u00dfen von Stahlplatten).<\/p>\n\t\t\t\t\t\t\t\t<\/div>\n\t\t\t\t<\/div>\n\t\t\t\t<div class=\"elementor-element elementor-element-ce56979 elementor-widget elementor-widget-video\" data-id=\"ce56979\" data-element_type=\"widget\" data-e-type=\"widget\" data-settings=\"{&quot;youtube_url&quot;:&quot;https:\\\/\\\/youtu.be\\\/vRmHBdikViw&quot;,&quot;mute&quot;:&quot;yes&quot;,&quot;lazy_load&quot;:&quot;yes&quot;,&quot;video_type&quot;:&quot;youtube&quot;,&quot;controls&quot;:&quot;yes&quot;}\" data-widget_type=\"video.default\">\n\t\t\t\t<div class=\"elementor-widget-container\">\n\t\t\t\t\t\t\t<div class=\"elementor-wrapper elementor-open-inline\">\n\t\t\t<div class=\"elementor-video\"><\/div>\t\t<\/div>\n\t\t\t\t\t\t<\/div>\n\t\t\t\t<\/div>\n\t\t\t\t\t<\/div>\n\t\t<\/div>\n\t\t\t\t\t<\/div>\n\t\t<\/section>\n\t\t\t\t<\/div>\n\t\t<\/p>\n<\/div>\n\t\t\t\t\t\t\t\t\t<div class=\"elementor-tab-title elementor-tab-mobile-title\" aria-selected=\"false\" data-tab=\"3\" role=\"tab\" tabindex=\"-1\" aria-controls=\"elementor-tab-content-2673\" aria-expanded=\"false\">Befestigungen<\/div>\n\t\t\t\t\t<div id=\"elementor-tab-content-2673\" class=\"elementor-tab-content elementor-clearfix\" data-tab=\"3\" role=\"tabpanel\" aria-labelledby=\"elementor-tab-title-2673\" tabindex=\"0\" hidden=\"hidden\"><table id=\"FixingsTable\"><tbody><tr style=\"background-color: #00678a; color: #f9fafa;\"><th>Form der Kr\u00fcmmung<\/th><th>Befestigung von<\/th><th>Breite des Stahlwinkels<\/th><\/tr><tr><td><a href=\"https:\/\/www.capotex.com\/de\/abdeckhauben-fur-forderbander\/forderbandhaube\/\">Klassisch<\/a><\/td><td><a href=\"https:\/\/www.capotex.com\/de\/befestigungen-fur-forderbandern-abdeckhauben\/c1\/\">C-1 Schlossscharnier (4)<\/a><\/td><td>40 mm.<\/td><\/tr><tr><td>\u00a0<\/td><td>\u00a0<\/td><td>70 mm.<\/td><\/tr><tr><td>\u00a0<\/td><td>\u00a0<\/td><td>Spezial (auf Anfrage)<\/td><\/tr><tr><td><a href=\"https:\/\/www.capotex.com\/de\/abdeckhauben-fur-forderbander\/forderbandhaube\/\">Plus<\/a><\/td><td><a href=\"https:\/\/www.capotex.com\/de\/befestigungen-fur-forderbandern-abdeckhauben\/c1\/\">C-1 Schlossscharnier (4)<\/a><\/td><td>40 mm.<\/td><\/tr><tr><td>\u00a0<\/td><td>\u00a0<\/td><td>70 mm.<\/td><\/tr><tr><td>\u00a0<\/td><td>\u00a0<\/td><td>Spezial (auf Anfrage)<\/td><\/tr><\/tbody><\/table><\/div>\n\t\t\t\t\t\t\t<\/div>\n\t\t<\/div>\n\t\t\t\t\t\t<\/div>\n\t\t\t\t<\/div>\n\t\t\t\t<\/div>\n\t\t\t\t\t<\/div>\n\t\t\t\t<\/div>\n\t\t\t\t<\/div>\n\t\t","protected":false},"excerpt":{"rendered":"<p>Beidseitig aufklappbar<\/p>\n","protected":false},"author":1,"featured_media":104,"parent":26285,"menu_order":10,"comment_status":"closed","ping_status":"closed","template":"","meta":{"_joinchat":[],"footnotes":""},"tags":[71],"class_list":["post-26310","page","type-page","status-publish","has-post-thumbnail","hentry","tag-conveyormodels-de"],"_links":{"self":[{"href":"https:\/\/www.capotex.com\/de\/wp-json\/wp\/v2\/pages\/26310","targetHints":{"allow":["GET"]}}],"collection":[{"href":"https:\/\/www.capotex.com\/de\/wp-json\/wp\/v2\/pages"}],"about":[{"href":"https:\/\/www.capotex.com\/de\/wp-json\/wp\/v2\/types\/page"}],"author":[{"embeddable":true,"href":"https:\/\/www.capotex.com\/de\/wp-json\/wp\/v2\/users\/1"}],"replies":[{"embeddable":true,"href":"https:\/\/www.capotex.com\/de\/wp-json\/wp\/v2\/comments?post=26310"}],"version-history":[{"count":34,"href":"https:\/\/www.capotex.com\/de\/wp-json\/wp\/v2\/pages\/26310\/revisions"}],"predecessor-version":[{"id":34756,"href":"https:\/\/www.capotex.com\/de\/wp-json\/wp\/v2\/pages\/26310\/revisions\/34756"}],"up":[{"embeddable":true,"href":"https:\/\/www.capotex.com\/de\/wp-json\/wp\/v2\/pages\/26285"}],"wp:featuredmedia":[{"embeddable":true,"href":"https:\/\/www.capotex.com\/de\/wp-json\/wp\/v2\/media\/104"}],"wp:attachment":[{"href":"https:\/\/www.capotex.com\/de\/wp-json\/wp\/v2\/media?parent=26310"}],"wp:term":[{"taxonomy":"post_tag","embeddable":true,"href":"https:\/\/www.capotex.com\/de\/wp-json\/wp\/v2\/tags?post=26310"}],"curies":[{"name":"wp","href":"https:\/\/api.w.org\/{rel}","templated":true}]}}