{"id":26319,"date":"2023-05-17T09:29:56","date_gmt":"2023-05-17T08:29:56","guid":{"rendered":"https:\/\/capotex.com\/caponoise\/"},"modified":"2025-02-14T12:20:39","modified_gmt":"2025-02-14T11:20:39","slug":"caponoise","status":"publish","type":"page","link":"https:\/\/www.capotex.com\/de\/abdeckhauben-fur-forderbander\/forderband-haube-besondere\/caponoise\/","title":{"rendered":"Caponoise"},"content":{"rendered":"\t\t<div data-elementor-type=\"wp-page\" data-elementor-id=\"26319\" class=\"elementor elementor-26319 elementor-2027\" data-elementor-post-type=\"page\">\n\t\t\t\t\t\t<section class=\"elementor-section elementor-top-section elementor-element elementor-element-e4baad5 elementor-section-boxed elementor-section-height-default elementor-section-height-default\" data-id=\"e4baad5\" data-element_type=\"section\" data-e-type=\"section\">\n\t\t\t\t\t\t<div class=\"elementor-container elementor-column-gap-default\">\n\t\t\t\t\t<div class=\"elementor-column elementor-col-100 elementor-top-column elementor-element elementor-element-9347f5b\" data-id=\"9347f5b\" data-element_type=\"column\" data-e-type=\"column\">\n\t\t\t<div class=\"elementor-widget-wrap elementor-element-populated\">\n\t\t\t\t\t\t<div class=\"elementor-element elementor-element-172102c elementor-widget elementor-widget-image\" data-id=\"172102c\" data-element_type=\"widget\" data-e-type=\"widget\" data-widget_type=\"image.default\">\n\t\t\t\t<div class=\"elementor-widget-container\">\n\t\t\t\t\t\t\t\t\t\t\t\t\t\t\t<img fetchpriority=\"high\" decoding=\"async\" width=\"600\" height=\"329\" src=\"https:\/\/www.capotex.com\/wp-content\/uploads\/2024\/06\/Abdeckhaube-von-Forderbandern-Caponoise.webp\" class=\"attachment-full size-full wp-image-33979\" alt=\"Abdeckhaube von F\u00f6rderb\u00e4ndern Caponoise\" srcset=\"https:\/\/www.capotex.com\/wp-content\/uploads\/2024\/06\/Abdeckhaube-von-Forderbandern-Caponoise.webp 600w, https:\/\/www.capotex.com\/wp-content\/uploads\/2024\/06\/Abdeckhaube-von-Forderbandern-Caponoise-300x165.webp 300w\" sizes=\"(max-width: 600px) 100vw, 600px\" \/>\t\t\t\t\t\t\t\t\t\t\t\t\t\t\t<\/div>\n\t\t\t\t<\/div>\n\t\t\t\t\t<\/div>\n\t\t<\/div>\n\t\t\t\t\t<\/div>\n\t\t<\/section>\n\t\t\t\t<section class=\"elementor-section elementor-top-section elementor-element elementor-element-9c88718 elementor-section-boxed elementor-section-height-default elementor-section-height-default\" data-id=\"9c88718\" data-element_type=\"section\" data-e-type=\"section\">\n\t\t\t\t\t\t<div class=\"elementor-container elementor-column-gap-default\">\n\t\t\t\t\t<div class=\"elementor-column elementor-col-100 elementor-top-column elementor-element elementor-element-1aacbc4\" data-id=\"1aacbc4\" data-element_type=\"column\" data-e-type=\"column\">\n\t\t\t<div class=\"elementor-widget-wrap elementor-element-populated\">\n\t\t\t\t\t\t<div class=\"elementor-element elementor-element-df9bdfa elementor-widget elementor-widget-text-editor\" data-id=\"df9bdfa\" data-element_type=\"widget\" data-e-type=\"widget\" data-widget_type=\"text-editor.default\">\n\t\t\t\t<div class=\"elementor-widget-container\">\n\t\t\t\t\t\t\t\t\t<p><strong>Reduziert den L\u00e4rm des F\u00f6rderbandes<\/strong>: Akustisch isolierende Abdeckhauben. Reduziert die L\u00e4rmbel\u00e4stigung durch das F\u00f6rderband.<\/p><p>Besonders geeignet f\u00fcr <strong>besiedelte Gebiete und Naturparks<\/strong>.<\/p><p><strong>Die besten Materialien<\/strong>. Die Wand enth\u00e4lt Tausende von kleinen L\u00f6chern, die die Schallwellen durchlassen und verhindern, dass der L\u00e4rm durch den R\u00fcckpralleffekt verst\u00e4rkt wird. Die mittlere Schicht enth\u00e4lt das schallabsorbierende Material zur Verringerung der Bandger\u00e4usche; die Dicke h\u00e4ngt von der Ger\u00e4uschemission und der f\u00fcr das F\u00f6rderband erforderlichen Reduzierung ab. Die \u00e4u\u00dfere Abdeckhaube verhindert, dass Ger\u00e4usche nach au\u00dfen dringen und sch\u00fctzt das Innere des G\u00fcrtels vor Regen, Wind und Sonne. Das System bietet au\u00dferdem eine absolut sichere Installation gegen die Risiken und Gefahren, die mit F\u00f6rderb\u00e4ndern verbunden sind.<\/p><p><strong>Optionen<\/strong>. Dieses System kann so modifiziert werden, dass ein einfacher Zugang zum Band m\u00f6glich ist und die untere Seite des F\u00f6rderers vollst\u00e4ndig geschlossen werden kann, wenn er vom Boden angehoben wird.<\/p><p><strong>Anpassungsf\u00e4hig<\/strong>: F\u00fcr jede Gr\u00f6\u00dfe und Art von F\u00f6rderband.<\/p><p><strong>Erh\u00e4ltlich in allen unseren Farben und Materialien<\/strong>.<\/p>\t\t\t\t\t\t\t\t<\/div>\n\t\t\t\t<\/div>\n\t\t\t\t<div class=\"elementor-element elementor-element-3a7e01e elementor-widget elementor-widget-image\" data-id=\"3a7e01e\" data-element_type=\"widget\" data-e-type=\"widget\" data-widget_type=\"image.default\">\n\t\t\t\t<div class=\"elementor-widget-container\">\n\t\t\t\t\t\t\t\t\t\t\t\t<figure class=\"wp-caption\">\n\t\t\t\t\t\t\t\t\t\t\t<a href=\"https:\/\/www.capotex.com\/wp-content\/uploads\/2025\/02\/CAPONOISE_01-ENG.pdf\" target=\"_blank\">\n\t\t\t\t\t\t\t<img decoding=\"async\" width=\"644\" height=\"454\" src=\"https:\/\/www.capotex.com\/wp-content\/uploads\/2025\/02\/Caponoise.jpg\" class=\"attachment-full size-full wp-image-37043\" alt=\"\" srcset=\"https:\/\/www.capotex.com\/wp-content\/uploads\/2025\/02\/Caponoise.jpg 644w, https:\/\/www.capotex.com\/wp-content\/uploads\/2025\/02\/Caponoise-300x211.jpg 300w\" sizes=\"(max-width: 644px) 100vw, 644px\" \/>\t\t\t\t\t\t\t\t<\/a>\n\t\t\t\t\t\t\t\t\t\t\t<figcaption class=\"widget-image-caption wp-caption-text\">pdf herunterladen<\/figcaption>\n\t\t\t\t\t\t\t\t\t\t<\/figure>\n\t\t\t\t\t\t\t\t\t<\/div>\n\t\t\t\t<\/div>\n\t\t\t\t\t<\/div>\n\t\t<\/div>\n\t\t\t\t\t<\/div>\n\t\t<\/section>\n\t\t\t\t<\/div>\n\t\t","protected":false},"excerpt":{"rendered":"<p>Reduziert den L\u00e4rm des F\u00f6rderbandes: Akustisch isolierende Abdeckhauben. Reduziert die L\u00e4rmbel\u00e4stigung durch das F\u00f6rderband. Besonders geeignet f\u00fcr besiedelte Gebiete und Naturparks. Die besten Materialien. Die Wand enth\u00e4lt Tausende von kleinen L\u00f6chern, die die Schallwellen durchlassen und verhindern, dass der L\u00e4rm durch den R\u00fcckpralleffekt verst\u00e4rkt wird. Die mittlere Schicht enth\u00e4lt das schallabsorbierende Material zur Verringerung der [&hellip;]<\/p>\n","protected":false},"author":1,"featured_media":628,"parent":26408,"menu_order":30,"comment_status":"closed","ping_status":"closed","template":"","meta":{"_joinchat":[],"footnotes":""},"tags":[72],"class_list":["post-26319","page","type-page","status-publish","has-post-thumbnail","hentry","tag-spezialmodelle"],"_links":{"self":[{"href":"https:\/\/www.capotex.com\/de\/wp-json\/wp\/v2\/pages\/26319","targetHints":{"allow":["GET"]}}],"collection":[{"href":"https:\/\/www.capotex.com\/de\/wp-json\/wp\/v2\/pages"}],"about":[{"href":"https:\/\/www.capotex.com\/de\/wp-json\/wp\/v2\/types\/page"}],"author":[{"embeddable":true,"href":"https:\/\/www.capotex.com\/de\/wp-json\/wp\/v2\/users\/1"}],"replies":[{"embeddable":true,"href":"https:\/\/www.capotex.com\/de\/wp-json\/wp\/v2\/comments?post=26319"}],"version-history":[{"count":23,"href":"https:\/\/www.capotex.com\/de\/wp-json\/wp\/v2\/pages\/26319\/revisions"}],"predecessor-version":[{"id":37057,"href":"https:\/\/www.capotex.com\/de\/wp-json\/wp\/v2\/pages\/26319\/revisions\/37057"}],"up":[{"embeddable":true,"href":"https:\/\/www.capotex.com\/de\/wp-json\/wp\/v2\/pages\/26408"}],"wp:featuredmedia":[{"embeddable":true,"href":"https:\/\/www.capotex.com\/de\/wp-json\/wp\/v2\/media\/628"}],"wp:attachment":[{"href":"https:\/\/www.capotex.com\/de\/wp-json\/wp\/v2\/media?parent=26319"}],"wp:term":[{"taxonomy":"post_tag","embeddable":true,"href":"https:\/\/www.capotex.com\/de\/wp-json\/wp\/v2\/tags?post=26319"}],"curies":[{"name":"wp","href":"https:\/\/api.w.org\/{rel}","templated":true}]}}