{"id":26324,"date":"2023-05-17T10:24:55","date_gmt":"2023-05-17T09:24:55","guid":{"rendered":"https:\/\/capotex.com\/c-7-ergonomischer-haken-mit-gurt\/"},"modified":"2024-06-27T08:16:13","modified_gmt":"2024-06-27T07:16:13","slug":"c7","status":"publish","type":"page","link":"https:\/\/www.capotex.com\/de\/befestigungen-fur-forderbandern-abdeckhauben\/c7\/","title":{"rendered":"Ergonomischer Haken mit Gurt C7"},"content":{"rendered":"\t\t<div data-elementor-type=\"wp-page\" data-elementor-id=\"26324\" class=\"elementor elementor-26324 elementor-2057\" data-elementor-post-type=\"page\">\n\t\t\t\t<div class=\"elementor-element elementor-element-8f7efa3 e-flex e-con-boxed e-con e-parent\" data-id=\"8f7efa3\" data-element_type=\"container\" data-e-type=\"container\">\n\t\t\t\t\t<div class=\"e-con-inner\">\n\t\t<div class=\"elementor-element elementor-element-01bb28d e-con-full e-flex e-con e-child\" data-id=\"01bb28d\" data-element_type=\"container\" data-e-type=\"container\">\n\t\t\t\t<div class=\"elementor-element elementor-element-45997b9 elementor-widget elementor-widget-image\" data-id=\"45997b9\" data-element_type=\"widget\" data-e-type=\"widget\" data-widget_type=\"image.default\">\n\t\t\t\t<div class=\"elementor-widget-container\">\n\t\t\t\t\t\t\t\t\t\t\t\t\t\t\t<img fetchpriority=\"high\" decoding=\"async\" width=\"619\" height=\"925\" src=\"https:\/\/www.capotex.com\/wp-content\/uploads\/2024\/06\/Haken-mit-Gurt-fur-Forderbandern-Abdeckhauben.webp\" class=\"attachment-full size-full wp-image-34663\" alt=\"\" srcset=\"https:\/\/www.capotex.com\/wp-content\/uploads\/2024\/06\/Haken-mit-Gurt-fur-Forderbandern-Abdeckhauben.webp 619w, https:\/\/www.capotex.com\/wp-content\/uploads\/2024\/06\/Haken-mit-Gurt-fur-Forderbandern-Abdeckhauben-201x300.webp 201w\" sizes=\"(max-width: 619px) 100vw, 619px\" \/>\t\t\t\t\t\t\t\t\t\t\t\t\t\t\t<\/div>\n\t\t\t\t<\/div>\n\t\t\t\t<\/div>\n\t\t\t\t\t<\/div>\n\t\t\t\t<\/div>\n\t\t<div class=\"elementor-element elementor-element-996db7b e-flex e-con-boxed e-con e-parent\" data-id=\"996db7b\" data-element_type=\"container\" data-e-type=\"container\">\n\t\t\t\t\t<div class=\"e-con-inner\">\n\t\t<div class=\"elementor-element elementor-element-eb33606 e-con-full e-flex e-con e-child\" data-id=\"eb33606\" data-element_type=\"container\" data-e-type=\"container\">\n\t\t\t\t<div class=\"elementor-element elementor-element-73c3b60 elementor-widget elementor-widget-heading\" data-id=\"73c3b60\" data-element_type=\"widget\" data-e-type=\"widget\" data-widget_type=\"heading.default\">\n\t\t\t\t<div class=\"elementor-widget-container\">\n\t\t\t\t\t<h2 class=\"elementor-heading-title elementor-size-default\">Haken mit Gurt f\u00fcr F\u00f6rderb\u00e4ndern Abdeckhauben -  C-7<\/h2>\t\t\t\t<\/div>\n\t\t\t\t<\/div>\n\t\t\t\t<div class=\"elementor-element elementor-element-93c5b41 elementor-widget elementor-widget-text-editor\" data-id=\"93c5b41\" data-element_type=\"widget\" data-e-type=\"widget\" data-widget_type=\"text-editor.default\">\n\t\t\t\t<div class=\"elementor-widget-container\">\n\t\t\t\t\t\t\t\t\t<p><strong>C-7 Ergonomischer Haken mit Gurt<\/strong>. Unser ergonomisch geformter Haken l\u00e4sst sich bequem mit zwei H\u00e4nden bedienen.<\/p><p>Die Spannfeder und das Edelstahlband halten den Deckel in das T-Profil eingepasst. Ein T-Profil muss entlang der gesamten F\u00f6rderbandstruktur geschwei\u00dft werden.<\/p>\t\t\t\t\t\t\t\t<\/div>\n\t\t\t\t<\/div>\n\t\t\t\t<\/div>\n\t\t\t\t\t<\/div>\n\t\t\t\t<\/div>\n\t\t\t\t<\/div>\n\t\t","protected":false},"excerpt":{"rendered":"<p>Haken mit Gurt f\u00fcr F\u00f6rderb\u00e4ndern Abdeckhauben &#8211; C-7 C-7 Ergonomischer Haken mit Gurt. Unser ergonomisch geformter Haken l\u00e4sst sich bequem mit zwei H\u00e4nden bedienen. Die Spannfeder und das Edelstahlband halten den Deckel in das T-Profil eingepasst. Ein T-Profil muss entlang der gesamten F\u00f6rderbandstruktur geschwei\u00dft werden.<\/p>\n","protected":false},"author":1,"featured_media":992,"parent":26458,"menu_order":50,"comment_status":"closed","ping_status":"closed","template":"","meta":{"_joinchat":[],"footnotes":""},"tags":[75],"class_list":["post-26324","page","type-page","status-publish","has-post-thumbnail","hentry","tag-befestigungen"],"_links":{"self":[{"href":"https:\/\/www.capotex.com\/de\/wp-json\/wp\/v2\/pages\/26324","targetHints":{"allow":["GET"]}}],"collection":[{"href":"https:\/\/www.capotex.com\/de\/wp-json\/wp\/v2\/pages"}],"about":[{"href":"https:\/\/www.capotex.com\/de\/wp-json\/wp\/v2\/types\/page"}],"author":[{"embeddable":true,"href":"https:\/\/www.capotex.com\/de\/wp-json\/wp\/v2\/users\/1"}],"replies":[{"embeddable":true,"href":"https:\/\/www.capotex.com\/de\/wp-json\/wp\/v2\/comments?post=26324"}],"version-history":[{"count":6,"href":"https:\/\/www.capotex.com\/de\/wp-json\/wp\/v2\/pages\/26324\/revisions"}],"predecessor-version":[{"id":34669,"href":"https:\/\/www.capotex.com\/de\/wp-json\/wp\/v2\/pages\/26324\/revisions\/34669"}],"up":[{"embeddable":true,"href":"https:\/\/www.capotex.com\/de\/wp-json\/wp\/v2\/pages\/26458"}],"wp:featuredmedia":[{"embeddable":true,"href":"https:\/\/www.capotex.com\/de\/wp-json\/wp\/v2\/media\/992"}],"wp:attachment":[{"href":"https:\/\/www.capotex.com\/de\/wp-json\/wp\/v2\/media?parent=26324"}],"wp:term":[{"taxonomy":"post_tag","embeddable":true,"href":"https:\/\/www.capotex.com\/de\/wp-json\/wp\/v2\/tags?post=26324"}],"curies":[{"name":"wp","href":"https:\/\/api.w.org\/{rel}","templated":true}]}}