{"id":26341,"date":"2023-05-17T10:28:12","date_gmt":"2023-05-17T09:28:12","guid":{"rendered":"https:\/\/capotex.com\/c-9-haken\/"},"modified":"2024-06-27T08:22:47","modified_gmt":"2024-06-27T07:22:47","slug":"c9","status":"publish","type":"page","link":"https:\/\/www.capotex.com\/de\/befestigungen-fur-forderbandern-abdeckhauben\/c9\/","title":{"rendered":"Haken C9"},"content":{"rendered":"\t\t<div data-elementor-type=\"wp-page\" data-elementor-id=\"26341\" class=\"elementor elementor-26341 elementor-2067\" data-elementor-post-type=\"page\">\n\t\t\t\t<div class=\"elementor-element elementor-element-f5d3491 e-flex e-con-boxed e-con e-parent\" data-id=\"f5d3491\" data-element_type=\"container\" data-e-type=\"container\">\n\t\t\t\t\t<div class=\"e-con-inner\">\n\t\t<div class=\"elementor-element elementor-element-8d72241 e-con-full e-flex e-con e-child\" data-id=\"8d72241\" data-element_type=\"container\" data-e-type=\"container\">\n\t\t\t\t<div class=\"elementor-element elementor-element-5e6f764 elementor-widget elementor-widget-image\" data-id=\"5e6f764\" data-element_type=\"widget\" data-e-type=\"widget\" data-widget_type=\"image.default\">\n\t\t\t\t<div class=\"elementor-widget-container\">\n\t\t\t\t\t\t\t\t\t\t\t\t\t\t\t<img fetchpriority=\"high\" decoding=\"async\" width=\"925\" height=\"521\" src=\"https:\/\/www.capotex.com\/wp-content\/uploads\/2024\/06\/Haken-fur-Forderbandern-Abdeckhauben.webp\" class=\"attachment-full size-full wp-image-34677\" alt=\"Haken f\u00fcr F\u00f6rderb\u00e4ndern Abdeckhauben\" srcset=\"https:\/\/www.capotex.com\/wp-content\/uploads\/2024\/06\/Haken-fur-Forderbandern-Abdeckhauben.webp 925w, https:\/\/www.capotex.com\/wp-content\/uploads\/2024\/06\/Haken-fur-Forderbandern-Abdeckhauben-300x169.webp 300w, https:\/\/www.capotex.com\/wp-content\/uploads\/2024\/06\/Haken-fur-Forderbandern-Abdeckhauben-768x433.webp 768w\" sizes=\"(max-width: 925px) 100vw, 925px\" \/>\t\t\t\t\t\t\t\t\t\t\t\t\t\t\t<\/div>\n\t\t\t\t<\/div>\n\t\t\t\t<\/div>\n\t\t\t\t\t<\/div>\n\t\t\t\t<\/div>\n\t\t<div class=\"elementor-element elementor-element-b147a0c e-flex e-con-boxed e-con e-parent\" data-id=\"b147a0c\" data-element_type=\"container\" data-e-type=\"container\">\n\t\t\t\t\t<div class=\"e-con-inner\">\n\t\t<div class=\"elementor-element elementor-element-4059655 e-con-full e-flex e-con e-child\" data-id=\"4059655\" data-element_type=\"container\" data-e-type=\"container\">\n\t\t\t\t<div class=\"elementor-element elementor-element-3404cf8 elementor-widget elementor-widget-heading\" data-id=\"3404cf8\" data-element_type=\"widget\" data-e-type=\"widget\" data-widget_type=\"heading.default\">\n\t\t\t\t<div class=\"elementor-widget-container\">\n\t\t\t\t\t<h2 class=\"elementor-heading-title elementor-size-default\">Haken f\u00fcr F\u00f6rderb\u00e4ndern Abdeckhauben -  C-9<\/h2>\t\t\t\t<\/div>\n\t\t\t\t<\/div>\n\t\t\t\t<div class=\"elementor-element elementor-element-64c5c22 elementor-widget elementor-widget-text-editor\" data-id=\"64c5c22\" data-element_type=\"widget\" data-e-type=\"widget\" data-widget_type=\"text-editor.default\">\n\t\t\t\t<div class=\"elementor-widget-container\">\n\t\t\t\t\t\t\t\t\t<p><strong>C-9 Haken<\/strong>. Dieser Stahlhaken wird nach Ma\u00df in L\u00e4nge und Form f\u00fcr jede bestehende Struktur hergestellt.<\/p><p>Sie kann mit einer Mutter oder Fl\u00fcgelmutter befestigt werden. Erh\u00e4ltlich in verzinktem Stahl und Edelstahl.<\/p>\t\t\t\t\t\t\t\t<\/div>\n\t\t\t\t<\/div>\n\t\t\t\t<\/div>\n\t\t\t\t\t<\/div>\n\t\t\t\t<\/div>\n\t\t\t\t<\/div>\n\t\t","protected":false},"excerpt":{"rendered":"<p>Haken f\u00fcr F\u00f6rderb\u00e4ndern Abdeckhauben &#8211; C-9 C-9 Haken. Dieser Stahlhaken wird nach Ma\u00df in L\u00e4nge und Form f\u00fcr jede bestehende Struktur hergestellt. Sie kann mit einer Mutter oder Fl\u00fcgelmutter befestigt werden. Erh\u00e4ltlich in verzinktem Stahl und Edelstahl.<\/p>\n","protected":false},"author":1,"featured_media":1022,"parent":26458,"menu_order":70,"comment_status":"closed","ping_status":"closed","template":"","meta":{"_joinchat":[],"footnotes":""},"tags":[75],"class_list":["post-26341","page","type-page","status-publish","has-post-thumbnail","hentry","tag-befestigungen"],"_links":{"self":[{"href":"https:\/\/www.capotex.com\/de\/wp-json\/wp\/v2\/pages\/26341","targetHints":{"allow":["GET"]}}],"collection":[{"href":"https:\/\/www.capotex.com\/de\/wp-json\/wp\/v2\/pages"}],"about":[{"href":"https:\/\/www.capotex.com\/de\/wp-json\/wp\/v2\/types\/page"}],"author":[{"embeddable":true,"href":"https:\/\/www.capotex.com\/de\/wp-json\/wp\/v2\/users\/1"}],"replies":[{"embeddable":true,"href":"https:\/\/www.capotex.com\/de\/wp-json\/wp\/v2\/comments?post=26341"}],"version-history":[{"count":5,"href":"https:\/\/www.capotex.com\/de\/wp-json\/wp\/v2\/pages\/26341\/revisions"}],"predecessor-version":[{"id":34683,"href":"https:\/\/www.capotex.com\/de\/wp-json\/wp\/v2\/pages\/26341\/revisions\/34683"}],"up":[{"embeddable":true,"href":"https:\/\/www.capotex.com\/de\/wp-json\/wp\/v2\/pages\/26458"}],"wp:featuredmedia":[{"embeddable":true,"href":"https:\/\/www.capotex.com\/de\/wp-json\/wp\/v2\/media\/1022"}],"wp:attachment":[{"href":"https:\/\/www.capotex.com\/de\/wp-json\/wp\/v2\/media?parent=26341"}],"wp:term":[{"taxonomy":"post_tag","embeddable":true,"href":"https:\/\/www.capotex.com\/de\/wp-json\/wp\/v2\/tags?post=26341"}],"curies":[{"name":"wp","href":"https:\/\/api.w.org\/{rel}","templated":true}]}}