{"id":26343,"date":"2023-05-17T09:37:41","date_gmt":"2023-05-17T08:37:41","guid":{"rendered":"https:\/\/capotex.com\/c-2-standard-scharnier\/"},"modified":"2024-06-25T08:58:03","modified_gmt":"2024-06-25T07:58:03","slug":"c2","status":"publish","type":"page","link":"https:\/\/www.capotex.com\/de\/befestigungen-fur-forderbandern-abdeckhauben\/c2\/","title":{"rendered":"C-2 Standard-Scharnier"},"content":{"rendered":"\t\t<div data-elementor-type=\"wp-page\" data-elementor-id=\"26343\" class=\"elementor elementor-26343 elementor-2042\" data-elementor-post-type=\"page\">\n\t\t\t\t<div class=\"elementor-element elementor-element-4b0a91b e-flex e-con-boxed e-con e-parent\" data-id=\"4b0a91b\" data-element_type=\"container\" data-e-type=\"container\">\n\t\t\t\t\t<div class=\"e-con-inner\">\n\t\t<div class=\"elementor-element elementor-element-e43a84b e-con-full e-flex e-con e-child\" data-id=\"e43a84b\" data-element_type=\"container\" data-e-type=\"container\">\n\t\t\t\t<div class=\"elementor-element elementor-element-7c0585a elementor-widget elementor-widget-image\" data-id=\"7c0585a\" data-element_type=\"widget\" data-e-type=\"widget\" data-widget_type=\"image.default\">\n\t\t\t\t<div class=\"elementor-widget-container\">\n\t\t\t\t\t\t\t\t\t\t\t\t\t\t\t<img fetchpriority=\"high\" decoding=\"async\" width=\"925\" height=\"521\" src=\"https:\/\/www.capotex.com\/wp-content\/uploads\/2024\/06\/Standard-Scharnier-fur-Forderbandern-Abdeckhauben.webp\" class=\"attachment-full size-full wp-image-34610\" alt=\"Standard-Scharnier f\u00fcr F\u00f6rderb\u00e4ndern Abdeckhauben\" srcset=\"https:\/\/www.capotex.com\/wp-content\/uploads\/2024\/06\/Standard-Scharnier-fur-Forderbandern-Abdeckhauben.webp 925w, https:\/\/www.capotex.com\/wp-content\/uploads\/2024\/06\/Standard-Scharnier-fur-Forderbandern-Abdeckhauben-300x169.webp 300w, https:\/\/www.capotex.com\/wp-content\/uploads\/2024\/06\/Standard-Scharnier-fur-Forderbandern-Abdeckhauben-768x433.webp 768w\" sizes=\"(max-width: 925px) 100vw, 925px\" \/>\t\t\t\t\t\t\t\t\t\t\t\t\t\t\t<\/div>\n\t\t\t\t<\/div>\n\t\t\t\t<\/div>\n\t\t\t\t\t<\/div>\n\t\t\t\t<\/div>\n\t\t<div class=\"elementor-element elementor-element-9576261 e-flex e-con-boxed e-con e-parent\" data-id=\"9576261\" data-element_type=\"container\" data-e-type=\"container\">\n\t\t\t\t\t<div class=\"e-con-inner\">\n\t\t<div class=\"elementor-element elementor-element-101177f e-con-full e-flex e-con e-child\" data-id=\"101177f\" data-element_type=\"container\" data-e-type=\"container\">\n\t\t\t\t<div class=\"elementor-element elementor-element-41f1e18 elementor-widget elementor-widget-heading\" data-id=\"41f1e18\" data-element_type=\"widget\" data-e-type=\"widget\" data-widget_type=\"heading.default\">\n\t\t\t\t<div class=\"elementor-widget-container\">\n\t\t\t\t\t<h2 class=\"elementor-heading-title elementor-size-default\">Standard-Scharnier f\u00fcr F\u00f6rderb\u00e4ndern Abdeckhauben - C-2<\/h2>\t\t\t\t<\/div>\n\t\t\t\t<\/div>\n\t\t\t\t<div class=\"elementor-element elementor-element-7fdb765 elementor-widget elementor-widget-text-editor\" data-id=\"7fdb765\" data-element_type=\"widget\" data-e-type=\"widget\" data-widget_type=\"text-editor.default\">\n\t\t\t\t<div class=\"elementor-widget-container\">\n\t\t\t\t\t\t\t\t\t<p><strong>C-2 Standard-Scharnier<\/strong>. Unser verzinkter C-2 HINGE kann mit zwei hochwertigen selbstschneidende Schrauben (im Lieferumfang enthalten) an der F\u00f6rderbandstruktur befestigt werden. Diese Schrauben lassen sich problemlos bis zu 12 mm aufbohren. (0,50 Zoll) in die Stahlkonstruktion ein.<\/p><p>Unser C-2 HINGE kann auch mit pulverbeschichteten Befestigungselementen befestigt werden, was die Installationszeit drastisch reduziert. Auch in Edelstahl erh\u00e4ltlich.<\/p>\t\t\t\t\t\t\t\t<\/div>\n\t\t\t\t<\/div>\n\t\t\t\t<\/div>\n\t\t\t\t\t<\/div>\n\t\t\t\t<\/div>\n\t\t\t\t<\/div>\n\t\t","protected":false},"excerpt":{"rendered":"<p>Standard-Scharnier f\u00fcr F\u00f6rderb\u00e4ndern Abdeckhauben &#8211; C-2 C-2 Standard-Scharnier. Unser verzinkter C-2 HINGE kann mit zwei hochwertigen selbstschneidende Schrauben (im Lieferumfang enthalten) an der F\u00f6rderbandstruktur befestigt werden. Diese Schrauben lassen sich problemlos bis zu 12 mm aufbohren. (0,50 Zoll) in die Stahlkonstruktion ein. Unser C-2 HINGE kann auch mit pulverbeschichteten Befestigungselementen befestigt werden, was die Installationszeit [&hellip;]<\/p>\n","protected":false},"author":1,"featured_media":954,"parent":26458,"menu_order":20,"comment_status":"closed","ping_status":"closed","template":"","meta":{"_joinchat":[],"footnotes":""},"tags":[75],"class_list":["post-26343","page","type-page","status-publish","has-post-thumbnail","hentry","tag-befestigungen"],"_links":{"self":[{"href":"https:\/\/www.capotex.com\/de\/wp-json\/wp\/v2\/pages\/26343","targetHints":{"allow":["GET"]}}],"collection":[{"href":"https:\/\/www.capotex.com\/de\/wp-json\/wp\/v2\/pages"}],"about":[{"href":"https:\/\/www.capotex.com\/de\/wp-json\/wp\/v2\/types\/page"}],"author":[{"embeddable":true,"href":"https:\/\/www.capotex.com\/de\/wp-json\/wp\/v2\/users\/1"}],"replies":[{"embeddable":true,"href":"https:\/\/www.capotex.com\/de\/wp-json\/wp\/v2\/comments?post=26343"}],"version-history":[{"count":8,"href":"https:\/\/www.capotex.com\/de\/wp-json\/wp\/v2\/pages\/26343\/revisions"}],"predecessor-version":[{"id":34616,"href":"https:\/\/www.capotex.com\/de\/wp-json\/wp\/v2\/pages\/26343\/revisions\/34616"}],"up":[{"embeddable":true,"href":"https:\/\/www.capotex.com\/de\/wp-json\/wp\/v2\/pages\/26458"}],"wp:featuredmedia":[{"embeddable":true,"href":"https:\/\/www.capotex.com\/de\/wp-json\/wp\/v2\/media\/954"}],"wp:attachment":[{"href":"https:\/\/www.capotex.com\/de\/wp-json\/wp\/v2\/media?parent=26343"}],"wp:term":[{"taxonomy":"post_tag","embeddable":true,"href":"https:\/\/www.capotex.com\/de\/wp-json\/wp\/v2\/tags?post=26343"}],"curies":[{"name":"wp","href":"https:\/\/api.w.org\/{rel}","templated":true}]}}