{"id":26352,"date":"2023-05-17T08:34:19","date_gmt":"2023-05-17T07:34:19","guid":{"rendered":"https:\/\/capotex.com\/produkte\/standard-modelle\/berlin\/"},"modified":"2024-06-27T09:37:30","modified_gmt":"2024-06-27T08:37:30","slug":"berlin","status":"publish","type":"page","link":"https:\/\/www.capotex.com\/de\/abdeckhauben-fur-forderbander\/forderband-haube\/berlin\/","title":{"rendered":"Berlin"},"content":{"rendered":"\t\t<div data-elementor-type=\"wp-page\" data-elementor-id=\"26352\" class=\"elementor elementor-26352 elementor-1951\" data-elementor-post-type=\"page\">\n\t\t\t\t<div class=\"elementor-element elementor-element-0417353 e-flex e-con-boxed e-con e-parent\" data-id=\"0417353\" data-element_type=\"container\" data-e-type=\"container\">\n\t\t\t\t\t<div class=\"e-con-inner\">\n\t\t<div class=\"elementor-element elementor-element-2443e26 e-con-full e-flex e-con e-child\" data-id=\"2443e26\" data-element_type=\"container\" data-e-type=\"container\">\n\t\t\t\t<div class=\"elementor-element elementor-element-91dc9f6 elementor-widget elementor-widget-image\" data-id=\"91dc9f6\" data-element_type=\"widget\" data-e-type=\"widget\" data-widget_type=\"image.default\">\n\t\t\t\t<div class=\"elementor-widget-container\">\n\t\t\t\t\t\t\t\t\t\t\t\t\t\t\t<img fetchpriority=\"high\" decoding=\"async\" width=\"598\" height=\"328\" src=\"https:\/\/www.capotex.com\/wp-content\/uploads\/2024\/05\/Forderbandern-Abdeckhauben-Berlin.webp\" class=\"attachment-full size-full wp-image-33864\" alt=\"F\u00f6rderb\u00e4ndern Abdeckhauben Berl\u00edn\" srcset=\"https:\/\/www.capotex.com\/wp-content\/uploads\/2024\/05\/Forderbandern-Abdeckhauben-Berlin.webp 598w, https:\/\/www.capotex.com\/wp-content\/uploads\/2024\/05\/Forderbandern-Abdeckhauben-Berlin-300x165.webp 300w\" sizes=\"(max-width: 598px) 100vw, 598px\" \/>\t\t\t\t\t\t\t\t\t\t\t\t\t\t\t<\/div>\n\t\t\t\t<\/div>\n\t\t\t\t<\/div>\n\t\t\t\t\t<\/div>\n\t\t\t\t<\/div>\n\t\t<div class=\"elementor-element elementor-element-0db4fff e-flex e-con-boxed e-con e-parent\" data-id=\"0db4fff\" data-element_type=\"container\" data-e-type=\"container\">\n\t\t\t\t\t<div class=\"e-con-inner\">\n\t\t<div class=\"elementor-element elementor-element-8f4ec48 e-con-full e-flex e-con e-child\" data-id=\"8f4ec48\" data-element_type=\"container\" data-e-type=\"container\">\n\t\t\t\t<div class=\"elementor-element elementor-element-c200aa8 elementor-widget elementor-widget-heading\" data-id=\"c200aa8\" data-element_type=\"widget\" data-e-type=\"widget\" data-widget_type=\"heading.default\">\n\t\t\t\t<div class=\"elementor-widget-container\">\n\t\t\t\t\t<h2 class=\"elementor-heading-title elementor-size-default\">Berlin (fest und beidseitig offen)<\/h2>\t\t\t\t<\/div>\n\t\t\t\t<\/div>\n\t\t\t\t<div class=\"elementor-element elementor-element-1c2aa0a elementor-widget elementor-widget-text-editor\" data-id=\"1c2aa0a\" data-element_type=\"widget\" data-e-type=\"widget\" data-widget_type=\"text-editor.default\">\n\t\t\t\t<div class=\"elementor-widget-container\">\n\t\t\t\t\t\t\t\t\t<p>Die Berliner Abdeckhauben stehen ganz im Zeichen der <strong>Barrierefreiheit<\/strong>. Dieses Modell bietet visuellen und manuellen Zugang von beiden Seiten des Bandes, ohne dass etwas demontiert werden muss. Sie sch\u00fctzt das Band vor Regen und l\u00e4sst gleichzeitig gen\u00fcgend Platz, um das Band anzuheben und die Rollen auszutauschen.<\/p>\t\t\t\t\t\t\t\t<\/div>\n\t\t\t\t<\/div>\n\t\t\t\t<div class=\"elementor-element elementor-element-21f6c5f elementor-widget elementor-widget-image\" data-id=\"21f6c5f\" data-element_type=\"widget\" data-e-type=\"widget\" data-widget_type=\"image.default\">\n\t\t\t\t<div class=\"elementor-widget-container\">\n\t\t\t\t\t\t\t\t\t\t\t\t<figure class=\"wp-caption\">\n\t\t\t\t\t\t\t\t\t\t\t<a href=\"https:\/\/www.capotex.com\/wp-content\/uploads\/2023\/07\/Berlin-Classic-DE.pdf\" target=\"_blank\">\n\t\t\t\t\t\t\t<img decoding=\"async\" width=\"606\" height=\"428\" src=\"https:\/\/www.capotex.com\/wp-content\/uploads\/2023\/07\/Berlin-Classic-cover.jpg\" class=\"attachment-full size-full wp-image-27311\" alt=\"\" srcset=\"https:\/\/www.capotex.com\/wp-content\/uploads\/2023\/07\/Berlin-Classic-cover.jpg 606w, https:\/\/www.capotex.com\/wp-content\/uploads\/2023\/07\/Berlin-Classic-cover-300x212.jpg 300w\" sizes=\"(max-width: 606px) 100vw, 606px\" \/>\t\t\t\t\t\t\t\t<\/a>\n\t\t\t\t\t\t\t\t\t\t\t<figcaption class=\"widget-image-caption wp-caption-text\">Download des Kr\u00fcmmungsplans \"Classic\" als pdf-Datei<\/figcaption>\n\t\t\t\t\t\t\t\t\t\t<\/figure>\n\t\t\t\t\t\t\t\t\t<\/div>\n\t\t\t\t<\/div>\n\t\t\t\t<\/div>\n\t\t\t\t\t<\/div>\n\t\t\t\t<\/div>\n\t\t<div class=\"elementor-element elementor-element-a011453 elementor-hidden-mobile e-flex e-con-boxed e-con e-parent\" data-id=\"a011453\" data-element_type=\"container\" data-e-type=\"container\">\n\t\t\t\t\t<div class=\"e-con-inner\">\n\t\t<div class=\"elementor-element elementor-element-025a710 e-con-full e-flex e-con e-child\" data-id=\"025a710\" data-element_type=\"container\" data-e-type=\"container\">\n\t\t\t\t<div class=\"elementor-element elementor-element-ca74e2d elementor-tabs-view-horizontal elementor-widget elementor-widget-tabs\" data-id=\"ca74e2d\" data-element_type=\"widget\" data-e-type=\"widget\" data-widget_type=\"tabs.default\">\n\t\t\t\t<div class=\"elementor-widget-container\">\n\t\t\t\t\t\t\t<div class=\"elementor-tabs\">\n\t\t\t<div class=\"elementor-tabs-wrapper\" role=\"tablist\" >\n\t\t\t\t\t\t\t\t\t<div id=\"elementor-tab-title-2121\" class=\"elementor-tab-title elementor-tab-desktop-title\" aria-selected=\"true\" data-tab=\"1\" role=\"tab\" tabindex=\"0\" aria-controls=\"elementor-tab-content-2121\" aria-expanded=\"false\">Merkmale<\/div>\n\t\t\t\t\t\t\t\t\t<div id=\"elementor-tab-title-2122\" class=\"elementor-tab-title elementor-tab-desktop-title\" aria-selected=\"false\" data-tab=\"2\" role=\"tab\" tabindex=\"-1\" aria-controls=\"elementor-tab-content-2122\" aria-expanded=\"false\">Einbauanleitung<\/div>\n\t\t\t\t\t\t\t\t\t<div id=\"elementor-tab-title-2123\" class=\"elementor-tab-title elementor-tab-desktop-title\" aria-selected=\"false\" data-tab=\"3\" role=\"tab\" tabindex=\"-1\" aria-controls=\"elementor-tab-content-2123\" aria-expanded=\"false\">Befestigungen<\/div>\n\t\t\t\t\t\t\t<\/div>\n\t\t\t<div class=\"elementor-tabs-content-wrapper\" role=\"tablist\" aria-orientation=\"vertical\">\n\t\t\t\t\t\t\t\t\t<div class=\"elementor-tab-title elementor-tab-mobile-title\" aria-selected=\"true\" data-tab=\"1\" role=\"tab\" tabindex=\"0\" aria-controls=\"elementor-tab-content-2121\" aria-expanded=\"false\">Merkmale<\/div>\n\t\t\t\t\t<div id=\"elementor-tab-content-2121\" class=\"elementor-tab-content elementor-clearfix\" data-tab=\"1\" role=\"tabpanel\" aria-labelledby=\"elementor-tab-title-2121\" tabindex=\"0\" hidden=\"false\"><p><strong>Inspektionszug\u00e4nge auf beiden Seiten<\/strong>: Die Abdeckung deckt nur den oberen Teil des Bandes ab, so dass beide Seiten f\u00fcr die Wartung frei bleiben.<\/p>\n<p><strong>Demontierbar<\/strong>: Die Berl\u00edn-Abdeckung ist durch L\u00f6sen der Schrauben vollst\u00e4ndig demontierbar, so dass das F\u00f6rderband v\u00f6llig frei liegt.<\/p>\n<p><strong>Selbsttragend<\/strong>: Er ben\u00f6tigt keine Struktur.<\/p>\n<p><strong>Schnelle und einfache Installation<\/strong>: er passt sich praktisch allen F\u00f6rderb\u00e4ndern an.<\/p>\n<\/div>\n\t\t\t\t\t\t\t\t\t<div class=\"elementor-tab-title elementor-tab-mobile-title\" aria-selected=\"false\" data-tab=\"2\" role=\"tab\" tabindex=\"-1\" aria-controls=\"elementor-tab-content-2122\" aria-expanded=\"false\">Einbauanleitung<\/div>\n\t\t\t\t\t<div id=\"elementor-tab-content-2122\" class=\"elementor-tab-content elementor-clearfix\" data-tab=\"2\" role=\"tabpanel\" aria-labelledby=\"elementor-tab-title-2122\" tabindex=\"0\" hidden=\"hidden\"><p>\t\t<div data-elementor-type=\"section\" data-elementor-id=\"26735\" class=\"elementor elementor-26735 elementor-776 elementor-776\" data-elementor-post-type=\"elementor_library\">\n\t\t\t\t\t<section class=\"elementor-section elementor-top-section elementor-element elementor-element-20ebd0d elementor-section-boxed elementor-section-height-default elementor-section-height-default\" data-id=\"20ebd0d\" data-element_type=\"section\" data-e-type=\"section\">\n\t\t\t\t\t\t<div class=\"elementor-container elementor-column-gap-default\">\n\t\t\t\t\t<div class=\"elementor-column elementor-col-100 elementor-top-column elementor-element elementor-element-ac0d46e\" data-id=\"ac0d46e\" data-element_type=\"column\" data-e-type=\"column\">\n\t\t\t<div class=\"elementor-widget-wrap elementor-element-populated\">\n\t\t\t\t\t\t<div class=\"elementor-element elementor-element-f43508f elementor-widget elementor-widget-text-editor\" data-id=\"f43508f\" data-element_type=\"widget\" data-e-type=\"widget\" data-widget_type=\"text-editor.default\">\n\t\t\t\t<div class=\"elementor-widget-container\">\n\t\t\t\t\t\t\t\t\t<p><strong>Schrauben Sie die Abdeckung direkt an den F\u00f6rderbandrahmen<\/strong>. Es wird empfohlen, dass 40x40mm. Die Stahlwinkel sind auf beiden Seiten des F\u00f6rderbandes angebracht.<\/p>\n<p><strong>Bringen Sie die Abdeckungen abwechselnd an<\/strong>, eine oben und eine unten, und so weiter. Legen Sie sie nicht alle \u00fcbereinander, so wie die Ziegel auf einem Dach verlegt werden.<\/p>\n<p><strong>Halten Sie das F\u00f6rderband an, bevor Sie mit der Installation beginnen.<\/strong><\/p>\n<p><strong>Erforderliche Werkzeuge<\/strong>: Elektrischer Schraubenzieher mit 8mm. Steckdose.<\/p>\n<p><strong>Verwenden Sie die<\/strong> gesetzlich vorgeschriebene <strong>PSA<\/strong> (pers\u00f6nliche Schutzausr\u00fcstung). CAPOTEX empfiehlt die Verwendung von Handschuhen, Helm, Sicherheitsstiefeln, Geh\u00f6rschutz und Schwei\u00dfmaske (nur beim Schwei\u00dfen von Stahlplatten).<\/p>\n\t\t\t\t\t\t\t\t<\/div>\n\t\t\t\t<\/div>\n\t\t\t\t<div class=\"elementor-element elementor-element-e84ac96 elementor-widget elementor-widget-video\" data-id=\"e84ac96\" data-element_type=\"widget\" data-e-type=\"widget\" data-settings=\"{&quot;youtube_url&quot;:&quot;https:\\\/\\\/youtu.be\\\/BO-Bfc0kx4c&quot;,&quot;mute&quot;:&quot;yes&quot;,&quot;lazy_load&quot;:&quot;yes&quot;,&quot;video_type&quot;:&quot;youtube&quot;,&quot;controls&quot;:&quot;yes&quot;}\" data-widget_type=\"video.default\">\n\t\t\t\t<div class=\"elementor-widget-container\">\n\t\t\t\t\t\t\t<div class=\"elementor-wrapper elementor-open-inline\">\n\t\t\t<div class=\"elementor-video\"><\/div>\t\t<\/div>\n\t\t\t\t\t\t<\/div>\n\t\t\t\t<\/div>\n\t\t\t\t\t<\/div>\n\t\t<\/div>\n\t\t\t\t\t<\/div>\n\t\t<\/section>\n\t\t\t\t<\/div>\n\t\t<\/p>\n<\/div>\n\t\t\t\t\t\t\t\t\t<div class=\"elementor-tab-title elementor-tab-mobile-title\" aria-selected=\"false\" data-tab=\"3\" role=\"tab\" tabindex=\"-1\" aria-controls=\"elementor-tab-content-2123\" aria-expanded=\"false\">Befestigungen<\/div>\n\t\t\t\t\t<div id=\"elementor-tab-content-2123\" class=\"elementor-tab-content elementor-clearfix\" data-tab=\"3\" role=\"tabpanel\" aria-labelledby=\"elementor-tab-title-2123\" tabindex=\"0\" hidden=\"hidden\"><table><tbody><tr style=\"background-color: #00678a; color: #f9fafa;\"><th>Modell<\/th><th>Form der Kr\u00fcmmung<\/th><th>Befestigung von<\/th><th>Foto<\/th><\/tr><tr><td>Berlin<\/td><td><a href=\"https:\/\/www.capotex.com\/de\/abdeckhauben-fur-forderbander\/forderbandhaube\/\">Klassisch<\/a><\/td><td><a href=\"https:\/\/www.capotex.com\/de\/befestigungen-fur-forderbandern-abdeckhauben\/c5\/\">C-5 Selbstbohrende Schraube<\/a><\/td><td><a href=\"https:\/\/www.capotex.com\/fixings\/self-drilling-screw\/\"><img decoding=\"async\" src=\"https:\/\/www.capotex.com\/wp-content\/uploads\/2023\/05\/Capotex-fixings-C5-Self-Drilling-Screw.webp\" width=\"200\" \/><\/a><\/td><\/tr><tr><td>\u00a0<\/td><td>\u00a0<\/td><td><a href=\"https:\/\/www.capotex.com\/de\/befestigungen-fur-forderbandern-abdeckhauben\/c6\/\">C-6 Klemme<\/a><\/td><td><a href=\"https:\/\/www.capotex.com\/fixings\/capotex-clamp\/\"><img decoding=\"async\" src=\"https:\/\/www.capotex.com\/wp-content\/uploads\/2023\/05\/Capotex-fixings-C6-Clamp.webp\" width=\"200\" \/><\/a><\/td><\/tr><tr><td>\u00a0<\/td><td>\u00a0<\/td><td><a href=\"https:\/\/www.capotex.com\/de\/befestigungen-fur-forderbandern-abdeckhauben\/c9\/\">C-9 Haken<\/a><\/td><td><a href=\"https:\/\/www.capotex.com\/fixings\/steel-hook\/\"><img decoding=\"async\" src=\"https:\/\/www.capotex.com\/wp-content\/uploads\/2023\/05\/Capotex-fixings-C9-Hook.webp\" width=\"200\" \/><\/a><\/td><\/tr><tr><td>\u00a0<\/td><td>\u00a0<\/td><td><a href=\"https:\/\/www.capotex.com\/de\/befestigungen-fur-forderbandern-abdeckhauben\/c7\/\">C-7 Ergonomischer Haken mit Gurt 1 oder 2 Haken mit oder ohne Platte<\/a><\/td><td><a href=\"https:\/\/www.capotex.com\/fixings\/ergonomic-hook-w-strap\/\"><img decoding=\"async\" src=\"https:\/\/www.capotex.com\/wp-content\/uploads\/2023\/05\/Capotex-fixings-C7-Ergonomic-Hook-w-Strap.webp\" width=\"100\" \/><\/a><\/td><\/tr><\/tbody><\/table><\/div>\n\t\t\t\t\t\t\t<\/div>\n\t\t<\/div>\n\t\t\t\t\t\t<\/div>\n\t\t\t\t<\/div>\n\t\t\t\t<\/div>\n\t\t\t\t\t<\/div>\n\t\t\t\t<\/div>\n\t\t<div class=\"elementor-element elementor-element-288ee1c elementor-hidden-desktop elementor-hidden-tablet e-flex e-con-boxed e-con e-parent\" data-id=\"288ee1c\" data-element_type=\"container\" data-e-type=\"container\">\n\t\t\t\t\t<div class=\"e-con-inner\">\n\t\t<div class=\"elementor-element elementor-element-f445e62 e-con-full e-flex e-con e-child\" data-id=\"f445e62\" data-element_type=\"container\" data-e-type=\"container\">\n\t\t\t\t<div class=\"elementor-element elementor-element-cb793a2 elementor-tabs-view-horizontal elementor-widget elementor-widget-tabs\" data-id=\"cb793a2\" data-element_type=\"widget\" data-e-type=\"widget\" data-widget_type=\"tabs.default\">\n\t\t\t\t<div class=\"elementor-widget-container\">\n\t\t\t\t\t\t\t<div class=\"elementor-tabs\">\n\t\t\t<div class=\"elementor-tabs-wrapper\" role=\"tablist\" >\n\t\t\t\t\t\t\t\t\t<div id=\"elementor-tab-title-2131\" class=\"elementor-tab-title elementor-tab-desktop-title\" aria-selected=\"true\" data-tab=\"1\" role=\"tab\" tabindex=\"0\" aria-controls=\"elementor-tab-content-2131\" aria-expanded=\"false\">Merkmale<\/div>\n\t\t\t\t\t\t\t\t\t<div id=\"elementor-tab-title-2132\" class=\"elementor-tab-title elementor-tab-desktop-title\" aria-selected=\"false\" data-tab=\"2\" role=\"tab\" tabindex=\"-1\" aria-controls=\"elementor-tab-content-2132\" aria-expanded=\"false\">Einbauanleitung<\/div>\n\t\t\t\t\t\t\t\t\t<div id=\"elementor-tab-title-2133\" class=\"elementor-tab-title elementor-tab-desktop-title\" aria-selected=\"false\" data-tab=\"3\" role=\"tab\" tabindex=\"-1\" aria-controls=\"elementor-tab-content-2133\" aria-expanded=\"false\">Befestigungen<\/div>\n\t\t\t\t\t\t\t<\/div>\n\t\t\t<div class=\"elementor-tabs-content-wrapper\" role=\"tablist\" aria-orientation=\"vertical\">\n\t\t\t\t\t\t\t\t\t<div class=\"elementor-tab-title elementor-tab-mobile-title\" aria-selected=\"true\" data-tab=\"1\" role=\"tab\" tabindex=\"0\" aria-controls=\"elementor-tab-content-2131\" aria-expanded=\"false\">Merkmale<\/div>\n\t\t\t\t\t<div id=\"elementor-tab-content-2131\" class=\"elementor-tab-content elementor-clearfix\" data-tab=\"1\" role=\"tabpanel\" aria-labelledby=\"elementor-tab-title-2131\" tabindex=\"0\" hidden=\"false\"><p><strong>Inspektionszug\u00e4nge auf beiden Seiten<\/strong>: Die Abdeckung deckt nur den oberen Teil des Bandes ab, so dass beide Seiten f\u00fcr die Wartung frei bleiben.<\/p>\n<p><strong>Demontierbar<\/strong>: Die Berl\u00edn-Abdeckung ist durch L\u00f6sen der Schrauben vollst\u00e4ndig demontierbar, so dass das F\u00f6rderband v\u00f6llig frei liegt.<\/p>\n<p><strong>Selbsttragend<\/strong>: Er ben\u00f6tigt keine Struktur.<\/p>\n<p><strong>Schnelle und einfache Installation<\/strong>: er passt sich praktisch allen F\u00f6rderb\u00e4ndern an.<\/p>\n<\/div>\n\t\t\t\t\t\t\t\t\t<div class=\"elementor-tab-title elementor-tab-mobile-title\" aria-selected=\"false\" data-tab=\"2\" role=\"tab\" tabindex=\"-1\" aria-controls=\"elementor-tab-content-2132\" aria-expanded=\"false\">Einbauanleitung<\/div>\n\t\t\t\t\t<div id=\"elementor-tab-content-2132\" class=\"elementor-tab-content elementor-clearfix\" data-tab=\"2\" role=\"tabpanel\" aria-labelledby=\"elementor-tab-title-2132\" tabindex=\"0\" hidden=\"hidden\"><p>\t\t<div data-elementor-type=\"section\" data-elementor-id=\"26735\" class=\"elementor elementor-26735 elementor-776 elementor-776\" data-elementor-post-type=\"elementor_library\">\n\t\t\t\t\t<section class=\"elementor-section elementor-top-section elementor-element elementor-element-20ebd0d elementor-section-boxed elementor-section-height-default elementor-section-height-default\" data-id=\"20ebd0d\" data-element_type=\"section\" data-e-type=\"section\">\n\t\t\t\t\t\t<div class=\"elementor-container elementor-column-gap-default\">\n\t\t\t\t\t<div class=\"elementor-column elementor-col-100 elementor-top-column elementor-element elementor-element-ac0d46e\" data-id=\"ac0d46e\" data-element_type=\"column\" data-e-type=\"column\">\n\t\t\t<div class=\"elementor-widget-wrap elementor-element-populated\">\n\t\t\t\t\t\t<div class=\"elementor-element elementor-element-f43508f elementor-widget elementor-widget-text-editor\" data-id=\"f43508f\" data-element_type=\"widget\" data-e-type=\"widget\" data-widget_type=\"text-editor.default\">\n\t\t\t\t<div class=\"elementor-widget-container\">\n\t\t\t\t\t\t\t\t\t<p><strong>Schrauben Sie die Abdeckung direkt an den F\u00f6rderbandrahmen<\/strong>. Es wird empfohlen, dass 40x40mm. Die Stahlwinkel sind auf beiden Seiten des F\u00f6rderbandes angebracht.<\/p>\n<p><strong>Bringen Sie die Abdeckungen abwechselnd an<\/strong>, eine oben und eine unten, und so weiter. Legen Sie sie nicht alle \u00fcbereinander, so wie die Ziegel auf einem Dach verlegt werden.<\/p>\n<p><strong>Halten Sie das F\u00f6rderband an, bevor Sie mit der Installation beginnen.<\/strong><\/p>\n<p><strong>Erforderliche Werkzeuge<\/strong>: Elektrischer Schraubenzieher mit 8mm. Steckdose.<\/p>\n<p><strong>Verwenden Sie die<\/strong> gesetzlich vorgeschriebene <strong>PSA<\/strong> (pers\u00f6nliche Schutzausr\u00fcstung). CAPOTEX empfiehlt die Verwendung von Handschuhen, Helm, Sicherheitsstiefeln, Geh\u00f6rschutz und Schwei\u00dfmaske (nur beim Schwei\u00dfen von Stahlplatten).<\/p>\n\t\t\t\t\t\t\t\t<\/div>\n\t\t\t\t<\/div>\n\t\t\t\t<div class=\"elementor-element elementor-element-e84ac96 elementor-widget elementor-widget-video\" data-id=\"e84ac96\" data-element_type=\"widget\" data-e-type=\"widget\" data-settings=\"{&quot;youtube_url&quot;:&quot;https:\\\/\\\/youtu.be\\\/BO-Bfc0kx4c&quot;,&quot;mute&quot;:&quot;yes&quot;,&quot;lazy_load&quot;:&quot;yes&quot;,&quot;video_type&quot;:&quot;youtube&quot;,&quot;controls&quot;:&quot;yes&quot;}\" data-widget_type=\"video.default\">\n\t\t\t\t<div class=\"elementor-widget-container\">\n\t\t\t\t\t\t\t<div class=\"elementor-wrapper elementor-open-inline\">\n\t\t\t<div class=\"elementor-video\"><\/div>\t\t<\/div>\n\t\t\t\t\t\t<\/div>\n\t\t\t\t<\/div>\n\t\t\t\t\t<\/div>\n\t\t<\/div>\n\t\t\t\t\t<\/div>\n\t\t<\/section>\n\t\t\t\t<\/div>\n\t\t<\/p>\n<\/div>\n\t\t\t\t\t\t\t\t\t<div class=\"elementor-tab-title elementor-tab-mobile-title\" aria-selected=\"false\" data-tab=\"3\" role=\"tab\" tabindex=\"-1\" aria-controls=\"elementor-tab-content-2133\" aria-expanded=\"false\">Befestigungen<\/div>\n\t\t\t\t\t<div id=\"elementor-tab-content-2133\" class=\"elementor-tab-content elementor-clearfix\" data-tab=\"3\" role=\"tabpanel\" aria-labelledby=\"elementor-tab-title-2133\" tabindex=\"0\" hidden=\"hidden\"><table><tbody><tr style=\"background-color: #00678a; color: #f9fafa;\"><th>Form der Kr\u00fcmmung<\/th><th>Befestigung von<\/th><\/tr><tr><td><a href=\"https:\/\/www.capotex.com\/de\/abdeckhauben-fur-forderbander\/forderbandhaube\/\">Klassisch<\/a><\/td><td><a href=\"https:\/\/www.capotex.com\/de\/befestigungen-fur-forderbandern-abdeckhauben\/c5\/\">C-5 Selbstbohrende Schraube<\/a><\/td><\/tr><tr><td>\u00a0<\/td><td><a href=\"https:\/\/www.capotex.com\/de\/befestigungen-fur-forderbandern-abdeckhauben\/c6\/\">C-6 Klemme<\/a><\/td><\/tr><tr><td>\u00a0<\/td><td><a href=\"https:\/\/www.capotex.com\/de\/befestigungen-fur-forderbandern-abdeckhauben\/c9\/\">C-9 Haken<\/a><\/td><\/tr><tr><td>\u00a0<\/td><td><a href=\"https:\/\/www.capotex.com\/de\/befestigungen-fur-forderbandern-abdeckhauben\/c7\/\">C-7 Ergonomischer Haken mit Gurt 1 oder 2 Haken mit oder ohne Platte<\/a><\/td><\/tr><\/tbody><\/table><\/div>\n\t\t\t\t\t\t\t<\/div>\n\t\t<\/div>\n\t\t\t\t\t\t<\/div>\n\t\t\t\t<\/div>\n\t\t\t\t<\/div>\n\t\t\t\t\t<\/div>\n\t\t\t\t<\/div>\n\t\t\t\t<\/div>\n\t\t","protected":false},"excerpt":{"rendered":"<p>Feststehend und beidseitig offen<\/p>\n","protected":false},"author":1,"featured_media":733,"parent":26285,"menu_order":40,"comment_status":"closed","ping_status":"closed","template":"","meta":{"_joinchat":[],"footnotes":""},"tags":[71],"class_list":["post-26352","page","type-page","status-publish","has-post-thumbnail","hentry","tag-conveyormodels-de"],"_links":{"self":[{"href":"https:\/\/www.capotex.com\/de\/wp-json\/wp\/v2\/pages\/26352","targetHints":{"allow":["GET"]}}],"collection":[{"href":"https:\/\/www.capotex.com\/de\/wp-json\/wp\/v2\/pages"}],"about":[{"href":"https:\/\/www.capotex.com\/de\/wp-json\/wp\/v2\/types\/page"}],"author":[{"embeddable":true,"href":"https:\/\/www.capotex.com\/de\/wp-json\/wp\/v2\/users\/1"}],"replies":[{"embeddable":true,"href":"https:\/\/www.capotex.com\/de\/wp-json\/wp\/v2\/comments?post=26352"}],"version-history":[{"count":29,"href":"https:\/\/www.capotex.com\/de\/wp-json\/wp\/v2\/pages\/26352\/revisions"}],"predecessor-version":[{"id":34765,"href":"https:\/\/www.capotex.com\/de\/wp-json\/wp\/v2\/pages\/26352\/revisions\/34765"}],"up":[{"embeddable":true,"href":"https:\/\/www.capotex.com\/de\/wp-json\/wp\/v2\/pages\/26285"}],"wp:featuredmedia":[{"embeddable":true,"href":"https:\/\/www.capotex.com\/de\/wp-json\/wp\/v2\/media\/733"}],"wp:attachment":[{"href":"https:\/\/www.capotex.com\/de\/wp-json\/wp\/v2\/media?parent=26352"}],"wp:term":[{"taxonomy":"post_tag","embeddable":true,"href":"https:\/\/www.capotex.com\/de\/wp-json\/wp\/v2\/tags?post=26352"}],"curies":[{"name":"wp","href":"https:\/\/api.w.org\/{rel}","templated":true}]}}