{"id":26383,"date":"2023-05-17T10:26:42","date_gmt":"2023-05-17T09:26:42","guid":{"rendered":"https:\/\/capotex.com\/c-8-ergonomischer-haken-mit-stift\/"},"modified":"2024-06-27T08:20:06","modified_gmt":"2024-06-27T07:20:06","slug":"c8","status":"publish","type":"page","link":"https:\/\/www.capotex.com\/de\/befestigungen-fur-forderbandern-abdeckhauben\/c8\/","title":{"rendered":"Ergonomischer Haken mit Stift C8"},"content":{"rendered":"\t\t<div data-elementor-type=\"wp-page\" data-elementor-id=\"26383\" class=\"elementor elementor-26383 elementor-2062\" data-elementor-post-type=\"page\">\n\t\t\t\t<div class=\"elementor-element elementor-element-69b4374 e-flex e-con-boxed e-con e-parent\" data-id=\"69b4374\" data-element_type=\"container\" data-e-type=\"container\">\n\t\t\t\t\t<div class=\"e-con-inner\">\n\t\t<div class=\"elementor-element elementor-element-f182196 e-con-full e-flex e-con e-child\" data-id=\"f182196\" data-element_type=\"container\" data-e-type=\"container\">\n\t\t\t\t<div class=\"elementor-element elementor-element-22a1ed7 elementor-widget elementor-widget-image\" data-id=\"22a1ed7\" data-element_type=\"widget\" data-e-type=\"widget\" data-widget_type=\"image.default\">\n\t\t\t\t<div class=\"elementor-widget-container\">\n\t\t\t\t\t\t\t\t\t\t\t\t\t\t\t<img fetchpriority=\"high\" decoding=\"async\" width=\"616\" height=\"925\" src=\"https:\/\/www.capotex.com\/wp-content\/uploads\/2024\/06\/Ergonomischer-Haken-mit-Stift-fur-Forderbandern-Abdeckhauben.webp\" class=\"attachment-full size-full wp-image-34670\" alt=\"Ergonomischer Haken mit Stift f\u00fcr F\u00f6rderb\u00e4ndern Abdeckhauben\" srcset=\"https:\/\/www.capotex.com\/wp-content\/uploads\/2024\/06\/Ergonomischer-Haken-mit-Stift-fur-Forderbandern-Abdeckhauben.webp 616w, https:\/\/www.capotex.com\/wp-content\/uploads\/2024\/06\/Ergonomischer-Haken-mit-Stift-fur-Forderbandern-Abdeckhauben-200x300.webp 200w\" sizes=\"(max-width: 616px) 100vw, 616px\" \/>\t\t\t\t\t\t\t\t\t\t\t\t\t\t\t<\/div>\n\t\t\t\t<\/div>\n\t\t\t\t<div class=\"elementor-element elementor-element-1562b38 elementor-widget elementor-widget-heading\" data-id=\"1562b38\" data-element_type=\"widget\" data-e-type=\"widget\" data-widget_type=\"heading.default\">\n\t\t\t\t<div class=\"elementor-widget-container\">\n\t\t\t\t\t<h2 class=\"elementor-heading-title elementor-size-default\">Ergonomischer Haken mit Stift f\u00fcr F\u00f6rderb\u00e4ndern Abdeckhauben -  C-8<\/h2>\t\t\t\t<\/div>\n\t\t\t\t<\/div>\n\t\t\t\t<div class=\"elementor-element elementor-element-90c3754 elementor-widget elementor-widget-text-editor\" data-id=\"90c3754\" data-element_type=\"widget\" data-e-type=\"widget\" data-widget_type=\"text-editor.default\">\n\t\t\t\t<div class=\"elementor-widget-container\">\n\t\t\t\t\t\t\t\t\t<p><strong>C-8 Ergonomischer Haken mit Stift<\/strong>. Die Fixierung der Feder mit einem Stift macht unseren C-7 noch komfortabler.<\/p><p>Unser ergonomisch geformter Haken ist mit zwei H\u00e4nden leicht zu bedienen. Die Spannfeder und der Stahlstift halten den Deckel im T-Profil fest. Entlang der F\u00f6rderbandstruktur muss ein T-Profil geschwei\u00dft werden.<\/p>\t\t\t\t\t\t\t\t<\/div>\n\t\t\t\t<\/div>\n\t\t\t\t<\/div>\n\t\t\t\t\t<\/div>\n\t\t\t\t<\/div>\n\t\t\t\t<\/div>\n\t\t","protected":false},"excerpt":{"rendered":"<p>Ergonomischer Haken mit Stift f\u00fcr F\u00f6rderb\u00e4ndern Abdeckhauben &#8211; C-8 C-8 Ergonomischer Haken mit Stift. Die Fixierung der Feder mit einem Stift macht unseren C-7 noch komfortabler. Unser ergonomisch geformter Haken ist mit zwei H\u00e4nden leicht zu bedienen. Die Spannfeder und der Stahlstift halten den Deckel im T-Profil fest. Entlang der F\u00f6rderbandstruktur muss ein T-Profil geschwei\u00dft [&hellip;]<\/p>\n","protected":false},"author":1,"featured_media":1006,"parent":26458,"menu_order":60,"comment_status":"closed","ping_status":"closed","template":"","meta":{"_joinchat":[],"footnotes":""},"tags":[75],"class_list":["post-26383","page","type-page","status-publish","has-post-thumbnail","hentry","tag-befestigungen"],"_links":{"self":[{"href":"https:\/\/www.capotex.com\/de\/wp-json\/wp\/v2\/pages\/26383","targetHints":{"allow":["GET"]}}],"collection":[{"href":"https:\/\/www.capotex.com\/de\/wp-json\/wp\/v2\/pages"}],"about":[{"href":"https:\/\/www.capotex.com\/de\/wp-json\/wp\/v2\/types\/page"}],"author":[{"embeddable":true,"href":"https:\/\/www.capotex.com\/de\/wp-json\/wp\/v2\/users\/1"}],"replies":[{"embeddable":true,"href":"https:\/\/www.capotex.com\/de\/wp-json\/wp\/v2\/comments?post=26383"}],"version-history":[{"count":5,"href":"https:\/\/www.capotex.com\/de\/wp-json\/wp\/v2\/pages\/26383\/revisions"}],"predecessor-version":[{"id":34676,"href":"https:\/\/www.capotex.com\/de\/wp-json\/wp\/v2\/pages\/26383\/revisions\/34676"}],"up":[{"embeddable":true,"href":"https:\/\/www.capotex.com\/de\/wp-json\/wp\/v2\/pages\/26458"}],"wp:featuredmedia":[{"embeddable":true,"href":"https:\/\/www.capotex.com\/de\/wp-json\/wp\/v2\/media\/1006"}],"wp:attachment":[{"href":"https:\/\/www.capotex.com\/de\/wp-json\/wp\/v2\/media?parent=26383"}],"wp:term":[{"taxonomy":"post_tag","embeddable":true,"href":"https:\/\/www.capotex.com\/de\/wp-json\/wp\/v2\/tags?post=26383"}],"curies":[{"name":"wp","href":"https:\/\/api.w.org\/{rel}","templated":true}]}}