{"id":26386,"date":"2023-05-17T09:24:37","date_gmt":"2023-05-17T08:24:37","guid":{"rendered":"https:\/\/capotex.com\/capofire\/"},"modified":"2024-06-04T08:12:13","modified_gmt":"2024-06-04T07:12:13","slug":"capofire","status":"publish","type":"page","link":"https:\/\/www.capotex.com\/de\/abdeckhauben-fur-forderbander\/forderband-haube-besondere\/capofire\/","title":{"rendered":"Capofire"},"content":{"rendered":"\t\t<div data-elementor-type=\"wp-page\" data-elementor-id=\"26386\" class=\"elementor elementor-26386 elementor-2017\" data-elementor-post-type=\"page\">\n\t\t\t\t<div class=\"elementor-element elementor-element-aa7dbc1 e-flex e-con-boxed e-con e-parent\" data-id=\"aa7dbc1\" data-element_type=\"container\" data-e-type=\"container\">\n\t\t\t\t\t<div class=\"e-con-inner\">\n\t\t<div class=\"elementor-element elementor-element-afd89b8 e-con-full e-flex e-con e-child\" data-id=\"afd89b8\" data-element_type=\"container\" data-e-type=\"container\">\n\t\t\t\t<div class=\"elementor-element elementor-element-ace3e55 elementor-widget elementor-widget-image\" data-id=\"ace3e55\" data-element_type=\"widget\" data-e-type=\"widget\" data-widget_type=\"image.default\">\n\t\t\t\t<div class=\"elementor-widget-container\">\n\t\t\t\t\t\t\t\t\t\t\t\t\t\t\t<img fetchpriority=\"high\" decoding=\"async\" width=\"600\" height=\"329\" src=\"https:\/\/www.capotex.com\/wp-content\/uploads\/2024\/06\/Forderbandern-Abdeckhauben-Capofire.webp\" class=\"attachment-full size-full wp-image-33953\" alt=\"F\u00f6rderb\u00e4ndern Abdeckhauben Capofire\" srcset=\"https:\/\/www.capotex.com\/wp-content\/uploads\/2024\/06\/Forderbandern-Abdeckhauben-Capofire.webp 600w, https:\/\/www.capotex.com\/wp-content\/uploads\/2024\/06\/Forderbandern-Abdeckhauben-Capofire-300x165.webp 300w\" sizes=\"(max-width: 600px) 100vw, 600px\" \/>\t\t\t\t\t\t\t\t\t\t\t\t\t\t\t<\/div>\n\t\t\t\t<\/div>\n\t\t\t\t<\/div>\n\t\t\t\t\t<\/div>\n\t\t\t\t<\/div>\n\t\t<div class=\"elementor-element elementor-element-9928d73 e-flex e-con-boxed e-con e-parent\" data-id=\"9928d73\" data-element_type=\"container\" data-e-type=\"container\">\n\t\t\t\t\t<div class=\"e-con-inner\">\n\t\t<div class=\"elementor-element elementor-element-8cffb37 e-con-full e-flex e-con e-child\" data-id=\"8cffb37\" data-element_type=\"container\" data-e-type=\"container\">\n\t\t\t\t<div class=\"elementor-element elementor-element-7f3bc8d elementor-widget elementor-widget-heading\" data-id=\"7f3bc8d\" data-element_type=\"widget\" data-e-type=\"widget\" data-widget_type=\"heading.default\">\n\t\t\t\t<div class=\"elementor-widget-container\">\n\t\t\t\t\t<h2 class=\"elementor-heading-title elementor-size-default\">Capofire<\/h2>\t\t\t\t<\/div>\n\t\t\t\t<\/div>\n\t\t\t\t<div class=\"elementor-element elementor-element-da53d05 elementor-widget elementor-widget-text-editor\" data-id=\"da53d05\" data-element_type=\"widget\" data-e-type=\"widget\" data-widget_type=\"text-editor.default\">\n\t\t\t\t<div class=\"elementor-widget-container\">\n\t\t\t\t\t\t\t\t\t<p>Dieser Abdeckhauben ist <strong>f\u00fcr die meisten Feuerl\u00f6schanlagen geeignet.<\/strong> Wir bereiten die Abdeckhauben f\u00fcr die Installation eines Feuerl\u00f6schsystems im Inneren vor, aber es ist immer noch m\u00f6glich, die gesamte Abdeckhaube f\u00fcr Inspektion und Wartung des F\u00f6rderers zu \u00f6ffnen.<\/p><p>Die Installation ist schnell und einfach.<\/p>\t\t\t\t\t\t\t\t<\/div>\n\t\t\t\t<\/div>\n\t\t\t\t<div class=\"elementor-element elementor-element-03bd054 elementor-widget elementor-widget-image\" data-id=\"03bd054\" data-element_type=\"widget\" data-e-type=\"widget\" data-widget_type=\"image.default\">\n\t\t\t\t<div class=\"elementor-widget-container\">\n\t\t\t\t\t\t\t\t\t\t\t\t<figure class=\"wp-caption\">\n\t\t\t\t\t\t\t\t\t\t\t<a href=\"https:\/\/www.capotex.com\/wp-content\/uploads\/2023\/05\/Capofire_EN.pdf\" target=\"_blank\">\n\t\t\t\t\t\t\t<img decoding=\"async\" width=\"300\" height=\"212\" src=\"https:\/\/www.capotex.com\/wp-content\/uploads\/2023\/05\/Capofire-drawings-cover.jpg\" class=\"attachment-full size-full wp-image-594\" alt=\"\" \/>\t\t\t\t\t\t\t\t<\/a>\n\t\t\t\t\t\t\t\t\t\t\t<figcaption class=\"widget-image-caption wp-caption-text\">pdf herunterladen<\/figcaption>\n\t\t\t\t\t\t\t\t\t\t<\/figure>\n\t\t\t\t\t\t\t\t\t<\/div>\n\t\t\t\t<\/div>\n\t\t\t\t<\/div>\n\t\t\t\t\t<\/div>\n\t\t\t\t<\/div>\n\t\t\t\t<\/div>\n\t\t","protected":false},"excerpt":{"rendered":"<p>Capofire Dieser Abdeckhauben ist f\u00fcr die meisten Feuerl\u00f6schanlagen geeignet. Wir bereiten die Abdeckhauben f\u00fcr die Installation eines Feuerl\u00f6schsystems im Inneren vor, aber es ist immer noch m\u00f6glich, die gesamte Abdeckhaube f\u00fcr Inspektion und Wartung des F\u00f6rderers zu \u00f6ffnen. Die Installation ist schnell und einfach. pdf herunterladen<\/p>\n","protected":false},"author":1,"featured_media":585,"parent":26408,"menu_order":10,"comment_status":"closed","ping_status":"closed","template":"","meta":{"_joinchat":[],"footnotes":""},"tags":[72],"class_list":["post-26386","page","type-page","status-publish","has-post-thumbnail","hentry","tag-spezialmodelle"],"_links":{"self":[{"href":"https:\/\/www.capotex.com\/de\/wp-json\/wp\/v2\/pages\/26386","targetHints":{"allow":["GET"]}}],"collection":[{"href":"https:\/\/www.capotex.com\/de\/wp-json\/wp\/v2\/pages"}],"about":[{"href":"https:\/\/www.capotex.com\/de\/wp-json\/wp\/v2\/types\/page"}],"author":[{"embeddable":true,"href":"https:\/\/www.capotex.com\/de\/wp-json\/wp\/v2\/users\/1"}],"replies":[{"embeddable":true,"href":"https:\/\/www.capotex.com\/de\/wp-json\/wp\/v2\/comments?post=26386"}],"version-history":[{"count":13,"href":"https:\/\/www.capotex.com\/de\/wp-json\/wp\/v2\/pages\/26386\/revisions"}],"predecessor-version":[{"id":33961,"href":"https:\/\/www.capotex.com\/de\/wp-json\/wp\/v2\/pages\/26386\/revisions\/33961"}],"up":[{"embeddable":true,"href":"https:\/\/www.capotex.com\/de\/wp-json\/wp\/v2\/pages\/26408"}],"wp:featuredmedia":[{"embeddable":true,"href":"https:\/\/www.capotex.com\/de\/wp-json\/wp\/v2\/media\/585"}],"wp:attachment":[{"href":"https:\/\/www.capotex.com\/de\/wp-json\/wp\/v2\/media?parent=26386"}],"wp:term":[{"taxonomy":"post_tag","embeddable":true,"href":"https:\/\/www.capotex.com\/de\/wp-json\/wp\/v2\/tags?post=26386"}],"curies":[{"name":"wp","href":"https:\/\/api.w.org\/{rel}","templated":true}]}}