{"id":26391,"date":"2023-05-17T09:32:31","date_gmt":"2023-05-17T08:32:31","guid":{"rendered":"https:\/\/capotex.com\/capobig\/"},"modified":"2024-06-04T08:16:37","modified_gmt":"2024-06-04T07:16:37","slug":"capobig","status":"publish","type":"page","link":"https:\/\/www.capotex.com\/de\/abdeckhauben-fur-forderbander\/forderband-haube-besondere\/capobig\/","title":{"rendered":"Capobig"},"content":{"rendered":"\t\t<div data-elementor-type=\"wp-page\" data-elementor-id=\"26391\" class=\"elementor elementor-26391 elementor-2032\" data-elementor-post-type=\"page\">\n\t\t\t\t<div class=\"elementor-element elementor-element-c7da537 e-flex e-con-boxed e-con e-parent\" data-id=\"c7da537\" data-element_type=\"container\" data-e-type=\"container\">\n\t\t\t\t\t<div class=\"e-con-inner\">\n\t\t<div class=\"elementor-element elementor-element-5def696 e-con-full e-flex e-con e-child\" data-id=\"5def696\" data-element_type=\"container\" data-e-type=\"container\">\n\t\t\t\t<div class=\"elementor-element elementor-element-d4ae9c9 elementor-widget elementor-widget-image\" data-id=\"d4ae9c9\" data-element_type=\"widget\" data-e-type=\"widget\" data-widget_type=\"image.default\">\n\t\t\t\t<div class=\"elementor-widget-container\">\n\t\t\t\t\t\t\t\t\t\t\t\t\t\t\t<img fetchpriority=\"high\" decoding=\"async\" width=\"600\" height=\"329\" src=\"https:\/\/www.capotex.com\/wp-content\/uploads\/2024\/06\/Forderbandern-Abdeckhauben-Capobig.webp\" class=\"attachment-full size-full wp-image-33969\" alt=\"F\u00f6rderb\u00e4ndern Abdeckhauben Capobig\" srcset=\"https:\/\/www.capotex.com\/wp-content\/uploads\/2024\/06\/Forderbandern-Abdeckhauben-Capobig.webp 600w, https:\/\/www.capotex.com\/wp-content\/uploads\/2024\/06\/Forderbandern-Abdeckhauben-Capobig-300x165.webp 300w\" sizes=\"(max-width: 600px) 100vw, 600px\" \/>\t\t\t\t\t\t\t\t\t\t\t\t\t\t\t<\/div>\n\t\t\t\t<\/div>\n\t\t\t\t<\/div>\n\t\t\t\t\t<\/div>\n\t\t\t\t<\/div>\n\t\t<div class=\"elementor-element elementor-element-101cb73 e-flex e-con-boxed e-con e-parent\" data-id=\"101cb73\" data-element_type=\"container\" data-e-type=\"container\">\n\t\t\t\t\t<div class=\"e-con-inner\">\n\t\t<div class=\"elementor-element elementor-element-f3b24e6 e-con-full e-flex e-con e-child\" data-id=\"f3b24e6\" data-element_type=\"container\" data-e-type=\"container\">\n\t\t\t\t<div class=\"elementor-element elementor-element-41a30fd elementor-widget elementor-widget-text-editor\" data-id=\"41a30fd\" data-element_type=\"widget\" data-e-type=\"widget\" data-widget_type=\"text-editor.default\">\n\t\t\t\t<div class=\"elementor-widget-container\">\n\t\t\t\t\t\t\t\t\t<p><strong>Abdeckhauben in Extragr\u00f6\u00dfe von Capobig.<\/strong>. Die gro\u00dffl\u00e4chige Abdeckhaube sorgt f\u00fcr ein vollst\u00e4ndig geschlossenes F\u00f6rderband. Er deckt das F\u00f6rderband ab und l\u00e4sst viel Platz f\u00fcr die Wartung oder zum Abdecken besonders gro\u00dfer Strukturen.<\/p><p><strong>Mehr Platz und Sicherheit.<\/strong> Die CAPOBIG-Konstruktion bietet viel Schutz und Platz, maximiert die Sicherheit und minimiert den Verschlei\u00df der Maschine. Aufgrund ihrer Gr\u00f6\u00dfe eignet sich diese Abdeckhaube ideal f\u00fcr gro\u00dfe Bau- und Bergbauprojekte, bei denen es erforderlich ist, eine gro\u00dfe Anzahl von Maschinen abzudecken.<\/p><p>Die extra gro\u00dfen Abdeckhauben von CAPOBIG lassen sich unglaublich <strong>schnell montieren<\/strong>. Das CAPOTEX-Befestigungssystem gew\u00e4hrleistet eine schnelle, sichere und einfache Montage.<\/p>\t\t\t\t\t\t\t\t<\/div>\n\t\t\t\t<\/div>\n\t\t\t\t<div class=\"elementor-element elementor-element-708d88d elementor-widget elementor-widget-image\" data-id=\"708d88d\" data-element_type=\"widget\" data-e-type=\"widget\" data-widget_type=\"image.default\">\n\t\t\t\t<div class=\"elementor-widget-container\">\n\t\t\t\t\t\t\t\t\t\t\t\t<figure class=\"wp-caption\">\n\t\t\t\t\t\t\t\t\t\t\t<a href=\"https:\/\/www.capotex.com\/wp-content\/uploads\/2023\/05\/Capotex-Capobig-drawings-EN.pdf\" target=\"_blank\">\n\t\t\t\t\t\t\t<img decoding=\"async\" width=\"300\" height=\"212\" src=\"https:\/\/www.capotex.com\/wp-content\/uploads\/2023\/05\/Capobig-cover.jpg\" class=\"attachment-full size-full wp-image-661\" alt=\"\" \/>\t\t\t\t\t\t\t\t<\/a>\n\t\t\t\t\t\t\t\t\t\t\t<figcaption class=\"widget-image-caption wp-caption-text\">pdf herunterladen<\/figcaption>\n\t\t\t\t\t\t\t\t\t\t<\/figure>\n\t\t\t\t\t\t\t\t\t<\/div>\n\t\t\t\t<\/div>\n\t\t\t\t<\/div>\n\t\t\t\t\t<\/div>\n\t\t\t\t<\/div>\n\t\t\t\t<\/div>\n\t\t","protected":false},"excerpt":{"rendered":"<p>Abdeckhauben in Extragr\u00f6\u00dfe von Capobig.. Die gro\u00dffl\u00e4chige Abdeckhaube sorgt f\u00fcr ein vollst\u00e4ndig geschlossenes F\u00f6rderband. Er deckt das F\u00f6rderband ab und l\u00e4sst viel Platz f\u00fcr die Wartung oder zum Abdecken besonders gro\u00dfer Strukturen. Mehr Platz und Sicherheit. Die CAPOBIG-Konstruktion bietet viel Schutz und Platz, maximiert die Sicherheit und minimiert den Verschlei\u00df der Maschine. Aufgrund ihrer Gr\u00f6\u00dfe [&hellip;]<\/p>\n","protected":false},"author":1,"featured_media":484,"parent":26408,"menu_order":40,"comment_status":"closed","ping_status":"closed","template":"","meta":{"_joinchat":[],"footnotes":""},"tags":[72],"class_list":["post-26391","page","type-page","status-publish","has-post-thumbnail","hentry","tag-spezialmodelle"],"_links":{"self":[{"href":"https:\/\/www.capotex.com\/de\/wp-json\/wp\/v2\/pages\/26391","targetHints":{"allow":["GET"]}}],"collection":[{"href":"https:\/\/www.capotex.com\/de\/wp-json\/wp\/v2\/pages"}],"about":[{"href":"https:\/\/www.capotex.com\/de\/wp-json\/wp\/v2\/types\/page"}],"author":[{"embeddable":true,"href":"https:\/\/www.capotex.com\/de\/wp-json\/wp\/v2\/users\/1"}],"replies":[{"embeddable":true,"href":"https:\/\/www.capotex.com\/de\/wp-json\/wp\/v2\/comments?post=26391"}],"version-history":[{"count":15,"href":"https:\/\/www.capotex.com\/de\/wp-json\/wp\/v2\/pages\/26391\/revisions"}],"predecessor-version":[{"id":33978,"href":"https:\/\/www.capotex.com\/de\/wp-json\/wp\/v2\/pages\/26391\/revisions\/33978"}],"up":[{"embeddable":true,"href":"https:\/\/www.capotex.com\/de\/wp-json\/wp\/v2\/pages\/26408"}],"wp:featuredmedia":[{"embeddable":true,"href":"https:\/\/www.capotex.com\/de\/wp-json\/wp\/v2\/media\/484"}],"wp:attachment":[{"href":"https:\/\/www.capotex.com\/de\/wp-json\/wp\/v2\/media?parent=26391"}],"wp:term":[{"taxonomy":"post_tag","embeddable":true,"href":"https:\/\/www.capotex.com\/de\/wp-json\/wp\/v2\/tags?post=26391"}],"curies":[{"name":"wp","href":"https:\/\/api.w.org\/{rel}","templated":true}]}}