{"id":26401,"date":"2023-05-17T08:49:28","date_gmt":"2023-05-17T07:49:28","guid":{"rendered":"https:\/\/capotex.com\/produkte\/standard-modelle\/capotray\/"},"modified":"2024-06-27T09:42:48","modified_gmt":"2024-06-27T08:42:48","slug":"capotray","status":"publish","type":"page","link":"https:\/\/www.capotex.com\/de\/abdeckhauben-fur-forderbander\/forderband-haube\/capotray\/","title":{"rendered":"Capotray"},"content":{"rendered":"\t\t<div data-elementor-type=\"wp-page\" data-elementor-id=\"26401\" class=\"elementor elementor-26401 elementor-1974\" data-elementor-post-type=\"page\">\n\t\t\t\t<div class=\"elementor-element elementor-element-e3f7eee e-flex e-con-boxed e-con e-parent\" data-id=\"e3f7eee\" data-element_type=\"container\" data-e-type=\"container\">\n\t\t\t\t\t<div class=\"e-con-inner\">\n\t\t<div class=\"elementor-element elementor-element-5d9d3bd e-con-full e-flex e-con e-child\" data-id=\"5d9d3bd\" data-element_type=\"container\" data-e-type=\"container\">\n\t\t\t\t<div class=\"elementor-element elementor-element-488223e elementor-widget elementor-widget-image\" data-id=\"488223e\" data-element_type=\"widget\" data-e-type=\"widget\" data-widget_type=\"image.default\">\n\t\t\t\t<div class=\"elementor-widget-container\">\n\t\t\t\t\t\t\t\t\t\t\t\t\t\t\t<img fetchpriority=\"high\" decoding=\"async\" width=\"600\" height=\"329\" src=\"https:\/\/www.capotex.com\/wp-content\/uploads\/2024\/06\/Abdeckhaube-von-Forderbandern-Capotray.webp\" class=\"attachment-full size-full wp-image-33909\" alt=\"Abdeckhaube von F\u00f6rderb\u00e4ndern Capotray\" srcset=\"https:\/\/www.capotex.com\/wp-content\/uploads\/2024\/06\/Abdeckhaube-von-Forderbandern-Capotray.webp 600w, https:\/\/www.capotex.com\/wp-content\/uploads\/2024\/06\/Abdeckhaube-von-Forderbandern-Capotray-300x165.webp 300w\" sizes=\"(max-width: 600px) 100vw, 600px\" \/>\t\t\t\t\t\t\t\t\t\t\t\t\t\t\t<\/div>\n\t\t\t\t<\/div>\n\t\t\t\t<\/div>\n\t\t\t\t\t<\/div>\n\t\t\t\t<\/div>\n\t\t<div class=\"elementor-element elementor-element-e8a28df e-flex e-con-boxed e-con e-parent\" data-id=\"e8a28df\" data-element_type=\"container\" data-e-type=\"container\">\n\t\t\t\t\t<div class=\"e-con-inner\">\n\t\t<div class=\"elementor-element elementor-element-a8e9561 e-con-full e-flex e-con e-child\" data-id=\"a8e9561\" data-element_type=\"container\" data-e-type=\"container\">\n\t\t\t\t<div class=\"elementor-element elementor-element-cddfdf1 elementor-widget elementor-widget-heading\" data-id=\"cddfdf1\" data-element_type=\"widget\" data-e-type=\"widget\" data-widget_type=\"heading.default\">\n\t\t\t\t<div class=\"elementor-widget-container\">\n\t\t\t\t\t<h2 class=\"elementor-heading-title elementor-size-default\">Capotray<\/h2>\t\t\t\t<\/div>\n\t\t\t\t<\/div>\n\t\t\t\t<div class=\"elementor-element elementor-element-7e5fe43 elementor-widget elementor-widget-text-editor\" data-id=\"7e5fe43\" data-element_type=\"widget\" data-e-type=\"widget\" data-widget_type=\"text-editor.default\">\n\t\t\t\t<div class=\"elementor-widget-container\">\n\t\t\t\t\t\t\t\t\t<p><strong>Verhindert, dass am R\u00fcckf\u00fchrband haftendes Material auf den Boden f\u00e4llt.<\/strong><\/p><p><strong>Geh\u00e4use f\u00fcr das R\u00fcckf\u00fchrband<\/strong>: Verhindert eine Fehlausrichtung des R\u00fcckf\u00fchrbandes aufgrund von externem Winddruck.<\/p><p><strong>Sicherheitsschutz<\/strong>: Verhindert eine versehentliche Manipulation des R\u00fccklaufbandes.<\/p><p><strong>Wasserableitung<\/strong>: Mehrere zentrale Perforationen leiten Wasser von Regen, Schnee, Kondenswasser und Staubunterdr\u00fcckungssystemen ab.<\/p><p><strong>Schutz vor Abnutzung<\/strong>: Verhindert \u00fcberm\u00e4\u00dfigen Verschlei\u00df durch kleine Partikel, die von lokalen Winden getragen werden, und verl\u00e4ngert die Lebensdauer von Walzen, B\u00e4ndern, Stahlkonstruktionen und anderen Ger\u00e4ten.<\/p>\t\t\t\t\t\t\t\t<\/div>\n\t\t\t\t<\/div>\n\t\t\t\t<div class=\"elementor-element elementor-element-776f998 elementor-widget elementor-widget-image\" data-id=\"776f998\" data-element_type=\"widget\" data-e-type=\"widget\" data-widget_type=\"image.default\">\n\t\t\t\t<div class=\"elementor-widget-container\">\n\t\t\t\t\t\t\t\t\t\t\t\t<figure class=\"wp-caption\">\n\t\t\t\t\t\t\t\t\t\t\t<a href=\"https:\/\/www.capotex.com\/wp-content\/uploads\/2023\/05\/Capotex-model-Capotray-drawings-DE.pdf\" target=\"_blank\">\n\t\t\t\t\t\t\t<img decoding=\"async\" width=\"300\" height=\"212\" src=\"https:\/\/www.capotex.com\/wp-content\/uploads\/2023\/05\/Capotex-model-Capotray-drawings-cover.jpg\" class=\"attachment-full size-full wp-image-880\" alt=\"\" \/>\t\t\t\t\t\t\t\t<\/a>\n\t\t\t\t\t\t\t\t\t\t\t<figcaption class=\"widget-image-caption wp-caption-text\">pdf herunterladen<\/figcaption>\n\t\t\t\t\t\t\t\t\t\t<\/figure>\n\t\t\t\t\t\t\t\t\t<\/div>\n\t\t\t\t<\/div>\n\t\t\t\t<\/div>\n\t\t\t\t\t<\/div>\n\t\t\t\t<\/div>\n\t\t<div class=\"elementor-element elementor-element-267ee05 elementor-hidden-mobile e-flex e-con-boxed e-con e-parent\" data-id=\"267ee05\" data-element_type=\"container\" data-e-type=\"container\">\n\t\t\t\t\t<div class=\"e-con-inner\">\n\t\t<div class=\"elementor-element elementor-element-3e82fad e-con-full e-flex e-con e-child\" data-id=\"3e82fad\" data-element_type=\"container\" data-e-type=\"container\">\n\t\t\t\t<div class=\"elementor-element elementor-element-b9a0074 elementor-tabs-view-horizontal elementor-widget elementor-widget-tabs\" data-id=\"b9a0074\" data-element_type=\"widget\" data-e-type=\"widget\" data-widget_type=\"tabs.default\">\n\t\t\t\t<div class=\"elementor-widget-container\">\n\t\t\t\t\t\t\t<div class=\"elementor-tabs\">\n\t\t\t<div class=\"elementor-tabs-wrapper\" role=\"tablist\" >\n\t\t\t\t\t\t\t\t\t<div id=\"elementor-tab-title-1941\" class=\"elementor-tab-title elementor-tab-desktop-title\" aria-selected=\"true\" data-tab=\"1\" role=\"tab\" tabindex=\"0\" aria-controls=\"elementor-tab-content-1941\" aria-expanded=\"false\">Befestigungen<\/div>\n\t\t\t\t\t\t\t<\/div>\n\t\t\t<div class=\"elementor-tabs-content-wrapper\" role=\"tablist\" aria-orientation=\"vertical\">\n\t\t\t\t\t\t\t\t\t<div class=\"elementor-tab-title elementor-tab-mobile-title\" aria-selected=\"true\" data-tab=\"1\" role=\"tab\" tabindex=\"0\" aria-controls=\"elementor-tab-content-1941\" aria-expanded=\"false\">Befestigungen<\/div>\n\t\t\t\t\t<div id=\"elementor-tab-content-1941\" class=\"elementor-tab-content elementor-clearfix\" data-tab=\"1\" role=\"tabpanel\" aria-labelledby=\"elementor-tab-title-1941\" tabindex=\"0\" hidden=\"false\"><table><tbody><tr style=\"background-color: #00678a; color: #f9fafa;\"><th>Befestigung von<\/th><th>Foto<\/th><\/tr><tr><td><a href=\"https:\/\/www.capotex.com\/de\/befestigungen-fur-forderbandern-abdeckhauben\/c1\/\">C-1 Schloss-Scharnier<\/a><\/td><td><a href=\"https:\/\/www.capotex.com\/de\/produkte\/befestigungen\/schloss-scharnier-c1\/\"><img decoding=\"async\" src=\"https:\/\/www.capotex.com\/wp-content\/uploads\/2023\/05\/Capotex-fixings-C1-Lock-Hinge.webp\" width=\"300\" \/><\/a><\/td><\/tr><tr><td><a href=\"https:\/\/www.capotex.com\/de\/befestigungen-fur-forderbandern-abdeckhauben\/c5\/\">C-5 Selbstbohrende Schraube<\/a><\/td><td><a href=\"https:\/\/www.capotex.com\/de\/produkte\/befestigungen\/selbstbohrende-schraube-c5\/\"><img decoding=\"async\" src=\"https:\/\/www.capotex.com\/wp-content\/uploads\/2023\/05\/Capotex-fixings-C5-Self-Drilling-Screw.webp\" width=\"200\" \/><\/a><\/td><\/tr><\/tbody><\/table><\/div>\n\t\t\t\t\t\t\t<\/div>\n\t\t<\/div>\n\t\t\t\t\t\t<\/div>\n\t\t\t\t<\/div>\n\t\t\t\t<\/div>\n\t\t\t\t\t<\/div>\n\t\t\t\t<\/div>\n\t\t<div class=\"elementor-element elementor-element-aaac0c5 elementor-hidden-desktop elementor-hidden-tablet e-flex e-con-boxed e-con e-parent\" data-id=\"aaac0c5\" data-element_type=\"container\" data-e-type=\"container\">\n\t\t\t\t\t<div class=\"e-con-inner\">\n\t\t<div class=\"elementor-element elementor-element-c857cdb e-con-full e-flex e-con e-child\" data-id=\"c857cdb\" data-element_type=\"container\" data-e-type=\"container\">\n\t\t\t\t<div class=\"elementor-element elementor-element-9cb1c01 elementor-tabs-view-horizontal elementor-widget elementor-widget-tabs\" data-id=\"9cb1c01\" data-element_type=\"widget\" data-e-type=\"widget\" data-widget_type=\"tabs.default\">\n\t\t\t\t<div class=\"elementor-widget-container\">\n\t\t\t\t\t\t\t<div class=\"elementor-tabs\">\n\t\t\t<div class=\"elementor-tabs-wrapper\" role=\"tablist\" >\n\t\t\t\t\t\t\t\t\t<div id=\"elementor-tab-title-1641\" class=\"elementor-tab-title elementor-tab-desktop-title\" aria-selected=\"true\" data-tab=\"1\" role=\"tab\" tabindex=\"0\" aria-controls=\"elementor-tab-content-1641\" aria-expanded=\"false\">Befestigungen<\/div>\n\t\t\t\t\t\t\t<\/div>\n\t\t\t<div class=\"elementor-tabs-content-wrapper\" role=\"tablist\" aria-orientation=\"vertical\">\n\t\t\t\t\t\t\t\t\t<div class=\"elementor-tab-title elementor-tab-mobile-title\" aria-selected=\"true\" data-tab=\"1\" role=\"tab\" tabindex=\"0\" aria-controls=\"elementor-tab-content-1641\" aria-expanded=\"false\">Befestigungen<\/div>\n\t\t\t\t\t<div id=\"elementor-tab-content-1641\" class=\"elementor-tab-content elementor-clearfix\" data-tab=\"1\" role=\"tabpanel\" aria-labelledby=\"elementor-tab-title-1641\" tabindex=\"0\" hidden=\"false\"><table><tbody><tr style=\"background-color: #00678a; color: #f9fafa;\"><th>Befestigung von<\/th><\/tr><tr><td><a href=\"https:\/\/www.capotex.com\/de\/befestigungen-fur-forderbandern-abdeckhauben\/c1\/\">C-1 Schloss-Scharnier<\/a><\/td><\/tr><tr><td><a href=\"https:\/\/www.capotex.com\/de\/befestigungen-fur-forderbandern-abdeckhauben\/c5\/\">C-5 Selbstbohrende Schraube<\/a><\/td><\/tr><\/tbody><\/table><\/div>\n\t\t\t\t\t\t\t<\/div>\n\t\t<\/div>\n\t\t\t\t\t\t<\/div>\n\t\t\t\t<\/div>\n\t\t\t\t<\/div>\n\t\t\t\t\t<\/div>\n\t\t\t\t<\/div>\n\t\t\t\t<\/div>\n\t\t","protected":false},"excerpt":{"rendered":"<p>Verhindert versehentliche Manipulationen am G\u00fcrtel<\/p>\n","protected":false},"author":1,"featured_media":871,"parent":26285,"menu_order":80,"comment_status":"closed","ping_status":"closed","template":"","meta":{"_joinchat":[],"footnotes":""},"tags":[71],"class_list":["post-26401","page","type-page","status-publish","has-post-thumbnail","hentry","tag-conveyormodels-de"],"_links":{"self":[{"href":"https:\/\/www.capotex.com\/de\/wp-json\/wp\/v2\/pages\/26401","targetHints":{"allow":["GET"]}}],"collection":[{"href":"https:\/\/www.capotex.com\/de\/wp-json\/wp\/v2\/pages"}],"about":[{"href":"https:\/\/www.capotex.com\/de\/wp-json\/wp\/v2\/types\/page"}],"author":[{"embeddable":true,"href":"https:\/\/www.capotex.com\/de\/wp-json\/wp\/v2\/users\/1"}],"replies":[{"embeddable":true,"href":"https:\/\/www.capotex.com\/de\/wp-json\/wp\/v2\/comments?post=26401"}],"version-history":[{"count":19,"href":"https:\/\/www.capotex.com\/de\/wp-json\/wp\/v2\/pages\/26401\/revisions"}],"predecessor-version":[{"id":34774,"href":"https:\/\/www.capotex.com\/de\/wp-json\/wp\/v2\/pages\/26401\/revisions\/34774"}],"up":[{"embeddable":true,"href":"https:\/\/www.capotex.com\/de\/wp-json\/wp\/v2\/pages\/26285"}],"wp:featuredmedia":[{"embeddable":true,"href":"https:\/\/www.capotex.com\/de\/wp-json\/wp\/v2\/media\/871"}],"wp:attachment":[{"href":"https:\/\/www.capotex.com\/de\/wp-json\/wp\/v2\/media?parent=26401"}],"wp:term":[{"taxonomy":"post_tag","embeddable":true,"href":"https:\/\/www.capotex.com\/de\/wp-json\/wp\/v2\/tags?post=26401"}],"curies":[{"name":"wp","href":"https:\/\/api.w.org\/{rel}","templated":true}]}}