{"id":26405,"date":"2023-05-17T09:39:50","date_gmt":"2023-05-17T08:39:50","guid":{"rendered":"https:\/\/capotex.com\/c-5-selbstbohrende-schraube\/"},"modified":"2024-06-27T08:05:40","modified_gmt":"2024-06-27T07:05:40","slug":"c5","status":"publish","type":"page","link":"https:\/\/www.capotex.com\/de\/befestigungen-fur-forderbandern-abdeckhauben\/c5\/","title":{"rendered":"C-5 Selbstschneidende Schraube"},"content":{"rendered":"\t\t<div data-elementor-type=\"wp-page\" data-elementor-id=\"26405\" class=\"elementor elementor-26405 elementor-2047\" data-elementor-post-type=\"page\">\n\t\t\t\t<div class=\"elementor-element elementor-element-6795866 e-flex e-con-boxed e-con e-parent\" data-id=\"6795866\" data-element_type=\"container\" data-e-type=\"container\">\n\t\t\t\t\t<div class=\"e-con-inner\">\n\t\t<div class=\"elementor-element elementor-element-09ae85e e-con-full e-flex e-con e-child\" data-id=\"09ae85e\" data-element_type=\"container\" data-e-type=\"container\">\n\t\t\t\t<div class=\"elementor-element elementor-element-f9a8572 elementor-widget elementor-widget-image\" data-id=\"f9a8572\" data-element_type=\"widget\" data-e-type=\"widget\" data-widget_type=\"image.default\">\n\t\t\t\t<div class=\"elementor-widget-container\">\n\t\t\t\t\t\t\t\t\t\t\t\t\t\t\t<img fetchpriority=\"high\" decoding=\"async\" width=\"925\" height=\"521\" src=\"https:\/\/www.capotex.com\/wp-content\/uploads\/2024\/06\/Selbstschneidende-Schraube-fur-Forderbandern-Abdeckhauben.webp\" class=\"attachment-full size-full wp-image-34649\" alt=\"\" srcset=\"https:\/\/www.capotex.com\/wp-content\/uploads\/2024\/06\/Selbstschneidende-Schraube-fur-Forderbandern-Abdeckhauben.webp 925w, https:\/\/www.capotex.com\/wp-content\/uploads\/2024\/06\/Selbstschneidende-Schraube-fur-Forderbandern-Abdeckhauben-300x169.webp 300w, https:\/\/www.capotex.com\/wp-content\/uploads\/2024\/06\/Selbstschneidende-Schraube-fur-Forderbandern-Abdeckhauben-768x433.webp 768w\" sizes=\"(max-width: 925px) 100vw, 925px\" \/>\t\t\t\t\t\t\t\t\t\t\t\t\t\t\t<\/div>\n\t\t\t\t<\/div>\n\t\t\t\t<\/div>\n\t\t\t\t\t<\/div>\n\t\t\t\t<\/div>\n\t\t<div class=\"elementor-element elementor-element-fc805c1 e-flex e-con-boxed e-con e-parent\" data-id=\"fc805c1\" data-element_type=\"container\" data-e-type=\"container\">\n\t\t\t\t\t<div class=\"e-con-inner\">\n\t\t<div class=\"elementor-element elementor-element-0444b00 e-con-full e-flex e-con e-child\" data-id=\"0444b00\" data-element_type=\"container\" data-e-type=\"container\">\n\t\t\t\t<div class=\"elementor-element elementor-element-6e68172 elementor-widget elementor-widget-heading\" data-id=\"6e68172\" data-element_type=\"widget\" data-e-type=\"widget\" data-widget_type=\"heading.default\">\n\t\t\t\t<div class=\"elementor-widget-container\">\n\t\t\t\t\t<h2 class=\"elementor-heading-title elementor-size-default\">Selbstschneidende Schraube  f\u00fcr F\u00f6rderb\u00e4ndern Abdeckhauben - C-5 <\/h2>\t\t\t\t<\/div>\n\t\t\t\t<\/div>\n\t\t\t\t<div class=\"elementor-element elementor-element-26bca69 elementor-widget elementor-widget-text-editor\" data-id=\"26bca69\" data-element_type=\"widget\" data-e-type=\"widget\" data-widget_type=\"text-editor.default\">\n\t\t\t\t<div class=\"elementor-widget-container\">\n\t\t\t\t\t\t\t\t\t<p><strong>C-5 Selbstschneidende Schraube<\/strong>. Die Abdeckhauben werden direkt mit der F\u00f6rderbandkonstruktion verschraubt.<\/p><p><strong>Es ist kein Vorbohren erforderlich<\/strong>. Diese hochwertige Schraube bohrt problemlos bis zu 12 mm. (0,50 Zoll) in die Stahlkonstruktion ein.<\/p><p><strong>Zum \u00d6ffnen des Abdeckhaubens kann er mehrmals auf<\/strong>&#8211; und wieder zugeschraubt werden. Die mitgelieferte Neoprenscheibe verhindert Korrosion in der gebohrten Struktur.<\/p>\t\t\t\t\t\t\t\t<\/div>\n\t\t\t\t<\/div>\n\t\t\t\t<\/div>\n\t\t\t\t\t<\/div>\n\t\t\t\t<\/div>\n\t\t\t\t<\/div>\n\t\t","protected":false},"excerpt":{"rendered":"<p>Selbstschneidende Schraube f\u00fcr F\u00f6rderb\u00e4ndern Abdeckhauben &#8211; C-5 C-5 Selbstschneidende Schraube. Die Abdeckhauben werden direkt mit der F\u00f6rderbandkonstruktion verschraubt. Es ist kein Vorbohren erforderlich. Diese hochwertige Schraube bohrt problemlos bis zu 12 mm. (0,50 Zoll) in die Stahlkonstruktion ein. Zum \u00d6ffnen des Abdeckhaubens kann er mehrmals auf&#8211; und wieder zugeschraubt werden. Die mitgelieferte Neoprenscheibe verhindert Korrosion [&hellip;]<\/p>\n","protected":false},"author":1,"featured_media":964,"parent":26458,"menu_order":30,"comment_status":"closed","ping_status":"closed","template":"","meta":{"_joinchat":[],"footnotes":""},"tags":[75],"class_list":["post-26405","page","type-page","status-publish","has-post-thumbnail","hentry","tag-befestigungen"],"_links":{"self":[{"href":"https:\/\/www.capotex.com\/de\/wp-json\/wp\/v2\/pages\/26405","targetHints":{"allow":["GET"]}}],"collection":[{"href":"https:\/\/www.capotex.com\/de\/wp-json\/wp\/v2\/pages"}],"about":[{"href":"https:\/\/www.capotex.com\/de\/wp-json\/wp\/v2\/types\/page"}],"author":[{"embeddable":true,"href":"https:\/\/www.capotex.com\/de\/wp-json\/wp\/v2\/users\/1"}],"replies":[{"embeddable":true,"href":"https:\/\/www.capotex.com\/de\/wp-json\/wp\/v2\/comments?post=26405"}],"version-history":[{"count":9,"href":"https:\/\/www.capotex.com\/de\/wp-json\/wp\/v2\/pages\/26405\/revisions"}],"predecessor-version":[{"id":34655,"href":"https:\/\/www.capotex.com\/de\/wp-json\/wp\/v2\/pages\/26405\/revisions\/34655"}],"up":[{"embeddable":true,"href":"https:\/\/www.capotex.com\/de\/wp-json\/wp\/v2\/pages\/26458"}],"wp:featuredmedia":[{"embeddable":true,"href":"https:\/\/www.capotex.com\/de\/wp-json\/wp\/v2\/media\/964"}],"wp:attachment":[{"href":"https:\/\/www.capotex.com\/de\/wp-json\/wp\/v2\/media?parent=26405"}],"wp:term":[{"taxonomy":"post_tag","embeddable":true,"href":"https:\/\/www.capotex.com\/de\/wp-json\/wp\/v2\/tags?post=26405"}],"curies":[{"name":"wp","href":"https:\/\/api.w.org\/{rel}","templated":true}]}}