{"id":26415,"date":"2023-05-17T09:14:34","date_gmt":"2023-05-17T08:14:34","guid":{"rendered":"https:\/\/capotex.com\/produkte\/materialien\/"},"modified":"2024-06-11T07:55:22","modified_gmt":"2024-06-11T06:55:22","slug":"forderband-abdeckung","status":"publish","type":"page","link":"https:\/\/www.capotex.com\/de\/abdeckhauben-fur-forderbander\/forderband-abdeckung\/","title":{"rendered":"Materialien"},"content":{"rendered":"\t\t<div data-elementor-type=\"wp-page\" data-elementor-id=\"26415\" class=\"elementor elementor-26415 elementor-2005\" data-elementor-post-type=\"page\">\n\t\t\t\t<div class=\"elementor-element elementor-element-d8fb908 e-flex e-con-boxed e-con e-parent\" data-id=\"d8fb908\" data-element_type=\"container\" data-e-type=\"container\">\n\t\t\t\t\t<div class=\"e-con-inner\">\n\t\t<div class=\"elementor-element elementor-element-7162aa3 e-con-full e-flex e-con e-child\" data-id=\"7162aa3\" data-element_type=\"container\" data-e-type=\"container\">\n\t\t\t\t<div class=\"elementor-element elementor-element-28a51b0 elementor-widget elementor-widget-heading\" data-id=\"28a51b0\" data-element_type=\"widget\" data-e-type=\"widget\" data-widget_type=\"heading.default\">\n\t\t\t\t<div class=\"elementor-widget-container\">\n\t\t\t\t\t<h2 class=\"elementor-heading-title elementor-size-default\">Materialien f\u00fcr f\u00f6rderband abdeckung <\/h2>\t\t\t\t<\/div>\n\t\t\t\t<\/div>\n\t\t\t\t<\/div>\n\t\t\t\t\t<\/div>\n\t\t\t\t<\/div>\n\t\t<div class=\"elementor-element elementor-element-abdf6fe e-flex e-con-boxed e-con e-parent\" data-id=\"abdf6fe\" data-element_type=\"container\" data-e-type=\"container\">\n\t\t\t\t\t<div class=\"e-con-inner\">\n\t\t<div class=\"elementor-element elementor-element-9a85ab5 e-con-full e-flex e-con e-child\" data-id=\"9a85ab5\" data-element_type=\"container\" data-e-type=\"container\" data-settings=\"{&quot;background_background&quot;:&quot;classic&quot;}\">\n\t\t\t\t<div class=\"elementor-element elementor-element-c617270 elementor-widget elementor-widget-heading\" data-id=\"c617270\" data-element_type=\"widget\" data-e-type=\"widget\" data-widget_type=\"heading.default\">\n\t\t\t\t<div class=\"elementor-widget-container\">\n\t\t\t\t\t<h2 class=\"elementor-heading-title elementor-size-default\">Verzinkter Stahl<\/h2>\t\t\t\t<\/div>\n\t\t\t\t<\/div>\n\t\t\t\t<div class=\"elementor-element elementor-element-c9d4272 elementor-widget elementor-widget-image\" data-id=\"c9d4272\" data-element_type=\"widget\" data-e-type=\"widget\" data-widget_type=\"image.default\">\n\t\t\t\t<div class=\"elementor-widget-container\">\n\t\t\t\t\t\t\t\t\t\t\t\t\t\t\t<img fetchpriority=\"high\" decoding=\"async\" width=\"325\" height=\"225\" src=\"https:\/\/www.capotex.com\/wp-content\/uploads\/2024\/06\/forderband-abdeckung.jpg\" class=\"attachment-full size-full wp-image-34146\" alt=\"\" srcset=\"https:\/\/www.capotex.com\/wp-content\/uploads\/2024\/06\/forderband-abdeckung.jpg 325w, https:\/\/www.capotex.com\/wp-content\/uploads\/2024\/06\/forderband-abdeckung-300x208.jpg 300w\" sizes=\"(max-width: 325px) 100vw, 325px\" \/>\t\t\t\t\t\t\t\t\t\t\t\t\t\t\t<\/div>\n\t\t\t\t<\/div>\n\t\t\t\t<div class=\"elementor-element elementor-element-558df6b elementor-widget elementor-widget-text-editor\" data-id=\"558df6b\" data-element_type=\"widget\" data-e-type=\"widget\" data-widget_type=\"text-editor.default\">\n\t\t\t\t<div class=\"elementor-widget-container\">\n\t\t\t\t\t\t\t\t\t<p>Der verzinkte Stahl wird durch Beschichtung eines kaltgewalzten Stahlbandes durch Eintauchen in ein geschmolzenes Zinkbad gewonnen.<\/p>\n<p>Dieses Stahlblech wird gewellt und gebogen, um die Abdeckhaube zu bilden.<\/p>\n<p>Zink korrodiert 20- bis 40-mal langsamer als Stahl und ist somit vor Umwelteinfl\u00fcssen gesch\u00fctzt.<\/p>\n<p>Verzinkte Stahlbefestigungen sind aufgrund der Eigenh\u00e4rte des Stahls in der Lage, St\u00f6\u00dfen gut standzuhalten.<\/p>\n<p>Die Steifigkeit wird durch die Riffelung und die Biegung erh\u00f6ht, wobei die Steifigkeit durch die Faltung jeder einzelnen Kante, ein exklusives System von CAPOTEX, deutlich zunimmt. Dadurch wird nicht nur die H\u00e4rte bei minimaler Unterbrechung erh\u00f6ht, sondern auch das Risiko von Schnitten und anderen Verletzungen bei der Handhabung vermieden, da keine scharfen Kanten vorhanden sind.<\/p>\n<p><strong>Dicke 0,6 mm und 0,8 mm.<\/strong><\/p>\n\t\t\t\t\t\t\t\t<\/div>\n\t\t\t\t<\/div>\n\t\t\t\t<\/div>\n\t\t<div class=\"elementor-element elementor-element-5d6d43b e-con-full e-flex e-con e-child\" data-id=\"5d6d43b\" data-element_type=\"container\" data-e-type=\"container\" data-settings=\"{&quot;background_background&quot;:&quot;classic&quot;}\">\n\t\t\t\t<div class=\"elementor-element elementor-element-f498fe0 elementor-widget elementor-widget-heading\" data-id=\"f498fe0\" data-element_type=\"widget\" data-e-type=\"widget\" data-widget_type=\"heading.default\">\n\t\t\t\t<div class=\"elementor-widget-container\">\n\t\t\t\t\t<h2 class=\"elementor-heading-title elementor-size-default\">ZM 300-310<\/h2>\t\t\t\t<\/div>\n\t\t\t\t<\/div>\n\t\t\t\t<div class=\"elementor-element elementor-element-ec9bf68 elementor-widget elementor-widget-image\" data-id=\"ec9bf68\" data-element_type=\"widget\" data-e-type=\"widget\" data-widget_type=\"image.default\">\n\t\t\t\t<div class=\"elementor-widget-container\">\n\t\t\t\t\t\t\t\t\t\t\t\t\t\t\t<img decoding=\"async\" width=\"325\" height=\"225\" src=\"https:\/\/www.capotex.com\/wp-content\/uploads\/2023\/05\/ZM-300-310-conveyor-belt-cover.jpeg\" class=\"attachment-full size-full wp-image-530\" alt=\"ZM 300-310 conveyor belt cover\" srcset=\"https:\/\/www.capotex.com\/wp-content\/uploads\/2023\/05\/ZM-300-310-conveyor-belt-cover.jpeg 325w, https:\/\/www.capotex.com\/wp-content\/uploads\/2023\/05\/ZM-300-310-conveyor-belt-cover-300x208.jpeg 300w\" sizes=\"(max-width: 325px) 100vw, 325px\" \/>\t\t\t\t\t\t\t\t\t\t\t\t\t\t\t<\/div>\n\t\t\t\t<\/div>\n\t\t\t\t<div class=\"elementor-element elementor-element-dca6a18 elementor-widget elementor-widget-text-editor\" data-id=\"dca6a18\" data-element_type=\"widget\" data-e-type=\"widget\" data-widget_type=\"text-editor.default\">\n\t\t\t\t<div class=\"elementor-widget-container\">\n\t\t\t\t\t\t\t\t\t<p>ZM 300-310 ist eine au\u00dfergew\u00f6hnliche metallische Beschichtung, die einen Durchbruch beim <strong>Korrosionsschutz<\/strong> darstellt. Diese Beschichtung ist auch die <strong>beste Wahl<\/strong> f\u00fcr eine breite Palette von Anwendungen.<\/p>\n<p>Aufgrund ihrer einzigartigen Zusammensetzung bietet die Beschichtung ZM 300-310 einen beispiellosen Oberfl\u00e4chen- und Schneidkantenschutz, selbst in den <strong>widrigsten Umgebungen<\/strong>. Es wird auf einer klassischen Feuerverzinkungsanlage hergestellt, aber das geschmolzene Bad hat eine einzigartige chemische Zusammensetzung mit Zink, 3,5 % Aluminium und 3 % Magnesium.<\/p>\n<p>Hervorragende Korrosionsbest\u00e4ndigkeit auch in rauen Umgebungen. Dieses Material ist l\u00e4nger korrosionsbest\u00e4ndig als verzinkte Standardprodukte und \u00fcbertrifft Beschichtungen, die weniger Magnesium enthalten.<\/p>\n<p><strong>ZM 300-310 ist das einzige Metallbeschichtungsprodukt, das f\u00fcr den Einsatz in C4-, C5- und C5M-Umgebungen zertifiziert ist.<\/strong><\/p>\n\t\t\t\t\t\t\t\t<\/div>\n\t\t\t\t<\/div>\n\t\t\t\t<\/div>\n\t\t\t\t\t<\/div>\n\t\t\t\t<\/div>\n\t\t<div class=\"elementor-element elementor-element-f621bcd e-flex e-con-boxed e-con e-parent\" data-id=\"f621bcd\" data-element_type=\"container\" data-e-type=\"container\">\n\t\t\t\t\t<div class=\"e-con-inner\">\n\t\t<div class=\"elementor-element elementor-element-c977dcd e-con-full e-flex e-con e-child\" data-id=\"c977dcd\" data-element_type=\"container\" data-e-type=\"container\" data-settings=\"{&quot;background_background&quot;:&quot;classic&quot;}\">\n\t\t\t\t<div class=\"elementor-element elementor-element-2c28462 elementor-widget elementor-widget-heading\" data-id=\"2c28462\" data-element_type=\"widget\" data-e-type=\"widget\" data-widget_type=\"heading.default\">\n\t\t\t\t<div class=\"elementor-widget-container\">\n\t\t\t\t\t<h2 class=\"elementor-heading-title elementor-size-default\">Vorlackierter Stahl<\/h2>\t\t\t\t<\/div>\n\t\t\t\t<\/div>\n\t\t\t\t<div class=\"elementor-element elementor-element-2a110b9 elementor-widget elementor-widget-image\" data-id=\"2a110b9\" data-element_type=\"widget\" data-e-type=\"widget\" data-widget_type=\"image.default\">\n\t\t\t\t<div class=\"elementor-widget-container\">\n\t\t\t\t\t\t\t\t\t\t\t\t\t\t\t<img decoding=\"async\" width=\"480\" height=\"322\" src=\"https:\/\/www.capotex.com\/wp-content\/uploads\/2024\/06\/Materialien-fur-forderband-abdeckung.webp\" class=\"attachment-full size-full wp-image-34150\" alt=\"\" srcset=\"https:\/\/www.capotex.com\/wp-content\/uploads\/2024\/06\/Materialien-fur-forderband-abdeckung.webp 480w, https:\/\/www.capotex.com\/wp-content\/uploads\/2024\/06\/Materialien-fur-forderband-abdeckung-300x201.webp 300w\" sizes=\"(max-width: 480px) 100vw, 480px\" \/>\t\t\t\t\t\t\t\t\t\t\t\t\t\t\t<\/div>\n\t\t\t\t<\/div>\n\t\t\t\t<div class=\"elementor-element elementor-element-1b5d1e3 elementor-widget elementor-widget-text-editor\" data-id=\"1b5d1e3\" data-element_type=\"widget\" data-e-type=\"widget\" data-widget_type=\"text-editor.default\">\n\t\t\t\t<div class=\"elementor-widget-container\">\n\t\t\t\t\t\t\t\t\t<p>Sie wird durch Abdeckhauben aus verzinktem Stahlblech mit <strong>ofengetrockneter Farbe<\/strong> unterschiedlicher Qualit\u00e4t hergestellt.<\/p>\n<p>Die Farbschicht sch\u00fctzt den Zink\u00fcberzug, der wiederum den Stahl sch\u00fctzt, wodurch ein Produkt mit <strong>hoher Korrosionsbest\u00e4ndigkeit<\/strong> entsteht.<\/p>\n<p>Die vorhandene breite <strong>Farbpalette<\/strong> bietet die M\u00f6glichkeit, die Abdeckhauben mit ihrer Umgebung und den anderen Installationen zu harmonisieren.<\/p>\n<p>Schlagfestigkeit und Steifigkeit entsprechen denen von verzinktem Stahl.<\/p>\n<p><strong>Dicke 0,6 mm und 0,8 mm.<\/strong><\/p>\n\t\t\t\t\t\t\t\t<\/div>\n\t\t\t\t<\/div>\n\t\t\t\t<\/div>\n\t\t<div class=\"elementor-element elementor-element-6ee79cb e-con-full e-flex e-con e-child\" data-id=\"6ee79cb\" data-element_type=\"container\" data-e-type=\"container\" data-settings=\"{&quot;background_background&quot;:&quot;classic&quot;}\">\n\t\t\t\t<div class=\"elementor-element elementor-element-67169a2 elementor-widget elementor-widget-heading\" data-id=\"67169a2\" data-element_type=\"widget\" data-e-type=\"widget\" data-widget_type=\"heading.default\">\n\t\t\t\t<div class=\"elementor-widget-container\">\n\t\t\t\t\t<h2 class=\"elementor-heading-title elementor-size-default\">HPS 200 Hochleistungsstahl<\/h2>\t\t\t\t<\/div>\n\t\t\t\t<\/div>\n\t\t\t\t<div class=\"elementor-element elementor-element-11863c3 elementor-widget elementor-widget-image\" data-id=\"11863c3\" data-element_type=\"widget\" data-e-type=\"widget\" data-widget_type=\"image.default\">\n\t\t\t\t<div class=\"elementor-widget-container\">\n\t\t\t\t\t\t\t\t\t\t\t\t\t\t\t<img loading=\"lazy\" decoding=\"async\" width=\"480\" height=\"640\" src=\"https:\/\/www.capotex.com\/wp-content\/uploads\/2023\/05\/HPS200-steel-conveyor-belt-cover.jpg\" class=\"attachment-full size-full wp-image-1165\" alt=\"HPS 200 conveyor belt cover\" srcset=\"https:\/\/www.capotex.com\/wp-content\/uploads\/2023\/05\/HPS200-steel-conveyor-belt-cover.jpg 480w, https:\/\/www.capotex.com\/wp-content\/uploads\/2023\/05\/HPS200-steel-conveyor-belt-cover-225x300.jpg 225w\" sizes=\"(max-width: 480px) 100vw, 480px\" \/>\t\t\t\t\t\t\t\t\t\t\t\t\t\t\t<\/div>\n\t\t\t\t<\/div>\n\t\t\t\t<div class=\"elementor-element elementor-element-3cb2509 elementor-widget elementor-widget-text-editor\" data-id=\"3cb2509\" data-element_type=\"widget\" data-e-type=\"widget\" data-widget_type=\"text-editor.default\">\n\t\t\t\t<div class=\"elementor-widget-container\">\n\t\t\t\t\t\t\t\t\t<p>Colorcoat HPS200 Ultra verwendet eine Galvalloy-Metallic-Beschichtung, die aus einer speziellen Mischung von 95% Zink besteht.<br \/>(Zn) und 5% Aluminium (Al) und bietet Korrosionsschutz, auch an Schnittkanten.<\/p>\n<p>Die einzigartige Topcoat-Formulierung (nominal 200 Mikrometer) nutzt die f\u00fchrende Polymertechnologie,<br \/>das Abrieb-, Chemikalien- und UV-Best\u00e4ndigkeit bietet.<\/p>\n\t\t\t\t\t\t\t\t<\/div>\n\t\t\t\t<\/div>\n\t\t\t\t<\/div>\n\t\t\t\t\t<\/div>\n\t\t\t\t<\/div>\n\t\t<div class=\"elementor-element elementor-element-c8dccfc e-flex e-con-boxed e-con e-parent\" data-id=\"c8dccfc\" data-element_type=\"container\" data-e-type=\"container\">\n\t\t\t\t\t<div class=\"e-con-inner\">\n\t\t<div class=\"elementor-element elementor-element-e44d522 e-con-full e-flex e-con e-child\" data-id=\"e44d522\" data-element_type=\"container\" data-e-type=\"container\" data-settings=\"{&quot;background_background&quot;:&quot;classic&quot;}\">\n\t\t\t\t<div class=\"elementor-element elementor-element-cbd885c elementor-widget elementor-widget-heading\" data-id=\"cbd885c\" data-element_type=\"widget\" data-e-type=\"widget\" data-widget_type=\"heading.default\">\n\t\t\t\t<div class=\"elementor-widget-container\">\n\t\t\t\t\t<h2 class=\"elementor-heading-title elementor-size-default\">Rostfreier Stahl 304<\/h2>\t\t\t\t<\/div>\n\t\t\t\t<\/div>\n\t\t\t\t<div class=\"elementor-element elementor-element-37542c3 elementor-widget elementor-widget-image\" data-id=\"37542c3\" data-element_type=\"widget\" data-e-type=\"widget\" data-widget_type=\"image.default\">\n\t\t\t\t<div class=\"elementor-widget-container\">\n\t\t\t\t\t\t\t\t\t\t\t\t\t\t\t<img loading=\"lazy\" decoding=\"async\" width=\"325\" height=\"225\" src=\"https:\/\/www.capotex.com\/wp-content\/uploads\/2023\/05\/Galvanized-steel-conveyor-belt-cover.jpg\" class=\"attachment-full size-full wp-image-510\" alt=\"Galvanized steel conveyor belt cover\" srcset=\"https:\/\/www.capotex.com\/wp-content\/uploads\/2023\/05\/Galvanized-steel-conveyor-belt-cover.jpg 325w, https:\/\/www.capotex.com\/wp-content\/uploads\/2023\/05\/Galvanized-steel-conveyor-belt-cover-300x208.jpg 300w\" sizes=\"(max-width: 325px) 100vw, 325px\" \/>\t\t\t\t\t\t\t\t\t\t\t\t\t\t\t<\/div>\n\t\t\t\t<\/div>\n\t\t\t\t<div class=\"elementor-element elementor-element-49e8dd6 elementor-widget elementor-widget-text-editor\" data-id=\"49e8dd6\" data-element_type=\"widget\" data-e-type=\"widget\" data-widget_type=\"text-editor.default\">\n\t\t\t\t<div class=\"elementor-widget-container\">\n\t\t\t\t\t\t\t\t\t<p>Der rostfreie Stahl 304 ist <strong>sehr korrosionsbest\u00e4ndig<\/strong>. Besonders empfohlen f\u00fcr sehr korrosive Umgebungen (Marine), Chemie- und Lebensmittelindustrie.<\/p>\n<p><strong>Ausgezeichnete Z\u00e4higkeit<\/strong>: Hohe Schlagz\u00e4higkeit.<\/p>\n<p><strong>Hygienisch<\/strong>: daher empfohlen (in einigen L\u00e4ndern gesetzlich vorgeschrieben) f\u00fcr Lebensmittelf\u00f6rderer. Es eignet sich auch zum Abdeckhauben von Chemikalien, bei denen eine Kontamination vermieden werden muss.<\/p>\n<p><strong>Dicke 0,6 mm.<\/strong><\/p>\n\t\t\t\t\t\t\t\t<\/div>\n\t\t\t\t<\/div>\n\t\t\t\t<\/div>\n\t\t<div class=\"elementor-element elementor-element-35f6f69 e-con-full e-flex e-con e-child\" data-id=\"35f6f69\" data-element_type=\"container\" data-e-type=\"container\" data-settings=\"{&quot;background_background&quot;:&quot;classic&quot;}\">\n\t\t\t\t<div class=\"elementor-element elementor-element-00d4c6f elementor-widget elementor-widget-heading\" data-id=\"00d4c6f\" data-element_type=\"widget\" data-e-type=\"widget\" data-widget_type=\"heading.default\">\n\t\t\t\t<div class=\"elementor-widget-container\">\n\t\t\t\t\t<h2 class=\"elementor-heading-title elementor-size-default\">Rostfreier Stahl 316<\/h2>\t\t\t\t<\/div>\n\t\t\t\t<\/div>\n\t\t\t\t<div class=\"elementor-element elementor-element-22a6a62 elementor-widget elementor-widget-image\" data-id=\"22a6a62\" data-element_type=\"widget\" data-e-type=\"widget\" data-widget_type=\"image.default\">\n\t\t\t\t<div class=\"elementor-widget-container\">\n\t\t\t\t\t\t\t\t\t\t\t\t\t\t\t<img loading=\"lazy\" decoding=\"async\" width=\"325\" height=\"225\" src=\"https:\/\/www.capotex.com\/wp-content\/uploads\/2023\/05\/Galvanized-steel-conveyor-belt-cover.jpg\" class=\"attachment-full size-full wp-image-510\" alt=\"Galvanized steel conveyor belt cover\" srcset=\"https:\/\/www.capotex.com\/wp-content\/uploads\/2023\/05\/Galvanized-steel-conveyor-belt-cover.jpg 325w, https:\/\/www.capotex.com\/wp-content\/uploads\/2023\/05\/Galvanized-steel-conveyor-belt-cover-300x208.jpg 300w\" sizes=\"(max-width: 325px) 100vw, 325px\" \/>\t\t\t\t\t\t\t\t\t\t\t\t\t\t\t<\/div>\n\t\t\t\t<\/div>\n\t\t\t\t<div class=\"elementor-element elementor-element-b9f3833 elementor-widget elementor-widget-text-editor\" data-id=\"b9f3833\" data-element_type=\"widget\" data-e-type=\"widget\" data-widget_type=\"text-editor.default\">\n\t\t\t\t<div class=\"elementor-widget-container\">\n\t\t\t\t\t\t\t\t\t<p>Der rostfreie Stahl 316 ist <strong>\u00e4u\u00dferst korrosionsbest\u00e4ndig<\/strong>. Besonders empfohlen f\u00fcr sehr korrosive Umgebungen (Marine), Chemie- und Lebensmittelindustrie.<\/p>\n<p><strong>Ausgezeichnete Z\u00e4higkeit<\/strong>: Hohe Schlagz\u00e4higkeit.<\/p>\n<p><strong>Hygienisch<\/strong>: daher empfohlen (in einigen L\u00e4ndern gesetzlich vorgeschrieben) f\u00fcr Lebensmittelf\u00f6rderer. Es eignet sich auch zum Abdeckhauben von Chemikalien, bei denen eine Kontamination vermieden werden muss.<\/p>\n<p><strong>Dicke 0,6 mm.<\/strong><\/p>\n\t\t\t\t\t\t\t\t<\/div>\n\t\t\t\t<\/div>\n\t\t\t\t<\/div>\n\t\t\t\t\t<\/div>\n\t\t\t\t<\/div>\n\t\t<div class=\"elementor-element elementor-element-7e9d41c e-flex e-con-boxed e-con e-parent\" data-id=\"7e9d41c\" data-element_type=\"container\" data-e-type=\"container\">\n\t\t\t\t\t<div class=\"e-con-inner\">\n\t\t<div class=\"elementor-element elementor-element-3ec207f e-con-full e-flex e-con e-child\" data-id=\"3ec207f\" data-element_type=\"container\" data-e-type=\"container\" data-settings=\"{&quot;background_background&quot;:&quot;classic&quot;}\">\n\t\t\t\t<div class=\"elementor-element elementor-element-d26a6f2 elementor-widget elementor-widget-heading\" data-id=\"d26a6f2\" data-element_type=\"widget\" data-e-type=\"widget\" data-widget_type=\"heading.default\">\n\t\t\t\t<div class=\"elementor-widget-container\">\n\t\t\t\t\t<h2 class=\"elementor-heading-title elementor-size-default\">Faserverst\u00e4rktes Polyester<\/h2>\t\t\t\t<\/div>\n\t\t\t\t<\/div>\n\t\t\t\t<div class=\"elementor-element elementor-element-468704a elementor-widget elementor-widget-image\" data-id=\"468704a\" data-element_type=\"widget\" data-e-type=\"widget\" data-widget_type=\"image.default\">\n\t\t\t\t<div class=\"elementor-widget-container\">\n\t\t\t\t\t\t\t\t\t\t\t\t\t\t\t<img loading=\"lazy\" decoding=\"async\" width=\"325\" height=\"225\" src=\"https:\/\/www.capotex.com\/wp-content\/uploads\/2023\/05\/Fiber-reincorced-polyester-conveyor-belt-cover.jpg\" class=\"attachment-full size-full wp-image-563\" alt=\"Fiber reincorced polyester conveyor belt cover\" srcset=\"https:\/\/www.capotex.com\/wp-content\/uploads\/2023\/05\/Fiber-reincorced-polyester-conveyor-belt-cover.jpg 325w, https:\/\/www.capotex.com\/wp-content\/uploads\/2023\/05\/Fiber-reincorced-polyester-conveyor-belt-cover-300x208.jpg 300w\" sizes=\"(max-width: 325px) 100vw, 325px\" \/>\t\t\t\t\t\t\t\t\t\t\t\t\t\t\t<\/div>\n\t\t\t\t<\/div>\n\t\t\t\t<div class=\"elementor-element elementor-element-2a133f2 elementor-widget elementor-widget-text-editor\" data-id=\"2a133f2\" data-element_type=\"widget\" data-e-type=\"widget\" data-widget_type=\"text-editor.default\">\n\t\t\t\t<div class=\"elementor-widget-container\">\n\t\t\t\t\t\t\t\t\t<p>Glasfaserverst\u00e4rktes Polyester ist besonders <strong>korrosionsbest\u00e4ndig<\/strong>, sein <strong>geringes Gewicht<\/strong> und die M\u00f6glichkeit, die Farbe der Oberfl\u00e4che zu w\u00e4hlen, machen es f\u00fcr bestimmte Anwendungen einzigartig.<\/p>\n<p>Es handelt sich um einen Kunststoff, der durch Impr\u00e4gnieren von Glasfasern mit Polyesterharz und Aufspr\u00fchen dieses Gemischs auf Formen mit den gew\u00fcnschten Formen gewonnen wird, wobei das Verfahren mit einer Gelschicht zum Schutz vor Sonnenlicht abgeschlossen wird.<\/p>\n<p>Glasfaser wird besonders f\u00fcr <strong>aggressive Umgebungen<\/strong> empfohlen, wie z. B. salzhaltige Atmosph\u00e4ren, Transport korrosiver Materialien usw.<\/p>\n<p><strong>Sie kann in jeder beliebigen Farbe lackiert werden<\/strong>, und es k\u00f6nnen sogar verschiedene Farben auf derselben Abdeckhaube kombiniert werden, so dass auch <strong>Logos oder Markenzeichen<\/strong> eingearbeitet werden k\u00f6nnen.<\/p>\n<p>Es weist eine gute Schlagfestigkeit und Steifigkeit auf, ohne jedoch die Werte von Metallen zu erreichen.<\/p>\n<p>Dicke &gt; 2mm<\/p>\n\t\t\t\t\t\t\t\t<\/div>\n\t\t\t\t<\/div>\n\t\t\t\t<\/div>\n\t\t<div class=\"elementor-element elementor-element-9d2e07e e-con-full e-flex e-con e-child\" data-id=\"9d2e07e\" data-element_type=\"container\" data-e-type=\"container\" data-settings=\"{&quot;background_background&quot;:&quot;classic&quot;}\">\n\t\t\t\t<div class=\"elementor-element elementor-element-22c96d2 elementor-widget elementor-widget-heading\" data-id=\"22c96d2\" data-element_type=\"widget\" data-e-type=\"widget\" data-widget_type=\"heading.default\">\n\t\t\t\t<div class=\"elementor-widget-container\">\n\t\t\t\t\t<h2 class=\"elementor-heading-title elementor-size-default\">Aluminium<\/h2>\t\t\t\t<\/div>\n\t\t\t\t<\/div>\n\t\t\t\t<div class=\"elementor-element elementor-element-bbed900 elementor-widget elementor-widget-image\" data-id=\"bbed900\" data-element_type=\"widget\" data-e-type=\"widget\" data-widget_type=\"image.default\">\n\t\t\t\t<div class=\"elementor-widget-container\">\n\t\t\t\t\t\t\t\t\t\t\t\t\t\t\t<img loading=\"lazy\" decoding=\"async\" width=\"354\" height=\"242\" src=\"https:\/\/www.capotex.com\/wp-content\/uploads\/2023\/05\/Aluminium-conveyor-belt-cover.webp\" class=\"attachment-full size-full wp-image-572\" alt=\"Aluminium conveyor belt cover\" srcset=\"https:\/\/www.capotex.com\/wp-content\/uploads\/2023\/05\/Aluminium-conveyor-belt-cover.webp 354w, https:\/\/www.capotex.com\/wp-content\/uploads\/2023\/05\/Aluminium-conveyor-belt-cover-300x205.webp 300w\" sizes=\"(max-width: 354px) 100vw, 354px\" \/>\t\t\t\t\t\t\t\t\t\t\t\t\t\t\t<\/div>\n\t\t\t\t<\/div>\n\t\t\t\t<div class=\"elementor-element elementor-element-08c78f2 elementor-widget elementor-widget-text-editor\" data-id=\"08c78f2\" data-element_type=\"widget\" data-e-type=\"widget\" data-widget_type=\"text-editor.default\">\n\t\t\t\t<div class=\"elementor-widget-container\">\n\t\t\t\t\t\t\t\t\t<p>Das Material der Abdeckhauben aus Aluminium zeichnet sich unter den metallischen Verbindungselementen durch seine <strong>Korrosionsbest\u00e4ndigkeit<\/strong> in bestimmten Umgebungen und sein <strong>geringeres Gewicht<\/strong> aus.<\/p>\n<p>Es handelt sich um eine Legierung aus Aluminium und anderen Metallen, die f\u00fcr jeden Einsatzzweck spezifische Eigenschaften aufweist.<\/p>\n<p>Im Vergleich zu verzinktem Stahl ist das Material der Abdeckhauben aus Aluminium g\u00fcnstiger:<\/p>\n<ul>\n<li><strong>Weniger widerstandsf\u00e4hig gegen St\u00f6\u00dfe<\/strong>.<\/li>\n<li><strong>Feuerzeug<\/strong>. Es ist etwa dreimal leichter als Stahl und daher leichter zu handhaben.<\/li>\n<li><strong>Widerstandsf\u00e4higer gegen Umweltkorrosion<\/strong> aufgrund seiner F\u00e4higkeit, eine Oxidschicht zu bilden, die das darunter liegende Aluminium sch\u00fctzt.<\/li>\n<li><strong>Vollst\u00e4ndig recycelbar<\/strong>.<\/li>\n<\/ul>\n<p>Die <strong>Steifigkeit des Abdeckhaubens<\/strong> wird durch die Faltung der beiden R\u00e4nder deutlich erh\u00f6ht, ein <strong>exklusives CAPOTEX-System<\/strong>, das diesem Material eine besondere Bedeutung verleiht.Text edi<\/p>\n<p><strong>Dicke 0,8 mm.<\/strong><\/p>\n\t\t\t\t\t\t\t\t<\/div>\n\t\t\t\t<\/div>\n\t\t\t\t<\/div>\n\t\t\t\t\t<\/div>\n\t\t\t\t<\/div>\n\t\t\t\t<\/div>\n\t\t","protected":false},"excerpt":{"rendered":"<p>Materialien f\u00fcr f\u00f6rderband abdeckung Verzinkter Stahl Der verzinkte Stahl wird durch Beschichtung eines kaltgewalzten Stahlbandes durch Eintauchen in ein geschmolzenes Zinkbad gewonnen. Dieses Stahlblech wird gewellt und gebogen, um die Abdeckhaube zu bilden. Zink korrodiert 20- bis 40-mal langsamer als Stahl und ist somit vor Umwelteinfl\u00fcssen gesch\u00fctzt. Verzinkte Stahlbefestigungen sind aufgrund der Eigenh\u00e4rte des Stahls [&hellip;]<\/p>\n","protected":false},"author":1,"featured_media":549,"parent":26272,"menu_order":30,"comment_status":"closed","ping_status":"closed","template":"","meta":{"_joinchat":[],"footnotes":""},"tags":[66],"class_list":["post-26415","page","type-page","status-publish","has-post-thumbnail","hentry","tag-capotexprodukte"],"_links":{"self":[{"href":"https:\/\/www.capotex.com\/de\/wp-json\/wp\/v2\/pages\/26415","targetHints":{"allow":["GET"]}}],"collection":[{"href":"https:\/\/www.capotex.com\/de\/wp-json\/wp\/v2\/pages"}],"about":[{"href":"https:\/\/www.capotex.com\/de\/wp-json\/wp\/v2\/types\/page"}],"author":[{"embeddable":true,"href":"https:\/\/www.capotex.com\/de\/wp-json\/wp\/v2\/users\/1"}],"replies":[{"embeddable":true,"href":"https:\/\/www.capotex.com\/de\/wp-json\/wp\/v2\/comments?post=26415"}],"version-history":[{"count":18,"href":"https:\/\/www.capotex.com\/de\/wp-json\/wp\/v2\/pages\/26415\/revisions"}],"predecessor-version":[{"id":34165,"href":"https:\/\/www.capotex.com\/de\/wp-json\/wp\/v2\/pages\/26415\/revisions\/34165"}],"up":[{"embeddable":true,"href":"https:\/\/www.capotex.com\/de\/wp-json\/wp\/v2\/pages\/26272"}],"wp:featuredmedia":[{"embeddable":true,"href":"https:\/\/www.capotex.com\/de\/wp-json\/wp\/v2\/media\/549"}],"wp:attachment":[{"href":"https:\/\/www.capotex.com\/de\/wp-json\/wp\/v2\/media?parent=26415"}],"wp:term":[{"taxonomy":"post_tag","embeddable":true,"href":"https:\/\/www.capotex.com\/de\/wp-json\/wp\/v2\/tags?post=26415"}],"curies":[{"name":"wp","href":"https:\/\/api.w.org\/{rel}","templated":true}]}}