{"id":26427,"date":"2023-05-17T08:38:13","date_gmt":"2023-05-17T07:38:13","guid":{"rendered":"https:\/\/capotex.com\/produkte\/standard-modelle\/durban\/"},"modified":"2024-06-27T09:40:38","modified_gmt":"2024-06-27T08:40:38","slug":"durban","status":"publish","type":"page","link":"https:\/\/www.capotex.com\/de\/abdeckhauben-fur-forderbander\/forderband-haube\/durban\/","title":{"rendered":"Durban"},"content":{"rendered":"\t\t<div data-elementor-type=\"wp-page\" data-elementor-id=\"26427\" class=\"elementor elementor-26427 elementor-1956\" data-elementor-post-type=\"page\">\n\t\t\t\t<div class=\"elementor-element elementor-element-b5b3825 e-flex e-con-boxed e-con e-parent\" data-id=\"b5b3825\" data-element_type=\"container\" data-e-type=\"container\">\n\t\t\t\t\t<div class=\"e-con-inner\">\n\t\t<div class=\"elementor-element elementor-element-b94dc60 e-con-full e-flex e-con e-child\" data-id=\"b94dc60\" data-element_type=\"container\" data-e-type=\"container\">\n\t\t\t\t<div class=\"elementor-element elementor-element-4b8f648 elementor-widget elementor-widget-image\" data-id=\"4b8f648\" data-element_type=\"widget\" data-e-type=\"widget\" data-widget_type=\"image.default\">\n\t\t\t\t<div class=\"elementor-widget-container\">\n\t\t\t\t\t\t\t\t\t\t\t\t\t\t\t<img fetchpriority=\"high\" decoding=\"async\" width=\"600\" height=\"329\" src=\"https:\/\/www.capotex.com\/wp-content\/uploads\/2024\/06\/Abdeckhaube-von-Forderbandern-Durban.webp\" class=\"attachment-full size-full wp-image-33876\" alt=\"Abdeckhaube von F\u00f6rderb\u00e4ndern Durban\" srcset=\"https:\/\/www.capotex.com\/wp-content\/uploads\/2024\/06\/Abdeckhaube-von-Forderbandern-Durban.webp 600w, https:\/\/www.capotex.com\/wp-content\/uploads\/2024\/06\/Abdeckhaube-von-Forderbandern-Durban-300x165.webp 300w\" sizes=\"(max-width: 600px) 100vw, 600px\" \/>\t\t\t\t\t\t\t\t\t\t\t\t\t\t\t<\/div>\n\t\t\t\t<\/div>\n\t\t\t\t<\/div>\n\t\t\t\t\t<\/div>\n\t\t\t\t<\/div>\n\t\t<div class=\"elementor-element elementor-element-98af90d e-flex e-con-boxed e-con e-parent\" data-id=\"98af90d\" data-element_type=\"container\" data-e-type=\"container\">\n\t\t\t\t\t<div class=\"e-con-inner\">\n\t\t<div class=\"elementor-element elementor-element-77be394 e-con-full e-flex e-con e-child\" data-id=\"77be394\" data-element_type=\"container\" data-e-type=\"container\">\n\t\t\t\t<div class=\"elementor-element elementor-element-a365349 elementor-widget elementor-widget-heading\" data-id=\"a365349\" data-element_type=\"widget\" data-e-type=\"widget\" data-widget_type=\"heading.default\">\n\t\t\t\t<div class=\"elementor-widget-container\">\n\t\t\t\t\t<h2 class=\"elementor-heading-title elementor-size-default\">Durban (feststehend und auf einer Seite offen)<\/h2>\t\t\t\t<\/div>\n\t\t\t\t<\/div>\n\t\t\t\t<div class=\"elementor-element elementor-element-da7eaa1 elementor-widget elementor-widget-text-editor\" data-id=\"da7eaa1\" data-element_type=\"widget\" data-e-type=\"widget\" data-widget_type=\"text-editor.default\">\n\t\t\t\t<div class=\"elementor-widget-container\">\n\t\t\t\t\t\t\t\t\t<p>Die Abdeckhauben von Durban bieten einen visuellen und manuellen Zugang von <strong>einer Seite<\/strong> des Bandes, ohne dass etwas demontiert werden muss. Sie sch\u00fctzt das Band von einer Seite vor Regen und Wind und l\u00e4sst gleichzeitig genug Platz, um das Band anzuheben und die Rollen auszutauschen.<\/p>\t\t\t\t\t\t\t\t<\/div>\n\t\t\t\t<\/div>\n\t\t\t\t<div class=\"elementor-element elementor-element-a66819f elementor-widget elementor-widget-image\" data-id=\"a66819f\" data-element_type=\"widget\" data-e-type=\"widget\" data-widget_type=\"image.default\">\n\t\t\t\t<div class=\"elementor-widget-container\">\n\t\t\t\t\t\t\t\t\t\t\t\t<figure class=\"wp-caption\">\n\t\t\t\t\t\t\t\t\t\t\t<a href=\"https:\/\/www.capotex.com\/wp-content\/uploads\/2023\/07\/Durban-Classic-DE.pdf\" target=\"_blank\">\n\t\t\t\t\t\t\t<img decoding=\"async\" width=\"428\" height=\"303\" src=\"https:\/\/www.capotex.com\/wp-content\/uploads\/2023\/07\/Durban-Classic-cover.jpg\" class=\"attachment-full size-full wp-image-27323\" alt=\"\" srcset=\"https:\/\/www.capotex.com\/wp-content\/uploads\/2023\/07\/Durban-Classic-cover.jpg 428w, https:\/\/www.capotex.com\/wp-content\/uploads\/2023\/07\/Durban-Classic-cover-300x212.jpg 300w\" sizes=\"(max-width: 428px) 100vw, 428px\" \/>\t\t\t\t\t\t\t\t<\/a>\n\t\t\t\t\t\t\t\t\t\t\t<figcaption class=\"widget-image-caption wp-caption-text\">Download des Kr\u00fcmmungsplans \"Classic\" als pdf-Datei<\/figcaption>\n\t\t\t\t\t\t\t\t\t\t<\/figure>\n\t\t\t\t\t\t\t\t\t<\/div>\n\t\t\t\t<\/div>\n\t\t\t\t<\/div>\n\t\t\t\t\t<\/div>\n\t\t\t\t<\/div>\n\t\t<div class=\"elementor-element elementor-element-e1707d5 elementor-hidden-mobile e-flex e-con-boxed e-con e-parent\" data-id=\"e1707d5\" data-element_type=\"container\" data-e-type=\"container\">\n\t\t\t\t\t<div class=\"e-con-inner\">\n\t\t<div class=\"elementor-element elementor-element-a2049fa e-con-full e-flex e-con e-child\" data-id=\"a2049fa\" data-element_type=\"container\" data-e-type=\"container\">\n\t\t\t\t<div class=\"elementor-element elementor-element-5c1ee03 elementor-tabs-view-horizontal elementor-widget elementor-widget-tabs\" data-id=\"5c1ee03\" data-element_type=\"widget\" data-e-type=\"widget\" data-widget_type=\"tabs.default\">\n\t\t\t\t<div class=\"elementor-widget-container\">\n\t\t\t\t\t\t\t<div class=\"elementor-tabs\">\n\t\t\t<div class=\"elementor-tabs-wrapper\" role=\"tablist\" >\n\t\t\t\t\t\t\t\t\t<div id=\"elementor-tab-title-9651\" class=\"elementor-tab-title elementor-tab-desktop-title\" aria-selected=\"true\" data-tab=\"1\" role=\"tab\" tabindex=\"0\" aria-controls=\"elementor-tab-content-9651\" aria-expanded=\"false\">Merkmale<\/div>\n\t\t\t\t\t\t\t\t\t<div id=\"elementor-tab-title-9652\" class=\"elementor-tab-title elementor-tab-desktop-title\" aria-selected=\"false\" data-tab=\"2\" role=\"tab\" tabindex=\"-1\" aria-controls=\"elementor-tab-content-9652\" aria-expanded=\"false\">Einbauanleitung<\/div>\n\t\t\t\t\t\t\t\t\t<div id=\"elementor-tab-title-9653\" class=\"elementor-tab-title elementor-tab-desktop-title\" aria-selected=\"false\" data-tab=\"3\" role=\"tab\" tabindex=\"-1\" aria-controls=\"elementor-tab-content-9653\" aria-expanded=\"false\">Befestigungen<\/div>\n\t\t\t\t\t\t\t<\/div>\n\t\t\t<div class=\"elementor-tabs-content-wrapper\" role=\"tablist\" aria-orientation=\"vertical\">\n\t\t\t\t\t\t\t\t\t<div class=\"elementor-tab-title elementor-tab-mobile-title\" aria-selected=\"true\" data-tab=\"1\" role=\"tab\" tabindex=\"0\" aria-controls=\"elementor-tab-content-9651\" aria-expanded=\"false\">Merkmale<\/div>\n\t\t\t\t\t<div id=\"elementor-tab-content-9651\" class=\"elementor-tab-content elementor-clearfix\" data-tab=\"1\" role=\"tabpanel\" aria-labelledby=\"elementor-tab-title-9651\" tabindex=\"0\" hidden=\"false\"><p><strong>Einseitiger Inspektionszugang<\/strong>: Die Abdeckhaube deckt die Oberseite und eine Seite des F\u00f6rderbandes ab, so dass eine Seite f\u00fcr die Wartung frei bleibt.<br \/>Demontierbar: Die Abdeckhaube des Durban kann durch L\u00f6sen der Schrauben vollst\u00e4ndig entfernt werden, so dass das F\u00f6rderband v\u00f6llig frei liegt. Ohne jegliche Strukturen oder Hindernisse.<\/p>\n<p><strong>Selbsttragend<\/strong>: Er ben\u00f6tigt keine Struktur.<\/p>\n<p><strong>Schnell und einfach zu installieren<\/strong>: er passt sich praktisch allen F\u00f6rderb\u00e4ndern an.<\/p>\n<\/div>\n\t\t\t\t\t\t\t\t\t<div class=\"elementor-tab-title elementor-tab-mobile-title\" aria-selected=\"false\" data-tab=\"2\" role=\"tab\" tabindex=\"-1\" aria-controls=\"elementor-tab-content-9652\" aria-expanded=\"false\">Einbauanleitung<\/div>\n\t\t\t\t\t<div id=\"elementor-tab-content-9652\" class=\"elementor-tab-content elementor-clearfix\" data-tab=\"2\" role=\"tabpanel\" aria-labelledby=\"elementor-tab-title-9652\" tabindex=\"0\" hidden=\"hidden\"><p>\t\t<div data-elementor-type=\"section\" data-elementor-id=\"26719\" class=\"elementor elementor-26719 elementor-786 elementor-786\" data-elementor-post-type=\"elementor_library\">\n\t\t\t\t\t<section class=\"elementor-section elementor-top-section elementor-element elementor-element-8113074 elementor-section-boxed elementor-section-height-default elementor-section-height-default\" data-id=\"8113074\" data-element_type=\"section\" data-e-type=\"section\">\n\t\t\t\t\t\t<div class=\"elementor-container elementor-column-gap-default\">\n\t\t\t\t\t<div class=\"elementor-column elementor-col-100 elementor-top-column elementor-element elementor-element-a806e24\" data-id=\"a806e24\" data-element_type=\"column\" data-e-type=\"column\">\n\t\t\t<div class=\"elementor-widget-wrap elementor-element-populated\">\n\t\t\t\t\t\t<div class=\"elementor-element elementor-element-812b775 elementor-widget elementor-widget-text-editor\" data-id=\"812b775\" data-element_type=\"widget\" data-e-type=\"widget\" data-widget_type=\"text-editor.default\">\n\t\t\t\t<div class=\"elementor-widget-container\">\n\t\t\t\t\t\t\t\t\t<p><strong>Schrauben Sie einige 180\u00ba-Abdeckungen direkt auf das Fundament des F\u00f6rderbands<\/strong>. Es wird empfohlen, dass 40x40mm. Die Stahlwinkel sind auf beiden Seiten des F\u00f6rderbandes angebracht.<\/p>\n<p><strong>Schrauben Sie die 140\u00ba-Abdeckungen<\/strong> mit selbstbohrenden Schrauben 5,5&#215;22 P16 <strong>auf die 180\u00ba-Abdeckungen<\/strong>.<\/p>\n<p><strong>Halten Sie das F\u00f6rderband an, bevor Sie mit der Installation beginnen.<\/strong><\/p>\n<p><strong>Erforderliches Werkzeug:<\/strong> elektrischer Schraubendreher mit 8-mm-Buchse.<\/p>\n<p><strong>Verwenden Sie die<\/strong> gesetzlich vorgeschriebene <strong>PSA<\/strong> (pers\u00f6nliche Schutzausr\u00fcstung). CAPOTEX empfiehlt die Verwendung von Handschuhen, Helm, Sicherheitsstiefeln, Geh\u00f6rschutz und Schwei\u00dfmaske (nur beim Schwei\u00dfen von Stahlplatten).<\/p>\n\t\t\t\t\t\t\t\t<\/div>\n\t\t\t\t<\/div>\n\t\t\t\t<div class=\"elementor-element elementor-element-1353447 elementor-widget elementor-widget-video\" data-id=\"1353447\" data-element_type=\"widget\" data-e-type=\"widget\" data-settings=\"{&quot;youtube_url&quot;:&quot;https:\\\/\\\/youtu.be\\\/1svz8IYB1Jk&quot;,&quot;mute&quot;:&quot;yes&quot;,&quot;lazy_load&quot;:&quot;yes&quot;,&quot;video_type&quot;:&quot;youtube&quot;,&quot;controls&quot;:&quot;yes&quot;}\" data-widget_type=\"video.default\">\n\t\t\t\t<div class=\"elementor-widget-container\">\n\t\t\t\t\t\t\t<div class=\"elementor-wrapper elementor-open-inline\">\n\t\t\t<div class=\"elementor-video\"><\/div>\t\t<\/div>\n\t\t\t\t\t\t<\/div>\n\t\t\t\t<\/div>\n\t\t\t\t\t<\/div>\n\t\t<\/div>\n\t\t\t\t\t<\/div>\n\t\t<\/section>\n\t\t\t\t<\/div>\n\t\t<\/p>\n<\/div>\n\t\t\t\t\t\t\t\t\t<div class=\"elementor-tab-title elementor-tab-mobile-title\" aria-selected=\"false\" data-tab=\"3\" role=\"tab\" tabindex=\"-1\" aria-controls=\"elementor-tab-content-9653\" aria-expanded=\"false\">Befestigungen<\/div>\n\t\t\t\t\t<div id=\"elementor-tab-content-9653\" class=\"elementor-tab-content elementor-clearfix\" data-tab=\"3\" role=\"tabpanel\" aria-labelledby=\"elementor-tab-title-9653\" tabindex=\"0\" hidden=\"hidden\"><table><tbody><tr style=\"background-color: #00678a; color: #f9fafa;\"><th>Modell<\/th><th>Form der Kr\u00fcmmung<\/th><th>Befestigung von<\/th><th>Foto<\/th><\/tr><tr><td>Durban<\/td><td><a href=\"https:\/\/www.capotex.com\/de\/abdeckhauben-fur-forderbander\/forderbandhaube\/\">Klassisch<\/a><\/td><td><a href=\"https:\/\/www.capotex.com\/de\/befestigungen-fur-forderbandern-abdeckhauben\/c5\/\">C-5 Selbstbohrende Schraube<\/a><\/td><td><a href=\"https:\/\/www.capotex.com\/de\/produkte\/befestigungen\/selbstbohrende-schraube-c5\/\"><img decoding=\"async\" src=\"https:\/\/www.capotex.com\/wp-content\/uploads\/2023\/05\/Capotex-fixings-C5-Self-Drilling-Screw.webp\" width=\"200\" \/><\/a><\/td><\/tr><tr><td>\u00a0<\/td><td>\u00a0<\/td><td><a href=\"https:\/\/www.capotex.com\/de\/befestigungen-fur-forderbandern-abdeckhauben\/c6\/\">C-6 Klemme<\/a><\/td><td><a href=\"https:\/\/www.capotex.com\/de\/produkte\/befestigungen\/klemme-c6\/\"><img decoding=\"async\" src=\"https:\/\/www.capotex.com\/wp-content\/uploads\/2023\/05\/Capotex-fixings-C6-Clamp.webp\" width=\"200\" \/><\/a><\/td><\/tr><tr><td>\u00a0<\/td><td>\u00a0<\/td><td><a href=\"https:\/\/www.capotex.com\/de\/befestigungen-fur-forderbandern-abdeckhauben\/c9\/\">C-9 Haken<\/a><\/td><td><a href=\"https:\/\/www.capotex.com\/de\/produkte\/befestigungen\/haken-c9\/\"><img decoding=\"async\" src=\"https:\/\/www.capotex.com\/wp-content\/uploads\/2023\/05\/Capotex-fixings-C9-Hook.webp\" width=\"200\" \/><\/a><\/td><\/tr><tr><td>\u00a0<\/td><td>\u00a0<\/td><td><a href=\"https:\/\/www.capotex.com\/de\/befestigungen-fur-forderbandern-abdeckhauben\/c7\/\">C-7 Ergonomischer Haken mit Gurt 1 oder 2 Haken mit oder ohne Platte<\/a><\/td><td><a href=\"https:\/\/www.capotex.com\/de\/produkte\/befestigungen\/ergonomischer-haken-mit-gurt-c7\/\"><img decoding=\"async\" src=\"https:\/\/www.capotex.com\/wp-content\/uploads\/2023\/05\/Capotex-fixings-C7-Ergonomic-Hook-w-Strap.webp\" width=\"100\" \/><\/a><\/td><\/tr><tr><td>\u00a0<\/td><td><a href=\"https:\/\/www.capotex.com\/de\/abdeckhauben-fur-forderbander\/forderbandhaube\/\">Plus<\/a><\/td><td><a href=\"https:\/\/www.capotex.com\/de\/befestigungen-fur-forderbandern-abdeckhauben\/c5\/\">C-5 Selbstbohrende Schraube<\/a><\/td><td><a href=\"https:\/\/www.capotex.com\/de\/produkte\/befestigungen\/selbstbohrende-schraube-c5\/\"><img decoding=\"async\" src=\"https:\/\/www.capotex.com\/wp-content\/uploads\/2023\/05\/Capotex-fixings-C5-Self-Drilling-Screw.webp\" width=\"200\" \/><\/a><\/td><\/tr><tr><td>\u00a0<\/td><td>\u00a0<\/td><td><a href=\"https:\/\/www.capotex.com\/de\/befestigungen-fur-forderbandern-abdeckhauben\/c6\/\">C-6 Klemme<\/a><\/td><td><a href=\"https:\/\/www.capotex.com\/de\/produkte\/befestigungen\/klemme-c6\/\"><img decoding=\"async\" src=\"https:\/\/www.capotex.com\/wp-content\/uploads\/2023\/05\/Capotex-fixings-C6-Clamp.webp\" width=\"200\" \/><\/a><\/td><\/tr><tr><td>\u00a0<\/td><td>\u00a0<\/td><td><a href=\"https:\/\/www.capotex.com\/de\/befestigungen-fur-forderbandern-abdeckhauben\/c9\/\">C-9 Haken<\/a><\/td><td><a href=\"https:\/\/www.capotex.com\/de\/produkte\/befestigungen\/haken-c9\/\"><img decoding=\"async\" src=\"https:\/\/www.capotex.com\/wp-content\/uploads\/2023\/05\/Capotex-fixings-C9-Hook.webp\" width=\"200\" \/><\/a><\/td><\/tr><tr><td>\u00a0<\/td><td>\u00a0<\/td><td><a href=\"https:\/\/www.capotex.com\/de\/befestigungen-fur-forderbandern-abdeckhauben\/c7\/\">C-7 Ergonomischer Haken mit Gurt 1 oder 2 Haken mit oder ohne Platte<\/a><\/td><td><a href=\"https:\/\/www.capotex.com\/de\/produkte\/befestigungen\/ergonomischer-haken-mit-gurt-c7\/\"><img decoding=\"async\" src=\"https:\/\/www.capotex.com\/wp-content\/uploads\/2023\/05\/Capotex-fixings-C7-Ergonomic-Hook-w-Strap.webp\" width=\"100\" \/><\/a><\/td><\/tr><\/tbody><\/table><\/div>\n\t\t\t\t\t\t\t<\/div>\n\t\t<\/div>\n\t\t\t\t\t\t<\/div>\n\t\t\t\t<\/div>\n\t\t\t\t<\/div>\n\t\t\t\t\t<\/div>\n\t\t\t\t<\/div>\n\t\t<div class=\"elementor-element elementor-element-84955af elementor-hidden-desktop elementor-hidden-tablet e-flex e-con-boxed e-con e-parent\" data-id=\"84955af\" data-element_type=\"container\" data-e-type=\"container\">\n\t\t\t\t\t<div class=\"e-con-inner\">\n\t\t<div class=\"elementor-element elementor-element-53efaf1 e-con-full e-flex e-con e-child\" data-id=\"53efaf1\" data-element_type=\"container\" data-e-type=\"container\">\n\t\t\t\t<div class=\"elementor-element elementor-element-aed99af elementor-tabs-view-horizontal elementor-widget elementor-widget-tabs\" data-id=\"aed99af\" data-element_type=\"widget\" data-e-type=\"widget\" data-widget_type=\"tabs.default\">\n\t\t\t\t<div class=\"elementor-widget-container\">\n\t\t\t\t\t\t\t<div class=\"elementor-tabs\">\n\t\t\t<div class=\"elementor-tabs-wrapper\" role=\"tablist\" >\n\t\t\t\t\t\t\t\t\t<div id=\"elementor-tab-title-1831\" class=\"elementor-tab-title elementor-tab-desktop-title\" aria-selected=\"true\" data-tab=\"1\" role=\"tab\" tabindex=\"0\" aria-controls=\"elementor-tab-content-1831\" aria-expanded=\"false\">Merkmale<\/div>\n\t\t\t\t\t\t\t\t\t<div id=\"elementor-tab-title-1832\" class=\"elementor-tab-title elementor-tab-desktop-title\" aria-selected=\"false\" data-tab=\"2\" role=\"tab\" tabindex=\"-1\" aria-controls=\"elementor-tab-content-1832\" aria-expanded=\"false\">Einbauanleitung<\/div>\n\t\t\t\t\t\t\t\t\t<div id=\"elementor-tab-title-1833\" class=\"elementor-tab-title elementor-tab-desktop-title\" aria-selected=\"false\" data-tab=\"3\" role=\"tab\" tabindex=\"-1\" aria-controls=\"elementor-tab-content-1833\" aria-expanded=\"false\">Befestigungen<\/div>\n\t\t\t\t\t\t\t<\/div>\n\t\t\t<div class=\"elementor-tabs-content-wrapper\" role=\"tablist\" aria-orientation=\"vertical\">\n\t\t\t\t\t\t\t\t\t<div class=\"elementor-tab-title elementor-tab-mobile-title\" aria-selected=\"true\" data-tab=\"1\" role=\"tab\" tabindex=\"0\" aria-controls=\"elementor-tab-content-1831\" aria-expanded=\"false\">Merkmale<\/div>\n\t\t\t\t\t<div id=\"elementor-tab-content-1831\" class=\"elementor-tab-content elementor-clearfix\" data-tab=\"1\" role=\"tabpanel\" aria-labelledby=\"elementor-tab-title-1831\" tabindex=\"0\" hidden=\"false\"><p><strong>Einseitiger Inspektionszugang<\/strong>: Die Abdeckhaube deckt die Oberseite und eine Seite des F\u00f6rderbandes ab, so dass eine Seite f\u00fcr die Wartung frei bleibt.<br \/>Demontierbar: Die Abdeckhaube des Durban kann durch L\u00f6sen der Schrauben vollst\u00e4ndig entfernt werden, so dass das F\u00f6rderband v\u00f6llig frei liegt. Ohne jegliche Strukturen oder Hindernisse.<\/p>\n<p><strong>Selbsttragend<\/strong>: Er ben\u00f6tigt keine Struktur.<\/p>\n<p><strong>Schnell und einfach zu installieren<\/strong>: er passt sich praktisch allen F\u00f6rderb\u00e4ndern an.<\/p>\n<\/div>\n\t\t\t\t\t\t\t\t\t<div class=\"elementor-tab-title elementor-tab-mobile-title\" aria-selected=\"false\" data-tab=\"2\" role=\"tab\" tabindex=\"-1\" aria-controls=\"elementor-tab-content-1832\" aria-expanded=\"false\">Einbauanleitung<\/div>\n\t\t\t\t\t<div id=\"elementor-tab-content-1832\" class=\"elementor-tab-content elementor-clearfix\" data-tab=\"2\" role=\"tabpanel\" aria-labelledby=\"elementor-tab-title-1832\" tabindex=\"0\" hidden=\"hidden\"><p>\t\t<div data-elementor-type=\"section\" data-elementor-id=\"26719\" class=\"elementor elementor-26719 elementor-786 elementor-786\" data-elementor-post-type=\"elementor_library\">\n\t\t\t\t\t<section class=\"elementor-section elementor-top-section elementor-element elementor-element-8113074 elementor-section-boxed elementor-section-height-default elementor-section-height-default\" data-id=\"8113074\" data-element_type=\"section\" data-e-type=\"section\">\n\t\t\t\t\t\t<div class=\"elementor-container elementor-column-gap-default\">\n\t\t\t\t\t<div class=\"elementor-column elementor-col-100 elementor-top-column elementor-element elementor-element-a806e24\" data-id=\"a806e24\" data-element_type=\"column\" data-e-type=\"column\">\n\t\t\t<div class=\"elementor-widget-wrap elementor-element-populated\">\n\t\t\t\t\t\t<div class=\"elementor-element elementor-element-812b775 elementor-widget elementor-widget-text-editor\" data-id=\"812b775\" data-element_type=\"widget\" data-e-type=\"widget\" data-widget_type=\"text-editor.default\">\n\t\t\t\t<div class=\"elementor-widget-container\">\n\t\t\t\t\t\t\t\t\t<p><strong>Schrauben Sie einige 180\u00ba-Abdeckungen direkt auf das Fundament des F\u00f6rderbands<\/strong>. Es wird empfohlen, dass 40x40mm. Die Stahlwinkel sind auf beiden Seiten des F\u00f6rderbandes angebracht.<\/p>\n<p><strong>Schrauben Sie die 140\u00ba-Abdeckungen<\/strong> mit selbstbohrenden Schrauben 5,5&#215;22 P16 <strong>auf die 180\u00ba-Abdeckungen<\/strong>.<\/p>\n<p><strong>Halten Sie das F\u00f6rderband an, bevor Sie mit der Installation beginnen.<\/strong><\/p>\n<p><strong>Erforderliches Werkzeug:<\/strong> elektrischer Schraubendreher mit 8-mm-Buchse.<\/p>\n<p><strong>Verwenden Sie die<\/strong> gesetzlich vorgeschriebene <strong>PSA<\/strong> (pers\u00f6nliche Schutzausr\u00fcstung). CAPOTEX empfiehlt die Verwendung von Handschuhen, Helm, Sicherheitsstiefeln, Geh\u00f6rschutz und Schwei\u00dfmaske (nur beim Schwei\u00dfen von Stahlplatten).<\/p>\n\t\t\t\t\t\t\t\t<\/div>\n\t\t\t\t<\/div>\n\t\t\t\t<div class=\"elementor-element elementor-element-1353447 elementor-widget elementor-widget-video\" data-id=\"1353447\" data-element_type=\"widget\" data-e-type=\"widget\" data-settings=\"{&quot;youtube_url&quot;:&quot;https:\\\/\\\/youtu.be\\\/1svz8IYB1Jk&quot;,&quot;mute&quot;:&quot;yes&quot;,&quot;lazy_load&quot;:&quot;yes&quot;,&quot;video_type&quot;:&quot;youtube&quot;,&quot;controls&quot;:&quot;yes&quot;}\" data-widget_type=\"video.default\">\n\t\t\t\t<div class=\"elementor-widget-container\">\n\t\t\t\t\t\t\t<div class=\"elementor-wrapper elementor-open-inline\">\n\t\t\t<div class=\"elementor-video\"><\/div>\t\t<\/div>\n\t\t\t\t\t\t<\/div>\n\t\t\t\t<\/div>\n\t\t\t\t\t<\/div>\n\t\t<\/div>\n\t\t\t\t\t<\/div>\n\t\t<\/section>\n\t\t\t\t<\/div>\n\t\t<\/p>\n<\/div>\n\t\t\t\t\t\t\t\t\t<div class=\"elementor-tab-title elementor-tab-mobile-title\" aria-selected=\"false\" data-tab=\"3\" role=\"tab\" tabindex=\"-1\" aria-controls=\"elementor-tab-content-1833\" aria-expanded=\"false\">Befestigungen<\/div>\n\t\t\t\t\t<div id=\"elementor-tab-content-1833\" class=\"elementor-tab-content elementor-clearfix\" data-tab=\"3\" role=\"tabpanel\" aria-labelledby=\"elementor-tab-title-1833\" tabindex=\"0\" hidden=\"hidden\"><table><tbody><tr style=\"background-color: #00678a; color: #f9fafa;\"><th>Form der Kr\u00fcmmung<\/th><th>Befestigung von<\/th><\/tr><tr><td><a href=\"https:\/\/www.capotex.com\/de\/abdeckhauben-fur-forderbander\/forderbandhaube\/\">Klassisch<\/a><\/td><td><a href=\"https:\/\/www.capotex.com\/de\/befestigungen-fur-forderbandern-abdeckhauben\/c5\/\">C-5 Selbstbohrende Schraube<\/a><\/td><\/tr><tr><td>\u00a0<\/td><td><a href=\"https:\/\/www.capotex.com\/de\/befestigungen-fur-forderbandern-abdeckhauben\/c6\/\">C-6 Klemme<\/a><\/td><\/tr><tr><td>\u00a0<\/td><td><a href=\"https:\/\/www.capotex.com\/de\/befestigungen-fur-forderbandern-abdeckhauben\/c9\/\">C-9 Haken<\/a><\/td><\/tr><tr><td>\u00a0<\/td><td><a href=\"https:\/\/www.capotex.com\/de\/befestigungen-fur-forderbandern-abdeckhauben\/c7\/\">C-7 Ergonomischer Haken mit Gurt 1 oder 2 Haken mit oder ohne Platte<\/a><\/td><\/tr><tr><td><a href=\"https:\/\/www.capotex.com\/de\/abdeckhauben-fur-forderbander\/forderbandhaube\/\">Plus<\/a><\/td><td><a href=\"https:\/\/www.capotex.com\/de\/befestigungen-fur-forderbandern-abdeckhauben\/c5\/\">C-5 Selbstbohrende Schraube<\/a><\/td><\/tr><tr><td>\u00a0<\/td><td><a href=\"https:\/\/www.capotex.com\/de\/befestigungen-fur-forderbandern-abdeckhauben\/c6\/\">C-6 Klemme<\/a><\/td><\/tr><tr><td>\u00a0<\/td><td><a href=\"https:\/\/www.capotex.com\/de\/befestigungen-fur-forderbandern-abdeckhauben\/c9\/\">C-9 Haken<\/a><\/td><\/tr><tr><td>\u00a0<\/td><td><a href=\"https:\/\/www.capotex.com\/de\/befestigungen-fur-forderbandern-abdeckhauben\/c7\/\">C-7 Ergonomischer Haken mit Gurt 1 oder 2 Haken mit oder ohne Platte<\/a><\/td><\/tr><\/tbody><\/table><\/div>\n\t\t\t\t\t\t\t<\/div>\n\t\t<\/div>\n\t\t\t\t\t\t<\/div>\n\t\t\t\t<\/div>\n\t\t\t\t<\/div>\n\t\t\t\t\t<\/div>\n\t\t\t\t<\/div>\n\t\t\t\t<\/div>\n\t\t","protected":false},"excerpt":{"rendered":"<p>Feststehend und auf einer Seite offen<\/p>\n","protected":false},"author":1,"featured_media":763,"parent":26285,"menu_order":50,"comment_status":"closed","ping_status":"closed","template":"","meta":{"_joinchat":[],"footnotes":""},"tags":[71],"class_list":["post-26427","page","type-page","status-publish","has-post-thumbnail","hentry","tag-conveyormodels-de"],"_links":{"self":[{"href":"https:\/\/www.capotex.com\/de\/wp-json\/wp\/v2\/pages\/26427","targetHints":{"allow":["GET"]}}],"collection":[{"href":"https:\/\/www.capotex.com\/de\/wp-json\/wp\/v2\/pages"}],"about":[{"href":"https:\/\/www.capotex.com\/de\/wp-json\/wp\/v2\/types\/page"}],"author":[{"embeddable":true,"href":"https:\/\/www.capotex.com\/de\/wp-json\/wp\/v2\/users\/1"}],"replies":[{"embeddable":true,"href":"https:\/\/www.capotex.com\/de\/wp-json\/wp\/v2\/comments?post=26427"}],"version-history":[{"count":31,"href":"https:\/\/www.capotex.com\/de\/wp-json\/wp\/v2\/pages\/26427\/revisions"}],"predecessor-version":[{"id":34768,"href":"https:\/\/www.capotex.com\/de\/wp-json\/wp\/v2\/pages\/26427\/revisions\/34768"}],"up":[{"embeddable":true,"href":"https:\/\/www.capotex.com\/de\/wp-json\/wp\/v2\/pages\/26285"}],"wp:featuredmedia":[{"embeddable":true,"href":"https:\/\/www.capotex.com\/de\/wp-json\/wp\/v2\/media\/763"}],"wp:attachment":[{"href":"https:\/\/www.capotex.com\/de\/wp-json\/wp\/v2\/media?parent=26427"}],"wp:term":[{"taxonomy":"post_tag","embeddable":true,"href":"https:\/\/www.capotex.com\/de\/wp-json\/wp\/v2\/tags?post=26427"}],"curies":[{"name":"wp","href":"https:\/\/api.w.org\/{rel}","templated":true}]}}