{"id":26452,"date":"2023-05-18T06:45:37","date_gmt":"2023-05-18T05:45:37","guid":{"rendered":"https:\/\/capotex.com\/produkte\/verpackung-und-logistik\/"},"modified":"2025-01-13T14:12:19","modified_gmt":"2025-01-13T13:12:19","slug":"verpackung-und-logistik","status":"publish","type":"page","link":"https:\/\/www.capotex.com\/de\/abdeckhauben-fur-forderbander\/verpackung-und-logistik\/","title":{"rendered":"Verpackung und Logistik"},"content":{"rendered":"\t\t<div data-elementor-type=\"wp-page\" data-elementor-id=\"26452\" class=\"elementor elementor-26452 elementor-2238\" data-elementor-post-type=\"page\">\n\t\t\t\t<div class=\"elementor-element elementor-element-9c83e44 e-flex e-con-boxed e-con e-parent\" data-id=\"9c83e44\" data-element_type=\"container\" data-e-type=\"container\">\n\t\t\t\t\t<div class=\"e-con-inner\">\n\t\t<div class=\"elementor-element elementor-element-ee13261 e-con-full e-flex e-con e-child\" data-id=\"ee13261\" data-element_type=\"container\" data-e-type=\"container\">\n\t\t\t\t<\/div>\n\t\t\t\t\t<\/div>\n\t\t\t\t<\/div>\n\t\t<div class=\"elementor-element elementor-element-6ef99ff e-flex e-con-boxed e-con e-parent\" data-id=\"6ef99ff\" data-element_type=\"container\" data-e-type=\"container\">\n\t\t\t\t\t<div class=\"e-con-inner\">\n\t\t<div class=\"elementor-element elementor-element-0c35463 e-con-full e-flex e-con e-child\" data-id=\"0c35463\" data-element_type=\"container\" data-e-type=\"container\">\n\t\t\t\t<div class=\"elementor-element elementor-element-5ebf887 elementor-widget elementor-widget-heading\" data-id=\"5ebf887\" data-element_type=\"widget\" data-e-type=\"widget\" data-widget_type=\"heading.default\">\n\t\t\t\t<div class=\"elementor-widget-container\">\n\t\t\t\t\t<h2 class=\"elementor-heading-title elementor-size-default\">Verpackung und Logistik<\/h2>\t\t\t\t<\/div>\n\t\t\t\t<\/div>\n\t\t\t\t<\/div>\n\t\t\t\t\t<\/div>\n\t\t\t\t<\/div>\n\t\t<div class=\"elementor-element elementor-element-3cfea97 e-flex e-con-boxed e-con e-parent\" data-id=\"3cfea97\" data-element_type=\"container\" data-e-type=\"container\">\n\t\t\t\t\t<div class=\"e-con-inner\">\n\t\t<div class=\"elementor-element elementor-element-91e95b0 e-con-full e-flex e-con e-child\" data-id=\"91e95b0\" data-element_type=\"container\" data-e-type=\"container\" data-settings=\"{&quot;background_background&quot;:&quot;classic&quot;}\">\n\t\t\t\t<div class=\"elementor-element elementor-element-8e5fa64 elementor-widget elementor-widget-heading\" data-id=\"8e5fa64\" data-element_type=\"widget\" data-e-type=\"widget\" data-widget_type=\"heading.default\">\n\t\t\t\t<div class=\"elementor-widget-container\">\n\t\t\t\t\t<h2 class=\"elementor-heading-title elementor-size-default\">Verpackung<\/h2>\t\t\t\t<\/div>\n\t\t\t\t<\/div>\n\t\t\t\t<div class=\"elementor-element elementor-element-247f587 elementor-widget elementor-widget-image\" data-id=\"247f587\" data-element_type=\"widget\" data-e-type=\"widget\" data-widget_type=\"image.default\">\n\t\t\t\t<div class=\"elementor-widget-container\">\n\t\t\t\t\t\t\t\t\t\t\t\t\t\t\t<img fetchpriority=\"high\" decoding=\"async\" width=\"480\" height=\"359\" src=\"https:\/\/www.capotex.com\/wp-content\/uploads\/2023\/05\/Conveyor-belt-covers-packaging.webp\" class=\"attachment-full size-full wp-image-2242\" alt=\"Conveyor belt covers packaging\" srcset=\"https:\/\/www.capotex.com\/wp-content\/uploads\/2023\/05\/Conveyor-belt-covers-packaging.webp 480w, https:\/\/www.capotex.com\/wp-content\/uploads\/2023\/05\/Conveyor-belt-covers-packaging-300x224.webp 300w\" sizes=\"(max-width: 480px) 100vw, 480px\" \/>\t\t\t\t\t\t\t\t\t\t\t\t\t\t\t<\/div>\n\t\t\t\t<\/div>\n\t\t\t\t<div class=\"elementor-element elementor-element-bd71962 elementor-widget elementor-widget-text-editor\" data-id=\"bd71962\" data-element_type=\"widget\" data-e-type=\"widget\" data-widget_type=\"text-editor.default\">\n\t\t\t\t<div class=\"elementor-widget-container\">\n\t\t\t\t\t\t\t\t\t<p>Verpackung der Haube: Wir verpacken und versenden unsere Hauben auf dem Land-, See- und Luftweg. Wir arbeiten mit Transportdienstleistern zusammen, die sich zu 100 % unserer Philosophie des Kundendienstes und der strikten Einhaltung von Lieferfristen und Echtzeit-Informationen zum Auftragsstatus verpflichtet haben.<\/p>\n<p>Je nach Kundenwunsch verpacken wir auf Paletten, in K\u00e4figen, in geschlossenen Kisten oder in Spezialverpackungen, wenn es das Projekt erfordert.<\/p>\n<p><strong>Alle unsere Haubenverpackungen entsprechen den ISPM 15 (International Standards For Phytosanitary Measures).<\/strong><\/p>\n\t\t\t\t\t\t\t\t<\/div>\n\t\t\t\t<\/div>\n\t\t\t\t<\/div>\n\t\t<div class=\"elementor-element elementor-element-402a91f e-con-full e-flex e-con e-child\" data-id=\"402a91f\" data-element_type=\"container\" data-e-type=\"container\" data-settings=\"{&quot;background_background&quot;:&quot;classic&quot;}\">\n\t\t\t\t<div class=\"elementor-element elementor-element-c2701f1 elementor-widget elementor-widget-heading\" data-id=\"c2701f1\" data-element_type=\"widget\" data-e-type=\"widget\" data-widget_type=\"heading.default\">\n\t\t\t\t<div class=\"elementor-widget-container\">\n\t\t\t\t\t<h2 class=\"elementor-heading-title elementor-size-default\">Logistik<\/h2>\t\t\t\t<\/div>\n\t\t\t\t<\/div>\n\t\t\t\t<div class=\"elementor-element elementor-element-8b16581 elementor-widget elementor-widget-image\" data-id=\"8b16581\" data-element_type=\"widget\" data-e-type=\"widget\" data-widget_type=\"image.default\">\n\t\t\t\t<div class=\"elementor-widget-container\">\n\t\t\t\t\t\t\t\t\t\t\t\t\t\t\t<img decoding=\"async\" width=\"1600\" height=\"900\" src=\"https:\/\/www.capotex.com\/wp-content\/uploads\/2023\/05\/Conveyor-belt-covers-logistics.webp\" class=\"attachment-full size-full wp-image-2249\" alt=\"Conveyor belt covers logistics\" srcset=\"https:\/\/www.capotex.com\/wp-content\/uploads\/2023\/05\/Conveyor-belt-covers-logistics.webp 1600w, https:\/\/www.capotex.com\/wp-content\/uploads\/2023\/05\/Conveyor-belt-covers-logistics-300x169.webp 300w, https:\/\/www.capotex.com\/wp-content\/uploads\/2023\/05\/Conveyor-belt-covers-logistics-1024x576.webp 1024w, https:\/\/www.capotex.com\/wp-content\/uploads\/2023\/05\/Conveyor-belt-covers-logistics-768x432.webp 768w, https:\/\/www.capotex.com\/wp-content\/uploads\/2023\/05\/Conveyor-belt-covers-logistics-1536x864.webp 1536w\" sizes=\"(max-width: 1600px) 100vw, 1600px\" \/>\t\t\t\t\t\t\t\t\t\t\t\t\t\t\t<\/div>\n\t\t\t\t<\/div>\n\t\t\t\t<div class=\"elementor-element elementor-element-3503b6f elementor-widget elementor-widget-text-editor\" data-id=\"3503b6f\" data-element_type=\"widget\" data-e-type=\"widget\" data-widget_type=\"text-editor.default\">\n\t\t\t\t<div class=\"elementor-widget-container\">\n\t\t\t\t\t\t\t\t\t<p>Mit <strong>mehr als 25 Jahren Erfahrung in der weltweiten Lieferung<\/strong> von F\u00f6rderbandabdeckungen wissen wir bei Capotex um die Bedeutung einer effizienten Logistik und einer angemessenen Verpackung, um sicherzustellen, dass unsere Produkte \u00fcberall auf der Welt in optimalem Zustand ankommen.<\/p>\n<p>Wir arbeiten eng mit Transportdienstleistern zusammen, die sich unserer Kundenservice-Philosophie verschrieben haben. Sie stellen sicher, dass die Lieferzeiten eingehalten werden und liefern Informationen \u00fcber den Auftragsstatus in Echtzeit. Dank unserer <strong>Erfahrung und unseres Engagements<\/strong> k\u00f6nnen wir ma\u00dfgeschneiderte Logistikl\u00f6sungen anbieten, die die Zufriedenheit unserer Kunden bei jeder Lieferung sicherstellen. <\/p>\n<p>Wir bei Capotex sind bestrebt, einen umfassenden Logistikservice anzubieten, der die Qualit\u00e4t unserer Produkte und das Vertrauen unserer Kunden <strong>auf der ganzen Welt<\/strong> unterst\u00fctzt.<\/p>\n\t\t\t\t\t\t\t\t<\/div>\n\t\t\t\t<\/div>\n\t\t\t\t<\/div>\n\t\t\t\t\t<\/div>\n\t\t\t\t<\/div>\n\t\t\t\t<\/div>\n\t\t","protected":false},"excerpt":{"rendered":"<p>Verpackung und Logistik Verpackung Verpackung der Haube: Wir verpacken und versenden unsere Hauben auf dem Land-, See- und Luftweg. Wir arbeiten mit Transportdienstleistern zusammen, die sich zu 100 % unserer Philosophie des Kundendienstes und der strikten Einhaltung von Lieferfristen und Echtzeit-Informationen zum Auftragsstatus verpflichtet haben. Je nach Kundenwunsch verpacken wir auf Paletten, in K\u00e4figen, in [&hellip;]<\/p>\n","protected":false},"author":1,"featured_media":2257,"parent":26272,"menu_order":80,"comment_status":"closed","ping_status":"closed","template":"","meta":{"_joinchat":[],"footnotes":""},"tags":[66],"class_list":["post-26452","page","type-page","status-publish","has-post-thumbnail","hentry","tag-capotexprodukte"],"_links":{"self":[{"href":"https:\/\/www.capotex.com\/de\/wp-json\/wp\/v2\/pages\/26452","targetHints":{"allow":["GET"]}}],"collection":[{"href":"https:\/\/www.capotex.com\/de\/wp-json\/wp\/v2\/pages"}],"about":[{"href":"https:\/\/www.capotex.com\/de\/wp-json\/wp\/v2\/types\/page"}],"author":[{"embeddable":true,"href":"https:\/\/www.capotex.com\/de\/wp-json\/wp\/v2\/users\/1"}],"replies":[{"embeddable":true,"href":"https:\/\/www.capotex.com\/de\/wp-json\/wp\/v2\/comments?post=26452"}],"version-history":[{"count":3,"href":"https:\/\/www.capotex.com\/de\/wp-json\/wp\/v2\/pages\/26452\/revisions"}],"predecessor-version":[{"id":36803,"href":"https:\/\/www.capotex.com\/de\/wp-json\/wp\/v2\/pages\/26452\/revisions\/36803"}],"up":[{"embeddable":true,"href":"https:\/\/www.capotex.com\/de\/wp-json\/wp\/v2\/pages\/26272"}],"wp:featuredmedia":[{"embeddable":true,"href":"https:\/\/www.capotex.com\/de\/wp-json\/wp\/v2\/media\/2257"}],"wp:attachment":[{"href":"https:\/\/www.capotex.com\/de\/wp-json\/wp\/v2\/media?parent=26452"}],"wp:term":[{"taxonomy":"post_tag","embeddable":true,"href":"https:\/\/www.capotex.com\/de\/wp-json\/wp\/v2\/tags?post=26452"}],"curies":[{"name":"wp","href":"https:\/\/api.w.org\/{rel}","templated":true}]}}