{"id":26458,"date":"2023-05-17T10:41:26","date_gmt":"2023-05-17T09:41:26","guid":{"rendered":"https:\/\/capotex.com\/produkte\/befestigungen\/"},"modified":"2024-06-27T08:42:47","modified_gmt":"2024-06-27T07:42:47","slug":"befestigungen-fur-forderbandern-abdeckhauben","status":"publish","type":"page","link":"https:\/\/www.capotex.com\/de\/befestigungen-fur-forderbandern-abdeckhauben\/","title":{"rendered":"Befestigungen"},"content":{"rendered":"\t\t<div data-elementor-type=\"wp-page\" data-elementor-id=\"26458\" class=\"elementor elementor-26458 elementor-2080\" data-elementor-post-type=\"page\">\n\t\t\t\t<div class=\"elementor-element elementor-element-6ef99ff e-flex e-con-boxed e-con e-parent\" data-id=\"6ef99ff\" data-element_type=\"container\" data-e-type=\"container\">\n\t\t\t\t\t<div class=\"e-con-inner\">\n\t\t<div class=\"elementor-element elementor-element-0c35463 e-con-full e-flex e-con e-child\" data-id=\"0c35463\" data-element_type=\"container\" data-e-type=\"container\">\n\t\t\t\t<div class=\"elementor-element elementor-element-5ebf887 elementor-widget elementor-widget-heading\" data-id=\"5ebf887\" data-element_type=\"widget\" data-e-type=\"widget\" data-widget_type=\"heading.default\">\n\t\t\t\t<div class=\"elementor-widget-container\">\n\t\t\t\t\t<h2 class=\"elementor-heading-title elementor-size-default\">Befestigungen f\u00fcr F\u00f6rderb\u00e4ndern Abdeckhauben<\/h2>\t\t\t\t<\/div>\n\t\t\t\t<\/div>\n\t\t\t\t<\/div>\n\t\t\t\t\t<\/div>\n\t\t\t\t<\/div>\n\t\t<div class=\"elementor-element elementor-element-9500b43 e-flex e-con-boxed e-con e-parent\" data-id=\"9500b43\" data-element_type=\"container\" data-e-type=\"container\">\n\t\t\t\t\t<div class=\"e-con-inner\">\n\t\t<div class=\"elementor-element elementor-element-dd7d5ba e-con-full e-flex e-con e-child\" data-id=\"dd7d5ba\" data-element_type=\"container\" data-e-type=\"container\">\n\t\t\t\t<\/div>\n\t\t\t\t\t<\/div>\n\t\t\t\t<\/div>\n\t\t\t\t<\/div>\n\t\t","protected":false},"excerpt":{"rendered":"<p>Befestigungen f\u00fcr F\u00f6rderb\u00e4ndern Abdeckhauben<\/p>\n","protected":false},"author":1,"featured_media":981,"parent":0,"menu_order":60,"comment_status":"closed","ping_status":"closed","template":"","meta":{"_joinchat":[],"footnotes":""},"tags":[66],"class_list":["post-26458","page","type-page","status-publish","has-post-thumbnail","hentry","tag-capotexprodukte"],"_links":{"self":[{"href":"https:\/\/www.capotex.com\/de\/wp-json\/wp\/v2\/pages\/26458","targetHints":{"allow":["GET"]}}],"collection":[{"href":"https:\/\/www.capotex.com\/de\/wp-json\/wp\/v2\/pages"}],"about":[{"href":"https:\/\/www.capotex.com\/de\/wp-json\/wp\/v2\/types\/page"}],"author":[{"embeddable":true,"href":"https:\/\/www.capotex.com\/de\/wp-json\/wp\/v2\/users\/1"}],"replies":[{"embeddable":true,"href":"https:\/\/www.capotex.com\/de\/wp-json\/wp\/v2\/comments?post=26458"}],"version-history":[{"count":14,"href":"https:\/\/www.capotex.com\/de\/wp-json\/wp\/v2\/pages\/26458\/revisions"}],"predecessor-version":[{"id":34696,"href":"https:\/\/www.capotex.com\/de\/wp-json\/wp\/v2\/pages\/26458\/revisions\/34696"}],"wp:featuredmedia":[{"embeddable":true,"href":"https:\/\/www.capotex.com\/de\/wp-json\/wp\/v2\/media\/981"}],"wp:attachment":[{"href":"https:\/\/www.capotex.com\/de\/wp-json\/wp\/v2\/media?parent=26458"}],"wp:term":[{"taxonomy":"post_tag","embeddable":true,"href":"https:\/\/www.capotex.com\/de\/wp-json\/wp\/v2\/tags?post=26458"}],"curies":[{"name":"wp","href":"https:\/\/api.w.org\/{rel}","templated":true}]}}