{"id":26509,"date":"2023-07-01T15:11:00","date_gmt":"2023-07-01T14:11:00","guid":{"rendered":"https:\/\/capotex.com\/fuer-einen-sauberen-planeten\/"},"modified":"2023-08-08T10:19:28","modified_gmt":"2023-08-08T09:19:28","slug":"fuer-einen-sauberen-planeten","status":"publish","type":"page","link":"https:\/\/www.capotex.com\/de\/fuer-einen-sauberen-planeten\/","title":{"rendered":"F\u00fcr einen sauberen Planeten"},"content":{"rendered":"\t\t<div data-elementor-type=\"wp-page\" data-elementor-id=\"26509\" class=\"elementor elementor-26509 elementor-25093\" data-elementor-post-type=\"page\">\n\t\t\t\t<div class=\"elementor-element elementor-element-275a865 e-flex e-con-boxed e-con e-parent\" data-id=\"275a865\" data-element_type=\"container\" data-e-type=\"container\">\n\t\t\t\t\t<div class=\"e-con-inner\">\n\t\t\t\t<div class=\"elementor-element elementor-element-f4b87eb elementor-widget elementor-widget-heading\" data-id=\"f4b87eb\" data-element_type=\"widget\" data-e-type=\"widget\" data-widget_type=\"heading.default\">\n\t\t\t\t<div class=\"elementor-widget-container\">\n\t\t\t\t\t<h2 class=\"elementor-heading-title elementor-size-default\">Das Abdeckhauben eines F\u00f6rderbandes hat gro\u00dfe \u00f6kologische Vorteile.<\/h2>\t\t\t\t<\/div>\n\t\t\t\t<\/div>\n\t\t\t\t<div class=\"elementor-element elementor-element-3fa4d0d elementor-headline--style-highlight elementor-widget elementor-widget-animated-headline\" data-id=\"3fa4d0d\" data-element_type=\"widget\" data-e-type=\"widget\" data-settings=\"{&quot;marker&quot;:&quot;underline_zigzag&quot;,&quot;highlighted_text&quot;:&quot;F\\u00fcr einen saubereren Planeten.&quot;,&quot;highlight_animation_duration&quot;:2400,&quot;highlight_iteration_delay&quot;:5000,&quot;headline_style&quot;:&quot;highlight&quot;,&quot;loop&quot;:&quot;yes&quot;}\" data-widget_type=\"animated-headline.default\">\n\t\t\t\t<div class=\"elementor-widget-container\">\n\t\t\t\t\t\t\t<h1 class=\"elementor-headline\">\n\t\t\t\t<span class=\"elementor-headline-dynamic-wrapper elementor-headline-text-wrapper\">\n\t\t\t\t\t<span class=\"elementor-headline-dynamic-text elementor-headline-text-active\">F\u00fcr einen saubereren Planeten.<\/span>\n\t\t\t\t<\/span>\n\t\t\t\t<\/h1>\n\t\t\t\t\t\t<\/div>\n\t\t\t\t<\/div>\n\t\t\t\t\t<\/div>\n\t\t\t\t<\/div>\n\t\t<div class=\"elementor-element elementor-element-1a1775b e-flex e-con-boxed e-con e-parent\" data-id=\"1a1775b\" data-element_type=\"container\" data-e-type=\"container\">\n\t\t\t\t\t<div class=\"e-con-inner\">\n\t\t<div class=\"elementor-element elementor-element-c5dca77 e-con-full e-flex e-con e-parent\" data-id=\"c5dca77\" data-element_type=\"container\" data-e-type=\"container\" data-settings=\"{&quot;background_background&quot;:&quot;classic&quot;}\">\n\t\t\t\t<div class=\"elementor-element elementor-element-52d4071 elementor-widget elementor-widget-heading\" data-id=\"52d4071\" data-element_type=\"widget\" data-e-type=\"widget\" data-widget_type=\"heading.default\">\n\t\t\t\t<div class=\"elementor-widget-container\">\n\t\t\t\t\t<h2 class=\"elementor-heading-title elementor-size-default\">Emissionsminderungen<\/h2>\t\t\t\t<\/div>\n\t\t\t\t<\/div>\n\t\t\t\t<div class=\"elementor-element elementor-element-513e8e1 elementor-widget elementor-widget-image\" data-id=\"513e8e1\" data-element_type=\"widget\" data-e-type=\"widget\" data-widget_type=\"image.default\">\n\t\t\t\t<div class=\"elementor-widget-container\">\n\t\t\t\t\t\t\t\t\t\t\t\t\t\t\t<img fetchpriority=\"high\" decoding=\"async\" width=\"640\" height=\"640\" src=\"https:\/\/www.capotex.com\/wp-content\/uploads\/2023\/07\/Dust-emission-1.gif\" class=\"attachment-full size-full wp-image-25384\" alt=\"\" \/>\t\t\t\t\t\t\t\t\t\t\t\t\t\t\t<\/div>\n\t\t\t\t<\/div>\n\t\t\t\t<div class=\"elementor-element elementor-element-2dd2b01 elementor-widget elementor-widget-text-editor\" data-id=\"2dd2b01\" data-element_type=\"widget\" data-e-type=\"widget\" data-widget_type=\"text-editor.default\">\n\t\t\t\t<div class=\"elementor-widget-container\">\n\t\t\t\t\t\t\t\t\t<p>Abdeckhauben f\u00fcr F\u00f6rderb\u00e4nder k\u00f6nnen zur Eind\u00e4mmung von Staubemissionen beitragen, indem sie Partikel innerhalb des Systems zur\u00fcckhalten und verhindern, dass sie in die Luft gelangen. Die Staubbek\u00e4mpfung verringert die Luftverschmutzung und verbessert die Luftqualit\u00e4t in der Umgebung, was sowohl der menschlichen Gesundheit als auch der Umwelt zugute kommt.<\/p><\/p>\n\t\t\t\t\t\t\t\t<\/div>\n\t\t\t\t<\/div>\n\t\t\t\t<\/div>\n\t\t<div class=\"elementor-element elementor-element-820acff e-con-full e-flex e-con e-parent\" data-id=\"820acff\" data-element_type=\"container\" data-e-type=\"container\" data-settings=\"{&quot;background_background&quot;:&quot;classic&quot;}\">\n\t\t\t\t<div class=\"elementor-element elementor-element-404503d elementor-widget elementor-widget-heading\" data-id=\"404503d\" data-element_type=\"widget\" data-e-type=\"widget\" data-widget_type=\"heading.default\">\n\t\t\t\t<div class=\"elementor-widget-container\">\n\t\t\t\t\t<h2 class=\"elementor-heading-title elementor-size-default\">Energie-Effizienz<\/h2>\t\t\t\t<\/div>\n\t\t\t\t<\/div>\n\t\t\t\t<div class=\"elementor-element elementor-element-ee672c5 elementor-widget elementor-widget-image\" data-id=\"ee672c5\" data-element_type=\"widget\" data-e-type=\"widget\" data-widget_type=\"image.default\">\n\t\t\t\t<div class=\"elementor-widget-container\">\n\t\t\t\t\t\t\t\t\t\t\t\t\t\t\t\t<a href=\"https:\/\/www.capotex.com\/de\/fuer-einen-sauberen-planeten\/\">\n\t\t\t\t\t\t\t<img decoding=\"async\" width=\"640\" height=\"640\" src=\"https:\/\/www.capotex.com\/wp-content\/uploads\/2023\/07\/Energy-efficiency-1.gif\" class=\"attachment-full size-full wp-image-25388\" alt=\"\" \/>\t\t\t\t\t\t\t\t<\/a>\n\t\t\t\t\t\t\t\t\t\t\t\t\t\t\t<\/div>\n\t\t\t\t<\/div>\n\t\t\t\t<div class=\"elementor-element elementor-element-d9581ce elementor-widget elementor-widget-text-editor\" data-id=\"d9581ce\" data-element_type=\"widget\" data-e-type=\"widget\" data-widget_type=\"text-editor.default\">\n\t\t\t\t<div class=\"elementor-widget-container\">\n\t\t\t\t\t\t\t\t\t<p>Abdeckhauben f\u00fcr F\u00f6rderb\u00e4nder k\u00f6nnen die Energieeffizienz in mehrfacher Hinsicht verbessern. Sie verringern die Reibung zwischen dem Band und der Auflagefl\u00e4che, was zu einem geringeren Energieverbrauch w\u00e4hrend des Betriebs f\u00fchrt. Dar\u00fcber hinaus k\u00f6nnen Abdeckhauben isolierend wirken, wodurch W\u00e4rmeverluste verringert und der Bedarf an \u00fcberm\u00e4\u00dfiger Erw\u00e4rmung oder K\u00fchlung der Materialien minimiert wird.<\/p>\n\t\t\t\t\t\t\t\t<\/div>\n\t\t\t\t<\/div>\n\t\t\t\t<\/div>\n\t\t<div class=\"elementor-element elementor-element-1d868a5 e-con-full e-flex e-con e-parent\" data-id=\"1d868a5\" data-element_type=\"container\" data-e-type=\"container\" data-settings=\"{&quot;background_background&quot;:&quot;classic&quot;}\">\n\t\t\t\t<div class=\"elementor-element elementor-element-ff58547 elementor-widget elementor-widget-heading\" data-id=\"ff58547\" data-element_type=\"widget\" data-e-type=\"widget\" data-widget_type=\"heading.default\">\n\t\t\t\t<div class=\"elementor-widget-container\">\n\t\t\t\t\t<h2 class=\"elementor-heading-title elementor-size-default\">Rauschunterdr\u00fcckung<\/h2>\t\t\t\t<\/div>\n\t\t\t\t<\/div>\n\t\t\t\t<div class=\"elementor-element elementor-element-b46678a elementor-widget elementor-widget-image\" data-id=\"b46678a\" data-element_type=\"widget\" data-e-type=\"widget\" data-widget_type=\"image.default\">\n\t\t\t\t<div class=\"elementor-widget-container\">\n\t\t\t\t\t\t\t\t\t\t\t\t\t\t\t<img decoding=\"async\" width=\"640\" height=\"640\" src=\"https:\/\/www.capotex.com\/wp-content\/uploads\/2023\/07\/Noise-reduction-1.gif\" class=\"attachment-full size-full wp-image-25392\" alt=\"\" \/>\t\t\t\t\t\t\t\t\t\t\t\t\t\t\t<\/div>\n\t\t\t\t<\/div>\n\t\t\t\t<div class=\"elementor-element elementor-element-c46eeb1 elementor-widget elementor-widget-text-editor\" data-id=\"c46eeb1\" data-element_type=\"widget\" data-e-type=\"widget\" data-widget_type=\"text-editor.default\">\n\t\t\t\t<div class=\"elementor-widget-container\">\n\t\t\t\t\t\t\t\t\t<p>Durch das Abdeckhauben eines F\u00f6rderbandes wird die L\u00e4rmemission in die Umwelt erheblich reduziert.<\/p>\n\t\t\t\t\t\t\t\t<\/div>\n\t\t\t\t<\/div>\n\t\t\t\t<\/div>\n\t\t\t\t\t<\/div>\n\t\t\t\t<\/div>\n\t\t<div class=\"elementor-element elementor-element-f0ce78b e-flex e-con-boxed e-con e-parent\" data-id=\"f0ce78b\" data-element_type=\"container\" data-e-type=\"container\">\n\t\t\t\t\t<div class=\"e-con-inner\">\n\t\t<div class=\"elementor-element elementor-element-0a60586 e-con-full e-flex e-con e-parent\" data-id=\"0a60586\" data-element_type=\"container\" data-e-type=\"container\" data-settings=\"{&quot;background_background&quot;:&quot;classic&quot;}\">\n\t\t\t\t<div class=\"elementor-element elementor-element-1728082 elementor-widget elementor-widget-heading\" data-id=\"1728082\" data-element_type=\"widget\" data-e-type=\"widget\" data-widget_type=\"heading.default\">\n\t\t\t\t<div class=\"elementor-widget-container\">\n\t\t\t\t\t<h2 class=\"elementor-heading-title elementor-size-default\">L\u00e4ngere Nutzungsdauer<\/h2>\t\t\t\t<\/div>\n\t\t\t\t<\/div>\n\t\t\t\t<div class=\"elementor-element elementor-element-2555467 elementor-widget elementor-widget-image\" data-id=\"2555467\" data-element_type=\"widget\" data-e-type=\"widget\" data-widget_type=\"image.default\">\n\t\t\t\t<div class=\"elementor-widget-container\">\n\t\t\t\t\t\t\t\t\t\t\t\t\t\t\t<img loading=\"lazy\" decoding=\"async\" width=\"640\" height=\"640\" src=\"https:\/\/www.capotex.com\/wp-content\/uploads\/2023\/07\/Longer-service-life-1.gif\" class=\"attachment-full size-full wp-image-25396\" alt=\"\" \/>\t\t\t\t\t\t\t\t\t\t\t\t\t\t\t<\/div>\n\t\t\t\t<\/div>\n\t\t\t\t<div class=\"elementor-element elementor-element-806dcb6 elementor-widget elementor-widget-text-editor\" data-id=\"806dcb6\" data-element_type=\"widget\" data-e-type=\"widget\" data-widget_type=\"text-editor.default\">\n\t\t\t\t<div class=\"elementor-widget-container\">\n\t\t\t\t\t\t\t\t\t<p>Abdeckhauben f\u00fcr F\u00f6rderb\u00e4nder sch\u00fctzen vor Verschlei\u00df und Witterungseinfl\u00fcssen und verl\u00e4ngern die Lebensdauer des F\u00f6rderbandes. Durch die Verl\u00e4ngerung der Lebensdauer des Gurtes verringert sich die Notwendigkeit eines h\u00e4ufigen Austauschs, was zu einem geringeren Ressourcenverbrauch und weniger Abfall f\u00fchrt.<\/p>\n\t\t\t\t\t\t\t\t<\/div>\n\t\t\t\t<\/div>\n\t\t\t\t<\/div>\n\t\t<div class=\"elementor-element elementor-element-83b5084 e-con-full e-flex e-con e-parent\" data-id=\"83b5084\" data-element_type=\"container\" data-e-type=\"container\" data-settings=\"{&quot;background_background&quot;:&quot;classic&quot;}\">\n\t\t\t\t<div class=\"elementor-element elementor-element-b0e0916 elementor-widget elementor-widget-heading\" data-id=\"b0e0916\" data-element_type=\"widget\" data-e-type=\"widget\" data-widget_type=\"heading.default\">\n\t\t\t\t<div class=\"elementor-widget-container\">\n\t\t\t\t\t<h2 class=\"elementor-heading-title elementor-size-default\">Wiederverwertbarkeit<\/h2>\t\t\t\t<\/div>\n\t\t\t\t<\/div>\n\t\t\t\t<div class=\"elementor-element elementor-element-f2cd7d8 elementor-widget elementor-widget-image\" data-id=\"f2cd7d8\" data-element_type=\"widget\" data-e-type=\"widget\" data-widget_type=\"image.default\">\n\t\t\t\t<div class=\"elementor-widget-container\">\n\t\t\t\t\t\t\t\t\t\t\t\t\t\t\t<img loading=\"lazy\" decoding=\"async\" width=\"640\" height=\"640\" src=\"https:\/\/www.capotex.com\/wp-content\/uploads\/2023\/07\/Recyclability-1.gif\" class=\"attachment-full size-full wp-image-25400\" alt=\"\" \/>\t\t\t\t\t\t\t\t\t\t\t\t\t\t\t<\/div>\n\t\t\t\t<\/div>\n\t\t\t\t<div class=\"elementor-element elementor-element-c9ba7f1 elementor-widget elementor-widget-text-editor\" data-id=\"c9ba7f1\" data-element_type=\"widget\" data-e-type=\"widget\" data-widget_type=\"text-editor.default\">\n\t\t\t\t<div class=\"elementor-widget-container\">\n\t\t\t\t\t\t\t\t\t<p>Abdeckhauben von F\u00f6rderb\u00e4ndern, die das Ende ihres Lebenszyklus erreicht haben, k\u00f6nnen h\u00e4ufig recycelt oder wiederverwendet werden. Die meisten Abdeckhauben f\u00fcr F\u00f6rderb\u00e4nder bestehen aus Stahl, einem zu 97 % recycelbaren Produkt.<\/p>\n\t\t\t\t\t\t\t\t<\/div>\n\t\t\t\t<\/div>\n\t\t\t\t<\/div>\n\t\t\t\t\t<\/div>\n\t\t\t\t<\/div>\n\t\t<div class=\"elementor-element elementor-element-2021be7 e-flex e-con-boxed e-con e-parent\" data-id=\"2021be7\" data-element_type=\"container\" data-e-type=\"container\">\n\t\t\t\t\t<div class=\"e-con-inner\">\n\t\t\t\t<div class=\"elementor-element elementor-element-e7fbdd8 elementor-widget elementor-widget-video\" data-id=\"e7fbdd8\" data-element_type=\"widget\" data-e-type=\"widget\" data-settings=\"{&quot;youtube_url&quot;:&quot;https:\\\/\\\/youtu.be\\\/ylSBb88Vr1k&quot;,&quot;video_type&quot;:&quot;youtube&quot;,&quot;controls&quot;:&quot;yes&quot;}\" data-widget_type=\"video.default\">\n\t\t\t\t<div class=\"elementor-widget-container\">\n\t\t\t\t\t\t\t<div class=\"elementor-wrapper elementor-open-inline\">\n\t\t\t<div class=\"elementor-video\"><\/div>\t\t<\/div>\n\t\t\t\t\t\t<\/div>\n\t\t\t\t<\/div>\n\t\t\t\t\t<\/div>\n\t\t\t\t<\/div>\n\t\t\t\t<\/div>\n\t\t","protected":false},"excerpt":{"rendered":"<p>Das Abdeckhauben eines F\u00f6rderbandes hat gro\u00dfe \u00f6kologische Vorteile. F\u00fcr einen saubereren Planeten. Emissionsminderungen Abdeckhauben f\u00fcr F\u00f6rderb\u00e4nder k\u00f6nnen zur Eind\u00e4mmung von Staubemissionen beitragen, indem sie Partikel innerhalb des Systems zur\u00fcckhalten und verhindern, dass sie in die Luft gelangen. Die Staubbek\u00e4mpfung verringert die Luftverschmutzung und verbessert die Luftqualit\u00e4t in der Umgebung, was sowohl der menschlichen Gesundheit als [&hellip;]<\/p>\n","protected":false},"author":1,"featured_media":0,"parent":0,"menu_order":0,"comment_status":"closed","ping_status":"closed","template":"","meta":{"_joinchat":[],"footnotes":""},"tags":[],"class_list":["post-26509","page","type-page","status-publish","hentry"],"_links":{"self":[{"href":"https:\/\/www.capotex.com\/de\/wp-json\/wp\/v2\/pages\/26509","targetHints":{"allow":["GET"]}}],"collection":[{"href":"https:\/\/www.capotex.com\/de\/wp-json\/wp\/v2\/pages"}],"about":[{"href":"https:\/\/www.capotex.com\/de\/wp-json\/wp\/v2\/types\/page"}],"author":[{"embeddable":true,"href":"https:\/\/www.capotex.com\/de\/wp-json\/wp\/v2\/users\/1"}],"replies":[{"embeddable":true,"href":"https:\/\/www.capotex.com\/de\/wp-json\/wp\/v2\/comments?post=26509"}],"version-history":[{"count":8,"href":"https:\/\/www.capotex.com\/de\/wp-json\/wp\/v2\/pages\/26509\/revisions"}],"predecessor-version":[{"id":28476,"href":"https:\/\/www.capotex.com\/de\/wp-json\/wp\/v2\/pages\/26509\/revisions\/28476"}],"wp:attachment":[{"href":"https:\/\/www.capotex.com\/de\/wp-json\/wp\/v2\/media?parent=26509"}],"wp:term":[{"taxonomy":"post_tag","embeddable":true,"href":"https:\/\/www.capotex.com\/de\/wp-json\/wp\/v2\/tags?post=26509"}],"curies":[{"name":"wp","href":"https:\/\/api.w.org\/{rel}","templated":true}]}}