{"id":26511,"date":"2023-05-17T13:43:41","date_gmt":"2023-05-17T12:43:41","guid":{"rendered":"https:\/\/capotex.com\/produkte\/zubehoer\/"},"modified":"2024-06-11T07:48:35","modified_gmt":"2024-06-11T06:48:35","slug":"zubehor-fur-forderbandern-abdeckhauben","status":"publish","type":"page","link":"https:\/\/www.capotex.com\/de\/abdeckhauben-fur-forderbander\/zubehor-fur-forderbandern-abdeckhauben\/","title":{"rendered":"Zubeh\u00f6r"},"content":{"rendered":"\t\t<div data-elementor-type=\"wp-page\" data-elementor-id=\"26511\" class=\"elementor elementor-26511 elementor-2154\" data-elementor-post-type=\"page\">\n\t\t\t\t<div class=\"elementor-element elementor-element-6ef99ff e-flex e-con-boxed e-con e-parent\" data-id=\"6ef99ff\" data-element_type=\"container\" data-e-type=\"container\">\n\t\t\t\t\t<div class=\"e-con-inner\">\n\t\t<div class=\"elementor-element elementor-element-0c35463 e-con-full e-flex e-con e-child\" data-id=\"0c35463\" data-element_type=\"container\" data-e-type=\"container\">\n\t\t\t\t<div class=\"elementor-element elementor-element-5ebf887 elementor-widget elementor-widget-heading\" data-id=\"5ebf887\" data-element_type=\"widget\" data-e-type=\"widget\" data-widget_type=\"heading.default\">\n\t\t\t\t<div class=\"elementor-widget-container\">\n\t\t\t\t\t<h2 class=\"elementor-heading-title elementor-size-default\">Zubeh\u00f6r f\u00fcr F\u00f6rderb\u00e4ndern Abdeckhauben<\/h2>\t\t\t\t<\/div>\n\t\t\t\t<\/div>\n\t\t\t\t<\/div>\n\t\t\t\t\t<\/div>\n\t\t\t\t<\/div>\n\t\t<div class=\"elementor-element elementor-element-3cfea97 e-flex e-con-boxed e-con e-parent\" data-id=\"3cfea97\" data-element_type=\"container\" data-e-type=\"container\">\n\t\t\t\t\t<div class=\"e-con-inner\">\n\t\t<div class=\"elementor-element elementor-element-91e95b0 e-con-full e-flex e-con e-child\" data-id=\"91e95b0\" data-element_type=\"container\" data-e-type=\"container\" data-settings=\"{&quot;background_background&quot;:&quot;classic&quot;}\">\n\t\t\t\t<div class=\"elementor-element elementor-element-8e5fa64 elementor-widget elementor-widget-heading\" data-id=\"8e5fa64\" data-element_type=\"widget\" data-e-type=\"widget\" data-widget_type=\"heading.default\">\n\t\t\t\t<div class=\"elementor-widget-container\">\n\t\t\t\t\t<h2 class=\"elementor-heading-title elementor-size-default\">Caposafe<\/h2>\t\t\t\t<\/div>\n\t\t\t\t<\/div>\n\t\t\t\t<div class=\"elementor-element elementor-element-247f587 elementor-widget elementor-widget-image\" data-id=\"247f587\" data-element_type=\"widget\" data-e-type=\"widget\" data-widget_type=\"image.default\">\n\t\t\t\t<div class=\"elementor-widget-container\">\n\t\t\t\t\t\t\t\t\t\t\t\t\t\t\t\t<a href=\"https:\/\/www.capotex.com\/wp-content\/uploads\/2024\/06\/Sicherheit-Zubehor-fur-Forderbandern-Abdeckhauben.jpg\" data-elementor-open-lightbox=\"yes\" data-elementor-lightbox-title=\"Sicherheit - Zubeh\u00f6r f\u00fcr F\u00f6rderb\u00e4ndern Abdeckhauben\" data-elementor-lightbox-description=\"Sicherheit - Zubeh\u00f6r f\u00fcr F\u00f6rderb\u00e4ndern Abdeckhauben\" data-e-action-hash=\"#elementor-action%3Aaction%3Dlightbox%26settings%3DeyJpZCI6MzQyNjQsInVybCI6Imh0dHBzOlwvXC93d3cuY2Fwb3RleC5jb21cL3dwLWNvbnRlbnRcL3VwbG9hZHNcLzIwMjRcLzA2XC9TaWNoZXJoZWl0LVp1YmVob3ItZnVyLUZvcmRlcmJhbmRlcm4tQWJkZWNraGF1YmVuLmpwZyJ9\">\n\t\t\t\t\t\t\t<img fetchpriority=\"high\" decoding=\"async\" width=\"600\" height=\"329\" src=\"https:\/\/www.capotex.com\/wp-content\/uploads\/2024\/06\/Sicherheit-Zubehor-fur-Forderbandern-Abdeckhauben.jpg\" class=\"attachment-full size-full wp-image-34264\" alt=\"Sicherheit - Zubeh\u00f6r f\u00fcr F\u00f6rderb\u00e4ndern Abdeckhauben\" srcset=\"https:\/\/www.capotex.com\/wp-content\/uploads\/2024\/06\/Sicherheit-Zubehor-fur-Forderbandern-Abdeckhauben.jpg 600w, https:\/\/www.capotex.com\/wp-content\/uploads\/2024\/06\/Sicherheit-Zubehor-fur-Forderbandern-Abdeckhauben-300x165.jpg 300w\" sizes=\"(max-width: 600px) 100vw, 600px\" \/>\t\t\t\t\t\t\t\t<\/a>\n\t\t\t\t\t\t\t\t\t\t\t\t\t\t\t<\/div>\n\t\t\t\t<\/div>\n\t\t\t\t<div class=\"elementor-element elementor-element-bd71962 elementor-widget elementor-widget-text-editor\" data-id=\"bd71962\" data-element_type=\"widget\" data-e-type=\"widget\" data-widget_type=\"text-editor.default\">\n\t\t\t\t<div class=\"elementor-widget-container\">\n\t\t\t\t\t\t\t\t\t<p>Sicherheitsstrebe. H\u00e4lt unsere Abdeckhauben MADRID und PARIS sicher offen.<\/p>\n\t\t\t\t\t\t\t\t<\/div>\n\t\t\t\t<\/div>\n\t\t\t\t<\/div>\n\t\t<div class=\"elementor-element elementor-element-402a91f e-con-full e-flex e-con e-child\" data-id=\"402a91f\" data-element_type=\"container\" data-e-type=\"container\" data-settings=\"{&quot;background_background&quot;:&quot;classic&quot;}\">\n\t\t\t\t<div class=\"elementor-element elementor-element-c2701f1 elementor-widget elementor-widget-heading\" data-id=\"c2701f1\" data-element_type=\"widget\" data-e-type=\"widget\" data-widget_type=\"heading.default\">\n\t\t\t\t<div class=\"elementor-widget-container\">\n\t\t\t\t\t<h2 class=\"elementor-heading-title elementor-size-default\">F\u00fchrungsrollen<\/h2>\t\t\t\t<\/div>\n\t\t\t\t<\/div>\n\t\t\t\t<div class=\"elementor-element elementor-element-8b16581 elementor-widget elementor-widget-image\" data-id=\"8b16581\" data-element_type=\"widget\" data-e-type=\"widget\" data-widget_type=\"image.default\">\n\t\t\t\t<div class=\"elementor-widget-container\">\n\t\t\t\t\t\t\t\t\t\t\t\t\t\t\t\t<a href=\"https:\/\/www.capotex.com\/wp-content\/uploads\/2024\/06\/Walze-Zubehor-fur-Forderbandern-Abdeckhauben.jpg\" data-elementor-open-lightbox=\"yes\" data-elementor-lightbox-title=\"Walze- Zubeh\u00f6r f\u00fcr F\u00f6rderb\u00e4ndern Abdeckhauben\" data-e-action-hash=\"#elementor-action%3Aaction%3Dlightbox%26settings%3DeyJpZCI6MzQyOTYsInVybCI6Imh0dHBzOlwvXC93d3cuY2Fwb3RleC5jb21cL3dwLWNvbnRlbnRcL3VwbG9hZHNcLzIwMjRcLzA2XC9XYWx6ZS1adWJlaG9yLWZ1ci1Gb3JkZXJiYW5kZXJuLUFiZGVja2hhdWJlbi5qcGcifQ%3D%3D\">\n\t\t\t\t\t\t\t<img decoding=\"async\" width=\"600\" height=\"329\" src=\"https:\/\/www.capotex.com\/wp-content\/uploads\/2024\/06\/Walze-Zubehor-fur-Forderbandern-Abdeckhauben.jpg\" class=\"attachment-full size-full wp-image-34296\" alt=\"\" srcset=\"https:\/\/www.capotex.com\/wp-content\/uploads\/2024\/06\/Walze-Zubehor-fur-Forderbandern-Abdeckhauben.jpg 600w, https:\/\/www.capotex.com\/wp-content\/uploads\/2024\/06\/Walze-Zubehor-fur-Forderbandern-Abdeckhauben-300x165.jpg 300w\" sizes=\"(max-width: 600px) 100vw, 600px\" \/>\t\t\t\t\t\t\t\t<\/a>\n\t\t\t\t\t\t\t\t\t\t\t\t\t\t\t<\/div>\n\t\t\t\t<\/div>\n\t\t\t\t<div class=\"elementor-element elementor-element-3503b6f elementor-widget elementor-widget-text-editor\" data-id=\"3503b6f\" data-element_type=\"widget\" data-e-type=\"widget\" data-widget_type=\"text-editor.default\">\n\t\t\t\t<div class=\"elementor-widget-container\">\n\t\t\t\t\t\t\t\t\t<p>Die F\u00fchrungsrollen st\u00f6ren in der Regel die Abdeckhauben. Diese ma\u00dfgeschneiderte Verl\u00e4ngerung erm\u00f6glicht die freie Beweglichkeit der F\u00fchrungsrollen.<\/p>\n\t\t\t\t\t\t\t\t<\/div>\n\t\t\t\t<\/div>\n\t\t\t\t<\/div>\n\t\t<div class=\"elementor-element elementor-element-84722ce e-con-full e-flex e-con e-child\" data-id=\"84722ce\" data-element_type=\"container\" data-e-type=\"container\" data-settings=\"{&quot;background_background&quot;:&quot;classic&quot;}\">\n\t\t\t\t<div class=\"elementor-element elementor-element-2690590 elementor-widget elementor-widget-heading\" data-id=\"2690590\" data-element_type=\"widget\" data-e-type=\"widget\" data-widget_type=\"heading.default\">\n\t\t\t\t<div class=\"elementor-widget-container\">\n\t\t\t\t\t<h2 class=\"elementor-heading-title elementor-size-default\">Handgriff<\/h2>\t\t\t\t<\/div>\n\t\t\t\t<\/div>\n\t\t\t\t<div class=\"elementor-element elementor-element-ea79029 elementor-widget elementor-widget-image\" data-id=\"ea79029\" data-element_type=\"widget\" data-e-type=\"widget\" data-widget_type=\"image.default\">\n\t\t\t\t<div class=\"elementor-widget-container\">\n\t\t\t\t\t\t\t\t\t\t\t\t\t\t\t\t<a href=\"https:\/\/www.capotex.com\/wp-content\/uploads\/2024\/06\/Griff-Zubehor-fur-Forderbandern-Abdeckhauben.jpg\" data-elementor-open-lightbox=\"yes\" data-elementor-lightbox-title=\"Griff- Zubeh\u00f6r f\u00fcr F\u00f6rderb\u00e4ndern Abdeckhauben\" data-elementor-lightbox-description=\"Griff- Zubeh\u00f6r f\u00fcr F\u00f6rderb\u00e4ndern Abdeckhauben\" data-e-action-hash=\"#elementor-action%3Aaction%3Dlightbox%26settings%3DeyJpZCI6MzQyNjgsInVybCI6Imh0dHBzOlwvXC93d3cuY2Fwb3RleC5jb21cL3dwLWNvbnRlbnRcL3VwbG9hZHNcLzIwMjRcLzA2XC9HcmlmZi1adWJlaG9yLWZ1ci1Gb3JkZXJiYW5kZXJuLUFiZGVja2hhdWJlbi5qcGcifQ%3D%3D\">\n\t\t\t\t\t\t\t<img decoding=\"async\" width=\"600\" height=\"400\" src=\"https:\/\/www.capotex.com\/wp-content\/uploads\/2024\/06\/Griff-Zubehor-fur-Forderbandern-Abdeckhauben.jpg\" class=\"attachment-full size-full wp-image-34268\" alt=\"\" srcset=\"https:\/\/www.capotex.com\/wp-content\/uploads\/2024\/06\/Griff-Zubehor-fur-Forderbandern-Abdeckhauben.jpg 600w, https:\/\/www.capotex.com\/wp-content\/uploads\/2024\/06\/Griff-Zubehor-fur-Forderbandern-Abdeckhauben-300x200.jpg 300w\" sizes=\"(max-width: 600px) 100vw, 600px\" \/>\t\t\t\t\t\t\t\t<\/a>\n\t\t\t\t\t\t\t\t\t\t\t\t\t\t\t<\/div>\n\t\t\t\t<\/div>\n\t\t\t\t<div class=\"elementor-element elementor-element-88a3d68 elementor-widget elementor-widget-text-editor\" data-id=\"88a3d68\" data-element_type=\"widget\" data-e-type=\"widget\" data-widget_type=\"text-editor.default\">\n\t\t\t\t<div class=\"elementor-widget-container\">\n\t\t\t\t\t\t\t\t\t<p>Dieser Griff kann an allen unseren Abdeckhauben angebracht werden, um den Bedienungskomfort zu verbessern.<\/p>\n<p>Bei unseren Modellen <strong>MADRID<\/strong> und <strong>PARIS<\/strong> kann das mitgelieferte C-1-Schloss als Griff verwendet werden, so dass <strong>kein zus\u00e4tzlicher Griff erforderlich<\/strong> ist.<\/p>\n\t\t\t\t\t\t\t\t<\/div>\n\t\t\t\t<\/div>\n\t\t\t\t<\/div>\n\t\t<div class=\"elementor-element elementor-element-fc88d80 e-con-full e-flex e-con e-child\" data-id=\"fc88d80\" data-element_type=\"container\" data-e-type=\"container\" data-settings=\"{&quot;background_background&quot;:&quot;classic&quot;}\">\n\t\t\t\t<div class=\"elementor-element elementor-element-9b2ce39 elementor-widget elementor-widget-heading\" data-id=\"9b2ce39\" data-element_type=\"widget\" data-e-type=\"widget\" data-widget_type=\"heading.default\">\n\t\t\t\t<div class=\"elementor-widget-container\">\n\t\t\t\t\t<h2 class=\"elementor-heading-title elementor-size-default\">Capolid<\/h2>\t\t\t\t<\/div>\n\t\t\t\t<\/div>\n\t\t\t\t<div class=\"elementor-element elementor-element-f15b4f2 elementor-widget elementor-widget-image\" data-id=\"f15b4f2\" data-element_type=\"widget\" data-e-type=\"widget\" data-widget_type=\"image.default\">\n\t\t\t\t<div class=\"elementor-widget-container\">\n\t\t\t\t\t\t\t\t\t\t\t\t\t\t\t\t<a href=\"https:\/\/www.capotex.com\/wp-content\/uploads\/2024\/06\/Deckel-Zubehor-fur-Forderbandern-Abdeckhauben.jpg\" data-elementor-open-lightbox=\"yes\" data-elementor-lightbox-title=\"Deckel - Zubeh\u00f6r f\u00fcr F\u00f6rderb\u00e4ndern Abdeckhauben\" data-elementor-lightbox-description=\"Deckel - Zubeh\u00f6r f\u00fcr F\u00f6rderb\u00e4ndern Abdeckhauben\" data-e-action-hash=\"#elementor-action%3Aaction%3Dlightbox%26settings%3DeyJpZCI6MzQyNzIsInVybCI6Imh0dHBzOlwvXC93d3cuY2Fwb3RleC5jb21cL3dwLWNvbnRlbnRcL3VwbG9hZHNcLzIwMjRcLzA2XC9EZWNrZWwtWnViZWhvci1mdXItRm9yZGVyYmFuZGVybi1BYmRlY2toYXViZW4uanBnIn0%3D\">\n\t\t\t\t\t\t\t<img loading=\"lazy\" decoding=\"async\" width=\"600\" height=\"329\" src=\"https:\/\/www.capotex.com\/wp-content\/uploads\/2024\/06\/Deckel-Zubehor-fur-Forderbandern-Abdeckhauben.jpg\" class=\"attachment-full size-full wp-image-34272\" alt=\"Deckel - Zubeh\u00f6r f\u00fcr F\u00f6rderb\u00e4ndern Abdeckhauben\" srcset=\"https:\/\/www.capotex.com\/wp-content\/uploads\/2024\/06\/Deckel-Zubehor-fur-Forderbandern-Abdeckhauben.jpg 600w, https:\/\/www.capotex.com\/wp-content\/uploads\/2024\/06\/Deckel-Zubehor-fur-Forderbandern-Abdeckhauben-300x165.jpg 300w\" sizes=\"(max-width: 600px) 100vw, 600px\" \/>\t\t\t\t\t\t\t\t<\/a>\n\t\t\t\t\t\t\t\t\t\t\t\t\t\t\t<\/div>\n\t\t\t\t<\/div>\n\t\t\t\t<div class=\"elementor-element elementor-element-ded7156 elementor-widget elementor-widget-text-editor\" data-id=\"ded7156\" data-element_type=\"widget\" data-e-type=\"widget\" data-widget_type=\"text-editor.default\">\n\t\t\t\t<div class=\"elementor-widget-container\">\n\t\t\t\t\t\t\t\t\t<p>Capolid Enclosure Cover schlie\u00dft die letzte Abdeckhaube vollst\u00e4ndig ab. Anpassungsf\u00e4hig an jede Gr\u00f6\u00dfe und Form von F\u00f6rderb\u00e4ndern.<\/p>\n<p>Erh\u00e4ltlich in allen unseren Modellen, Materialien und Farben.<\/p>\n\t\t\t\t\t\t\t\t<\/div>\n\t\t\t\t<\/div>\n\t\t\t\t<\/div>\n\t\t\t\t\t<\/div>\n\t\t\t\t<\/div>\n\t\t<div class=\"elementor-element elementor-element-a0e3b5d e-flex e-con-boxed e-con e-parent\" data-id=\"a0e3b5d\" data-element_type=\"container\" data-e-type=\"container\">\n\t\t\t\t\t<div class=\"e-con-inner\">\n\t\t<div class=\"elementor-element elementor-element-fe51370 e-con-full e-flex e-con e-child\" data-id=\"fe51370\" data-element_type=\"container\" data-e-type=\"container\" data-settings=\"{&quot;background_background&quot;:&quot;classic&quot;}\">\n\t\t\t\t<div class=\"elementor-element elementor-element-e286769 elementor-widget elementor-widget-heading\" data-id=\"e286769\" data-element_type=\"widget\" data-e-type=\"widget\" data-widget_type=\"heading.default\">\n\t\t\t\t<div class=\"elementor-widget-container\">\n\t\t\t\t\t<h2 class=\"elementor-heading-title elementor-size-default\">Fenster V1<\/h2>\t\t\t\t<\/div>\n\t\t\t\t<\/div>\n\t\t\t\t<div class=\"elementor-element elementor-element-69bb12e elementor-widget elementor-widget-image\" data-id=\"69bb12e\" data-element_type=\"widget\" data-e-type=\"widget\" data-widget_type=\"image.default\">\n\t\t\t\t<div class=\"elementor-widget-container\">\n\t\t\t\t\t\t\t\t\t\t\t\t\t\t\t\t<a href=\"https:\/\/www.capotex.com\/wp-content\/uploads\/2024\/06\/Fenster-V1-Zubehor-fur-Forderbandern-Abdeckhauben.jpg\" data-elementor-open-lightbox=\"yes\" data-elementor-lightbox-title=\"Fenster V1- Zubeh\u00f6r f\u00fcr F\u00f6rderb\u00e4ndern Abdeckhauben\" data-e-action-hash=\"#elementor-action%3Aaction%3Dlightbox%26settings%3DeyJpZCI6MzQyOTEsInVybCI6Imh0dHBzOlwvXC93d3cuY2Fwb3RleC5jb21cL3dwLWNvbnRlbnRcL3VwbG9hZHNcLzIwMjRcLzA2XC9GZW5zdGVyLVYxLVp1YmVob3ItZnVyLUZvcmRlcmJhbmRlcm4tQWJkZWNraGF1YmVuLmpwZyJ9\">\n\t\t\t\t\t\t\t<img loading=\"lazy\" decoding=\"async\" width=\"600\" height=\"329\" src=\"https:\/\/www.capotex.com\/wp-content\/uploads\/2024\/06\/Fenster-V1-Zubehor-fur-Forderbandern-Abdeckhauben.jpg\" class=\"attachment-full size-full wp-image-34291\" alt=\"\" srcset=\"https:\/\/www.capotex.com\/wp-content\/uploads\/2024\/06\/Fenster-V1-Zubehor-fur-Forderbandern-Abdeckhauben.jpg 600w, https:\/\/www.capotex.com\/wp-content\/uploads\/2024\/06\/Fenster-V1-Zubehor-fur-Forderbandern-Abdeckhauben-300x165.jpg 300w\" sizes=\"(max-width: 600px) 100vw, 600px\" \/>\t\t\t\t\t\t\t\t<\/a>\n\t\t\t\t\t\t\t\t\t\t\t\t\t\t\t<\/div>\n\t\t\t\t<\/div>\n\t\t\t\t<div class=\"elementor-element elementor-element-3928676 elementor-widget elementor-widget-text-editor\" data-id=\"3928676\" data-element_type=\"widget\" data-e-type=\"widget\" data-widget_type=\"text-editor.default\">\n\t\t\t\t<div class=\"elementor-widget-container\">\n\t\t\t\t\t\t\t\t\t<p>Alle unsere Abdeckhauben k\u00f6nnen mit leicht zu \u00f6ffnenden Inspektionsluken ausgestattet werden.<\/p>\n\t\t\t\t\t\t\t\t<\/div>\n\t\t\t\t<\/div>\n\t\t\t\t<\/div>\n\t\t<div class=\"elementor-element elementor-element-3b05f8d e-con-full e-flex e-con e-child\" data-id=\"3b05f8d\" data-element_type=\"container\" data-e-type=\"container\" data-settings=\"{&quot;background_background&quot;:&quot;classic&quot;}\">\n\t\t\t\t<div class=\"elementor-element elementor-element-7e55e8f elementor-widget elementor-widget-heading\" data-id=\"7e55e8f\" data-element_type=\"widget\" data-e-type=\"widget\" data-widget_type=\"heading.default\">\n\t\t\t\t<div class=\"elementor-widget-container\">\n\t\t\t\t\t<h2 class=\"elementor-heading-title elementor-size-default\">Fenster V2<\/h2>\t\t\t\t<\/div>\n\t\t\t\t<\/div>\n\t\t\t\t<div class=\"elementor-element elementor-element-2a24bad elementor-widget elementor-widget-image\" data-id=\"2a24bad\" data-element_type=\"widget\" data-e-type=\"widget\" data-widget_type=\"image.default\">\n\t\t\t\t<div class=\"elementor-widget-container\">\n\t\t\t\t\t\t\t\t\t\t\t\t\t\t\t\t<a href=\"https:\/\/www.capotex.com\/wp-content\/uploads\/2024\/06\/Fenster-V2-Zubehor-fur-Forderbandern-Abdeckhauben.jpg\" data-elementor-open-lightbox=\"yes\" data-elementor-lightbox-title=\"Fenster V2- Zubeh\u00f6r f\u00fcr F\u00f6rderb\u00e4ndern Abdeckhauben\" data-e-action-hash=\"#elementor-action%3Aaction%3Dlightbox%26settings%3DeyJpZCI6MzQyNzYsInVybCI6Imh0dHBzOlwvXC93d3cuY2Fwb3RleC5jb21cL3dwLWNvbnRlbnRcL3VwbG9hZHNcLzIwMjRcLzA2XC9GZW5zdGVyLVYyLVp1YmVob3ItZnVyLUZvcmRlcmJhbmRlcm4tQWJkZWNraGF1YmVuLmpwZyJ9\">\n\t\t\t\t\t\t\t<img loading=\"lazy\" decoding=\"async\" width=\"600\" height=\"329\" src=\"https:\/\/www.capotex.com\/wp-content\/uploads\/2024\/06\/Fenster-V2-Zubehor-fur-Forderbandern-Abdeckhauben.jpg\" class=\"attachment-full size-full wp-image-34276\" alt=\"\" srcset=\"https:\/\/www.capotex.com\/wp-content\/uploads\/2024\/06\/Fenster-V2-Zubehor-fur-Forderbandern-Abdeckhauben.jpg 600w, https:\/\/www.capotex.com\/wp-content\/uploads\/2024\/06\/Fenster-V2-Zubehor-fur-Forderbandern-Abdeckhauben-300x165.jpg 300w\" sizes=\"(max-width: 600px) 100vw, 600px\" \/>\t\t\t\t\t\t\t\t<\/a>\n\t\t\t\t\t\t\t\t\t\t\t\t\t\t\t<\/div>\n\t\t\t\t<\/div>\n\t\t\t\t<div class=\"elementor-element elementor-element-7cb2545 elementor-widget elementor-widget-text-editor\" data-id=\"7cb2545\" data-element_type=\"widget\" data-e-type=\"widget\" data-widget_type=\"text-editor.default\">\n\t\t\t\t<div class=\"elementor-widget-container\">\n\t\t\t\t\t\t\t\t\t<p>Die Modelle Durban und Berlin k\u00f6nnen mit leicht zu \u00f6ffnenden Inspektionsklappen ausgestattet werden.<\/p>\n\t\t\t\t\t\t\t\t<\/div>\n\t\t\t\t<\/div>\n\t\t\t\t<\/div>\n\t\t<div class=\"elementor-element elementor-element-40ebee9 e-con-full e-flex e-con e-child\" data-id=\"40ebee9\" data-element_type=\"container\" data-e-type=\"container\" data-settings=\"{&quot;background_background&quot;:&quot;classic&quot;}\">\n\t\t\t\t<div class=\"elementor-element elementor-element-73aefe0 elementor-widget elementor-widget-heading\" data-id=\"73aefe0\" data-element_type=\"widget\" data-e-type=\"widget\" data-widget_type=\"heading.default\">\n\t\t\t\t<div class=\"elementor-widget-container\">\n\t\t\t\t\t<h2 class=\"elementor-heading-title elementor-size-default\">Fenster V3<\/h2>\t\t\t\t<\/div>\n\t\t\t\t<\/div>\n\t\t\t\t<div class=\"elementor-element elementor-element-a43e2d2 elementor-widget elementor-widget-image\" data-id=\"a43e2d2\" data-element_type=\"widget\" data-e-type=\"widget\" data-widget_type=\"image.default\">\n\t\t\t\t<div class=\"elementor-widget-container\">\n\t\t\t\t\t\t\t\t\t\t\t\t\t\t\t\t<a href=\"https:\/\/www.capotex.com\/wp-content\/uploads\/2024\/06\/Fenster-V3-Zubehor-fur-Forderbandern-Abdeckhauben.jpg\" data-elementor-open-lightbox=\"yes\" data-elementor-lightbox-title=\"Fenster V3- Zubeh\u00f6r f\u00fcr F\u00f6rderb\u00e4ndern Abdeckhauben\" data-elementor-lightbox-description=\"Fenster V3- Zubeh\u00f6r f\u00fcr F\u00f6rderb\u00e4ndern Abdeckhauben\" data-e-action-hash=\"#elementor-action%3Aaction%3Dlightbox%26settings%3DeyJpZCI6MzQyODcsInVybCI6Imh0dHBzOlwvXC93d3cuY2Fwb3RleC5jb21cL3dwLWNvbnRlbnRcL3VwbG9hZHNcLzIwMjRcLzA2XC9GZW5zdGVyLVYzLVp1YmVob3ItZnVyLUZvcmRlcmJhbmRlcm4tQWJkZWNraGF1YmVuLmpwZyJ9\">\n\t\t\t\t\t\t\t<img loading=\"lazy\" decoding=\"async\" width=\"600\" height=\"329\" src=\"https:\/\/www.capotex.com\/wp-content\/uploads\/2024\/06\/Fenster-V3-Zubehor-fur-Forderbandern-Abdeckhauben.jpg\" class=\"attachment-full size-full wp-image-34287\" alt=\"Fenster V3- Zubeh\u00f6r f\u00fcr F\u00f6rderb\u00e4ndern Abdeckhauben\" srcset=\"https:\/\/www.capotex.com\/wp-content\/uploads\/2024\/06\/Fenster-V3-Zubehor-fur-Forderbandern-Abdeckhauben.jpg 600w, https:\/\/www.capotex.com\/wp-content\/uploads\/2024\/06\/Fenster-V3-Zubehor-fur-Forderbandern-Abdeckhauben-300x165.jpg 300w\" sizes=\"(max-width: 600px) 100vw, 600px\" \/>\t\t\t\t\t\t\t\t<\/a>\n\t\t\t\t\t\t\t\t\t\t\t\t\t\t\t<\/div>\n\t\t\t\t<\/div>\n\t\t\t\t<div class=\"elementor-element elementor-element-36de87c elementor-widget elementor-widget-text-editor\" data-id=\"36de87c\" data-element_type=\"widget\" data-e-type=\"widget\" data-widget_type=\"text-editor.default\">\n\t\t\t\t<div class=\"elementor-widget-container\">\n\t\t\t\t\t\t\t\t\t<p>Die Modelle Durban und Berlin k\u00f6nnen mit leicht zu \u00f6ffnenden Inspektionsluken ausgestattet werden.<\/p>\n\t\t\t\t\t\t\t\t<\/div>\n\t\t\t\t<\/div>\n\t\t\t\t<\/div>\n\t\t<div class=\"elementor-element elementor-element-a90d26c e-con-full e-flex e-con e-child\" data-id=\"a90d26c\" data-element_type=\"container\" data-e-type=\"container\" data-settings=\"{&quot;background_background&quot;:&quot;classic&quot;}\">\n\t\t\t\t<div class=\"elementor-element elementor-element-3e52e97 elementor-widget elementor-widget-heading\" data-id=\"3e52e97\" data-element_type=\"widget\" data-e-type=\"widget\" data-widget_type=\"heading.default\">\n\t\t\t\t<div class=\"elementor-widget-container\">\n\t\t\t\t\t<h2 class=\"elementor-heading-title elementor-size-default\">Fenster V4<\/h2>\t\t\t\t<\/div>\n\t\t\t\t<\/div>\n\t\t\t\t<div class=\"elementor-element elementor-element-c6c42a4 elementor-widget elementor-widget-image\" data-id=\"c6c42a4\" data-element_type=\"widget\" data-e-type=\"widget\" data-widget_type=\"image.default\">\n\t\t\t\t<div class=\"elementor-widget-container\">\n\t\t\t\t\t\t\t\t\t\t\t\t\t\t\t\t<a href=\"https:\/\/www.capotex.com\/wp-content\/uploads\/2024\/06\/Fenster-V4-Zubehor-fur-Forderbandern-Abdeckhauben.jpg\" data-elementor-open-lightbox=\"yes\" data-elementor-lightbox-title=\"Fenster V4- Zubeh\u00f6r f\u00fcr F\u00f6rderb\u00e4ndern Abdeckhauben\" data-e-action-hash=\"#elementor-action%3Aaction%3Dlightbox%26settings%3DeyJpZCI6MzQyODAsInVybCI6Imh0dHBzOlwvXC93d3cuY2Fwb3RleC5jb21cL3dwLWNvbnRlbnRcL3VwbG9hZHNcLzIwMjRcLzA2XC9GZW5zdGVyLVY0LVp1YmVob3ItZnVyLUZvcmRlcmJhbmRlcm4tQWJkZWNraGF1YmVuLmpwZyJ9\">\n\t\t\t\t\t\t\t<img loading=\"lazy\" decoding=\"async\" width=\"600\" height=\"329\" src=\"https:\/\/www.capotex.com\/wp-content\/uploads\/2024\/06\/Fenster-V4-Zubehor-fur-Forderbandern-Abdeckhauben.jpg\" class=\"attachment-full size-full wp-image-34280\" alt=\"\" srcset=\"https:\/\/www.capotex.com\/wp-content\/uploads\/2024\/06\/Fenster-V4-Zubehor-fur-Forderbandern-Abdeckhauben.jpg 600w, https:\/\/www.capotex.com\/wp-content\/uploads\/2024\/06\/Fenster-V4-Zubehor-fur-Forderbandern-Abdeckhauben-300x165.jpg 300w\" sizes=\"(max-width: 600px) 100vw, 600px\" \/>\t\t\t\t\t\t\t\t<\/a>\n\t\t\t\t\t\t\t\t\t\t\t\t\t\t\t<\/div>\n\t\t\t\t<\/div>\n\t\t\t\t<div class=\"elementor-element elementor-element-6293d33 elementor-widget elementor-widget-text-editor\" data-id=\"6293d33\" data-element_type=\"widget\" data-e-type=\"widget\" data-widget_type=\"text-editor.default\">\n\t\t\t\t<div class=\"elementor-widget-container\">\n\t\t\t\t\t\t\t\t\t<p>Alle unsere Abdeckhauben k\u00f6nnen mit leicht zu \u00f6ffnenden Inspektionsluken ausgestattet werden.<\/p>\n\t\t\t\t\t\t\t\t<\/div>\n\t\t\t\t<\/div>\n\t\t\t\t<\/div>\n\t\t\t\t\t<\/div>\n\t\t\t\t<\/div>\n\t\t\t\t<\/div>\n\t\t","protected":false},"excerpt":{"rendered":"<p>Zubeh\u00f6r f\u00fcr F\u00f6rderb\u00e4ndern Abdeckhauben Caposafe Sicherheitsstrebe. H\u00e4lt unsere Abdeckhauben MADRID und PARIS sicher offen. F\u00fchrungsrollen Die F\u00fchrungsrollen st\u00f6ren in der Regel die Abdeckhauben. Diese ma\u00dfgeschneiderte Verl\u00e4ngerung erm\u00f6glicht die freie Beweglichkeit der F\u00fchrungsrollen. Handgriff Dieser Griff kann an allen unseren Abdeckhauben angebracht werden, um den Bedienungskomfort zu verbessern. Bei unseren Modellen MADRID und PARIS kann das [&hellip;]<\/p>\n","protected":false},"author":1,"featured_media":2229,"parent":26272,"menu_order":70,"comment_status":"closed","ping_status":"closed","template":"","meta":{"_joinchat":[],"footnotes":""},"tags":[66],"class_list":["post-26511","page","type-page","status-publish","has-post-thumbnail","hentry","tag-capotexprodukte"],"_links":{"self":[{"href":"https:\/\/www.capotex.com\/de\/wp-json\/wp\/v2\/pages\/26511","targetHints":{"allow":["GET"]}}],"collection":[{"href":"https:\/\/www.capotex.com\/de\/wp-json\/wp\/v2\/pages"}],"about":[{"href":"https:\/\/www.capotex.com\/de\/wp-json\/wp\/v2\/types\/page"}],"author":[{"embeddable":true,"href":"https:\/\/www.capotex.com\/de\/wp-json\/wp\/v2\/users\/1"}],"replies":[{"embeddable":true,"href":"https:\/\/www.capotex.com\/de\/wp-json\/wp\/v2\/comments?post=26511"}],"version-history":[{"count":19,"href":"https:\/\/www.capotex.com\/de\/wp-json\/wp\/v2\/pages\/26511\/revisions"}],"predecessor-version":[{"id":34305,"href":"https:\/\/www.capotex.com\/de\/wp-json\/wp\/v2\/pages\/26511\/revisions\/34305"}],"up":[{"embeddable":true,"href":"https:\/\/www.capotex.com\/de\/wp-json\/wp\/v2\/pages\/26272"}],"wp:featuredmedia":[{"embeddable":true,"href":"https:\/\/www.capotex.com\/de\/wp-json\/wp\/v2\/media\/2229"}],"wp:attachment":[{"href":"https:\/\/www.capotex.com\/de\/wp-json\/wp\/v2\/media?parent=26511"}],"wp:term":[{"taxonomy":"post_tag","embeddable":true,"href":"https:\/\/www.capotex.com\/de\/wp-json\/wp\/v2\/tags?post=26511"}],"curies":[{"name":"wp","href":"https:\/\/api.w.org\/{rel}","templated":true}]}}