{"id":26549,"date":"2023-07-02T13:52:48","date_gmt":"2023-07-02T12:52:48","guid":{"rendered":"https:\/\/capotex.com\/produkte\/befestigungen\/c-1-schloss-scharnier\/"},"modified":"2025-02-04T11:51:29","modified_gmt":"2025-02-04T10:51:29","slug":"c1","status":"publish","type":"page","link":"https:\/\/www.capotex.com\/de\/befestigungen-fur-forderbandern-abdeckhauben\/c1\/","title":{"rendered":"C-1 Schloss-Scharnier"},"content":{"rendered":"\t\t<div data-elementor-type=\"wp-page\" data-elementor-id=\"26549\" class=\"elementor elementor-26549 elementor-25144\" data-elementor-post-type=\"page\">\n\t\t\t\t<div class=\"elementor-element elementor-element-c29f903 e-flex e-con-boxed e-con e-parent\" data-id=\"c29f903\" data-element_type=\"container\" data-e-type=\"container\">\n\t\t\t\t\t<div class=\"e-con-inner\">\n\t\t<div class=\"elementor-element elementor-element-4fd32e4 e-con-full e-flex e-con e-child\" data-id=\"4fd32e4\" data-element_type=\"container\" data-e-type=\"container\">\n\t\t\t\t<div class=\"elementor-element elementor-element-65fd4fd elementor-widget elementor-widget-image\" data-id=\"65fd4fd\" data-element_type=\"widget\" data-e-type=\"widget\" data-widget_type=\"image.default\">\n\t\t\t\t<div class=\"elementor-widget-container\">\n\t\t\t\t\t\t\t\t\t\t\t\t\t\t\t<img fetchpriority=\"high\" decoding=\"async\" width=\"695\" height=\"391\" src=\"https:\/\/www.capotex.com\/wp-content\/uploads\/2024\/06\/Schloss-Scharnier-fur-Forderbandern-Abdeckhauben.webp\" class=\"attachment-full size-full wp-image-34603\" alt=\"Schloss-Scharnier f\u00fcr F\u00f6rderb\u00e4ndern Abdeckhauben\" srcset=\"https:\/\/www.capotex.com\/wp-content\/uploads\/2024\/06\/Schloss-Scharnier-fur-Forderbandern-Abdeckhauben.webp 695w, https:\/\/www.capotex.com\/wp-content\/uploads\/2024\/06\/Schloss-Scharnier-fur-Forderbandern-Abdeckhauben-300x169.webp 300w\" sizes=\"(max-width: 695px) 100vw, 695px\" \/>\t\t\t\t\t\t\t\t\t\t\t\t\t\t\t<\/div>\n\t\t\t\t<\/div>\n\t\t\t\t<\/div>\n\t\t\t\t\t<\/div>\n\t\t\t\t<\/div>\n\t\t<div class=\"elementor-element elementor-element-b843259 e-flex e-con-boxed e-con e-parent\" data-id=\"b843259\" data-element_type=\"container\" data-e-type=\"container\">\n\t\t\t\t\t<div class=\"e-con-inner\">\n\t\t<div class=\"elementor-element elementor-element-aea3202 e-con-full e-flex e-con e-child\" data-id=\"aea3202\" data-element_type=\"container\" data-e-type=\"container\">\n\t\t\t\t<div class=\"elementor-element elementor-element-cfe29fb elementor-widget elementor-widget-heading\" data-id=\"cfe29fb\" data-element_type=\"widget\" data-e-type=\"widget\" data-widget_type=\"heading.default\">\n\t\t\t\t<div class=\"elementor-widget-container\">\n\t\t\t\t\t<h2 class=\"elementor-heading-title elementor-size-default\">Schloss-Scharnier f\u00fcr F\u00f6rderb\u00e4ndern Abdeckhauben - C-1<\/h2>\t\t\t\t<\/div>\n\t\t\t\t<\/div>\n\t\t\t\t<div class=\"elementor-element elementor-element-bec0767 elementor-widget elementor-widget-text-editor\" data-id=\"bec0767\" data-element_type=\"widget\" data-e-type=\"widget\" data-widget_type=\"text-editor.default\">\n\t\t\t\t<div class=\"elementor-widget-container\">\n\t\t\t\t\t\t\t\t\t<p><strong>Capotex C-1 Scharnier\/Verschluss mit Stahlwinkel<\/strong>: Unser vorgebohrter verzinkter Stahlwinkel wird mit zwei hochwertigen selbstschneidende Schrauben (im Lieferumfang enthalten) an der F\u00f6rderbandstruktur befestigt. Diese Schrauben bohren leicht bis zu 12 mm. (0,50 Zoll) in die Stahlstruktur. Unsere Stahlwinkel k\u00f6nnen auch mit pulverbeschichteten Befestigungselementen befestigt werden, was die Montagezeit drastisch reduziert.<\/p>\t\t\t\t\t\t\t\t<\/div>\n\t\t\t\t<\/div>\n\t\t\t\t<\/div>\n\t\t\t\t\t<\/div>\n\t\t\t\t<\/div>\n\t\t<div class=\"elementor-element elementor-element-1f0613f e-flex e-con-boxed e-con e-parent\" data-id=\"1f0613f\" data-element_type=\"container\" data-e-type=\"container\">\n\t\t\t\t\t<div class=\"e-con-inner\">\n\t\t<div class=\"elementor-element elementor-element-745cee0 e-con-full e-flex e-con e-child\" data-id=\"745cee0\" data-element_type=\"container\" data-e-type=\"container\">\n\t\t\t\t<div class=\"elementor-element elementor-element-eaba4d0 elementor-tabs-view-horizontal elementor-widget elementor-widget-tabs\" data-id=\"eaba4d0\" data-element_type=\"widget\" data-e-type=\"widget\" data-widget_type=\"tabs.default\">\n\t\t\t\t<div class=\"elementor-widget-container\">\n\t\t\t\t\t\t\t<div class=\"elementor-tabs\">\n\t\t\t<div class=\"elementor-tabs-wrapper\" role=\"tablist\" >\n\t\t\t\t\t\t\t\t\t<div id=\"elementor-tab-title-2461\" class=\"elementor-tab-title elementor-tab-desktop-title\" aria-selected=\"true\" data-tab=\"1\" role=\"tab\" tabindex=\"0\" aria-controls=\"elementor-tab-content-2461\" aria-expanded=\"false\">Merkmale<\/div>\n\t\t\t\t\t\t\t<\/div>\n\t\t\t<div class=\"elementor-tabs-content-wrapper\" role=\"tablist\" aria-orientation=\"vertical\">\n\t\t\t\t\t\t\t\t\t<div class=\"elementor-tab-title elementor-tab-mobile-title\" aria-selected=\"true\" data-tab=\"1\" role=\"tab\" tabindex=\"0\" aria-controls=\"elementor-tab-content-2461\" aria-expanded=\"false\">Merkmale<\/div>\n\t\t\t\t\t<div id=\"elementor-tab-content-2461\" class=\"elementor-tab-content elementor-clearfix\" data-tab=\"1\" role=\"tabpanel\" aria-labelledby=\"elementor-tab-title-2461\" tabindex=\"0\" hidden=\"false\"><p><strong>Capotex C-1 Scharnier\/Verschluss mit Stahlplatte<\/strong>: Unsere Stahlplatte wird direkt auf die Struktur des F\u00f6rderers geschwei\u00dft. Wenn nicht anders gew\u00fcnscht, wird das Stahlblech nicht verzinkt, um gef\u00e4hrliche Emissionen w\u00e4hrend des Schwei\u00dfvorgangs zu vermeiden.<\/p><p><strong>C-1 Scharnier\/Verschluss mit Fl\u00fcgelmutter<\/strong>: Die Fl\u00fcgelmutter erm\u00f6glicht das manuelle L\u00f6sen der Verschl\u00fcsse.<\/p><p><strong>C-1 Scharnier\/Verschluss mit Druck U-Platte<\/strong>: Entwickelt, um Bohren oder Schwei\u00dfen an der F\u00f6rderbandstruktur zu vermeiden. Nur f\u00fcr U-Profile (UPN) verf\u00fcgbar.<\/p><p><strong>Kundenspezifisches C-1<\/strong>: Wir passen unser C-1 Scharnier\/Verschluss an jede F\u00f6rderbandstruktur an, indem wir seine Form ver\u00e4ndern.<\/p><\/div>\n\t\t\t\t\t\t\t<\/div>\n\t\t<\/div>\n\t\t\t\t\t\t<\/div>\n\t\t\t\t<\/div>\n\t\t\t\t<\/div>\n\t\t\t\t\t<\/div>\n\t\t\t\t<\/div>\n\t\t\t\t<\/div>\n\t\t","protected":false},"excerpt":{"rendered":"<p>Schloss-Scharnier f\u00fcr F\u00f6rderb\u00e4ndern Abdeckhauben &#8211; C-1 Capotex C-1 Scharnier\/Verschluss mit Stahlwinkel: Unser vorgebohrter verzinkter Stahlwinkel wird mit zwei hochwertigen selbstschneidende Schrauben (im Lieferumfang enthalten) an der F\u00f6rderbandstruktur befestigt. Diese Schrauben bohren leicht bis zu 12 mm. (0,50 Zoll) in die Stahlstruktur. Unsere Stahlwinkel k\u00f6nnen auch mit pulverbeschichteten Befestigungselementen befestigt werden, was die Montagezeit drastisch reduziert. [&hellip;]<\/p>\n","protected":false},"author":1,"featured_media":932,"parent":26458,"menu_order":1,"comment_status":"closed","ping_status":"closed","template":"","meta":{"_joinchat":[],"footnotes":""},"tags":[75],"class_list":["post-26549","page","type-page","status-publish","has-post-thumbnail","hentry","tag-befestigungen"],"_links":{"self":[{"href":"https:\/\/www.capotex.com\/de\/wp-json\/wp\/v2\/pages\/26549","targetHints":{"allow":["GET"]}}],"collection":[{"href":"https:\/\/www.capotex.com\/de\/wp-json\/wp\/v2\/pages"}],"about":[{"href":"https:\/\/www.capotex.com\/de\/wp-json\/wp\/v2\/types\/page"}],"author":[{"embeddable":true,"href":"https:\/\/www.capotex.com\/de\/wp-json\/wp\/v2\/users\/1"}],"replies":[{"embeddable":true,"href":"https:\/\/www.capotex.com\/de\/wp-json\/wp\/v2\/comments?post=26549"}],"version-history":[{"count":16,"href":"https:\/\/www.capotex.com\/de\/wp-json\/wp\/v2\/pages\/26549\/revisions"}],"predecessor-version":[{"id":37031,"href":"https:\/\/www.capotex.com\/de\/wp-json\/wp\/v2\/pages\/26549\/revisions\/37031"}],"up":[{"embeddable":true,"href":"https:\/\/www.capotex.com\/de\/wp-json\/wp\/v2\/pages\/26458"}],"wp:featuredmedia":[{"embeddable":true,"href":"https:\/\/www.capotex.com\/de\/wp-json\/wp\/v2\/media\/932"}],"wp:attachment":[{"href":"https:\/\/www.capotex.com\/de\/wp-json\/wp\/v2\/media?parent=26549"}],"wp:term":[{"taxonomy":"post_tag","embeddable":true,"href":"https:\/\/www.capotex.com\/de\/wp-json\/wp\/v2\/tags?post=26549"}],"curies":[{"name":"wp","href":"https:\/\/api.w.org\/{rel}","templated":true}]}}