{"id":30048,"date":"2023-12-05T09:28:45","date_gmt":"2023-12-05T08:28:45","guid":{"rendered":"https:\/\/www.capotex.com\/?page_id=30048"},"modified":"2025-01-15T10:03:18","modified_gmt":"2025-01-15T09:03:18","slug":"kolumbien","status":"publish","type":"page","link":"https:\/\/www.capotex.com\/de\/projekte-forderband-abdeckhauben\/kolumbien\/","title":{"rendered":"Abdeckhaube von F\u00f6rderb\u00e4ndern Kolumbien"},"content":{"rendered":"\t\t<div data-elementor-type=\"wp-page\" data-elementor-id=\"30048\" class=\"elementor elementor-30048 elementor-30047\" data-elementor-post-type=\"page\">\n\t\t\t\t<div class=\"elementor-element elementor-element-c456375 e-flex e-con-boxed e-con e-parent\" data-id=\"c456375\" data-element_type=\"container\" data-e-type=\"container\">\n\t\t\t\t\t<div class=\"e-con-inner\">\n\t\t\t\t<div class=\"elementor-element elementor-element-6cfea41 elementor-widget elementor-widget-text-editor\" data-id=\"6cfea41\" data-element_type=\"widget\" data-e-type=\"widget\" data-widget_type=\"text-editor.default\">\n\t\t\t\t<div class=\"elementor-widget-container\">\n\t\t\t\t\t\t\t\t\t<p><a href=\"https:\/\/www.capotex.com\/de\/projekte-forderband-abdeckhauben\/\">Zur\u00fcck zu allen Projekten<\/a><\/p>\t\t\t\t\t\t\t\t<\/div>\n\t\t\t\t<\/div>\n\t\t\t\t<div class=\"elementor-element elementor-element-fdfd7ca elementor-widget elementor-widget-text-editor\" data-id=\"fdfd7ca\" data-element_type=\"widget\" data-e-type=\"widget\" data-widget_type=\"text-editor.default\">\n\t\t\t\t<div class=\"elementor-widget-container\">\n\t\t\t\t\t\t\t\t\t<p><a href=\"https:\/\/www.capotex.com\/de\/projekte-forderband-abdeckhauben\/kuba\/\">N\u00e4chstes Projekt (Kuba)<\/a><\/p>\t\t\t\t\t\t\t\t<\/div>\n\t\t\t\t<\/div>\n\t\t\t\t\t<\/div>\n\t\t\t\t<\/div>\n\t\t<div class=\"elementor-element elementor-element-a1a462f e-flex e-con-boxed e-con e-parent\" data-id=\"a1a462f\" data-element_type=\"container\" data-e-type=\"container\">\n\t\t\t\t\t<div class=\"e-con-inner\">\n\t\t\t\t\t<\/div>\n\t\t\t\t<\/div>\n\t\t<div class=\"elementor-element elementor-element-77f99c0 e-flex e-con-boxed e-con e-parent\" data-id=\"77f99c0\" data-element_type=\"container\" data-e-type=\"container\">\n\t\t\t\t\t<div class=\"e-con-inner\">\n\t\t<div class=\"elementor-element elementor-element-7b16622 e-con-full e-flex e-con e-child\" data-id=\"7b16622\" data-element_type=\"container\" data-e-type=\"container\" data-settings=\"{&quot;background_background&quot;:&quot;classic&quot;}\">\n\t\t\t\t<div class=\"elementor-element elementor-element-b49bbd7 elementor-widget elementor-widget-image\" data-id=\"b49bbd7\" data-element_type=\"widget\" data-e-type=\"widget\" data-widget_type=\"image.default\">\n\t\t\t\t<div class=\"elementor-widget-container\">\n\t\t\t\t\t\t\t\t\t\t\t\t\t\t\t<img fetchpriority=\"high\" decoding=\"async\" width=\"640\" height=\"640\" src=\"https:\/\/www.capotex.com\/wp-content\/uploads\/2023\/05\/Count-numbers.gif\" class=\"attachment-full size-full wp-image-25921\" alt=\"\" \/>\t\t\t\t\t\t\t\t\t\t\t\t\t\t\t<\/div>\n\t\t\t\t<\/div>\n\t\t\t\t<div class=\"elementor-element elementor-element-0060699 elementor-widget elementor-widget-heading\" data-id=\"0060699\" data-element_type=\"widget\" data-e-type=\"widget\" data-widget_type=\"heading.default\">\n\t\t\t\t<div class=\"elementor-widget-container\">\n\t\t\t\t\t<h2 class=\"elementor-heading-title elementor-size-default\">Anzahl der Projekte<\/h2>\t\t\t\t<\/div>\n\t\t\t\t<\/div>\n\t\t\t\t<div class=\"elementor-element elementor-element-3105330 elementor-widget elementor-widget-text-editor\" data-id=\"3105330\" data-element_type=\"widget\" data-e-type=\"widget\" data-widget_type=\"text-editor.default\">\n\t\t\t\t<div class=\"elementor-widget-container\">\n\t\t\t\t\t\t\t\t\t<p>80<\/p>\t\t\t\t\t\t\t\t<\/div>\n\t\t\t\t<\/div>\n\t\t\t\t<\/div>\n\t\t<div class=\"elementor-element elementor-element-12c0424 e-con-full e-flex e-con e-child\" data-id=\"12c0424\" data-element_type=\"container\" data-e-type=\"container\" data-settings=\"{&quot;background_background&quot;:&quot;classic&quot;}\">\n\t\t\t\t<div class=\"elementor-element elementor-element-fe437fb elementor-widget elementor-widget-image\" data-id=\"fe437fb\" data-element_type=\"widget\" data-e-type=\"widget\" data-widget_type=\"image.default\">\n\t\t\t\t<div class=\"elementor-widget-container\">\n\t\t\t\t\t\t\t\t\t\t\t\t\t\t\t<img decoding=\"async\" width=\"640\" height=\"640\" src=\"https:\/\/www.capotex.com\/wp-content\/uploads\/2023\/05\/Road.gif\" class=\"attachment-full size-full wp-image-25925\" alt=\"\" \/>\t\t\t\t\t\t\t\t\t\t\t\t\t\t\t<\/div>\n\t\t\t\t<\/div>\n\t\t\t\t<div class=\"elementor-element elementor-element-2675db9 elementor-widget elementor-widget-heading\" data-id=\"2675db9\" data-element_type=\"widget\" data-e-type=\"widget\" data-widget_type=\"heading.default\">\n\t\t\t\t<div class=\"elementor-widget-container\">\n\t\t\t\t\t<h2 class=\"elementor-heading-title elementor-size-default\">Zur\u00fcckgelegte Kilometer<\/h2>\t\t\t\t<\/div>\n\t\t\t\t<\/div>\n\t\t\t\t<div class=\"elementor-element elementor-element-7f78734 elementor-widget elementor-widget-text-editor\" data-id=\"7f78734\" data-element_type=\"widget\" data-e-type=\"widget\" data-widget_type=\"text-editor.default\">\n\t\t\t\t<div class=\"elementor-widget-container\">\n\t\t\t\t\t\t\t\t\t<p>22<\/p>\t\t\t\t\t\t\t\t<\/div>\n\t\t\t\t<\/div>\n\t\t\t\t<\/div>\n\t\t<div class=\"elementor-element elementor-element-b3d2b1d e-con-full e-flex e-con e-child\" data-id=\"b3d2b1d\" data-element_type=\"container\" data-e-type=\"container\" data-settings=\"{&quot;background_background&quot;:&quot;classic&quot;}\">\n\t\t\t\t<div class=\"elementor-element elementor-element-82a0049 elementor-widget elementor-widget-image\" data-id=\"82a0049\" data-element_type=\"widget\" data-e-type=\"widget\" data-widget_type=\"image.default\">\n\t\t\t\t<div class=\"elementor-widget-container\">\n\t\t\t\t\t\t\t\t\t\t\t\t\t\t\t<img decoding=\"async\" width=\"640\" height=\"640\" src=\"https:\/\/www.capotex.com\/wp-content\/uploads\/2023\/05\/Calendar.gif\" class=\"attachment-full size-full wp-image-25929\" alt=\"\" \/>\t\t\t\t\t\t\t\t\t\t\t\t\t\t\t<\/div>\n\t\t\t\t<\/div>\n\t\t\t\t<div class=\"elementor-element elementor-element-6e800cb elementor-widget elementor-widget-heading\" data-id=\"6e800cb\" data-element_type=\"widget\" data-e-type=\"widget\" data-widget_type=\"heading.default\">\n\t\t\t\t<div class=\"elementor-widget-container\">\n\t\t\t\t\t<h2 class=\"elementor-heading-title elementor-size-default\">Anfangsjahr<\/h2>\t\t\t\t<\/div>\n\t\t\t\t<\/div>\n\t\t\t\t<div class=\"elementor-element elementor-element-b69b34b elementor-widget elementor-widget-text-editor\" data-id=\"b69b34b\" data-element_type=\"widget\" data-e-type=\"widget\" data-widget_type=\"text-editor.default\">\n\t\t\t\t<div class=\"elementor-widget-container\">\n\t\t\t\t\t\t\t\t\t<p>2009<\/p>\n\t\t\t\t\t\t\t\t<\/div>\n\t\t\t\t<\/div>\n\t\t\t\t<\/div>\n\t\t\t\t\t<\/div>\n\t\t\t\t<\/div>\n\t\t<div class=\"elementor-element elementor-element-119dad1 e-flex e-con-boxed e-con e-parent\" data-id=\"119dad1\" data-element_type=\"container\" data-e-type=\"container\">\n\t\t\t\t\t<div class=\"e-con-inner\">\n\t\t\t\t<div class=\"elementor-element elementor-element-6c984ea elementor-widget elementor-widget-heading\" data-id=\"6c984ea\" data-element_type=\"widget\" data-e-type=\"widget\" data-widget_type=\"heading.default\">\n\t\t\t\t<div class=\"elementor-widget-container\">\n\t\t\t\t\t<h3 class=\"elementor-heading-title elementor-size-default\">Ausgew\u00e4hltes Projekt<\/h3>\t\t\t\t<\/div>\n\t\t\t\t<\/div>\n\t\t\t\t\t<\/div>\n\t\t\t\t<\/div>\n\t\t<div class=\"elementor-element elementor-element-eb5f5de e-flex e-con-boxed e-con e-parent\" data-id=\"eb5f5de\" data-element_type=\"container\" data-e-type=\"container\">\n\t\t\t\t\t<div class=\"e-con-inner\">\n\t\t<div class=\"elementor-element elementor-element-6d4d77e e-con-full e-flex e-con e-child\" data-id=\"6d4d77e\" data-element_type=\"container\" data-e-type=\"container\">\n\t\t\t\t<div class=\"elementor-element elementor-element-099db91 elementor-widget elementor-widget-heading\" data-id=\"099db91\" data-element_type=\"widget\" data-e-type=\"widget\" data-widget_type=\"heading.default\">\n\t\t\t\t<div class=\"elementor-widget-container\">\n\t\t\t\t\t<h6 class=\"elementor-heading-title elementor-size-default\">L\u00e4nge<\/h6>\t\t\t\t<\/div>\n\t\t\t\t<\/div>\n\t\t\t\t<div class=\"elementor-element elementor-element-5cef2c7 elementor-widget-divider--view-line_icon elementor-view-default elementor-widget-divider--element-align-center elementor-widget elementor-widget-divider\" data-id=\"5cef2c7\" data-element_type=\"widget\" data-e-type=\"widget\" data-widget_type=\"divider.default\">\n\t\t\t\t<div class=\"elementor-widget-container\">\n\t\t\t\t\t\t\t<div class=\"elementor-divider\">\n\t\t\t<span class=\"elementor-divider-separator\">\n\t\t\t\t\t\t\t<div class=\"elementor-icon elementor-divider__element\">\n\t\t\t\t\t<i aria-hidden=\"true\" class=\"fas fa-ruler-horizontal\"><\/i><\/div>\n\t\t\t\t\t\t<\/span>\n\t\t<\/div>\n\t\t\t\t\t\t<\/div>\n\t\t\t\t<\/div>\n\t\t\t\t<div class=\"elementor-element elementor-element-24a42ae elementor-widget elementor-widget-text-editor\" data-id=\"24a42ae\" data-element_type=\"widget\" data-e-type=\"widget\" data-widget_type=\"text-editor.default\">\n\t\t\t\t<div class=\"elementor-widget-container\">\n\t\t\t\t\t\t\t\t\t<p>5,8 km<\/p>\n\t\t\t\t\t\t\t\t<\/div>\n\t\t\t\t<\/div>\n\t\t\t\t<\/div>\n\t\t<div class=\"elementor-element elementor-element-85f295f e-con-full e-flex e-con e-child\" data-id=\"85f295f\" data-element_type=\"container\" data-e-type=\"container\">\n\t\t\t\t<div class=\"elementor-element elementor-element-5e7623f elementor-widget elementor-widget-heading\" data-id=\"5e7623f\" data-element_type=\"widget\" data-e-type=\"widget\" data-widget_type=\"heading.default\">\n\t\t\t\t<div class=\"elementor-widget-container\">\n\t\t\t\t\t<h6 class=\"elementor-heading-title elementor-size-default\">Transportiertes Material<\/h6>\t\t\t\t<\/div>\n\t\t\t\t<\/div>\n\t\t\t\t<div class=\"elementor-element elementor-element-8015c8b elementor-widget-divider--view-line_icon elementor-view-default elementor-widget-divider--element-align-center elementor-widget elementor-widget-divider\" data-id=\"8015c8b\" data-element_type=\"widget\" data-e-type=\"widget\" data-widget_type=\"divider.default\">\n\t\t\t\t<div class=\"elementor-widget-container\">\n\t\t\t\t\t\t\t<div class=\"elementor-divider\">\n\t\t\t<span class=\"elementor-divider-separator\">\n\t\t\t\t\t\t\t<div class=\"elementor-icon elementor-divider__element\">\n\t\t\t\t\t<i aria-hidden=\"true\" class=\"far fa-gem\"><\/i><\/div>\n\t\t\t\t\t\t<\/span>\n\t\t<\/div>\n\t\t\t\t\t\t<\/div>\n\t\t\t\t<\/div>\n\t\t\t\t<div class=\"elementor-element elementor-element-e865f46 elementor-widget elementor-widget-text-editor\" data-id=\"e865f46\" data-element_type=\"widget\" data-e-type=\"widget\" data-widget_type=\"text-editor.default\">\n\t\t\t\t<div class=\"elementor-widget-container\">\n\t\t\t\t\t\t\t\t\t<p>Kohle<\/p>\n\t\t\t\t\t\t\t\t<\/div>\n\t\t\t\t<\/div>\n\t\t\t\t<\/div>\n\t\t<div class=\"elementor-element elementor-element-cdf7a34 e-con-full e-flex e-con e-child\" data-id=\"cdf7a34\" data-element_type=\"container\" data-e-type=\"container\">\n\t\t\t\t<div class=\"elementor-element elementor-element-87509d4 elementor-widget elementor-widget-heading\" data-id=\"87509d4\" data-element_type=\"widget\" data-e-type=\"widget\" data-widget_type=\"heading.default\">\n\t\t\t\t<div class=\"elementor-widget-container\">\n\t\t\t\t\t<h6 class=\"elementor-heading-title elementor-size-default\">Abdeckhauben-Model<\/h6>\t\t\t\t<\/div>\n\t\t\t\t<\/div>\n\t\t\t\t<div class=\"elementor-element elementor-element-3f8be4e elementor-widget-divider--view-line_icon elementor-view-default elementor-widget-divider--element-align-center elementor-widget elementor-widget-divider\" data-id=\"3f8be4e\" data-element_type=\"widget\" data-e-type=\"widget\" data-widget_type=\"divider.default\">\n\t\t\t\t<div class=\"elementor-widget-container\">\n\t\t\t\t\t\t\t<div class=\"elementor-divider\">\n\t\t\t<span class=\"elementor-divider-separator\">\n\t\t\t\t\t\t\t<div class=\"elementor-icon elementor-divider__element\">\n\t\t\t\t\t<svg xmlns=\"http:\/\/www.w3.org\/2000\/svg\" xmlns:xlink=\"http:\/\/www.w3.org\/1999\/xlink\" xmlns:serif=\"http:\/\/www.serif.com\/\" fill=\"#000000\" viewBox=\"0 0 64 64\" xml:space=\"preserve\" style=\"fill-rule:evenodd;clip-rule:evenodd;stroke-linejoin:round;stroke-miterlimit:2;\" transform=\"rotate(90)\"><g id=\"SVGRepo_bgCarrier\" stroke-width=\"0\"><\/g><g id=\"SVGRepo_tracerCarrier\" stroke-linecap=\"round\" stroke-linejoin=\"round\"><\/g><g id=\"SVGRepo_iconCarrier\"> <rect id=\"Icons\" x=\"-832\" y=\"-256\" width=\"1280\" height=\"800\" style=\"fill:none;\"><\/rect> <g id=\"Icons1\" serif:id=\"Icons\"> <g id=\"Strike\"> <\/g> <g id=\"H1\"> <\/g> <g id=\"H2\"> <\/g> <g id=\"H3\"> <\/g> <g id=\"list-ul\"> <\/g> <g id=\"hamburger-1\"> <\/g> <g id=\"hamburger-2\"> <\/g> <g id=\"list-ol\"> <\/g> <g id=\"list-task\"> <\/g> <g id=\"trash\"> <\/g> <g id=\"vertical-menu\"> <\/g> <g id=\"horizontal-menu\"> <\/g> <g id=\"sidebar-2\"> <\/g> <g id=\"Pen\"> <\/g> <g id=\"Pen1\" serif:id=\"Pen\"> <\/g> <g id=\"clock\"> <\/g> <g id=\"external-link\"> <\/g> <g id=\"hr\"> <\/g> <g id=\"info\"> <\/g> <g id=\"warning\"> <\/g> <g id=\"plus-circle\"> <\/g> <g id=\"minus-circle\"> <\/g> <g id=\"vue\"> <\/g> <g id=\"cog\"> <\/g> <g id=\"logo\"> <\/g> <path id=\"half-circle\" d=\"M32.076,7.963c-13.265,0 -24.018,10.754 -24.018,24.019c0,13.264 10.753,24.018 24.018,24.018l0,-4.013c-11.049,0 -20.006,-8.957 -20.006,-20.005c0,-11.049 8.957,-20.006 20.006,-20.006l0,-4.013Z\"><\/path> <g id=\"radio-check\"> <\/g> <g id=\"eye-slash\"> <\/g> <g id=\"eye\"> <\/g> <g id=\"toggle-off\"> <\/g> <g id=\"shredder\"> <\/g> <g id=\"spinner--loading--dots-\" serif:id=\"spinner [loading, dots]\"> <\/g> <g id=\"react\"> <\/g> <g id=\"check-selected\"> <\/g> <g id=\"turn-off\"> <\/g> <g id=\"code-block\"> <\/g> <g id=\"user\"> <\/g> <g id=\"coffee-bean\"> <\/g> <g id=\"coffee-beans\"> <g id=\"coffee-bean1\" serif:id=\"coffee-bean\"> <\/g> <\/g> <g id=\"coffee-bean-filled\"> <\/g> <g id=\"coffee-beans-filled\"> <g id=\"coffee-bean2\" serif:id=\"coffee-bean\"> <\/g> <\/g> <g id=\"clipboard\"> <\/g> <g id=\"clipboard-paste\"> <\/g> <g id=\"clipboard-copy\"> <\/g> <g id=\"Layer1\"> <\/g> <\/g> <\/g><\/svg><\/div>\n\t\t\t\t\t\t<\/span>\n\t\t<\/div>\n\t\t\t\t\t\t<\/div>\n\t\t\t\t<\/div>\n\t\t\t\t<div class=\"elementor-element elementor-element-220b4d3 elementor-widget elementor-widget-text-editor\" data-id=\"220b4d3\" data-element_type=\"widget\" data-e-type=\"widget\" data-widget_type=\"text-editor.default\">\n\t\t\t\t<div class=\"elementor-widget-container\">\n\t\t\t\t\t\t\t\t\t<p>Capoguard<\/p>\n\t\t\t\t\t\t\t\t<\/div>\n\t\t\t\t<\/div>\n\t\t\t\t<\/div>\n\t\t<div class=\"elementor-element elementor-element-17035c1 e-con-full e-flex e-con e-child\" data-id=\"17035c1\" data-element_type=\"container\" data-e-type=\"container\">\n\t\t\t\t<div class=\"elementor-element elementor-element-f5bcdb8 elementor-widget elementor-widget-heading\" data-id=\"f5bcdb8\" data-element_type=\"widget\" data-e-type=\"widget\" data-widget_type=\"heading.default\">\n\t\t\t\t<div class=\"elementor-widget-container\">\n\t\t\t\t\t<h6 class=\"elementor-heading-title elementor-size-default\">Abdeckhaubenmaterial<\/h6>\t\t\t\t<\/div>\n\t\t\t\t<\/div>\n\t\t\t\t<div class=\"elementor-element elementor-element-6f853b1 elementor-widget-divider--view-line_icon elementor-view-default elementor-widget-divider--element-align-center elementor-widget elementor-widget-divider\" data-id=\"6f853b1\" data-element_type=\"widget\" data-e-type=\"widget\" data-widget_type=\"divider.default\">\n\t\t\t\t<div class=\"elementor-widget-container\">\n\t\t\t\t\t\t\t<div class=\"elementor-divider\">\n\t\t\t<span class=\"elementor-divider-separator\">\n\t\t\t\t\t\t\t<div class=\"elementor-icon elementor-divider__element\">\n\t\t\t\t\t<svg xmlns=\"http:\/\/www.w3.org\/2000\/svg\" xmlns:xlink=\"http:\/\/www.w3.org\/1999\/xlink\" xmlns:serif=\"http:\/\/www.serif.com\/\" fill=\"#000000\" viewBox=\"0 0 64 64\" xml:space=\"preserve\" style=\"fill-rule:evenodd;clip-rule:evenodd;stroke-linejoin:round;stroke-miterlimit:2;\" transform=\"rotate(90)\"><g id=\"SVGRepo_bgCarrier\" stroke-width=\"0\"><\/g><g id=\"SVGRepo_tracerCarrier\" stroke-linecap=\"round\" stroke-linejoin=\"round\"><\/g><g id=\"SVGRepo_iconCarrier\"> <rect id=\"Icons\" x=\"-832\" y=\"-256\" width=\"1280\" height=\"800\" style=\"fill:none;\"><\/rect> <g id=\"Icons1\" serif:id=\"Icons\"> <g id=\"Strike\"> <\/g> <g id=\"H1\"> <\/g> <g id=\"H2\"> <\/g> <g id=\"H3\"> <\/g> <g id=\"list-ul\"> <\/g> <g id=\"hamburger-1\"> <\/g> <g id=\"hamburger-2\"> <\/g> <g id=\"list-ol\"> <\/g> <g id=\"list-task\"> <\/g> <g id=\"trash\"> <\/g> <g id=\"vertical-menu\"> <\/g> <g id=\"horizontal-menu\"> <\/g> <g id=\"sidebar-2\"> <\/g> <g id=\"Pen\"> <\/g> <g id=\"Pen1\" serif:id=\"Pen\"> <\/g> <g id=\"clock\"> <\/g> <g id=\"external-link\"> <\/g> <g id=\"hr\"> <\/g> <g id=\"info\"> <\/g> <g id=\"warning\"> <\/g> <g id=\"plus-circle\"> <\/g> <g id=\"minus-circle\"> <\/g> <g id=\"vue\"> <\/g> <g id=\"cog\"> <\/g> <g id=\"logo\"> <\/g> <path id=\"half-circle\" d=\"M32.076,7.963c-13.265,0 -24.018,10.754 -24.018,24.019c0,13.264 10.753,24.018 24.018,24.018l0,-4.013c-11.049,0 -20.006,-8.957 -20.006,-20.005c0,-11.049 8.957,-20.006 20.006,-20.006l0,-4.013Z\"><\/path> <g id=\"radio-check\"> <\/g> <g id=\"eye-slash\"> <\/g> <g id=\"eye\"> <\/g> <g id=\"toggle-off\"> <\/g> <g id=\"shredder\"> <\/g> <g id=\"spinner--loading--dots-\" serif:id=\"spinner [loading, dots]\"> <\/g> <g id=\"react\"> <\/g> <g id=\"check-selected\"> <\/g> <g id=\"turn-off\"> <\/g> <g id=\"code-block\"> <\/g> <g id=\"user\"> <\/g> <g id=\"coffee-bean\"> <\/g> <g id=\"coffee-beans\"> <g id=\"coffee-bean1\" serif:id=\"coffee-bean\"> <\/g> <\/g> <g id=\"coffee-bean-filled\"> <\/g> <g id=\"coffee-beans-filled\"> <g id=\"coffee-bean2\" serif:id=\"coffee-bean\"> <\/g> <\/g> <g id=\"clipboard\"> <\/g> <g id=\"clipboard-paste\"> <\/g> <g id=\"clipboard-copy\"> <\/g> <g id=\"Layer1\"> <\/g> <\/g> <\/g><\/svg><\/div>\n\t\t\t\t\t\t<\/span>\n\t\t<\/div>\n\t\t\t\t\t\t<\/div>\n\t\t\t\t<\/div>\n\t\t\t\t<div class=\"elementor-element elementor-element-86be703 elementor-widget elementor-widget-text-editor\" data-id=\"86be703\" data-element_type=\"widget\" data-e-type=\"widget\" data-widget_type=\"text-editor.default\">\n\t\t\t\t<div class=\"elementor-widget-container\">\n\t\t\t\t\t\t\t\t\t<p>HPS200<\/p>\n\t\t\t\t\t\t\t\t<\/div>\n\t\t\t\t<\/div>\n\t\t\t\t<\/div>\n\t\t\t\t\t<\/div>\n\t\t\t\t<\/div>\n\t\t<div class=\"elementor-element elementor-element-26ae889 e-flex e-con-boxed e-con e-parent\" data-id=\"26ae889\" data-element_type=\"container\" data-e-type=\"container\">\n\t\t\t\t\t<div class=\"e-con-inner\">\n\t\t<div class=\"elementor-element elementor-element-4d5ae90 e-con-full e-flex e-con e-child\" data-id=\"4d5ae90\" data-element_type=\"container\" data-e-type=\"container\">\n\t\t\t\t<div class=\"elementor-element elementor-element-906bdff elementor-widget elementor-widget-image\" data-id=\"906bdff\" data-element_type=\"widget\" data-e-type=\"widget\" data-widget_type=\"image.default\">\n\t\t\t\t<div class=\"elementor-widget-container\">\n\t\t\t\t\t\t\t\t\t\t\t\t\t\t\t<img loading=\"lazy\" decoding=\"async\" width=\"450\" height=\"601\" src=\"https:\/\/www.capotex.com\/wp-content\/uploads\/2023\/05\/conveyor cover colombia.webp\" class=\"attachment-full size-full wp-image-23533\" alt=\"Abdeckhaube von F\u00f6rderb\u00e4ndern Kolumbien\" srcset=\"https:\/\/www.capotex.com\/wp-content\/uploads\/2023\/05\/conveyor%20cover%20colombia.webp 450w, https:\/\/www.capotex.com\/wp-content\/uploads\/2023\/05\/conveyor%20cover%20colombia-225x300.webp 225w\" sizes=\"(max-width: 450px) 100vw, 450px\" \/>\t\t\t\t\t\t\t\t\t\t\t\t\t\t\t<\/div>\n\t\t\t\t<\/div>\n\t\t\t\t<\/div>\n\t\t<div class=\"elementor-element elementor-element-293ffbe e-con-full e-flex e-con e-child\" data-id=\"293ffbe\" data-element_type=\"container\" data-e-type=\"container\" data-settings=\"{&quot;background_background&quot;:&quot;classic&quot;}\">\n\t\t\t\t<div class=\"elementor-element elementor-element-a42d403 elementor-widget elementor-widget-text-editor\" data-id=\"a42d403\" data-element_type=\"widget\" data-e-type=\"widget\" data-widget_type=\"text-editor.default\">\n\t\t\t\t<div class=\"elementor-widget-container\">\n\t\t\t\t\t\t\t\t\t<p>Das Projekt wurde im Hafen von Santa Marta, Kolumbien, installiert.<\/p>\n<p>Das \u00fcberdachte Band f\u00fchrt 1 km weit ins Meer, um Schiffe zu beladen. Die Abdeckungen wurden auf ihre Widerstandsf\u00e4higkeit gegen <strong>Korrosion im Meer<\/strong> getestet und sind alle aus HPS200 gefertigt.<\/p>\n<p>Capotex entwarf und lieferte auch die Tr\u00e4gerstruktur f\u00fcr den Capoarc und die speziell entworfenen seitlichen Capoguards, die aus Trapezblech gefertigt und dank einer f\u00fcr dieses Projekt einzigartigen Scharnierkonstruktion faltbar sind.<\/p>\n<p>Die Struktur wurde mit einer Epoxidfarbe mit einer Dicke von 200 Mikron gestrichen.<\/p>\n\t\t\t\t\t\t\t\t<\/div>\n\t\t\t\t<\/div>\n\t\t\t\t<\/div>\n\t\t\t\t\t<\/div>\n\t\t\t\t<\/div>\n\t\t<div class=\"elementor-element elementor-element-7a14604 e-flex e-con-boxed e-con e-parent\" data-id=\"7a14604\" data-element_type=\"container\" data-e-type=\"container\">\n\t\t\t\t\t<div class=\"e-con-inner\">\n\t\t\t\t<div class=\"elementor-element elementor-element-e036add elementor-widget elementor-widget-text-editor\" data-id=\"e036add\" data-element_type=\"widget\" data-e-type=\"widget\" data-widget_type=\"text-editor.default\">\n\t\t\t\t<div class=\"elementor-widget-container\">\n\t\t\t\t\t\t\t\t\t<p><a href=\"https:\/\/www.capotex.com\/de\/projekte-forderband-abdeckhauben\/\">Zur\u00fcck zu allen Projekten<\/a><\/p>\t\t\t\t\t\t\t\t<\/div>\n\t\t\t\t<\/div>\n\t\t\t\t<div class=\"elementor-element elementor-element-f5a208d elementor-widget elementor-widget-text-editor\" data-id=\"f5a208d\" data-element_type=\"widget\" data-e-type=\"widget\" data-widget_type=\"text-editor.default\">\n\t\t\t\t<div class=\"elementor-widget-container\">\n\t\t\t\t\t\t\t\t\t<p><a href=\"https:\/\/www.capotex.com\/de\/projekte-forderband-abdeckhauben\/kuba\/\">N\u00e4chstes Projekt (Kuba)<\/a><\/p>\t\t\t\t\t\t\t\t<\/div>\n\t\t\t\t<\/div>\n\t\t\t\t\t<\/div>\n\t\t\t\t<\/div>\n\t\t\t\t<\/div>\n\t\t","protected":false},"excerpt":{"rendered":"<p>Zur\u00fcck zu allen Projekten N\u00e4chstes Projekt (Kuba) Anzahl der Projekte 80 Zur\u00fcckgelegte Kilometer 22 Anfangsjahr 2009 Ausgew\u00e4hltes Projekt L\u00e4nge 5,8 km Transportiertes Material Kohle Abdeckhauben-Model Capoguard Abdeckhaubenmaterial HPS200 Das Projekt wurde im Hafen von Santa Marta, Kolumbien, installiert. Das \u00fcberdachte Band f\u00fchrt 1 km weit ins Meer, um Schiffe zu beladen. Die Abdeckungen wurden auf [&hellip;]<\/p>\n","protected":false},"author":2,"featured_media":23533,"parent":26503,"menu_order":50,"comment_status":"closed","ping_status":"closed","template":"elementor_header_footer","meta":{"_joinchat":[],"footnotes":""},"tags":[92],"class_list":["post-30048","page","type-page","status-publish","has-post-thumbnail","hentry","tag-forderbandabdeckungen"],"_links":{"self":[{"href":"https:\/\/www.capotex.com\/de\/wp-json\/wp\/v2\/pages\/30048","targetHints":{"allow":["GET"]}}],"collection":[{"href":"https:\/\/www.capotex.com\/de\/wp-json\/wp\/v2\/pages"}],"about":[{"href":"https:\/\/www.capotex.com\/de\/wp-json\/wp\/v2\/types\/page"}],"author":[{"embeddable":true,"href":"https:\/\/www.capotex.com\/de\/wp-json\/wp\/v2\/users\/2"}],"replies":[{"embeddable":true,"href":"https:\/\/www.capotex.com\/de\/wp-json\/wp\/v2\/comments?post=30048"}],"version-history":[{"count":25,"href":"https:\/\/www.capotex.com\/de\/wp-json\/wp\/v2\/pages\/30048\/revisions"}],"predecessor-version":[{"id":36889,"href":"https:\/\/www.capotex.com\/de\/wp-json\/wp\/v2\/pages\/30048\/revisions\/36889"}],"up":[{"embeddable":true,"href":"https:\/\/www.capotex.com\/de\/wp-json\/wp\/v2\/pages\/26503"}],"wp:featuredmedia":[{"embeddable":true,"href":"https:\/\/www.capotex.com\/de\/wp-json\/wp\/v2\/media\/23533"}],"wp:attachment":[{"href":"https:\/\/www.capotex.com\/de\/wp-json\/wp\/v2\/media?parent=30048"}],"wp:term":[{"taxonomy":"post_tag","embeddable":true,"href":"https:\/\/www.capotex.com\/de\/wp-json\/wp\/v2\/tags?post=30048"}],"curies":[{"name":"wp","href":"https:\/\/api.w.org\/{rel}","templated":true}]}}