{"id":30753,"date":"2023-12-08T16:54:42","date_gmt":"2023-12-08T15:54:42","guid":{"rendered":"https:\/\/www.capotex.com\/?page_id=30753"},"modified":"2024-09-10T15:06:32","modified_gmt":"2024-09-10T14:06:32","slug":"polen","status":"publish","type":"page","link":"https:\/\/www.capotex.com\/de\/projekte-forderband-abdeckhauben\/polen\/","title":{"rendered":"Abdeckhaube von F\u00f6rderb\u00e4ndern Polen"},"content":{"rendered":"\t\t<div data-elementor-type=\"wp-page\" data-elementor-id=\"30753\" class=\"elementor elementor-30753 elementor-30752\" data-elementor-post-type=\"page\">\n\t\t\t\t<div class=\"elementor-element elementor-element-faf9681 e-flex e-con-boxed e-con e-parent\" data-id=\"faf9681\" data-element_type=\"container\" data-e-type=\"container\">\n\t\t\t\t\t<div class=\"e-con-inner\">\n\t\t\t\t<div class=\"elementor-element elementor-element-119c676 elementor-widget elementor-widget-text-editor\" data-id=\"119c676\" data-element_type=\"widget\" data-e-type=\"widget\" data-widget_type=\"text-editor.default\">\n\t\t\t\t<div class=\"elementor-widget-container\">\n\t\t\t\t\t\t\t\t\t<p><a href=\"https:\/\/www.capotex.com\/de\/projekte-forderband-abdeckhauben\/\">Zur\u00fcck zu allen Projekten<\/a><\/p>\t\t\t\t\t\t\t\t<\/div>\n\t\t\t\t<\/div>\n\t\t\t\t<div class=\"elementor-element elementor-element-e47cd48 elementor-widget elementor-widget-text-editor\" data-id=\"e47cd48\" data-element_type=\"widget\" data-e-type=\"widget\" data-widget_type=\"text-editor.default\">\n\t\t\t\t<div class=\"elementor-widget-container\">\n\t\t\t\t\t\t\t\t\t<p><a href=\"https:\/\/www.capotex.com\/de\/projekte-forderband-abdeckhauben\/russland\/\">N\u00e4chstes Projekt (Russland)<\/a><\/p>\t\t\t\t\t\t\t\t<\/div>\n\t\t\t\t<\/div>\n\t\t\t\t\t<\/div>\n\t\t\t\t<\/div>\n\t\t<div class=\"elementor-element elementor-element-2e75017 e-flex e-con-boxed e-con e-parent\" data-id=\"2e75017\" data-element_type=\"container\" data-e-type=\"container\">\n\t\t\t\t\t<div class=\"e-con-inner\">\n\t\t\t\t<div class=\"elementor-element elementor-element-d0cf72a elementor-widget elementor-widget-heading\" data-id=\"d0cf72a\" data-element_type=\"widget\" data-e-type=\"widget\" data-widget_type=\"heading.default\">\n\t\t\t\t<div class=\"elementor-widget-container\">\n\t\t\t\t\t<h2 class=\"elementor-heading-title elementor-size-default\">Abdeckhaube von F\u00f6rderb\u00e4ndern Polen<\/h2>\t\t\t\t<\/div>\n\t\t\t\t<\/div>\n\t\t\t\t\t<\/div>\n\t\t\t\t<\/div>\n\t\t<div class=\"elementor-element elementor-element-3344df8 e-flex e-con-boxed e-con e-parent\" data-id=\"3344df8\" data-element_type=\"container\" data-e-type=\"container\">\n\t\t\t\t\t<div class=\"e-con-inner\">\n\t\t<div class=\"elementor-element elementor-element-ed18385 e-con-full e-flex e-con e-child\" data-id=\"ed18385\" data-element_type=\"container\" data-e-type=\"container\" data-settings=\"{&quot;background_background&quot;:&quot;classic&quot;}\">\n\t\t\t\t<div class=\"elementor-element elementor-element-2ac0eca elementor-widget elementor-widget-image\" data-id=\"2ac0eca\" data-element_type=\"widget\" data-e-type=\"widget\" data-widget_type=\"image.default\">\n\t\t\t\t<div class=\"elementor-widget-container\">\n\t\t\t\t\t\t\t\t\t\t\t\t\t\t\t<img fetchpriority=\"high\" decoding=\"async\" width=\"640\" height=\"640\" src=\"https:\/\/www.capotex.com\/wp-content\/uploads\/2023\/05\/Count-numbers.gif\" class=\"attachment-full size-full wp-image-25921\" alt=\"\" \/>\t\t\t\t\t\t\t\t\t\t\t\t\t\t\t<\/div>\n\t\t\t\t<\/div>\n\t\t\t\t<div class=\"elementor-element elementor-element-7884af7 elementor-widget elementor-widget-heading\" data-id=\"7884af7\" data-element_type=\"widget\" data-e-type=\"widget\" data-widget_type=\"heading.default\">\n\t\t\t\t<div class=\"elementor-widget-container\">\n\t\t\t\t\t<h2 class=\"elementor-heading-title elementor-size-default\">Anzahl der Projekte<\/h2>\t\t\t\t<\/div>\n\t\t\t\t<\/div>\n\t\t\t\t<div class=\"elementor-element elementor-element-9640898 elementor-widget elementor-widget-text-editor\" data-id=\"9640898\" data-element_type=\"widget\" data-e-type=\"widget\" data-widget_type=\"text-editor.default\">\n\t\t\t\t<div class=\"elementor-widget-container\">\n\t\t\t\t\t\t\t\t\t<p>77<\/p>\t\t\t\t\t\t\t\t<\/div>\n\t\t\t\t<\/div>\n\t\t\t\t<\/div>\n\t\t<div class=\"elementor-element elementor-element-0b3f17c e-con-full e-flex e-con e-child\" data-id=\"0b3f17c\" data-element_type=\"container\" data-e-type=\"container\" data-settings=\"{&quot;background_background&quot;:&quot;classic&quot;}\">\n\t\t\t\t<div class=\"elementor-element elementor-element-cc3ca8a elementor-widget elementor-widget-image\" data-id=\"cc3ca8a\" data-element_type=\"widget\" data-e-type=\"widget\" data-widget_type=\"image.default\">\n\t\t\t\t<div class=\"elementor-widget-container\">\n\t\t\t\t\t\t\t\t\t\t\t\t\t\t\t<img decoding=\"async\" width=\"640\" height=\"640\" src=\"https:\/\/www.capotex.com\/wp-content\/uploads\/2023\/05\/Road.gif\" class=\"attachment-full size-full wp-image-25925\" alt=\"\" \/>\t\t\t\t\t\t\t\t\t\t\t\t\t\t\t<\/div>\n\t\t\t\t<\/div>\n\t\t\t\t<div class=\"elementor-element elementor-element-4194810 elementor-widget elementor-widget-heading\" data-id=\"4194810\" data-element_type=\"widget\" data-e-type=\"widget\" data-widget_type=\"heading.default\">\n\t\t\t\t<div class=\"elementor-widget-container\">\n\t\t\t\t\t<h2 class=\"elementor-heading-title elementor-size-default\">Zur\u00fcckgelegte Kilometer<\/h2>\t\t\t\t<\/div>\n\t\t\t\t<\/div>\n\t\t\t\t<div class=\"elementor-element elementor-element-92acc03 elementor-widget elementor-widget-text-editor\" data-id=\"92acc03\" data-element_type=\"widget\" data-e-type=\"widget\" data-widget_type=\"text-editor.default\">\n\t\t\t\t<div class=\"elementor-widget-container\">\n\t\t\t\t\t\t\t\t\t<p>15.2<\/p>\t\t\t\t\t\t\t\t<\/div>\n\t\t\t\t<\/div>\n\t\t\t\t<\/div>\n\t\t<div class=\"elementor-element elementor-element-a7a0e0e e-con-full e-flex e-con e-child\" data-id=\"a7a0e0e\" data-element_type=\"container\" data-e-type=\"container\" data-settings=\"{&quot;background_background&quot;:&quot;classic&quot;}\">\n\t\t\t\t<div class=\"elementor-element elementor-element-85eddf6 elementor-widget elementor-widget-image\" data-id=\"85eddf6\" data-element_type=\"widget\" data-e-type=\"widget\" data-widget_type=\"image.default\">\n\t\t\t\t<div class=\"elementor-widget-container\">\n\t\t\t\t\t\t\t\t\t\t\t\t\t\t\t<img decoding=\"async\" width=\"640\" height=\"640\" src=\"https:\/\/www.capotex.com\/wp-content\/uploads\/2023\/05\/Calendar.gif\" class=\"attachment-full size-full wp-image-25929\" alt=\"\" \/>\t\t\t\t\t\t\t\t\t\t\t\t\t\t\t<\/div>\n\t\t\t\t<\/div>\n\t\t\t\t<div class=\"elementor-element elementor-element-cdc0dbd elementor-widget elementor-widget-heading\" data-id=\"cdc0dbd\" data-element_type=\"widget\" data-e-type=\"widget\" data-widget_type=\"heading.default\">\n\t\t\t\t<div class=\"elementor-widget-container\">\n\t\t\t\t\t<h2 class=\"elementor-heading-title elementor-size-default\">Anfangsjahr<\/h2>\t\t\t\t<\/div>\n\t\t\t\t<\/div>\n\t\t\t\t<div class=\"elementor-element elementor-element-fbce0d6 elementor-widget elementor-widget-text-editor\" data-id=\"fbce0d6\" data-element_type=\"widget\" data-e-type=\"widget\" data-widget_type=\"text-editor.default\">\n\t\t\t\t<div class=\"elementor-widget-container\">\n\t\t\t\t\t\t\t\t\t<p>2010<\/p>\n\t\t\t\t\t\t\t\t<\/div>\n\t\t\t\t<\/div>\n\t\t\t\t<\/div>\n\t\t\t\t\t<\/div>\n\t\t\t\t<\/div>\n\t\t<div class=\"elementor-element elementor-element-07e8885 e-flex e-con-boxed e-con e-parent\" data-id=\"07e8885\" data-element_type=\"container\" data-e-type=\"container\">\n\t\t\t\t\t<div class=\"e-con-inner\">\n\t\t\t\t<div class=\"elementor-element elementor-element-6df1a62 elementor-widget elementor-widget-text-editor\" data-id=\"6df1a62\" data-element_type=\"widget\" data-e-type=\"widget\" data-widget_type=\"text-editor.default\">\n\t\t\t\t<div class=\"elementor-widget-container\">\n\t\t\t\t\t\t\t\t\t<p><a href=\"https:\/\/www.capotex.com\/de\/projekte-forderband-abdeckhauben\/\">Zur\u00fcck zu allen Projekten<\/a><\/p>\t\t\t\t\t\t\t\t<\/div>\n\t\t\t\t<\/div>\n\t\t\t\t<div class=\"elementor-element elementor-element-549be67 elementor-widget elementor-widget-text-editor\" data-id=\"549be67\" data-element_type=\"widget\" data-e-type=\"widget\" data-widget_type=\"text-editor.default\">\n\t\t\t\t<div class=\"elementor-widget-container\">\n\t\t\t\t\t\t\t\t\t<p><a href=\"https:\/\/www.capotex.com\/de\/projekte-forderband-abdeckhauben\/russland\/\">N\u00e4chstes Projekt (Russland)<\/a><\/p>\t\t\t\t\t\t\t\t<\/div>\n\t\t\t\t<\/div>\n\t\t\t\t\t<\/div>\n\t\t\t\t<\/div>\n\t\t\t\t<\/div>\n\t\t","protected":false},"excerpt":{"rendered":"<p>Zur\u00fcck zu allen Projekten N\u00e4chstes Projekt (Russland) Anzahl der Projekte 77 Zur\u00fcckgelegte Kilometer 15.2 Anfangsjahr 2010 Zur\u00fcck zu allen Projekten N\u00e4chstes Projekt (Russland)<\/p>\n","protected":false},"author":2,"featured_media":26175,"parent":26503,"menu_order":170,"comment_status":"closed","ping_status":"closed","template":"elementor_header_footer","meta":{"_joinchat":[],"footnotes":""},"tags":[92],"class_list":["post-30753","page","type-page","status-publish","has-post-thumbnail","hentry","tag-forderbandabdeckungen"],"_links":{"self":[{"href":"https:\/\/www.capotex.com\/de\/wp-json\/wp\/v2\/pages\/30753","targetHints":{"allow":["GET"]}}],"collection":[{"href":"https:\/\/www.capotex.com\/de\/wp-json\/wp\/v2\/pages"}],"about":[{"href":"https:\/\/www.capotex.com\/de\/wp-json\/wp\/v2\/types\/page"}],"author":[{"embeddable":true,"href":"https:\/\/www.capotex.com\/de\/wp-json\/wp\/v2\/users\/2"}],"replies":[{"embeddable":true,"href":"https:\/\/www.capotex.com\/de\/wp-json\/wp\/v2\/comments?post=30753"}],"version-history":[{"count":17,"href":"https:\/\/www.capotex.com\/de\/wp-json\/wp\/v2\/pages\/30753\/revisions"}],"predecessor-version":[{"id":36600,"href":"https:\/\/www.capotex.com\/de\/wp-json\/wp\/v2\/pages\/30753\/revisions\/36600"}],"up":[{"embeddable":true,"href":"https:\/\/www.capotex.com\/de\/wp-json\/wp\/v2\/pages\/26503"}],"wp:featuredmedia":[{"embeddable":true,"href":"https:\/\/www.capotex.com\/de\/wp-json\/wp\/v2\/media\/26175"}],"wp:attachment":[{"href":"https:\/\/www.capotex.com\/de\/wp-json\/wp\/v2\/media?parent=30753"}],"wp:term":[{"taxonomy":"post_tag","embeddable":true,"href":"https:\/\/www.capotex.com\/de\/wp-json\/wp\/v2\/tags?post=30753"}],"curies":[{"name":"wp","href":"https:\/\/api.w.org\/{rel}","templated":true}]}}