{"id":26212,"date":"2023-05-16T11:26:07","date_gmt":"2023-05-16T10:26:07","guid":{"rendered":"https:\/\/capotex.com\/malla-con-tornillo-hexagonal\/"},"modified":"2024-07-16T16:19:14","modified_gmt":"2024-07-16T15:19:14","slug":"proteccion-lateral-de-cinta-transportadora","status":"publish","type":"page","link":"https:\/\/www.capotex.com\/es\/protecciones-laterales-para-cintas-transportadoras\/proteccion-lateral-de-cinta-transportadora\/","title":{"rendered":"Malla con tornillo hexagonal"},"content":{"rendered":"\t\t<div data-elementor-type=\"wp-page\" data-elementor-id=\"26212\" class=\"elementor elementor-26212 elementor-1768\" data-elementor-post-type=\"page\">\n\t\t\t\t<div class=\"elementor-element elementor-element-77d28e8 e-flex e-con-boxed e-con e-parent\" data-id=\"77d28e8\" data-element_type=\"container\" data-e-type=\"container\">\n\t\t\t\t\t<div class=\"e-con-inner\">\n\t\t\t\t<div class=\"elementor-element elementor-element-d02a7b9 elementor-widget elementor-widget-heading\" data-id=\"d02a7b9\" data-element_type=\"widget\" data-e-type=\"widget\" data-widget_type=\"heading.default\">\n\t\t\t\t<div class=\"elementor-widget-container\">\n\t\t\t\t\t<h1 class=\"elementor-heading-title elementor-size-default\">Protecci\u00f3n lateral de Cinta Transportadora<\/h1>\t\t\t\t<\/div>\n\t\t\t\t<\/div>\n\t\t\t\t<div class=\"elementor-element elementor-element-7129673 elementor-widget elementor-widget-heading\" data-id=\"7129673\" data-element_type=\"widget\" data-e-type=\"widget\" data-widget_type=\"heading.default\">\n\t\t\t\t<div class=\"elementor-widget-container\">\n\t\t\t\t\t<h2 class=\"elementor-heading-title elementor-size-default\">Malla met\u00e1lica de protecci\u00f3n lateral de la cinta transportadora de carga con tornillo hexagonal (P3)<\/h2>\t\t\t\t<\/div>\n\t\t\t\t<\/div>\n\t\t\t\t<div class=\"elementor-element elementor-element-3462be3 elementor-widget elementor-widget-image\" data-id=\"3462be3\" data-element_type=\"widget\" data-e-type=\"widget\" data-widget_type=\"image.default\">\n\t\t\t\t<div class=\"elementor-widget-container\">\n\t\t\t\t\t\t\t\t\t\t\t\t\t\t\t\t<a href=\"https:\/\/www.capotex.com\/wp-content\/uploads\/2023\/05\/Conveyor-side-guard-metal-mesh-with-hexagonal-screw.jpg\" data-elementor-open-lightbox=\"yes\" data-elementor-lightbox-title=\"Conveyor-side-guard-metal-mesh-with-hexagonal-screw\" data-elementor-lightbox-description=\"Conveyor side guard metal mesh with hexagonal screw (P3)\" data-e-action-hash=\"#elementor-action%3Aaction%3Dlightbox%26settings%3DeyJpZCI6MTcwMCwidXJsIjoiaHR0cHM6XC9cL3d3dy5jYXBvdGV4LmNvbVwvd3AtY29udGVudFwvdXBsb2Fkc1wvMjAyM1wvMDVcL0NvbnZleW9yLXNpZGUtZ3VhcmQtbWV0YWwtbWVzaC13aXRoLWhleGFnb25hbC1zY3Jldy5qcGcifQ%3D%3D\">\n\t\t\t\t\t\t\t<img fetchpriority=\"high\" decoding=\"async\" width=\"550\" height=\"400\" src=\"https:\/\/www.capotex.com\/wp-content\/uploads\/2023\/05\/Conveyor-side-guard-metal-mesh-with-hexagonal-screw.jpg\" class=\"attachment-full size-full wp-image-1700\" alt=\"Conveyor side guard metal mesh with hexagonal screw (\" srcset=\"https:\/\/www.capotex.com\/wp-content\/uploads\/2023\/05\/Conveyor-side-guard-metal-mesh-with-hexagonal-screw.jpg 550w, https:\/\/www.capotex.com\/wp-content\/uploads\/2023\/05\/Conveyor-side-guard-metal-mesh-with-hexagonal-screw-300x218.jpg 300w\" sizes=\"(max-width: 550px) 100vw, 550px\" \/>\t\t\t\t\t\t\t\t<\/a>\n\t\t\t\t\t\t\t\t\t\t\t\t\t\t\t<\/div>\n\t\t\t\t<\/div>\n\t\t\t\t\t<\/div>\n\t\t\t\t<\/div>\n\t\t<div class=\"elementor-element elementor-element-f834c3a e-flex e-con-boxed e-con e-parent\" data-id=\"f834c3a\" data-element_type=\"container\" data-e-type=\"container\">\n\t\t\t\t\t<div class=\"e-con-inner\">\n\t\t<div class=\"elementor-element elementor-element-be0d9d3 e-con-full e-flex e-con e-child\" data-id=\"be0d9d3\" data-element_type=\"container\" data-e-type=\"container\">\n\t\t\t\t<div class=\"elementor-element elementor-element-2d4814d elementor-widget elementor-widget-text-editor\" data-id=\"2d4814d\" data-element_type=\"widget\" data-e-type=\"widget\" data-widget_type=\"text-editor.default\">\n\t\t\t\t<div class=\"elementor-widget-container\">\n\t\t\t\t\t\t\t\t\t<p><strong>Caracter\u00edsticas:<\/strong><\/p>\n<ul>\n<li>Garantizan la coherencia y el cumplimiento de la normativa.<\/li>\n<li>Gracias a la innovaci\u00f3n de sus soluciones personalizadas, garantizan una instalaci\u00f3n correcta.<\/li>\n<li>Su sencillez y ligereza permiten apoyar la valla antes de instalarla, reduciendo el tiempo de instalaci\u00f3n.<\/li>\n<li>Dise\u00f1ado para un desmontaje r\u00e1pido y sencillo.<\/li>\n<\/ul>\n\t\t\t\t\t\t\t\t<\/div>\n\t\t\t\t<\/div>\n\t\t\t\t<\/div>\n\t\t<div class=\"elementor-element elementor-element-1989611 e-con-full e-flex e-con e-child\" data-id=\"1989611\" data-element_type=\"container\" data-e-type=\"container\">\n\t\t\t\t<div class=\"elementor-element elementor-element-537062c elementor-widget elementor-widget-text-editor\" data-id=\"537062c\" data-element_type=\"widget\" data-e-type=\"widget\" data-widget_type=\"text-editor.default\">\n\t\t\t\t<div class=\"elementor-widget-container\">\n\t\t\t\t\t\t\t\t\t<p><strong>Materiales:<\/strong><\/p>\n<ul>\n<li>Galvanizado en caliente.<\/li>\n<li>Acero inoxidable 304.<\/li>\n<li>Acero inoxidable 316.<\/li>\n<\/ul>\n\t\t\t\t\t\t\t\t<\/div>\n\t\t\t\t<\/div>\n\t\t\t\t<\/div>\n\t\t<div class=\"elementor-element elementor-element-74f0ea7 e-con-full e-flex e-con e-child\" data-id=\"74f0ea7\" data-element_type=\"container\" data-e-type=\"container\">\n\t\t\t\t<div class=\"elementor-element elementor-element-25759c0 elementor-widget elementor-widget-text-editor\" data-id=\"25759c0\" data-element_type=\"widget\" data-e-type=\"widget\" data-widget_type=\"text-editor.default\">\n\t\t\t\t<div class=\"elementor-widget-container\">\n\t\t\t\t\t\t\t\t\t<p><strong>Especificaciones t\u00e9cnicas:<\/strong><\/p><ul><li><strong>Longitud unitaria<\/strong>\u00a0de 1,5 a 2,4 metros.<\/li><li><strong>Altura<\/strong>\u00a0seg\u00fan\u00a0<a href=\"https:\/\/www.capotex.com\/wp-content\/uploads\/2024\/03\/P3-and-P4-Mesh-dimensions.pdf\" target=\"_blank\" rel=\"noopener\">plano<\/a>.<\/li><li><strong>Peso del sistema<\/strong>\u00a04,7 kg\/metro.<\/li><li><strong>Malla est\u00e1ndar<\/strong> 80\u00d720 hilo 3 mm (otras medidas bajo pedido).<\/li><\/ul>\t\t\t\t\t\t\t\t<\/div>\n\t\t\t\t<\/div>\n\t\t\t\t<\/div>\n\t\t\t\t\t<\/div>\n\t\t\t\t<\/div>\n\t\t<div class=\"elementor-element elementor-element-55765ab e-flex e-con-boxed e-con e-parent\" data-id=\"55765ab\" data-element_type=\"container\" data-e-type=\"container\">\n\t\t\t\t\t<div class=\"e-con-inner\">\n\t\t\t\t<div class=\"elementor-element elementor-element-cb2d5aa elementor-widget elementor-widget-image\" data-id=\"cb2d5aa\" data-element_type=\"widget\" data-e-type=\"widget\" data-widget_type=\"image.default\">\n\t\t\t\t<div class=\"elementor-widget-container\">\n\t\t\t\t\t\t\t\t\t\t\t\t\t\t\t\t<a href=\"https:\/\/www.capotex.com\/wp-content\/uploads\/2024\/03\/P-3-MESH-Espanol.pdf\" target=\"_blank\">\n\t\t\t\t\t\t\t<img decoding=\"async\" width=\"793\" height=\"560\" src=\"https:\/\/www.capotex.com\/wp-content\/uploads\/2024\/03\/P-3_Mesh_Spanish.jpg\" class=\"attachment-full size-full wp-image-32378\" alt=\"Protecci\u00f3n lateral de Cinta Transportadora\" srcset=\"https:\/\/www.capotex.com\/wp-content\/uploads\/2024\/03\/P-3_Mesh_Spanish.jpg 793w, https:\/\/www.capotex.com\/wp-content\/uploads\/2024\/03\/P-3_Mesh_Spanish-300x212.jpg 300w, https:\/\/www.capotex.com\/wp-content\/uploads\/2024\/03\/P-3_Mesh_Spanish-768x542.jpg 768w\" sizes=\"(max-width: 793px) 100vw, 793px\" \/>\t\t\t\t\t\t\t\t<\/a>\n\t\t\t\t\t\t\t\t\t\t\t\t\t\t\t<\/div>\n\t\t\t\t<\/div>\n\t\t\t\t<div class=\"elementor-element elementor-element-9841d80 elementor-widget elementor-widget-text-editor\" data-id=\"9841d80\" data-element_type=\"widget\" data-e-type=\"widget\" data-widget_type=\"text-editor.default\">\n\t\t\t\t<div class=\"elementor-widget-container\">\n\t\t\t\t\t\t\t\t\t<p style=\"text-align: center;\"><a href=\"https:\/\/www.capotex.com\/wp-content\/uploads\/2024\/03\/P-3-MESH-Espanol.pdf\" target=\"_blank\" rel=\"noopener\"><em>Descargar plano de malla P-3 en pdf<\/em><\/a><\/p>\t\t\t\t\t\t\t\t<\/div>\n\t\t\t\t<\/div>\n\t\t\t\t\t<\/div>\n\t\t\t\t<\/div>\n\t\t\t\t<\/div>\n\t\t","protected":false},"excerpt":{"rendered":"<p>Protecci\u00f3n lateral de Cinta Transportadora Malla met\u00e1lica de protecci\u00f3n lateral de la cinta transportadora de carga con tornillo hexagonal (P3) Caracter\u00edsticas: Garantizan la coherencia y el cumplimiento de la normativa. Gracias a la innovaci\u00f3n de sus soluciones personalizadas, garantizan una instalaci\u00f3n correcta. Su sencillez y ligereza permiten apoyar la valla antes de instalarla, reduciendo el [&hellip;]<\/p>\n","protected":false},"author":1,"featured_media":1700,"parent":26270,"menu_order":20,"comment_status":"closed","ping_status":"closed","template":"","meta":{"_joinchat":[],"footnotes":""},"tags":[61],"class_list":["post-26212","page","type-page","status-publish","has-post-thumbnail","hentry","tag-chargebelt-es"],"_links":{"self":[{"href":"https:\/\/www.capotex.com\/es\/wp-json\/wp\/v2\/pages\/26212","targetHints":{"allow":["GET"]}}],"collection":[{"href":"https:\/\/www.capotex.com\/es\/wp-json\/wp\/v2\/pages"}],"about":[{"href":"https:\/\/www.capotex.com\/es\/wp-json\/wp\/v2\/types\/page"}],"author":[{"embeddable":true,"href":"https:\/\/www.capotex.com\/es\/wp-json\/wp\/v2\/users\/1"}],"replies":[{"embeddable":true,"href":"https:\/\/www.capotex.com\/es\/wp-json\/wp\/v2\/comments?post=26212"}],"version-history":[{"count":14,"href":"https:\/\/www.capotex.com\/es\/wp-json\/wp\/v2\/pages\/26212\/revisions"}],"predecessor-version":[{"id":35078,"href":"https:\/\/www.capotex.com\/es\/wp-json\/wp\/v2\/pages\/26212\/revisions\/35078"}],"up":[{"embeddable":true,"href":"https:\/\/www.capotex.com\/es\/wp-json\/wp\/v2\/pages\/26270"}],"wp:featuredmedia":[{"embeddable":true,"href":"https:\/\/www.capotex.com\/es\/wp-json\/wp\/v2\/media\/1700"}],"wp:attachment":[{"href":"https:\/\/www.capotex.com\/es\/wp-json\/wp\/v2\/media?parent=26212"}],"wp:term":[{"taxonomy":"post_tag","embeddable":true,"href":"https:\/\/www.capotex.com\/es\/wp-json\/wp\/v2\/tags?post=26212"}],"curies":[{"name":"wp","href":"https:\/\/api.w.org\/{rel}","templated":true}]}}