{"id":26222,"date":"2023-05-16T10:54:44","date_gmt":"2023-05-16T09:54:44","guid":{"rendered":"https:\/\/capotex.com\/chapa-con-tornillo-autorroscante\/"},"modified":"2024-07-16T16:26:42","modified_gmt":"2024-07-16T15:26:42","slug":"proteccion-lateral-de-cintas-transportadoras","status":"publish","type":"page","link":"https:\/\/www.capotex.com\/es\/protecciones-laterales-para-cintas-transportadoras\/proteccion-lateral-de-cintas-transportadoras\/","title":{"rendered":"Chapa con tornillo autorroscante"},"content":{"rendered":"\t\t<div data-elementor-type=\"wp-page\" data-elementor-id=\"26222\" class=\"elementor elementor-26222 elementor-1745\" data-elementor-post-type=\"page\">\n\t\t\t\t<div class=\"elementor-element elementor-element-b1b8695 e-flex e-con-boxed e-con e-parent\" data-id=\"b1b8695\" data-element_type=\"container\" data-e-type=\"container\">\n\t\t\t\t\t<div class=\"e-con-inner\">\n\t\t\t\t<div class=\"elementor-element elementor-element-03a64ed elementor-widget elementor-widget-heading\" data-id=\"03a64ed\" data-element_type=\"widget\" data-e-type=\"widget\" data-widget_type=\"heading.default\">\n\t\t\t\t<div class=\"elementor-widget-container\">\n\t\t\t\t\t<h1 class=\"elementor-heading-title elementor-size-default\">Protecci\u00f3n lateral de Cintas Transportadoras<\/h1>\t\t\t\t<\/div>\n\t\t\t\t<\/div>\n\t\t\t\t<div class=\"elementor-element elementor-element-af37d4c elementor-widget elementor-widget-heading\" data-id=\"af37d4c\" data-element_type=\"widget\" data-e-type=\"widget\" data-widget_type=\"heading.default\">\n\t\t\t\t<div class=\"elementor-widget-container\">\n\t\t\t\t\t<h2 class=\"elementor-heading-title elementor-size-default\">Protector de chapa de la cinta de carga con tornillo autorroscante (P1)<\/h2>\t\t\t\t<\/div>\n\t\t\t\t<\/div>\n\t\t\t\t\t<\/div>\n\t\t\t\t<\/div>\n\t\t<div class=\"elementor-element elementor-element-0dd3b98 e-flex e-con-boxed e-con e-parent\" data-id=\"0dd3b98\" data-element_type=\"container\" data-e-type=\"container\">\n\t\t\t\t\t<div class=\"e-con-inner\">\n\t\t\t\t<div class=\"elementor-element elementor-element-9bc6936 elementor-widget elementor-widget-image\" data-id=\"9bc6936\" data-element_type=\"widget\" data-e-type=\"widget\" data-widget_type=\"image.default\">\n\t\t\t\t<div class=\"elementor-widget-container\">\n\t\t\t\t\t\t\t\t\t\t\t\t\t\t\t\t<a href=\"https:\/\/www.capotex.com\/wp-content\/uploads\/2024\/07\/Proteccion-lateral-de-Cintas-Transportadoras.jpg\" data-elementor-open-lightbox=\"yes\" data-elementor-lightbox-title=\"Protecci\u00f3n lateral de Cintas Transportadoras\" data-elementor-lightbox-description=\"Protecci\u00f3n lateral de Cintas Transportadoras\" data-e-action-hash=\"#elementor-action%3Aaction%3Dlightbox%26settings%3DeyJpZCI6MzUwODYsInVybCI6Imh0dHBzOlwvXC93d3cuY2Fwb3RleC5jb21cL3dwLWNvbnRlbnRcL3VwbG9hZHNcLzIwMjRcLzA3XC9Qcm90ZWNjaW9uLWxhdGVyYWwtZGUtQ2ludGFzLVRyYW5zcG9ydGFkb3Jhcy5qcGcifQ%3D%3D\">\n\t\t\t\t\t\t\t<img fetchpriority=\"high\" decoding=\"async\" width=\"550\" height=\"400\" src=\"https:\/\/www.capotex.com\/wp-content\/uploads\/2024\/07\/Proteccion-lateral-de-Cintas-Transportadoras.jpg\" class=\"attachment-large size-large wp-image-35086\" alt=\"Protecci\u00f3n lateral de Cintas Transportadoras\" srcset=\"https:\/\/www.capotex.com\/wp-content\/uploads\/2024\/07\/Proteccion-lateral-de-Cintas-Transportadoras.jpg 550w, https:\/\/www.capotex.com\/wp-content\/uploads\/2024\/07\/Proteccion-lateral-de-Cintas-Transportadoras-300x218.jpg 300w\" sizes=\"(max-width: 550px) 100vw, 550px\" \/>\t\t\t\t\t\t\t\t<\/a>\n\t\t\t\t\t\t\t\t\t\t\t\t\t\t\t<\/div>\n\t\t\t\t<\/div>\n\t\t\t\t\t<\/div>\n\t\t\t\t<\/div>\n\t\t<div class=\"elementor-element elementor-element-ec278c0 e-flex e-con-boxed e-con e-parent\" data-id=\"ec278c0\" data-element_type=\"container\" data-e-type=\"container\">\n\t\t\t\t\t<div class=\"e-con-inner\">\n\t\t<div class=\"elementor-element elementor-element-09b659c e-con-full e-flex e-con e-child\" data-id=\"09b659c\" data-element_type=\"container\" data-e-type=\"container\">\n\t\t\t\t<div class=\"elementor-element elementor-element-addcf09 elementor-widget elementor-widget-text-editor\" data-id=\"addcf09\" data-element_type=\"widget\" data-e-type=\"widget\" data-widget_type=\"text-editor.default\">\n\t\t\t\t<div class=\"elementor-widget-container\">\n\t\t\t\t\t\t\t\t\t<p><strong>Caracter\u00edsticas:<\/strong><\/p>\n<ul>\n<li>Garantizan la coherencia y el cumplimiento de <strong>la normativa<\/strong>.<\/li>\n<li>Gracias a la innovaci\u00f3n en sus soluciones personalizadas, garantizan una instalaci\u00f3n correcta.<\/li>\n<li>Es una de las opciones m\u00e1s <strong>econ\u00f3micas<\/strong> de protecciones laterales superiores.<\/li>\n<li>Aunque se considera una protecci\u00f3n fija, puede <strong>desmontarse<\/strong> para operaciones de mantenimiento.<\/li>\n<li>Este protector se atornilla a un poste que se atornilla al marco.<\/li>\n<\/ul>\n\t\t\t\t\t\t\t\t<\/div>\n\t\t\t\t<\/div>\n\t\t\t\t<\/div>\n\t\t<div class=\"elementor-element elementor-element-3685eb2 e-con-full e-flex e-con e-child\" data-id=\"3685eb2\" data-element_type=\"container\" data-e-type=\"container\">\n\t\t\t\t<div class=\"elementor-element elementor-element-5687e99 elementor-widget elementor-widget-text-editor\" data-id=\"5687e99\" data-element_type=\"widget\" data-e-type=\"widget\" data-widget_type=\"text-editor.default\">\n\t\t\t\t<div class=\"elementor-widget-container\">\n\t\t\t\t\t\t\t\t\t<p><strong>Materiales:<\/strong><\/p>\n<ul>\n<li>ZM 300-310<\/li>\n<li>Acero galvanizado<\/li>\n<li>Acero prelacado<\/li>\n<li>HPS 200 Acero de alto rendimiento<\/li>\n<li>Acero inoxidable 304<\/li>\n<li>Acero inoxidable 316<\/li>\n<li>Poli\u00e9ster reforzado con fibra<\/li>\n<li>Aluminio<\/li>\n<\/ul>\n\t\t\t\t\t\t\t\t<\/div>\n\t\t\t\t<\/div>\n\t\t\t\t<\/div>\n\t\t<div class=\"elementor-element elementor-element-07510ac e-con-full e-flex e-con e-child\" data-id=\"07510ac\" data-element_type=\"container\" data-e-type=\"container\">\n\t\t\t\t<div class=\"elementor-element elementor-element-227c82e elementor-widget elementor-widget-text-editor\" data-id=\"227c82e\" data-element_type=\"widget\" data-e-type=\"widget\" data-widget_type=\"text-editor.default\">\n\t\t\t\t<div class=\"elementor-widget-container\">\n\t\t\t\t\t\t\t\t\t<p><strong>Especificaciones t\u00e9cnicas:<\/strong><\/p>\n<ul>\n<li><strong>Longitud<\/strong> en tramos m\u00e1ximos de hasta 3 metros.<\/li>\n<li><strong>Altura<\/strong> hasta 0,8 metros.<\/li>\n<li><strong>Peso del sistema<\/strong> 6,5 kg \/ metro.<\/li>\n<\/ul>\n\t\t\t\t\t\t\t\t<\/div>\n\t\t\t\t<\/div>\n\t\t\t\t<\/div>\n\t\t\t\t\t<\/div>\n\t\t\t\t<\/div>\n\t\t<div class=\"elementor-element elementor-element-8ff0fdb e-flex e-con-boxed e-con e-parent\" data-id=\"8ff0fdb\" data-element_type=\"container\" data-e-type=\"container\">\n\t\t\t\t\t<div class=\"e-con-inner\">\n\t\t\t\t<div class=\"elementor-element elementor-element-b389af3 elementor-widget elementor-widget-image\" data-id=\"b389af3\" data-element_type=\"widget\" data-e-type=\"widget\" data-widget_type=\"image.default\">\n\t\t\t\t<div class=\"elementor-widget-container\">\n\t\t\t\t\t\t\t\t\t\t\t\t\t\t\t\t<a href=\"https:\/\/www.capotex.com\/wp-content\/uploads\/2024\/03\/P-1_METAL-SHEET-Spanish.pdf\" target=\"_blank\">\n\t\t\t\t\t\t\t<img decoding=\"async\" width=\"793\" height=\"560\" src=\"https:\/\/www.capotex.com\/wp-content\/uploads\/2024\/03\/P-1_Metal_Sheet_Spanish.jpg\" class=\"attachment-full size-full wp-image-32472\" alt=\"Protecci\u00f3n lateral de Cintas Transportadoras\" srcset=\"https:\/\/www.capotex.com\/wp-content\/uploads\/2024\/03\/P-1_Metal_Sheet_Spanish.jpg 793w, https:\/\/www.capotex.com\/wp-content\/uploads\/2024\/03\/P-1_Metal_Sheet_Spanish-300x212.jpg 300w, https:\/\/www.capotex.com\/wp-content\/uploads\/2024\/03\/P-1_Metal_Sheet_Spanish-768x542.jpg 768w\" sizes=\"(max-width: 793px) 100vw, 793px\" \/>\t\t\t\t\t\t\t\t<\/a>\n\t\t\t\t\t\t\t\t\t\t\t\t\t\t\t<\/div>\n\t\t\t\t<\/div>\n\t\t\t\t<div class=\"elementor-element elementor-element-44c80af elementor-widget elementor-widget-text-editor\" data-id=\"44c80af\" data-element_type=\"widget\" data-e-type=\"widget\" data-widget_type=\"text-editor.default\">\n\t\t\t\t<div class=\"elementor-widget-container\">\n\t\t\t\t\t\t\t\t\t<p style=\"text-align: center;\"><a href=\"https:\/\/www.capotex.com\/wp-content\/uploads\/2024\/03\/P-1_METAL-SHEET-Spanish.pdf\" target=\"_blank\" rel=\"noopener\"><em>Descargar plano de chapa P-1 en pdf<\/em><\/a><\/p>\t\t\t\t\t\t\t\t<\/div>\n\t\t\t\t<\/div>\n\t\t\t\t\t<\/div>\n\t\t\t\t<\/div>\n\t\t\t\t<\/div>\n\t\t","protected":false},"excerpt":{"rendered":"<p>Protecci\u00f3n lateral de Cintas Transportadoras Protector de chapa de la cinta de carga con tornillo autorroscante (P1) Caracter\u00edsticas: Garantizan la coherencia y el cumplimiento de la normativa. Gracias a la innovaci\u00f3n en sus soluciones personalizadas, garantizan una instalaci\u00f3n correcta. Es una de las opciones m\u00e1s econ\u00f3micas de protecciones laterales superiores. Aunque se considera una protecci\u00f3n [&hellip;]<\/p>\n","protected":false},"author":1,"featured_media":1594,"parent":26270,"menu_order":40,"comment_status":"closed","ping_status":"closed","template":"","meta":{"_joinchat":[],"footnotes":""},"tags":[61],"class_list":["post-26222","page","type-page","status-publish","has-post-thumbnail","hentry","tag-chargebelt-es"],"_links":{"self":[{"href":"https:\/\/www.capotex.com\/es\/wp-json\/wp\/v2\/pages\/26222","targetHints":{"allow":["GET"]}}],"collection":[{"href":"https:\/\/www.capotex.com\/es\/wp-json\/wp\/v2\/pages"}],"about":[{"href":"https:\/\/www.capotex.com\/es\/wp-json\/wp\/v2\/types\/page"}],"author":[{"embeddable":true,"href":"https:\/\/www.capotex.com\/es\/wp-json\/wp\/v2\/users\/1"}],"replies":[{"embeddable":true,"href":"https:\/\/www.capotex.com\/es\/wp-json\/wp\/v2\/comments?post=26222"}],"version-history":[{"count":9,"href":"https:\/\/www.capotex.com\/es\/wp-json\/wp\/v2\/pages\/26222\/revisions"}],"predecessor-version":[{"id":35092,"href":"https:\/\/www.capotex.com\/es\/wp-json\/wp\/v2\/pages\/26222\/revisions\/35092"}],"up":[{"embeddable":true,"href":"https:\/\/www.capotex.com\/es\/wp-json\/wp\/v2\/pages\/26270"}],"wp:featuredmedia":[{"embeddable":true,"href":"https:\/\/www.capotex.com\/es\/wp-json\/wp\/v2\/media\/1594"}],"wp:attachment":[{"href":"https:\/\/www.capotex.com\/es\/wp-json\/wp\/v2\/media?parent=26222"}],"wp:term":[{"taxonomy":"post_tag","embeddable":true,"href":"https:\/\/www.capotex.com\/es\/wp-json\/wp\/v2\/tags?post=26222"}],"curies":[{"name":"wp","href":"https:\/\/api.w.org\/{rel}","templated":true}]}}