{"id":26223,"date":"2023-05-16T11:39:52","date_gmt":"2023-05-16T10:39:52","guid":{"rendered":"https:\/\/capotex.com\/chapa-con-fijacion-abatible\/"},"modified":"2024-07-16T16:35:17","modified_gmt":"2024-07-16T15:35:17","slug":"protecciones-laterales-para-fajas-transportadoras","status":"publish","type":"page","link":"https:\/\/www.capotex.com\/es\/protecciones-laterales-para-cintas-transportadoras\/protecciones-laterales-para-fajas-transportadoras\/","title":{"rendered":"Chapa con fijaci\u00f3n abatible"},"content":{"rendered":"\t\t<div data-elementor-type=\"wp-page\" data-elementor-id=\"26223\" class=\"elementor elementor-26223 elementor-1790\" data-elementor-post-type=\"page\">\n\t\t\t\t<div class=\"elementor-element elementor-element-da441f7 e-flex e-con-boxed e-con e-parent\" data-id=\"da441f7\" data-element_type=\"container\" data-e-type=\"container\">\n\t\t\t\t\t<div class=\"e-con-inner\">\n\t\t\t\t<div class=\"elementor-element elementor-element-bae9b5b elementor-widget elementor-widget-heading\" data-id=\"bae9b5b\" data-element_type=\"widget\" data-e-type=\"widget\" data-widget_type=\"heading.default\">\n\t\t\t\t<div class=\"elementor-widget-container\">\n\t\t\t\t\t<h1 class=\"elementor-heading-title elementor-size-default\">Protecciones laterales para fajas transportadoras\n<\/h1>\t\t\t\t<\/div>\n\t\t\t\t<\/div>\n\t\t\t\t<div class=\"elementor-element elementor-element-00ed15b elementor-widget elementor-widget-heading\" data-id=\"00ed15b\" data-element_type=\"widget\" data-e-type=\"widget\" data-widget_type=\"heading.default\">\n\t\t\t\t<div class=\"elementor-widget-container\">\n\t\t\t\t\t<h2 class=\"elementor-heading-title elementor-size-default\">Chapa de protecci\u00f3n lateral de la cinta transportadora de retorno con fijaci\u00f3n abatible (C1)<\/h2>\t\t\t\t<\/div>\n\t\t\t\t<\/div>\n\t\t\t\t<div class=\"elementor-element elementor-element-696476f elementor-widget elementor-widget-image\" data-id=\"696476f\" data-element_type=\"widget\" data-e-type=\"widget\" data-widget_type=\"image.default\">\n\t\t\t\t<div class=\"elementor-widget-container\">\n\t\t\t\t\t\t\t\t\t\t\t\t\t\t\t\t<a href=\"https:\/\/www.capotex.com\/wp-content\/uploads\/2024\/07\/protecciones-laterales-para-fajas-transportadoras.jpg\" data-elementor-open-lightbox=\"yes\" data-elementor-lightbox-title=\"protecciones laterales para fajas transportadoras\" data-elementor-lightbox-description=\"protecciones laterales para fajas transportadoras\n\" data-e-action-hash=\"#elementor-action%3Aaction%3Dlightbox%26settings%3DeyJpZCI6MzUxMDAsInVybCI6Imh0dHBzOlwvXC93d3cuY2Fwb3RleC5jb21cL3dwLWNvbnRlbnRcL3VwbG9hZHNcLzIwMjRcLzA3XC9wcm90ZWNjaW9uZXMtbGF0ZXJhbGVzLXBhcmEtZmFqYXMtdHJhbnNwb3J0YWRvcmFzLmpwZyJ9\">\n\t\t\t\t\t\t\t<img fetchpriority=\"high\" decoding=\"async\" width=\"550\" height=\"400\" src=\"https:\/\/www.capotex.com\/wp-content\/uploads\/2024\/07\/protecciones-laterales-para-fajas-transportadoras.jpg\" class=\"attachment-full size-full wp-image-35100\" alt=\"protecciones laterales para fajas transportadoras\" srcset=\"https:\/\/www.capotex.com\/wp-content\/uploads\/2024\/07\/protecciones-laterales-para-fajas-transportadoras.jpg 550w, https:\/\/www.capotex.com\/wp-content\/uploads\/2024\/07\/protecciones-laterales-para-fajas-transportadoras-300x218.jpg 300w\" sizes=\"(max-width: 550px) 100vw, 550px\" \/>\t\t\t\t\t\t\t\t<\/a>\n\t\t\t\t\t\t\t\t\t\t\t\t\t\t\t<\/div>\n\t\t\t\t<\/div>\n\t\t\t\t\t<\/div>\n\t\t\t\t<\/div>\n\t\t<div class=\"elementor-element elementor-element-960cde1 e-flex e-con-boxed e-con e-parent\" data-id=\"960cde1\" data-element_type=\"container\" data-e-type=\"container\">\n\t\t\t\t\t<div class=\"e-con-inner\">\n\t\t<div class=\"elementor-element elementor-element-c2aeaf2 e-con-full e-flex e-con e-child\" data-id=\"c2aeaf2\" data-element_type=\"container\" data-e-type=\"container\">\n\t\t\t\t<div class=\"elementor-element elementor-element-7e38445 elementor-widget elementor-widget-text-editor\" data-id=\"7e38445\" data-element_type=\"widget\" data-e-type=\"widget\" data-widget_type=\"text-editor.default\">\n\t\t\t\t<div class=\"elementor-widget-container\">\n\t\t\t\t\t\t\t\t\t<p><strong>Caracter\u00edsticas:<\/strong><\/p>\n<ul>\n<li>Protector lateral: Protege completamente contra los efectos del viento lateral.<\/li>\n<li>Protecci\u00f3n de la correa de retorno: Evita la desalineaci\u00f3n de la correa de retorno debido a la presi\u00f3n externa del viento.<\/li>\n<li>Protecci\u00f3n contra el desgaste: Evita el desgaste excesivo causado por las peque\u00f1as part\u00edculas que arrastra el viento. Prolonga la vida \u00fatil de los rodillos, el transportador, las estructuras de acero y todos los componentes del transportador.<\/li>\n<li>Protecci\u00f3n de seguridad: evita la manipulaci\u00f3n accidental de la cinta de retorno y la entrada de animales en los transportadores por el suelo.<\/li>\n<\/ul>\n\t\t\t\t\t\t\t\t<\/div>\n\t\t\t\t<\/div>\n\t\t\t\t<\/div>\n\t\t<div class=\"elementor-element elementor-element-b5ab741 e-con-full e-flex e-con e-child\" data-id=\"b5ab741\" data-element_type=\"container\" data-e-type=\"container\">\n\t\t\t\t<div class=\"elementor-element elementor-element-3e55d73 elementor-widget elementor-widget-text-editor\" data-id=\"3e55d73\" data-element_type=\"widget\" data-e-type=\"widget\" data-widget_type=\"text-editor.default\">\n\t\t\t\t<div class=\"elementor-widget-container\">\n\t\t\t\t\t\t\t\t\t<p><strong>Materiales:<\/strong><\/p>\n<ul>\n<li>ZM 300-310<\/li>\n<li>Acero galvanizado<\/li>\n<li>Acero prelacado<\/li>\n<li>HPS 200 Acero de alto rendimiento<\/li>\n<li>Acero inoxidable 304<\/li>\n<li>Acero inoxidable 316<\/li>\n<li>Poli\u00e9ster reforzado con fibra<\/li>\n<li>Aluminio<\/li>\n<\/ul>\n\t\t\t\t\t\t\t\t<\/div>\n\t\t\t\t<\/div>\n\t\t\t\t<\/div>\n\t\t<div class=\"elementor-element elementor-element-f54198e e-con-full e-flex e-con e-child\" data-id=\"f54198e\" data-element_type=\"container\" data-e-type=\"container\">\n\t\t\t\t<div class=\"elementor-element elementor-element-253b21c elementor-widget elementor-widget-text-editor\" data-id=\"253b21c\" data-element_type=\"widget\" data-e-type=\"widget\" data-widget_type=\"text-editor.default\">\n\t\t\t\t<div class=\"elementor-widget-container\">\n\t\t\t\t\t\t\t\t\t<p><strong>Especificaciones t\u00e9cnicas:<\/strong><\/p>\n<ul>\n<li><strong>Longitud<\/strong> en tramos m\u00e1ximos de hasta 1,064 metros.<\/li>\n<li><strong>Altura<\/strong> hasta 1 metro.<\/li>\n<li><strong>Peso del sistema<\/strong>&nbsp;15 kg \/ metro.<\/li>\n<\/ul>\t\t\t\t\t\t\t\t<\/div>\n\t\t\t\t<\/div>\n\t\t\t\t<\/div>\n\t\t\t\t\t<\/div>\n\t\t\t\t<\/div>\n\t\t\t\t<\/div>\n\t\t","protected":false},"excerpt":{"rendered":"<p>Protecciones laterales para fajas transportadoras Chapa de protecci\u00f3n lateral de la cinta transportadora de retorno con fijaci\u00f3n abatible (C1) Caracter\u00edsticas: Protector lateral: Protege completamente contra los efectos del viento lateral. Protecci\u00f3n de la correa de retorno: Evita la desalineaci\u00f3n de la correa de retorno debido a la presi\u00f3n externa del viento. Protecci\u00f3n contra el desgaste: [&hellip;]<\/p>\n","protected":false},"author":1,"featured_media":1810,"parent":26270,"menu_order":10,"comment_status":"closed","ping_status":"closed","template":"","meta":{"_joinchat":[],"footnotes":""},"tags":[64],"class_list":["post-26223","page","type-page","status-publish","has-post-thumbnail","hentry","tag-correa-de-retorno"],"_links":{"self":[{"href":"https:\/\/www.capotex.com\/es\/wp-json\/wp\/v2\/pages\/26223","targetHints":{"allow":["GET"]}}],"collection":[{"href":"https:\/\/www.capotex.com\/es\/wp-json\/wp\/v2\/pages"}],"about":[{"href":"https:\/\/www.capotex.com\/es\/wp-json\/wp\/v2\/types\/page"}],"author":[{"embeddable":true,"href":"https:\/\/www.capotex.com\/es\/wp-json\/wp\/v2\/users\/1"}],"replies":[{"embeddable":true,"href":"https:\/\/www.capotex.com\/es\/wp-json\/wp\/v2\/comments?post=26223"}],"version-history":[{"count":4,"href":"https:\/\/www.capotex.com\/es\/wp-json\/wp\/v2\/pages\/26223\/revisions"}],"predecessor-version":[{"id":35106,"href":"https:\/\/www.capotex.com\/es\/wp-json\/wp\/v2\/pages\/26223\/revisions\/35106"}],"up":[{"embeddable":true,"href":"https:\/\/www.capotex.com\/es\/wp-json\/wp\/v2\/pages\/26270"}],"wp:featuredmedia":[{"embeddable":true,"href":"https:\/\/www.capotex.com\/es\/wp-json\/wp\/v2\/media\/1810"}],"wp:attachment":[{"href":"https:\/\/www.capotex.com\/es\/wp-json\/wp\/v2\/media?parent=26223"}],"wp:term":[{"taxonomy":"post_tag","embeddable":true,"href":"https:\/\/www.capotex.com\/es\/wp-json\/wp\/v2\/tags?post=26223"}],"curies":[{"name":"wp","href":"https:\/\/api.w.org\/{rel}","templated":true}]}}