{"id":26227,"date":"2023-04-27T08:50:07","date_gmt":"2023-04-27T07:50:07","guid":{"rendered":"https:\/\/capotex.com\/cubiertas-de-cintas-transportadoras\/"},"modified":"2025-01-15T09:43:46","modified_gmt":"2025-01-15T08:43:46","slug":"cubiertas-para-cintas-transportadoras","status":"publish","type":"page","link":"https:\/\/www.capotex.com\/es\/","title":{"rendered":"Cubiertas de cintas transportadoras"},"content":{"rendered":"\t\t<div data-elementor-type=\"wp-page\" data-elementor-id=\"26227\" class=\"elementor elementor-26227 elementor-13\" data-elementor-post-type=\"page\">\n\t\t\t\t<div class=\"elementor-element elementor-element-a0d2300 e-flex e-con-boxed e-con e-parent\" data-id=\"a0d2300\" data-element_type=\"container\" data-e-type=\"container\">\n\t\t\t\t\t<div class=\"e-con-inner\">\n\t\t<div class=\"elementor-element elementor-element-4b97e4c e-flex e-con-boxed e-con e-child\" data-id=\"4b97e4c\" data-element_type=\"container\" data-e-type=\"container\">\n\t\t\t\t\t<div class=\"e-con-inner\">\n\t\t\t\t<div class=\"elementor-element elementor-element-e564c41 elementor-widget__width-inherit elementor-widget elementor-widget-image\" data-id=\"e564c41\" data-element_type=\"widget\" data-e-type=\"widget\" data-widget_type=\"image.default\">\n\t\t\t\t<div class=\"elementor-widget-container\">\n\t\t\t\t\t\t\t\t\t\t\t\t\t\t\t<img fetchpriority=\"high\" decoding=\"async\" width=\"1900\" height=\"1086\" src=\"https:\/\/www.capotex.com\/wp-content\/uploads\/2023\/04\/Conveyor-Belt-Covers-Zero-Emissions-Capotex.jpg\" class=\"attachment-full size-full wp-image-28\" alt=\"Conve\" srcset=\"https:\/\/www.capotex.com\/wp-content\/uploads\/2023\/04\/Conveyor-Belt-Covers-Zero-Emissions-Capotex.jpg 1900w, https:\/\/www.capotex.com\/wp-content\/uploads\/2023\/04\/Conveyor-Belt-Covers-Zero-Emissions-Capotex-300x171.jpg 300w, https:\/\/www.capotex.com\/wp-content\/uploads\/2023\/04\/Conveyor-Belt-Covers-Zero-Emissions-Capotex-1024x585.jpg 1024w, https:\/\/www.capotex.com\/wp-content\/uploads\/2023\/04\/Conveyor-Belt-Covers-Zero-Emissions-Capotex-768x439.jpg 768w, https:\/\/www.capotex.com\/wp-content\/uploads\/2023\/04\/Conveyor-Belt-Covers-Zero-Emissions-Capotex-1536x878.jpg 1536w\" sizes=\"(max-width: 1900px) 100vw, 1900px\" \/>\t\t\t\t\t\t\t\t\t\t\t\t\t\t\t<\/div>\n\t\t\t\t<\/div>\n\t\t\t\t\t<\/div>\n\t\t\t\t<\/div>\n\t\t\t\t\t<\/div>\n\t\t\t\t<\/div>\n\t\t<div class=\"elementor-element elementor-element-b62f179 e-flex e-con-boxed e-con e-parent\" data-id=\"b62f179\" data-element_type=\"container\" data-e-type=\"container\">\n\t\t\t\t\t<div class=\"e-con-inner\">\n\t\t\t\t<div class=\"elementor-element elementor-element-8db7171 elementor-headline--style-rotate elementor-hidden-mobile elementor-widget elementor-widget-animated-headline\" data-id=\"8db7171\" data-element_type=\"widget\" data-e-type=\"widget\" data-settings=\"{&quot;rotating_text&quot;:&quot;dise\\u00f1ado fabricado&quot;,&quot;headline_style&quot;:&quot;rotate&quot;,&quot;animation_type&quot;:&quot;drop-in&quot;,&quot;rotate_iteration_delay&quot;:1500,&quot;loop&quot;:&quot;yes&quot;}\" data-widget_type=\"animated-headline.default\">\n\t\t\t\t<div class=\"elementor-widget-container\">\n\t\t\t\t\t\t\t<h3 class=\"elementor-headline elementor-headline-animation-type-drop-in\">\n\t\t\t\t\t<span class=\"elementor-headline-plain-text elementor-headline-text-wrapper\">Cubiertas transportadoras<\/span>\n\t\t\t\t<span class=\"elementor-headline-dynamic-wrapper elementor-headline-text-wrapper\">\n\t\t\t\t\t<span class=\"elementor-headline-dynamic-text elementor-headline-text-active\">\n\t\t\t\tdise\u00f1ado&nbsp;fabricado\t\t\t<\/span>\n\t\t\t\t\t\t<\/span>\n\t\t\t\t\t<span class=\"elementor-headline-plain-text elementor-headline-text-wrapper\">  para cada proyecto<\/span>\n\t\t\t\t\t<\/h3>\n\t\t\t\t\t\t<\/div>\n\t\t\t\t<\/div>\n\t\t\t\t<div class=\"elementor-element elementor-element-fbc6e08 elementor-hidden-desktop elementor-hidden-tablet elementor-widget elementor-widget-heading\" data-id=\"fbc6e08\" data-element_type=\"widget\" data-e-type=\"widget\" data-widget_type=\"heading.default\">\n\t\t\t\t<div class=\"elementor-widget-container\">\n\t\t\t\t\t<h2 class=\"elementor-heading-title elementor-size-default\">Cubiertas transportadoras dise\u00f1adas y fabricadas para cada proyecto<\/h2>\t\t\t\t<\/div>\n\t\t\t\t<\/div>\n\t\t\t\t\t<\/div>\n\t\t\t\t<\/div>\n\t\t<div class=\"elementor-element elementor-element-e1e1b49 e-flex e-con-boxed e-con e-parent\" data-id=\"e1e1b49\" data-element_type=\"container\" data-e-type=\"container\">\n\t\t\t\t\t<div class=\"e-con-inner\">\n\t\t<div class=\"elementor-element elementor-element-164d1c2 e-con-full e-flex e-con e-child\" data-id=\"164d1c2\" data-element_type=\"container\" data-e-type=\"container\">\n\t\t\t\t<div class=\"elementor-element elementor-element-6769c72 elementor-widget elementor-widget-heading\" data-id=\"6769c72\" data-element_type=\"widget\" data-e-type=\"widget\" data-widget_type=\"heading.default\">\n\t\t\t\t<div class=\"elementor-widget-container\">\n\t\t\t\t\t<h2 class=\"elementor-heading-title elementor-size-default\">\u00bfPor qu\u00e9 Capotex?<\/h2>\t\t\t\t<\/div>\n\t\t\t\t<\/div>\n\t\t\t\t<\/div>\n\t\t\t\t\t<\/div>\n\t\t\t\t<\/div>\n\t\t<div class=\"elementor-element elementor-element-26524c6 e-flex e-con-boxed e-con e-parent\" data-id=\"26524c6\" data-element_type=\"container\" data-e-type=\"container\">\n\t\t\t\t\t<div class=\"e-con-inner\">\n\t\t<div class=\"elementor-element elementor-element-ebe0218 e-con-full e-flex e-con e-child\" data-id=\"ebe0218\" data-element_type=\"container\" data-e-type=\"container\" data-settings=\"{&quot;background_background&quot;:&quot;classic&quot;}\">\n\t\t\t\t<div class=\"elementor-element elementor-element-45f7002 elementor-widget elementor-widget-image\" data-id=\"45f7002\" data-element_type=\"widget\" data-e-type=\"widget\" data-widget_type=\"image.default\">\n\t\t\t\t<div class=\"elementor-widget-container\">\n\t\t\t\t\t\t\t\t\t\t\t\t\t\t\t\t<a href=\"https:\/\/www.capotex.com\/capotex-products\/\">\n\t\t\t\t\t\t\t<img decoding=\"async\" width=\"1024\" height=\"450\" src=\"https:\/\/www.capotex.com\/wp-content\/uploads\/2024\/04\/Belt-conveyor-covers.webp\" class=\"attachment-full size-full wp-image-32736\" alt=\"Belt conveyor covers\" srcset=\"https:\/\/www.capotex.com\/wp-content\/uploads\/2024\/04\/Belt-conveyor-covers.webp 1024w, https:\/\/www.capotex.com\/wp-content\/uploads\/2024\/04\/Belt-conveyor-covers-300x132.webp 300w, https:\/\/www.capotex.com\/wp-content\/uploads\/2024\/04\/Belt-conveyor-covers-768x338.webp 768w\" sizes=\"(max-width: 1024px) 100vw, 1024px\" \/>\t\t\t\t\t\t\t\t<\/a>\n\t\t\t\t\t\t\t\t\t\t\t\t\t\t\t<\/div>\n\t\t\t\t<\/div>\n\t\t\t\t<div class=\"elementor-element elementor-element-af654a5 elementor-widget elementor-widget-text-editor\" data-id=\"af654a5\" data-element_type=\"widget\" data-e-type=\"widget\" data-widget_type=\"text-editor.default\">\n\t\t\t\t<div class=\"elementor-widget-container\">\n\t\t\t\t\t\t\t\t\t<p>\u00bfQu\u00e9 hacemos?<\/p>\n\t\t\t\t\t\t\t\t<\/div>\n\t\t\t\t<\/div>\n\t\t\t\t<div class=\"elementor-element elementor-element-7633b0e elementor-widget elementor-widget-text-editor\" data-id=\"7633b0e\" data-element_type=\"widget\" data-e-type=\"widget\" data-widget_type=\"text-editor.default\">\n\t\t\t\t<div class=\"elementor-widget-container\">\n\t\t\t\t\t\t\t\t\t<p>Dise\u00f1amos y fabricamos cubiertas para cintas transportadoras desde 1993. Ofrecemos la gama m\u00e1s amplia de materiales, accesorios y soluciones del mercado.<\/p>\n\t\t\t\t\t\t\t\t<\/div>\n\t\t\t\t<\/div>\n\t\t\t\t<div class=\"elementor-element elementor-element-fb192b7 elementor-align-center elementor-widget elementor-widget-button\" data-id=\"fb192b7\" data-element_type=\"widget\" data-e-type=\"widget\" data-widget_type=\"button.default\">\n\t\t\t\t<div class=\"elementor-widget-container\">\n\t\t\t\t\t\t\t\t\t<div class=\"elementor-button-wrapper\">\n\t\t\t\t\t<a class=\"elementor-button elementor-button-link elementor-size-sm\" href=\"https:\/\/www.capotex.com\/capotex-products\/\">\n\t\t\t\t\t\t<span class=\"elementor-button-content-wrapper\">\n\t\t\t\t\t\t\t\t\t<span class=\"elementor-button-text\">Seguir leyendo<\/span>\n\t\t\t\t\t<\/span>\n\t\t\t\t\t<\/a>\n\t\t\t\t<\/div>\n\t\t\t\t\t\t\t\t<\/div>\n\t\t\t\t<\/div>\n\t\t\t\t<\/div>\n\t\t<div class=\"elementor-element elementor-element-2a34d86 e-con-full e-flex e-con e-child\" data-id=\"2a34d86\" data-element_type=\"container\" data-e-type=\"container\" data-settings=\"{&quot;background_background&quot;:&quot;classic&quot;}\">\n\t\t\t\t<div class=\"elementor-element elementor-element-6215997 elementor-widget elementor-widget-image\" data-id=\"6215997\" data-element_type=\"widget\" data-e-type=\"widget\" data-widget_type=\"image.default\">\n\t\t\t\t<div class=\"elementor-widget-container\">\n\t\t\t\t\t\t\t\t\t\t\t\t\t\t\t\t<a href=\"https:\/\/www.capotex.com\/es\/por-que-deben-cubrirse-las-cintas-transportadoras\/\">\n\t\t\t\t\t\t\t<img decoding=\"async\" width=\"800\" height=\"533\" src=\"https:\/\/www.capotex.com\/wp-content\/uploads\/2024\/04\/Belt-conveyor-covers-company.webp\" class=\"attachment-full size-full wp-image-32740\" alt=\"Belt conveyor covers company\" srcset=\"https:\/\/www.capotex.com\/wp-content\/uploads\/2024\/04\/Belt-conveyor-covers-company.webp 800w, https:\/\/www.capotex.com\/wp-content\/uploads\/2024\/04\/Belt-conveyor-covers-company-300x200.webp 300w, https:\/\/www.capotex.com\/wp-content\/uploads\/2024\/04\/Belt-conveyor-covers-company-768x512.webp 768w\" sizes=\"(max-width: 800px) 100vw, 800px\" \/>\t\t\t\t\t\t\t\t<\/a>\n\t\t\t\t\t\t\t\t\t\t\t\t\t\t\t<\/div>\n\t\t\t\t<\/div>\n\t\t\t\t<div class=\"elementor-element elementor-element-626d771 elementor-widget elementor-widget-text-editor\" data-id=\"626d771\" data-element_type=\"widget\" data-e-type=\"widget\" data-widget_type=\"text-editor.default\">\n\t\t\t\t<div class=\"elementor-widget-container\">\n\t\t\t\t\t\t\t\t\t<p>\u00bfPor qu\u00e9 cubrir?<\/p>\n\t\t\t\t\t\t\t\t<\/div>\n\t\t\t\t<\/div>\n\t\t\t\t<div class=\"elementor-element elementor-element-01cbc81 elementor-widget elementor-widget-text-editor\" data-id=\"01cbc81\" data-element_type=\"widget\" data-e-type=\"widget\" data-widget_type=\"text-editor.default\">\n\t\t\t\t<div class=\"elementor-widget-container\">\n\t\t\t\t\t\t\t\t\tCubrir las cintas transportadoras reduce el impacto medioambiental, los accidentes laborales y protege el equipo y los materiales.  <br>\n<\/br>\n\t\t\t\t\t\t\t\t<\/div>\n\t\t\t\t<\/div>\n\t\t\t\t<div class=\"elementor-element elementor-element-765c643 elementor-align-center elementor-widget elementor-widget-button\" data-id=\"765c643\" data-element_type=\"widget\" data-e-type=\"widget\" data-widget_type=\"button.default\">\n\t\t\t\t<div class=\"elementor-widget-container\">\n\t\t\t\t\t\t\t\t\t<div class=\"elementor-button-wrapper\">\n\t\t\t\t\t<a class=\"elementor-button elementor-button-link elementor-size-sm\" href=\"https:\/\/www.capotex.com\/es\/por-que-deben-cubrirse-las-cintas-transportadoras\/\">\n\t\t\t\t\t\t<span class=\"elementor-button-content-wrapper\">\n\t\t\t\t\t\t\t\t\t<span class=\"elementor-button-text\">Seguir leyendo<\/span>\n\t\t\t\t\t<\/span>\n\t\t\t\t\t<\/a>\n\t\t\t\t<\/div>\n\t\t\t\t\t\t\t\t<\/div>\n\t\t\t\t<\/div>\n\t\t\t\t<\/div>\n\t\t<div class=\"elementor-element elementor-element-de2e17c e-con-full e-flex e-con e-child\" data-id=\"de2e17c\" data-element_type=\"container\" data-e-type=\"container\" data-settings=\"{&quot;background_background&quot;:&quot;classic&quot;}\">\n\t\t\t\t<div class=\"elementor-element elementor-element-3326cd4 elementor-widget elementor-widget-image\" data-id=\"3326cd4\" data-element_type=\"widget\" data-e-type=\"widget\" data-widget_type=\"image.default\">\n\t\t\t\t<div class=\"elementor-widget-container\">\n\t\t\t\t\t\t\t\t\t\t\t\t\t\t\t\t<a href=\"https:\/\/www.capotex.com\/environmental-impact-of-mining\/\">\n\t\t\t\t\t\t\t<img loading=\"lazy\" decoding=\"async\" width=\"750\" height=\"518\" src=\"https:\/\/www.capotex.com\/wp-content\/uploads\/2023\/05\/Conveyor-belt-covers-for-a-cleaner-planet.jpg\" class=\"attachment-full size-full wp-image-768\" alt=\"Conveyor belt covers for a cleaner planet\" srcset=\"https:\/\/www.capotex.com\/wp-content\/uploads\/2023\/05\/Conveyor-belt-covers-for-a-cleaner-planet.jpg 750w, https:\/\/www.capotex.com\/wp-content\/uploads\/2023\/05\/Conveyor-belt-covers-for-a-cleaner-planet-300x207.jpg 300w\" sizes=\"(max-width: 750px) 100vw, 750px\" \/>\t\t\t\t\t\t\t\t<\/a>\n\t\t\t\t\t\t\t\t\t\t\t\t\t\t\t<\/div>\n\t\t\t\t<\/div>\n\t\t\t\t<div class=\"elementor-element elementor-element-dfd6a21 elementor-widget elementor-widget-text-editor\" data-id=\"dfd6a21\" data-element_type=\"widget\" data-e-type=\"widget\" data-widget_type=\"text-editor.default\">\n\t\t\t\t<div class=\"elementor-widget-container\">\n\t\t\t\t\t\t\t\t\t<p>Por un planeta m\u00e1s limpio<\/p>\n\t\t\t\t\t\t\t\t<\/div>\n\t\t\t\t<\/div>\n\t\t\t\t<div class=\"elementor-element elementor-element-1c7401d elementor-widget elementor-widget-text-editor\" data-id=\"1c7401d\" data-element_type=\"widget\" data-e-type=\"widget\" data-widget_type=\"text-editor.default\">\n\t\t\t\t<div class=\"elementor-widget-container\">\n\t\t\t\t\t\t\t\t\tLas cubiertas de las cintas transportadoras evitan la emisi\u00f3n de polvo. Cubiertas sostenibles para un planeta m\u00e1s limpio.  <br>\n<\/br><br>\n\t\t\t\t\t\t\t\t<\/div>\n\t\t\t\t<\/div>\n\t\t\t\t<div class=\"elementor-element elementor-element-03db3db elementor-align-center elementor-widget elementor-widget-button\" data-id=\"03db3db\" data-element_type=\"widget\" data-e-type=\"widget\" data-widget_type=\"button.default\">\n\t\t\t\t<div class=\"elementor-widget-container\">\n\t\t\t\t\t\t\t\t\t<div class=\"elementor-button-wrapper\">\n\t\t\t\t\t<a class=\"elementor-button elementor-button-link elementor-size-sm\" href=\"https:\/\/www.capotex.com\/environmental-impact-of-mining\/\">\n\t\t\t\t\t\t<span class=\"elementor-button-content-wrapper\">\n\t\t\t\t\t\t\t\t\t<span class=\"elementor-button-text\">Seguir leyendo<\/span>\n\t\t\t\t\t<\/span>\n\t\t\t\t\t<\/a>\n\t\t\t\t<\/div>\n\t\t\t\t\t\t\t\t<\/div>\n\t\t\t\t<\/div>\n\t\t\t\t<\/div>\n\t\t\t\t\t<\/div>\n\t\t\t\t<\/div>\n\t\t<div class=\"elementor-element elementor-element-f95b870 e-flex e-con-boxed e-con e-parent\" data-id=\"f95b870\" data-element_type=\"container\" data-e-type=\"container\">\n\t\t\t\t\t<div class=\"e-con-inner\">\n\t\t\t\t<div class=\"elementor-element elementor-element-1884bca elementor-widget elementor-widget-heading\" data-id=\"1884bca\" data-element_type=\"widget\" data-e-type=\"widget\" data-widget_type=\"heading.default\">\n\t\t\t\t<div class=\"elementor-widget-container\">\n\t\t\t\t\t<h2 class=\"elementor-heading-title elementor-size-default\">\u00daltimos hitos<\/h2>\t\t\t\t<\/div>\n\t\t\t\t<\/div>\n\t\t\t\t\t<\/div>\n\t\t\t\t<\/div>\n\t\t<div class=\"elementor-element elementor-element-c18fb78 e-flex e-con-boxed e-con e-parent\" data-id=\"c18fb78\" data-element_type=\"container\" data-e-type=\"container\">\n\t\t\t\t\t<div class=\"e-con-inner\">\n\t\t<div class=\"elementor-element elementor-element-ad63ae6 e-con-full e-flex e-con e-child\" data-id=\"ad63ae6\" data-element_type=\"container\" data-e-type=\"container\">\n\t\t\t\t<div class=\"elementor-element elementor-element-fe83212 elementor-cta--skin-classic elementor-animated-content elementor-bg-transform elementor-bg-transform-zoom-in elementor-widget elementor-widget-call-to-action\" data-id=\"fe83212\" data-element_type=\"widget\" data-e-type=\"widget\" data-widget_type=\"call-to-action.default\">\n\t\t\t\t<div class=\"elementor-widget-container\">\n\t\t\t\t\t\t\t<div class=\"elementor-cta\">\n\t\t\t\t\t<div class=\"elementor-cta__bg-wrapper\">\n\t\t\t\t<div class=\"elementor-cta__bg elementor-bg\" style=\"background-image: url(https:\/\/www.capotex.com\/wp-content\/uploads\/2023\/07\/Brazil.svg);\" role=\"img\" aria-label=\"Brazil\"><\/div>\n\t\t\t\t<div class=\"elementor-cta__bg-overlay\"><\/div>\n\t\t\t<\/div>\n\t\t\t\t\t\t\t<div class=\"elementor-cta__content\">\n\t\t\t\t\n\t\t\t\t\n\t\t\t\t\t\t\t\t\t<div class=\"elementor-cta__description elementor-cta__content-item elementor-content-item\">\n\t\t\t\t\t\t<p>Hemos entregado nuestro mayor proyecto en Brasil, que ha consistido en cubrir m\u00e1s de 6,5 kil\u00f3metros utilizando nuestro modelo <a href=\"https:\/\/www.capotex.com\/capotex-products\/capotex-cover-models\/madrid-cover\/\">Madrid<\/a> <a href=\"https:\/\/www.capotex.com\/capotex-products\/curvature-shapes\/\">Cl\u00e1sico<\/a> en <a href=\"https:\/\/www.capotex.com\/es\/cubiertas-para-bandas\/capotas-para-bandas\/\">ZM300<\/a>.  <\/p>\n<p><\/p>\n\t\t\t\t\t<\/div>\n\t\t\t\t\n\t\t\t\t\t\t\t<\/div>\n\t\t\t\t\t\t<\/div>\n\t\t\t\t\t\t<\/div>\n\t\t\t\t<\/div>\n\t\t\t\t<\/div>\n\t\t<div class=\"elementor-element elementor-element-8be1c7b e-con-full e-flex e-con e-child\" data-id=\"8be1c7b\" data-element_type=\"container\" data-e-type=\"container\">\n\t\t\t\t<div class=\"elementor-element elementor-element-7cf515a elementor-cta--skin-classic elementor-animated-content elementor-bg-transform elementor-bg-transform-zoom-in elementor-widget elementor-widget-call-to-action\" data-id=\"7cf515a\" data-element_type=\"widget\" data-e-type=\"widget\" data-widget_type=\"call-to-action.default\">\n\t\t\t\t<div class=\"elementor-widget-container\">\n\t\t\t\t\t\t\t<div class=\"elementor-cta\">\n\t\t\t\t\t<div class=\"elementor-cta__bg-wrapper\">\n\t\t\t\t<div class=\"elementor-cta__bg elementor-bg\" style=\"background-image: url(https:\/\/www.capotex.com\/wp-content\/uploads\/2023\/07\/USA.svg);\" role=\"img\" aria-label=\"USA\"><\/div>\n\t\t\t\t<div class=\"elementor-cta__bg-overlay\"><\/div>\n\t\t\t<\/div>\n\t\t\t\t\t\t\t<div class=\"elementor-cta__content\">\n\t\t\t\t\n\t\t\t\t\n\t\t\t\t\t\t\t\t\t<div class=\"elementor-cta__description elementor-cta__content-item elementor-content-item\">\n\t\t\t\t\t\tDurante 2024 entregamos nuestro mayor proyecto en la historia de Capotex. Fue en EE.UU. y suministramos m\u00e1s de 100 kil\u00f3metros de nuestro modelo <a href=\"https:\/\/www.capotex.com\/capotex-products\/capotex-cover-models\/capoarc-cover\/\">Capoarc<\/a> en <a href=\"https:\/\/www.capotex.com\/capotex-products\/capotex-materials\/\">acero galvanizado<\/a>.<\/p>\n\t\t\t\t\t<\/div>\n\t\t\t\t\n\t\t\t\t\t\t\t<\/div>\n\t\t\t\t\t\t<\/div>\n\t\t\t\t\t\t<\/div>\n\t\t\t\t<\/div>\n\t\t\t\t<\/div>\n\t\t<div class=\"elementor-element elementor-element-d01a90d e-con-full e-flex e-con e-child\" data-id=\"d01a90d\" data-element_type=\"container\" data-e-type=\"container\">\n\t\t\t\t<div class=\"elementor-element elementor-element-e3f2745 elementor-cta--skin-classic elementor-animated-content elementor-bg-transform elementor-bg-transform-zoom-in elementor-widget elementor-widget-call-to-action\" data-id=\"e3f2745\" data-element_type=\"widget\" data-e-type=\"widget\" data-widget_type=\"call-to-action.default\">\n\t\t\t\t<div class=\"elementor-widget-container\">\n\t\t\t\t\t\t\t<div class=\"elementor-cta\">\n\t\t\t\t\t<div class=\"elementor-cta__bg-wrapper\">\n\t\t\t\t<div class=\"elementor-cta__bg elementor-bg\" style=\"background-image: url(https:\/\/www.capotex.com\/wp-content\/uploads\/2023\/07\/solar-panels.png);\" role=\"img\" aria-label=\"solar-panels\"><\/div>\n\t\t\t\t<div class=\"elementor-cta__bg-overlay\"><\/div>\n\t\t\t<\/div>\n\t\t\t\t\t\t\t<div class=\"elementor-cta__content\">\n\t\t\t\t\n\t\t\t\t\n\t\t\t\t\t\t\t\t\t<div class=\"elementor-cta__description elementor-cta__content-item elementor-content-item\">\n\t\t\t\t\t\t<p>Comprometidos con el medio ambiente, acabamos de instalar energ\u00eda solar en nuestra f\u00e1brica de Valladolid, lo que reducir\u00e1 significativamente las emisiones de carbono.  <\/p>\n\t\t\t\t\t<\/div>\n\t\t\t\t\n\t\t\t\t\t\t\t<\/div>\n\t\t\t\t\t\t<\/div>\n\t\t\t\t\t\t<\/div>\n\t\t\t\t<\/div>\n\t\t\t\t<\/div>\n\t\t\t\t\t<\/div>\n\t\t\t\t<\/div>\n\t\t<div class=\"elementor-element elementor-element-d2d7012 e-flex e-con-boxed e-con e-parent\" data-id=\"d2d7012\" data-element_type=\"container\" data-e-type=\"container\">\n\t\t\t\t\t<div class=\"e-con-inner\">\n\t\t<div class=\"elementor-element elementor-element-9c690c8 e-con-full e-flex e-con e-child\" data-id=\"9c690c8\" data-element_type=\"container\" data-e-type=\"container\">\n\t\t\t\t<div class=\"elementor-element elementor-element-352c006 elementor-widget elementor-widget-image\" data-id=\"352c006\" data-element_type=\"widget\" data-e-type=\"widget\" data-widget_type=\"image.default\">\n\t\t\t\t<div class=\"elementor-widget-container\">\n\t\t\t\t\t\t\t\t\t\t\t\t\t\t\t<img loading=\"lazy\" decoding=\"async\" width=\"960\" height=\"542\" src=\"https:\/\/www.capotex.com\/wp-content\/uploads\/2023\/05\/Capotex-World-Installations-more-than-1400-km-covered-around-the-world.webp\" class=\"attachment-full size-full wp-image-2402\" alt=\"Capotex World Installations more than 1400 km covered around the world\" srcset=\"https:\/\/www.capotex.com\/wp-content\/uploads\/2023\/05\/Capotex-World-Installations-more-than-1400-km-covered-around-the-world.webp 960w, https:\/\/www.capotex.com\/wp-content\/uploads\/2023\/05\/Capotex-World-Installations-more-than-1400-km-covered-around-the-world-300x169.webp 300w, https:\/\/www.capotex.com\/wp-content\/uploads\/2023\/05\/Capotex-World-Installations-more-than-1400-km-covered-around-the-world-768x434.webp 768w\" sizes=\"(max-width: 960px) 100vw, 960px\" \/>\t\t\t\t\t\t\t\t\t\t\t\t\t\t\t<\/div>\n\t\t\t\t<\/div>\n\t\t\t\t<\/div>\n\t\t<div class=\"elementor-element elementor-element-72129de e-con-full e-flex e-con e-child\" data-id=\"72129de\" data-element_type=\"container\" data-e-type=\"container\">\n\t\t\t\t<div class=\"elementor-element elementor-element-aa65b0c elementor-widget elementor-widget-heading\" data-id=\"aa65b0c\" data-element_type=\"widget\" data-e-type=\"widget\" data-widget_type=\"heading.default\">\n\t\t\t\t<div class=\"elementor-widget-container\">\n\t\t\t\t\t<h2 class=\"elementor-heading-title elementor-size-default\">Cubiertas para cintas transportadoras. L\u00edderes mundiales.<\/h2>\t\t\t\t<\/div>\n\t\t\t\t<\/div>\n\t\t\t\t<div class=\"elementor-element elementor-element-8b2c754 elementor-widget elementor-widget-text-editor\" data-id=\"8b2c754\" data-element_type=\"widget\" data-e-type=\"widget\" data-widget_type=\"text-editor.default\">\n\t\t\t\t<div class=\"elementor-widget-container\">\n\t\t\t\t\t\t\t\t\t<p>Nuestra experiencia, nuestros avanzados conocimientos de ingenier\u00eda y nuestra capacidad de fabricaci\u00f3n han sido factores clave en la consecuci\u00f3n de los proyectos m\u00e1s desafiantes.<\/p>\n\t\t\t\t\t\t\t\t<\/div>\n\t\t\t\t<\/div>\n\t\t\t\t<\/div>\n\t\t\t\t\t<\/div>\n\t\t\t\t<\/div>\n\t\t\t\t<\/div>\n\t\t","protected":false},"excerpt":{"rendered":"<p>Cubiertas transportadoras dise\u00f1ado&nbsp;fabricado para cada proyecto Cubiertas transportadoras dise\u00f1adas y fabricadas para cada proyecto \u00bfPor qu\u00e9 Capotex? \u00bfQu\u00e9 hacemos? Dise\u00f1amos y fabricamos cubiertas para cintas transportadoras desde 1993. Ofrecemos la gama m\u00e1s amplia de materiales, accesorios y soluciones del mercado. Seguir leyendo \u00bfPor qu\u00e9 cubrir? Cubrir las cintas transportadoras reduce el impacto medioambiental, los accidentes [&hellip;]<\/p>\n","protected":false},"author":1,"featured_media":0,"parent":0,"menu_order":0,"comment_status":"closed","ping_status":"closed","template":"elementor_header_footer","meta":{"_joinchat":[],"footnotes":""},"tags":[],"class_list":["post-26227","page","type-page","status-publish","hentry"],"_links":{"self":[{"href":"https:\/\/www.capotex.com\/es\/wp-json\/wp\/v2\/pages\/26227","targetHints":{"allow":["GET"]}}],"collection":[{"href":"https:\/\/www.capotex.com\/es\/wp-json\/wp\/v2\/pages"}],"about":[{"href":"https:\/\/www.capotex.com\/es\/wp-json\/wp\/v2\/types\/page"}],"author":[{"embeddable":true,"href":"https:\/\/www.capotex.com\/es\/wp-json\/wp\/v2\/users\/1"}],"replies":[{"embeddable":true,"href":"https:\/\/www.capotex.com\/es\/wp-json\/wp\/v2\/comments?post=26227"}],"version-history":[{"count":41,"href":"https:\/\/www.capotex.com\/es\/wp-json\/wp\/v2\/pages\/26227\/revisions"}],"predecessor-version":[{"id":36845,"href":"https:\/\/www.capotex.com\/es\/wp-json\/wp\/v2\/pages\/26227\/revisions\/36845"}],"wp:attachment":[{"href":"https:\/\/www.capotex.com\/es\/wp-json\/wp\/v2\/media?parent=26227"}],"wp:term":[{"taxonomy":"post_tag","embeddable":true,"href":"https:\/\/www.capotex.com\/es\/wp-json\/wp\/v2\/tags?post=26227"}],"curies":[{"name":"wp","href":"https:\/\/api.w.org\/{rel}","templated":true}]}}