{"id":26244,"date":"2023-05-16T11:23:17","date_gmt":"2023-05-16T10:23:17","guid":{"rendered":"https:\/\/capotex.com\/malla-con-tornillo-autorroscante\/"},"modified":"2024-07-16T16:17:35","modified_gmt":"2024-07-16T15:17:35","slug":"proteccion-lateral-para-cinta-transportadora","status":"publish","type":"page","link":"https:\/\/www.capotex.com\/es\/protecciones-laterales-para-cintas-transportadoras\/proteccion-lateral-para-cinta-transportadora\/","title":{"rendered":"Malla con tornillo autorroscante"},"content":{"rendered":"\t\t<div data-elementor-type=\"wp-page\" data-elementor-id=\"26244\" class=\"elementor elementor-26244 elementor-1763\" data-elementor-post-type=\"page\">\n\t\t\t\t<div class=\"elementor-element elementor-element-d6f361e e-flex e-con-boxed e-con e-parent\" data-id=\"d6f361e\" data-element_type=\"container\" data-e-type=\"container\">\n\t\t\t\t\t<div class=\"e-con-inner\">\n\t\t\t\t<div class=\"elementor-element elementor-element-ca569bb elementor-widget elementor-widget-heading\" data-id=\"ca569bb\" data-element_type=\"widget\" data-e-type=\"widget\" data-widget_type=\"heading.default\">\n\t\t\t\t<div class=\"elementor-widget-container\">\n\t\t\t\t\t<h1 class=\"elementor-heading-title elementor-size-default\">Protecci\u00f3n lateral para Cinta Transportadora<\/h1>\t\t\t\t<\/div>\n\t\t\t\t<\/div>\n\t\t\t\t<div class=\"elementor-element elementor-element-2fdf1e4 elementor-widget elementor-widget-heading\" data-id=\"2fdf1e4\" data-element_type=\"widget\" data-e-type=\"widget\" data-widget_type=\"heading.default\">\n\t\t\t\t<div class=\"elementor-widget-container\">\n\t\t\t\t\t<h2 class=\"elementor-heading-title elementor-size-default\">Malla met\u00e1lica de protecci\u00f3n lateral de la cinta transportadora de carga con tornillo autorroscante (P1)<\/h2>\t\t\t\t<\/div>\n\t\t\t\t<\/div>\n\t\t\t\t<div class=\"elementor-element elementor-element-669d373 elementor-widget elementor-widget-image\" data-id=\"669d373\" data-element_type=\"widget\" data-e-type=\"widget\" data-widget_type=\"image.default\">\n\t\t\t\t<div class=\"elementor-widget-container\">\n\t\t\t\t\t\t\t\t\t\t\t\t\t\t\t\t<a href=\"https:\/\/www.capotex.com\/wp-content\/uploads\/2024\/07\/Proteccion-lateral-para-Cinta-Transportadora.jpg\" data-elementor-open-lightbox=\"yes\" data-elementor-lightbox-title=\"Protecci\u00f3n lateral para Cinta Transportadora\" data-elementor-lightbox-description=\"Protecci\u00f3n lateral para Cinta Transportadora\" data-e-action-hash=\"#elementor-action%3Aaction%3Dlightbox%26settings%3DeyJpZCI6MzUwNTQsInVybCI6Imh0dHBzOlwvXC93d3cuY2Fwb3RleC5jb21cL3dwLWNvbnRlbnRcL3VwbG9hZHNcLzIwMjRcLzA3XC9Qcm90ZWNjaW9uLWxhdGVyYWwtcGFyYS1DaW50YS1UcmFuc3BvcnRhZG9yYS5qcGcifQ%3D%3D\">\n\t\t\t\t\t\t\t<img fetchpriority=\"high\" decoding=\"async\" width=\"546\" height=\"400\" src=\"https:\/\/www.capotex.com\/wp-content\/uploads\/2024\/07\/Proteccion-lateral-para-Cinta-Transportadora.jpg\" class=\"attachment-full size-full wp-image-35054\" alt=\"Protecci\u00f3n lateral para Cinta Transportadora\" srcset=\"https:\/\/www.capotex.com\/wp-content\/uploads\/2024\/07\/Proteccion-lateral-para-Cinta-Transportadora.jpg 546w, https:\/\/www.capotex.com\/wp-content\/uploads\/2024\/07\/Proteccion-lateral-para-Cinta-Transportadora-300x220.jpg 300w\" sizes=\"(max-width: 546px) 100vw, 546px\" \/>\t\t\t\t\t\t\t\t<\/a>\n\t\t\t\t\t\t\t\t\t\t\t\t\t\t\t<\/div>\n\t\t\t\t<\/div>\n\t\t\t\t\t<\/div>\n\t\t\t\t<\/div>\n\t\t<div class=\"elementor-element elementor-element-82ef0d0 e-flex e-con-boxed e-con e-parent\" data-id=\"82ef0d0\" data-element_type=\"container\" data-e-type=\"container\">\n\t\t\t\t\t<div class=\"e-con-inner\">\n\t\t<div class=\"elementor-element elementor-element-f2cb550 e-con-full e-flex e-con e-child\" data-id=\"f2cb550\" data-element_type=\"container\" data-e-type=\"container\">\n\t\t\t\t<div class=\"elementor-element elementor-element-327d608 elementor-widget elementor-widget-text-editor\" data-id=\"327d608\" data-element_type=\"widget\" data-e-type=\"widget\" data-widget_type=\"text-editor.default\">\n\t\t\t\t<div class=\"elementor-widget-container\">\n\t\t\t\t\t\t\t\t\t<p><strong>Caracter\u00edsticas:<\/strong><\/p><ul><li>Garantizan la coherencia y el cumplimiento de la normativa.<\/li><li>Gracias a la innovaci\u00f3n en sus soluciones personalizadas, garantizan una instalaci\u00f3n correcta.<\/li><li>Es una de las opciones m\u00e1s econ\u00f3micas de protecci\u00f3n lateral superior -cinta de carga-.<\/li><li>Aunque se consideran protecciones fijas, pueden desmontarse para operaciones de mantenimiento.<\/li><li>Este protector se atornilla a un poste que se atornilla al marco.<\/li><\/ul>\t\t\t\t\t\t\t\t<\/div>\n\t\t\t\t<\/div>\n\t\t\t\t<\/div>\n\t\t<div class=\"elementor-element elementor-element-ca54301 e-con-full e-flex e-con e-child\" data-id=\"ca54301\" data-element_type=\"container\" data-e-type=\"container\">\n\t\t\t\t<div class=\"elementor-element elementor-element-fe16220 elementor-widget elementor-widget-text-editor\" data-id=\"fe16220\" data-element_type=\"widget\" data-e-type=\"widget\" data-widget_type=\"text-editor.default\">\n\t\t\t\t<div class=\"elementor-widget-container\">\n\t\t\t\t\t\t\t\t\t<p><strong>Materiales:<\/strong><\/p>\n<ul>\n<li>Galvanizado en caliente.<\/li>\n<li>Acero inoxidable 304.<\/li>\n<li>Acero inoxidable 316.<\/li>\n<\/ul>\n\t\t\t\t\t\t\t\t<\/div>\n\t\t\t\t<\/div>\n\t\t\t\t<\/div>\n\t\t<div class=\"elementor-element elementor-element-4df8a6f e-con-full e-flex e-con e-child\" data-id=\"4df8a6f\" data-element_type=\"container\" data-e-type=\"container\">\n\t\t\t\t<div class=\"elementor-element elementor-element-158a2f4 elementor-widget elementor-widget-text-editor\" data-id=\"158a2f4\" data-element_type=\"widget\" data-e-type=\"widget\" data-widget_type=\"text-editor.default\">\n\t\t\t\t<div class=\"elementor-widget-container\">\n\t\t\t\t\t\t\t\t\t<p><strong>Especificaciones t\u00e9cnicas:<\/strong><\/p><ul><li><strong>Longitud unitaria<\/strong> de 1,5 a 2,4 metros.<\/li><li><strong>Altura<\/strong> seg\u00fan <a href=\"https:\/\/www.capotex.com\/wp-content\/uploads\/2024\/03\/P1-Mesh-dimensions.pdf\" target=\"_blank\" rel=\"noopener\">plano<\/a>.<\/li><li><strong>Peso del sistema<\/strong> 4,7 kg\/metro.<\/li><li><strong>Malla est\u00e1ndar<\/strong> 33&#215;33 hilo 3 mm (otras medidas bajo pedido).<\/li><\/ul>\t\t\t\t\t\t\t\t<\/div>\n\t\t\t\t<\/div>\n\t\t\t\t<\/div>\n\t\t\t\t\t<\/div>\n\t\t\t\t<\/div>\n\t\t<div class=\"elementor-element elementor-element-e44257e e-flex e-con-boxed e-con e-parent\" data-id=\"e44257e\" data-element_type=\"container\" data-e-type=\"container\">\n\t\t\t\t\t<div class=\"e-con-inner\">\n\t\t\t\t<div class=\"elementor-element elementor-element-cd5f259 elementor-widget elementor-widget-image\" data-id=\"cd5f259\" data-element_type=\"widget\" data-e-type=\"widget\" data-widget_type=\"image.default\">\n\t\t\t\t<div class=\"elementor-widget-container\">\n\t\t\t\t\t\t\t\t\t\t\t\t\t\t\t\t<a href=\"https:\/\/www.capotex.com\/wp-content\/uploads\/2024\/03\/P-1_MESH-Espanol.pdf\" target=\"_blank\">\n\t\t\t\t\t\t\t<img decoding=\"async\" width=\"793\" height=\"560\" src=\"https:\/\/www.capotex.com\/wp-content\/uploads\/2024\/03\/P-1_Mesh_Spanish.jpg\" class=\"attachment-full size-full wp-image-32334\" alt=\"Proteccion lateral para Cinta Transportadora\" srcset=\"https:\/\/www.capotex.com\/wp-content\/uploads\/2024\/03\/P-1_Mesh_Spanish.jpg 793w, https:\/\/www.capotex.com\/wp-content\/uploads\/2024\/03\/P-1_Mesh_Spanish-300x212.jpg 300w, https:\/\/www.capotex.com\/wp-content\/uploads\/2024\/03\/P-1_Mesh_Spanish-768x542.jpg 768w\" sizes=\"(max-width: 793px) 100vw, 793px\" \/>\t\t\t\t\t\t\t\t<\/a>\n\t\t\t\t\t\t\t\t\t\t\t\t\t\t\t<\/div>\n\t\t\t\t<\/div>\n\t\t\t\t<div class=\"elementor-element elementor-element-490242c elementor-widget elementor-widget-text-editor\" data-id=\"490242c\" data-element_type=\"widget\" data-e-type=\"widget\" data-widget_type=\"text-editor.default\">\n\t\t\t\t<div class=\"elementor-widget-container\">\n\t\t\t\t\t\t\t\t\t<p style=\"text-align: center;\"><a href=\"https:\/\/www.capotex.com\/wp-content\/uploads\/2024\/03\/P-1_MESH-Espanol.pdf\" target=\"_blank\" rel=\"noopener\"><em>Descargar plano de malla P-1 en pdf<\/em><\/a><\/p>\t\t\t\t\t\t\t\t<\/div>\n\t\t\t\t<\/div>\n\t\t\t\t\t<\/div>\n\t\t\t\t<\/div>\n\t\t\t\t<\/div>\n\t\t","protected":false},"excerpt":{"rendered":"<p>Protecci\u00f3n lateral para Cinta Transportadora Malla met\u00e1lica de protecci\u00f3n lateral de la cinta transportadora de carga con tornillo autorroscante (P1) Caracter\u00edsticas: Garantizan la coherencia y el cumplimiento de la normativa. Gracias a la innovaci\u00f3n en sus soluciones personalizadas, garantizan una instalaci\u00f3n correcta. Es una de las opciones m\u00e1s econ\u00f3micas de protecci\u00f3n lateral superior -cinta de [&hellip;]<\/p>\n","protected":false},"author":1,"featured_media":1691,"parent":26270,"menu_order":10,"comment_status":"closed","ping_status":"closed","template":"","meta":{"_joinchat":[],"footnotes":""},"tags":[61],"class_list":["post-26244","page","type-page","status-publish","has-post-thumbnail","hentry","tag-chargebelt-es"],"_links":{"self":[{"href":"https:\/\/www.capotex.com\/es\/wp-json\/wp\/v2\/pages\/26244","targetHints":{"allow":["GET"]}}],"collection":[{"href":"https:\/\/www.capotex.com\/es\/wp-json\/wp\/v2\/pages"}],"about":[{"href":"https:\/\/www.capotex.com\/es\/wp-json\/wp\/v2\/types\/page"}],"author":[{"embeddable":true,"href":"https:\/\/www.capotex.com\/es\/wp-json\/wp\/v2\/users\/1"}],"replies":[{"embeddable":true,"href":"https:\/\/www.capotex.com\/es\/wp-json\/wp\/v2\/comments?post=26244"}],"version-history":[{"count":26,"href":"https:\/\/www.capotex.com\/es\/wp-json\/wp\/v2\/pages\/26244\/revisions"}],"predecessor-version":[{"id":35071,"href":"https:\/\/www.capotex.com\/es\/wp-json\/wp\/v2\/pages\/26244\/revisions\/35071"}],"up":[{"embeddable":true,"href":"https:\/\/www.capotex.com\/es\/wp-json\/wp\/v2\/pages\/26270"}],"wp:featuredmedia":[{"embeddable":true,"href":"https:\/\/www.capotex.com\/es\/wp-json\/wp\/v2\/media\/1691"}],"wp:attachment":[{"href":"https:\/\/www.capotex.com\/es\/wp-json\/wp\/v2\/media?parent=26244"}],"wp:term":[{"taxonomy":"post_tag","embeddable":true,"href":"https:\/\/www.capotex.com\/es\/wp-json\/wp\/v2\/tags?post=26244"}],"curies":[{"name":"wp","href":"https:\/\/api.w.org\/{rel}","templated":true}]}}