{"id":26248,"date":"2023-05-09T08:46:39","date_gmt":"2023-05-09T07:46:39","guid":{"rendered":"https:\/\/capotex.com\/quienes-somos\/"},"modified":"2024-03-25T10:10:32","modified_gmt":"2024-03-25T09:10:32","slug":"quienes-somos","status":"publish","type":"page","link":"https:\/\/www.capotex.com\/es\/quienes-somos\/","title":{"rendered":"\u00bfQui\u00e9nes somos?"},"content":{"rendered":"\t\t<div data-elementor-type=\"wp-page\" data-elementor-id=\"26248\" class=\"elementor elementor-26248 elementor-710\" data-elementor-post-type=\"page\">\n\t\t\t\t<div class=\"elementor-element elementor-element-cf08b12 e-flex e-con-boxed e-con e-parent\" data-id=\"cf08b12\" data-element_type=\"container\" data-e-type=\"container\">\n\t\t\t\t\t<div class=\"e-con-inner\">\n\t\t\t\t<div class=\"elementor-element elementor-element-df99641 elementor-widget elementor-widget-heading\" data-id=\"df99641\" data-element_type=\"widget\" data-e-type=\"widget\" data-widget_type=\"heading.default\">\n\t\t\t\t<div class=\"elementor-widget-container\">\n\t\t\t\t\t<h2 class=\"elementor-heading-title elementor-size-default\">\u00bfQui\u00e9nes somos?<\/h2>\t\t\t\t<\/div>\n\t\t\t\t<\/div>\n\t\t\t\t\t<\/div>\n\t\t\t\t<\/div>\n\t\t<div class=\"elementor-element elementor-element-fc2b1da e-flex e-con-boxed e-con e-parent\" data-id=\"fc2b1da\" data-element_type=\"container\" data-e-type=\"container\">\n\t\t\t\t\t<div class=\"e-con-inner\">\n\t\t\t\t<div class=\"elementor-element elementor-element-5b231cc elementor-widget elementor-widget-video\" data-id=\"5b231cc\" data-element_type=\"widget\" data-e-type=\"widget\" data-settings=\"{&quot;youtube_url&quot;:&quot;https:\\\/\\\/youtu.be\\\/4zgl70OJuJg&quot;,&quot;mute&quot;:&quot;yes&quot;,&quot;video_type&quot;:&quot;youtube&quot;,&quot;controls&quot;:&quot;yes&quot;}\" data-widget_type=\"video.default\">\n\t\t\t\t<div class=\"elementor-widget-container\">\n\t\t\t\t\t\t\t<div class=\"elementor-wrapper elementor-open-inline\">\n\t\t\t<div class=\"elementor-video\"><\/div>\t\t<\/div>\n\t\t\t\t\t\t<\/div>\n\t\t\t\t<\/div>\n\t\t\t\t\t<\/div>\n\t\t\t\t<\/div>\n\t\t<div class=\"elementor-element elementor-element-21b2a92 e-flex e-con-boxed e-con e-parent\" data-id=\"21b2a92\" data-element_type=\"container\" data-e-type=\"container\">\n\t\t\t\t\t<div class=\"e-con-inner\">\n\t\t<div class=\"elementor-element elementor-element-4327a21 e-con-full e-flex e-con e-child\" data-id=\"4327a21\" data-element_type=\"container\" data-e-type=\"container\">\n\t\t\t\t<div class=\"elementor-element elementor-element-e26b2c9 elementor-widget elementor-widget-image\" data-id=\"e26b2c9\" data-element_type=\"widget\" data-e-type=\"widget\" data-widget_type=\"image.default\">\n\t\t\t\t<div class=\"elementor-widget-container\">\n\t\t\t\t\t\t\t\t\t\t\t\t\t\t\t<img fetchpriority=\"high\" decoding=\"async\" width=\"480\" height=\"271\" src=\"https:\/\/www.capotex.com\/wp-content\/uploads\/2023\/05\/Capotex-factory-at-Olmedo-Valladolid-Spain.webp\" class=\"attachment-full size-full wp-image-2472\" alt=\"Capotex factory at Olmedo, Valladolid, Spain\" srcset=\"https:\/\/www.capotex.com\/wp-content\/uploads\/2023\/05\/Capotex-factory-at-Olmedo-Valladolid-Spain.webp 480w, https:\/\/www.capotex.com\/wp-content\/uploads\/2023\/05\/Capotex-factory-at-Olmedo-Valladolid-Spain-300x169.webp 300w\" sizes=\"(max-width: 480px) 100vw, 480px\" \/>\t\t\t\t\t\t\t\t\t\t\t\t\t\t\t<\/div>\n\t\t\t\t<\/div>\n\t\t\t\t<\/div>\n\t\t<div class=\"elementor-element elementor-element-45938c4 e-con-full e-flex e-con e-child\" data-id=\"45938c4\" data-element_type=\"container\" data-e-type=\"container\">\n\t\t\t\t<div class=\"elementor-element elementor-element-8e41dd7 elementor-widget elementor-widget-heading\" data-id=\"8e41dd7\" data-element_type=\"widget\" data-e-type=\"widget\" data-widget_type=\"heading.default\">\n\t\t\t\t<div class=\"elementor-widget-container\">\n\t\t\t\t\t<h2 class=\"elementor-heading-title elementor-size-default\">Historia<\/h2>\t\t\t\t<\/div>\n\t\t\t\t<\/div>\n\t\t\t\t<div class=\"elementor-element elementor-element-d0e075b elementor-widget elementor-widget-text-editor\" data-id=\"d0e075b\" data-element_type=\"widget\" data-e-type=\"widget\" data-widget_type=\"text-editor.default\">\n\t\t\t\t<div class=\"elementor-widget-container\">\n\t\t\t\t\t\t\t\t\t<p>Capotex es la empresa l\u00edder en cubiertas para cintas transportadoras desde 1993. Dise\u00f1amos, fabricamos y comercializamos cubiertas para cintas transportadoras en todo el mundo.<\/p>\n<p>Somos especialistas en cubiertas para cintas transportadoras. Trabajamos con las principales empresas mineras y de ingenier\u00eda de todo el mundo, desarrollando soluciones personalizadas para cada necesidad. Nuestras cubiertas reducen el impacto ambiental en todo el mundo.<\/p>\n\t\t\t\t\t\t\t\t<\/div>\n\t\t\t\t<\/div>\n\t\t\t\t<\/div>\n\t\t\t\t\t<\/div>\n\t\t\t\t<\/div>\n\t\t<div class=\"elementor-element elementor-element-2d03d4d e-flex e-con-boxed e-con e-parent\" data-id=\"2d03d4d\" data-element_type=\"container\" data-e-type=\"container\">\n\t\t\t\t\t<div class=\"e-con-inner\">\n\t\t<div class=\"elementor-element elementor-element-e4bbfe4 e-con-full e-flex e-con e-child\" data-id=\"e4bbfe4\" data-element_type=\"container\" data-e-type=\"container\">\n\t\t\t\t<div class=\"elementor-element elementor-element-35e389f elementor-widget elementor-widget-image\" data-id=\"35e389f\" data-element_type=\"widget\" data-e-type=\"widget\" data-widget_type=\"image.default\">\n\t\t\t\t<div class=\"elementor-widget-container\">\n\t\t\t\t\t\t\t\t\t\t\t\t\t\t\t<img decoding=\"async\" width=\"750\" height=\"500\" src=\"https:\/\/www.capotex.com\/wp-content\/uploads\/2024\/03\/Beau-Rivage-tubbo-outdoor-bubble-dome-winter-terrace-hospitality-business-restaurant-hotel-bar-bw.jpg\" class=\"attachment-full size-full wp-image-32244\" alt=\"\" srcset=\"https:\/\/www.capotex.com\/wp-content\/uploads\/2024\/03\/Beau-Rivage-tubbo-outdoor-bubble-dome-winter-terrace-hospitality-business-restaurant-hotel-bar-bw.jpg 750w, https:\/\/www.capotex.com\/wp-content\/uploads\/2024\/03\/Beau-Rivage-tubbo-outdoor-bubble-dome-winter-terrace-hospitality-business-restaurant-hotel-bar-bw-300x200.jpg 300w\" sizes=\"(max-width: 750px) 100vw, 750px\" \/>\t\t\t\t\t\t\t\t\t\t\t\t\t\t\t<\/div>\n\t\t\t\t<\/div>\n\t\t\t\t<\/div>\n\t\t<div class=\"elementor-element elementor-element-2c5bdbf e-con-full e-flex e-con e-child\" data-id=\"2c5bdbf\" data-element_type=\"container\" data-e-type=\"container\">\n\t\t\t\t<div class=\"elementor-element elementor-element-c80d13a elementor-widget elementor-widget-heading\" data-id=\"c80d13a\" data-element_type=\"widget\" data-e-type=\"widget\" data-widget_type=\"heading.default\">\n\t\t\t\t<div class=\"elementor-widget-container\">\n\t\t\t\t\t<h2 class=\"elementor-heading-title elementor-size-default\">Innovaci\u00f3n<\/h2>\t\t\t\t<\/div>\n\t\t\t\t<\/div>\n\t\t\t\t<div class=\"elementor-element elementor-element-30e381a elementor-widget elementor-widget-text-editor\" data-id=\"30e381a\" data-element_type=\"widget\" data-e-type=\"widget\" data-widget_type=\"text-editor.default\">\n\t\t\t\t<div class=\"elementor-widget-container\">\n\t\t\t\t\t\t\t\t\t<p>Desarrollamos, dise\u00f1amos y fabricamos diferentes tipos de cubiertas para las m\u00e1s variadas condiciones y mercados, haciendo de la innovaci\u00f3n uno de nuestros principales valores para nuestros clientes.<\/p>\n<p>El desarrollo de materiales, dise\u00f1os y elementos auxiliares, algunos de ellos imprescindibles, como fijaciones m\u00e1s eficaces, perfiles no cortantes, ventanas y trampillas de acceso a bandas y rodillos, nos han permitido convertirnos y seguir siendo la opci\u00f3n preferida de las ingenier\u00edas que dise\u00f1an cubiertas para bandas transportadoras industriales.<\/p>\n\t\t\t\t\t\t\t\t<\/div>\n\t\t\t\t<\/div>\n\t\t\t\t<\/div>\n\t\t\t\t\t<\/div>\n\t\t\t\t<\/div>\n\t\t\t\t<\/div>\n\t\t","protected":false},"excerpt":{"rendered":"<p>\u00bfQui\u00e9nes somos? Historia Capotex es la empresa l\u00edder en cubiertas para cintas transportadoras desde 1993. Dise\u00f1amos, fabricamos y comercializamos cubiertas para cintas transportadoras en todo el mundo. Somos especialistas en cubiertas para cintas transportadoras. Trabajamos con las principales empresas mineras y de ingenier\u00eda de todo el mundo, desarrollando soluciones personalizadas para cada necesidad. Nuestras cubiertas [&hellip;]<\/p>\n","protected":false},"author":1,"featured_media":0,"parent":0,"menu_order":0,"comment_status":"closed","ping_status":"closed","template":"","meta":{"_joinchat":[],"footnotes":""},"tags":[],"class_list":["post-26248","page","type-page","status-publish","hentry"],"_links":{"self":[{"href":"https:\/\/www.capotex.com\/es\/wp-json\/wp\/v2\/pages\/26248","targetHints":{"allow":["GET"]}}],"collection":[{"href":"https:\/\/www.capotex.com\/es\/wp-json\/wp\/v2\/pages"}],"about":[{"href":"https:\/\/www.capotex.com\/es\/wp-json\/wp\/v2\/types\/page"}],"author":[{"embeddable":true,"href":"https:\/\/www.capotex.com\/es\/wp-json\/wp\/v2\/users\/1"}],"replies":[{"embeddable":true,"href":"https:\/\/www.capotex.com\/es\/wp-json\/wp\/v2\/comments?post=26248"}],"version-history":[{"count":15,"href":"https:\/\/www.capotex.com\/es\/wp-json\/wp\/v2\/pages\/26248\/revisions"}],"predecessor-version":[{"id":32256,"href":"https:\/\/www.capotex.com\/es\/wp-json\/wp\/v2\/pages\/26248\/revisions\/32256"}],"wp:attachment":[{"href":"https:\/\/www.capotex.com\/es\/wp-json\/wp\/v2\/media?parent=26248"}],"wp:term":[{"taxonomy":"post_tag","embeddable":true,"href":"https:\/\/www.capotex.com\/es\/wp-json\/wp\/v2\/tags?post=26248"}],"curies":[{"name":"wp","href":"https:\/\/api.w.org\/{rel}","templated":true}]}}