{"id":26256,"date":"2023-05-16T11:28:02","date_gmt":"2023-05-16T10:28:02","guid":{"rendered":"https:\/\/capotex.com\/malla-con-llave-especial\/"},"modified":"2024-07-16T16:22:47","modified_gmt":"2024-07-16T15:22:47","slug":"proteccion-lateral-para-cintas-transportadoras","status":"publish","type":"page","link":"https:\/\/www.capotex.com\/es\/protecciones-laterales-para-cintas-transportadoras\/proteccion-lateral-para-cintas-transportadoras\/","title":{"rendered":"Malla con llave especial"},"content":{"rendered":"\t\t<div data-elementor-type=\"wp-page\" data-elementor-id=\"26256\" class=\"elementor elementor-26256 elementor-1773\" data-elementor-post-type=\"page\">\n\t\t\t\t<div class=\"elementor-element elementor-element-da441f7 e-flex e-con-boxed e-con e-parent\" data-id=\"da441f7\" data-element_type=\"container\" data-e-type=\"container\">\n\t\t\t\t\t<div class=\"e-con-inner\">\n\t\t\t\t<div class=\"elementor-element elementor-element-b913a42 elementor-widget elementor-widget-heading\" data-id=\"b913a42\" data-element_type=\"widget\" data-e-type=\"widget\" data-widget_type=\"heading.default\">\n\t\t\t\t<div class=\"elementor-widget-container\">\n\t\t\t\t\t<h1 class=\"elementor-heading-title elementor-size-default\">Proteccion lateral para Cintas Transportadoras<\/h1>\t\t\t\t<\/div>\n\t\t\t\t<\/div>\n\t\t\t\t<div class=\"elementor-element elementor-element-00ed15b elementor-widget elementor-widget-heading\" data-id=\"00ed15b\" data-element_type=\"widget\" data-e-type=\"widget\" data-widget_type=\"heading.default\">\n\t\t\t\t<div class=\"elementor-widget-container\">\n\t\t\t\t\t<h2 class=\"elementor-heading-title elementor-size-default\">Malla met\u00e1lica de protecci\u00f3n lateral de la cinta transportadora de carga con llave especial (P4)<\/h2>\t\t\t\t<\/div>\n\t\t\t\t<\/div>\n\t\t\t\t<div class=\"elementor-element elementor-element-696476f elementor-widget elementor-widget-image\" data-id=\"696476f\" data-element_type=\"widget\" data-e-type=\"widget\" data-widget_type=\"image.default\">\n\t\t\t\t<div class=\"elementor-widget-container\">\n\t\t\t\t\t\t\t\t\t\t\t\t\t\t\t\t<a href=\"https:\/\/www.capotex.com\/wp-content\/uploads\/2024\/07\/Proteccion-lateral-para-Cintas-Transportadoras.jpg\" data-elementor-open-lightbox=\"yes\" data-elementor-lightbox-title=\"Proteccion lateral para Cintas Transportadoras\" data-elementor-lightbox-description=\"Protecci\u00f3n lateral para Cintas Transportadoras\" data-e-action-hash=\"#elementor-action%3Aaction%3Dlightbox%26settings%3DeyJpZCI6MzUwNzksInVybCI6Imh0dHBzOlwvXC93d3cuY2Fwb3RleC5jb21cL3dwLWNvbnRlbnRcL3VwbG9hZHNcLzIwMjRcLzA3XC9Qcm90ZWNjaW9uLWxhdGVyYWwtcGFyYS1DaW50YXMtVHJhbnNwb3J0YWRvcmFzLmpwZyJ9\">\n\t\t\t\t\t\t\t<img fetchpriority=\"high\" decoding=\"async\" width=\"550\" height=\"400\" src=\"https:\/\/www.capotex.com\/wp-content\/uploads\/2024\/07\/Proteccion-lateral-para-Cintas-Transportadoras.jpg\" class=\"attachment-full size-full wp-image-35079\" alt=\"Protecci\u00f3n lateral para Cintas Transportadoras\" srcset=\"https:\/\/www.capotex.com\/wp-content\/uploads\/2024\/07\/Proteccion-lateral-para-Cintas-Transportadoras.jpg 550w, https:\/\/www.capotex.com\/wp-content\/uploads\/2024\/07\/Proteccion-lateral-para-Cintas-Transportadoras-300x218.jpg 300w\" sizes=\"(max-width: 550px) 100vw, 550px\" \/>\t\t\t\t\t\t\t\t<\/a>\n\t\t\t\t\t\t\t\t\t\t\t\t\t\t\t<\/div>\n\t\t\t\t<\/div>\n\t\t\t\t\t<\/div>\n\t\t\t\t<\/div>\n\t\t<div class=\"elementor-element elementor-element-960cde1 e-flex e-con-boxed e-con e-parent\" data-id=\"960cde1\" data-element_type=\"container\" data-e-type=\"container\">\n\t\t\t\t\t<div class=\"e-con-inner\">\n\t\t<div class=\"elementor-element elementor-element-c2aeaf2 e-con-full e-flex e-con e-child\" data-id=\"c2aeaf2\" data-element_type=\"container\" data-e-type=\"container\">\n\t\t\t\t<div class=\"elementor-element elementor-element-7e38445 elementor-widget elementor-widget-text-editor\" data-id=\"7e38445\" data-element_type=\"widget\" data-e-type=\"widget\" data-widget_type=\"text-editor.default\">\n\t\t\t\t<div class=\"elementor-widget-container\">\n\t\t\t\t\t\t\t\t\t<p><strong>Caracter\u00edsticas:<\/strong><\/p>\n<ul>\n<li>Garantizan la coherencia y el cumplimiento de las normativas.<\/li>\n<li>La soluci\u00f3n innovadora y personalizada garantiza una instalaci\u00f3n correcta.<\/li>\n<li>Llave para bloquear y desbloquear el sistema para facilitar la instalaci\u00f3n.<\/li>\n<li>Dise\u00f1ado para un desmontaje r\u00e1pido y sencillo.<\/li>\n<\/ul>\n\t\t\t\t\t\t\t\t<\/div>\n\t\t\t\t<\/div>\n\t\t\t\t<\/div>\n\t\t<div class=\"elementor-element elementor-element-b5ab741 e-con-full e-flex e-con e-child\" data-id=\"b5ab741\" data-element_type=\"container\" data-e-type=\"container\">\n\t\t\t\t<div class=\"elementor-element elementor-element-33e04df elementor-widget elementor-widget-text-editor\" data-id=\"33e04df\" data-element_type=\"widget\" data-e-type=\"widget\" data-widget_type=\"text-editor.default\">\n\t\t\t\t<div class=\"elementor-widget-container\">\n\t\t\t\t\t\t\t\t\t<p><strong>Materiales:<\/strong><\/p>\n<ul>\n<li>Galvanizado en caliente.<\/li>\n<li>Acero inoxidable 304.<\/li>\n<li>Acero inoxidable 316.<\/li>\n<\/ul>\n\t\t\t\t\t\t\t\t<\/div>\n\t\t\t\t<\/div>\n\t\t\t\t<\/div>\n\t\t<div class=\"elementor-element elementor-element-f54198e e-con-full e-flex e-con e-child\" data-id=\"f54198e\" data-element_type=\"container\" data-e-type=\"container\">\n\t\t\t\t<div class=\"elementor-element elementor-element-253b21c elementor-widget elementor-widget-text-editor\" data-id=\"253b21c\" data-element_type=\"widget\" data-e-type=\"widget\" data-widget_type=\"text-editor.default\">\n\t\t\t\t<div class=\"elementor-widget-container\">\n\t\t\t\t\t\t\t\t\t<p><strong>Especificaciones t\u00e9cnicas:<\/strong><\/p>\n<ul>\n<li><strong>Longitud<\/strong> en tramos m\u00e1ximos de hasta 3 metros.<\/li>\n<li><strong>Altura<\/strong> hasta 0,8 metros.<\/li>\n<li><strong>Peso del sistema<\/strong> 7,2 kg \/ metro.<\/li>\n<\/ul>\n\t\t\t\t\t\t\t\t<\/div>\n\t\t\t\t<\/div>\n\t\t\t\t<\/div>\n\t\t\t\t\t<\/div>\n\t\t\t\t<\/div>\n\t\t<div class=\"elementor-element elementor-element-999e56c e-flex e-con-boxed e-con e-parent\" data-id=\"999e56c\" data-element_type=\"container\" data-e-type=\"container\">\n\t\t\t\t\t<div class=\"e-con-inner\">\n\t\t\t\t<div class=\"elementor-element elementor-element-859691c elementor-widget elementor-widget-image\" data-id=\"859691c\" data-element_type=\"widget\" data-e-type=\"widget\" data-widget_type=\"image.default\">\n\t\t\t\t<div class=\"elementor-widget-container\">\n\t\t\t\t\t\t\t\t\t\t\t\t\t\t\t\t<a href=\"https:\/\/www.capotex.com\/wp-content\/uploads\/2024\/03\/P-4-MESH-Spanish.pdf\" target=\"_blank\">\n\t\t\t\t\t\t\t<img decoding=\"async\" width=\"793\" height=\"560\" src=\"https:\/\/www.capotex.com\/wp-content\/uploads\/2024\/03\/P4-Mesh-Spanish.jpg\" class=\"attachment-full size-full wp-image-32556\" alt=\"Protecci\u00f3n lateral para Cintas Transportadoras\" srcset=\"https:\/\/www.capotex.com\/wp-content\/uploads\/2024\/03\/P4-Mesh-Spanish.jpg 793w, https:\/\/www.capotex.com\/wp-content\/uploads\/2024\/03\/P4-Mesh-Spanish-300x212.jpg 300w, https:\/\/www.capotex.com\/wp-content\/uploads\/2024\/03\/P4-Mesh-Spanish-768x542.jpg 768w\" sizes=\"(max-width: 793px) 100vw, 793px\" \/>\t\t\t\t\t\t\t\t<\/a>\n\t\t\t\t\t\t\t\t\t\t\t\t\t\t\t<\/div>\n\t\t\t\t<\/div>\n\t\t\t\t<div class=\"elementor-element elementor-element-1622c01 elementor-widget elementor-widget-text-editor\" data-id=\"1622c01\" data-element_type=\"widget\" data-e-type=\"widget\" data-widget_type=\"text-editor.default\">\n\t\t\t\t<div class=\"elementor-widget-container\">\n\t\t\t\t\t\t\t\t\t<p style=\"text-align: center;\"><a href=\"https:\/\/www.capotex.com\/wp-content\/uploads\/2024\/03\/P-4-MESH-Spanish.pdf\" target=\"_blank\" rel=\"noopener\"><em>Descargar plano de malla P-4 en pdf<\/em><\/a><\/p>\t\t\t\t\t\t\t\t<\/div>\n\t\t\t\t<\/div>\n\t\t\t\t\t<\/div>\n\t\t\t\t<\/div>\n\t\t\t\t<\/div>\n\t\t","protected":false},"excerpt":{"rendered":"<p>Proteccion lateral para Cintas Transportadoras Malla met\u00e1lica de protecci\u00f3n lateral de la cinta transportadora de carga con llave especial (P4) Caracter\u00edsticas: Garantizan la coherencia y el cumplimiento de las normativas. La soluci\u00f3n innovadora y personalizada garantiza una instalaci\u00f3n correcta. Llave para bloquear y desbloquear el sistema para facilitar la instalaci\u00f3n. Dise\u00f1ado para un desmontaje r\u00e1pido [&hellip;]<\/p>\n","protected":false},"author":1,"featured_media":1713,"parent":26270,"menu_order":30,"comment_status":"closed","ping_status":"closed","template":"","meta":{"_joinchat":[],"footnotes":""},"tags":[61],"class_list":["post-26256","page","type-page","status-publish","has-post-thumbnail","hentry","tag-chargebelt-es"],"_links":{"self":[{"href":"https:\/\/www.capotex.com\/es\/wp-json\/wp\/v2\/pages\/26256","targetHints":{"allow":["GET"]}}],"collection":[{"href":"https:\/\/www.capotex.com\/es\/wp-json\/wp\/v2\/pages"}],"about":[{"href":"https:\/\/www.capotex.com\/es\/wp-json\/wp\/v2\/types\/page"}],"author":[{"embeddable":true,"href":"https:\/\/www.capotex.com\/es\/wp-json\/wp\/v2\/users\/1"}],"replies":[{"embeddable":true,"href":"https:\/\/www.capotex.com\/es\/wp-json\/wp\/v2\/comments?post=26256"}],"version-history":[{"count":11,"href":"https:\/\/www.capotex.com\/es\/wp-json\/wp\/v2\/pages\/26256\/revisions"}],"predecessor-version":[{"id":35085,"href":"https:\/\/www.capotex.com\/es\/wp-json\/wp\/v2\/pages\/26256\/revisions\/35085"}],"up":[{"embeddable":true,"href":"https:\/\/www.capotex.com\/es\/wp-json\/wp\/v2\/pages\/26270"}],"wp:featuredmedia":[{"embeddable":true,"href":"https:\/\/www.capotex.com\/es\/wp-json\/wp\/v2\/media\/1713"}],"wp:attachment":[{"href":"https:\/\/www.capotex.com\/es\/wp-json\/wp\/v2\/media?parent=26256"}],"wp:term":[{"taxonomy":"post_tag","embeddable":true,"href":"https:\/\/www.capotex.com\/es\/wp-json\/wp\/v2\/tags?post=26256"}],"curies":[{"name":"wp","href":"https:\/\/api.w.org\/{rel}","templated":true}]}}