{"id":26266,"date":"2023-05-16T11:18:38","date_gmt":"2023-05-16T10:18:38","guid":{"rendered":"https:\/\/capotex.com\/hoja-con-llave-especial\/"},"modified":"2024-07-16T16:32:10","modified_gmt":"2024-07-16T15:32:10","slug":"protecciones-laterales-de-cintas-transportadoras","status":"publish","type":"page","link":"https:\/\/www.capotex.com\/es\/protecciones-laterales-para-cintas-transportadoras\/protecciones-laterales-de-cintas-transportadoras\/","title":{"rendered":"Chapa con llave especial"},"content":{"rendered":"\t\t<div data-elementor-type=\"wp-page\" data-elementor-id=\"26266\" class=\"elementor elementor-26266 elementor-1751\" data-elementor-post-type=\"page\">\n\t\t\t\t<div class=\"elementor-element elementor-element-e5807fc e-flex e-con-boxed e-con e-parent\" data-id=\"e5807fc\" data-element_type=\"container\" data-e-type=\"container\">\n\t\t\t\t\t<div class=\"e-con-inner\">\n\t\t\t\t<div class=\"elementor-element elementor-element-ce862e0 elementor-widget elementor-widget-heading\" data-id=\"ce862e0\" data-element_type=\"widget\" data-e-type=\"widget\" data-widget_type=\"heading.default\">\n\t\t\t\t<div class=\"elementor-widget-container\">\n\t\t\t\t\t<h1 class=\"elementor-heading-title elementor-size-default\">Protecciones laterales de Cintas Transportadoras<\/h1>\t\t\t\t<\/div>\n\t\t\t\t<\/div>\n\t\t\t\t<div class=\"elementor-element elementor-element-5f29a75 elementor-widget elementor-widget-heading\" data-id=\"5f29a75\" data-element_type=\"widget\" data-e-type=\"widget\" data-widget_type=\"heading.default\">\n\t\t\t\t<div class=\"elementor-widget-container\">\n\t\t\t\t\t<h2 class=\"elementor-heading-title elementor-size-default\">Protector de chapa de la cinta transportadora de carga con llave especial (P4)<\/h2>\t\t\t\t<\/div>\n\t\t\t\t<\/div>\n\t\t\t\t<div class=\"elementor-element elementor-element-02eac77 elementor-widget elementor-widget-image\" data-id=\"02eac77\" data-element_type=\"widget\" data-e-type=\"widget\" data-widget_type=\"image.default\">\n\t\t\t\t<div class=\"elementor-widget-container\">\n\t\t\t\t\t\t\t\t\t\t\t\t\t\t\t\t<a href=\"https:\/\/www.capotex.com\/wp-content\/uploads\/2024\/07\/Protecciones-laterales-de-Cintas-Transportadoras.jpg\" data-elementor-open-lightbox=\"yes\" data-elementor-lightbox-title=\"Protecciones laterales de Cintas Transportadoras\" data-elementor-lightbox-description=\"Protecciones laterales de Cintas Transportadoras\" data-e-action-hash=\"#elementor-action%3Aaction%3Dlightbox%26settings%3DeyJpZCI6MzUwOTMsInVybCI6Imh0dHBzOlwvXC93d3cuY2Fwb3RleC5jb21cL3dwLWNvbnRlbnRcL3VwbG9hZHNcLzIwMjRcLzA3XC9Qcm90ZWNjaW9uZXMtbGF0ZXJhbGVzLWRlLUNpbnRhcy1UcmFuc3BvcnRhZG9yYXMuanBnIn0%3D\">\n\t\t\t\t\t\t\t<img fetchpriority=\"high\" decoding=\"async\" width=\"550\" height=\"400\" src=\"https:\/\/www.capotex.com\/wp-content\/uploads\/2024\/07\/Protecciones-laterales-de-Cintas-Transportadoras.jpg\" class=\"attachment-full size-full wp-image-35093\" alt=\"Protecciones laterales de Cintas Transportadoras\" srcset=\"https:\/\/www.capotex.com\/wp-content\/uploads\/2024\/07\/Protecciones-laterales-de-Cintas-Transportadoras.jpg 550w, https:\/\/www.capotex.com\/wp-content\/uploads\/2024\/07\/Protecciones-laterales-de-Cintas-Transportadoras-300x218.jpg 300w\" sizes=\"(max-width: 550px) 100vw, 550px\" \/>\t\t\t\t\t\t\t\t<\/a>\n\t\t\t\t\t\t\t\t\t\t\t\t\t\t\t<\/div>\n\t\t\t\t<\/div>\n\t\t\t\t\t<\/div>\n\t\t\t\t<\/div>\n\t\t<div class=\"elementor-element elementor-element-98359af e-flex e-con-boxed e-con e-parent\" data-id=\"98359af\" data-element_type=\"container\" data-e-type=\"container\">\n\t\t\t\t\t<div class=\"e-con-inner\">\n\t\t<div class=\"elementor-element elementor-element-32ab6cb e-con-full e-flex e-con e-child\" data-id=\"32ab6cb\" data-element_type=\"container\" data-e-type=\"container\">\n\t\t\t\t<div class=\"elementor-element elementor-element-6ac56b8 elementor-widget elementor-widget-text-editor\" data-id=\"6ac56b8\" data-element_type=\"widget\" data-e-type=\"widget\" data-widget_type=\"text-editor.default\">\n\t\t\t\t<div class=\"elementor-widget-container\">\n\t\t\t\t\t\t\t\t\t<p><strong>Caracter\u00edsticas:<\/strong><\/p>\n<ul>\n<li>Garantizan la coherencia y el cumplimiento de la normativa.<\/li>\n<li>Garantizan una instalaci\u00f3n correcta gracias a la innovaci\u00f3n de sus soluciones personalizadas.<\/li>\n<li>Llave para bloquear y desbloquear el sistema para facilitar la instalaci\u00f3n.<\/li>\n<li>Dise\u00f1ado para un desmontaje r\u00e1pido y sencillo.<\/li>\n<\/ul>\n\t\t\t\t\t\t\t\t<\/div>\n\t\t\t\t<\/div>\n\t\t\t\t<\/div>\n\t\t<div class=\"elementor-element elementor-element-d7ea931 e-con-full e-flex e-con e-child\" data-id=\"d7ea931\" data-element_type=\"container\" data-e-type=\"container\">\n\t\t\t\t<div class=\"elementor-element elementor-element-61a04bb elementor-widget elementor-widget-text-editor\" data-id=\"61a04bb\" data-element_type=\"widget\" data-e-type=\"widget\" data-widget_type=\"text-editor.default\">\n\t\t\t\t<div class=\"elementor-widget-container\">\n\t\t\t\t\t\t\t\t\t<p><strong>Materiales:<\/strong><\/p>\n<ul>\n<li>ZM 300-310<\/li>\n<li>Acero galvanizado<\/li>\n<li>Acero prelacado<\/li>\n<li>HPS 200 Acero de alto rendimiento<\/li>\n<li>Acero inoxidable 304<\/li>\n<li>Acero inoxidable 316<\/li>\n<li>Poli\u00e9ster reforzado con fibra<\/li>\n<li>Aluminio<\/li>\n<\/ul>\n\t\t\t\t\t\t\t\t<\/div>\n\t\t\t\t<\/div>\n\t\t\t\t<\/div>\n\t\t<div class=\"elementor-element elementor-element-63faf9a e-con-full e-flex e-con e-child\" data-id=\"63faf9a\" data-element_type=\"container\" data-e-type=\"container\">\n\t\t\t\t<div class=\"elementor-element elementor-element-2a6b725 elementor-widget elementor-widget-text-editor\" data-id=\"2a6b725\" data-element_type=\"widget\" data-e-type=\"widget\" data-widget_type=\"text-editor.default\">\n\t\t\t\t<div class=\"elementor-widget-container\">\n\t\t\t\t\t\t\t\t\t<p><strong>Especificaciones t\u00e9cnicas:<\/strong><\/p>\n<ul>\n<li><strong>Longitud<\/strong> en tramos m\u00e1ximos de hasta 3 metros.<\/li>\n<li><strong>Altura<\/strong> hasta 0,8 metros.<\/li>\n<li><strong>Peso del sistema<\/strong> 10 kg \/ metro.<\/li>\n<\/ul>\n\t\t\t\t\t\t\t\t<\/div>\n\t\t\t\t<\/div>\n\t\t\t\t<\/div>\n\t\t\t\t\t<\/div>\n\t\t\t\t<\/div>\n\t\t<div class=\"elementor-element elementor-element-5614561 e-flex e-con-boxed e-con e-parent\" data-id=\"5614561\" data-element_type=\"container\" data-e-type=\"container\">\n\t\t\t\t\t<div class=\"e-con-inner\">\n\t\t\t\t<div class=\"elementor-element elementor-element-09ef310 elementor-widget elementor-widget-image\" data-id=\"09ef310\" data-element_type=\"widget\" data-e-type=\"widget\" data-widget_type=\"image.default\">\n\t\t\t\t<div class=\"elementor-widget-container\">\n\t\t\t\t\t\t\t\t\t\t\t\t\t\t\t\t<a href=\"https:\/\/www.capotex.com\/wp-content\/uploads\/2024\/03\/P-4-METAL-SHEET-Spanish.pdf\" target=\"_blank\">\n\t\t\t\t\t\t\t<img decoding=\"async\" width=\"793\" height=\"560\" src=\"https:\/\/www.capotex.com\/wp-content\/uploads\/2024\/03\/P4-Sheet-Spanish.jpg\" class=\"attachment-full size-full wp-image-32540\" alt=\"Protecciones laterales de Cintas Transportadoras\" srcset=\"https:\/\/www.capotex.com\/wp-content\/uploads\/2024\/03\/P4-Sheet-Spanish.jpg 793w, https:\/\/www.capotex.com\/wp-content\/uploads\/2024\/03\/P4-Sheet-Spanish-300x212.jpg 300w, https:\/\/www.capotex.com\/wp-content\/uploads\/2024\/03\/P4-Sheet-Spanish-768x542.jpg 768w\" sizes=\"(max-width: 793px) 100vw, 793px\" \/>\t\t\t\t\t\t\t\t<\/a>\n\t\t\t\t\t\t\t\t\t\t\t\t\t\t\t<\/div>\n\t\t\t\t<\/div>\n\t\t\t\t<div class=\"elementor-element elementor-element-ee1f2d6 elementor-widget elementor-widget-text-editor\" data-id=\"ee1f2d6\" data-element_type=\"widget\" data-e-type=\"widget\" data-widget_type=\"text-editor.default\">\n\t\t\t\t<div class=\"elementor-widget-container\">\n\t\t\t\t\t\t\t\t\t<p style=\"text-align: center;\"><a href=\"https:\/\/www.capotex.com\/wp-content\/uploads\/2024\/03\/P-4-METAL-SHEET-Spanish.pdf\" target=\"_blank\" rel=\"noopener\"><em>Descargar plano de chapa P-4 en pdf<\/em><\/a><\/p>\t\t\t\t\t\t\t\t<\/div>\n\t\t\t\t<\/div>\n\t\t\t\t\t<\/div>\n\t\t\t\t<\/div>\n\t\t\t\t<\/div>\n\t\t","protected":false},"excerpt":{"rendered":"<p>Protecciones laterales de Cintas Transportadoras Protector de chapa de la cinta transportadora de carga con llave especial (P4) Caracter\u00edsticas: Garantizan la coherencia y el cumplimiento de la normativa. Garantizan una instalaci\u00f3n correcta gracias a la innovaci\u00f3n de sus soluciones personalizadas. Llave para bloquear y desbloquear el sistema para facilitar la instalaci\u00f3n. Dise\u00f1ado para un desmontaje [&hellip;]<\/p>\n","protected":false},"author":1,"featured_media":1662,"parent":26270,"menu_order":50,"comment_status":"closed","ping_status":"closed","template":"","meta":{"_joinchat":[],"footnotes":""},"tags":[61],"class_list":["post-26266","page","type-page","status-publish","has-post-thumbnail","hentry","tag-chargebelt-es"],"_links":{"self":[{"href":"https:\/\/www.capotex.com\/es\/wp-json\/wp\/v2\/pages\/26266","targetHints":{"allow":["GET"]}}],"collection":[{"href":"https:\/\/www.capotex.com\/es\/wp-json\/wp\/v2\/pages"}],"about":[{"href":"https:\/\/www.capotex.com\/es\/wp-json\/wp\/v2\/types\/page"}],"author":[{"embeddable":true,"href":"https:\/\/www.capotex.com\/es\/wp-json\/wp\/v2\/users\/1"}],"replies":[{"embeddable":true,"href":"https:\/\/www.capotex.com\/es\/wp-json\/wp\/v2\/comments?post=26266"}],"version-history":[{"count":11,"href":"https:\/\/www.capotex.com\/es\/wp-json\/wp\/v2\/pages\/26266\/revisions"}],"predecessor-version":[{"id":35099,"href":"https:\/\/www.capotex.com\/es\/wp-json\/wp\/v2\/pages\/26266\/revisions\/35099"}],"up":[{"embeddable":true,"href":"https:\/\/www.capotex.com\/es\/wp-json\/wp\/v2\/pages\/26270"}],"wp:featuredmedia":[{"embeddable":true,"href":"https:\/\/www.capotex.com\/es\/wp-json\/wp\/v2\/media\/1662"}],"wp:attachment":[{"href":"https:\/\/www.capotex.com\/es\/wp-json\/wp\/v2\/media?parent=26266"}],"wp:term":[{"taxonomy":"post_tag","embeddable":true,"href":"https:\/\/www.capotex.com\/es\/wp-json\/wp\/v2\/tags?post=26266"}],"curies":[{"name":"wp","href":"https:\/\/api.w.org\/{rel}","templated":true}]}}