{"id":26270,"date":"2023-05-16T10:26:59","date_gmt":"2023-05-16T09:26:59","guid":{"rendered":"https:\/\/capotex.com\/protectores-laterales-del-transportador\/"},"modified":"2024-07-04T16:30:54","modified_gmt":"2024-07-04T15:30:54","slug":"protecciones-laterales-para-cintas-transportadoras","status":"publish","type":"page","link":"https:\/\/www.capotex.com\/es\/protecciones-laterales-para-cintas-transportadoras\/","title":{"rendered":"Protecciones laterales"},"content":{"rendered":"\t\t<div data-elementor-type=\"wp-page\" data-elementor-id=\"26270\" class=\"elementor elementor-26270 elementor-1739\" data-elementor-post-type=\"page\">\n\t\t\t\t<div class=\"elementor-element elementor-element-0eb3c8f e-flex e-con-boxed e-con e-parent\" data-id=\"0eb3c8f\" data-element_type=\"container\" data-e-type=\"container\">\n\t\t\t\t\t<div class=\"e-con-inner\">\n\t\t\t\t<div class=\"elementor-element elementor-element-02939d6 elementor-widget elementor-widget-heading\" data-id=\"02939d6\" data-element_type=\"widget\" data-e-type=\"widget\" data-widget_type=\"heading.default\">\n\t\t\t\t<div class=\"elementor-widget-container\">\n\t\t\t\t\t<h2 class=\"elementor-heading-title elementor-size-default\">Protecciones laterales para cintas transportadoras<\/h2>\t\t\t\t<\/div>\n\t\t\t\t<\/div>\n\t\t\t\t<div class=\"elementor-element elementor-element-31d48d3 elementor-widget elementor-widget-text-editor\" data-id=\"31d48d3\" data-element_type=\"widget\" data-e-type=\"widget\" data-widget_type=\"text-editor.default\">\n\t\t\t\t<div class=\"elementor-widget-container\">\n\t\t\t\t\t\t\t\t\t<p>Capotex comprende la importancia de la seguridad y la eficacia en su lugar de trabajo. Por eso ofrecemos una amplia gama de <a href=\"https:\/\/www.capotex.com\/es\/cubiertas-para-bandas\/\">protecciones laterales para cintas transportadoras<\/a> dise\u00f1adas para proteger a sus trabajadores y su cinta transportadora. Nuestros protectores laterales est\u00e1n fabricados para soportar entornos industriales dif\u00edciles, evitando lesiones y protegiendo al personal del contacto accidental con piezas m\u00f3viles.<\/p>\t\t\t\t\t\t\t\t<\/div>\n\t\t\t\t<\/div>\n\t\t\t\t\t<\/div>\n\t\t\t\t<\/div>\n\t\t<div class=\"elementor-element elementor-element-44f6d18 e-flex e-con-boxed e-con e-parent\" data-id=\"44f6d18\" data-element_type=\"container\" data-e-type=\"container\">\n\t\t\t\t\t<div class=\"e-con-inner\">\n\t\t<div class=\"elementor-element elementor-element-d6840d6 e-con-full e-flex e-con e-child\" data-id=\"d6840d6\" data-element_type=\"container\" data-e-type=\"container\" data-settings=\"{&quot;background_background&quot;:&quot;classic&quot;}\">\n\t\t\t\t<div class=\"elementor-element elementor-element-3c89566 elementor-widget elementor-widget-heading\" data-id=\"3c89566\" data-element_type=\"widget\" data-e-type=\"widget\" data-widget_type=\"heading.default\">\n\t\t\t\t<div class=\"elementor-widget-container\">\n\t\t\t\t\t<h3 class=\"elementor-heading-title elementor-size-default\">Soluciones para el cinta de carga:<\/h3>\t\t\t\t<\/div>\n\t\t\t\t<\/div>\n\t\t\t\t<\/div>\n\t\t<div class=\"elementor-element elementor-element-7a9d169 e-con-full e-flex e-con e-child\" data-id=\"7a9d169\" data-element_type=\"container\" data-e-type=\"container\" data-settings=\"{&quot;background_background&quot;:&quot;classic&quot;}\">\n\t\t\t\t<div class=\"elementor-element elementor-element-2182a7e elementor-widget elementor-widget-heading\" data-id=\"2182a7e\" data-element_type=\"widget\" data-e-type=\"widget\" data-widget_type=\"heading.default\">\n\t\t\t\t<div class=\"elementor-widget-container\">\n\t\t\t\t\t<h3 class=\"elementor-heading-title elementor-size-default\">Soluciones para la cinta de retorno:<\/h3>\t\t\t\t<\/div>\n\t\t\t\t<\/div>\n\t\t\t\t<\/div>\n\t\t\t\t\t<\/div>\n\t\t\t\t<\/div>\n\t\t\t\t<\/div>\n\t\t","protected":false},"excerpt":{"rendered":"<p>Protecciones laterales para cintas transportadoras Capotex comprende la importancia de la seguridad y la eficacia en su lugar de trabajo. Por eso ofrecemos una amplia gama de protecciones laterales para cintas transportadoras dise\u00f1adas para proteger a sus trabajadores y su cinta transportadora. Nuestros protectores laterales est\u00e1n fabricados para soportar entornos industriales dif\u00edciles, evitando lesiones y [&hellip;]<\/p>\n","protected":false},"author":1,"featured_media":1399,"parent":0,"menu_order":50,"comment_status":"closed","ping_status":"closed","template":"","meta":{"_joinchat":[],"footnotes":""},"tags":[67],"class_list":["post-26270","page","type-page","status-publish","has-post-thumbnail","hentry","tag-capotexproductos"],"_links":{"self":[{"href":"https:\/\/www.capotex.com\/es\/wp-json\/wp\/v2\/pages\/26270","targetHints":{"allow":["GET"]}}],"collection":[{"href":"https:\/\/www.capotex.com\/es\/wp-json\/wp\/v2\/pages"}],"about":[{"href":"https:\/\/www.capotex.com\/es\/wp-json\/wp\/v2\/types\/page"}],"author":[{"embeddable":true,"href":"https:\/\/www.capotex.com\/es\/wp-json\/wp\/v2\/users\/1"}],"replies":[{"embeddable":true,"href":"https:\/\/www.capotex.com\/es\/wp-json\/wp\/v2\/comments?post=26270"}],"version-history":[{"count":14,"href":"https:\/\/www.capotex.com\/es\/wp-json\/wp\/v2\/pages\/26270\/revisions"}],"predecessor-version":[{"id":34871,"href":"https:\/\/www.capotex.com\/es\/wp-json\/wp\/v2\/pages\/26270\/revisions\/34871"}],"wp:featuredmedia":[{"embeddable":true,"href":"https:\/\/www.capotex.com\/es\/wp-json\/wp\/v2\/media\/1399"}],"wp:attachment":[{"href":"https:\/\/www.capotex.com\/es\/wp-json\/wp\/v2\/media?parent=26270"}],"wp:term":[{"taxonomy":"post_tag","embeddable":true,"href":"https:\/\/www.capotex.com\/es\/wp-json\/wp\/v2\/tags?post=26270"}],"curies":[{"name":"wp","href":"https:\/\/api.w.org\/{rel}","templated":true}]}}