{"id":26280,"date":"2023-04-30T09:24:15","date_gmt":"2023-04-30T08:24:15","guid":{"rendered":"https:\/\/capotex.com\/productos\/"},"modified":"2024-04-25T07:56:28","modified_gmt":"2024-04-25T06:56:28","slug":"cubiertas-para-bandas","status":"publish","type":"page","link":"https:\/\/www.capotex.com\/es\/cubiertas-para-bandas\/","title":{"rendered":"Cubiertas para bandas"},"content":{"rendered":"\t\t<div data-elementor-type=\"wp-page\" data-elementor-id=\"26280\" class=\"elementor elementor-26280 elementor-92\" data-elementor-post-type=\"page\">\n\t\t\t\t<div class=\"elementor-element elementor-element-319cbce e-flex e-con-boxed e-con e-parent\" data-id=\"319cbce\" data-element_type=\"container\" data-e-type=\"container\">\n\t\t\t\t\t<div class=\"e-con-inner\">\n\t\t<div class=\"elementor-element elementor-element-f36e273 e-con-full e-flex e-con e-child\" data-id=\"f36e273\" data-element_type=\"container\" data-e-type=\"container\">\n\t\t\t\t<div class=\"elementor-element elementor-element-714ab96 elementor-widget elementor-widget-heading\" data-id=\"714ab96\" data-element_type=\"widget\" data-e-type=\"widget\" data-widget_type=\"heading.default\">\n\t\t\t\t<div class=\"elementor-widget-container\">\n\t\t\t\t\t<h1 class=\"elementor-heading-title elementor-size-default\">Productos de Cubiertas para bandas transportadoras<\/h1>\t\t\t\t<\/div>\n\t\t\t\t<\/div>\n\t\t\t\t<div class=\"elementor-element elementor-element-132d751 elementor-widget elementor-widget-text-editor\" data-id=\"132d751\" data-element_type=\"widget\" data-e-type=\"widget\" data-widget_type=\"text-editor.default\">\n\t\t\t\t<div class=\"elementor-widget-container\">\n\t\t\t\t\t\t\t\t\t<p>Capotex fabrica <strong>toda la l\u00ednea de productos de cubiertas para cintas transportadoras<\/strong>, ofreciendo todas las soluciones necesarias que los clientes puedan necesitar. Hemos desarrollado diferentes modelos de <a href=\"https:\/\/www.capotex.com\/es\/proyectos-de-capotajes-para-cintas-transporadoras\/\">cubiertas para cintas transportadoras<\/a>, protecciones laterales, fijaciones, materiales y accesorios para todo tipo de cintas transportadoras.<\/p><p>En cada secci\u00f3n encontrar\u00e1 todas las especificaciones y fichas t\u00e9cnicas de nuestras cubiertas para cintas transportadoras.<\/p>\t\t\t\t\t\t\t\t<\/div>\n\t\t\t\t<\/div>\n\t\t\t\t<\/div>\n\t\t\t\t\t<\/div>\n\t\t\t\t<\/div>\n\t\t<div class=\"elementor-element elementor-element-65fc9b4 e-flex e-con-boxed e-con e-parent\" data-id=\"65fc9b4\" data-element_type=\"container\" data-e-type=\"container\">\n\t\t\t\t\t<div class=\"e-con-inner\">\n\t\t\t\t\t<\/div>\n\t\t\t\t<\/div>\n\t\t\t\t<\/div>\n\t\t","protected":false},"excerpt":{"rendered":"<p>Productos de Cubiertas para bandas transportadoras Capotex fabrica toda la l\u00ednea de productos de cubiertas para cintas transportadoras, ofreciendo todas las soluciones necesarias que los clientes puedan necesitar. Hemos desarrollado diferentes modelos de cubiertas para cintas transportadoras, protecciones laterales, fijaciones, materiales y accesorios para todo tipo de cintas transportadoras. En cada secci\u00f3n encontrar\u00e1 todas las [&hellip;]<\/p>\n","protected":false},"author":1,"featured_media":0,"parent":0,"menu_order":0,"comment_status":"closed","ping_status":"closed","template":"elementor_header_footer","meta":{"_joinchat":[],"footnotes":""},"tags":[],"class_list":["post-26280","page","type-page","status-publish","hentry"],"_links":{"self":[{"href":"https:\/\/www.capotex.com\/es\/wp-json\/wp\/v2\/pages\/26280","targetHints":{"allow":["GET"]}}],"collection":[{"href":"https:\/\/www.capotex.com\/es\/wp-json\/wp\/v2\/pages"}],"about":[{"href":"https:\/\/www.capotex.com\/es\/wp-json\/wp\/v2\/types\/page"}],"author":[{"embeddable":true,"href":"https:\/\/www.capotex.com\/es\/wp-json\/wp\/v2\/users\/1"}],"replies":[{"embeddable":true,"href":"https:\/\/www.capotex.com\/es\/wp-json\/wp\/v2\/comments?post=26280"}],"version-history":[{"count":35,"href":"https:\/\/www.capotex.com\/es\/wp-json\/wp\/v2\/pages\/26280\/revisions"}],"predecessor-version":[{"id":33011,"href":"https:\/\/www.capotex.com\/es\/wp-json\/wp\/v2\/pages\/26280\/revisions\/33011"}],"wp:attachment":[{"href":"https:\/\/www.capotex.com\/es\/wp-json\/wp\/v2\/media?parent=26280"}],"wp:term":[{"taxonomy":"post_tag","embeddable":true,"href":"https:\/\/www.capotex.com\/es\/wp-json\/wp\/v2\/tags?post=26280"}],"curies":[{"name":"wp","href":"https:\/\/api.w.org\/{rel}","templated":true}]}}