{"id":26287,"date":"2023-05-16T15:41:35","date_gmt":"2023-05-16T14:41:35","guid":{"rendered":"https:\/\/capotex.com\/madrid\/"},"modified":"2024-06-27T09:46:47","modified_gmt":"2024-06-27T08:46:47","slug":"madrid","status":"publish","type":"page","link":"https:\/\/www.capotex.com\/es\/cubiertas-para-bandas\/capotajes-para-fajas\/madrid\/","title":{"rendered":"Madrid"},"content":{"rendered":"\t\t<div data-elementor-type=\"wp-page\" data-elementor-id=\"26287\" class=\"elementor elementor-26287 elementor-1895\" data-elementor-post-type=\"page\">\n\t\t\t\t<div class=\"elementor-element elementor-element-eacf7b6 e-flex e-con-boxed e-con e-parent\" data-id=\"eacf7b6\" data-element_type=\"container\" data-e-type=\"container\">\n\t\t\t\t\t<div class=\"e-con-inner\">\n\t\t<div class=\"elementor-element elementor-element-bd11669 e-con-full e-flex e-con e-child\" data-id=\"bd11669\" data-element_type=\"container\" data-e-type=\"container\">\n\t\t\t\t<div class=\"elementor-element elementor-element-1928309 elementor-widget elementor-widget-image\" data-id=\"1928309\" data-element_type=\"widget\" data-e-type=\"widget\" data-widget_type=\"image.default\">\n\t\t\t\t<div class=\"elementor-widget-container\">\n\t\t\t\t\t\t\t\t\t\t\t\t\t\t\t<img fetchpriority=\"high\" decoding=\"async\" width=\"618\" height=\"336\" src=\"https:\/\/www.capotex.com\/wp-content\/uploads\/2024\/05\/Capotajes-para-bandas-Madrid.webp\" class=\"attachment-full size-full wp-image-33666\" alt=\"Capotajes para bandas Madrid\" srcset=\"https:\/\/www.capotex.com\/wp-content\/uploads\/2024\/05\/Capotajes-para-bandas-Madrid.webp 618w, https:\/\/www.capotex.com\/wp-content\/uploads\/2024\/05\/Capotajes-para-bandas-Madrid-300x163.webp 300w\" sizes=\"(max-width: 618px) 100vw, 618px\" \/>\t\t\t\t\t\t\t\t\t\t\t\t\t\t\t<\/div>\n\t\t\t\t<\/div>\n\t\t\t\t<\/div>\n\t\t\t\t\t<\/div>\n\t\t\t\t<\/div>\n\t\t<div class=\"elementor-element elementor-element-d171bee e-flex e-con-boxed e-con e-parent\" data-id=\"d171bee\" data-element_type=\"container\" data-e-type=\"container\">\n\t\t\t\t\t<div class=\"e-con-inner\">\n\t\t<div class=\"elementor-element elementor-element-c34afa1 e-con-full e-flex e-con e-child\" data-id=\"c34afa1\" data-element_type=\"container\" data-e-type=\"container\">\n\t\t\t\t<div class=\"elementor-element elementor-element-21e90c6 elementor-widget elementor-widget-heading\" data-id=\"21e90c6\" data-element_type=\"widget\" data-e-type=\"widget\" data-widget_type=\"heading.default\">\n\t\t\t\t<div class=\"elementor-widget-container\">\n\t\t\t\t\t<h2 class=\"elementor-heading-title elementor-size-default\">Madrid (con bisagras a ambos lados)<\/h2>\t\t\t\t<\/div>\n\t\t\t\t<\/div>\n\t\t\t\t<div class=\"elementor-element elementor-element-50603d6 elementor-widget elementor-widget-text-editor\" data-id=\"50603d6\" data-element_type=\"widget\" data-e-type=\"widget\" data-widget_type=\"text-editor.default\">\n\t\t\t\t<div class=\"elementor-widget-container\">\n\t\t\t\t\t\t\t\t\t<p>La <strong>cubierta Madrid es nuestro modelo m\u00e1s vendido<\/strong>. Este modelo patentado es el que m\u00e1s cintas ha cubierto en el mundo. Su versatilidad y resistencia la han convertido en un est\u00e1ndar del sector.<\/p>\t\t\t\t\t\t\t\t<\/div>\n\t\t\t\t<\/div>\n\t\t<div class=\"elementor-element elementor-element-58297e6 e-flex e-con-boxed e-con e-child\" data-id=\"58297e6\" data-element_type=\"container\" data-e-type=\"container\">\n\t\t\t\t\t<div class=\"e-con-inner\">\n\t\t\t\t<div class=\"elementor-element elementor-element-70a3222 elementor-widget elementor-widget-image\" data-id=\"70a3222\" data-element_type=\"widget\" data-e-type=\"widget\" data-widget_type=\"image.default\">\n\t\t\t\t<div class=\"elementor-widget-container\">\n\t\t\t\t\t\t\t\t\t\t\t\t<figure class=\"wp-caption\">\n\t\t\t\t\t\t\t\t\t\t\t<a href=\"https:\/\/www.capotex.com\/wp-content\/uploads\/2023\/07\/Madrid-Classic-ES.pdf\" target=\"_blank\">\n\t\t\t\t\t\t\t<img decoding=\"async\" width=\"609\" height=\"432\" src=\"https:\/\/www.capotex.com\/wp-content\/uploads\/2023\/07\/Madrid-Classic-Cover.jpg\" class=\"attachment-full size-full wp-image-26920\" alt=\"\" srcset=\"https:\/\/www.capotex.com\/wp-content\/uploads\/2023\/07\/Madrid-Classic-Cover.jpg 609w, https:\/\/www.capotex.com\/wp-content\/uploads\/2023\/07\/Madrid-Classic-Cover-300x213.jpg 300w\" sizes=\"(max-width: 609px) 100vw, 609px\" \/>\t\t\t\t\t\t\t\t<\/a>\n\t\t\t\t\t\t\t\t\t\t\t<figcaption class=\"widget-image-caption wp-caption-text\">Descargar el plano de la curvatura \"Cl\u00e1sica\" en pdf<\/figcaption>\n\t\t\t\t\t\t\t\t\t\t<\/figure>\n\t\t\t\t\t\t\t\t\t<\/div>\n\t\t\t\t<\/div>\n\t\t\t\t<div class=\"elementor-element elementor-element-21d268f elementor-widget elementor-widget-image\" data-id=\"21d268f\" data-element_type=\"widget\" data-e-type=\"widget\" data-widget_type=\"image.default\">\n\t\t\t\t<div class=\"elementor-widget-container\">\n\t\t\t\t\t\t\t\t\t\t\t\t<figure class=\"wp-caption\">\n\t\t\t\t\t\t\t\t\t\t\t<a href=\"https:\/\/www.capotex.com\/wp-content\/uploads\/2023\/07\/Madrid-Plus-ES.pdf\" target=\"_blank\">\n\t\t\t\t\t\t\t<img decoding=\"async\" width=\"610\" height=\"432\" src=\"https:\/\/www.capotex.com\/wp-content\/uploads\/2023\/07\/Madrid-Plus-cover.jpg\" class=\"attachment-full size-full wp-image-26924\" alt=\"\" srcset=\"https:\/\/www.capotex.com\/wp-content\/uploads\/2023\/07\/Madrid-Plus-cover.jpg 610w, https:\/\/www.capotex.com\/wp-content\/uploads\/2023\/07\/Madrid-Plus-cover-300x212.jpg 300w\" sizes=\"(max-width: 610px) 100vw, 610px\" \/>\t\t\t\t\t\t\t\t<\/a>\n\t\t\t\t\t\t\t\t\t\t\t<figcaption class=\"widget-image-caption wp-caption-text\">Descargar el plano de la curvatura \"Plus\" en pdf<\/figcaption>\n\t\t\t\t\t\t\t\t\t\t<\/figure>\n\t\t\t\t\t\t\t\t\t<\/div>\n\t\t\t\t<\/div>\n\t\t\t\t\t<\/div>\n\t\t\t\t<\/div>\n\t\t\t\t<\/div>\n\t\t\t\t\t<\/div>\n\t\t\t\t<\/div>\n\t\t<div class=\"elementor-element elementor-element-3f4f351 elementor-hidden-mobile e-flex e-con-boxed e-con e-parent\" data-id=\"3f4f351\" data-element_type=\"container\" data-e-type=\"container\">\n\t\t\t\t\t<div class=\"e-con-inner\">\n\t\t<div class=\"elementor-element elementor-element-22eb91f e-con-full e-flex e-con e-child\" data-id=\"22eb91f\" data-element_type=\"container\" data-e-type=\"container\">\n\t\t\t\t<div class=\"elementor-element elementor-element-79358cc elementor-hidden-mobile elementor-tabs-view-horizontal elementor-widget elementor-widget-tabs\" data-id=\"79358cc\" data-element_type=\"widget\" data-e-type=\"widget\" data-widget_type=\"tabs.default\">\n\t\t\t\t<div class=\"elementor-widget-container\">\n\t\t\t\t\t\t\t<div class=\"elementor-tabs\">\n\t\t\t<div class=\"elementor-tabs-wrapper\" role=\"tablist\" >\n\t\t\t\t\t\t\t\t\t<div id=\"elementor-tab-title-1271\" class=\"elementor-tab-title elementor-tab-desktop-title\" aria-selected=\"true\" data-tab=\"1\" role=\"tab\" tabindex=\"0\" aria-controls=\"elementor-tab-content-1271\" aria-expanded=\"false\">Caracter\u00edsticas<\/div>\n\t\t\t\t\t\t\t\t\t<div id=\"elementor-tab-title-1272\" class=\"elementor-tab-title elementor-tab-desktop-title\" aria-selected=\"false\" data-tab=\"2\" role=\"tab\" tabindex=\"-1\" aria-controls=\"elementor-tab-content-1272\" aria-expanded=\"false\">Instrucciones de instalaci\u00f3n<\/div>\n\t\t\t\t\t\t\t\t\t<div id=\"elementor-tab-title-1273\" class=\"elementor-tab-title elementor-tab-desktop-title\" aria-selected=\"false\" data-tab=\"3\" role=\"tab\" tabindex=\"-1\" aria-controls=\"elementor-tab-content-1273\" aria-expanded=\"false\">Fijaciones<\/div>\n\t\t\t\t\t\t\t<\/div>\n\t\t\t<div class=\"elementor-tabs-content-wrapper\" role=\"tablist\" aria-orientation=\"vertical\">\n\t\t\t\t\t\t\t\t\t<div class=\"elementor-tab-title elementor-tab-mobile-title\" aria-selected=\"true\" data-tab=\"1\" role=\"tab\" tabindex=\"0\" aria-controls=\"elementor-tab-content-1271\" aria-expanded=\"false\">Caracter\u00edsticas<\/div>\n\t\t\t\t\t<div id=\"elementor-tab-content-1271\" class=\"elementor-tab-content elementor-clearfix\" data-tab=\"1\" role=\"tabpanel\" aria-labelledby=\"elementor-tab-title-1271\" tabindex=\"0\" hidden=\"false\"><p><strong>Desmontable<\/strong>: el capotaje Madrid est\u00e1 abisagrado por ambos lados y puede desmontarse completamente con s\u00f3lo aflojar cuatro tuercas, dejando la cinta transportadora completamente libre, sin estructuras.<\/p>\n<p><strong>Autoportante<\/strong>: no requiere ninguna estructura.<\/p>\n<p><strong>Instalaci\u00f3n r\u00e1pida y sencilla<\/strong>: se adapta a pr\u00e1cticamente todas las cintas transportadoras.<\/p>\n<\/div>\n\t\t\t\t\t\t\t\t\t<div class=\"elementor-tab-title elementor-tab-mobile-title\" aria-selected=\"false\" data-tab=\"2\" role=\"tab\" tabindex=\"-1\" aria-controls=\"elementor-tab-content-1272\" aria-expanded=\"false\">Instrucciones de instalaci\u00f3n<\/div>\n\t\t\t\t\t<div id=\"elementor-tab-content-1272\" class=\"elementor-tab-content elementor-clearfix\" data-tab=\"2\" role=\"tabpanel\" aria-labelledby=\"elementor-tab-title-1272\" tabindex=\"0\" hidden=\"hidden\"><p>\t\t<div data-elementor-type=\"section\" data-elementor-id=\"26753\" class=\"elementor elementor-26753 elementor-157 elementor-157\" data-elementor-post-type=\"elementor_library\">\n\t\t\t\t\t<section class=\"elementor-section elementor-top-section elementor-element elementor-element-a30b6e7 elementor-section-boxed elementor-section-height-default elementor-section-height-default\" data-id=\"a30b6e7\" data-element_type=\"section\" data-e-type=\"section\">\n\t\t\t\t\t\t<div class=\"elementor-container elementor-column-gap-default\">\n\t\t\t\t\t<div class=\"elementor-column elementor-col-100 elementor-top-column elementor-element elementor-element-1b3ce04\" data-id=\"1b3ce04\" data-element_type=\"column\" data-e-type=\"column\">\n\t\t\t<div class=\"elementor-widget-wrap elementor-element-populated\">\n\t\t\t\t\t\t<div class=\"elementor-element elementor-element-d2df1f2 elementor-widget elementor-widget-text-editor\" data-id=\"d2df1f2\" data-element_type=\"widget\" data-e-type=\"widget\" data-widget_type=\"text-editor.default\">\n\t\t\t\t<div class=\"elementor-widget-container\">\n\t\t\t\t\t\t\t\t\t<p><strong>Nunca instale primero todos los \u00e1ngulos de acero<\/strong>; las peque\u00f1as diferencias dimensionales que puedan tener las cubiertas entre s\u00ed pueden sumar una gran diferencia en grandes cantidades. Instale s\u00f3lo ocho \u00e1ngulos de acero y luego dos tapas sobre ellos, y as\u00ed sucesivamente.<\/p>\n<p><strong>Instale las cubiertas alternativamente<\/strong>, una arriba y otra abajo, y as\u00ed sucesivamente. No coloque todas las cubiertas sobre la anterior.<\/p>\n<p><strong>Herramientas necesarias<\/strong>: Destornillador el\u00e9ctrico de 8 mm. casquillo (para \u00e1ngulos de acero) o equipo de soldadura (para chapas de acero), dos de 10 mm. y uno de 11 mm. llaves inglesas.<\/p>\n<p><strong>Detenga la cinta transportadora antes de iniciar la instalaci\u00f3n.<\/strong><\/p>\n<p><strong>Utilice los EPI<\/strong> (equipos de protecci\u00f3n individual) exigidos por la ley. CAPOTEX recomienda el uso de guantes, casco, botas de seguridad, protecci\u00f3n auditiva y m\u00e1scara de soldadura (s\u00f3lo para la soldadura de chapa de acero).<\/p>\n\t\t\t\t\t\t\t\t<\/div>\n\t\t\t\t<\/div>\n\t\t\t\t<div class=\"elementor-element elementor-element-ce56979 elementor-widget elementor-widget-video\" data-id=\"ce56979\" data-element_type=\"widget\" data-e-type=\"widget\" data-settings=\"{&quot;youtube_url&quot;:&quot;https:\\\/\\\/youtu.be\\\/vRmHBdikViw&quot;,&quot;mute&quot;:&quot;yes&quot;,&quot;lazy_load&quot;:&quot;yes&quot;,&quot;video_type&quot;:&quot;youtube&quot;,&quot;controls&quot;:&quot;yes&quot;}\" data-widget_type=\"video.default\">\n\t\t\t\t<div class=\"elementor-widget-container\">\n\t\t\t\t\t\t\t<div class=\"elementor-wrapper elementor-open-inline\">\n\t\t\t<div class=\"elementor-video\"><\/div>\t\t<\/div>\n\t\t\t\t\t\t<\/div>\n\t\t\t\t<\/div>\n\t\t\t\t\t<\/div>\n\t\t<\/div>\n\t\t\t\t\t<\/div>\n\t\t<\/section>\n\t\t\t\t<\/div>\n\t\t<\/p>\n<\/div>\n\t\t\t\t\t\t\t\t\t<div class=\"elementor-tab-title elementor-tab-mobile-title\" aria-selected=\"false\" data-tab=\"3\" role=\"tab\" tabindex=\"-1\" aria-controls=\"elementor-tab-content-1273\" aria-expanded=\"false\">Fijaciones<\/div>\n\t\t\t\t\t<div id=\"elementor-tab-content-1273\" class=\"elementor-tab-content elementor-clearfix\" data-tab=\"3\" role=\"tabpanel\" aria-labelledby=\"elementor-tab-title-1273\" tabindex=\"0\" hidden=\"hidden\"><table id=\"FixingsTable\"><tbody><tr style=\"background-color: #00678a; color: #f9fafa;\"><th>Modelo<\/th><th>Forma de la curvatura<\/th><th>Fijaci\u00f3n de<\/th><th>Foto<\/th><th>Anchura del \u00e1ngulo de acero<\/th><\/tr><tr><td>Madrid<\/td><td><a href=\"https:\/\/www.capotex.com\/es\/cubiertas-para-bandas\/capotas-para-cintas-transportadoras\/\">Cl\u00e1sico<\/a><\/td><td><a href=\"https:\/\/www.capotex.com\/es\/fijaciones-de-cubiertas-para-cintas-transportadoras\/c1\/\">C-1 Bisagra de cierre (4)<\/a><\/td><td rowspan=\"3\"><a href=\"https:\/\/www.capotex.com\/es\/productos\/fijaciones\/bisagra-de-cierre-c1\/\"><img decoding=\"async\" src=\"https:\/\/www.capotex.com\/wp-content\/uploads\/2023\/05\/Capotex-fixings-C1-Lock-Hinge.webp\" width=\"300\" \/><\/a><\/td><td>40 mm.<\/td><\/tr><tr><td>\u00a0<\/td><td>\u00a0<\/td><td>\u00a0<\/td><td>70 mm.<\/td><\/tr><tr><td>\u00a0<\/td><td>\u00a0<\/td><td>\u00a0<\/td><td>Especial (a petici\u00f3n)<\/td><\/tr><tr><td>\u00a0<\/td><td><a href=\"https:\/\/www.capotex.com\/es\/cubiertas-para-bandas\/capotas-para-cintas-transportadoras\/\">Plus<\/a><\/td><td><a href=\"https:\/\/www.capotex.com\/es\/fijaciones-de-cubiertas-para-cintas-transportadoras\/c1\/\">C-1 Bisagra de cierre (4)<\/a><\/td><td rowspan=\"3\"><a href=\"https:\/\/www.capotex.com\/es\/productos\/fijaciones\/bisagra-de-cierre-c1\/\"><img decoding=\"async\" src=\"https:\/\/www.capotex.com\/wp-content\/uploads\/2023\/05\/Capotex-fixings-C1-Lock-Hinge.webp\" width=\"300\" \/><\/a><\/td><td>40 mm.<\/td><\/tr><tr><td>\u00a0<\/td><td>\u00a0<\/td><td>\u00a0<\/td><td>70 mm.<\/td><\/tr><tr><td>\u00a0<\/td><td>\u00a0<\/td><td>\u00a0<\/td><td>Especial (a petici\u00f3n)<\/td><\/tr><\/tbody><\/table><\/div>\n\t\t\t\t\t\t\t<\/div>\n\t\t<\/div>\n\t\t\t\t\t\t<\/div>\n\t\t\t\t<\/div>\n\t\t\t\t<\/div>\n\t\t\t\t\t<\/div>\n\t\t\t\t<\/div>\n\t\t<div class=\"elementor-element elementor-element-dd585d0 elementor-hidden-desktop elementor-hidden-tablet e-flex e-con-boxed e-con e-parent\" data-id=\"dd585d0\" data-element_type=\"container\" data-e-type=\"container\">\n\t\t\t\t\t<div class=\"e-con-inner\">\n\t\t<div class=\"elementor-element elementor-element-b9b8f23 e-con-full e-flex e-con e-child\" data-id=\"b9b8f23\" data-element_type=\"container\" data-e-type=\"container\">\n\t\t\t\t<div class=\"elementor-element elementor-element-ff5e853 elementor-tabs-view-horizontal elementor-widget elementor-widget-tabs\" data-id=\"ff5e853\" data-element_type=\"widget\" data-e-type=\"widget\" data-widget_type=\"tabs.default\">\n\t\t\t\t<div class=\"elementor-widget-container\">\n\t\t\t\t\t\t\t<div class=\"elementor-tabs\">\n\t\t\t<div class=\"elementor-tabs-wrapper\" role=\"tablist\" >\n\t\t\t\t\t\t\t\t\t<div id=\"elementor-tab-title-2671\" class=\"elementor-tab-title elementor-tab-desktop-title\" aria-selected=\"true\" data-tab=\"1\" role=\"tab\" tabindex=\"0\" aria-controls=\"elementor-tab-content-2671\" aria-expanded=\"false\">Caracter\u00edsticas<\/div>\n\t\t\t\t\t\t\t\t\t<div id=\"elementor-tab-title-2672\" class=\"elementor-tab-title elementor-tab-desktop-title\" aria-selected=\"false\" data-tab=\"2\" role=\"tab\" tabindex=\"-1\" aria-controls=\"elementor-tab-content-2672\" aria-expanded=\"false\">Instrucciones de instalaci\u00f3n<\/div>\n\t\t\t\t\t\t\t\t\t<div id=\"elementor-tab-title-2673\" class=\"elementor-tab-title elementor-tab-desktop-title\" aria-selected=\"false\" data-tab=\"3\" role=\"tab\" tabindex=\"-1\" aria-controls=\"elementor-tab-content-2673\" aria-expanded=\"false\">Fijaciones<\/div>\n\t\t\t\t\t\t\t<\/div>\n\t\t\t<div class=\"elementor-tabs-content-wrapper\" role=\"tablist\" aria-orientation=\"vertical\">\n\t\t\t\t\t\t\t\t\t<div class=\"elementor-tab-title elementor-tab-mobile-title\" aria-selected=\"true\" data-tab=\"1\" role=\"tab\" tabindex=\"0\" aria-controls=\"elementor-tab-content-2671\" aria-expanded=\"false\">Caracter\u00edsticas<\/div>\n\t\t\t\t\t<div id=\"elementor-tab-content-2671\" class=\"elementor-tab-content elementor-clearfix\" data-tab=\"1\" role=\"tabpanel\" aria-labelledby=\"elementor-tab-title-2671\" tabindex=\"0\" hidden=\"false\"><p><strong>Desmontable<\/strong>: el capotaje Madrid est\u00e1 abisagrado por ambos lados y puede desmontarse completamente con s\u00f3lo aflojar cuatro tuercas, dejando la cinta transportadora completamente libre, sin estructuras.<\/p>\n<p><strong>Autoportante<\/strong>: no requiere ninguna estructura.<\/p>\n<p><strong>Instalaci\u00f3n r\u00e1pida y sencilla<\/strong>: se adapta a pr\u00e1cticamente todas las cintas transportadoras.<\/p>\n<\/div>\n\t\t\t\t\t\t\t\t\t<div class=\"elementor-tab-title elementor-tab-mobile-title\" aria-selected=\"false\" data-tab=\"2\" role=\"tab\" tabindex=\"-1\" aria-controls=\"elementor-tab-content-2672\" aria-expanded=\"false\">Instrucciones de instalaci\u00f3n<\/div>\n\t\t\t\t\t<div id=\"elementor-tab-content-2672\" class=\"elementor-tab-content elementor-clearfix\" data-tab=\"2\" role=\"tabpanel\" aria-labelledby=\"elementor-tab-title-2672\" tabindex=\"0\" hidden=\"hidden\"><p>\t\t<div data-elementor-type=\"section\" data-elementor-id=\"26753\" class=\"elementor elementor-26753 elementor-157 elementor-157\" data-elementor-post-type=\"elementor_library\">\n\t\t\t\t\t<section class=\"elementor-section elementor-top-section elementor-element elementor-element-a30b6e7 elementor-section-boxed elementor-section-height-default elementor-section-height-default\" data-id=\"a30b6e7\" data-element_type=\"section\" data-e-type=\"section\">\n\t\t\t\t\t\t<div class=\"elementor-container elementor-column-gap-default\">\n\t\t\t\t\t<div class=\"elementor-column elementor-col-100 elementor-top-column elementor-element elementor-element-1b3ce04\" data-id=\"1b3ce04\" data-element_type=\"column\" data-e-type=\"column\">\n\t\t\t<div class=\"elementor-widget-wrap elementor-element-populated\">\n\t\t\t\t\t\t<div class=\"elementor-element elementor-element-d2df1f2 elementor-widget elementor-widget-text-editor\" data-id=\"d2df1f2\" data-element_type=\"widget\" data-e-type=\"widget\" data-widget_type=\"text-editor.default\">\n\t\t\t\t<div class=\"elementor-widget-container\">\n\t\t\t\t\t\t\t\t\t<p><strong>Nunca instale primero todos los \u00e1ngulos de acero<\/strong>; las peque\u00f1as diferencias dimensionales que puedan tener las cubiertas entre s\u00ed pueden sumar una gran diferencia en grandes cantidades. Instale s\u00f3lo ocho \u00e1ngulos de acero y luego dos tapas sobre ellos, y as\u00ed sucesivamente.<\/p>\n<p><strong>Instale las cubiertas alternativamente<\/strong>, una arriba y otra abajo, y as\u00ed sucesivamente. No coloque todas las cubiertas sobre la anterior.<\/p>\n<p><strong>Herramientas necesarias<\/strong>: Destornillador el\u00e9ctrico de 8 mm. casquillo (para \u00e1ngulos de acero) o equipo de soldadura (para chapas de acero), dos de 10 mm. y uno de 11 mm. llaves inglesas.<\/p>\n<p><strong>Detenga la cinta transportadora antes de iniciar la instalaci\u00f3n.<\/strong><\/p>\n<p><strong>Utilice los EPI<\/strong> (equipos de protecci\u00f3n individual) exigidos por la ley. CAPOTEX recomienda el uso de guantes, casco, botas de seguridad, protecci\u00f3n auditiva y m\u00e1scara de soldadura (s\u00f3lo para la soldadura de chapa de acero).<\/p>\n\t\t\t\t\t\t\t\t<\/div>\n\t\t\t\t<\/div>\n\t\t\t\t<div class=\"elementor-element elementor-element-ce56979 elementor-widget elementor-widget-video\" data-id=\"ce56979\" data-element_type=\"widget\" data-e-type=\"widget\" data-settings=\"{&quot;youtube_url&quot;:&quot;https:\\\/\\\/youtu.be\\\/vRmHBdikViw&quot;,&quot;mute&quot;:&quot;yes&quot;,&quot;lazy_load&quot;:&quot;yes&quot;,&quot;video_type&quot;:&quot;youtube&quot;,&quot;controls&quot;:&quot;yes&quot;}\" data-widget_type=\"video.default\">\n\t\t\t\t<div class=\"elementor-widget-container\">\n\t\t\t\t\t\t\t<div class=\"elementor-wrapper elementor-open-inline\">\n\t\t\t<div class=\"elementor-video\"><\/div>\t\t<\/div>\n\t\t\t\t\t\t<\/div>\n\t\t\t\t<\/div>\n\t\t\t\t\t<\/div>\n\t\t<\/div>\n\t\t\t\t\t<\/div>\n\t\t<\/section>\n\t\t\t\t<\/div>\n\t\t<\/p>\n<\/div>\n\t\t\t\t\t\t\t\t\t<div class=\"elementor-tab-title elementor-tab-mobile-title\" aria-selected=\"false\" data-tab=\"3\" role=\"tab\" tabindex=\"-1\" aria-controls=\"elementor-tab-content-2673\" aria-expanded=\"false\">Fijaciones<\/div>\n\t\t\t\t\t<div id=\"elementor-tab-content-2673\" class=\"elementor-tab-content elementor-clearfix\" data-tab=\"3\" role=\"tabpanel\" aria-labelledby=\"elementor-tab-title-2673\" tabindex=\"0\" hidden=\"hidden\"><table id=\"FixingsTable\"><tbody><tr style=\"background-color: #00678a; color: #f9fafa;\"><th>Forma de la curvatura<\/th><th>Fijaci\u00f3n de<\/th><th>Anchura del \u00e1ngulo de acero<\/th><\/tr><tr><td><a href=\"https:\/\/www.capotex.com\/es\/cubiertas-para-bandas\/capotas-para-cintas-transportadoras\/\">Cl\u00e1sico<\/a><\/td><td><a href=\"https:\/\/www.capotex.com\/es\/fijaciones-de-cubiertas-para-cintas-transportadoras\/c1\/\">C-1 Bisagra de cierre (4)<\/a><\/td><td>40 mm.<\/td><\/tr><tr><td>\u00a0<\/td><td>\u00a0<\/td><td>70 mm.<\/td><\/tr><tr><td>\u00a0<\/td><td>\u00a0<\/td><td>Especial (a petici\u00f3n)<\/td><\/tr><tr><td><a href=\"https:\/\/www.capotex.com\/es\/cubiertas-para-bandas\/capotas-para-cintas-transportadoras\/\">Plus<\/a><\/td><td><a href=\"https:\/\/www.capotex.com\/es\/fijaciones-de-cubiertas-para-cintas-transportadoras\/c1\/\">C-1 Bisagra de cierre (4)<\/a><\/td><td>40 mm.<\/td><\/tr><tr><td>\u00a0<\/td><td>\u00a0<\/td><td>70 mm.<\/td><\/tr><tr><td>\u00a0<\/td><td>\u00a0<\/td><td>Especial (a petici\u00f3n)<\/td><\/tr><\/tbody><\/table><\/div>\n\t\t\t\t\t\t\t<\/div>\n\t\t<\/div>\n\t\t\t\t\t\t<\/div>\n\t\t\t\t<\/div>\n\t\t\t\t<\/div>\n\t\t\t\t\t<\/div>\n\t\t\t\t<\/div>\n\t\t\t\t<\/div>\n\t\t","protected":false},"excerpt":{"rendered":"<p>Con bisagras a ambos lados<\/p>\n","protected":false},"author":1,"featured_media":105,"parent":26292,"menu_order":10,"comment_status":"closed","ping_status":"closed","template":"","meta":{"_joinchat":[],"footnotes":""},"tags":[69],"class_list":["post-26287","page","type-page","status-publish","has-post-thumbnail","hentry","tag-conveyormodels-es"],"_links":{"self":[{"href":"https:\/\/www.capotex.com\/es\/wp-json\/wp\/v2\/pages\/26287","targetHints":{"allow":["GET"]}}],"collection":[{"href":"https:\/\/www.capotex.com\/es\/wp-json\/wp\/v2\/pages"}],"about":[{"href":"https:\/\/www.capotex.com\/es\/wp-json\/wp\/v2\/types\/page"}],"author":[{"embeddable":true,"href":"https:\/\/www.capotex.com\/es\/wp-json\/wp\/v2\/users\/1"}],"replies":[{"embeddable":true,"href":"https:\/\/www.capotex.com\/es\/wp-json\/wp\/v2\/comments?post=26287"}],"version-history":[{"count":48,"href":"https:\/\/www.capotex.com\/es\/wp-json\/wp\/v2\/pages\/26287\/revisions"}],"predecessor-version":[{"id":34781,"href":"https:\/\/www.capotex.com\/es\/wp-json\/wp\/v2\/pages\/26287\/revisions\/34781"}],"up":[{"embeddable":true,"href":"https:\/\/www.capotex.com\/es\/wp-json\/wp\/v2\/pages\/26292"}],"wp:featuredmedia":[{"embeddable":true,"href":"https:\/\/www.capotex.com\/es\/wp-json\/wp\/v2\/media\/105"}],"wp:attachment":[{"href":"https:\/\/www.capotex.com\/es\/wp-json\/wp\/v2\/media?parent=26287"}],"wp:term":[{"taxonomy":"post_tag","embeddable":true,"href":"https:\/\/www.capotex.com\/es\/wp-json\/wp\/v2\/tags?post=26287"}],"curies":[{"name":"wp","href":"https:\/\/api.w.org\/{rel}","templated":true}]}}