{"id":26292,"date":"2023-05-16T15:56:05","date_gmt":"2023-05-16T14:56:05","guid":{"rendered":"https:\/\/capotex.com\/productos\/modelos-estandar\/"},"modified":"2024-05-07T09:02:24","modified_gmt":"2024-05-07T08:02:24","slug":"capotajes-para-fajas","status":"publish","type":"page","link":"https:\/\/www.capotex.com\/es\/cubiertas-para-bandas\/capotajes-para-fajas\/","title":{"rendered":"Modelos est\u00e1ndar"},"content":{"rendered":"\t\t<div data-elementor-type=\"wp-page\" data-elementor-id=\"26292\" class=\"elementor elementor-26292 elementor-1915\" data-elementor-post-type=\"page\">\n\t\t\t\t<div class=\"elementor-element elementor-element-12cf8ac e-flex e-con-boxed e-con e-parent\" data-id=\"12cf8ac\" data-element_type=\"container\" data-e-type=\"container\">\n\t\t\t\t\t<div class=\"e-con-inner\">\n\t\t<div class=\"elementor-element elementor-element-b522ffa e-con-full e-flex e-con e-child\" data-id=\"b522ffa\" data-element_type=\"container\" data-e-type=\"container\">\n\t\t\t\t<div class=\"elementor-element elementor-element-da3584f elementor-widget elementor-widget-heading\" data-id=\"da3584f\" data-element_type=\"widget\" data-e-type=\"widget\" data-widget_type=\"heading.default\">\n\t\t\t\t<div class=\"elementor-widget-container\">\n\t\t\t\t\t<h1 class=\"elementor-heading-title elementor-size-default\">Capotajes para fajas - Modelos est\u00e1ndar<\/h1>\t\t\t\t<\/div>\n\t\t\t\t<\/div>\n\t\t\t\t<div class=\"elementor-element elementor-element-437e1e5 elementor-widget elementor-widget-text-editor\" data-id=\"437e1e5\" data-element_type=\"widget\" data-e-type=\"widget\" data-widget_type=\"text-editor.default\">\n\t\t\t\t<div class=\"elementor-widget-container\">\n\t\t\t\t\t\t\t\t\t<p>Hemos fabricado y distribuido m\u00e1s de 3500 instalaciones y 1400 km en todo el mundo desde 1993. Aqu\u00ed puede Estos son nuestros modelos est\u00e1ndar de cubiertas para cintas transportadoras. En cada secci\u00f3n encontrar\u00e1 todas las especificaciones y fichas t\u00e9cnicas de nuestros <a href=\"https:\/\/www.capotex.com\/es\/cubiertas-para-bandas\/\">capotajes para fajas.<\/a><\/p>\t\t\t\t\t\t\t\t<\/div>\n\t\t\t\t<\/div>\n\t\t\t\t<\/div>\n\t\t\t\t\t<\/div>\n\t\t\t\t<\/div>\n\t\t<div class=\"elementor-element elementor-element-7a6ac3e e-flex e-con-boxed e-con e-parent\" data-id=\"7a6ac3e\" data-element_type=\"container\" data-e-type=\"container\">\n\t\t\t\t\t<div class=\"e-con-inner\">\n\t\t\t\t\t<\/div>\n\t\t\t\t<\/div>\n\t\t\t\t<\/div>\n\t\t","protected":false},"excerpt":{"rendered":"<p>Capotajes para fajas &#8211; Modelos est\u00e1ndar Hemos fabricado y distribuido m\u00e1s de 3500 instalaciones y 1400 km en todo el mundo desde 1993. Aqu\u00ed puede Estos son nuestros modelos est\u00e1ndar de cubiertas para cintas transportadoras. En cada secci\u00f3n encontrar\u00e1 todas las especificaciones y fichas t\u00e9cnicas de nuestros capotajes para fajas.<\/p>\n","protected":false},"author":1,"featured_media":276,"parent":26280,"menu_order":10,"comment_status":"closed","ping_status":"closed","template":"","meta":{"_joinchat":[],"footnotes":""},"tags":[67],"class_list":["post-26292","page","type-page","status-publish","has-post-thumbnail","hentry","tag-capotexproductos"],"_links":{"self":[{"href":"https:\/\/www.capotex.com\/es\/wp-json\/wp\/v2\/pages\/26292","targetHints":{"allow":["GET"]}}],"collection":[{"href":"https:\/\/www.capotex.com\/es\/wp-json\/wp\/v2\/pages"}],"about":[{"href":"https:\/\/www.capotex.com\/es\/wp-json\/wp\/v2\/types\/page"}],"author":[{"embeddable":true,"href":"https:\/\/www.capotex.com\/es\/wp-json\/wp\/v2\/users\/1"}],"replies":[{"embeddable":true,"href":"https:\/\/www.capotex.com\/es\/wp-json\/wp\/v2\/comments?post=26292"}],"version-history":[{"count":13,"href":"https:\/\/www.capotex.com\/es\/wp-json\/wp\/v2\/pages\/26292\/revisions"}],"predecessor-version":[{"id":33208,"href":"https:\/\/www.capotex.com\/es\/wp-json\/wp\/v2\/pages\/26292\/revisions\/33208"}],"up":[{"embeddable":true,"href":"https:\/\/www.capotex.com\/es\/wp-json\/wp\/v2\/pages\/26280"}],"wp:featuredmedia":[{"embeddable":true,"href":"https:\/\/www.capotex.com\/es\/wp-json\/wp\/v2\/media\/276"}],"wp:attachment":[{"href":"https:\/\/www.capotex.com\/es\/wp-json\/wp\/v2\/media?parent=26292"}],"wp:term":[{"taxonomy":"post_tag","embeddable":true,"href":"https:\/\/www.capotex.com\/es\/wp-json\/wp\/v2\/tags?post=26292"}],"curies":[{"name":"wp","href":"https:\/\/api.w.org\/{rel}","templated":true}]}}