{"id":26312,"date":"2023-05-17T08:30:31","date_gmt":"2023-05-17T07:30:31","guid":{"rendered":"https:\/\/capotex.com\/productos\/modelos-estandar\/dakar\/"},"modified":"2024-06-27T09:50:26","modified_gmt":"2024-06-27T08:50:26","slug":"dakar","status":"publish","type":"page","link":"https:\/\/www.capotex.com\/es\/cubiertas-para-bandas\/capotajes-para-fajas\/dakar\/","title":{"rendered":"Dakar"},"content":{"rendered":"\t\t<div data-elementor-type=\"wp-page\" data-elementor-id=\"26312\" class=\"elementor elementor-26312 elementor-1946\" data-elementor-post-type=\"page\">\n\t\t\t\t<div class=\"elementor-element elementor-element-0417353 e-flex e-con-boxed e-con e-parent\" data-id=\"0417353\" data-element_type=\"container\" data-e-type=\"container\">\n\t\t\t\t\t<div class=\"e-con-inner\">\n\t\t<div class=\"elementor-element elementor-element-2443e26 e-con-full e-flex e-con e-child\" data-id=\"2443e26\" data-element_type=\"container\" data-e-type=\"container\">\n\t\t\t\t<div class=\"elementor-element elementor-element-91dc9f6 elementor-widget elementor-widget-image\" data-id=\"91dc9f6\" data-element_type=\"widget\" data-e-type=\"widget\" data-widget_type=\"image.default\">\n\t\t\t\t<div class=\"elementor-widget-container\">\n\t\t\t\t\t\t\t\t\t\t\t\t\t\t\t<img fetchpriority=\"high\" decoding=\"async\" width=\"600\" height=\"329\" src=\"https:\/\/www.capotex.com\/wp-content\/uploads\/2024\/05\/Capotajes-para-fajas-Dakar.webp\" class=\"attachment-full size-full wp-image-33687\" alt=\"Capotajes para fajas Dakar\" srcset=\"https:\/\/www.capotex.com\/wp-content\/uploads\/2024\/05\/Capotajes-para-fajas-Dakar.webp 600w, https:\/\/www.capotex.com\/wp-content\/uploads\/2024\/05\/Capotajes-para-fajas-Dakar-300x165.webp 300w\" sizes=\"(max-width: 600px) 100vw, 600px\" \/>\t\t\t\t\t\t\t\t\t\t\t\t\t\t\t<\/div>\n\t\t\t\t<\/div>\n\t\t\t\t<\/div>\n\t\t\t\t\t<\/div>\n\t\t\t\t<\/div>\n\t\t<div class=\"elementor-element elementor-element-ab5f808 e-flex e-con-boxed e-con e-parent\" data-id=\"ab5f808\" data-element_type=\"container\" data-e-type=\"container\">\n\t\t\t\t\t<div class=\"e-con-inner\">\n\t\t<div class=\"elementor-element elementor-element-eb287a9 e-con-full e-flex e-con e-child\" data-id=\"eb287a9\" data-element_type=\"container\" data-e-type=\"container\">\n\t\t\t\t<div class=\"elementor-element elementor-element-179c1aa elementor-widget elementor-widget-heading\" data-id=\"179c1aa\" data-element_type=\"widget\" data-e-type=\"widget\" data-widget_type=\"heading.default\">\n\t\t\t\t<div class=\"elementor-widget-container\">\n\t\t\t\t\t<h2 class=\"elementor-heading-title elementor-size-default\">Dakar (Fijo)<\/h2>\t\t\t\t<\/div>\n\t\t\t\t<\/div>\n\t\t\t\t<div class=\"elementor-element elementor-element-d153d85 elementor-widget elementor-widget-text-editor\" data-id=\"d153d85\" data-element_type=\"widget\" data-e-type=\"widget\" data-widget_type=\"text-editor.default\">\n\t\t\t\t<div class=\"elementor-widget-container\">\n\t\t\t\t\t\t\t\t\t<p>La cubierta Dakar es nuestro sistema m\u00e1s <strong>econ\u00f3mico y competitivo<\/strong>. No es abatible como los modelos MADRID y PARIS, pero sigue siendo desmontable y a\u00fan m\u00e1s f\u00e1cil de instalar. La sencillez es el punto fuerte de este tipo de cubierta.<\/p>\t\t\t\t\t\t\t\t<\/div>\n\t\t\t\t<\/div>\n\t\t<div class=\"elementor-element elementor-element-d8c9499 e-flex e-con-boxed e-con e-child\" data-id=\"d8c9499\" data-element_type=\"container\" data-e-type=\"container\">\n\t\t\t\t\t<div class=\"e-con-inner\">\n\t\t\t\t<div class=\"elementor-element elementor-element-2a11bdc elementor-widget elementor-widget-image\" data-id=\"2a11bdc\" data-element_type=\"widget\" data-e-type=\"widget\" data-widget_type=\"image.default\">\n\t\t\t\t<div class=\"elementor-widget-container\">\n\t\t\t\t\t\t\t\t\t\t\t\t<figure class=\"wp-caption\">\n\t\t\t\t\t\t\t\t\t\t\t<a href=\"https:\/\/www.capotex.com\/wp-content\/uploads\/2024\/04\/Dakar-Classic-Rev-C-Spanish.pdf\" target=\"_blank\">\n\t\t\t\t\t\t\t<img decoding=\"async\" width=\"430\" height=\"305\" src=\"https:\/\/www.capotex.com\/wp-content\/uploads\/2023\/07\/Dakar-Classic-Cover.jpg\" class=\"attachment-full size-full wp-image-27051\" alt=\"Conveyor hood Dakar\" srcset=\"https:\/\/www.capotex.com\/wp-content\/uploads\/2023\/07\/Dakar-Classic-Cover.jpg 430w, https:\/\/www.capotex.com\/wp-content\/uploads\/2023\/07\/Dakar-Classic-Cover-300x213.jpg 300w\" sizes=\"(max-width: 430px) 100vw, 430px\" \/>\t\t\t\t\t\t\t\t<\/a>\n\t\t\t\t\t\t\t\t\t\t\t<figcaption class=\"widget-image-caption wp-caption-text\">Descargar el plano de la curvatura \"Cl\u00e1sica\" en pdf<\/figcaption>\n\t\t\t\t\t\t\t\t\t\t<\/figure>\n\t\t\t\t\t\t\t\t\t<\/div>\n\t\t\t\t<\/div>\n\t\t\t\t<div class=\"elementor-element elementor-element-348af18 elementor-widget elementor-widget-image\" data-id=\"348af18\" data-element_type=\"widget\" data-e-type=\"widget\" data-widget_type=\"image.default\">\n\t\t\t\t<div class=\"elementor-widget-container\">\n\t\t\t\t\t\t\t\t\t\t\t\t<figure class=\"wp-caption\">\n\t\t\t\t\t\t\t\t\t\t\t<a href=\"https:\/\/www.capotex.com\/wp-content\/uploads\/2024\/05\/Dakar-Plus-Rev-C2-Spanish.pdf\" target=\"_blank\">\n\t\t\t\t\t\t\t<img decoding=\"async\" width=\"430\" height=\"305\" src=\"https:\/\/www.capotex.com\/wp-content\/uploads\/2023\/07\/Dakar-Plus-cover.jpg\" class=\"attachment-full size-full wp-image-27047\" alt=\"\" srcset=\"https:\/\/www.capotex.com\/wp-content\/uploads\/2023\/07\/Dakar-Plus-cover.jpg 430w, https:\/\/www.capotex.com\/wp-content\/uploads\/2023\/07\/Dakar-Plus-cover-300x213.jpg 300w\" sizes=\"(max-width: 430px) 100vw, 430px\" \/>\t\t\t\t\t\t\t\t<\/a>\n\t\t\t\t\t\t\t\t\t\t\t<figcaption class=\"widget-image-caption wp-caption-text\">Descargar el plano de la curvatura \"Plus\" en pdf<\/figcaption>\n\t\t\t\t\t\t\t\t\t\t<\/figure>\n\t\t\t\t\t\t\t\t\t<\/div>\n\t\t\t\t<\/div>\n\t\t\t\t\t<\/div>\n\t\t\t\t<\/div>\n\t\t\t\t<\/div>\n\t\t\t\t\t<\/div>\n\t\t\t\t<\/div>\n\t\t<div class=\"elementor-element elementor-element-a7d16fd elementor-hidden-mobile e-flex e-con-boxed e-con e-parent\" data-id=\"a7d16fd\" data-element_type=\"container\" data-e-type=\"container\">\n\t\t\t\t\t<div class=\"e-con-inner\">\n\t\t<div class=\"elementor-element elementor-element-0939152 e-con-full e-flex e-con e-child\" data-id=\"0939152\" data-element_type=\"container\" data-e-type=\"container\">\n\t\t\t\t<div class=\"elementor-element elementor-element-895c4c4 elementor-tabs-view-horizontal elementor-widget elementor-widget-tabs\" data-id=\"895c4c4\" data-element_type=\"widget\" data-e-type=\"widget\" data-widget_type=\"tabs.default\">\n\t\t\t\t<div class=\"elementor-widget-container\">\n\t\t\t\t\t\t\t<div class=\"elementor-tabs\">\n\t\t\t<div class=\"elementor-tabs-wrapper\" role=\"tablist\" >\n\t\t\t\t\t\t\t\t\t<div id=\"elementor-tab-title-1441\" class=\"elementor-tab-title elementor-tab-desktop-title\" aria-selected=\"true\" data-tab=\"1\" role=\"tab\" tabindex=\"0\" aria-controls=\"elementor-tab-content-1441\" aria-expanded=\"false\">Caracter\u00edsticas<\/div>\n\t\t\t\t\t\t\t\t\t<div id=\"elementor-tab-title-1442\" class=\"elementor-tab-title elementor-tab-desktop-title\" aria-selected=\"false\" data-tab=\"2\" role=\"tab\" tabindex=\"-1\" aria-controls=\"elementor-tab-content-1442\" aria-expanded=\"false\">Instrucciones de instalaci\u00f3n<\/div>\n\t\t\t\t\t\t\t\t\t<div id=\"elementor-tab-title-1443\" class=\"elementor-tab-title elementor-tab-desktop-title\" aria-selected=\"false\" data-tab=\"3\" role=\"tab\" tabindex=\"-1\" aria-controls=\"elementor-tab-content-1443\" aria-expanded=\"false\">Fijaciones<\/div>\n\t\t\t\t\t\t\t<\/div>\n\t\t\t<div class=\"elementor-tabs-content-wrapper\" role=\"tablist\" aria-orientation=\"vertical\">\n\t\t\t\t\t\t\t\t\t<div class=\"elementor-tab-title elementor-tab-mobile-title\" aria-selected=\"true\" data-tab=\"1\" role=\"tab\" tabindex=\"0\" aria-controls=\"elementor-tab-content-1441\" aria-expanded=\"false\">Caracter\u00edsticas<\/div>\n\t\t\t\t\t<div id=\"elementor-tab-content-1441\" class=\"elementor-tab-content elementor-clearfix\" data-tab=\"1\" role=\"tabpanel\" aria-labelledby=\"elementor-tab-title-1441\" tabindex=\"0\" hidden=\"false\"><ul>\n<li><strong>Completamente cerrado<\/strong>: la cubierta cubre 180\u00ba, hasta el bastidor de la cinta transportadora.<\/li>\n<li><strong>Desmontable<\/strong>: la cubierta Dakar puede desmontarse completamente aflojando cuatro tornillos, dejando la cinta transportadora totalmente libre. Sin estructuras ni obst\u00e1culos.<\/li>\n<\/ul>\n<ul>\n<li><strong>Autoportante<\/strong>: no requiere ninguna estructura para su montaje.<\/li>\n<\/ul>\n<ul>\n<li><strong>Instalaci\u00f3n r\u00e1pida y sencilla<\/strong>: se adapta a pr\u00e1cticamente todas las cintas transportadoras.<\/li>\n<\/ul>\n<\/div>\n\t\t\t\t\t\t\t\t\t<div class=\"elementor-tab-title elementor-tab-mobile-title\" aria-selected=\"false\" data-tab=\"2\" role=\"tab\" tabindex=\"-1\" aria-controls=\"elementor-tab-content-1442\" aria-expanded=\"false\">Instrucciones de instalaci\u00f3n<\/div>\n\t\t\t\t\t<div id=\"elementor-tab-content-1442\" class=\"elementor-tab-content elementor-clearfix\" data-tab=\"2\" role=\"tabpanel\" aria-labelledby=\"elementor-tab-title-1442\" tabindex=\"0\" hidden=\"hidden\"><p><strong>OPCIONES:<\/strong><\/p>\n<ul>\n<li><strong>C-4 Cinta de poli\u00e9ster:<\/strong> Instale un perfil en \u00abT\u00bb de 40 x 40 mm en el lado del gancho y un \u00e1ngulo de acero de 40 x 40 en el lado de la arandela. Ambos a lo largo de toda la cinta transportadora. <strong>Herramientas necesarias:<\/strong> Taladro de 10 mm y dos llaves de 20 mm.<\/li>\n<\/ul>\n<ul>\n<li><strong>C-5 Tornillo autotaladrante:<\/strong> Atornille directamente la cubierta al bastidor de la cinta transportadora. Se recomienda instalar \u00e1ngulos de acero de 40 x 40 mm a ambos lados de la cinta transportadora. <strong>Herramientas necesarias:<\/strong> Taladro el\u00e9ctrico con portabrocas de 8 mm.<\/li>\n<\/ul>\n<ul>\n<li><strong>Abrazadera C-6:<\/strong>Instale un \u00e1ngulo de acero de 40 x 40 mm a ambos lados de la cinta transportadora. <strong>Herramientas necesarias:<\/strong> Dos llaves de 13 mm.<\/li>\n<\/ul>\n<p><strong>Opci\u00f3n de preinstalaci\u00f3n.<\/strong>  El \u00e1ngulo de acero y\/o el perfil en \u00abT\u00bb pueden instalarse en taller, con posterior instalaci\u00f3n in situ de las fijaciones.<\/p>\n<p><strong>Detenga la cinta transportadora antes de empezar a instalar las fijaciones.<\/strong><\/p>\n<p><strong>Instale las fijaciones alternativamente hacia arriba y hacia abajo<\/strong>. No todas superpuestas a modo de tejas.<\/p>\n<p><strong>Utilice los EPI<\/strong> (equipos de protecci\u00f3n individual) exigidos por la ley. CAPOTEX recomienda el uso de guantes, casco, botas de seguridad y protecci\u00f3n auditiva.<\/p>\n<\/div>\n\t\t\t\t\t\t\t\t\t<div class=\"elementor-tab-title elementor-tab-mobile-title\" aria-selected=\"false\" data-tab=\"3\" role=\"tab\" tabindex=\"-1\" aria-controls=\"elementor-tab-content-1443\" aria-expanded=\"false\">Fijaciones<\/div>\n\t\t\t\t\t<div id=\"elementor-tab-content-1443\" class=\"elementor-tab-content elementor-clearfix\" data-tab=\"3\" role=\"tabpanel\" aria-labelledby=\"elementor-tab-title-1443\" tabindex=\"0\" hidden=\"hidden\"><table><tbody><tr style=\"background-color: #00678a; color: #f9fafa;\"><th>Modelo<\/th><th>Forma de la curvatura<\/th><th>Fijaci\u00f3n<\/th><th>Foto<\/th><\/tr><tr><td>Dakar<\/td><td><a href=\"https:\/\/www.capotex.com\/es\/cubiertas-para-bandas\/capotas-para-cintas-transportadoras\/\">Cl\u00e1sico<\/a><\/td><td><a href=\"https:\/\/www.capotex.com\/es\/fijaciones-de-cubiertas-para-cintas-transportadoras\/c5\/\">Tornillo autotaladrante C-5<\/a><\/td><td><a href=\"https:\/\/www.capotex.com\/es\/productos\/fijaciones\/tornillo-autotaladrante-c5\/\"><img decoding=\"async\" src=\"https:\/\/www.capotex.com\/wp-content\/uploads\/2023\/05\/Capotex-fixings-C5-Self-Drilling-Screw.webp\" width=\"200\" \/><\/a><\/td><\/tr><tr><td>\u00a0<\/td><td>\u00a0<\/td><td><a href=\"https:\/\/www.capotex.com\/es\/fijaciones-de-cubiertas-para-cintas-transportadoras\/c6\/\">Abrazadera C-6<\/a><\/td><td><a href=\"https:\/\/www.capotex.com\/es\/productos\/fijaciones\/abrazadera-c6\/\"><img decoding=\"async\" src=\"https:\/\/www.capotex.com\/wp-content\/uploads\/2023\/05\/Capotex-fixings-C6-Clamp.webp\" width=\"200\" \/><\/a><\/td><\/tr><tr><td>\u00a0<\/td><td>\u00a0<\/td><td><a href=\"https:\/\/www.capotex.com\/es\/fijaciones-de-cubiertas-para-cintas-transportadoras\/c9\/\">Gancho C-9<\/a><\/td><td><a href=\"https:\/\/www.capotex.com\/es\/productos\/fijaciones\/gancho-c9\/\"><img decoding=\"async\" src=\"https:\/\/www.capotex.com\/wp-content\/uploads\/2023\/05\/Capotex-fixings-C9-Hook.webp\" width=\"200\" \/><\/a><\/td><\/tr><tr><td>\u00a0<\/td><td>\u00a0<\/td><td><a href=\"https:\/\/www.capotex.com\/es\/fijaciones-de-cubiertas-para-cintas-transportadoras\/c7\/\">C-7 Gancho ergon\u00f3mico con correa 1 \u00f3 2 ganchos con o sin platina<\/a><\/td><td><a href=\"https:\/\/www.capotex.com\/es\/productos\/fijaciones\/gancho-ergonomico-con-correa-c7\/\"><img decoding=\"async\" src=\"https:\/\/www.capotex.com\/wp-content\/uploads\/2023\/05\/Capotex-fixings-C7-Ergonomic-Hook-w-Strap.webp\" width=\"100\" \/><\/a><\/td><\/tr><tr><td>\u00a0<\/td><td><a href=\"https:\/\/www.capotex.com\/es\/cubiertas-para-bandas\/capotas-para-cintas-transportadoras\/\">Plus<\/a><\/td><td><a href=\"https:\/\/www.capotex.com\/es\/fijaciones-de-cubiertas-para-cintas-transportadoras\/c5\/\">Tornillo Autotaladrante C-5<\/a><\/td><td><a href=\"https:\/\/www.capotex.com\/es\/productos\/fijaciones\/tornillo-autotaladrante-c5\/\"><img decoding=\"async\" src=\"https:\/\/www.capotex.com\/wp-content\/uploads\/2023\/05\/Capotex-fixings-C5-Self-Drilling-Screw.webp\" width=\"200\" \/><\/a><\/td><\/tr><tr><td>\u00a0<\/td><td>\u00a0<\/td><td><a href=\"https:\/\/www.capotex.com\/es\/fijaciones-de-cubiertas-para-cintas-transportadoras\/c6\/\">Abrazadera C-6<\/a><\/td><td><a href=\"https:\/\/www.capotex.com\/es\/productos\/fijaciones\/abrazadera-c6\/\"><img decoding=\"async\" src=\"https:\/\/www.capotex.com\/wp-content\/uploads\/2023\/05\/Capotex-fixings-C6-Clamp.webp\" width=\"200\" \/><\/a><\/td><\/tr><tr><td>\u00a0<\/td><td>\u00a0<\/td><td><a href=\"https:\/\/www.capotex.com\/es\/fijaciones-de-cubiertas-para-cintas-transportadoras\/c9\/\">Gancho C-9<\/a><\/td><td><a href=\"https:\/\/www.capotex.com\/es\/productos\/fijaciones\/gancho-c9\/\"><img decoding=\"async\" src=\"https:\/\/www.capotex.com\/wp-content\/uploads\/2023\/05\/Capotex-fixings-C9-Hook.webp\" width=\"200\" \/><\/a><\/td><\/tr><tr><td>\u00a0<\/td><td>\u00a0<\/td><td><a href=\"https:\/\/www.capotex.com\/es\/fijaciones-de-cubiertas-para-cintas-transportadoras\/c7\/\">C-7 Gancho ergon\u00f3mico con correa 1 \u00f3 2 ganchos con o sin platina<\/a><\/td><td><a href=\"https:\/\/www.capotex.com\/es\/productos\/fijaciones\/gancho-ergonomico-con-correa-c7\/\"><img decoding=\"async\" src=\"https:\/\/www.capotex.com\/wp-content\/uploads\/2023\/05\/Capotex-fixings-C7-Ergonomic-Hook-w-Strap.webp\" width=\"100\" \/><\/a><\/td><\/tr><\/tbody><\/table><\/div>\n\t\t\t\t\t\t\t<\/div>\n\t\t<\/div>\n\t\t\t\t\t\t<\/div>\n\t\t\t\t<\/div>\n\t\t\t\t<\/div>\n\t\t\t\t\t<\/div>\n\t\t\t\t<\/div>\n\t\t<div class=\"elementor-element elementor-element-e6c1e2c elementor-hidden-desktop elementor-hidden-tablet e-flex e-con-boxed e-con e-parent\" data-id=\"e6c1e2c\" data-element_type=\"container\" data-e-type=\"container\">\n\t\t\t\t\t<div class=\"e-con-inner\">\n\t\t<div class=\"elementor-element elementor-element-6f7fe20 e-con-full e-flex e-con e-child\" data-id=\"6f7fe20\" data-element_type=\"container\" data-e-type=\"container\">\n\t\t\t\t<div class=\"elementor-element elementor-element-c3a93a9 elementor-tabs-view-horizontal elementor-widget elementor-widget-tabs\" data-id=\"c3a93a9\" data-element_type=\"widget\" data-e-type=\"widget\" data-widget_type=\"tabs.default\">\n\t\t\t\t<div class=\"elementor-widget-container\">\n\t\t\t\t\t\t\t<div class=\"elementor-tabs\">\n\t\t\t<div class=\"elementor-tabs-wrapper\" role=\"tablist\" >\n\t\t\t\t\t\t\t\t\t<div id=\"elementor-tab-title-2051\" class=\"elementor-tab-title elementor-tab-desktop-title\" aria-selected=\"true\" data-tab=\"1\" role=\"tab\" tabindex=\"0\" aria-controls=\"elementor-tab-content-2051\" aria-expanded=\"false\">Caracter\u00edsticas<\/div>\n\t\t\t\t\t\t\t\t\t<div id=\"elementor-tab-title-2052\" class=\"elementor-tab-title elementor-tab-desktop-title\" aria-selected=\"false\" data-tab=\"2\" role=\"tab\" tabindex=\"-1\" aria-controls=\"elementor-tab-content-2052\" aria-expanded=\"false\">Instrucciones de instalaci\u00f3n<\/div>\n\t\t\t\t\t\t\t\t\t<div id=\"elementor-tab-title-2053\" class=\"elementor-tab-title elementor-tab-desktop-title\" aria-selected=\"false\" data-tab=\"3\" role=\"tab\" tabindex=\"-1\" aria-controls=\"elementor-tab-content-2053\" aria-expanded=\"false\">Fijaciones<\/div>\n\t\t\t\t\t\t\t<\/div>\n\t\t\t<div class=\"elementor-tabs-content-wrapper\" role=\"tablist\" aria-orientation=\"vertical\">\n\t\t\t\t\t\t\t\t\t<div class=\"elementor-tab-title elementor-tab-mobile-title\" aria-selected=\"true\" data-tab=\"1\" role=\"tab\" tabindex=\"0\" aria-controls=\"elementor-tab-content-2051\" aria-expanded=\"false\">Caracter\u00edsticas<\/div>\n\t\t\t\t\t<div id=\"elementor-tab-content-2051\" class=\"elementor-tab-content elementor-clearfix\" data-tab=\"1\" role=\"tabpanel\" aria-labelledby=\"elementor-tab-title-2051\" tabindex=\"0\" hidden=\"false\"><ul>\n<li><strong>Completamente cerrado<\/strong>: la cubierta cubre 180\u00ba, hasta el bastidor de la cinta transportadora.<br \/>Desmontable: la cubierta Dakar puede desmontarse completamente aflojando cuatro tornillos, dejando la cinta transportadora totalmente libre. Sin estructuras ni obst\u00e1culos.<\/li>\n<\/ul>\n<ul>\n<li><strong>Autoportante<\/strong>: no requiere ninguna estructura para su montaje.<\/li>\n<\/ul>\n<ul>\n<li><strong>Instalaci\u00f3n r\u00e1pida y sencilla<\/strong>: se adapta a pr\u00e1cticamente todas las cintas transportadoras.<\/li>\n<\/ul>\n<\/div>\n\t\t\t\t\t\t\t\t\t<div class=\"elementor-tab-title elementor-tab-mobile-title\" aria-selected=\"false\" data-tab=\"2\" role=\"tab\" tabindex=\"-1\" aria-controls=\"elementor-tab-content-2052\" aria-expanded=\"false\">Instrucciones de instalaci\u00f3n<\/div>\n\t\t\t\t\t<div id=\"elementor-tab-content-2052\" class=\"elementor-tab-content elementor-clearfix\" data-tab=\"2\" role=\"tabpanel\" aria-labelledby=\"elementor-tab-title-2052\" tabindex=\"0\" hidden=\"hidden\"><p><strong>OPCIONES:<\/strong><\/p>\n<ul>\n<li><strong>C-4 Cinta de poli\u00e9ster:<\/strong> Instale un perfil en \u00abT\u00bb de 40 x 40 mm en el lado del gancho y un \u00e1ngulo de acero de 40 x 40 en el lado de la arandela. Ambos a lo largo de toda la cinta transportadora. <strong>Herramientas necesarias:<\/strong> Taladro de 10 mm y dos llaves de 20 mm.<\/li>\n<\/ul>\n<ul>\n<li><strong>C-5 Tornillo autotaladrante:<\/strong> Atornille directamente la cubierta al bastidor de la cinta transportadora. Se recomienda instalar \u00e1ngulos de acero de 40 x 40 mm a ambos lados de la cinta transportadora. <strong>Herramientas necesarias:<\/strong> Taladro el\u00e9ctrico con portabrocas de 8 mm.<\/li>\n<\/ul>\n<ul>\n<li><strong>Abrazadera C-6:<\/strong>Instale un \u00e1ngulo de acero de 40 x 40 mm a ambos lados de la cinta transportadora. <strong>Herramientas necesarias:<\/strong> Dos llaves de 13 mm.<\/li>\n<\/ul>\n<p><strong>Opci\u00f3n de preinstalaci\u00f3n.<\/strong>  El \u00e1ngulo de acero y\/o el perfil en \u00abT\u00bb pueden instalarse en taller, con posterior instalaci\u00f3n in situ de las fijaciones.<\/p>\n<p><strong>Detenga la cinta transportadora antes de empezar a instalar las fijaciones.<\/strong><\/p>\n<p><strong>Instale las fijaciones alternativamente hacia arriba y hacia abajo<\/strong>. No todas superpuestas a modo de tejas.<\/p>\n<p><strong>Utilice los EPI<\/strong> (equipos de protecci\u00f3n individual) exigidos por la ley. CAPOTEX recomienda el uso de guantes, casco, botas de seguridad y protecci\u00f3n auditiva.<\/p>\n<\/div>\n\t\t\t\t\t\t\t\t\t<div class=\"elementor-tab-title elementor-tab-mobile-title\" aria-selected=\"false\" data-tab=\"3\" role=\"tab\" tabindex=\"-1\" aria-controls=\"elementor-tab-content-2053\" aria-expanded=\"false\">Fijaciones<\/div>\n\t\t\t\t\t<div id=\"elementor-tab-content-2053\" class=\"elementor-tab-content elementor-clearfix\" data-tab=\"3\" role=\"tabpanel\" aria-labelledby=\"elementor-tab-title-2053\" tabindex=\"0\" hidden=\"hidden\"><table><tbody><tr style=\"background-color: #00678a; color: #f9fafa;\"><th>Modelo<\/th><th>Fijaci\u00f3n<\/th><\/tr><tr><td><a href=\"https:\/\/www.capotex.com\/es\/cubiertas-para-bandas\/capotas-para-cintas-transportadoras\/\">Cl\u00e1sico<\/a><\/td><td><a href=\"https:\/\/www.capotex.com\/es\/fijaciones-de-cubiertas-para-cintas-transportadoras\/c5\/\">Tornillo autotaladrante C-5<\/a><\/td><\/tr><tr><td>\u00a0<\/td><td><a href=\"https:\/\/www.capotex.com\/es\/fijaciones-de-cubiertas-para-cintas-transportadoras\/c6\/\">Abrazadera C-6<\/a><\/td><\/tr><tr><td>\u00a0<\/td><td><a href=\"https:\/\/www.capotex.com\/es\/fijaciones-de-cubiertas-para-cintas-transportadoras\/c9\/\">Gancho C-9<\/a><\/td><\/tr><tr><td>\u00a0<\/td><td><a href=\"https:\/\/www.capotex.com\/es\/fijaciones-de-cubiertas-para-cintas-transportadoras\/c7\/\">C-7 Gancho ergon\u00f3mico con correa 1 \u00f3 2 ganchos con o sin platina<\/a><\/td><\/tr><tr><td><a href=\"https:\/\/www.capotex.com\/es\/cubiertas-para-bandas\/capotas-para-cintas-transportadoras\/\">Plus<\/a><\/td><td><a href=\"https:\/\/www.capotex.com\/es\/fijaciones-de-cubiertas-para-cintas-transportadoras\/c5\/\">Tornillo Autotaladrante C-5<\/a><\/td><\/tr><tr><td>\u00a0<\/td><td><a href=\"https:\/\/www.capotex.com\/es\/fijaciones-de-cubiertas-para-cintas-transportadoras\/c6\/\">Abrazadera C-6<\/a><\/td><\/tr><tr><td>\u00a0<\/td><td><a href=\"https:\/\/www.capotex.com\/es\/fijaciones-de-cubiertas-para-cintas-transportadoras\/c9\/\">Gancho C-9<\/a><\/td><\/tr><tr><td>\u00a0<\/td><td><a href=\"https:\/\/www.capotex.com\/es\/fijaciones-de-cubiertas-para-cintas-transportadoras\/c7\/\">C-7 Gancho ergon\u00f3mico con correa 1 \u00f3 2 ganchos con o sin platina<\/a><\/td><\/tr><\/tbody><\/table><\/div>\n\t\t\t\t\t\t\t<\/div>\n\t\t<\/div>\n\t\t\t\t\t\t<\/div>\n\t\t\t\t<\/div>\n\t\t\t\t<\/div>\n\t\t\t\t\t<\/div>\n\t\t\t\t<\/div>\n\t\t\t\t<\/div>\n\t\t","protected":false},"excerpt":{"rendered":"<p>Fijo<\/p>\n","protected":false},"author":1,"featured_media":322,"parent":26292,"menu_order":30,"comment_status":"closed","ping_status":"closed","template":"","meta":{"_joinchat":[],"footnotes":""},"tags":[69],"class_list":["post-26312","page","type-page","status-publish","has-post-thumbnail","hentry","tag-conveyormodels-es"],"_links":{"self":[{"href":"https:\/\/www.capotex.com\/es\/wp-json\/wp\/v2\/pages\/26312","targetHints":{"allow":["GET"]}}],"collection":[{"href":"https:\/\/www.capotex.com\/es\/wp-json\/wp\/v2\/pages"}],"about":[{"href":"https:\/\/www.capotex.com\/es\/wp-json\/wp\/v2\/types\/page"}],"author":[{"embeddable":true,"href":"https:\/\/www.capotex.com\/es\/wp-json\/wp\/v2\/users\/1"}],"replies":[{"embeddable":true,"href":"https:\/\/www.capotex.com\/es\/wp-json\/wp\/v2\/comments?post=26312"}],"version-history":[{"count":66,"href":"https:\/\/www.capotex.com\/es\/wp-json\/wp\/v2\/pages\/26312\/revisions"}],"predecessor-version":[{"id":34787,"href":"https:\/\/www.capotex.com\/es\/wp-json\/wp\/v2\/pages\/26312\/revisions\/34787"}],"up":[{"embeddable":true,"href":"https:\/\/www.capotex.com\/es\/wp-json\/wp\/v2\/pages\/26292"}],"wp:featuredmedia":[{"embeddable":true,"href":"https:\/\/www.capotex.com\/es\/wp-json\/wp\/v2\/media\/322"}],"wp:attachment":[{"href":"https:\/\/www.capotex.com\/es\/wp-json\/wp\/v2\/media?parent=26312"}],"wp:term":[{"taxonomy":"post_tag","embeddable":true,"href":"https:\/\/www.capotex.com\/es\/wp-json\/wp\/v2\/tags?post=26312"}],"curies":[{"name":"wp","href":"https:\/\/api.w.org\/{rel}","templated":true}]}}