{"id":26323,"date":"2023-05-17T09:14:34","date_gmt":"2023-05-17T08:14:34","guid":{"rendered":"https:\/\/capotex.com\/productos\/materiales\/"},"modified":"2024-06-07T10:12:20","modified_gmt":"2024-06-07T09:12:20","slug":"capotas-para-bandas","status":"publish","type":"page","link":"https:\/\/www.capotex.com\/es\/cubiertas-para-bandas\/capotas-para-bandas\/","title":{"rendered":"Materiales"},"content":{"rendered":"\t\t<div data-elementor-type=\"wp-page\" data-elementor-id=\"26323\" class=\"elementor elementor-26323 elementor-2005\" data-elementor-post-type=\"page\">\n\t\t\t\t<div class=\"elementor-element elementor-element-d8fb908 e-flex e-con-boxed e-con e-parent\" data-id=\"d8fb908\" data-element_type=\"container\" data-e-type=\"container\">\n\t\t\t\t\t<div class=\"e-con-inner\">\n\t\t<div class=\"elementor-element elementor-element-7162aa3 e-con-full e-flex e-con e-child\" data-id=\"7162aa3\" data-element_type=\"container\" data-e-type=\"container\">\n\t\t\t\t<div class=\"elementor-element elementor-element-28a51b0 elementor-widget elementor-widget-heading\" data-id=\"28a51b0\" data-element_type=\"widget\" data-e-type=\"widget\" data-widget_type=\"heading.default\">\n\t\t\t\t<div class=\"elementor-widget-container\">\n\t\t\t\t\t<h2 class=\"elementor-heading-title elementor-size-default\">Materiales de Capotas para bandas<\/h2>\t\t\t\t<\/div>\n\t\t\t\t<\/div>\n\t\t\t\t<\/div>\n\t\t\t\t\t<\/div>\n\t\t\t\t<\/div>\n\t\t<div class=\"elementor-element elementor-element-abdf6fe e-flex e-con-boxed e-con e-parent\" data-id=\"abdf6fe\" data-element_type=\"container\" data-e-type=\"container\">\n\t\t\t\t\t<div class=\"e-con-inner\">\n\t\t<div class=\"elementor-element elementor-element-9a85ab5 e-con-full e-flex e-con e-child\" data-id=\"9a85ab5\" data-element_type=\"container\" data-e-type=\"container\" data-settings=\"{&quot;background_background&quot;:&quot;classic&quot;}\">\n\t\t\t\t<div class=\"elementor-element elementor-element-c617270 elementor-widget elementor-widget-heading\" data-id=\"c617270\" data-element_type=\"widget\" data-e-type=\"widget\" data-widget_type=\"heading.default\">\n\t\t\t\t<div class=\"elementor-widget-container\">\n\t\t\t\t\t<h2 class=\"elementor-heading-title elementor-size-default\">Acero galvanizado<\/h2>\t\t\t\t<\/div>\n\t\t\t\t<\/div>\n\t\t\t\t<div class=\"elementor-element elementor-element-c9d4272 elementor-widget elementor-widget-image\" data-id=\"c9d4272\" data-element_type=\"widget\" data-e-type=\"widget\" data-widget_type=\"image.default\">\n\t\t\t\t<div class=\"elementor-widget-container\">\n\t\t\t\t\t\t\t\t\t\t\t\t\t\t\t<img fetchpriority=\"high\" decoding=\"async\" width=\"325\" height=\"225\" src=\"https:\/\/www.capotex.com\/wp-content\/uploads\/2024\/06\/Materiales-de-capotas-para-bandas.jpg\" class=\"attachment-full size-full wp-image-34132\" alt=\"\" srcset=\"https:\/\/www.capotex.com\/wp-content\/uploads\/2024\/06\/Materiales-de-capotas-para-bandas.jpg 325w, https:\/\/www.capotex.com\/wp-content\/uploads\/2024\/06\/Materiales-de-capotas-para-bandas-300x208.jpg 300w\" sizes=\"(max-width: 325px) 100vw, 325px\" \/>\t\t\t\t\t\t\t\t\t\t\t\t\t\t\t<\/div>\n\t\t\t\t<\/div>\n\t\t\t\t<div class=\"elementor-element elementor-element-558df6b elementor-widget elementor-widget-text-editor\" data-id=\"558df6b\" data-element_type=\"widget\" data-e-type=\"widget\" data-widget_type=\"text-editor.default\">\n\t\t\t\t<div class=\"elementor-widget-container\">\n\t\t\t\t\t\t\t\t\t<p>El acero galvanizado se obtiene recubriendo una banda de acero laminado en fr\u00edo por inmersi\u00f3n en un ba\u00f1o de zinc fundido.<\/p>\n<p>Esta chapa de acero se ondula y se dobla para formar la cubierta.<\/p>\n<p>El zinc se corroe entre 20 y 40 veces m\u00e1s despacio que el acero, lo que lo protege del medio ambiente.<\/p>\n<p>Las fijaciones de acero galvanizado resisten bien los golpes gracias a la propia dureza del acero.<\/p>\n<p>Son r\u00edgidos debido a la ondulaci\u00f3n y al plegado, rigidez que aumenta significativamente con el plegado de cada borde que es un sistema exclusivo de CAPOTEX, que adem\u00e1s de aumentar la dureza con un m\u00ednimo de parada, evita el riesgo de cortes y otras lesiones durante la manipulaci\u00f3n ya que se eliminan los bordes afilados.<\/p>\n<p><strong>Espesor 0,6 mm y 0,8 mm.<\/strong><\/p>\n\t\t\t\t\t\t\t\t<\/div>\n\t\t\t\t<\/div>\n\t\t\t\t<\/div>\n\t\t<div class=\"elementor-element elementor-element-5d6d43b e-con-full e-flex e-con e-child\" data-id=\"5d6d43b\" data-element_type=\"container\" data-e-type=\"container\" data-settings=\"{&quot;background_background&quot;:&quot;classic&quot;}\">\n\t\t\t\t<div class=\"elementor-element elementor-element-f498fe0 elementor-widget elementor-widget-heading\" data-id=\"f498fe0\" data-element_type=\"widget\" data-e-type=\"widget\" data-widget_type=\"heading.default\">\n\t\t\t\t<div class=\"elementor-widget-container\">\n\t\t\t\t\t<h2 class=\"elementor-heading-title elementor-size-default\">ZM 300-310<\/h2>\t\t\t\t<\/div>\n\t\t\t\t<\/div>\n\t\t\t\t<div class=\"elementor-element elementor-element-ec9bf68 elementor-widget elementor-widget-image\" data-id=\"ec9bf68\" data-element_type=\"widget\" data-e-type=\"widget\" data-widget_type=\"image.default\">\n\t\t\t\t<div class=\"elementor-widget-container\">\n\t\t\t\t\t\t\t\t\t\t\t\t\t\t\t<img decoding=\"async\" width=\"325\" height=\"225\" src=\"https:\/\/www.capotex.com\/wp-content\/uploads\/2023\/05\/ZM-300-310-conveyor-belt-cover.jpeg\" class=\"attachment-full size-full wp-image-531\" alt=\"ZM 300-310 conveyor belt cover\" srcset=\"https:\/\/www.capotex.com\/wp-content\/uploads\/2023\/05\/ZM-300-310-conveyor-belt-cover.jpeg 325w, https:\/\/www.capotex.com\/wp-content\/uploads\/2023\/05\/ZM-300-310-conveyor-belt-cover-300x208.jpeg 300w\" sizes=\"(max-width: 325px) 100vw, 325px\" \/>\t\t\t\t\t\t\t\t\t\t\t\t\t\t\t<\/div>\n\t\t\t\t<\/div>\n\t\t\t\t<div class=\"elementor-element elementor-element-dca6a18 elementor-widget elementor-widget-text-editor\" data-id=\"dca6a18\" data-element_type=\"widget\" data-e-type=\"widget\" data-widget_type=\"text-editor.default\">\n\t\t\t\t<div class=\"elementor-widget-container\">\n\t\t\t\t\t\t\t\t\t<p>ZM 300-310 es un revestimiento met\u00e1lico excepcional que proporciona un gran avance en la <strong>protecci\u00f3n contra la corrosi\u00f3n<\/strong>. Este revestimiento es tambi\u00e9n la <strong>mejor opci\u00f3n<\/strong> para una amplia gama de aplicaciones.<\/p>\n<p>Gracias a su composici\u00f3n \u00fanica, el revestimiento ZM 300-310 proporciona un nivel sin precedentes de protecci\u00f3n de la superficie y el filo de corte, incluso en los <strong>entornos m\u00e1s hostiles<\/strong>. Se produce en una l\u00ednea cl\u00e1sica de galvanizado en caliente, pero el ba\u00f1o fundido tiene una composici\u00f3n qu\u00edmica \u00fanica que incluye zinc, 3,5% de aluminio y 3% de magnesio.<\/p>\n<p>Proporciona una excelente resistencia a la corrosi\u00f3n incluso en entornos dif\u00edciles. Este material resiste la corrosi\u00f3n durante m\u00e1s tiempo que los productos galvanizados est\u00e1ndar y supera a los revestimientos que contienen menos magnesio.<\/p>\n<p><strong>ZM 300-310 es el \u00fanico producto de revestimiento met\u00e1lico certificado para su uso en entornos C4, C5 y C5M.<\/strong><\/p>\n\t\t\t\t\t\t\t\t<\/div>\n\t\t\t\t<\/div>\n\t\t\t\t<\/div>\n\t\t\t\t\t<\/div>\n\t\t\t\t<\/div>\n\t\t<div class=\"elementor-element elementor-element-f621bcd e-flex e-con-boxed e-con e-parent\" data-id=\"f621bcd\" data-element_type=\"container\" data-e-type=\"container\">\n\t\t\t\t\t<div class=\"e-con-inner\">\n\t\t<div class=\"elementor-element elementor-element-c977dcd e-con-full e-flex e-con e-child\" data-id=\"c977dcd\" data-element_type=\"container\" data-e-type=\"container\" data-settings=\"{&quot;background_background&quot;:&quot;classic&quot;}\">\n\t\t\t\t<div class=\"elementor-element elementor-element-2c28462 elementor-widget elementor-widget-heading\" data-id=\"2c28462\" data-element_type=\"widget\" data-e-type=\"widget\" data-widget_type=\"heading.default\">\n\t\t\t\t<div class=\"elementor-widget-container\">\n\t\t\t\t\t<h2 class=\"elementor-heading-title elementor-size-default\">Acero prelacado<\/h2>\t\t\t\t<\/div>\n\t\t\t\t<\/div>\n\t\t\t\t<div class=\"elementor-element elementor-element-2a110b9 elementor-widget elementor-widget-image\" data-id=\"2a110b9\" data-element_type=\"widget\" data-e-type=\"widget\" data-widget_type=\"image.default\">\n\t\t\t\t<div class=\"elementor-widget-container\">\n\t\t\t\t\t\t\t\t\t\t\t\t\t\t\t<img decoding=\"async\" width=\"480\" height=\"322\" src=\"https:\/\/www.capotex.com\/wp-content\/uploads\/2023\/05\/Pre-lacquered-steel-conveyor-belt-cover.webp\" class=\"attachment-full size-full wp-image-519\" alt=\"Pre lacquered steel conveyor belt cover\" srcset=\"https:\/\/www.capotex.com\/wp-content\/uploads\/2023\/05\/Pre-lacquered-steel-conveyor-belt-cover.webp 480w, https:\/\/www.capotex.com\/wp-content\/uploads\/2023\/05\/Pre-lacquered-steel-conveyor-belt-cover-300x201.webp 300w\" sizes=\"(max-width: 480px) 100vw, 480px\" \/>\t\t\t\t\t\t\t\t\t\t\t\t\t\t\t<\/div>\n\t\t\t\t<\/div>\n\t\t\t\t<div class=\"elementor-element elementor-element-1b5d1e3 elementor-widget elementor-widget-text-editor\" data-id=\"1b5d1e3\" data-element_type=\"widget\" data-e-type=\"widget\" data-widget_type=\"text-editor.default\">\n\t\t\t\t<div class=\"elementor-widget-container\">\n\t\t\t\t\t\t\t\t\t<p>Se obtiene cubriendo una chapa de acero galvanizado con diversas calidades de <strong>pintura secada al horno<\/strong>.<\/p>\n<p>La capa de pintura protege el revestimiento de zinc que, a su vez, protege el acero, dando lugar a un producto de <strong>gran resistencia a la corrosi\u00f3n<\/strong>.<\/p>\n<p>La amplia gama de <strong>colores<\/strong> existente permite la posibilidad de armonizar la cubierta con su entorno y las dem\u00e1s instalaciones.<\/p>\n<p>La resistencia al impacto y la rigidez son las mismas que las del acero galvanizado.<\/p>\n<p><strong>Espesor 0,6 mm y 0,8 mm.<\/strong><\/p>\n\t\t\t\t\t\t\t\t<\/div>\n\t\t\t\t<\/div>\n\t\t\t\t<\/div>\n\t\t<div class=\"elementor-element elementor-element-6ee79cb e-con-full e-flex e-con e-child\" data-id=\"6ee79cb\" data-element_type=\"container\" data-e-type=\"container\" data-settings=\"{&quot;background_background&quot;:&quot;classic&quot;}\">\n\t\t\t\t<div class=\"elementor-element elementor-element-67169a2 elementor-widget elementor-widget-heading\" data-id=\"67169a2\" data-element_type=\"widget\" data-e-type=\"widget\" data-widget_type=\"heading.default\">\n\t\t\t\t<div class=\"elementor-widget-container\">\n\t\t\t\t\t<h2 class=\"elementor-heading-title elementor-size-default\">HPS 200 Acero de alto rendimiento<\/h2>\t\t\t\t<\/div>\n\t\t\t\t<\/div>\n\t\t\t\t<div class=\"elementor-element elementor-element-11863c3 elementor-widget elementor-widget-image\" data-id=\"11863c3\" data-element_type=\"widget\" data-e-type=\"widget\" data-widget_type=\"image.default\">\n\t\t\t\t<div class=\"elementor-widget-container\">\n\t\t\t\t\t\t\t\t\t\t\t\t\t\t\t<img loading=\"lazy\" decoding=\"async\" width=\"480\" height=\"640\" src=\"https:\/\/www.capotex.com\/wp-content\/uploads\/2023\/05\/HPS200-steel-conveyor-belt-cover.jpg\" class=\"attachment-full size-full wp-image-1166\" alt=\"HPS 200 conveyor belt cover\" srcset=\"https:\/\/www.capotex.com\/wp-content\/uploads\/2023\/05\/HPS200-steel-conveyor-belt-cover.jpg 480w, https:\/\/www.capotex.com\/wp-content\/uploads\/2023\/05\/HPS200-steel-conveyor-belt-cover-225x300.jpg 225w\" sizes=\"(max-width: 480px) 100vw, 480px\" \/>\t\t\t\t\t\t\t\t\t\t\t\t\t\t\t<\/div>\n\t\t\t\t<\/div>\n\t\t\t\t<div class=\"elementor-element elementor-element-3cb2509 elementor-widget elementor-widget-text-editor\" data-id=\"3cb2509\" data-element_type=\"widget\" data-e-type=\"widget\" data-widget_type=\"text-editor.default\">\n\t\t\t\t<div class=\"elementor-widget-container\">\n\t\t\t\t\t\t\t\t\t<p>Colorcoat HPS200 Ultra utiliza un revestimiento met\u00e1lico de Galvalloy, fabricado con una mezcla especial de 95% de Zinc<br \/>(Zn) y un 5% de aluminio (Al) y proporciona protecci\u00f3n contra la corrosi\u00f3n, incluso en los bordes cortados.<\/p>\n<p>La exclusiva formulaci\u00f3n de la capa de acabado (200 micras nominales) utiliza la tecnolog\u00eda de pol\u00edmeros m\u00e1s avanzada,<br \/>que proporciona resistencia a la abrasi\u00f3n, a los productos qu\u00edmicos y a los rayos UV.<\/p>\n\t\t\t\t\t\t\t\t<\/div>\n\t\t\t\t<\/div>\n\t\t\t\t<\/div>\n\t\t\t\t\t<\/div>\n\t\t\t\t<\/div>\n\t\t<div class=\"elementor-element elementor-element-c8dccfc e-flex e-con-boxed e-con e-parent\" data-id=\"c8dccfc\" data-element_type=\"container\" data-e-type=\"container\">\n\t\t\t\t\t<div class=\"e-con-inner\">\n\t\t<div class=\"elementor-element elementor-element-e44d522 e-con-full e-flex e-con e-child\" data-id=\"e44d522\" data-element_type=\"container\" data-e-type=\"container\" data-settings=\"{&quot;background_background&quot;:&quot;classic&quot;}\">\n\t\t\t\t<div class=\"elementor-element elementor-element-cbd885c elementor-widget elementor-widget-heading\" data-id=\"cbd885c\" data-element_type=\"widget\" data-e-type=\"widget\" data-widget_type=\"heading.default\">\n\t\t\t\t<div class=\"elementor-widget-container\">\n\t\t\t\t\t<h2 class=\"elementor-heading-title elementor-size-default\">Acero inoxidable 304<\/h2>\t\t\t\t<\/div>\n\t\t\t\t<\/div>\n\t\t\t\t<div class=\"elementor-element elementor-element-37542c3 elementor-widget elementor-widget-image\" data-id=\"37542c3\" data-element_type=\"widget\" data-e-type=\"widget\" data-widget_type=\"image.default\">\n\t\t\t\t<div class=\"elementor-widget-container\">\n\t\t\t\t\t\t\t\t\t\t\t\t\t\t\t<img loading=\"lazy\" decoding=\"async\" width=\"325\" height=\"225\" src=\"https:\/\/www.capotex.com\/wp-content\/uploads\/2023\/05\/Galvanized-steel-conveyor-belt-cover.jpg\" class=\"attachment-full size-full wp-image-511\" alt=\"Galvanized steel conveyor belt cover\" srcset=\"https:\/\/www.capotex.com\/wp-content\/uploads\/2023\/05\/Galvanized-steel-conveyor-belt-cover.jpg 325w, https:\/\/www.capotex.com\/wp-content\/uploads\/2023\/05\/Galvanized-steel-conveyor-belt-cover-300x208.jpg 300w\" sizes=\"(max-width: 325px) 100vw, 325px\" \/>\t\t\t\t\t\t\t\t\t\t\t\t\t\t\t<\/div>\n\t\t\t\t<\/div>\n\t\t\t\t<div class=\"elementor-element elementor-element-49e8dd6 elementor-widget elementor-widget-text-editor\" data-id=\"49e8dd6\" data-element_type=\"widget\" data-e-type=\"widget\" data-widget_type=\"text-editor.default\">\n\t\t\t\t<div class=\"elementor-widget-container\">\n\t\t\t\t\t\t\t\t\t<p>El acero inoxidable 304 es <strong>muy resistente a la corrosi\u00f3n<\/strong>. Especialmente recomendado para entornos muy corrosivos (marinos), industrias qu\u00edmicas y alimentarias.<\/p>\n<p><strong>Excelente tenacidad<\/strong>: Alta resistencia al impacto.<\/p>\n<p><strong>Higi\u00e9nico<\/strong>: por tanto, recomendado (en algunos pa\u00edses exigido por ley) para transportadores de alimentos. Tambi\u00e9n es adecuado para cubrir productos qu\u00edmicos en los que debe evitarse la contaminaci\u00f3n.<\/p>\n<p><strong>Espesor 0,6 mm.<\/strong><\/p>\n\t\t\t\t\t\t\t\t<\/div>\n\t\t\t\t<\/div>\n\t\t\t\t<\/div>\n\t\t<div class=\"elementor-element elementor-element-35f6f69 e-con-full e-flex e-con e-child\" data-id=\"35f6f69\" data-element_type=\"container\" data-e-type=\"container\" data-settings=\"{&quot;background_background&quot;:&quot;classic&quot;}\">\n\t\t\t\t<div class=\"elementor-element elementor-element-00d4c6f elementor-widget elementor-widget-heading\" data-id=\"00d4c6f\" data-element_type=\"widget\" data-e-type=\"widget\" data-widget_type=\"heading.default\">\n\t\t\t\t<div class=\"elementor-widget-container\">\n\t\t\t\t\t<h2 class=\"elementor-heading-title elementor-size-default\">Acero inoxidable 316<\/h2>\t\t\t\t<\/div>\n\t\t\t\t<\/div>\n\t\t\t\t<div class=\"elementor-element elementor-element-22a6a62 elementor-widget elementor-widget-image\" data-id=\"22a6a62\" data-element_type=\"widget\" data-e-type=\"widget\" data-widget_type=\"image.default\">\n\t\t\t\t<div class=\"elementor-widget-container\">\n\t\t\t\t\t\t\t\t\t\t\t\t\t\t\t<img loading=\"lazy\" decoding=\"async\" width=\"325\" height=\"225\" src=\"https:\/\/www.capotex.com\/wp-content\/uploads\/2023\/05\/Galvanized-steel-conveyor-belt-cover.jpg\" class=\"attachment-full size-full wp-image-511\" alt=\"Galvanized steel conveyor belt cover\" srcset=\"https:\/\/www.capotex.com\/wp-content\/uploads\/2023\/05\/Galvanized-steel-conveyor-belt-cover.jpg 325w, https:\/\/www.capotex.com\/wp-content\/uploads\/2023\/05\/Galvanized-steel-conveyor-belt-cover-300x208.jpg 300w\" sizes=\"(max-width: 325px) 100vw, 325px\" \/>\t\t\t\t\t\t\t\t\t\t\t\t\t\t\t<\/div>\n\t\t\t\t<\/div>\n\t\t\t\t<div class=\"elementor-element elementor-element-b9f3833 elementor-widget elementor-widget-text-editor\" data-id=\"b9f3833\" data-element_type=\"widget\" data-e-type=\"widget\" data-widget_type=\"text-editor.default\">\n\t\t\t\t<div class=\"elementor-widget-container\">\n\t\t\t\t\t\t\t\t\t<p>El acero inoxidable 316 es <strong>muy resistente a la corrosi\u00f3n<\/strong>. Especialmente recomendado para entornos muy corrosivos (marinos), industrias qu\u00edmicas y alimentarias.<\/p>\n<p><strong>Excelente tenacidad<\/strong>: Alta resistencia al impacto.<\/p>\n<p><strong>Higi\u00e9nico<\/strong>: por tanto, recomendado (en algunos pa\u00edses exigido por ley) para transportadores de alimentos. Tambi\u00e9n es adecuado para cubrir productos qu\u00edmicos en los que debe evitarse la contaminaci\u00f3n.<\/p>\n<p><strong>Espesor 0,6 mm.<\/strong><\/p>\n\t\t\t\t\t\t\t\t<\/div>\n\t\t\t\t<\/div>\n\t\t\t\t<\/div>\n\t\t\t\t\t<\/div>\n\t\t\t\t<\/div>\n\t\t<div class=\"elementor-element elementor-element-7e9d41c e-flex e-con-boxed e-con e-parent\" data-id=\"7e9d41c\" data-element_type=\"container\" data-e-type=\"container\">\n\t\t\t\t\t<div class=\"e-con-inner\">\n\t\t<div class=\"elementor-element elementor-element-3ec207f e-con-full e-flex e-con e-child\" data-id=\"3ec207f\" data-element_type=\"container\" data-e-type=\"container\" data-settings=\"{&quot;background_background&quot;:&quot;classic&quot;}\">\n\t\t\t\t<div class=\"elementor-element elementor-element-d26a6f2 elementor-widget elementor-widget-heading\" data-id=\"d26a6f2\" data-element_type=\"widget\" data-e-type=\"widget\" data-widget_type=\"heading.default\">\n\t\t\t\t<div class=\"elementor-widget-container\">\n\t\t\t\t\t<h2 class=\"elementor-heading-title elementor-size-default\">Poli\u00e9ster reforzado con fibra<\/h2>\t\t\t\t<\/div>\n\t\t\t\t<\/div>\n\t\t\t\t<div class=\"elementor-element elementor-element-468704a elementor-widget elementor-widget-image\" data-id=\"468704a\" data-element_type=\"widget\" data-e-type=\"widget\" data-widget_type=\"image.default\">\n\t\t\t\t<div class=\"elementor-widget-container\">\n\t\t\t\t\t\t\t\t\t\t\t\t\t\t\t<img loading=\"lazy\" decoding=\"async\" width=\"325\" height=\"225\" src=\"https:\/\/www.capotex.com\/wp-content\/uploads\/2024\/06\/Capotas-para-bandas-Poliester.jpg\" class=\"attachment-full size-full wp-image-34136\" alt=\"\" srcset=\"https:\/\/www.capotex.com\/wp-content\/uploads\/2024\/06\/Capotas-para-bandas-Poliester.jpg 325w, https:\/\/www.capotex.com\/wp-content\/uploads\/2024\/06\/Capotas-para-bandas-Poliester-300x208.jpg 300w\" sizes=\"(max-width: 325px) 100vw, 325px\" \/>\t\t\t\t\t\t\t\t\t\t\t\t\t\t\t<\/div>\n\t\t\t\t<\/div>\n\t\t\t\t<div class=\"elementor-element elementor-element-2a133f2 elementor-widget elementor-widget-text-editor\" data-id=\"2a133f2\" data-element_type=\"widget\" data-e-type=\"widget\" data-widget_type=\"text-editor.default\">\n\t\t\t\t<div class=\"elementor-widget-container\">\n\t\t\t\t\t\t\t\t\t<p>El poli\u00e9ster reforzado con fibra de vidrio es especialmente <strong>resistente a la corrosi\u00f3n<\/strong>, su <strong>ligereza<\/strong> y la posibilidad de elegir el color del acabado lo hacen \u00fanico para determinadas aplicaciones.<\/p>\n<p>Es un material pl\u00e1stico que se obtiene impregnando fibra de vidrio con resina de poli\u00e9ster y pulverizando esta mezcla en moldes con las formas requeridas y completando el proceso con una capa de gel para protegerlo de la luz solar.<\/p>\n<p>La fibra de vidrio est\u00e1 especialmente recomendada para <strong>entornos agresivos<\/strong>, como atm\u00f3sferas salinas, transporte de materiales corrosivos, etc.<\/p>\n<p>Se <strong>puede pintar de cualquier color<\/strong> e incluso combinar distintos colores en la misma cubierta, lo que permite incorporar <strong>logotipos o marcas comerciales<\/strong>.<\/p>\n<p>Tiene buena resistencia al impacto y rigidez, pero sin alcanzar las de los metales.<\/p>\n<p>Espesor &gt; 2mm<\/p>\n\t\t\t\t\t\t\t\t<\/div>\n\t\t\t\t<\/div>\n\t\t\t\t<\/div>\n\t\t<div class=\"elementor-element elementor-element-9d2e07e e-con-full e-flex e-con e-child\" data-id=\"9d2e07e\" data-element_type=\"container\" data-e-type=\"container\" data-settings=\"{&quot;background_background&quot;:&quot;classic&quot;}\">\n\t\t\t\t<div class=\"elementor-element elementor-element-22c96d2 elementor-widget elementor-widget-heading\" data-id=\"22c96d2\" data-element_type=\"widget\" data-e-type=\"widget\" data-widget_type=\"heading.default\">\n\t\t\t\t<div class=\"elementor-widget-container\">\n\t\t\t\t\t<h2 class=\"elementor-heading-title elementor-size-default\">Aluminio<\/h2>\t\t\t\t<\/div>\n\t\t\t\t<\/div>\n\t\t\t\t<div class=\"elementor-element elementor-element-bbed900 elementor-widget elementor-widget-image\" data-id=\"bbed900\" data-element_type=\"widget\" data-e-type=\"widget\" data-widget_type=\"image.default\">\n\t\t\t\t<div class=\"elementor-widget-container\">\n\t\t\t\t\t\t\t\t\t\t\t\t\t\t\t<img loading=\"lazy\" decoding=\"async\" width=\"354\" height=\"242\" src=\"https:\/\/www.capotex.com\/wp-content\/uploads\/2023\/05\/Aluminium-conveyor-belt-cover.webp\" class=\"attachment-full size-full wp-image-573\" alt=\"Aluminium conveyor belt cover\" srcset=\"https:\/\/www.capotex.com\/wp-content\/uploads\/2023\/05\/Aluminium-conveyor-belt-cover.webp 354w, https:\/\/www.capotex.com\/wp-content\/uploads\/2023\/05\/Aluminium-conveyor-belt-cover-300x205.webp 300w\" sizes=\"(max-width: 354px) 100vw, 354px\" \/>\t\t\t\t\t\t\t\t\t\t\t\t\t\t\t<\/div>\n\t\t\t\t<\/div>\n\t\t\t\t<div class=\"elementor-element elementor-element-08c78f2 elementor-widget elementor-widget-text-editor\" data-id=\"08c78f2\" data-element_type=\"widget\" data-e-type=\"widget\" data-widget_type=\"text-editor.default\">\n\t\t\t\t<div class=\"elementor-widget-container\">\n\t\t\t\t\t\t\t\t\t<p>El material de cubierta de aluminio se distingue entre las fijaciones met\u00e1licas por su <strong>resistencia a la corrosi\u00f3n<\/strong> en determinados entornos y su <strong>peso reducido<\/strong>.<\/p>\n<p>Es una aleaci\u00f3n de aluminio con otros metales que aporta caracter\u00edsticas espec\u00edficas para cada tipo de uso.<\/p>\n<p>En comparaci\u00f3n con el acero galvanizado, el material de la cubierta de aluminio es:<\/p>\n<ul>\n<li><strong>Menos resistente a los impactos<\/strong>.<\/li>\n<li><strong>M\u00e1s ligero<\/strong>. Aproximadamente tres veces m\u00e1s ligero que el acero, lo que facilita su manejo.<\/li>\n<li><strong>M\u00e1s resistente a la corrosi\u00f3n ambiental<\/strong> gracias a su capacidad para formar una capa de \u00f3xido que protege el aluminio subyacente.<\/li>\n<li><strong>Totalmente reciclable<\/strong>.<\/li>\n<\/ul>\n<p>La <strong>rigidez de la cubierta aumenta considerablemente<\/strong> gracias al plegado de los dos bordes, un <strong>sistema exclusivo de CAPOTEX<\/strong> que confiere a este material una importancia particular.<\/p>\n<p><strong>Espesor 0,8 mm.<\/strong><\/p>\n\t\t\t\t\t\t\t\t<\/div>\n\t\t\t\t<\/div>\n\t\t\t\t<\/div>\n\t\t\t\t\t<\/div>\n\t\t\t\t<\/div>\n\t\t\t\t<\/div>\n\t\t","protected":false},"excerpt":{"rendered":"<p>Materiales de Capotas para bandas Acero galvanizado El acero galvanizado se obtiene recubriendo una banda de acero laminado en fr\u00edo por inmersi\u00f3n en un ba\u00f1o de zinc fundido. Esta chapa de acero se ondula y se dobla para formar la cubierta. El zinc se corroe entre 20 y 40 veces m\u00e1s despacio que el acero, [&hellip;]<\/p>\n","protected":false},"author":1,"featured_media":550,"parent":26280,"menu_order":30,"comment_status":"closed","ping_status":"closed","template":"","meta":{"_joinchat":[],"footnotes":""},"tags":[67],"class_list":["post-26323","page","type-page","status-publish","has-post-thumbnail","hentry","tag-capotexproductos"],"_links":{"self":[{"href":"https:\/\/www.capotex.com\/es\/wp-json\/wp\/v2\/pages\/26323","targetHints":{"allow":["GET"]}}],"collection":[{"href":"https:\/\/www.capotex.com\/es\/wp-json\/wp\/v2\/pages"}],"about":[{"href":"https:\/\/www.capotex.com\/es\/wp-json\/wp\/v2\/types\/page"}],"author":[{"embeddable":true,"href":"https:\/\/www.capotex.com\/es\/wp-json\/wp\/v2\/users\/1"}],"replies":[{"embeddable":true,"href":"https:\/\/www.capotex.com\/es\/wp-json\/wp\/v2\/comments?post=26323"}],"version-history":[{"count":13,"href":"https:\/\/www.capotex.com\/es\/wp-json\/wp\/v2\/pages\/26323\/revisions"}],"predecessor-version":[{"id":34145,"href":"https:\/\/www.capotex.com\/es\/wp-json\/wp\/v2\/pages\/26323\/revisions\/34145"}],"up":[{"embeddable":true,"href":"https:\/\/www.capotex.com\/es\/wp-json\/wp\/v2\/pages\/26280"}],"wp:featuredmedia":[{"embeddable":true,"href":"https:\/\/www.capotex.com\/es\/wp-json\/wp\/v2\/media\/550"}],"wp:attachment":[{"href":"https:\/\/www.capotex.com\/es\/wp-json\/wp\/v2\/media?parent=26323"}],"wp:term":[{"taxonomy":"post_tag","embeddable":true,"href":"https:\/\/www.capotex.com\/es\/wp-json\/wp\/v2\/tags?post=26323"}],"curies":[{"name":"wp","href":"https:\/\/api.w.org\/{rel}","templated":true}]}}