{"id":26327,"date":"2023-05-17T08:38:13","date_gmt":"2023-05-17T07:38:13","guid":{"rendered":"https:\/\/capotex.com\/productos\/modelos-estandar\/durban\/"},"modified":"2024-06-27T09:55:23","modified_gmt":"2024-06-27T08:55:23","slug":"durban","status":"publish","type":"page","link":"https:\/\/www.capotex.com\/es\/cubiertas-para-bandas\/capotajes-para-fajas\/durban\/","title":{"rendered":"Durban"},"content":{"rendered":"\t\t<div data-elementor-type=\"wp-page\" data-elementor-id=\"26327\" class=\"elementor elementor-26327 elementor-1956\" data-elementor-post-type=\"page\">\n\t\t\t\t<div class=\"elementor-element elementor-element-b5b3825 e-flex e-con-boxed e-con e-parent\" data-id=\"b5b3825\" data-element_type=\"container\" data-e-type=\"container\">\n\t\t\t\t\t<div class=\"e-con-inner\">\n\t\t<div class=\"elementor-element elementor-element-b94dc60 e-con-full e-flex e-con e-child\" data-id=\"b94dc60\" data-element_type=\"container\" data-e-type=\"container\">\n\t\t\t\t<div class=\"elementor-element elementor-element-4b8f648 elementor-widget elementor-widget-image\" data-id=\"4b8f648\" data-element_type=\"widget\" data-e-type=\"widget\" data-widget_type=\"image.default\">\n\t\t\t\t<div class=\"elementor-widget-container\">\n\t\t\t\t\t\t\t\t\t\t\t\t\t\t\t<img fetchpriority=\"high\" decoding=\"async\" width=\"600\" height=\"329\" src=\"https:\/\/www.capotex.com\/wp-content\/uploads\/2024\/05\/Capotas-para-bandas-modelo-Durban.webp\" class=\"attachment-full size-full wp-image-33745\" alt=\"\" srcset=\"https:\/\/www.capotex.com\/wp-content\/uploads\/2024\/05\/Capotas-para-bandas-modelo-Durban.webp 600w, https:\/\/www.capotex.com\/wp-content\/uploads\/2024\/05\/Capotas-para-bandas-modelo-Durban-300x165.webp 300w\" sizes=\"(max-width: 600px) 100vw, 600px\" \/>\t\t\t\t\t\t\t\t\t\t\t\t\t\t\t<\/div>\n\t\t\t\t<\/div>\n\t\t\t\t<\/div>\n\t\t\t\t\t<\/div>\n\t\t\t\t<\/div>\n\t\t<div class=\"elementor-element elementor-element-98af90d e-flex e-con-boxed e-con e-parent\" data-id=\"98af90d\" data-element_type=\"container\" data-e-type=\"container\">\n\t\t\t\t\t<div class=\"e-con-inner\">\n\t\t<div class=\"elementor-element elementor-element-77be394 e-con-full e-flex e-con e-child\" data-id=\"77be394\" data-element_type=\"container\" data-e-type=\"container\">\n\t\t\t\t<div class=\"elementor-element elementor-element-a365349 elementor-widget elementor-widget-heading\" data-id=\"a365349\" data-element_type=\"widget\" data-e-type=\"widget\" data-widget_type=\"heading.default\">\n\t\t\t\t<div class=\"elementor-widget-container\">\n\t\t\t\t\t<h2 class=\"elementor-heading-title elementor-size-default\">Durban (Fijo y abierto por un lado)<\/h2>\t\t\t\t<\/div>\n\t\t\t\t<\/div>\n\t\t\t\t<div class=\"elementor-element elementor-element-da7eaa1 elementor-widget elementor-widget-text-editor\" data-id=\"da7eaa1\" data-element_type=\"widget\" data-e-type=\"widget\" data-widget_type=\"text-editor.default\">\n\t\t\t\t<div class=\"elementor-widget-container\">\n\t\t\t\t\t\t\t\t\t<p>La cubierta Durban ofrece acceso visual y manual desde <strong>un lado<\/strong> de la cinta sin necesidad de desmontar nada. Protege la cinta de la lluvia y el viento por un lado, al tiempo que deja espacio suficiente para levantar la cinta y sustituir los rodillos.<\/p>\t\t\t\t\t\t\t\t<\/div>\n\t\t\t\t<\/div>\n\t\t\t\t<div class=\"elementor-element elementor-element-a66819f elementor-widget elementor-widget-image\" data-id=\"a66819f\" data-element_type=\"widget\" data-e-type=\"widget\" data-widget_type=\"image.default\">\n\t\t\t\t<div class=\"elementor-widget-container\">\n\t\t\t\t\t\t\t\t\t\t\t\t<figure class=\"wp-caption\">\n\t\t\t\t\t\t\t\t\t\t\t<a href=\"https:\/\/www.capotex.com\/wp-content\/uploads\/2023\/07\/Durban-Classic-ES.pdf\" target=\"_blank\">\n\t\t\t\t\t\t\t<img decoding=\"async\" width=\"428\" height=\"303\" src=\"https:\/\/www.capotex.com\/wp-content\/uploads\/2023\/07\/Durban-Classic-cover.jpg\" class=\"attachment-full size-full wp-image-27324\" alt=\"\" srcset=\"https:\/\/www.capotex.com\/wp-content\/uploads\/2023\/07\/Durban-Classic-cover.jpg 428w, https:\/\/www.capotex.com\/wp-content\/uploads\/2023\/07\/Durban-Classic-cover-300x212.jpg 300w\" sizes=\"(max-width: 428px) 100vw, 428px\" \/>\t\t\t\t\t\t\t\t<\/a>\n\t\t\t\t\t\t\t\t\t\t\t<figcaption class=\"widget-image-caption wp-caption-text\">Descargar el plano de la curvatura \"Cl\u00e1sica\" en pdf<\/figcaption>\n\t\t\t\t\t\t\t\t\t\t<\/figure>\n\t\t\t\t\t\t\t\t\t<\/div>\n\t\t\t\t<\/div>\n\t\t\t\t<\/div>\n\t\t\t\t\t<\/div>\n\t\t\t\t<\/div>\n\t\t<div class=\"elementor-element elementor-element-e1707d5 elementor-hidden-mobile e-flex e-con-boxed e-con e-parent\" data-id=\"e1707d5\" data-element_type=\"container\" data-e-type=\"container\">\n\t\t\t\t\t<div class=\"e-con-inner\">\n\t\t<div class=\"elementor-element elementor-element-a2049fa e-con-full e-flex e-con e-child\" data-id=\"a2049fa\" data-element_type=\"container\" data-e-type=\"container\">\n\t\t\t\t<div class=\"elementor-element elementor-element-5c1ee03 elementor-tabs-view-horizontal elementor-widget elementor-widget-tabs\" data-id=\"5c1ee03\" data-element_type=\"widget\" data-e-type=\"widget\" data-widget_type=\"tabs.default\">\n\t\t\t\t<div class=\"elementor-widget-container\">\n\t\t\t\t\t\t\t<div class=\"elementor-tabs\">\n\t\t\t<div class=\"elementor-tabs-wrapper\" role=\"tablist\" >\n\t\t\t\t\t\t\t\t\t<div id=\"elementor-tab-title-9651\" class=\"elementor-tab-title elementor-tab-desktop-title\" aria-selected=\"true\" data-tab=\"1\" role=\"tab\" tabindex=\"0\" aria-controls=\"elementor-tab-content-9651\" aria-expanded=\"false\">Caracter\u00edsticas<\/div>\n\t\t\t\t\t\t\t\t\t<div id=\"elementor-tab-title-9652\" class=\"elementor-tab-title elementor-tab-desktop-title\" aria-selected=\"false\" data-tab=\"2\" role=\"tab\" tabindex=\"-1\" aria-controls=\"elementor-tab-content-9652\" aria-expanded=\"false\">Instrucciones de instalaci\u00f3n<\/div>\n\t\t\t\t\t\t\t\t\t<div id=\"elementor-tab-title-9653\" class=\"elementor-tab-title elementor-tab-desktop-title\" aria-selected=\"false\" data-tab=\"3\" role=\"tab\" tabindex=\"-1\" aria-controls=\"elementor-tab-content-9653\" aria-expanded=\"false\">Fijaciones<\/div>\n\t\t\t\t\t\t\t<\/div>\n\t\t\t<div class=\"elementor-tabs-content-wrapper\" role=\"tablist\" aria-orientation=\"vertical\">\n\t\t\t\t\t\t\t\t\t<div class=\"elementor-tab-title elementor-tab-mobile-title\" aria-selected=\"true\" data-tab=\"1\" role=\"tab\" tabindex=\"0\" aria-controls=\"elementor-tab-content-9651\" aria-expanded=\"false\">Caracter\u00edsticas<\/div>\n\t\t\t\t\t<div id=\"elementor-tab-content-9651\" class=\"elementor-tab-content elementor-clearfix\" data-tab=\"1\" role=\"tabpanel\" aria-labelledby=\"elementor-tab-title-9651\" tabindex=\"0\" hidden=\"false\"><p><strong>Acceso de inspecci\u00f3n unilateral<\/strong>: La cubierta cubre la parte superior y un lado de la cinta transportadora, dejando un lado libre para el mantenimiento.<br \/>Desmontable: La cubierta Durban puede desmontarse completamente aflojando los tornillos, dejando la cinta transportadora totalmente libre. Sin estructuras ni obst\u00e1culos.<\/p>\n<p><strong>Autoportante<\/strong>: no requiere ninguna estructura.<\/p>\n<p><strong>Instalaci\u00f3n r\u00e1pida y sencilla<\/strong>: se adapta a pr\u00e1cticamente todas las cintas transportadoras.<\/p>\n<\/div>\n\t\t\t\t\t\t\t\t\t<div class=\"elementor-tab-title elementor-tab-mobile-title\" aria-selected=\"false\" data-tab=\"2\" role=\"tab\" tabindex=\"-1\" aria-controls=\"elementor-tab-content-9652\" aria-expanded=\"false\">Instrucciones de instalaci\u00f3n<\/div>\n\t\t\t\t\t<div id=\"elementor-tab-content-9652\" class=\"elementor-tab-content elementor-clearfix\" data-tab=\"2\" role=\"tabpanel\" aria-labelledby=\"elementor-tab-title-9652\" tabindex=\"0\" hidden=\"hidden\"><p>\t\t<div data-elementor-type=\"section\" data-elementor-id=\"26730\" class=\"elementor elementor-26730 elementor-786 elementor-786\" data-elementor-post-type=\"elementor_library\">\n\t\t\t\t\t<section class=\"elementor-section elementor-top-section elementor-element elementor-element-8113074 elementor-section-boxed elementor-section-height-default elementor-section-height-default\" data-id=\"8113074\" data-element_type=\"section\" data-e-type=\"section\">\n\t\t\t\t\t\t<div class=\"elementor-container elementor-column-gap-default\">\n\t\t\t\t\t<div class=\"elementor-column elementor-col-100 elementor-top-column elementor-element elementor-element-a806e24\" data-id=\"a806e24\" data-element_type=\"column\" data-e-type=\"column\">\n\t\t\t<div class=\"elementor-widget-wrap elementor-element-populated\">\n\t\t\t\t\t\t<div class=\"elementor-element elementor-element-812b775 elementor-widget elementor-widget-text-editor\" data-id=\"812b775\" data-element_type=\"widget\" data-e-type=\"widget\" data-widget_type=\"text-editor.default\">\n\t\t\t\t<div class=\"elementor-widget-container\">\n\t\t\t\t\t\t\t\t\t<p><strong>Atornille directamente unas tapas de 180\u00ba a la base de la cinta transportadora<\/strong>. Se recomienda que sea de 40x40mm. Los \u00e1ngulos de acero se instalan a ambos lados de la cinta transportadora.<\/p>\n<p>Atornille <strong>las tapas de 140\u00ba sobre las tapas de 180\u00ba<\/strong> con tornillos autoperforantes 5,5&#215;22 P16.<\/p>\n<p><strong>Detenga la cinta transportadora antes de iniciar la instalaci\u00f3n.<\/strong><\/p>\n<p><strong>Herramientas necesarias:<\/strong> destornillador el\u00e9ctrico con vaso de 8 mm.<\/p>\n<p><strong>Utilice los EPI<\/strong> (equipos de protecci\u00f3n individual) exigidos por la ley. CAPOTEX recomienda el uso de guantes, casco, botas de seguridad, protecci\u00f3n auditiva y m\u00e1scara de soldadura (s\u00f3lo para la soldadura de chapa de acero).<\/p>\n\t\t\t\t\t\t\t\t<\/div>\n\t\t\t\t<\/div>\n\t\t\t\t<div class=\"elementor-element elementor-element-1353447 elementor-widget elementor-widget-video\" data-id=\"1353447\" data-element_type=\"widget\" data-e-type=\"widget\" data-settings=\"{&quot;youtube_url&quot;:&quot;https:\\\/\\\/youtu.be\\\/1svz8IYB1Jk&quot;,&quot;mute&quot;:&quot;yes&quot;,&quot;lazy_load&quot;:&quot;yes&quot;,&quot;video_type&quot;:&quot;youtube&quot;,&quot;controls&quot;:&quot;yes&quot;}\" data-widget_type=\"video.default\">\n\t\t\t\t<div class=\"elementor-widget-container\">\n\t\t\t\t\t\t\t<div class=\"elementor-wrapper elementor-open-inline\">\n\t\t\t<div class=\"elementor-video\"><\/div>\t\t<\/div>\n\t\t\t\t\t\t<\/div>\n\t\t\t\t<\/div>\n\t\t\t\t\t<\/div>\n\t\t<\/div>\n\t\t\t\t\t<\/div>\n\t\t<\/section>\n\t\t\t\t<\/div>\n\t\t<\/p>\n<\/div>\n\t\t\t\t\t\t\t\t\t<div class=\"elementor-tab-title elementor-tab-mobile-title\" aria-selected=\"false\" data-tab=\"3\" role=\"tab\" tabindex=\"-1\" aria-controls=\"elementor-tab-content-9653\" aria-expanded=\"false\">Fijaciones<\/div>\n\t\t\t\t\t<div id=\"elementor-tab-content-9653\" class=\"elementor-tab-content elementor-clearfix\" data-tab=\"3\" role=\"tabpanel\" aria-labelledby=\"elementor-tab-title-9653\" tabindex=\"0\" hidden=\"hidden\"><table><tbody><tr style=\"background-color: #00678a; color: #f9fafa;\"><th>Modelo<\/th><th>Forma de la curvatura<\/th><th>Fijaci\u00f3n de<\/th><th>Foto<\/th><\/tr><tr><td>Durban<\/td><td><a href=\"https:\/\/www.capotex.com\/es\/cubiertas-para-bandas\/capotas-para-cintas-transportadoras\/\">Cl\u00e1sico<\/a><\/td><td><a href=\"https:\/\/www.capotex.com\/es\/fijaciones-de-cubiertas-para-cintas-transportadoras\/c5\/\">Tornillo autotaladrante C-5<\/a><\/td><td><a href=\"https:\/\/www.capotex.com\/es\/productos\/fijaciones\/tornillo-autotaladrante-c5\/\"><img decoding=\"async\" src=\"https:\/\/www.capotex.com\/wp-content\/uploads\/2023\/05\/Capotex-fixings-C5-Self-Drilling-Screw.webp\" width=\"200\" \/><\/a><\/td><\/tr><tr><td>\u00a0<\/td><td>\u00a0<\/td><td><a href=\"https:\/\/www.capotex.com\/es\/fijaciones-de-cubiertas-para-cintas-transportadoras\/c6\/\">Abrazadera C-6<\/a><\/td><td><a href=\"https:\/\/www.capotex.com\/es\/productos\/fijaciones\/abrazadera-c6\/\"><img decoding=\"async\" src=\"https:\/\/www.capotex.com\/wp-content\/uploads\/2023\/05\/Capotex-fixings-C6-Clamp.webp\" width=\"200\" \/><\/a><\/td><\/tr><tr><td>\u00a0<\/td><td>\u00a0<\/td><td><a href=\"https:\/\/www.capotex.com\/es\/fijaciones-de-cubiertas-para-cintas-transportadoras\/c9\/\">Gancho C-9<\/a><\/td><td><a href=\"https:\/\/www.capotex.com\/es\/productos\/fijaciones\/gancho-c9\/\"><img decoding=\"async\" src=\"https:\/\/www.capotex.com\/wp-content\/uploads\/2023\/05\/Capotex-fixings-C9-Hook.webp\" width=\"200\" \/><\/a><\/td><\/tr><tr><td>\u00a0<\/td><td>\u00a0<\/td><td><a href=\"https:\/\/www.capotex.com\/es\/fijaciones-de-cubiertas-para-cintas-transportadoras\/c7\/\">C-7 Gancho ergon\u00f3mico con correa 1 \u00f3 2 ganchos con o sin platina<\/a><\/td><td><a href=\"https:\/\/www.capotex.com\/es\/productos\/fijaciones\/gancho-ergonomico-con-correa-c7\/\"><img decoding=\"async\" src=\"https:\/\/www.capotex.com\/wp-content\/uploads\/2023\/05\/Capotex-fixings-C7-Ergonomic-Hook-w-Strap.webp\" width=\"100\" \/><\/a><\/td><\/tr><tr><td>\u00a0<\/td><td><a href=\"https:\/\/www.capotex.com\/es\/cubiertas-para-bandas\/capotas-para-cintas-transportadoras\/\">Plus<\/a><\/td><td><a href=\"https:\/\/www.capotex.com\/es\/fijaciones-de-cubiertas-para-cintas-transportadoras\/c5\/\">Tornillo autotaladrante C-5<\/a><\/td><td><a href=\"https:\/\/www.capotex.com\/es\/productos\/fijaciones\/tornillo-autotaladrante-c5\/\"><img decoding=\"async\" src=\"https:\/\/www.capotex.com\/wp-content\/uploads\/2023\/05\/Capotex-fixings-C5-Self-Drilling-Screw.webp\" width=\"200\" \/><\/a><\/td><\/tr><tr><td>\u00a0<\/td><td>\u00a0<\/td><td><a href=\"https:\/\/www.capotex.com\/es\/fijaciones-de-cubiertas-para-cintas-transportadoras\/c6\/\">Abrazadera C-6<\/a><\/td><td><a href=\"https:\/\/www.capotex.com\/es\/productos\/fijaciones\/abrazadera-c6\/\"><img decoding=\"async\" src=\"https:\/\/www.capotex.com\/wp-content\/uploads\/2023\/05\/Capotex-fixings-C6-Clamp.webp\" width=\"200\" \/><\/a><\/td><\/tr><tr><td>\u00a0<\/td><td>\u00a0<\/td><td><a href=\"https:\/\/www.capotex.com\/es\/fijaciones-de-cubiertas-para-cintas-transportadoras\/c9\/\">Gancho C-9<\/a><\/td><td><a href=\"https:\/\/www.capotex.com\/es\/productos\/fijaciones\/gancho-c9\/\"><img decoding=\"async\" src=\"https:\/\/www.capotex.com\/wp-content\/uploads\/2023\/05\/Capotex-fixings-C9-Hook.webp\" width=\"200\" \/><\/a><\/td><\/tr><tr><td>\u00a0<\/td><td>\u00a0<\/td><td><a href=\"https:\/\/www.capotex.com\/es\/fijaciones-de-cubiertas-para-cintas-transportadoras\/c7\/\">C-7 Gancho ergon\u00f3mico con correa 1 \u00f3 2 ganchos con o sin platina<\/a><\/td><td><a href=\"https:\/\/www.capotex.com\/es\/productos\/fijaciones\/gancho-ergonomico-con-correa-c7\/\"><img decoding=\"async\" src=\"https:\/\/www.capotex.com\/wp-content\/uploads\/2023\/05\/Capotex-fixings-C7-Ergonomic-Hook-w-Strap.webp\" width=\"100\" \/><\/a><\/td><\/tr><\/tbody><\/table><\/div>\n\t\t\t\t\t\t\t<\/div>\n\t\t<\/div>\n\t\t\t\t\t\t<\/div>\n\t\t\t\t<\/div>\n\t\t\t\t<\/div>\n\t\t\t\t\t<\/div>\n\t\t\t\t<\/div>\n\t\t<div class=\"elementor-element elementor-element-84955af elementor-hidden-desktop elementor-hidden-tablet e-flex e-con-boxed e-con e-parent\" data-id=\"84955af\" data-element_type=\"container\" data-e-type=\"container\">\n\t\t\t\t\t<div class=\"e-con-inner\">\n\t\t<div class=\"elementor-element elementor-element-53efaf1 e-con-full e-flex e-con e-child\" data-id=\"53efaf1\" data-element_type=\"container\" data-e-type=\"container\">\n\t\t\t\t<div class=\"elementor-element elementor-element-aed99af elementor-tabs-view-horizontal elementor-widget elementor-widget-tabs\" data-id=\"aed99af\" data-element_type=\"widget\" data-e-type=\"widget\" data-widget_type=\"tabs.default\">\n\t\t\t\t<div class=\"elementor-widget-container\">\n\t\t\t\t\t\t\t<div class=\"elementor-tabs\">\n\t\t\t<div class=\"elementor-tabs-wrapper\" role=\"tablist\" >\n\t\t\t\t\t\t\t\t\t<div id=\"elementor-tab-title-1831\" class=\"elementor-tab-title elementor-tab-desktop-title\" aria-selected=\"true\" data-tab=\"1\" role=\"tab\" tabindex=\"0\" aria-controls=\"elementor-tab-content-1831\" aria-expanded=\"false\">Caracter\u00edsticas<\/div>\n\t\t\t\t\t\t\t\t\t<div id=\"elementor-tab-title-1832\" class=\"elementor-tab-title elementor-tab-desktop-title\" aria-selected=\"false\" data-tab=\"2\" role=\"tab\" tabindex=\"-1\" aria-controls=\"elementor-tab-content-1832\" aria-expanded=\"false\">Instrucciones de instalaci\u00f3n<\/div>\n\t\t\t\t\t\t\t\t\t<div id=\"elementor-tab-title-1833\" class=\"elementor-tab-title elementor-tab-desktop-title\" aria-selected=\"false\" data-tab=\"3\" role=\"tab\" tabindex=\"-1\" aria-controls=\"elementor-tab-content-1833\" aria-expanded=\"false\">Fijaciones<\/div>\n\t\t\t\t\t\t\t<\/div>\n\t\t\t<div class=\"elementor-tabs-content-wrapper\" role=\"tablist\" aria-orientation=\"vertical\">\n\t\t\t\t\t\t\t\t\t<div class=\"elementor-tab-title elementor-tab-mobile-title\" aria-selected=\"true\" data-tab=\"1\" role=\"tab\" tabindex=\"0\" aria-controls=\"elementor-tab-content-1831\" aria-expanded=\"false\">Caracter\u00edsticas<\/div>\n\t\t\t\t\t<div id=\"elementor-tab-content-1831\" class=\"elementor-tab-content elementor-clearfix\" data-tab=\"1\" role=\"tabpanel\" aria-labelledby=\"elementor-tab-title-1831\" tabindex=\"0\" hidden=\"false\"><p><strong>Acceso de inspecci\u00f3n unilateral<\/strong>: La cubierta cubre la parte superior y un lado de la cinta transportadora, dejando un lado libre para el mantenimiento.<br \/>Desmontable: La cubierta Durban puede desmontarse completamente aflojando los tornillos, dejando la cinta transportadora totalmente libre. Sin estructuras ni obst\u00e1culos.<\/p>\n<p><strong>Autoportante<\/strong>: no requiere ninguna estructura.<\/p>\n<p><strong>Instalaci\u00f3n r\u00e1pida y sencilla<\/strong>: se adapta a pr\u00e1cticamente todas las cintas transportadoras.<\/p>\n<\/div>\n\t\t\t\t\t\t\t\t\t<div class=\"elementor-tab-title elementor-tab-mobile-title\" aria-selected=\"false\" data-tab=\"2\" role=\"tab\" tabindex=\"-1\" aria-controls=\"elementor-tab-content-1832\" aria-expanded=\"false\">Instrucciones de instalaci\u00f3n<\/div>\n\t\t\t\t\t<div id=\"elementor-tab-content-1832\" class=\"elementor-tab-content elementor-clearfix\" data-tab=\"2\" role=\"tabpanel\" aria-labelledby=\"elementor-tab-title-1832\" tabindex=\"0\" hidden=\"hidden\"><p>\t\t<div data-elementor-type=\"section\" data-elementor-id=\"26730\" class=\"elementor elementor-26730 elementor-786 elementor-786\" data-elementor-post-type=\"elementor_library\">\n\t\t\t\t\t<section class=\"elementor-section elementor-top-section elementor-element elementor-element-8113074 elementor-section-boxed elementor-section-height-default elementor-section-height-default\" data-id=\"8113074\" data-element_type=\"section\" data-e-type=\"section\">\n\t\t\t\t\t\t<div class=\"elementor-container elementor-column-gap-default\">\n\t\t\t\t\t<div class=\"elementor-column elementor-col-100 elementor-top-column elementor-element elementor-element-a806e24\" data-id=\"a806e24\" data-element_type=\"column\" data-e-type=\"column\">\n\t\t\t<div class=\"elementor-widget-wrap elementor-element-populated\">\n\t\t\t\t\t\t<div class=\"elementor-element elementor-element-812b775 elementor-widget elementor-widget-text-editor\" data-id=\"812b775\" data-element_type=\"widget\" data-e-type=\"widget\" data-widget_type=\"text-editor.default\">\n\t\t\t\t<div class=\"elementor-widget-container\">\n\t\t\t\t\t\t\t\t\t<p><strong>Atornille directamente unas tapas de 180\u00ba a la base de la cinta transportadora<\/strong>. Se recomienda que sea de 40x40mm. Los \u00e1ngulos de acero se instalan a ambos lados de la cinta transportadora.<\/p>\n<p>Atornille <strong>las tapas de 140\u00ba sobre las tapas de 180\u00ba<\/strong> con tornillos autoperforantes 5,5&#215;22 P16.<\/p>\n<p><strong>Detenga la cinta transportadora antes de iniciar la instalaci\u00f3n.<\/strong><\/p>\n<p><strong>Herramientas necesarias:<\/strong> destornillador el\u00e9ctrico con vaso de 8 mm.<\/p>\n<p><strong>Utilice los EPI<\/strong> (equipos de protecci\u00f3n individual) exigidos por la ley. CAPOTEX recomienda el uso de guantes, casco, botas de seguridad, protecci\u00f3n auditiva y m\u00e1scara de soldadura (s\u00f3lo para la soldadura de chapa de acero).<\/p>\n\t\t\t\t\t\t\t\t<\/div>\n\t\t\t\t<\/div>\n\t\t\t\t<div class=\"elementor-element elementor-element-1353447 elementor-widget elementor-widget-video\" data-id=\"1353447\" data-element_type=\"widget\" data-e-type=\"widget\" data-settings=\"{&quot;youtube_url&quot;:&quot;https:\\\/\\\/youtu.be\\\/1svz8IYB1Jk&quot;,&quot;mute&quot;:&quot;yes&quot;,&quot;lazy_load&quot;:&quot;yes&quot;,&quot;video_type&quot;:&quot;youtube&quot;,&quot;controls&quot;:&quot;yes&quot;}\" data-widget_type=\"video.default\">\n\t\t\t\t<div class=\"elementor-widget-container\">\n\t\t\t\t\t\t\t<div class=\"elementor-wrapper elementor-open-inline\">\n\t\t\t<div class=\"elementor-video\"><\/div>\t\t<\/div>\n\t\t\t\t\t\t<\/div>\n\t\t\t\t<\/div>\n\t\t\t\t\t<\/div>\n\t\t<\/div>\n\t\t\t\t\t<\/div>\n\t\t<\/section>\n\t\t\t\t<\/div>\n\t\t<\/p>\n<\/div>\n\t\t\t\t\t\t\t\t\t<div class=\"elementor-tab-title elementor-tab-mobile-title\" aria-selected=\"false\" data-tab=\"3\" role=\"tab\" tabindex=\"-1\" aria-controls=\"elementor-tab-content-1833\" aria-expanded=\"false\">Fijaciones<\/div>\n\t\t\t\t\t<div id=\"elementor-tab-content-1833\" class=\"elementor-tab-content elementor-clearfix\" data-tab=\"3\" role=\"tabpanel\" aria-labelledby=\"elementor-tab-title-1833\" tabindex=\"0\" hidden=\"hidden\"><table><tbody><tr style=\"background-color: #00678a; color: #f9fafa;\"><th>Forma de la curvatura<\/th><th>Fijaci\u00f3n de<\/th><\/tr><tr><td><a href=\"https:\/\/www.capotex.com\/es\/cubiertas-para-bandas\/capotas-para-cintas-transportadoras\/\">Cl\u00e1sico<\/a><\/td><td><a href=\"https:\/\/www.capotex.com\/es\/fijaciones-de-cubiertas-para-cintas-transportadoras\/c5\/\">Tornillo autotaladrante C-5<\/a><\/td><\/tr><tr><td>\u00a0<\/td><td><a href=\"https:\/\/www.capotex.com\/es\/fijaciones-de-cubiertas-para-cintas-transportadoras\/c6\/\">Abrazadera C-6<\/a><\/td><\/tr><tr><td>\u00a0<\/td><td><a href=\"https:\/\/www.capotex.com\/es\/fijaciones-de-cubiertas-para-cintas-transportadoras\/c9\/\">Gancho C-9<\/a><\/td><\/tr><tr><td>\u00a0<\/td><td><a href=\"https:\/\/www.capotex.com\/es\/fijaciones-de-cubiertas-para-cintas-transportadoras\/c7\/\">C-7 Gancho ergon\u00f3mico con correa 1 \u00f3 2 ganchos con o sin platina<\/a><\/td><\/tr><tr><td><a href=\"https:\/\/www.capotex.com\/es\/cubiertas-para-bandas\/capotas-para-cintas-transportadoras\/\">Plus<\/a><\/td><td><a href=\"https:\/\/www.capotex.com\/es\/fijaciones-de-cubiertas-para-cintas-transportadoras\/c5\/\">Tornillo autotaladrante C-5<\/a><\/td><\/tr><tr><td>\u00a0<\/td><td><a href=\"https:\/\/www.capotex.com\/es\/fijaciones-de-cubiertas-para-cintas-transportadoras\/c6\/\">Abrazadera C-6<\/a><\/td><\/tr><tr><td>\u00a0<\/td><td><a href=\"https:\/\/www.capotex.com\/es\/fijaciones-de-cubiertas-para-cintas-transportadoras\/c9\/\">Gancho C-9<\/a><\/td><\/tr><tr><td>\u00a0<\/td><td><a href=\"https:\/\/www.capotex.com\/es\/fijaciones-de-cubiertas-para-cintas-transportadoras\/c7\/\">C-7 Gancho ergon\u00f3mico con correa 1 \u00f3 2 ganchos con o sin platina<\/a><\/td><\/tr><\/tbody><\/table><\/div>\n\t\t\t\t\t\t\t<\/div>\n\t\t<\/div>\n\t\t\t\t\t\t<\/div>\n\t\t\t\t<\/div>\n\t\t\t\t<\/div>\n\t\t\t\t\t<\/div>\n\t\t\t\t<\/div>\n\t\t\t\t<\/div>\n\t\t","protected":false},"excerpt":{"rendered":"<p>Fijo y abierto por un lado<\/p>\n","protected":false},"author":1,"featured_media":764,"parent":26292,"menu_order":50,"comment_status":"closed","ping_status":"closed","template":"","meta":{"_joinchat":[],"footnotes":""},"tags":[69],"class_list":["post-26327","page","type-page","status-publish","has-post-thumbnail","hentry","tag-conveyormodels-es"],"_links":{"self":[{"href":"https:\/\/www.capotex.com\/es\/wp-json\/wp\/v2\/pages\/26327","targetHints":{"allow":["GET"]}}],"collection":[{"href":"https:\/\/www.capotex.com\/es\/wp-json\/wp\/v2\/pages"}],"about":[{"href":"https:\/\/www.capotex.com\/es\/wp-json\/wp\/v2\/types\/page"}],"author":[{"embeddable":true,"href":"https:\/\/www.capotex.com\/es\/wp-json\/wp\/v2\/users\/1"}],"replies":[{"embeddable":true,"href":"https:\/\/www.capotex.com\/es\/wp-json\/wp\/v2\/comments?post=26327"}],"version-history":[{"count":32,"href":"https:\/\/www.capotex.com\/es\/wp-json\/wp\/v2\/pages\/26327\/revisions"}],"predecessor-version":[{"id":34793,"href":"https:\/\/www.capotex.com\/es\/wp-json\/wp\/v2\/pages\/26327\/revisions\/34793"}],"up":[{"embeddable":true,"href":"https:\/\/www.capotex.com\/es\/wp-json\/wp\/v2\/pages\/26292"}],"wp:featuredmedia":[{"embeddable":true,"href":"https:\/\/www.capotex.com\/es\/wp-json\/wp\/v2\/media\/764"}],"wp:attachment":[{"href":"https:\/\/www.capotex.com\/es\/wp-json\/wp\/v2\/media?parent=26327"}],"wp:term":[{"taxonomy":"post_tag","embeddable":true,"href":"https:\/\/www.capotex.com\/es\/wp-json\/wp\/v2\/tags?post=26327"}],"curies":[{"name":"wp","href":"https:\/\/api.w.org\/{rel}","templated":true}]}}