{"id":26339,"date":"2023-05-17T10:24:55","date_gmt":"2023-05-17T09:24:55","guid":{"rendered":"https:\/\/capotex.com\/c-7-gancho-ergonomico-con-correa\/"},"modified":"2024-06-25T08:39:57","modified_gmt":"2024-06-25T07:39:57","slug":"c7","status":"publish","type":"page","link":"https:\/\/www.capotex.com\/es\/fijaciones-de-cubiertas-para-cintas-transportadoras\/c7\/","title":{"rendered":"Gancho ergon\u00f3mico con correa C7"},"content":{"rendered":"\t\t<div data-elementor-type=\"wp-page\" data-elementor-id=\"26339\" class=\"elementor elementor-26339 elementor-2057\" data-elementor-post-type=\"page\">\n\t\t\t\t<div class=\"elementor-element elementor-element-8f7efa3 e-flex e-con-boxed e-con e-parent\" data-id=\"8f7efa3\" data-element_type=\"container\" data-e-type=\"container\">\n\t\t\t\t\t<div class=\"e-con-inner\">\n\t\t<div class=\"elementor-element elementor-element-01bb28d e-con-full e-flex e-con e-child\" data-id=\"01bb28d\" data-element_type=\"container\" data-e-type=\"container\">\n\t\t\t\t<div class=\"elementor-element elementor-element-45997b9 elementor-widget elementor-widget-image\" data-id=\"45997b9\" data-element_type=\"widget\" data-e-type=\"widget\" data-widget_type=\"image.default\">\n\t\t\t\t<div class=\"elementor-widget-container\">\n\t\t\t\t\t\t\t\t\t\t\t\t\t\t\t<img fetchpriority=\"high\" decoding=\"async\" width=\"619\" height=\"925\" src=\"https:\/\/www.capotex.com\/wp-content\/uploads\/2024\/06\/Gancho-con-correa-para-Capotajes-para-Bandas.webp\" class=\"attachment-full size-full wp-image-34572\" alt=\"Gancho con correa para Capotajes para Bandas\" srcset=\"https:\/\/www.capotex.com\/wp-content\/uploads\/2024\/06\/Gancho-con-correa-para-Capotajes-para-Bandas.webp 619w, https:\/\/www.capotex.com\/wp-content\/uploads\/2024\/06\/Gancho-con-correa-para-Capotajes-para-Bandas-201x300.webp 201w\" sizes=\"(max-width: 619px) 100vw, 619px\" \/>\t\t\t\t\t\t\t\t\t\t\t\t\t\t\t<\/div>\n\t\t\t\t<\/div>\n\t\t\t\t<\/div>\n\t\t\t\t\t<\/div>\n\t\t\t\t<\/div>\n\t\t<div class=\"elementor-element elementor-element-996db7b e-flex e-con-boxed e-con e-parent\" data-id=\"996db7b\" data-element_type=\"container\" data-e-type=\"container\">\n\t\t\t\t\t<div class=\"e-con-inner\">\n\t\t<div class=\"elementor-element elementor-element-eb33606 e-con-full e-flex e-con e-child\" data-id=\"eb33606\" data-element_type=\"container\" data-e-type=\"container\">\n\t\t\t\t<div class=\"elementor-element elementor-element-73c3b60 elementor-widget elementor-widget-heading\" data-id=\"73c3b60\" data-element_type=\"widget\" data-e-type=\"widget\" data-widget_type=\"heading.default\">\n\t\t\t\t<div class=\"elementor-widget-container\">\n\t\t\t\t\t<h2 class=\"elementor-heading-title elementor-size-default\">Gancho con correa para Capotajes para Bandas  Econ\u00f3mico - C-7<\/h2>\t\t\t\t<\/div>\n\t\t\t\t<\/div>\n\t\t\t\t<div class=\"elementor-element elementor-element-93c5b41 elementor-widget elementor-widget-text-editor\" data-id=\"93c5b41\" data-element_type=\"widget\" data-e-type=\"widget\" data-widget_type=\"text-editor.default\">\n\t\t\t\t<div class=\"elementor-widget-container\">\n\t\t\t\t\t\t\t\t\t<p><strong>C-7 Gancho ergon\u00f3mico con correa<\/strong>. Nuestro gancho de dise\u00f1o ergon\u00f3mico se maneja c\u00f3modamente con las dos manos.<\/p><p>El muelle de tracci\u00f3n y la correa de acero inoxidable sujetan la cubierta encajada en el perfil en T. Debe soldarse un perfil en T a lo largo de toda la estructura del transportador.<\/p>\t\t\t\t\t\t\t\t<\/div>\n\t\t\t\t<\/div>\n\t\t\t\t<\/div>\n\t\t\t\t\t<\/div>\n\t\t\t\t<\/div>\n\t\t\t\t<\/div>\n\t\t","protected":false},"excerpt":{"rendered":"<p>Gancho con correa para Capotajes para Bandas Econ\u00f3mico &#8211; C-7 C-7 Gancho ergon\u00f3mico con correa. Nuestro gancho de dise\u00f1o ergon\u00f3mico se maneja c\u00f3modamente con las dos manos. El muelle de tracci\u00f3n y la correa de acero inoxidable sujetan la cubierta encajada en el perfil en T. Debe soldarse un perfil en T a lo largo [&hellip;]<\/p>\n","protected":false},"author":1,"featured_media":993,"parent":26478,"menu_order":50,"comment_status":"closed","ping_status":"closed","template":"","meta":{"_joinchat":[],"footnotes":""},"tags":[73],"class_list":["post-26339","page","type-page","status-publish","has-post-thumbnail","hentry","tag-fijaciones"],"_links":{"self":[{"href":"https:\/\/www.capotex.com\/es\/wp-json\/wp\/v2\/pages\/26339","targetHints":{"allow":["GET"]}}],"collection":[{"href":"https:\/\/www.capotex.com\/es\/wp-json\/wp\/v2\/pages"}],"about":[{"href":"https:\/\/www.capotex.com\/es\/wp-json\/wp\/v2\/types\/page"}],"author":[{"embeddable":true,"href":"https:\/\/www.capotex.com\/es\/wp-json\/wp\/v2\/users\/1"}],"replies":[{"embeddable":true,"href":"https:\/\/www.capotex.com\/es\/wp-json\/wp\/v2\/comments?post=26339"}],"version-history":[{"count":8,"href":"https:\/\/www.capotex.com\/es\/wp-json\/wp\/v2\/pages\/26339\/revisions"}],"predecessor-version":[{"id":34581,"href":"https:\/\/www.capotex.com\/es\/wp-json\/wp\/v2\/pages\/26339\/revisions\/34581"}],"up":[{"embeddable":true,"href":"https:\/\/www.capotex.com\/es\/wp-json\/wp\/v2\/pages\/26478"}],"wp:featuredmedia":[{"embeddable":true,"href":"https:\/\/www.capotex.com\/es\/wp-json\/wp\/v2\/media\/993"}],"wp:attachment":[{"href":"https:\/\/www.capotex.com\/es\/wp-json\/wp\/v2\/media?parent=26339"}],"wp:term":[{"taxonomy":"post_tag","embeddable":true,"href":"https:\/\/www.capotex.com\/es\/wp-json\/wp\/v2\/tags?post=26339"}],"curies":[{"name":"wp","href":"https:\/\/api.w.org\/{rel}","templated":true}]}}