{"id":26342,"date":"2023-05-17T09:29:56","date_gmt":"2023-05-17T08:29:56","guid":{"rendered":"https:\/\/capotex.com\/caponoise\/"},"modified":"2025-02-14T12:20:52","modified_gmt":"2025-02-14T11:20:52","slug":"caponoise","status":"publish","type":"page","link":"https:\/\/www.capotex.com\/es\/cubiertas-para-bandas\/cubiertas-para-fajas\/caponoise\/","title":{"rendered":"Caponoise"},"content":{"rendered":"\t\t<div data-elementor-type=\"wp-page\" data-elementor-id=\"26342\" class=\"elementor elementor-26342 elementor-2027\" data-elementor-post-type=\"page\">\n\t\t\t\t\t\t<section class=\"elementor-section elementor-top-section elementor-element elementor-element-e4baad5 elementor-section-boxed elementor-section-height-default elementor-section-height-default\" data-id=\"e4baad5\" data-element_type=\"section\" data-e-type=\"section\">\n\t\t\t\t\t\t<div class=\"elementor-container elementor-column-gap-default\">\n\t\t\t\t\t<div class=\"elementor-column elementor-col-100 elementor-top-column elementor-element elementor-element-9347f5b\" data-id=\"9347f5b\" data-element_type=\"column\" data-e-type=\"column\">\n\t\t\t<div class=\"elementor-widget-wrap elementor-element-populated\">\n\t\t\t\t\t\t<div class=\"elementor-element elementor-element-172102c elementor-widget elementor-widget-image\" data-id=\"172102c\" data-element_type=\"widget\" data-e-type=\"widget\" data-widget_type=\"image.default\">\n\t\t\t\t<div class=\"elementor-widget-container\">\n\t\t\t\t\t\t\t\t\t\t\t\t\t\t\t<img fetchpriority=\"high\" decoding=\"async\" width=\"600\" height=\"329\" src=\"https:\/\/www.capotex.com\/wp-content\/uploads\/2024\/05\/Cubiertas-para-bandas-Caponoise.webp\" class=\"attachment-full size-full wp-image-33798\" alt=\"Cubiertas para bandas Caponoise\" srcset=\"https:\/\/www.capotex.com\/wp-content\/uploads\/2024\/05\/Cubiertas-para-bandas-Caponoise.webp 600w, https:\/\/www.capotex.com\/wp-content\/uploads\/2024\/05\/Cubiertas-para-bandas-Caponoise-300x165.webp 300w\" sizes=\"(max-width: 600px) 100vw, 600px\" \/>\t\t\t\t\t\t\t\t\t\t\t\t\t\t\t<\/div>\n\t\t\t\t<\/div>\n\t\t\t\t\t<\/div>\n\t\t<\/div>\n\t\t\t\t\t<\/div>\n\t\t<\/section>\n\t\t\t\t<section class=\"elementor-section elementor-top-section elementor-element elementor-element-9c88718 elementor-section-boxed elementor-section-height-default elementor-section-height-default\" data-id=\"9c88718\" data-element_type=\"section\" data-e-type=\"section\">\n\t\t\t\t\t\t<div class=\"elementor-container elementor-column-gap-default\">\n\t\t\t\t\t<div class=\"elementor-column elementor-col-100 elementor-top-column elementor-element elementor-element-1aacbc4\" data-id=\"1aacbc4\" data-element_type=\"column\" data-e-type=\"column\">\n\t\t\t<div class=\"elementor-widget-wrap elementor-element-populated\">\n\t\t\t\t\t\t<div class=\"elementor-element elementor-element-df9bdfa elementor-widget elementor-widget-text-editor\" data-id=\"df9bdfa\" data-element_type=\"widget\" data-e-type=\"widget\" data-widget_type=\"text-editor.default\">\n\t\t\t\t<div class=\"elementor-widget-container\">\n\t\t\t\t\t\t\t\t\t<p><strong>Reduce el ruido de la cinta<\/strong>: Cubierta de aislamiento ac\u00fastico. Reduce la contaminaci\u00f3n ac\u00fastica de la cinta transportadora.<\/p><p>Especialmente adecuado para <strong>zonas pobladas y parques naturales<\/strong>.<\/p><p><strong>Los mejores materiales<\/strong>. La pared contiene miles de peque\u00f1os agujeros que dejan pasar las ondas sonoras, impidiendo que el ruido se amplifique por el efecto rebote. La capa intermedia contiene el material absorbente del ruido para reducir el ruido de la cinta; el grosor depende de la cantidad de ruido emitido y de la reducci\u00f3n necesaria para el transportador. La cubierta exterior evita que se escape el ruido y protege el interior de la cinta de la lluvia, el viento y el sol. El sistema tambi\u00e9n proporciona una instalaci\u00f3n completamente segura frente a los riesgos y peligros asociados a las cintas transportadoras.<\/p><p><strong>Opciones<\/strong>. Este sistema puede modificarse para permitir un f\u00e1cil acceso a la cinta, as\u00ed como la posibilidad de cerrar completamente la parte inferior del transportador cuando se levanta del suelo.<\/p><p><strong>Adaptable<\/strong>: Para cualquier tama\u00f1o y tipo de transportador.<\/p><p><strong>Disponible en todos nuestros colores y materiales<\/strong>.<\/p>\t\t\t\t\t\t\t\t<\/div>\n\t\t\t\t<\/div>\n\t\t\t\t<div class=\"elementor-element elementor-element-3a7e01e elementor-widget elementor-widget-image\" data-id=\"3a7e01e\" data-element_type=\"widget\" data-e-type=\"widget\" data-widget_type=\"image.default\">\n\t\t\t\t<div class=\"elementor-widget-container\">\n\t\t\t\t\t\t\t\t\t\t\t\t<figure class=\"wp-caption\">\n\t\t\t\t\t\t\t\t\t\t\t<a href=\"https:\/\/www.capotex.com\/wp-content\/uploads\/2025\/02\/CAPONOISE_01-ENG.pdf\" target=\"_blank\">\n\t\t\t\t\t\t\t<img decoding=\"async\" width=\"644\" height=\"454\" src=\"https:\/\/www.capotex.com\/wp-content\/uploads\/2025\/02\/Caponoise.jpg\" class=\"attachment-full size-full wp-image-37044\" alt=\"\" srcset=\"https:\/\/www.capotex.com\/wp-content\/uploads\/2025\/02\/Caponoise.jpg 644w, https:\/\/www.capotex.com\/wp-content\/uploads\/2025\/02\/Caponoise-300x211.jpg 300w\" sizes=\"(max-width: 644px) 100vw, 644px\" \/>\t\t\t\t\t\t\t\t<\/a>\n\t\t\t\t\t\t\t\t\t\t\t<figcaption class=\"widget-image-caption wp-caption-text\">Descargar pdf<\/figcaption>\n\t\t\t\t\t\t\t\t\t\t<\/figure>\n\t\t\t\t\t\t\t\t\t<\/div>\n\t\t\t\t<\/div>\n\t\t\t\t\t<\/div>\n\t\t<\/div>\n\t\t\t\t\t<\/div>\n\t\t<\/section>\n\t\t\t\t<\/div>\n\t\t","protected":false},"excerpt":{"rendered":"<p>Reduce el ruido de la cinta: Cubierta de aislamiento ac\u00fastico. Reduce la contaminaci\u00f3n ac\u00fastica de la cinta transportadora. Especialmente adecuado para zonas pobladas y parques naturales. Los mejores materiales. La pared contiene miles de peque\u00f1os agujeros que dejan pasar las ondas sonoras, impidiendo que el ruido se amplifique por el efecto rebote. La capa intermedia [&hellip;]<\/p>\n","protected":false},"author":1,"featured_media":629,"parent":26433,"menu_order":30,"comment_status":"closed","ping_status":"closed","template":"","meta":{"_joinchat":[],"footnotes":""},"tags":[77],"class_list":["post-26342","page","type-page","status-publish","has-post-thumbnail","hentry","tag-modelos-especiales"],"_links":{"self":[{"href":"https:\/\/www.capotex.com\/es\/wp-json\/wp\/v2\/pages\/26342","targetHints":{"allow":["GET"]}}],"collection":[{"href":"https:\/\/www.capotex.com\/es\/wp-json\/wp\/v2\/pages"}],"about":[{"href":"https:\/\/www.capotex.com\/es\/wp-json\/wp\/v2\/types\/page"}],"author":[{"embeddable":true,"href":"https:\/\/www.capotex.com\/es\/wp-json\/wp\/v2\/users\/1"}],"replies":[{"embeddable":true,"href":"https:\/\/www.capotex.com\/es\/wp-json\/wp\/v2\/comments?post=26342"}],"version-history":[{"count":15,"href":"https:\/\/www.capotex.com\/es\/wp-json\/wp\/v2\/pages\/26342\/revisions"}],"predecessor-version":[{"id":37060,"href":"https:\/\/www.capotex.com\/es\/wp-json\/wp\/v2\/pages\/26342\/revisions\/37060"}],"up":[{"embeddable":true,"href":"https:\/\/www.capotex.com\/es\/wp-json\/wp\/v2\/pages\/26433"}],"wp:featuredmedia":[{"embeddable":true,"href":"https:\/\/www.capotex.com\/es\/wp-json\/wp\/v2\/media\/629"}],"wp:attachment":[{"href":"https:\/\/www.capotex.com\/es\/wp-json\/wp\/v2\/media?parent=26342"}],"wp:term":[{"taxonomy":"post_tag","embeddable":true,"href":"https:\/\/www.capotex.com\/es\/wp-json\/wp\/v2\/tags?post=26342"}],"curies":[{"name":"wp","href":"https:\/\/api.w.org\/{rel}","templated":true}]}}