{"id":26367,"date":"2023-05-17T09:37:41","date_gmt":"2023-05-17T08:37:41","guid":{"rendered":"https:\/\/capotex.com\/bisagra-estandar-c-2\/"},"modified":"2024-06-25T08:30:58","modified_gmt":"2024-06-25T07:30:58","slug":"c2","status":"publish","type":"page","link":"https:\/\/www.capotex.com\/es\/fijaciones-de-cubiertas-para-cintas-transportadoras\/c2\/","title":{"rendered":"Bisagra est\u00e1ndar C-2"},"content":{"rendered":"\t\t<div data-elementor-type=\"wp-page\" data-elementor-id=\"26367\" class=\"elementor elementor-26367 elementor-2042\" data-elementor-post-type=\"page\">\n\t\t\t\t<div class=\"elementor-element elementor-element-4b0a91b e-flex e-con-boxed e-con e-parent\" data-id=\"4b0a91b\" data-element_type=\"container\" data-e-type=\"container\">\n\t\t\t\t\t<div class=\"e-con-inner\">\n\t\t<div class=\"elementor-element elementor-element-e43a84b e-con-full e-flex e-con e-child\" data-id=\"e43a84b\" data-element_type=\"container\" data-e-type=\"container\">\n\t\t\t\t<div class=\"elementor-element elementor-element-7c0585a elementor-widget elementor-widget-image\" data-id=\"7c0585a\" data-element_type=\"widget\" data-e-type=\"widget\" data-widget_type=\"image.default\">\n\t\t\t\t<div class=\"elementor-widget-container\">\n\t\t\t\t\t\t\t\t\t\t\t\t\t\t\t<img fetchpriority=\"high\" decoding=\"async\" width=\"925\" height=\"521\" src=\"https:\/\/www.capotex.com\/wp-content\/uploads\/2024\/06\/Bisagra-estandar-de-Capotajes-para-bandas.webp\" class=\"attachment-full size-full wp-image-34542\" alt=\"Bisagra estandar de Capotajes para bandas\" srcset=\"https:\/\/www.capotex.com\/wp-content\/uploads\/2024\/06\/Bisagra-estandar-de-Capotajes-para-bandas.webp 925w, https:\/\/www.capotex.com\/wp-content\/uploads\/2024\/06\/Bisagra-estandar-de-Capotajes-para-bandas-300x169.webp 300w, https:\/\/www.capotex.com\/wp-content\/uploads\/2024\/06\/Bisagra-estandar-de-Capotajes-para-bandas-768x433.webp 768w\" sizes=\"(max-width: 925px) 100vw, 925px\" \/>\t\t\t\t\t\t\t\t\t\t\t\t\t\t\t<\/div>\n\t\t\t\t<\/div>\n\t\t\t\t<\/div>\n\t\t\t\t\t<\/div>\n\t\t\t\t<\/div>\n\t\t<div class=\"elementor-element elementor-element-9576261 e-flex e-con-boxed e-con e-parent\" data-id=\"9576261\" data-element_type=\"container\" data-e-type=\"container\">\n\t\t\t\t\t<div class=\"e-con-inner\">\n\t\t<div class=\"elementor-element elementor-element-101177f e-con-full e-flex e-con e-child\" data-id=\"101177f\" data-element_type=\"container\" data-e-type=\"container\">\n\t\t\t\t<div class=\"elementor-element elementor-element-41f1e18 elementor-widget elementor-widget-heading\" data-id=\"41f1e18\" data-element_type=\"widget\" data-e-type=\"widget\" data-widget_type=\"heading.default\">\n\t\t\t\t<div class=\"elementor-widget-container\">\n\t\t\t\t\t<h2 class=\"elementor-heading-title elementor-size-default\">Bisagra est\u00e1ndar de Capotajes para bandas - C-2<\/h2>\t\t\t\t<\/div>\n\t\t\t\t<\/div>\n\t\t\t\t<div class=\"elementor-element elementor-element-7fdb765 elementor-widget elementor-widget-text-editor\" data-id=\"7fdb765\" data-element_type=\"widget\" data-e-type=\"widget\" data-widget_type=\"text-editor.default\">\n\t\t\t\t<div class=\"elementor-widget-container\">\n\t\t\t\t\t\t\t\t\t<p><strong>Bisagra est\u00e1ndar C-2<\/strong>. Nuestra BISAGRA C-2 galvanizada preranurada puede fijarse a la estructura del transportador mediante dos tornillos autotaladrantes de alta calidad (suministrados). Estos tornillos perforar\u00e1n f\u00e1cilmente hasta 12 mm. (0,50 pulg.) en la estructura de acero.<\/p><p>Nuestro C-2 HINGE tambi\u00e9n se puede fijar con fijaciones accionadas por polvo, lo que reduce dr\u00e1sticamente el tiempo de instalaci\u00f3n. Tambi\u00e9n disponible en acero inoxidable.<\/p>\t\t\t\t\t\t\t\t<\/div>\n\t\t\t\t<\/div>\n\t\t\t\t<\/div>\n\t\t\t\t\t<\/div>\n\t\t\t\t<\/div>\n\t\t\t\t<\/div>\n\t\t","protected":false},"excerpt":{"rendered":"<p>Bisagra est\u00e1ndar de Capotajes para bandas &#8211; C-2 Bisagra est\u00e1ndar C-2. Nuestra BISAGRA C-2 galvanizada preranurada puede fijarse a la estructura del transportador mediante dos tornillos autotaladrantes de alta calidad (suministrados). Estos tornillos perforar\u00e1n f\u00e1cilmente hasta 12 mm. (0,50 pulg.) en la estructura de acero. Nuestro C-2 HINGE tambi\u00e9n se puede fijar con fijaciones accionadas [&hellip;]<\/p>\n","protected":false},"author":1,"featured_media":955,"parent":26478,"menu_order":20,"comment_status":"closed","ping_status":"closed","template":"","meta":{"_joinchat":[],"footnotes":""},"tags":[73],"class_list":["post-26367","page","type-page","status-publish","has-post-thumbnail","hentry","tag-fijaciones"],"_links":{"self":[{"href":"https:\/\/www.capotex.com\/es\/wp-json\/wp\/v2\/pages\/26367","targetHints":{"allow":["GET"]}}],"collection":[{"href":"https:\/\/www.capotex.com\/es\/wp-json\/wp\/v2\/pages"}],"about":[{"href":"https:\/\/www.capotex.com\/es\/wp-json\/wp\/v2\/types\/page"}],"author":[{"embeddable":true,"href":"https:\/\/www.capotex.com\/es\/wp-json\/wp\/v2\/users\/1"}],"replies":[{"embeddable":true,"href":"https:\/\/www.capotex.com\/es\/wp-json\/wp\/v2\/comments?post=26367"}],"version-history":[{"count":10,"href":"https:\/\/www.capotex.com\/es\/wp-json\/wp\/v2\/pages\/26367\/revisions"}],"predecessor-version":[{"id":34561,"href":"https:\/\/www.capotex.com\/es\/wp-json\/wp\/v2\/pages\/26367\/revisions\/34561"}],"up":[{"embeddable":true,"href":"https:\/\/www.capotex.com\/es\/wp-json\/wp\/v2\/pages\/26478"}],"wp:featuredmedia":[{"embeddable":true,"href":"https:\/\/www.capotex.com\/es\/wp-json\/wp\/v2\/media\/955"}],"wp:attachment":[{"href":"https:\/\/www.capotex.com\/es\/wp-json\/wp\/v2\/media?parent=26367"}],"wp:term":[{"taxonomy":"post_tag","embeddable":true,"href":"https:\/\/www.capotex.com\/es\/wp-json\/wp\/v2\/tags?post=26367"}],"curies":[{"name":"wp","href":"https:\/\/api.w.org\/{rel}","templated":true}]}}